{"id":4047,"date":"2025-04-01T10:04:57","date_gmt":"2025-04-01T10:04:57","guid":{"rendered":"https:\/\/vapestornado.com\/?post_type=product&#038;p=4047"},"modified":"2025-08-23T12:00:28","modified_gmt":"2025-08-23T12:00:28","slug":"aivono-fatpro-22000-puffs-shisha-hookah-digital-screen-wholesaledisposables-vape-pod-shop-on-line-copy","status":"publish","type":"product","link":"https:\/\/vapestornado.com\/lv\/product\/aivono-fatpro-22000-puffs-shisha-hookah-digital-screen-wholesaledisposables-vape-pod-shop-on-line-copy\/","title":{"rendered":", Shisha Hookah iztvaic\u0113t\u0101ji pied\u0101v\u0101 autentisku un apmierino\u0161u pieredzi gan person\u012bgai lieto\u0161anai, gan mazumtirdzniec\u012bbai."},"content":{"rendered":"<h1 data-pm-slice=\"1 1 []\">, Shisha Hookah iztvaic\u0113t\u0101ji pied\u0101v\u0101 autentisku un apmierino\u0161u pieredzi gan person\u012bgai lieto\u0161anai, gan mazumtirdzniec\u012bbai.<\/h1>\n<p class=\"\" data-start=\"1287\" data-end=\"1418\">T\u0101 <strong data-start=\"310\" data-end=\"362\">AIVONO Fatpro 22000 uzp\u016b\u0161u vienreiz\u0113j\u0101s lieto\u0161anas Shisha Vape<\/strong> ir paredz\u0113ts izplat\u012bt\u0101jiem un vape veikaliem, kas mekl\u0113 augst\u0101k\u0101s kvalit\u0101tes, ilgsto\u0161u ier\u012bci. Nodro\u0161ina l\u012bdz pat <strong data-start=\"470\" data-end=\"486\">22 000 uzp\u016btienu<\/strong> ar d\u0101snu <strong data-start=\"503\" data-end=\"529\">28 ml e-\u0161\u0137idruma ietilp\u012bbu<\/strong>, \u0161is hookah stila vape nodro\u0161ina ilgsto\u0161u lieto\u0161anu un past\u0101v\u012bgu apmierin\u0101t\u012bbu.<\/p>\n<p>Apr\u012bkots ar <strong data-start=\"629\" data-end=\"655\">digit\u0101lais displeja ekr\u0101ns<\/strong>, lietot\u0101ji var viegli re\u0101llaik\u0101 uzraudz\u012bt akumulatora darb\u012bbas laiku un e-\u0161\u0137idruma l\u012bmeni. The <strong data-start=\"733\" data-end=\"762\">0,6 \u03a9 sieta spoles tehnolo\u0123ijai<\/strong> uzlabo tvaika bl\u012bvumu un gar\u0161as bag\u0101t\u012bbu, savuk\u0101rt <strong data-start=\"817\" data-end=\"845\">C tipa uzl\u0101des ports<\/strong> garant\u0113 \u0101tru jaudas palielin\u0101\u0161anu.<\/p>\n<p>Pieejams <strong data-start=\"896\" data-end=\"919\">10 aizraujo\u0161\u0101s gar\u0161\u0101s<\/strong>, s\u0101kot no aug\u013cu mais\u012bjumiem l\u012bdz ledainiem un konfek\u0161u iedvesmotiem variantiem, AIVONO Fatpro 22K apmierina da\u017e\u0101das gaumes. Ar savu kombin\u0101ciju <strong data-start=\"1047\" data-end=\"1123\">lielu uzp\u016b\u0161u skaitu, uzticamu veiktsp\u0113ju un konkur\u0113tsp\u0113j\u012bgu vairumtirdzniec\u012bbas cenu<\/strong>, t\u0101 ir lab\u0101k\u0101 izv\u0113le mazumtirgot\u0101jiem, kas papla\u0161ina savu invent\u0101ru ar vairumtirdzniec\u012bbas vienreiz\u0113j\u0101s lieto\u0161anas vape.<\/p>\n<p data-start=\"666\" data-end=\"1235\"><strong style=\"font-size: 16px;\"><span style=\"color: #ff0000;\">Pievienojiet Amy WhatsApp, lai sa\u0146emtu t\u016bl\u012bt\u0113ju atbildi un atlai\u017eu cenu!<\/span><\/strong><\/p>\n<p><img fetchpriority=\"high\" decoding=\"async\" class=\"size-full wp-image-2932\" src=\"https:\/\/vapestornado.com\/wp-content\/uploads\/2024\/12\/Vape-Wholesale.jpg\" alt=\"Veipu Vairumtirdzniec\u012bba\" width=\"229\" height=\"300\" \/><\/p>\n<h3><a href=\"https:\/\/wa.me\/8617776015835\" target=\"_blank\" rel=\"noopener\"><span style=\"color: #ff0000;\"><strong>WhatsApp: +86 17776015835<\/strong><\/span><\/a><\/h3>\n<p>&nbsp;<\/p>\n<h2><strong>AIVONO Fatpro 22000 galven\u0101s produkta iez\u012bmes<\/strong><\/h2>\n<ul>\n<li><strong>22 000 dvesmu<\/strong>\u00a0\u2013 Viens no tirg\u016b visilg\u0101k kalpojo\u0161ajiem vienreizlietojamiem vape.<\/li>\n<li><strong>28 ml e-\u0161\u0137idruma tilpums<\/strong>\u00a0\u2013 Nav nepiecie\u0161ama atk\u0101rtota uzpilde, tikai t\u012bra tvaic\u0113\u0161anas baud\u012b\u0161ana.<\/li>\n<li><strong>600mAh atk\u0101rtoti uzl\u0101d\u0113jams akumulators<\/strong>\u00a0(T\u012bra kobalta serde) \u2013 efekt\u012bva jauda ilgsto\u0161ai lieto\u0161anai.<\/li>\n<li><strong>0.6\u03a9 t\u012bkla spole<\/strong>\u00a0\u2013 Uzlabo gar\u0161u un tvaiku veido\u0161anos izcil\u0101kai pieredzei.<\/li>\n<li><strong>Digit\u0101lais ekr\u0101ns<\/strong>\u00a0\u2013 \u0112rti seko l\u012bdzi akumulatora darb\u012bbas laikam un e-\u0161\u0137idruma l\u012bmenim.<\/li>\n<li><strong>C tipa \u0101tr\u0101 uzl\u0101de<\/strong>\u00a0\u2013 \u0100tra uzl\u0101de nep\u0101rtraukt\u0101m sesij\u0101m.<\/li>\n<li><strong>DTL (Direct-to-Lung) dizains<\/strong>\u00a0\u2013 Ide\u0101li piem\u0113rots dzi\u013c\u0101m, apmierino\u0161\u0101m ieelp\u0101m.<\/li>\n<li><strong>Vair\u0101kas nikot\u012bna opcijas (0%\/2%\/3%\/5%)<\/strong>\u00a0\u2013 Atbilst vis\u0101m v\u0113lm\u0113m.<\/li>\n<li><strong>Viegls<\/strong>\u00a0\u2013 Viegli p\u0101rn\u0113s\u0101jams jebkur.<\/li>\n<li><strong>Vairumtirdzniec\u012bba<\/strong>\u00a0\u2013 Pieejami lielapjoma pas\u016bt\u012bjumi (200 gabali kast\u0113).<\/li>\n<\/ul>\n<h2 class=\"product-title\"><strong>AIVONO Fatpro 22k Puff vienreiz lietojamo e-cigare\u0161u gar\u0161u saraksts<\/strong><\/h2>\n<article class=\"w-full text-token-text-primary focus-visible:outline-2 focus-visible:outline-offset-[-4px]\" dir=\"auto\" data-testid=\"conversation-turn-32\" data-scroll-anchor=\"false\">\n<div class=\"m-auto text-base py-[18px] px-6\">\n<div class=\"mx-auto flex flex-1 text-base gap-4 md:gap-5 lg:gap-6 md:max-w-3xl lg:max-w-[40rem] xl:max-w-[48rem]\">\n<div class=\"group\/conversation-turn relative flex w-full min-w-0 flex-col @xs\/thread:px-0 @sm\/thread:px-1.5 @md\/thread:px-4\">\n<div class=\"flex-col gap-1 md:gap-3\">\n<div class=\"flex max-w-full flex-col flex-grow\">\n<div class=\"min-h-8 text-message flex w-full flex-col items-end gap-2 whitespace-normal break-words text-start [.text-message+&amp;]:mt-5\" dir=\"auto\" data-message-author-role=\"user\" data-message-id=\"ffac41ca-1db4-431b-873a-32c4052956f1\">\n<div class=\"flex w-full flex-col gap-1 empty:hidden items-end rtl:items-start\">\n<div class=\"relative max-w-[var(--user-chat-width,70%)] rounded-3xl bg-token-message-surface px-5 py-2.5\">\n<div class=\"absolute bottom-0 right-full top-0 -mr-3.5 hidden pr-5 pt-2 [.group\/conversation-turn:hover_&amp;]:flex\">\n<div class=\"flex\">\n<article class=\"w-full text-token-text-primary focus-visible:outline-2 focus-visible:outline-offset-[-4px]\" dir=\"auto\" data-testid=\"conversation-turn-39\" data-scroll-anchor=\"true\">\n<div class=\"m-auto text-base py-[18px] px-6\">\n<div class=\"mx-auto flex flex-1 text-base gap-4 md:gap-5 lg:gap-6 md:max-w-3xl lg:max-w-[40rem] xl:max-w-[48rem]\">\n<div class=\"group\/conversation-turn relative flex w-full min-w-0 flex-col agent-turn @xs\/thread:px-0 @sm\/thread:px-1.5 @md\/thread:px-4\">\n<div class=\"flex-col gap-1 md:gap-3\">\n<div class=\"flex max-w-full flex-col flex-grow\">\n<div class=\"min-h-8 text-message flex w-full flex-col items-end gap-2 whitespace-normal break-words text-start [.text-message+&amp;]:mt-5\" dir=\"auto\" data-message-author-role=\"assistant\" data-message-id=\"55a23854-ec57-48dd-bd4f-6118f43d6241\" data-message-model-slug=\"gpt-4o\">\n<div class=\"flex w-full flex-col gap-1 empty:hidden first:pt-[3px]\">\n<div class=\"markdown prose w-full break-words dark:prose-invert light\">\n<p>Paceliet savu tvaic\u0113\u0161anas ce\u013cojumu ar\u00a0<strong>AIVONO Fatpro 22000 dvesmas<\/strong>\u00a0un t\u0101 izcilo ar rok\u0101m gatavoto gar\u0161u izlasi. Katrs variants ir prasm\u012bgi sajaukts, lai sniegtu at\u0161\u0137ir\u012bgu un apmierino\u0161u pieredzi, nodro\u0161inot, ka katrs dvesms ir tikpat neaizmirstams k\u0101 iepriek\u0161\u0113jais.<\/p>\n<p>1. Dv\u012b\u0146u \u0101bolu laime: ide\u0101ls duets no krauk\u0161\u0137\u012bgiem sarkanajiem un za\u013cajiem \u0101boliem, apvienojot dabisko saldumu ar atsvaidzino\u0161u sk\u0101bumu, lai ieg\u016btu atdz\u012bvino\u0161u tvaiku.<\/p>\n<p>2. V\u012bnogu sals: sul\u012bgas purpura v\u012bnogas satiekas ar uzmundrino\u0161u piparm\u0113tru v\u0113sumu, radot sare\u017e\u0123\u012btu mais\u012bjumu, kas ir gan aug\u013cains, gan atsvaidzino\u0161i v\u0113ss.<\/p>\n<p>3. Arktiskais arb\u016bzs: \u012apa\u0161i saldas arb\u016bza gar\u0161as pastiprina ledains mentola nobeigums, radot gal\u0113ju sl\u0101pes remdino\u0161u saj\u016btu.<\/p>\n<p>4. Sald\u0113to ogu sajaukums: Dinamisks zeme\u0146u, melle\u0146u un kaze\u0146u sajaukums, kas nosl\u0113dzas ar ledainu izelpu, lai ieg\u016btu perfekti sabalans\u0113tu aug\u013cu v\u0113sumu.<\/p>\n<p>5. Melle\u0146u burbulis: Rota\u013c\u012bgs klasisk\u0101s ko\u0161\u013c\u0101jam\u0101s gumijas atveidojums, kas piepild\u012bts ar autentisku melle\u0146u saldumu un gludu, ko\u0161\u013c\u0101jamu nobeigumu.<\/p>\n<p>6. Rub\u012bna ogu sapl\u016bsme: Sul\u012bgi \u0137ir\u0161i savijas ar pikant\u0101m aven\u0113m, radot dinamisku gar\u0161u profilu, kas ir gan drosm\u012bgs, gan neatvair\u0101mi sul\u012bgs.<\/p>\n<p>7. Ledains persiku parad\u012bze: Nobriedu\u0161us, saules sk\u016bpst\u012btus persikus akcent\u0113 sals mentola v\u0113sma, padarot \u0161o par tropisku aizb\u0113g\u0161anu visa gada garum\u0101.<\/p>\n<p>8. Enigmas eliks\u012brs: Nosl\u0113pumains un vilino\u0161s eksotisku aug\u013cu mais\u012bjums ar smalk\u0101m ziedu nokr\u0101s\u0101m, kas rad\u012bts, lai intri\u0123\u0113tu un iepriecin\u0101tu saj\u016btas.<\/p>\n<p>9. Sap\u0146u ainava: Kr\u0113m\u012bgs, sl\u0101\u0146ains tropisko aug\u013cu un ogu notu mais\u012bjums, kas pied\u0101v\u0101 gludu un sap\u0146ainu tvaic\u0113\u0161anas pieredzi.<\/p>\n<p>10. Zeme\u0146u \u0161\u013cakatas: Pild\u012bts ar dabisko, tikko nopl\u016bktu zeme\u0146u saldumu, \u0161\u012b gar\u0161a sniedz spilgtu, sul\u012bgu triecienu ar katru ieelpu.<\/p>\n<figure id=\"attachment_4020\" aria-describedby=\"caption-attachment-4020\" style=\"width: 800px\" class=\"wp-caption alignnone\"><img decoding=\"async\" class=\"wp-image-4020 size-full\" src=\"https:\/\/vapestornado.com\/wp-content\/uploads\/2025\/03\/AIVONO-22000-Disposable-Puff-Bar.webp\" alt=\"AIVONO 22000 vienreiz lietojam\u0101 uzp\u016b\u0161anas stie\u0146a\" width=\"800\" height=\"800\" srcset=\"https:\/\/vapestornado.com\/wp-content\/uploads\/2025\/03\/AIVONO-22000-Disposable-Puff-Bar.webp 800w, https:\/\/vapestornado.com\/wp-content\/uploads\/2025\/03\/AIVONO-22000-Disposable-Puff-Bar-300x300.webp 300w, https:\/\/vapestornado.com\/wp-content\/uploads\/2025\/03\/AIVONO-22000-Disposable-Puff-Bar-150x150.webp 150w, https:\/\/vapestornado.com\/wp-content\/uploads\/2025\/03\/AIVONO-22000-Disposable-Puff-Bar-768x768.webp 768w, https:\/\/vapestornado.com\/wp-content\/uploads\/2025\/03\/AIVONO-22000-Disposable-Puff-Bar-600x600.webp 600w, https:\/\/vapestornado.com\/wp-content\/uploads\/2025\/03\/AIVONO-22000-Disposable-Puff-Bar-100x100.webp 100w\" sizes=\"(max-width: 800px) 100vw, 800px\" \/><figcaption id=\"caption-attachment-4020\" class=\"wp-caption-text\">AIVONO 22000 vienreiz lietojam\u0101 uzp\u016b\u0161anas stie\u0146a<\/figcaption><\/figure>\n<p>&nbsp;<\/p>\n<\/div>\n<\/div>\n<\/div>\n<\/div>\n<\/div>\n<\/div>\n<\/div>\n<\/div>\n<\/article>\n<\/div>\n<\/div>\n<\/div>\n<\/div>\n<\/div>\n<\/div>\n<\/div>\n<\/div>\n<\/div>\n<\/div>\n<\/article>\n<h2>K\u0101p\u0113c izv\u0113l\u0113ties Vapestornado, lai ieg\u0101d\u0101tos AIVONO Fatpro 22000Puff?<\/h2>\n<div class=\"flex-shrink-0 flex flex-col relative items-end\">\n<div class=\"pt-0\">\n<div class=\"gizmo-bot-avatar flex h-8 w-8 items-center justify-center overflow-hidden rounded-full\">\n<div class=\"relative p-1 rounded-sm flex items-center justify-center bg-token-main-surface-primary text-token-text-primary h-8 w-8\">\n<p>At\u00a0<strong>VapeTornado<\/strong>, m\u0113s lepojamies ar to, ka pied\u0101v\u0101jam\u00a0<strong>augst\u0101k\u0101s kvalit\u0101tes tvaic\u0113\u0161anas produktus par nep\u0101rsp\u0113jam\u0101m cen\u0101m<\/strong>\u2014un AIVONO Fatpro 22000 nav iz\u0146\u0113mums! L\u016bk, k\u0101p\u0113c jums vajadz\u0113tu ieg\u0101d\u0101ties no mums:<\/p>\n<p><strong>Lab\u0101k\u0101s vairumtirdzniec\u012bbas cenas<\/strong>\u00a0\u2013 M\u0113s pied\u0101v\u0101jam\u00a0<strong>konkur\u0113tsp\u0113j\u012bgas vairumtirdzniec\u012bbas cenas<\/strong><span style=\"font-size: 16px;\">, padarot m\u016bs par lab\u0101ko izv\u0113li t\u0101l\u0101kp\u0101rdev\u0113jiem un vape veikaliem.<\/span><\/p>\n<p><strong>\u0100tri<\/strong>\u00a0\u2013 Sa\u0146emiet pas\u016bt\u012bjumu pieg\u0101d\u0101tu\u00a0<strong>\u0101tri un dro\u0161i<\/strong>, ar pieg\u0101des iesp\u0113j\u0101m vis\u0101 pasaul\u0113.<br \/>\n<strong>100% Autentiski produkti<\/strong>\u00a0\u2013 Nav viltotu izstr\u0101d\u0101jumu\u2014tikai\u00a0<strong>ori\u0123in\u0101lie WASPE Triple vienreiz\u0113jie lieto\u0161anas piederumi<\/strong>\u00a0ar p\u0101rbaud\u012btu kvalit\u0101ti.<br \/>\n<strong>Lielisks klientu atbalsts<\/strong>\u00a0\u2013 Vai jums ir jaut\u0101jumi? M\u016bsu\u00a0<strong>vape eksperti<\/strong> ir gatavi jums pal\u012bdz\u0113t 24\/7.<\/p>\n<p data-start=\"559\" data-end=\"933\" data-is-last-node=\"\" data-is-only-node=\"\">Mums ir ar\u012b citi popul\u0101ri veipi ar ekr\u0101nu, piem\u0113ram <a href=\"https:\/\/vapestornado.com\/lv\/product\/vapme-goat-40000-puff-40k-hookah-shisha-pen-price-wholesale-e-cigarette\/\">Vapme Goat 40000 \u0160e\u0161kr\u0113js<\/a>, <a href=\"https:\/\/vapestornado.com\/lv\/product\/2025-new-vopk-ultra-40000-puffs-double-flavor-disposable-vape-factory-suppliers\/\">VOPK 40000 2 vien\u0101 vienreiz\u0113j\u0101s lieto\u0161anas vape<\/a>, <a href=\"https:\/\/vapestornado.com\/lv\/product\/bang-beach-22000-20k-puff-disposable-vape-pen-with-screen-reddit-hot\/\">Bang pludmale 22000<\/a>, un citi.<\/p>\n<\/div>\n<div class=\"relative p-1 rounded-sm flex items-center justify-center bg-token-main-surface-primary text-token-text-primary h-8 w-8\">\n<h2>BUJ<\/h2>\n<p><strong>1. Cik ilgi darbojas AIVONO Fatpro 22000?<\/strong><\/p>\n<p>Ar\u00a0<strong>22 000 uzp\u016btienu<\/strong>, \u0161\u012b ier\u012bce darbojas iev\u0113rojami ilg\u0101k nek\u0101 standarta vienreiz\u0113j\u0101s lieto\u0161anas ier\u012bces. Atkar\u012bb\u0101 no lieto\u0161anas, t\u0101 var kalpot m\u0113reniem veipot\u0101jiem ned\u0113\u013c\u0101m vai pat m\u0113ne\u0161iem.<\/p>\n<p><strong>2. Vai AIVONO Fatpro ir uzl\u0101d\u0113jams?<\/strong><\/p>\n<p>J\u0101! Tam ir\u00a0<strong>C tipa uzl\u0101des ports<\/strong>\u00a0un\u00a0<strong>600mAh akumulators<\/strong>, \u013caujot jums piln\u012bb\u0101 izmantot\u00a0<strong>28 ml e-\u0161\u0137idruma ietilp\u012bba<\/strong>\u00a0neizl\u0101d\u0113joties.<\/p>\n<p><strong>3. K\u0101di nikot\u012bna stiprumi ir pieejami?<\/strong><\/p>\n<p>AIVONO Fatpro pied\u0101v\u0101\u00a0<strong>0% (bez nikot\u012bna), 2%, 3% un 5% nikot\u012bna s\u0101ls<\/strong>\u00a0opcijas, kas piem\u0113rotas visu veidu veipot\u0101jiem.<\/p>\n<p><strong>4. Vai tas atbalsta dzi\u013cus (DTL) ieelpas?<\/strong><\/p>\n<p>J\u0101! T\u0101\u00a0<strong>0,6 \u03a9 acs spole<\/strong>\u00a0un\u00a0<strong>DTL dizains<\/strong>\u00a0padara to ide\u0101lu tie\u0161iem ieelp\u0101m plau\u0161\u0101s, radot\u00a0<strong>maigus, arom\u0101tiskus m\u0101ko\u0146us<\/strong>.<\/p>\n<\/div>\n<\/div>\n<\/div>\n<\/div>","protected":false},"excerpt":{"rendered":"<p class=\"LC20lb MBeuO DKV0Md\">T\u0101 <strong data-start=\"1217\" data-end=\"1250\">AIVONO Fatpro 22K \u0160e\u0161kr\u0113js Vape<\/strong> pied\u0101v\u0101 22 000 uzp\u016b\u0161u, digit\u0101lo displeju un sieti\u0146a spoles tehnolo\u0123iju. Lieliska izv\u0113le <strong data-start=\"1334\" data-end=\"1359\">vairumtirdzniec\u012bbas pas\u016bt\u012bjumiem<\/strong>.<\/p>\n<p><strong>Pievienojiet Eimijas WhatsApp, lai sa\u0146emtu prec\u012bzu atbildi un atlaidi!<\/strong><\/p>\n<p><img fetchpriority=\"high\" decoding=\"async\" class=\"size-full wp-image-2932\" src=\"https:\/\/vapestornado.com\/wp-content\/uploads\/2024\/12\/Vape-Wholesale.jpg\" alt=\"Veipu Vairumtirdzniec\u012bba\" width=\"229\" height=\"300\" \/><\/p>\n<h3><a href=\"https:\/\/wa.me\/8617776015835\"><span style=\"color: #ff0000;\"><strong>WhatsApp: +86 17776015835<\/strong><\/span><\/a><\/h3>\n<p>&nbsp;<\/p>","protected":false},"featured_media":4026,"comment_status":"open","ping_status":"closed","template":"","meta":{"_acf_changed":false,"_uag_custom_page_level_css":"","_lmt_disableupdate":"no","_lmt_disable":"","_monsterinsights_skip_tracking":false,"_monsterinsights_sitenote_active":false,"_monsterinsights_sitenote_note":"","_monsterinsights_sitenote_category":0,"site-sidebar-layout":"default","site-content-layout":"","ast-site-content-layout":"default","site-content-style":"default","site-sidebar-style":"default","ast-global-header-display":"","ast-banner-title-visibility":"","ast-main-header-display":"","ast-hfb-above-header-display":"","ast-hfb-below-header-display":"","ast-hfb-mobile-header-display":"","site-post-title":"","ast-breadcrumbs-content":"","ast-featured-img":"","footer-sml-layout":"","ast-disable-related-posts":"","theme-transparent-header-meta":"default","adv-header-id-meta":"","stick-header-meta":"","header-above-stick-meta":"","header-main-stick-meta":"","header-below-stick-meta":"","astra-migrate-meta-layouts":"set","ast-page-background-enabled":"default","ast-page-background-meta":{"desktop":{"background-color":"","background-image":"","background-repeat":"repeat","background-position":"center center","background-size":"auto","background-attachment":"scroll","background-type":"","background-media":"","overlay-type":"","overlay-color":"","overlay-opacity":"","overlay-gradient":""},"tablet":{"background-color":"","background-image":"","background-repeat":"repeat","background-position":"center center","background-size":"auto","background-attachment":"scroll","background-type":"","background-media":"","overlay-type":"","overlay-color":"","overlay-opacity":"","overlay-gradient":""},"mobile":{"background-color":"","background-image":"","background-repeat":"repeat","background-position":"center center","background-size":"auto","background-attachment":"scroll","background-type":"","background-media":"","overlay-type":"","overlay-color":"","overlay-opacity":"","overlay-gradient":""}},"ast-content-background-meta":{"desktop":{"background-color":"var(--ast-global-color-5)","background-image":"","background-repeat":"repeat","background-position":"center center","background-size":"auto","background-attachment":"scroll","background-type":"","background-media":"","overlay-type":"","overlay-color":"","overlay-opacity":"","overlay-gradient":""},"tablet":{"background-color":"var(--ast-global-color-5)","background-image":"","background-repeat":"repeat","background-position":"center center","background-size":"auto","background-attachment":"scroll","background-type":"","background-media":"","overlay-type":"","overlay-color":"","overlay-opacity":"","overlay-gradient":""},"mobile":{"background-color":"var(--ast-global-color-5)","background-image":"","background-repeat":"repeat","background-position":"center center","background-size":"auto","background-attachment":"scroll","background-type":"","background-media":"","overlay-type":"","overlay-color":"","overlay-opacity":"","overlay-gradient":""}},"_joinchat":{"telephone":"17776015835"}},"product_brand":[],"product_cat":[176,154,147],"product_tag":[308,105,284,296,94],"class_list":{"0":"post-4047","1":"product","2":"type-product","3":"status-publish","4":"has-post-thumbnail","6":"product_cat-aivono-vape","7":"product_cat-buy-disposable-vapes-in-netherlands","8":"product_cat-shisha-hookah-disposable-vapes","9":"product_tag-aivono-fatpro-22000","10":"product_tag-digital-disposable-vape","11":"product_tag-disposable-shisha","12":"product_tag-puff-bar","13":"product_tag-rechargeable-disposable-vape","14":"desktop-align-left","15":"tablet-align-left","16":"mobile-align-left","18":"first","19":"instock","20":"sale","21":"shipping-taxable","22":"purchasable","23":"product-type-simple"},"acf":[],"uagb_featured_image_src":{"full":["https:\/\/vapestornado.com\/wp-content\/uploads\/2025\/03\/Wholesale-Vape-Original-Ainovo-Aim-Fatpro-22000-Puffs.webp",800,800,false],"thumbnail":["https:\/\/vapestornado.com\/wp-content\/uploads\/2025\/03\/Wholesale-Vape-Original-Ainovo-Aim-Fatpro-22000-Puffs-150x150.webp",150,150,true],"medium":["https:\/\/vapestornado.com\/wp-content\/uploads\/2025\/03\/Wholesale-Vape-Original-Ainovo-Aim-Fatpro-22000-Puffs-300x300.webp",300,300,true],"medium_large":["https:\/\/vapestornado.com\/wp-content\/uploads\/2025\/03\/Wholesale-Vape-Original-Ainovo-Aim-Fatpro-22000-Puffs-768x768.webp",768,768,true],"large":["https:\/\/vapestornado.com\/wp-content\/uploads\/2025\/03\/Wholesale-Vape-Original-Ainovo-Aim-Fatpro-22000-Puffs.webp",800,800,false],"1536x1536":["https:\/\/vapestornado.com\/wp-content\/uploads\/2025\/03\/Wholesale-Vape-Original-Ainovo-Aim-Fatpro-22000-Puffs.webp",800,800,false],"2048x2048":["https:\/\/vapestornado.com\/wp-content\/uploads\/2025\/03\/Wholesale-Vape-Original-Ainovo-Aim-Fatpro-22000-Puffs.webp",800,800,false],"trp-custom-language-flag":["https:\/\/vapestornado.com\/wp-content\/uploads\/2025\/03\/Wholesale-Vape-Original-Ainovo-Aim-Fatpro-22000-Puffs.webp",12,12,false],"woocommerce_thumbnail":["https:\/\/vapestornado.com\/wp-content\/uploads\/2025\/03\/Wholesale-Vape-Original-Ainovo-Aim-Fatpro-22000-Puffs-300x300.webp",300,300,true],"woocommerce_single":["https:\/\/vapestornado.com\/wp-content\/uploads\/2025\/03\/Wholesale-Vape-Original-Ainovo-Aim-Fatpro-22000-Puffs-600x600.webp",600,600,true],"woocommerce_gallery_thumbnail":["https:\/\/vapestornado.com\/wp-content\/uploads\/2025\/03\/Wholesale-Vape-Original-Ainovo-Aim-Fatpro-22000-Puffs-100x100.webp",100,100,true]},"uagb_author_info":{"display_name":"ESAMY","author_link":"https:\/\/vapestornado.com\/lv\/author\/"},"uagb_comment_info":0,"uagb_excerpt":"The AIVONO Fatpro 22K Shisha Vape offers 22,000 puffs, digital display, and mesh coil technology. A great choice for bulk wholesale orders. Add Amy's whatsapp to get right reply and discount price! WhatsApp: +86 17776015835 &nbsp;","_links":{"self":[{"href":"https:\/\/vapestornado.com\/lv\/wp-json\/wp\/v2\/product\/4047","targetHints":{"allow":["GET"]}}],"collection":[{"href":"https:\/\/vapestornado.com\/lv\/wp-json\/wp\/v2\/product"}],"about":[{"href":"https:\/\/vapestornado.com\/lv\/wp-json\/wp\/v2\/types\/product"}],"replies":[{"embeddable":true,"href":"https:\/\/vapestornado.com\/lv\/wp-json\/wp\/v2\/comments?post=4047"}],"wp:featuredmedia":[{"embeddable":true,"href":"https:\/\/vapestornado.com\/lv\/wp-json\/wp\/v2\/media\/4026"}],"wp:attachment":[{"href":"https:\/\/vapestornado.com\/lv\/wp-json\/wp\/v2\/media?parent=4047"}],"wp:term":[{"taxonomy":"product_brand","embeddable":true,"href":"https:\/\/vapestornado.com\/lv\/wp-json\/wp\/v2\/product_brand?post=4047"},{"taxonomy":"product_cat","embeddable":true,"href":"https:\/\/vapestornado.com\/lv\/wp-json\/wp\/v2\/product_cat?post=4047"},{"taxonomy":"product_tag","embeddable":true,"href":"https:\/\/vapestornado.com\/lv\/wp-json\/wp\/v2\/product_tag?post=4047"}],"curies":[{"name":"wp","href":"https:\/\/api.w.org\/{rel}","templated":true}]}}