{"id":4043,"date":"2025-03-29T08:48:24","date_gmt":"2025-03-29T08:48:24","guid":{"rendered":"https:\/\/vapestornado.com\/?post_type=product&#038;p=4043"},"modified":"2025-08-23T12:28:58","modified_gmt":"2025-08-23T12:28:58","slug":"bang-32000-puff-vape-box-mod-with-digital-screen-cheap-pricedisposable-vape-kit-best-price-copy","status":"publish","type":"product","link":"https:\/\/vapestornado.com\/lv\/product\/bang-32000-puff-vape-box-mod-with-digital-screen-cheap-pricedisposable-vape-kit-best-price-copy\/","title":{"rendered":"Bang 32000 Dvesmu Tvaic\u0113t\u0101ja Kaste ar Digit\u0101lo Ekr\u0101nu L\u0113ta Cena"},"content":{"rendered":"<h1 data-pm-slice=\"1 1 []\">Bang 32000 Dvesmu Tvaic\u0113t\u0101ja Kaste ar Digit\u0101lo Ekr\u0101nu L\u0113ta Cena<\/h1>\n<p class=\"\" data-start=\"673\" data-end=\"1205\">T\u0101 <strong data-start=\"88\" data-end=\"124\">Bang 32000 Puffs vienreiz\u0113j\u0101s lieto\u0161anas vape<\/strong> no jauna defin\u0113 tvaic\u0113\u0161anas pieredzi ar savu milz\u012bgo dvesmu ietilp\u012bbu, viedo digit\u0101lo ekr\u0101nu un piel\u0101gojamiem iestat\u012bjumiem. \u0160\u012b ier\u012bce, kas paredz\u0113ta gan ikdienas, gan pieredz\u0113ju\u0161iem tvaic\u0113t\u0101jiem, pied\u0101v\u0101 izcilu veiktsp\u0113jas, ilgm\u016b\u017e\u012bbas un \u0113rt\u012bbas kombin\u0101ciju.<\/p>\n<p data-start=\"673\" data-end=\"1205\"><strong>K\u0101p\u0113c Bang 32000 k\u013c\u016bst par popul\u0101ru digit\u0101l\u0101 ekr\u0101na vape?<\/strong><\/p>\n<p class=\"\" data-start=\"405\" data-end=\"607\"><strong data-start=\"407\" data-end=\"437\">Izv\u0113les nikot\u012bna l\u012bme\u0146i<\/strong> \u2013 Izv\u0113lieties no 0%, 2%, 3% vai 5% nikot\u012bna stipruma, lai tas atbilstu j\u016bsu v\u0113lm\u0113m. Neatkar\u012bgi no t\u0101, vai jums pat\u012bk beznikot\u012bna vape vai stipr\u0101ks dvesma, \u0161\u012b ier\u012bce atbilst j\u016bsu vajadz\u012bb\u0101m.<\/p>\n<p class=\"\" data-start=\"609\" data-end=\"755\"><strong data-start=\"611\" data-end=\"635\">32 000 dvesmu ietilp\u012bba<\/strong> \u2013 Sp\u0113les main\u012bt\u0101js vienreiz\u0113j\u0101s lieto\u0161anas vape tirg\u016b, nodro\u0161inot ilgsto\u0161u lieto\u0161anu bez bie\u017eas nomai\u0146as.<\/p>\n<p class=\"\" data-start=\"757\" data-end=\"883\"><strong data-start=\"759\" data-end=\"787\">Liela 32 ml e-\u0161\u0137idruma tvertne<\/strong> \u2013 Nodro\u0161ina pagarin\u0101tas tvaic\u0113\u0161anas sesijas ar bag\u0101t\u012bg\u0101m, drosm\u012bg\u0101m gar\u0161\u0101m, samazinot nepiecie\u0161am\u012bbu p\u0113c uzpild\u012b\u0161anas.<\/p>\n<p class=\"\" data-start=\"885\" data-end=\"1019\"><strong data-start=\"887\" data-end=\"919\">Uzlabota 0,5 \u03a9 divu sietu spole<\/strong> \u2013 Uzlabo tvaiku ra\u017eo\u0161anu un gar\u0161as konsistenci, nodro\u0161inot vienm\u0113r\u012bgu un apmierino\u0161u pieredzi.<\/p>\n<p class=\"\" data-start=\"1021\" data-end=\"1143\"><strong data-start=\"1023\" data-end=\"1047\">Viedais digit\u0101lais ekr\u0101ns<\/strong> \u2013 Esiet inform\u0113ts ar re\u0101llaika akumulatora un e-\u0161\u0137idruma l\u012bme\u0146a atjaunin\u0101jumiem, nov\u0113r\u0161ot min\u0113jumus.<\/p>\n<p class=\"\" data-start=\"1145\" data-end=\"1285\"><strong data-start=\"1147\" data-end=\"1204\">650 mAh uzl\u0101d\u0113jams akumulators ar C tipa \u0101tru uzl\u0101di<\/strong> \u2013 Nodro\u0161ina tvaic\u0113\u0161anu visas dienas garum\u0101 ar \u0101tru uzl\u0101des iesp\u0113ju papildu \u0113rt\u012bbai.<\/p>\n<p class=\"\" data-start=\"1287\" data-end=\"1418\"><strong data-start=\"1289\" data-end=\"1318\">Regul\u0113jami jaudas iestat\u012bjumi<\/strong> \u2013 Piel\u0101gojiet savu tvaic\u0113\u0161anas pieredzi ar main\u012bgu jaudas izvadi, kas dod jums kontroli p\u0101r katru dvesmu.<\/p>\n<p data-start=\"666\" data-end=\"1235\"><strong style=\"font-size: 16px;\"><span style=\"color: #ff0000;\">Pievienojiet Amy WhatsApp, lai sa\u0146emtu t\u016bl\u012bt\u0113ju atbildi un atlai\u017eu cenu!<\/span><\/strong><\/p>\n<p><img fetchpriority=\"high\" decoding=\"async\" class=\"size-full wp-image-2932\" src=\"https:\/\/vapestornado.com\/wp-content\/uploads\/2024\/12\/Vape-Wholesale.jpg\" alt=\"Veipu Vairumtirdzniec\u012bba\" width=\"229\" height=\"300\" \/><\/p>\n<h3><a href=\"https:\/\/wa.me\/8617776015835\" target=\"_blank\" rel=\"noopener\"><span style=\"color: #ff0000;\"><strong>WhatsApp: +86 17776015835<\/strong><\/span><\/a><\/h3>\n<p>&nbsp;<\/p>\n<h2><strong>Bang 32000 Puffs Galven\u0101s produkta iez\u012bmes<\/strong><\/h2>\n<p>Z\u012bmols: Bang Vape<br \/>\nDvesmas: 32000 Dvesmas<br \/>\nE-\u0161\u0137idrums: 32 ml<br \/>\nAkumulators: 650 mAh uzl\u0101d\u0113jams akumulators<br \/>\nRegul\u0113jama jauda<br \/>\nDigit\u0101lais displejs e\u013c\u013cai un akumulatoram<\/p>\n<h2 class=\"product-title\"><strong>Bang 32000 32k Dvesmu vienreiz\u0113j\u0101s lieto\u0161anas Pod gar\u0161u saraksts<\/strong><\/h2>\n<article class=\"w-full text-token-text-primary focus-visible:outline-2 focus-visible:outline-offset-[-4px]\" dir=\"auto\" data-testid=\"conversation-turn-32\" data-scroll-anchor=\"false\">\n<div class=\"m-auto text-base py-[18px] px-6\">\n<div class=\"mx-auto flex flex-1 text-base gap-4 md:gap-5 lg:gap-6 md:max-w-3xl lg:max-w-[40rem] xl:max-w-[48rem]\">\n<div class=\"group\/conversation-turn relative flex w-full min-w-0 flex-col @xs\/thread:px-0 @sm\/thread:px-1.5 @md\/thread:px-4\">\n<div class=\"flex-col gap-1 md:gap-3\">\n<div class=\"flex max-w-full flex-col flex-grow\">\n<div class=\"min-h-8 text-message flex w-full flex-col items-end gap-2 whitespace-normal break-words text-start [.text-message+&amp;]:mt-5\" dir=\"auto\" data-message-author-role=\"user\" data-message-id=\"ffac41ca-1db4-431b-873a-32c4052956f1\">\n<div class=\"flex w-full flex-col gap-1 empty:hidden items-end rtl:items-start\">\n<div class=\"relative max-w-[var(--user-chat-width,70%)] rounded-3xl bg-token-message-surface px-5 py-2.5\">\n<div class=\"absolute bottom-0 right-full top-0 -mr-3.5 hidden pr-5 pt-2 [.group\/conversation-turn:hover_&amp;]:flex\">\n<div class=\"flex\">\n<article class=\"w-full text-token-text-primary focus-visible:outline-2 focus-visible:outline-offset-[-4px]\" dir=\"auto\" data-testid=\"conversation-turn-39\" data-scroll-anchor=\"true\">\n<div class=\"m-auto text-base py-[18px] px-6\">\n<div class=\"mx-auto flex flex-1 text-base gap-4 md:gap-5 lg:gap-6 md:max-w-3xl lg:max-w-[40rem] xl:max-w-[48rem]\">\n<div class=\"group\/conversation-turn relative flex w-full min-w-0 flex-col agent-turn @xs\/thread:px-0 @sm\/thread:px-1.5 @md\/thread:px-4\">\n<div class=\"flex-col gap-1 md:gap-3\">\n<div class=\"flex max-w-full flex-col flex-grow\">\n<div class=\"min-h-8 text-message flex w-full flex-col items-end gap-2 whitespace-normal break-words text-start [.text-message+&amp;]:mt-5\" dir=\"auto\" data-message-author-role=\"assistant\" data-message-id=\"55a23854-ec57-48dd-bd4f-6118f43d6241\" data-message-model-slug=\"gpt-4o\">\n<div class=\"flex w-full flex-col gap-1 empty:hidden first:pt-[3px]\">\n<div class=\"markdown prose w-full break-words dark:prose-invert light\">\n<p>1.Melle\u0146u ave\u0146u<br \/>\n2.Arb\u016bzu \u0136irsis<br \/>\n3.Melle\u0146u Ledus<br \/>\n4. Arb\u016bzu ledus<br \/>\n5. Zeme\u0146u arb\u016bzu<br \/>\n6. Zeme\u0146u kivi<br \/>\n7. Red Bull<br \/>\n8.Arb\u016bzu ko\u0161\u013c\u0101jam\u0101 gumija<br \/>\n9.V\u012bnogu Ledus<br \/>\n10.Persiku Mango<br \/>\n11.Persiku Ledus<br \/>\n12.Jaukti aug\u013ci<\/p>\n<figure id=\"attachment_4042\" aria-describedby=\"caption-attachment-4042\" style=\"width: 800px\" class=\"wp-caption alignnone\"><img decoding=\"async\" class=\"wp-image-4042 size-full\" src=\"https:\/\/vapestornado.com\/wp-content\/uploads\/2025\/03\/Bang-King-32000-Puffs-Disposable-Vape.webp\" alt=\"Bang King 32000 dvesmu vienreiz\u0113j\u0101s lieto\u0161anas Vape\" width=\"800\" height=\"800\" srcset=\"https:\/\/vapestornado.com\/wp-content\/uploads\/2025\/03\/Bang-King-32000-Puffs-Disposable-Vape.webp 800w, https:\/\/vapestornado.com\/wp-content\/uploads\/2025\/03\/Bang-King-32000-Puffs-Disposable-Vape-300x300.webp 300w, https:\/\/vapestornado.com\/wp-content\/uploads\/2025\/03\/Bang-King-32000-Puffs-Disposable-Vape-150x150.webp 150w, https:\/\/vapestornado.com\/wp-content\/uploads\/2025\/03\/Bang-King-32000-Puffs-Disposable-Vape-768x768.webp 768w, https:\/\/vapestornado.com\/wp-content\/uploads\/2025\/03\/Bang-King-32000-Puffs-Disposable-Vape-600x600.webp 600w, https:\/\/vapestornado.com\/wp-content\/uploads\/2025\/03\/Bang-King-32000-Puffs-Disposable-Vape-100x100.webp 100w\" sizes=\"(max-width: 800px) 100vw, 800px\" \/><figcaption id=\"caption-attachment-4042\" class=\"wp-caption-text\">Bang King 32000 dvesmu vienreiz\u0113j\u0101s lieto\u0161anas Vape<\/figcaption><\/figure>\n<\/div>\n<\/div>\n<\/div>\n<\/div>\n<\/div>\n<\/div>\n<\/div>\n<\/div>\n<\/article>\n<\/div>\n<\/div>\n<\/div>\n<\/div>\n<\/div>\n<\/div>\n<\/div>\n<\/div>\n<\/div>\n<\/div>\n<\/article>\n<h2>K\u0101p\u0113c izv\u0113l\u0113ties Vapestornado, lai ieg\u0101d\u0101tos Bang 32k Dvesmas?<\/h2>\n<div class=\"flex-shrink-0 flex flex-col relative items-end\">\n<div class=\"pt-0\">\n<div class=\"gizmo-bot-avatar flex h-8 w-8 items-center justify-center overflow-hidden rounded-full\">\n<div class=\"relative p-1 rounded-sm flex items-center justify-center bg-token-main-surface-primary text-token-text-primary h-8 w-8\">\n<p>At\u00a0<strong>VapeTornado<\/strong>, m\u0113s lepojamies ar to, ka pied\u0101v\u0101jam\u00a0<strong>augst\u0101k\u0101s kvalit\u0101tes tvaic\u0113\u0161anas produktus par nep\u0101rsp\u0113jam\u0101m cen\u0101m<\/strong>\u2014un Bang Vape 32000 dvesmu nav iz\u0146\u0113mums! L\u016bk, k\u0101p\u0113c jums vajadz\u0113tu ieg\u0101d\u0101ties no mums:<\/p>\n<p><strong>Lab\u0101k\u0101s vairumtirdzniec\u012bbas cenas<\/strong>\u00a0\u2013 M\u0113s pied\u0101v\u0101jam\u00a0<strong>konkur\u0113tsp\u0113j\u012bgas vairumtirdzniec\u012bbas cenas<\/strong><span style=\"font-size: 16px;\">, padarot m\u016bs par lab\u0101ko izv\u0113li t\u0101l\u0101kp\u0101rdev\u0113jiem un vape veikaliem.<\/span><\/p>\n<p><strong>\u0100tri<\/strong>\u00a0\u2013 Sa\u0146emiet pas\u016bt\u012bjumu pieg\u0101d\u0101tu\u00a0<strong>\u0101tri un dro\u0161i<\/strong>, ar pieg\u0101des iesp\u0113j\u0101m vis\u0101 pasaul\u0113.<br \/>\n<strong>100% Autentiski produkti<\/strong>\u00a0\u2013 Nav viltotu izstr\u0101d\u0101jumu\u2014tikai\u00a0<strong>ori\u0123in\u0101lie WASPE Triple vienreiz\u0113jie lieto\u0161anas piederumi<\/strong>\u00a0ar p\u0101rbaud\u012btu kvalit\u0101ti.<br \/>\n<strong>Lielisks klientu atbalsts<\/strong>\u00a0\u2013 Vai jums ir jaut\u0101jumi? M\u016bsu\u00a0<strong>vape eksperti<\/strong> ir gatavi jums pal\u012bdz\u0113t 24\/7.<\/p>\n<p data-start=\"559\" data-end=\"933\" data-is-last-node=\"\" data-is-only-node=\"\">Mums ir ar\u012b citi popul\u0101ri veipi ar ekr\u0101nu, piem\u0113ram <a href=\"https:\/\/vapestornado.com\/lv\/product\/mesii-couple-50k-disposable-shisha-hookah-50000-puffs-vape-with-digital-display\/\">Mesii p\u0101ris 50000<\/a>, <a href=\"https:\/\/vapestornado.com\/lv\/product\/vopk-cool-9000-puffs-disposable-vapes-bar-puff-9k\/\">VOPK 9000 uzp\u016btienu vienreiz\u0113j\u0101s lieto\u0161anas vape<\/a>, <a href=\"https:\/\/vapestornado.com\/lv\/product\/bang-beach-22000-20k-puff-disposable-vape-pen-with-screen-reddit-hot\/\">Bang pludmale 22000<\/a>, un citi.<\/p>\n<\/div>\n<div class=\"relative p-1 rounded-sm flex items-center justify-center bg-token-main-surface-primary text-token-text-primary h-8 w-8\">\n<h2>BUJ<\/h2>\n<p class=\"\" data-start=\"1758\" data-end=\"1922\"><strong data-start=\"1758\" data-end=\"1821\">1. Cik ilgi kalpo Bang 32000 dvesmu vienreiz\u0113j\u0101s lieto\u0161anas Vape?<\/strong><br data-start=\"1821\" data-end=\"1824\" \/>Ier\u012bce kalpo l\u012bdz 32 000 dvesmu, kas var main\u012bties atkar\u012bb\u0101 no lieto\u0161anas bie\u017euma un jaudas iestat\u012bjumiem.<\/p>\n<p class=\"\" data-start=\"1924\" data-end=\"2076\"><strong data-start=\"1924\" data-end=\"1972\">2. Vai es varu uzl\u0101d\u0113t Bang 32000 Puffs Vape?<\/strong><br data-start=\"1972\" data-end=\"1975\" \/>J\u0101, tam ir 650 mAh uzl\u0101d\u0113jams akumulators un tas atbalsta \u0101tru Type-C uzl\u0101di \u0113rt\u012bbai.<\/p>\n<p class=\"\" data-start=\"2078\" data-end=\"2250\"><strong data-start=\"2078\" data-end=\"2132\">3. K\u0101 es varu p\u0101rbaud\u012bt akumulatora un e-\u0161\u0137idruma l\u012bmeni?<\/strong><br data-start=\"2132\" data-end=\"2135\" \/>Gudrais digit\u0101lais ekr\u0101ns re\u0101llaik\u0101 par\u0101da gan akumulatora darb\u012bbas laiku, gan e\u013c\u013cas l\u012bmeni, nodro\u0161inot, ka vienm\u0113r esat inform\u0113ts.<\/p>\n<p class=\"\" data-start=\"2252\" data-end=\"2387\"><strong data-start=\"2252\" data-end=\"2292\">4. Vai nikot\u012bna l\u012bmenis ir regul\u0113jams?<\/strong><br data-start=\"2292\" data-end=\"2295\" \/>J\u0101, j\u016bs varat izv\u0113l\u0113ties 0%, 2%, 3% vai 5% nikot\u012bna l\u012bmeni, lai tas atbilstu j\u016bsu v\u0113lm\u0113m.<\/p>\n<\/div>\n<\/div>\n<\/div>\n<\/div>","protected":false},"excerpt":{"rendered":"<p class=\"LC20lb MBeuO DKV0Md\">Bang 32000 Puff vienreiz\u0113j\u0101s lieto\u0161anas vape kastes gar\u0161as p\u0101rdo\u0161an\u0101<br \/>\nCik maks\u0101 Bang 32000 Puff Vape Box Mod vairumtirdzniec\u012bba<br \/>\nBang 32000 Puff Box Mod lab\u0101kais vape vairumtirdzniec\u012bb\u0101 N\u012bderland\u0113<\/p>\n<p><strong>Pievienojiet Eimijas WhatsApp, lai sa\u0146emtu prec\u012bzu atbildi un atlaidi!<\/strong><\/p>\n<p><img fetchpriority=\"high\" decoding=\"async\" class=\"size-full wp-image-2932\" src=\"https:\/\/vapestornado.com\/wp-content\/uploads\/2024\/12\/Vape-Wholesale.jpg\" alt=\"Veipu Vairumtirdzniec\u012bba\" width=\"229\" height=\"300\" \/><\/p>\n<h3><a href=\"https:\/\/wa.me\/8617776015835\"><span style=\"color: #ff0000;\"><strong>WhatsApp: +86 17776015835<\/strong><\/span><\/a><\/h3>\n<p>&nbsp;<\/p>","protected":false},"featured_media":4038,"comment_status":"open","ping_status":"closed","template":"","meta":{"_acf_changed":false,"_uag_custom_page_level_css":"","_lmt_disableupdate":"no","_lmt_disable":"","_monsterinsights_skip_tracking":false,"_monsterinsights_sitenote_active":false,"_monsterinsights_sitenote_note":"","_monsterinsights_sitenote_category":0,"site-sidebar-layout":"default","site-content-layout":"","ast-site-content-layout":"default","site-content-style":"default","site-sidebar-style":"default","ast-global-header-display":"","ast-banner-title-visibility":"","ast-main-header-display":"","ast-hfb-above-header-display":"","ast-hfb-below-header-display":"","ast-hfb-mobile-header-display":"","site-post-title":"","ast-breadcrumbs-content":"","ast-featured-img":"","footer-sml-layout":"","ast-disable-related-posts":"","theme-transparent-header-meta":"default","adv-header-id-meta":"","stick-header-meta":"","header-above-stick-meta":"","header-main-stick-meta":"","header-below-stick-meta":"","astra-migrate-meta-layouts":"set","ast-page-background-enabled":"default","ast-page-background-meta":{"desktop":{"background-color":"","background-image":"","background-repeat":"repeat","background-position":"center center","background-size":"auto","background-attachment":"scroll","background-type":"","background-media":"","overlay-type":"","overlay-color":"","overlay-opacity":"","overlay-gradient":""},"tablet":{"background-color":"","background-image":"","background-repeat":"repeat","background-position":"center center","background-size":"auto","background-attachment":"scroll","background-type":"","background-media":"","overlay-type":"","overlay-color":"","overlay-opacity":"","overlay-gradient":""},"mobile":{"background-color":"","background-image":"","background-repeat":"repeat","background-position":"center center","background-size":"auto","background-attachment":"scroll","background-type":"","background-media":"","overlay-type":"","overlay-color":"","overlay-opacity":"","overlay-gradient":""}},"ast-content-background-meta":{"desktop":{"background-color":"var(--ast-global-color-5)","background-image":"","background-repeat":"repeat","background-position":"center center","background-size":"auto","background-attachment":"scroll","background-type":"","background-media":"","overlay-type":"","overlay-color":"","overlay-opacity":"","overlay-gradient":""},"tablet":{"background-color":"var(--ast-global-color-5)","background-image":"","background-repeat":"repeat","background-position":"center center","background-size":"auto","background-attachment":"scroll","background-type":"","background-media":"","overlay-type":"","overlay-color":"","overlay-opacity":"","overlay-gradient":""},"mobile":{"background-color":"var(--ast-global-color-5)","background-image":"","background-repeat":"repeat","background-position":"center center","background-size":"auto","background-attachment":"scroll","background-type":"","background-media":"","overlay-type":"","overlay-color":"","overlay-opacity":"","overlay-gradient":""}},"_joinchat":{"telephone":"17776015835"}},"product_brand":[],"product_cat":[262,62,154,156,144],"product_tag":[303,304,105,94,302],"class_list":{"0":"post-4043","1":"product","2":"type-product","3":"status-publish","4":"has-post-thumbnail","6":"product_cat-32000-puff","7":"product_cat-bang-vape","8":"product_cat-buy-disposable-vapes-in-netherlands","9":"product_cat-buy-disposable-vapes-in-poland","10":"product_cat-low-nicotine-disposable-vapes","11":"product_tag-bang-32000","12":"product_tag-bang-32k","13":"product_tag-digital-disposable-vape","14":"product_tag-rechargeable-disposable-vape","15":"product_tag-vape-box-mod","16":"desktop-align-left","17":"tablet-align-left","18":"mobile-align-left","20":"first","21":"instock","22":"sale","23":"shipping-taxable","24":"purchasable","25":"product-type-simple"},"acf":[],"uagb_featured_image_src":{"full":["https:\/\/vapestornado.com\/wp-content\/uploads\/2025\/03\/Bang-32k-Puff-Smart-Screen-Display-Vape-Wholesale.webp",800,800,false],"thumbnail":["https:\/\/vapestornado.com\/wp-content\/uploads\/2025\/03\/Bang-32k-Puff-Smart-Screen-Display-Vape-Wholesale-150x150.webp",150,150,true],"medium":["https:\/\/vapestornado.com\/wp-content\/uploads\/2025\/03\/Bang-32k-Puff-Smart-Screen-Display-Vape-Wholesale-300x300.webp",300,300,true],"medium_large":["https:\/\/vapestornado.com\/wp-content\/uploads\/2025\/03\/Bang-32k-Puff-Smart-Screen-Display-Vape-Wholesale-768x768.webp",768,768,true],"large":["https:\/\/vapestornado.com\/wp-content\/uploads\/2025\/03\/Bang-32k-Puff-Smart-Screen-Display-Vape-Wholesale.webp",800,800,false],"1536x1536":["https:\/\/vapestornado.com\/wp-content\/uploads\/2025\/03\/Bang-32k-Puff-Smart-Screen-Display-Vape-Wholesale.webp",800,800,false],"2048x2048":["https:\/\/vapestornado.com\/wp-content\/uploads\/2025\/03\/Bang-32k-Puff-Smart-Screen-Display-Vape-Wholesale.webp",800,800,false],"trp-custom-language-flag":["https:\/\/vapestornado.com\/wp-content\/uploads\/2025\/03\/Bang-32k-Puff-Smart-Screen-Display-Vape-Wholesale.webp",12,12,false],"woocommerce_thumbnail":["https:\/\/vapestornado.com\/wp-content\/uploads\/2025\/03\/Bang-32k-Puff-Smart-Screen-Display-Vape-Wholesale-300x300.webp",300,300,true],"woocommerce_single":["https:\/\/vapestornado.com\/wp-content\/uploads\/2025\/03\/Bang-32k-Puff-Smart-Screen-Display-Vape-Wholesale-600x600.webp",600,600,true],"woocommerce_gallery_thumbnail":["https:\/\/vapestornado.com\/wp-content\/uploads\/2025\/03\/Bang-32k-Puff-Smart-Screen-Display-Vape-Wholesale-100x100.webp",100,100,true]},"uagb_author_info":{"display_name":"ESAMY","author_link":"https:\/\/vapestornado.com\/lv\/author\/"},"uagb_comment_info":0,"uagb_excerpt":"Bang 32000 Puff\u00a0 Disposable Vape Box Flavors on Sale How Much Bang 32000 Puff Vape Box Mod Wholesale Bang 32000 Puff\u00a0 Box Mod Best Vape Wholesale in Netherlands Add Amy's whatsapp to get right reply and discount price! WhatsApp: +86 17776015835 &nbsp;","_links":{"self":[{"href":"https:\/\/vapestornado.com\/lv\/wp-json\/wp\/v2\/product\/4043","targetHints":{"allow":["GET"]}}],"collection":[{"href":"https:\/\/vapestornado.com\/lv\/wp-json\/wp\/v2\/product"}],"about":[{"href":"https:\/\/vapestornado.com\/lv\/wp-json\/wp\/v2\/types\/product"}],"replies":[{"embeddable":true,"href":"https:\/\/vapestornado.com\/lv\/wp-json\/wp\/v2\/comments?post=4043"}],"wp:featuredmedia":[{"embeddable":true,"href":"https:\/\/vapestornado.com\/lv\/wp-json\/wp\/v2\/media\/4038"}],"wp:attachment":[{"href":"https:\/\/vapestornado.com\/lv\/wp-json\/wp\/v2\/media?parent=4043"}],"wp:term":[{"taxonomy":"product_brand","embeddable":true,"href":"https:\/\/vapestornado.com\/lv\/wp-json\/wp\/v2\/product_brand?post=4043"},{"taxonomy":"product_cat","embeddable":true,"href":"https:\/\/vapestornado.com\/lv\/wp-json\/wp\/v2\/product_cat?post=4043"},{"taxonomy":"product_tag","embeddable":true,"href":"https:\/\/vapestornado.com\/lv\/wp-json\/wp\/v2\/product_tag?post=4043"}],"curies":[{"name":"wp","href":"https:\/\/api.w.org\/{rel}","templated":true}]}}