{"id":4013,"date":"2025-03-27T09:03:34","date_gmt":"2025-03-27T09:03:34","guid":{"rendered":"https:\/\/vapestornado.com\/?post_type=product&#038;p=4013"},"modified":"2025-12-16T09:46:56","modified_gmt":"2025-12-16T09:46:56","slug":"waspe-aiviou-3-in-1-60000-puffs-disposable-vape-kit-best-price","status":"publish","type":"product","link":"https:\/\/vapestornado.com\/lv\/product\/waspe-aiviou-3-in-1-60000-puffs-disposable-vape-kit-best-price\/","title":{"rendered":"Waspe Aiviou 3 in 1 60000 Dvesmu Vienreizlietojama Tvaic\u0113t\u0101ja Komplekts Lab\u0101k\u0101 Cena"},"content":{"rendered":"<h1 data-pm-slice=\"1 1 []\">Waspe 60000 pufa aizst\u0101j\u0113jvape komplekts ar 3 arom\u0101tu mai\u0146u + 54ml e-\u0161\u0137idruma<\/h1>\n<p data-start=\"1232\" data-end=\"1466\">T\u0101 <strong data-start=\"99\" data-end=\"134\">Waspe Aiviou 3 in 1 60000 pufa<\/strong> ir izstr\u0101d\u0101ts v\u012brie\u0161iem, kuri nev\u0113las n\u0113s\u0101t divas vai tr\u012bs ier\u012bces, lai izvair\u012btos no arom\u0101tu garlaic\u012bbas. J\u016bs sa\u0146emat <strong data-start=\"236\" data-end=\"279\">tr\u012bs iepriek\u0161 piepild\u012btus 18ml podus (kop\u0101 54ml)<\/strong> vien\u0101 korpus\u0101, <strong data-start=\"295\" data-end=\"320\">tr\u012bsk\u0101r\u0161as arom\u0101tu mai\u0146as funkciju<\/strong>, un <strong data-start=\"326\" data-end=\"356\">0.9\u03a9 t\u012bkli\u0146\u0137e\u013cu spir\u0101les veiktsp\u0113ju<\/strong> kas paliek gluda pat tad, ja to lieto intens\u012bvi. Pievienojiet to <strong data-start=\"410\" data-end=\"425\">LED displejs<\/strong> un <strong data-start=\"430\" data-end=\"468\">C tipa uzl\u0101d\u0113jama 650 mAh baterija<\/strong>, un tas k\u013c\u016bst par ilgtsp\u0113j\u012bgu ier\u012bci, ar kuru var patie\u0161\u0101m ikdien\u0101 p\u0101rvald\u012bt\u2014bez min\u0113jumiem, bez izlieta \u0161\u0137idruma.<\/p>\n<h3 data-start=\"772\" data-end=\"823\">K\u0101p\u0113c Waspe 60000 pufa izce\u013cas starp augstas ietilp\u012bbas vienreizlietojamaj\u0101m ier\u012bc\u0113m?<\/h3>\n<ul data-start=\"825\" data-end=\"2411\">\n<li data-start=\"825\" data-end=\"1147\">\n<p data-start=\"827\" data-end=\"1147\"><strong data-start=\"827\" data-end=\"866\">3 arom\u0101ti bez papildu n\u0113s\u0101\u0161anas.<\/strong> \u0160is <strong data-start=\"872\" data-end=\"900\">3 arom\u0101tu vienreizlietojama vape<\/strong> izmanto patiesu <strong data-start=\"913\" data-end=\"940\">3-in-1 mai\u0146as sist\u0113mu<\/strong>, t\u0101p\u0113c vari main\u012bt starp profiliem, kad main\u0101s tavs gaume. Daudziem lietot\u0101jiem tas ir at\u0161\u0137ir\u012bba starp beigt augstas ietilp\u012bbas ier\u012bci un to pamest pusce\u013c\u0101, jo viens arom\u0101ts k\u013c\u016bst garlaic\u012bgs.<\/p>\n<\/li>\n<li data-start=\"1149\" data-end=\"1502\">\n<p data-start=\"1151\" data-end=\"1502\"><strong data-start=\"1151\" data-end=\"1199\">Re\u0101la iztur\u012bba, ko nodro\u0161ina re\u0101ls \u0161\u0137idruma daudzums.<\/strong> <strong data-start=\"1200\" data-end=\"1221\">Waspe 60000 pufa<\/strong> nav tikai liels skaitlis uz iepakojuma\u2014<strong data-start=\"1257\" data-end=\"1274\">54ml (3\u00d718ml)<\/strong> ir paredz\u0113ts ilgtsp\u0113j\u012bgai lieto\u0161anai. T\u0101p\u0113c tas labi p\u0101rdodas augsta apgroz\u012bjuma tirgos, piem\u0113ram, <strong data-start=\"1361\" data-end=\"1416\">Latvij\u0101, V\u0101cij\u0101, Sp\u0101nij\u0101, Francij\u0101 un N\u012bderland\u0113<\/strong>, \u012bpa\u0161i pirc\u0113jiem, kuri v\u0113las maz\u0101k nomai\u0146u un prognoz\u0113jam\u0101kas ikdienas izmaksas.<\/p>\n<\/li>\n<li data-start=\"1504\" data-end=\"1775\">\n<p data-start=\"1506\" data-end=\"1775\"><strong data-start=\"1506\" data-end=\"1551\">T\u012bkli\u0146u spir\u0101les stabilit\u0101te ilgsto\u0161\u0101s sesij\u0101s.<\/strong> Ar <strong data-start=\"1557\" data-end=\"1581\">0,9\u03a9 t\u012bkli\u0146u spir\u0101les (\u00d73)<\/strong>, tvaiks paliek gluds un arom\u0101ts skaidrs dzi\u013c\u0101k podos. Tas ir svar\u012bgi smagiem lietot\u0101jiem, kuri \u0137\u0113d\u0113 iep\u016b\u0161\u2014t\u012bklu sild\u012b\u0161ana samazina asu, sausu malu, ko l\u0113t\u0101kas spir\u0101les var att\u012bst\u012bt laika gait\u0101.<\/p>\n<\/li>\n<li data-start=\"1777\" data-end=\"2070\">\n<p data-start=\"1779\" data-end=\"2070\"><strong data-start=\"1779\" data-end=\"1816\">LED displejs \u013cauj jums kontrol\u0113t.<\/strong> Gudrais displejs r\u0101da akumulatora un e-\u0161\u0137idruma statusu, t\u0101p\u0113c j\u016bs zin\u0101t, vai tas ir gatavs ilg\u0101kai darba dienai vai jums j\u0101uzl\u0101d\u0113 tas vispirms. \u0160\u0101da praktiska deta\u013ca ir gaid\u012bta no ier\u012bc\u0113m, kas konkur\u0113 <strong data-start=\"2027\" data-end=\"2055\">Elektronisko cigare\u0161u reitings 2025<\/strong> sarun\u0101s.<\/p>\n<\/li>\n<li data-start=\"2072\" data-end=\"2411\">\n<p data-start=\"2074\" data-end=\"2411\"><strong data-start=\"2074\" data-end=\"2129\">Uzl\u0101d\u0113jama \u0113rt\u012bba, kas p\u0101rsp\u0113j impulsu pirk\u0161anu.<\/strong> Ja j\u016bsu ikdiena ietver \u201c<strong data-start=\"2156\" data-end=\"2174\">Pirkt cigaretes<\/strong>\u201d p\u0101rtraukumus vai p\u0113d\u0113j\u0101 br\u012b\u017ea nomai\u0146as, Type-C uzl\u0101des dizains pal\u012bdz p\u0101rtraukt \u0161o ciklu. Daudziem klientiem, kuri <strong data-start=\"2287\" data-end=\"2310\">Pirkt tvaiku Latvij\u0101<\/strong>, v\u0113rt\u012bba ir vienk\u0101r\u0161a: viena ier\u012bce kalpo ilg\u0101k, un j\u016bs uzl\u0101d\u0113jat to, nevis p\u0113rkat jaunu ik p\u0113c da\u017e\u0101m dien\u0101m.<\/p>\n<\/li>\n<\/ul>\n<p data-start=\"666\" data-end=\"1235\"><strong style=\"font-size: 16px;\"><span style=\"color: #ff0000;\">Pievienojiet Amy WhatsApp, lai sa\u0146emtu t\u016bl\u012bt\u0113ju atbildi un atlai\u017eu cenu!<\/span><\/strong><\/p>\n<p><img fetchpriority=\"high\" decoding=\"async\" class=\"size-full wp-image-2932\" src=\"https:\/\/vapestornado.com\/wp-content\/uploads\/2024\/12\/Vape-Wholesale.jpg\" alt=\"Veipu Vairumtirdzniec\u012bba\" width=\"229\" height=\"300\" \/><\/p>\n<h3><a href=\"https:\/\/wa.me\/8617776015835\" target=\"_blank\" rel=\"noopener\"><span style=\"color: #ff0000;\"><strong>WhatsApp: +86 17776015835<\/strong><\/span><\/a><\/h3>\n<p>&nbsp;<\/p>\n<h2><strong>Waspe Aiviou 3 vien\u0101 60000 dvesmas galven\u0101s produkta iez\u012bmes<\/strong><\/h2>\n<table>\n<thead>\n<tr>\n<th>\u012apa\u0161\u012bba<\/th>\n<th>specifik\u0101cija<\/th>\n<th>k\u0101 tas darbojas<\/th>\n<\/tr>\n<\/thead>\n<tbody>\n<tr>\n<td>Produkts Nosaukums<\/td>\n<td>Waspe Aiviou 3 in 1 60000 pufa<\/td>\n<td>Tr\u012bspodi vienreizlietojams vape komplekts ar arom\u0101tu mai\u0146u.<\/td>\n<\/tr>\n<tr>\n<td>Pufiju ietilp\u012bba<\/td>\n<td>L\u012bdz 60 000 p\u016btieniem<\/td>\n<td>Augstas jaudas izvade, kas paredz\u0113ta, lai samazin\u0101tu nomai\u0146as bie\u017eumu.<\/td>\n<\/tr>\n<tr>\n<td>Gar\u0161as sist\u0113ma<\/td>\n<td>3-in-1 Tr\u012bsk\u0101r\u0161\u0101 arom\u0101tu mai\u0146a<\/td>\n<td>\u013bauj main\u012bt arom\u0101tus uzreiz, nemainot ier\u012bci.<\/td>\n<\/tr>\n<tr>\n<td>E-\u0161\u0137idruma tilpums<\/td>\n<td>54ml kop\u0101 (3\u00d718ml podi)<\/td>\n<td>Liela \u0161\u0137idruma padeve atbalsta ilgu kalpo\u0161anas laiku un ilg\u0101kas sesijas.<\/td>\n<\/tr>\n<tr>\n<td>Spir\u0101les sist\u0113ma<\/td>\n<td>0.9\u03a9 T\u012bkla spir\u0101le \u00d73<\/td>\n<td>Vienm\u0113r\u012bga sild\u012b\u0161ana uzlabo gludumu un pal\u012bdz gar\u0161ai palikt konsekventai.<\/td>\n<\/tr>\n<tr>\n<td>Akumulators<\/td>\n<td>650mAh uzl\u0101d\u0113jams<\/td>\n<td>Uzl\u0101de nov\u0113r\u0161 agr\u012bnu izbeig\u0161anos pirms \u0161\u0137idruma izlieto\u0161anas.<\/td>\n<\/tr>\n<tr>\n<td>Uzl\u0101de<\/td>\n<td>C tipa \u0101tr\u0101 uzl\u0101de<\/td>\n<td>\u0100tri papildin\u0101jumi ar m\u016bsdien\u012bgiem kabe\u013ciem, kas bie\u017ei tiek izmantoti Eirop\u0101.<\/td>\n<\/tr>\n<tr>\n<td>Displejs<\/td>\n<td>LED akumulatora un e-\u0161\u0137idruma indikators<\/td>\n<td>Skaidri r\u0101da statusu, lai izvair\u012btos no p\u0101rsteigumiem ikdienas lieto\u0161an\u0101.<\/td>\n<\/tr>\n<tr>\n<td>Nikot\u012bna opcijas<\/td>\n<td>0% \/ 2% \/ 5%<\/td>\n<td>Bez nikot\u012bna, ar zemu vai stipru r\u012bkles sitienu atkar\u012bb\u0101 no izv\u0113les.<\/td>\n<\/tr>\n<\/tbody>\n<\/table>\n<h2 class=\"product-title\"><strong>WASPE 60K 60000 dvesmu vienreiz\u0113j\u0101s lieto\u0161anas poda gar\u0161u saraksts<\/strong><\/h2>\n<article class=\"w-full text-token-text-primary focus-visible:outline-2 focus-visible:outline-offset-[-4px]\" dir=\"auto\" data-testid=\"conversation-turn-32\" data-scroll-anchor=\"false\">\n<div class=\"m-auto text-base py-[18px] px-6\">\n<div class=\"mx-auto flex flex-1 text-base gap-4 md:gap-5 lg:gap-6 md:max-w-3xl lg:max-w-[40rem] xl:max-w-[48rem]\">\n<div class=\"group\/conversation-turn relative flex w-full min-w-0 flex-col @xs\/thread:px-0 @sm\/thread:px-1.5 @md\/thread:px-4\">\n<div class=\"flex-col gap-1 md:gap-3\">\n<div class=\"flex max-w-full flex-col flex-grow\">\n<div class=\"min-h-8 text-message flex w-full flex-col items-end gap-2 whitespace-normal break-words text-start [.text-message+&amp;]:mt-5\" dir=\"auto\" data-message-author-role=\"user\" data-message-id=\"ffac41ca-1db4-431b-873a-32c4052956f1\">\n<div class=\"flex w-full flex-col gap-1 empty:hidden items-end rtl:items-start\">\n<div class=\"relative max-w-[var(--user-chat-width,70%)] rounded-3xl bg-token-message-surface px-5 py-2.5\">\n<div class=\"absolute bottom-0 right-full top-0 -mr-3.5 hidden pr-5 pt-2 [.group\/conversation-turn:hover_&amp;]:flex\">\n<div class=\"flex\">\n<article class=\"w-full text-token-text-primary focus-visible:outline-2 focus-visible:outline-offset-[-4px]\" dir=\"auto\" data-testid=\"conversation-turn-39\" data-scroll-anchor=\"true\">\n<div class=\"m-auto text-base py-[18px] px-6\">\n<div class=\"mx-auto flex flex-1 text-base gap-4 md:gap-5 lg:gap-6 md:max-w-3xl lg:max-w-[40rem] xl:max-w-[48rem]\">\n<div class=\"group\/conversation-turn relative flex w-full min-w-0 flex-col agent-turn @xs\/thread:px-0 @sm\/thread:px-1.5 @md\/thread:px-4\">\n<div class=\"flex-col gap-1 md:gap-3\">\n<div class=\"flex max-w-full flex-col flex-grow\">\n<div class=\"min-h-8 text-message flex w-full flex-col items-end gap-2 whitespace-normal break-words text-start [.text-message+&amp;]:mt-5\" dir=\"auto\" data-message-author-role=\"assistant\" data-message-id=\"55a23854-ec57-48dd-bd4f-6118f43d6241\" data-message-model-slug=\"gpt-4o\">\n<div class=\"flex w-full flex-col gap-1 empty:hidden first:pt-[3px]\">\n<div class=\"markdown prose w-full break-words dark:prose-invert light\">\n<p>1.Arb\u016bza ledus<br \/>\n2.Zeme\u0146u arb\u016bzs<br \/>\n3.Melle\u0146u ledus<br \/>\n4.Zeme\u0146u ave\u0146u \u0137irsis<br \/>\n5.Persiku ledus<br \/>\n6.Red Bull ledus<br \/>\n7.Jauktas ogas<br \/>\n8.Tr\u012bsk\u0101r\u0161ais melones ledus<br \/>\n9.V\u012bnogu ledus<br \/>\n10. Zeme\u0146u Ban\u0101ns<br \/>\n11. \u0136ir\u0161u Kolas Ledus<br \/>\n12. Melle\u0146u Avenes<\/p>\n<figure id=\"attachment_4688\" aria-describedby=\"caption-attachment-4688\" style=\"width: 225px\" class=\"wp-caption alignnone\"><img decoding=\"async\" class=\"size-medium wp-image-4688\" src=\"https:\/\/vapestornado.com\/wp-content\/uploads\/2025\/12\/WASPE-60000-PUFF-3-IN-1-Diposable-Vape-All-Flaovr-225x300.jpg\" alt=\"Waspe Aiviou 3 in 1 60000 Puffs Vienreiz\u0113jais Vape ar Vis\u0101m Gar\u0161\u0101m\" width=\"225\" height=\"300\" srcset=\"https:\/\/vapestornado.com\/wp-content\/uploads\/2025\/12\/WASPE-60000-PUFF-3-IN-1-Diposable-Vape-All-Flaovr-225x300.jpg 225w, https:\/\/vapestornado.com\/wp-content\/uploads\/2025\/12\/WASPE-60000-PUFF-3-IN-1-Diposable-Vape-All-Flaovr-768x1024.jpg 768w, https:\/\/vapestornado.com\/wp-content\/uploads\/2025\/12\/WASPE-60000-PUFF-3-IN-1-Diposable-Vape-All-Flaovr-1152x1536.jpg 1152w, https:\/\/vapestornado.com\/wp-content\/uploads\/2025\/12\/WASPE-60000-PUFF-3-IN-1-Diposable-Vape-All-Flaovr-9x12.jpg 9w, https:\/\/vapestornado.com\/wp-content\/uploads\/2025\/12\/WASPE-60000-PUFF-3-IN-1-Diposable-Vape-All-Flaovr-600x800.jpg 600w, https:\/\/vapestornado.com\/wp-content\/uploads\/2025\/12\/WASPE-60000-PUFF-3-IN-1-Diposable-Vape-All-Flaovr.jpg 1280w\" sizes=\"(max-width: 225px) 100vw, 225px\" \/><figcaption id=\"caption-attachment-4688\" class=\"wp-caption-text\">Waspe Aiviou 3 in 1 60000 Puffs Vienreiz\u0113jais Vape ar Vis\u0101m Gar\u0161\u0101m<\/figcaption><\/figure>\n<\/div>\n<\/div>\n<\/div>\n<\/div>\n<\/div>\n<\/div>\n<\/div>\n<\/div>\n<\/article>\n<\/div>\n<\/div>\n<\/div>\n<\/div>\n<\/div>\n<\/div>\n<\/div>\n<\/div>\n<\/div>\n<\/div>\n<\/article>\n<h2>K\u0101p\u0113c izv\u0113l\u0113ties Vapestornado, lai ieg\u0101d\u0101tos Waspe 60k Puff?<\/h2>\n<div class=\"flex-shrink-0 flex flex-col relative items-end\">\n<div class=\"pt-0\">\n<div class=\"gizmo-bot-avatar flex h-8 w-8 items-center justify-center overflow-hidden rounded-full\">\n<div class=\"relative p-1 rounded-sm flex items-center justify-center bg-token-main-surface-primary text-token-text-primary h-8 w-8\">\n<p>At\u00a0<strong>VapeTornado<\/strong>, m\u0113s lepojamies ar to, ka pied\u0101v\u0101jam\u00a0<strong>augst\u0101k\u0101s kvalit\u0101tes tvaic\u0113\u0161anas produktus par nep\u0101rsp\u0113jam\u0101m cen\u0101m<\/strong>\u2014un Waspe Aiviou 3 in 1 60000 dvesmas nav iz\u0146\u0113mums! L\u016bk, k\u0101p\u0113c jums vajadz\u0113tu ieg\u0101d\u0101ties no mums:<\/p>\n<p><strong>Lab\u0101k\u0101s vairumtirdzniec\u012bbas cenas<\/strong>\u00a0\u2013 M\u0113s pied\u0101v\u0101jam\u00a0<strong>konkur\u0113tsp\u0113j\u012bgas vairumtirdzniec\u012bbas cenas<\/strong><span style=\"font-size: 16px;\">, padarot m\u016bs par lab\u0101ko izv\u0113li t\u0101l\u0101kp\u0101rdev\u0113jiem un vape veikaliem.<\/span><\/p>\n<p><strong>\u0100tri<\/strong>\u00a0\u2013 Sa\u0146emiet pas\u016bt\u012bjumu pieg\u0101d\u0101tu\u00a0<strong>\u0101tri un dro\u0161i<\/strong>, ar pieg\u0101des iesp\u0113j\u0101m vis\u0101 pasaul\u0113.<br \/>\n<strong>100% Autentiski produkti<\/strong>\u00a0\u2013 Nav viltotu izstr\u0101d\u0101jumu\u2014tikai\u00a0<strong>ori\u0123in\u0101lie WASPE Triple vienreiz\u0113jie lieto\u0161anas piederumi<\/strong>\u00a0ar p\u0101rbaud\u012btu kvalit\u0101ti.<br \/>\n<strong>Lielisks klientu atbalsts<\/strong>\u00a0\u2013 Vai jums ir jaut\u0101jumi? M\u016bsu\u00a0<strong>vape eksperti<\/strong> ir gatavi jums pal\u012bdz\u0113t 24\/7.<\/p>\n<p><strong>Negaidiet \u2014 pas\u016btiet savu Waspe Aiviou 3 in 1 60000 dvesmu no VapeTornado jau \u0161odien un izbaudiet maksim\u0101lu tvaic\u0113\u0161anas gandar\u012bjumu!<\/strong><\/p>\n<p data-start=\"559\" data-end=\"933\" data-is-last-node=\"\" data-is-only-node=\"\">Mums ir ar\u012b citi popul\u0101ri veipi ar ekr\u0101nu, piem\u0113ram <a href=\"https:\/\/vapestornado.com\/lv\/product\/mesii-couple-50k-disposable-shisha-hookah-50000-puffs-vape-with-digital-display\/\">Mesii p\u0101ris 50000<\/a>, <a href=\"https:\/\/vapestornado.com\/lv\/product\/vopk-cool-9000-puffs-disposable-vapes-bar-puff-9k\/\">VOPK 9000 uzp\u016btienu vienreiz\u0113j\u0101s lieto\u0161anas vape<\/a>, <a href=\"https:\/\/vapestornado.com\/lv\/product\/bang-beach-22000-20k-puff-disposable-vape-pen-with-screen-reddit-hot\/\">Bang pludmale 22000<\/a>, un citi.<\/p>\n<\/div>\n<div class=\"relative p-1 rounded-sm flex items-center justify-center bg-token-main-surface-primary text-token-text-primary h-8 w-8\">\n<h2>BUJ<\/h2>\n<ol data-start=\"3497\" data-end=\"4811\">\n<li data-start=\"3497\" data-end=\"3746\">\n<p data-start=\"3500\" data-end=\"3746\"><strong data-start=\"3500\" data-end=\"3596\">K\u0101 darbojas Waspe Aiviou 3 in 1 60000 Puffs tr\u012bsk\u0101r\u0161\u0101s gar\u0161as p\u0101rsl\u0113g\u0161anas funkcija ikdienas vaping\u0101?<\/strong><br data-start=\"3596\" data-end=\"3599\" \/>Tas ir izstr\u0101d\u0101ts \u0101trai gar\u0161as mai\u0146ai vien\u0101 ier\u012bc\u0113, t\u0101d\u0113j\u0101di j\u016bs varat main\u012bt gar\u0161u p\u0113c piepras\u012bjuma, nesniedzot vair\u0101kas vape vai mainot aparat\u016bru.<\/p>\n<\/li>\n<li data-start=\"3748\" data-end=\"4006\">\n<p data-start=\"3751\" data-end=\"4006\"><strong data-start=\"3751\" data-end=\"3847\">Vai Waspe 60000 Puffs 54ml (3\u00d718ml) komplekts patie\u0161\u0101m ilg\u0101k kalpo nek\u0101 standarta vienreiz\u0113jie?<\/strong><br data-start=\"3847\" data-end=\"3850\" \/>J\u0101\u201454ml kop\u0113jais \u0161\u0137idruma daudzums ir galvenais iemesls, k\u0101p\u0113c tas kalpo ilg\u0101k. Faktiskais kalpo\u0161anas laiks ir atkar\u012bgs no ieelpo\u0161anas garuma un bie\u017euma, bet ietilp\u012bba ir paredz\u0113ta ilgsto\u0161ai lieto\u0161anai.<\/p>\n<\/li>\n<li data-start=\"4008\" data-end=\"4250\">\n<p data-start=\"4011\" data-end=\"4250\"><strong data-start=\"4011\" data-end=\"4109\">K\u0101 0.9\u03a9 t\u012bkla spir\u0101les vienreiz\u0113j\u0101 vape ar trim gar\u0161\u0101m ietekm\u0113 tvaika gludumu laika gait\u0101?<\/strong><br data-start=\"4109\" data-end=\"4112\" \/>T\u012bkla spir\u0101les silda vienm\u0113r\u012bg\u0101k nek\u0101 vienk\u0101r\u0161as vadu spir\u0101les, kas pal\u012bdz saglab\u0101t tvaiku glud\u0101ku un samazina asumu intens\u012bv\u0101s, atk\u0101rtot\u0101s sesij\u0101s.<\/p>\n<\/li>\n<li data-start=\"4252\" data-end=\"4531\">\n<p data-start=\"4255\" data-end=\"4531\"><strong data-start=\"4255\" data-end=\"4371\">Vai Waspe Aiviou 3 in 1 60K ir gudra izv\u0113le pirc\u0113jiem, kas sal\u012bdzina E-sigaretes reitingu 2025 stil\u0101 \u201clab\u0101kie ier\u012bces\u201d?<\/strong><br data-start=\"4371\" data-end=\"4374\" \/>Tas konkur\u0113 ar praktisk\u0101m \u012bpa\u0161\u012bb\u0101m, kas ir svar\u012bgas: daudzgar\u0161as p\u0101rsl\u0113g\u0161ana, liels kop\u0113jais \u0161\u0137idruma daudzums, uzl\u0101d\u0113jama jauda un LED statusa displejs kontrolei.<\/p>\n<\/li>\n<li data-start=\"4533\" data-end=\"4811\">\n<p data-start=\"4536\" data-end=\"4811\"><strong data-start=\"4536\" data-end=\"4636\">K\u0101p\u0113c vairumtirdzniec\u012bbas pirc\u0113ji Latvij\u0101 izv\u0113las Waspe Aiviou 3 in 1 60000 Puffs priek\u0161 Eiropas mazumtirdzniec\u012bbas?<\/strong><br data-start=\"4636\" data-end=\"4639\" \/>Tas ir viegli p\u0101rdot: skaidri galvenie parametri (60K puffs, 3 gar\u0161as, 54ml, uzl\u0101d\u0113jams), pla\u0161as nikot\u012bna iesp\u0113jas un sp\u0113c\u012bga atk\u0101rtota piepras\u012bjuma no lietot\u0101jiem, kuri v\u0113las ilgi kalpojo\u0161as ier\u012bces.<\/p>\n<\/li>\n<\/ol>\n<\/div>\n<\/div>\n<\/div>\n<\/div>","protected":false},"excerpt":{"rendered":"<p class=\"LC20lb MBeuO DKV0Md\">Waspe Aiviou 3 in 1 60000 pufa aizst\u0101j\u0113jvape ar 3 arom\u0101tu mai\u0146as funkciju, 54ml (3\u00d718ml) podi\u0146iem, 0.9\u03a9 t\u012bkli\u0146\u0137e\u013cu spir\u0101l\u0113m, LED displeju un Type-C uzl\u0101d\u0113jamu 650mAh akumulatoru. Izstr\u0101d\u0101ts ilgam lieto\u0161anai, popul\u0101rs ar vairumtirdzniec\u012bbas pirc\u0113jiem un klientiem, kuri Latvij\u0101 p\u0113rk tvaiku viet\u0101, lai pirktu cigaretes.<\/p>\n<p><img fetchpriority=\"high\" decoding=\"async\" class=\"size-full wp-image-2932\" src=\"https:\/\/vapestornado.com\/wp-content\/uploads\/2024\/12\/Vape-Wholesale.jpg\" alt=\"Veipu Vairumtirdzniec\u012bba\" width=\"229\" height=\"300\" \/><\/p>\n<h3><a href=\"https:\/\/wa.me\/8617776015835\"><span style=\"color: #ff0000;\"><strong>WhatsApp: +86 17776015835<\/strong><\/span><\/a><\/h3>\n<p>&nbsp;<\/p>","protected":false},"featured_media":4011,"comment_status":"open","ping_status":"closed","template":"","meta":{"_acf_changed":false,"_uag_custom_page_level_css":"","_lmt_disableupdate":"no","_lmt_disable":"","_monsterinsights_skip_tracking":false,"_monsterinsights_sitenote_active":false,"_monsterinsights_sitenote_note":"","_monsterinsights_sitenote_category":0,"site-sidebar-layout":"default","site-content-layout":"","ast-site-content-layout":"default","site-content-style":"default","site-sidebar-style":"default","ast-global-header-display":"","ast-banner-title-visibility":"","ast-main-header-display":"","ast-hfb-above-header-display":"","ast-hfb-below-header-display":"","ast-hfb-mobile-header-display":"","site-post-title":"","ast-breadcrumbs-content":"","ast-featured-img":"","footer-sml-layout":"","ast-disable-related-posts":"","theme-transparent-header-meta":"default","adv-header-id-meta":"","stick-header-meta":"","header-above-stick-meta":"","header-main-stick-meta":"","header-below-stick-meta":"","astra-migrate-meta-layouts":"set","ast-page-background-enabled":"default","ast-page-background-meta":{"desktop":{"background-color":"","background-image":"","background-repeat":"repeat","background-position":"center center","background-size":"auto","background-attachment":"scroll","background-type":"","background-media":"","overlay-type":"","overlay-color":"","overlay-opacity":"","overlay-gradient":""},"tablet":{"background-color":"","background-image":"","background-repeat":"repeat","background-position":"center center","background-size":"auto","background-attachment":"scroll","background-type":"","background-media":"","overlay-type":"","overlay-color":"","overlay-opacity":"","overlay-gradient":""},"mobile":{"background-color":"","background-image":"","background-repeat":"repeat","background-position":"center center","background-size":"auto","background-attachment":"scroll","background-type":"","background-media":"","overlay-type":"","overlay-color":"","overlay-opacity":"","overlay-gradient":""}},"ast-content-background-meta":{"desktop":{"background-color":"var(--ast-global-color-5)","background-image":"","background-repeat":"repeat","background-position":"center center","background-size":"auto","background-attachment":"scroll","background-type":"","background-media":"","overlay-type":"","overlay-color":"","overlay-opacity":"","overlay-gradient":""},"tablet":{"background-color":"var(--ast-global-color-5)","background-image":"","background-repeat":"repeat","background-position":"center center","background-size":"auto","background-attachment":"scroll","background-type":"","background-media":"","overlay-type":"","overlay-color":"","overlay-opacity":"","overlay-gradient":""},"mobile":{"background-color":"var(--ast-global-color-5)","background-image":"","background-repeat":"repeat","background-position":"center center","background-size":"auto","background-attachment":"scroll","background-type":"","background-media":"","overlay-type":"","overlay-color":"","overlay-opacity":"","overlay-gradient":""}},"_joinchat":{"telephone":"17776015835"}},"product_brand":[],"product_cat":[156,142,144,61,60],"product_tag":[105,94,301,299,300],"class_list":{"0":"post-4013","1":"product","2":"type-product","3":"status-publish","4":"has-post-thumbnail","6":"product_cat-buy-disposable-vapes-in-poland","7":"product_cat-digital-box-disposable-vapes","8":"product_cat-low-nicotine-disposable-vapes","9":"product_cat-vapme-shisha","10":"product_cat-waspe-fihp-vape","11":"product_tag-digital-disposable-vape","12":"product_tag-rechargeable-disposable-vape","13":"product_tag-vapor-wholesale","14":"product_tag-waspe-60k-puff","15":"product_tag-waspe-aiviou-3-in-1-60000","16":"desktop-align-left","17":"tablet-align-left","18":"mobile-align-left","20":"first","21":"instock","22":"sale","23":"shipping-taxable","24":"purchasable","25":"product-type-simple"},"acf":[],"uagb_featured_image_src":{"full":["https:\/\/vapestornado.com\/wp-content\/uploads\/2025\/03\/Waspe-Aiviou-3-in1-60k-60000-Puffs-Disposable-Vaper.webp",800,800,false],"thumbnail":["https:\/\/vapestornado.com\/wp-content\/uploads\/2025\/03\/Waspe-Aiviou-3-in1-60k-60000-Puffs-Disposable-Vaper-150x150.webp",150,150,true],"medium":["https:\/\/vapestornado.com\/wp-content\/uploads\/2025\/03\/Waspe-Aiviou-3-in1-60k-60000-Puffs-Disposable-Vaper-300x300.webp",300,300,true],"medium_large":["https:\/\/vapestornado.com\/wp-content\/uploads\/2025\/03\/Waspe-Aiviou-3-in1-60k-60000-Puffs-Disposable-Vaper-768x768.webp",768,768,true],"large":["https:\/\/vapestornado.com\/wp-content\/uploads\/2025\/03\/Waspe-Aiviou-3-in1-60k-60000-Puffs-Disposable-Vaper.webp",800,800,false],"1536x1536":["https:\/\/vapestornado.com\/wp-content\/uploads\/2025\/03\/Waspe-Aiviou-3-in1-60k-60000-Puffs-Disposable-Vaper.webp",800,800,false],"2048x2048":["https:\/\/vapestornado.com\/wp-content\/uploads\/2025\/03\/Waspe-Aiviou-3-in1-60k-60000-Puffs-Disposable-Vaper.webp",800,800,false],"trp-custom-language-flag":["https:\/\/vapestornado.com\/wp-content\/uploads\/2025\/03\/Waspe-Aiviou-3-in1-60k-60000-Puffs-Disposable-Vaper.webp",12,12,false],"woocommerce_thumbnail":["https:\/\/vapestornado.com\/wp-content\/uploads\/2025\/03\/Waspe-Aiviou-3-in1-60k-60000-Puffs-Disposable-Vaper-300x300.webp",300,300,true],"woocommerce_single":["https:\/\/vapestornado.com\/wp-content\/uploads\/2025\/03\/Waspe-Aiviou-3-in1-60k-60000-Puffs-Disposable-Vaper-600x600.webp",600,600,true],"woocommerce_gallery_thumbnail":["https:\/\/vapestornado.com\/wp-content\/uploads\/2025\/03\/Waspe-Aiviou-3-in1-60k-60000-Puffs-Disposable-Vaper-100x100.webp",100,100,true]},"uagb_author_info":{"display_name":"ESAMY","author_link":"https:\/\/vapestornado.com\/lv\/author\/"},"uagb_comment_info":1,"uagb_excerpt":"Waspe Aiviou 3 in 1 60000 Puffs disposable vape kit with 3 flavour switching, 54ml (3\u00d718ml) pods, 0.9\u03a9 mesh coils, LED display, and Type-C rechargeable 650mAh battery. Built for long use, popular with disposable vape wholesaler buyers and customers who Buy vapor in Poland instead of Buy cigarettes. WhatsApp: +86 17776015835 &nbsp;","_links":{"self":[{"href":"https:\/\/vapestornado.com\/lv\/wp-json\/wp\/v2\/product\/4013","targetHints":{"allow":["GET"]}}],"collection":[{"href":"https:\/\/vapestornado.com\/lv\/wp-json\/wp\/v2\/product"}],"about":[{"href":"https:\/\/vapestornado.com\/lv\/wp-json\/wp\/v2\/types\/product"}],"replies":[{"embeddable":true,"href":"https:\/\/vapestornado.com\/lv\/wp-json\/wp\/v2\/comments?post=4013"}],"wp:featuredmedia":[{"embeddable":true,"href":"https:\/\/vapestornado.com\/lv\/wp-json\/wp\/v2\/media\/4011"}],"wp:attachment":[{"href":"https:\/\/vapestornado.com\/lv\/wp-json\/wp\/v2\/media?parent=4013"}],"wp:term":[{"taxonomy":"product_brand","embeddable":true,"href":"https:\/\/vapestornado.com\/lv\/wp-json\/wp\/v2\/product_brand?post=4013"},{"taxonomy":"product_cat","embeddable":true,"href":"https:\/\/vapestornado.com\/lv\/wp-json\/wp\/v2\/product_cat?post=4013"},{"taxonomy":"product_tag","embeddable":true,"href":"https:\/\/vapestornado.com\/lv\/wp-json\/wp\/v2\/product_tag?post=4013"}],"curies":[{"name":"wp","href":"https:\/\/api.w.org\/{rel}","templated":true}]}}