{"id":3999,"date":"2025-03-25T07:33:36","date_gmt":"2025-03-25T07:33:36","guid":{"rendered":"https:\/\/vapestornado.com\/?post_type=product&#038;p=3999"},"modified":"2025-12-11T07:26:08","modified_gmt":"2025-12-11T07:26:08","slug":"wholesale-bang-beach-38000-puff-38k-vape-disposable-vaporizer-e-cig-at-cheap-prices","status":"publish","type":"product","link":"https:\/\/vapestornado.com\/lv\/product\/wholesale-bang-beach-38000-puff-38k-vape-disposable-vaporizer-e-cig-at-cheap-prices\/","title":{"rendered":"Vairumtirdzniec\u012bba Bang Beach 38000 Puff 38k Vape vienreiz\u0113j\u0101s lieto\u0161anas iztvaic\u0113t\u0101js E Cig par zem\u0101m cen\u0101m"},"content":{"rendered":"<h1 data-pm-slice=\"1 1 []\">Vairumtirdzniec\u012bba Bang Beach 38000 Puff 38k Vape vienreiz\u0113j\u0101s lieto\u0161anas iztvaic\u0113t\u0101js E Cig par zem\u0101m cen\u0101m<\/h1>\n<p><strong data-start=\"94\" data-end=\"114\">Bang pludmale 38000<\/strong> ir augstas ietilp\u012bbas vienreiz\u0113j\u0101 lieto\u0161anas E-cigarete, kas izstr\u0101d\u0101ta vaperiem, kuri v\u0113las ilgu darb\u012bbas laiku, skaidru inform\u0101ciju par ier\u012bci un stipru gar\u0161u no s\u0101kuma l\u012bdz beig\u0101m. Ar <strong data-start=\"277\" data-end=\"299\">l\u012bdz 38 000 ieelp\u0101m<\/strong>, a <strong data-start=\"303\" data-end=\"325\">38 ml e-\u0161\u0137idruma tvertne<\/strong>, un <strong data-start=\"334\" data-end=\"372\">850mAh Type-C uzl\u0101d\u0113jams akumulators<\/strong>, t\u0101 ir paredz\u0113ta ilgam darb\u012bbas periodam bez past\u0101v\u012bgas nomai\u0146as. <strong data-start=\"447\" data-end=\"470\">divu ekr\u0101nu displejs<\/strong> par\u0101da akumulatora un e\u013c\u013cas l\u012bmeni, kam\u0113r <strong data-start=\"511\" data-end=\"538\">pirkstu nospiedumu blo\u0137\u0113\u0161anas ekr\u0101ns<\/strong> pievieno dro\u0161\u012bbas sl\u0101ni kabat\u0101m, som\u0101m un ce\u013cojumiem.<\/p>\n<h3 data-start=\"825\" data-end=\"880\">K\u0101p\u0113c izv\u0113l\u0113ties Bang Beach 38000 Puff<\/h3>\n<ul data-start=\"882\" data-end=\"2354\">\n<li data-start=\"882\" data-end=\"1213\">\n<p data-start=\"884\" data-end=\"1213\"><strong data-start=\"884\" data-end=\"935\">Re\u0101la ietilp\u012bba, kas maina j\u016bsu ikned\u0113\u013cas rut\u012bnu.<\/strong> T\u0101 <strong data-start=\"940\" data-end=\"969\">Bang Beach 38000 Puff josla<\/strong> apvieno <strong data-start=\"981\" data-end=\"1000\">38K ieelpu v\u0113rt\u0113jums<\/strong> ar pilnu <strong data-start=\"1013\" data-end=\"1032\">38ml e-\u0161\u0137idruma<\/strong>, t\u0101p\u0113c regul\u0101ri lietot\u0101ji V\u0101cij\u0101, Sp\u0101nij\u0101 vai Polij\u0101 var iet <strong data-start=\"1086\" data-end=\"1119\">ned\u0113\u013cas, pirms nomain\u012bt ier\u012bces<\/strong>. Tas noz\u012bm\u0113 maz\u0101k \u0101rk\u0101rtas pirkumu un daudz zem\u0101kas \u201cdienas\u201d izmaksas nek\u0101 liel\u0101kajai da\u013cai maz\u0101ko vienreiz\u0113jo lieto\u0161anu.<\/p>\n<\/li>\n<li data-start=\"1215\" data-end=\"1490\">\n<p data-start=\"1217\" data-end=\"1490\"><strong data-start=\"1217\" data-end=\"1262\">Re\u017e\u0123a spir\u0101les gar\u0161a, kas neizbal\u0113.<\/strong> Darbojas ar uzlabotu <strong data-start=\"1283\" data-end=\"1307\">acu spoles tehnolo\u0123ija<\/strong>, \u0161is <strong data-start=\"1314\" data-end=\"1344\">Bang Beach 38K E-cigareti<\/strong> nodro\u0161ina glud\u0101ku tvaiku, stipr\u0101ku gar\u0161u un vienm\u0113r\u012bg\u0101kas ieelpas, nevis asu, sausu gar\u0161u, ko j\u016btat, kad pamata spir\u0101les s\u0101k dedzin\u0101ties.<\/p>\n<\/li>\n<li data-start=\"1492\" data-end=\"1773\">\n<p data-start=\"1494\" data-end=\"1773\"><strong data-start=\"1494\" data-end=\"1537\">Type-C uzl\u0101de, lai izvair\u012btos no iz\u0161\u0137\u0113rd\u0113ta \u0161\u0137idruma.<\/strong> T\u0101 <strong data-start=\"1542\" data-end=\"1589\">850mAh Type-C uzl\u0101d\u0113jama Bang Beach 38000<\/strong> ir izstr\u0101d\u0101ts, lai b\u016btu uzl\u0101d\u0113jams vair\u0101kas reizes. Kad akumulators ir nolietojies, piesl\u0113dziet to \u0101trai papildin\u0101\u0161anai un turpiniet lietot, l\u012bdz tvertne patie\u0161\u0101m ir tuk\u0161a, nevis izmest puslietotu \u0161\u0137idrumu.<\/p>\n<\/li>\n<li data-start=\"1775\" data-end=\"2092\">\n<p data-start=\"1777\" data-end=\"2092\"><strong data-start=\"1777\" data-end=\"1841\">Divu ekr\u0101nu displejs un pirkstu nospiedumu blo\u0137\u0113\u0161ana re\u0101lam lietojumam.<\/strong> T\u0101 <strong data-start=\"1846\" data-end=\"1890\">divu ekr\u0101nu Pod ier\u012bce<\/strong> r\u0101da e-\u0161\u0137idrumu un akumulatora l\u012bmeni re\u0101llaik\u0101, un pirkstu nospiedumu blo\u0137\u0113\u0161ana pal\u012bdz nov\u0113rst nejau\u0161u aktiv\u0101ciju j\u016bsu kabat\u0101 vai som\u0101 \u2014 noder\u012bgi ce\u013cojumos, vakara izklaid\u0113s vai ce\u013cojumos pa Latviju un cit\u0101m valst\u012bm.<\/p>\n<\/li>\n<li data-start=\"2094\" data-end=\"2354\">\n<p data-start=\"2096\" data-end=\"2354\"><strong data-start=\"2096\" data-end=\"2153\">Vairumtirdzniec\u012bbas draudz\u012bgs jebkurai tvaika veikalam vai izplat\u012bt\u0101jam.<\/strong> Ar <strong data-start=\"2159\" data-end=\"2190\">Cigare\u0161u vairumtirdzniec\u012bbas cenas<\/strong> un sp\u0113c\u012bga piepras\u012bjuma <strong data-start=\"2216\" data-end=\"2230\">tvaika veikal\u0101<\/strong> kan\u0101l\u0101, Bang Beach 38000 darbojas gan galalietot\u0101jiem, gan vairumtirdzniec\u012bbas pirc\u0113jiem, kuri v\u0113las ilgi kalpojo\u0161u ier\u012bci, kas patie\u0161\u0101m p\u0101rdod.<\/p>\n<\/li>\n<\/ul>\n<p data-start=\"666\" data-end=\"1235\"><strong style=\"font-size: 16px;\"><span style=\"color: #ff0000;\">Pievienojiet Amy WhatsApp, lai sa\u0146emtu t\u016bl\u012bt\u0113ju atbildi un atlai\u017eu cenu!<\/span><\/strong><\/p>\n<p><img fetchpriority=\"high\" decoding=\"async\" class=\"size-full wp-image-2932\" src=\"https:\/\/vapestornado.com\/wp-content\/uploads\/2024\/12\/Vape-Wholesale.jpg\" alt=\"Veipu Vairumtirdzniec\u012bba\" width=\"229\" height=\"300\" \/><\/p>\n<h3><a href=\"https:\/\/wa.me\/8617776015835\" target=\"_blank\" rel=\"noopener\"><span style=\"color: #ff0000;\"><strong>WhatsApp: +86 17776015835<\/strong><\/span><\/a><\/h3>\n<p>&nbsp;<\/p>\n<h2><strong>Bang Beach 38000 Puff Bar galven\u0101s produkta \u012bpa\u0161\u012bbas<\/strong><\/h2>\n<table>\n<thead>\n<tr>\n<th>\u012apa\u0161\u012bba<\/th>\n<th>specifik\u0101cija<\/th>\n<th>deta\u013cas<\/th>\n<\/tr>\n<\/thead>\n<tbody>\n<tr>\n<td>Z\u012bmols<\/td>\n<td>Bang Beach<\/td>\n<td>Augstas kapacit\u0101tes vienreiz\u0113j\u0101 l\u012bnija ES tirgiem<\/td>\n<\/tr>\n<tr>\n<td>Modelis<\/td>\n<td>Bang Beach 38000 P\u016b\u0161\u013cu b\u0101rs<\/td>\n<td>38K p\u016b\u0161u uzl\u0101des e-\u0161\u0137iltava<\/td>\n<\/tr>\n<tr>\n<td>Pufiju ietilp\u012bba<\/td>\n<td>L\u012bdz 38 000 p\u016b\u0161iem<\/td>\n<td>Izstr\u0101d\u0101ts vair\u0101kas ned\u0113\u013cas ikdienas lieto\u0161anai<\/td>\n<\/tr>\n<tr>\n<td>E-\u0161\u0137idruma tilpums<\/td>\n<td>38 ml e-\u0161\u0137idruma<\/td>\n<td>Liela tvertne, kas piem\u0113rota augstam p\u016b\u0161u skaitam<\/td>\n<\/tr>\n<tr>\n<td>Nikot\u012bna l\u012bme\u0146i<\/td>\n<td>0% \/ 2% \/ 3% \/ 5%<\/td>\n<td>Atbilst tikai arom\u0101tam, m\u0113ren\u0101m un stipr\u0101k\u0101m preferenc\u0113m<\/td>\n<\/tr>\n<tr>\n<td>Akumulators<\/td>\n<td>850mAh uzl\u0101d\u0113jams<\/td>\n<td>Atbalsta atk\u0101rtotas uzl\u0101des ier\u012bces dz\u012bves laik\u0101<\/td>\n<\/tr>\n<tr>\n<td>Uzl\u0101de<\/td>\n<td>Type-C uzl\u0101d\u0113jams<\/td>\n<td>\u0100tra uzl\u0101de ar standarta m\u016bsdienu kabe\u013ciem<\/td>\n<\/tr>\n<tr>\n<td>Spoles veids<\/td>\n<td>T\u012bkla spole<\/td>\n<td>Gluda tvaika un stabila arom\u0101ta pieg\u0101de<\/td>\n<\/tr>\n<tr>\n<td>Displejs<\/td>\n<td>Divu ekr\u0101nu (e\u013c\u013ca + akumulators)<\/td>\n<td>Re\u0101llaika statuss par e-\u0161\u0137idrumu un akumulatoru<\/td>\n<\/tr>\n<tr>\n<td>Dro\u0161\u012bba<\/td>\n<td>Pirkstu nospiedumu blo\u0137\u0113\u0161anas ekr\u0101ns<\/td>\n<td>Samazina nejau\u0161u aizdedzi un palielina priv\u0101tumu<\/td>\n<\/tr>\n<tr>\n<td>Pozicion\u0113\u0161ana<\/td>\n<td>Vairumtirdzniec\u012bba un mazumtirdzniec\u012bba<\/td>\n<td>Optimiz\u0113ts cigare\u0161u vairumtirdzniec\u012bbas cen\u0101m un tvaika veikalu p\u0101rdo\u0161anai<\/td>\n<\/tr>\n<\/tbody>\n<\/table>\n<h2 class=\"product-title\"><strong>Bang Beach 38000 P\u016btes Karsto gar\u0161u saraksts<\/strong><\/h2>\n<article class=\"w-full text-token-text-primary focus-visible:outline-2 focus-visible:outline-offset-[-4px]\" dir=\"auto\" data-testid=\"conversation-turn-32\" data-scroll-anchor=\"false\">\n<div class=\"m-auto text-base py-[18px] px-6\">\n<div class=\"mx-auto flex flex-1 text-base gap-4 md:gap-5 lg:gap-6 md:max-w-3xl lg:max-w-[40rem] xl:max-w-[48rem]\">\n<div class=\"group\/conversation-turn relative flex w-full min-w-0 flex-col @xs\/thread:px-0 @sm\/thread:px-1.5 @md\/thread:px-4\">\n<div class=\"flex-col gap-1 md:gap-3\">\n<div class=\"flex max-w-full flex-col flex-grow\">\n<div class=\"min-h-8 text-message flex w-full flex-col items-end gap-2 whitespace-normal break-words text-start [.text-message+&amp;]:mt-5\" dir=\"auto\" data-message-author-role=\"user\" data-message-id=\"ffac41ca-1db4-431b-873a-32c4052956f1\">\n<div class=\"flex w-full flex-col gap-1 empty:hidden items-end rtl:items-start\">\n<div class=\"relative max-w-[var(--user-chat-width,70%)] rounded-3xl bg-token-message-surface px-5 py-2.5\">\n<div class=\"absolute bottom-0 right-full top-0 -mr-3.5 hidden pr-5 pt-2 [.group\/conversation-turn:hover_&amp;]:flex\">\n<div class=\"flex\">\n<article class=\"w-full text-token-text-primary focus-visible:outline-2 focus-visible:outline-offset-[-4px]\" dir=\"auto\" data-testid=\"conversation-turn-39\" data-scroll-anchor=\"true\">\n<div class=\"m-auto text-base py-[18px] px-6\">\n<div class=\"mx-auto flex flex-1 text-base gap-4 md:gap-5 lg:gap-6 md:max-w-3xl lg:max-w-[40rem] xl:max-w-[48rem]\">\n<div class=\"group\/conversation-turn relative flex w-full min-w-0 flex-col agent-turn @xs\/thread:px-0 @sm\/thread:px-1.5 @md\/thread:px-4\">\n<div class=\"flex-col gap-1 md:gap-3\">\n<div class=\"flex max-w-full flex-col flex-grow\">\n<div class=\"min-h-8 text-message flex w-full flex-col items-end gap-2 whitespace-normal break-words text-start [.text-message+&amp;]:mt-5\" dir=\"auto\" data-message-author-role=\"assistant\" data-message-id=\"55a23854-ec57-48dd-bd4f-6118f43d6241\" data-message-model-slug=\"gpt-4o\">\n<div class=\"flex w-full flex-col gap-1 empty:hidden first:pt-[3px]\">\n<div class=\"markdown prose w-full break-words dark:prose-invert light\">\n<p>1.Tr\u012bsk\u0101r\u0161u ogu ledus<br \/>\n2.Roz\u0101 limon\u0101de<br \/>\n3. Melle\u0146u ave\u0146u<br \/>\n4. Jauktu ogu<br \/>\n5. Zeme\u0146u arb\u016bzu<br \/>\n6. Zeme\u0146u ledus<br \/>\n7. V\u012bnogu ledus<br \/>\n8. Persiku mango<br \/>\n9. Zilo ave\u0146u ledus<br \/>\n10. \u0136ir\u0161u bumba<br \/>\n11. Arb\u016bzu ledus<br \/>\n12. Persiku ledus<\/p>\n<figure id=\"attachment_4000\" aria-describedby=\"caption-attachment-4000\" style=\"width: 596px\" class=\"wp-caption alignnone\"><img decoding=\"async\" class=\"wp-image-4000 size-full\" src=\"https:\/\/vapestornado.com\/wp-content\/uploads\/2025\/03\/Wholesale-Bang-38000-Puffs.png\" alt=\"Bang 38000 uzp\u016btienu vairumtirdzniec\u012bba\" width=\"596\" height=\"596\" srcset=\"https:\/\/vapestornado.com\/wp-content\/uploads\/2025\/03\/Wholesale-Bang-38000-Puffs.png 596w, https:\/\/vapestornado.com\/wp-content\/uploads\/2025\/03\/Wholesale-Bang-38000-Puffs-300x300.png 300w, https:\/\/vapestornado.com\/wp-content\/uploads\/2025\/03\/Wholesale-Bang-38000-Puffs-150x150.png 150w, https:\/\/vapestornado.com\/wp-content\/uploads\/2025\/03\/Wholesale-Bang-38000-Puffs-100x100.png 100w\" sizes=\"(max-width: 596px) 100vw, 596px\" \/><figcaption id=\"caption-attachment-4000\" class=\"wp-caption-text\">Bang 38000 uzp\u016btienu vairumtirdzniec\u012bba<\/figcaption><\/figure>\n<\/div>\n<\/div>\n<\/div>\n<\/div>\n<\/div>\n<\/div>\n<\/div>\n<\/div>\n<\/article>\n<\/div>\n<\/div>\n<\/div>\n<\/div>\n<\/div>\n<\/div>\n<\/div>\n<\/div>\n<\/div>\n<\/div>\n<\/article>\n<h2>K\u0101p\u0113c izv\u0113l\u0113ties Vapestornado, lai ieg\u0101d\u0101tos Bang Beach 38000 uzp\u016btienu?<\/h2>\n<div class=\"flex-shrink-0 flex flex-col relative items-end\">\n<div class=\"pt-0\">\n<div class=\"gizmo-bot-avatar flex h-8 w-8 items-center justify-center overflow-hidden rounded-full\">\n<div class=\"relative p-1 rounded-sm flex items-center justify-center bg-token-main-surface-primary text-token-text-primary h-8 w-8\">\n<p data-start=\"88\" data-end=\"557\">Kad runa ir par <strong data-start=\"105\" data-end=\"154\">\u00a0augstas kvalit\u0101tes vienreiz\u0113j\u0101s lieto\u0161anas iztvaic\u0113t\u0101ju ieg\u0101de<\/strong>, <strong data-start=\"156\" data-end=\"172\">Vapestornado<\/strong> ir lab\u0101kais avots nep\u0101rsp\u0113jamam <strong data-start=\"208\" data-end=\"271\">r\u016bpn\u012bcas cen\u0101m, \u0101trai pieg\u0101dei un augst\u0101k\u0101s klases klientu apkalpo\u0161anai<\/strong>. Ieg\u0101d\u0101joties Bang Beach 38000 Puff no Vapestornado, j\u016bs sa\u0146emat <strong data-start=\"363\" data-end=\"400\">autentiskus, 100% ori\u0123in\u0101lus produktus<\/strong> ar jaun\u0101ko<strong data-start=\"417\" data-end=\"515\"> ekr\u0101na displeju, uzl\u0101d\u0113jamu Type-C \u0113rt\u012bbu un 38000 uzp\u016btienu ietilp\u012bbu<\/strong>\u2014visu par lab\u0101ko<strong data-start=\"527\" data-end=\"554\">\u00a0vairumtirdzniec\u012bbas cenas<\/strong>.<\/p>\n<p data-start=\"559\" data-end=\"933\" data-is-last-node=\"\" data-is-only-node=\"\">Mums ir ar\u012b citi popul\u0101ri veipi ar ekr\u0101nu, piem\u0113ram <a href=\"https:\/\/vapestornado.com\/lv\/product\/mesii-couple-50k-disposable-shisha-hookah-50000-puffs-vape-with-digital-display\/\">Mesii p\u0101ris 50000<\/a>, <a href=\"https:\/\/vapestornado.com\/lv\/product\/vopk-ultra-40000-puffs-2-in-1-digital-screen-rechargeable-disposable-vape\/\">VOPK 40000 Puff vienreiz\u0113j\u0101s lieto\u0161anas vape<\/a>, <a href=\"https:\/\/vapestornado.com\/lv\/product\/bang-beach-22000-20k-puff-disposable-vape-pen-with-screen-reddit-hot\/\">Bang pludmale 22000<\/a>, un citi.<\/p>\n<\/div>\n<div class=\"relative p-1 rounded-sm flex items-center justify-center bg-token-main-surface-primary text-token-text-primary h-8 w-8\">\n<h2>BUJ par Bang 38000<\/h2>\n<p data-start=\"3372\" data-end=\"3465\">1. Cik ilgi parasti kalpo Bang Beach 38000 p\u016btienu e-cigarete ikdienas lietot\u0101jiem?<\/p>\n<p data-start=\"3466\" data-end=\"3738\">T\u0101 <strong data-start=\"3470\" data-end=\"3507\">Bang Beach 38000 p\u016btienu e-cigarete<\/strong> apvieno <strong data-start=\"3516\" data-end=\"3529\">38 ml tvertni<\/strong> ar l\u012bdz <strong data-start=\"3541\" data-end=\"3557\">38 000 uzp\u016btieniem<\/strong>, t\u0101p\u0113c daudzi ikdienas lietot\u0101ji var sa\u0146emt <strong data-start=\"3590\" data-end=\"3625\">vair\u0101ku ned\u0113\u013cu lieto\u0161anu katrai ier\u012bcei<\/strong>. Patiesais laiks ir atkar\u012bgs no p\u016btienu bie\u017euma un ieelpo\u0161anas garuma, bet tas skaidri p\u0101rsp\u0113j tipisk\u0101s 5K\u201310K vienreizlietojam\u0101s.<\/p>\n<p data-start=\"3745\" data-end=\"3859\">2. Ko maina Bang Beach 38000 augstkapacit\u0101tes tvaika ra\u017eojo\u0161\u0101 re\u017e\u0123a spole arom\u0101ta un tvaika zi\u0146\u0101?<\/p>\n<p data-start=\"3860\" data-end=\"4084\">T\u0101 <strong data-start=\"3864\" data-end=\"3906\">Bang Beach 38000 re\u017e\u0123a spir\u0101les e-cigarete<\/strong> izklied\u0113 siltumu vienm\u0113r\u012bgi caur vadi\u0146u, kas saglab\u0101 tvaiku bl\u012bvu un arom\u0101tu konsekventu. \u0160is dizains pal\u012bdz izvair\u012bties no asi, dedzino\u0161as gar\u0161as p\u012bp\u0113m, \u012bpa\u0161i pie \u0161\u0137idruma beig\u0101m.<\/p>\n<p data-start=\"4091\" data-end=\"4184\">3. K\u0101 dual-skrejaina displejs uz Bang Beach 38000 p\u016b\u0161am\u0101s ier\u012bces pal\u012bdz ikdienas lieto\u0161an\u0101?<\/p>\n<p data-start=\"4185\" data-end=\"4462\">T\u0101 <strong data-start=\"4189\" data-end=\"4230\">dual-skrejaina Bang Beach 38000 p\u016b\u0161am\u0101 ier\u012bce<\/strong> par\u0101da e-\u0161\u0137idruma l\u012bmeni un akumulatora statusu atsevi\u0161\u0137i, t\u0101d\u0113j\u0101di vienm\u0113r zin\u0101t, vai nepiecie\u0161ama uzl\u0101de vai ar\u012b tvertne ir gandr\u012bz iztuk\u0161ota. Tas nov\u0113r\u0161 min\u0113jumus, kas ir svar\u012bgi, ja lietojat vienu ier\u012bci darba dien\u0101s vai ce\u013cojumos.<\/p>\n<p data-start=\"4469\" data-end=\"4582\">4. Vai Bang Beach 38000 ir piem\u0113rota pirc\u0113jiem, kas sal\u012bdzina tvaika veikalu ier\u012bces ar Cigarette vairumtirdzniec\u012bbas cen\u0101m?<\/p>\n<p data-start=\"4583\" data-end=\"4884\">J\u0101. Par <strong data-start=\"4592\" data-end=\"4606\">tvaika veikal\u0101<\/strong> \u012bpa\u0161niekiem un izplat\u012bt\u0101jiem, <strong data-start=\"4636\" data-end=\"4678\">Bang Beach 38000 vairumtirdzniec\u012bbas e-cigarete<\/strong> nodro\u0161ina augstu p\u016b\u0161u skaitu, uzlabotas funkcijas (skatieni + pirkstu nospiedumu sl\u0113dzis) un konkur\u0113tsp\u0113j\u012bgu <strong data-start=\"4767\" data-end=\"4798\">Cigare\u0161u vairumtirdzniec\u012bbas cenas<\/strong>, kas kop\u0101 veido sp\u0113c\u012bgu v\u0113rt\u012bbas pied\u0101v\u0101jumu sal\u012bdzin\u0101jum\u0101 ar cit\u0101m ilglaic\u012bg\u0101m vienreizlietojam\u0101m ier\u012bc\u0113m.<\/p>\n<p data-start=\"4891\" data-end=\"5003\">5. Vai pirkstu nospiedumu sl\u0113dzis uz Bang Beach 38000 p\u016b\u0161am\u0101s e-cigaretes ietekm\u0113 veiktsp\u0113ju vai tikai dro\u0161\u012bbu?<\/p>\n<p data-start=\"5004\" data-end=\"5262\">T\u0101 <strong data-start=\"5008\" data-end=\"5052\">Bang Beach 38000 pirkstu nospiedumu sl\u0113d\u017ea sist\u0113ma<\/strong> ir piln\u012bgi par dro\u0161\u012bbu un \u0113rt\u012bb\u0101m. Tas pal\u012bdz nov\u0113rst nejau\u0161u iesl\u0113g\u0161anu un nelikum\u012bgu lieto\u0161anu, bet, kad tas ir atblo\u0137\u0113ts, veiktsp\u0113ja nemain\u0101s \u2014 j\u016bs joproj\u0101m sa\u0146emat pilnu jaudu no re\u017e\u0123a spir\u0101les un 850mAh akumulatora.<\/p>\n<\/div>\n<\/div>\n<\/div>\n<\/div>","protected":false},"excerpt":{"rendered":"<p class=\"LC20lb MBeuO DKV0Md\">Bang Beach 38000 Puff vienreiz\u0113j\u0101s lieto\u0161anas E-cigarete ar 38ml e-\u0161\u0137idrumu, re\u017e\u0123a spir\u0101li, 850mAh Type-C uzl\u0101d\u0113jamu akumulatoru, dubultekr\u0101na displeju un pirkstu nospiedumu blo\u0137\u0113\u0161anu. Augstas ietilp\u012bbas 38K vape josla, kas paredz\u0113ta ilgam lieto\u0161anai, tirdzniec\u012bbai vapor veikalos un konkur\u0113tsp\u0113j\u012bg\u0101m cigare\u0161u vairumtirdzniec\u012bbas cen\u0101m vis\u0101 Eirop\u0101.<\/p>\n<p><strong>Pievienojiet Eimijas WhatsApp, lai sa\u0146emtu prec\u012bzu atbildi un atlaidi!<\/strong><\/p>\n<p><img fetchpriority=\"high\" decoding=\"async\" class=\"size-full wp-image-2932\" src=\"https:\/\/vapestornado.com\/wp-content\/uploads\/2024\/12\/Vape-Wholesale.jpg\" alt=\"Veipu Vairumtirdzniec\u012bba\" width=\"229\" height=\"300\" \/><\/p>\n<h3><a href=\"https:\/\/wa.me\/8617776015835\"><span style=\"color: #ff0000;\"><strong>WhatsApp: +86 17776015835<\/strong><\/span><\/a><\/h3>\n<p>&nbsp;<\/p>","protected":false},"featured_media":3998,"comment_status":"open","ping_status":"closed","template":"","meta":{"_acf_changed":false,"_uag_custom_page_level_css":"","_lmt_disableupdate":"no","_lmt_disable":"","_monsterinsights_skip_tracking":false,"_monsterinsights_sitenote_active":false,"_monsterinsights_sitenote_note":"","_monsterinsights_sitenote_category":0,"site-sidebar-layout":"default","site-content-layout":"","ast-site-content-layout":"default","site-content-style":"default","site-sidebar-style":"default","ast-global-header-display":"","ast-banner-title-visibility":"","ast-main-header-display":"","ast-hfb-above-header-display":"","ast-hfb-below-header-display":"","ast-hfb-mobile-header-display":"","site-post-title":"","ast-breadcrumbs-content":"","ast-featured-img":"","footer-sml-layout":"","ast-disable-related-posts":"","theme-transparent-header-meta":"default","adv-header-id-meta":"","stick-header-meta":"","header-above-stick-meta":"","header-main-stick-meta":"","header-below-stick-meta":"","astra-migrate-meta-layouts":"set","ast-page-background-enabled":"default","ast-page-background-meta":{"desktop":{"background-color":"","background-image":"","background-repeat":"repeat","background-position":"center center","background-size":"auto","background-attachment":"scroll","background-type":"","background-media":"","overlay-type":"","overlay-color":"","overlay-opacity":"","overlay-gradient":""},"tablet":{"background-color":"","background-image":"","background-repeat":"repeat","background-position":"center center","background-size":"auto","background-attachment":"scroll","background-type":"","background-media":"","overlay-type":"","overlay-color":"","overlay-opacity":"","overlay-gradient":""},"mobile":{"background-color":"","background-image":"","background-repeat":"repeat","background-position":"center center","background-size":"auto","background-attachment":"scroll","background-type":"","background-media":"","overlay-type":"","overlay-color":"","overlay-opacity":"","overlay-gradient":""}},"ast-content-background-meta":{"desktop":{"background-color":"var(--ast-global-color-5)","background-image":"","background-repeat":"repeat","background-position":"center center","background-size":"auto","background-attachment":"scroll","background-type":"","background-media":"","overlay-type":"","overlay-color":"","overlay-opacity":"","overlay-gradient":""},"tablet":{"background-color":"var(--ast-global-color-5)","background-image":"","background-repeat":"repeat","background-position":"center center","background-size":"auto","background-attachment":"scroll","background-type":"","background-media":"","overlay-type":"","overlay-color":"","overlay-opacity":"","overlay-gradient":""},"mobile":{"background-color":"var(--ast-global-color-5)","background-image":"","background-repeat":"repeat","background-position":"center center","background-size":"auto","background-attachment":"scroll","background-type":"","background-media":"","overlay-type":"","overlay-color":"","overlay-opacity":"","overlay-gradient":""}},"_joinchat":{"telephone":"17776015835"}},"product_brand":[],"product_cat":[62,153,158,142],"product_tag":[295,297,296,491,269],"class_list":{"0":"post-3999","1":"product","2":"type-product","3":"status-publish","4":"has-post-thumbnail","6":"product_cat-bang-vape","7":"product_cat-buy-disposable-vapes-in-italy","8":"product_cat-buy-disposable-vapes-in-spain","9":"product_cat-digital-box-disposable-vapes","10":"product_tag-bang-beach-38000","11":"product_tag-fingerprint-vape","12":"product_tag-puff-bar","13":"product_tag-vape-with-digital-dispaly","14":"product_tag-vape-with-screen","15":"desktop-align-left","16":"tablet-align-left","17":"mobile-align-left","19":"first","20":"instock","21":"sale","22":"shipping-taxable","23":"purchasable","24":"product-type-simple"},"acf":[],"uagb_featured_image_src":{"full":["https:\/\/vapestornado.com\/wp-content\/uploads\/2025\/03\/Wholesale-Bang-Vape-at-Cheap-Prices.webp",800,800,false],"thumbnail":["https:\/\/vapestornado.com\/wp-content\/uploads\/2025\/03\/Wholesale-Bang-Vape-at-Cheap-Prices-150x150.webp",150,150,true],"medium":["https:\/\/vapestornado.com\/wp-content\/uploads\/2025\/03\/Wholesale-Bang-Vape-at-Cheap-Prices-300x300.webp",300,300,true],"medium_large":["https:\/\/vapestornado.com\/wp-content\/uploads\/2025\/03\/Wholesale-Bang-Vape-at-Cheap-Prices-768x768.webp",768,768,true],"large":["https:\/\/vapestornado.com\/wp-content\/uploads\/2025\/03\/Wholesale-Bang-Vape-at-Cheap-Prices.webp",800,800,false],"1536x1536":["https:\/\/vapestornado.com\/wp-content\/uploads\/2025\/03\/Wholesale-Bang-Vape-at-Cheap-Prices.webp",800,800,false],"2048x2048":["https:\/\/vapestornado.com\/wp-content\/uploads\/2025\/03\/Wholesale-Bang-Vape-at-Cheap-Prices.webp",800,800,false],"trp-custom-language-flag":["https:\/\/vapestornado.com\/wp-content\/uploads\/2025\/03\/Wholesale-Bang-Vape-at-Cheap-Prices.webp",12,12,false],"woocommerce_thumbnail":["https:\/\/vapestornado.com\/wp-content\/uploads\/2025\/03\/Wholesale-Bang-Vape-at-Cheap-Prices-300x300.webp",300,300,true],"woocommerce_single":["https:\/\/vapestornado.com\/wp-content\/uploads\/2025\/03\/Wholesale-Bang-Vape-at-Cheap-Prices-600x600.webp",600,600,true],"woocommerce_gallery_thumbnail":["https:\/\/vapestornado.com\/wp-content\/uploads\/2025\/03\/Wholesale-Bang-Vape-at-Cheap-Prices-100x100.webp",100,100,true]},"uagb_author_info":{"display_name":"ESAMY","author_link":"https:\/\/vapestornado.com\/lv\/author\/"},"uagb_comment_info":1,"uagb_excerpt":"Bang Beach 38000 Puff disposable E-cigarette with 38ml e-juice, mesh coil, 850mAh Type-C rechargeable battery, dual-screen display and fingerprint lock. High-capacity 38K vape bar designed for long use, vapor shop sales, and competitive Cigarette wholesaler prices across Europe. Add Amy's whatsapp to get right reply and discount price! WhatsApp: +86 17776015835 &nbsp;","_links":{"self":[{"href":"https:\/\/vapestornado.com\/lv\/wp-json\/wp\/v2\/product\/3999","targetHints":{"allow":["GET"]}}],"collection":[{"href":"https:\/\/vapestornado.com\/lv\/wp-json\/wp\/v2\/product"}],"about":[{"href":"https:\/\/vapestornado.com\/lv\/wp-json\/wp\/v2\/types\/product"}],"replies":[{"embeddable":true,"href":"https:\/\/vapestornado.com\/lv\/wp-json\/wp\/v2\/comments?post=3999"}],"wp:featuredmedia":[{"embeddable":true,"href":"https:\/\/vapestornado.com\/lv\/wp-json\/wp\/v2\/media\/3998"}],"wp:attachment":[{"href":"https:\/\/vapestornado.com\/lv\/wp-json\/wp\/v2\/media?parent=3999"}],"wp:term":[{"taxonomy":"product_brand","embeddable":true,"href":"https:\/\/vapestornado.com\/lv\/wp-json\/wp\/v2\/product_brand?post=3999"},{"taxonomy":"product_cat","embeddable":true,"href":"https:\/\/vapestornado.com\/lv\/wp-json\/wp\/v2\/product_cat?post=3999"},{"taxonomy":"product_tag","embeddable":true,"href":"https:\/\/vapestornado.com\/lv\/wp-json\/wp\/v2\/product_tag?post=3999"}],"curies":[{"name":"wp","href":"https:\/\/api.w.org\/{rel}","templated":true}]}}