{"id":3975,"date":"2025-03-25T07:58:28","date_gmt":"2025-03-25T07:58:28","guid":{"rendered":"https:\/\/vapestornado.com\/?post_type=product&#038;p=3975"},"modified":"2025-08-23T11:43:24","modified_gmt":"2025-08-23T11:43:24","slug":"2025-new-vopk-ultra-40000-puffs-double-flavor-disposable-vape-factory-suppliers","status":"publish","type":"product","link":"https:\/\/vapestornado.com\/lv\/product\/2025-new-vopk-ultra-40000-puffs-double-flavor-disposable-vape-factory-suppliers\/","title":{"rendered":"2025 Jauni VOPK Ultra 40000 uzp\u016btienu dubult\u0101s gar\u0161as vienreiz\u0113j\u0101s lieto\u0161anas iztvaic\u0113t\u0101ju r\u016bpn\u012bcas pieg\u0101d\u0101t\u0101ji"},"content":{"rendered":"<h1 data-pm-slice=\"1 1 []\">2025 Jauni VOPK Ultra 40000 uzp\u016btienu dubult\u0101s gar\u0161as vienreiz\u0113j\u0101s lieto\u0161anas iztvaic\u0113t\u0101ju r\u016bpn\u012bcas pieg\u0101d\u0101t\u0101ji<\/h1>\n<p data-start=\"140\" data-end=\"448\">T\u0101 <strong data-start=\"144\" data-end=\"209\">2025. gada jaunais VOPK Ultra 40000 uzp\u016btienu divu gar\u0161u vienreizlietojamais Vape<\/strong> ir paredz\u0113ts mazumtirgot\u0101jiem un izplat\u012bt\u0101jiem, kuri mekl\u0113 augstas kvalit\u0101tes, ilgsto\u0161u iesp\u0113ju savam invent\u0101ram. Ar l\u012bdz pat <strong data-start=\"324\" data-end=\"340\">40 000 uzp\u016btienu<\/strong>, \u0161\u012b lielas ietilp\u012bbas ier\u012bce apvieno <strong data-start=\"377\" data-end=\"409\">DTL hookah stila veiktsp\u0113ju<\/strong> ar stil\u012bgu SHISHA iedvesmotu dizainu.<\/p>\n<p data-start=\"450\" data-end=\"859\">Apr\u012bkots ar <strong data-start=\"467\" data-end=\"498\">850mAh uzl\u0101d\u0113jams akumulators<\/strong> un <strong data-start=\"505\" data-end=\"537\">36 ml iepriek\u0161 uzpild\u012bta e-\u0161\u0137idruma tvertne<\/strong>, VOPK Ultra nodro\u0161ina ilgsto\u0161u tvaic\u0113\u0161anu bez bie\u017eas nomai\u0146as. T\u0101 <strong data-start=\"613\" data-end=\"635\">RGB digit\u0101lais ekr\u0101ns<\/strong> inform\u0113 lietot\u0101jus ar re\u0101llaika atjaunin\u0101jumiem par akumulatoru, uzp\u016btienu statusu un jaudas iestat\u012bjumiem. Regul\u0113jama jaudas kontrole \u013cauj klientiem prec\u012bzi noregul\u0113t savu tvaic\u0113\u0161anas intensit\u0101ti vai nu vienm\u0113r\u012bg\u0101m gar\u0161as sesij\u0101m, vai bl\u012bvu m\u0101ko\u0146u dzen\u0101\u0161anai.<\/p>\n<p data-start=\"861\" data-end=\"1210\">Iev\u0113rojam\u0101k\u0101 iez\u012bme ir t\u0101 <strong data-start=\"889\" data-end=\"914\">kvadr\u0101tveida sieta spoles sist\u0113mu<\/strong>, nodro\u0161inot pastiprin\u0101tu gar\u0161u un tvaiku ra\u017eo\u0161anu, vienlaikus nodro\u0161inot, ka katrs uzp\u016btiens paliek konsekvents. Ar <strong data-start=\"1015\" data-end=\"1053\">div\u0101m gar\u0161\u0101m, kas ieb\u016bv\u0113tas vien\u0101 ier\u012bc\u0113<\/strong>, lietot\u0101ji var bez piep\u016bles p\u0101rsl\u0113gties starp gar\u0161as profiliem, piem\u0113ram, <strong data-start=\"1113\" data-end=\"1165\">Zeme\u0146u arb\u016bzs<\/strong> or <strong data-start=\"1169\" data-end=\"1207\">Zil\u0101 avenes anan\u0101ss<\/strong>.<\/p>\n<p data-start=\"1212\" data-end=\"1603\">Pieejams <strong data-start=\"1225\" data-end=\"1266\">0%, 2%, 3% un 5% nikot\u012bna stiprumos<\/strong>, VOPK Ultra 40K ir piem\u0113rots vis\u0101m lietot\u0101ju v\u0113lm\u0113m, s\u0101kot no entuziastiem, kas nelieto nikot\u012bnu, l\u012bdz pieredz\u0113ju\u0161iem tvaic\u0113t\u0101jiem. \u0100trs <strong data-start=\"1378\" data-end=\"1397\">C tipa uzl\u0101de<\/strong> garant\u0113 minim\u0101lu d\u012bkst\u0101vi, padarot to \u013coti uzticamu lieto\u0161anai, atrodoties ce\u013c\u0101. Vairumtirgot\u0101jiem \u0161is modelis pied\u0101v\u0101 <strong data-start=\"1507\" data-end=\"1586\">tie\u0161u pieg\u0101di no r\u016bpn\u012bcas, konkur\u0113tsp\u0113j\u012bgas vairumtirdzniec\u012bbas cenas un sp\u0113c\u012bgu pievilc\u012bbu klientiem<\/strong> vis\u0101 Eirop\u0101.<\/p>\n<p data-start=\"666\" data-end=\"1235\"><strong style=\"font-size: 16px;\"><span style=\"color: #ff0000;\">Pievienojiet Amy WhatsApp, lai sa\u0146emtu t\u016bl\u012bt\u0113ju atbildi un atlai\u017eu cenu!<\/span><\/strong><\/p>\n<p><img fetchpriority=\"high\" decoding=\"async\" class=\"size-full wp-image-2932\" src=\"https:\/\/vapestornado.com\/wp-content\/uploads\/2024\/12\/Vape-Wholesale.jpg\" alt=\"Veipu Vairumtirdzniec\u012bba\" width=\"229\" height=\"300\" \/><\/p>\n<h3><a href=\"https:\/\/wa.me\/8617776015835\" target=\"_blank\" rel=\"noopener\"><span style=\"color: #ff0000;\"><strong>WhatsApp: +86 17776015835<\/strong><\/span><\/a><\/h3>\n<p>&nbsp;<\/p>\n<h2><strong>VOPK Ultra 40000 P\u016btienu galven\u0101s funkcijas<\/strong><\/h2>\n<p>Z\u012bmols: Vopk Vapes<br \/>\nE-sula: 36 ml iepriek\u0161 uzpild\u012bts \u0161\u0137idrums<br \/>\nAkumulators: 850mAh akumulators<br \/>\nC tipa ports<br \/>\nL\u012bdz 40000 p\u016btieniem<br \/>\nRegul\u0113jama jauda<br \/>\nDigit\u0101lais ekr\u0101na displejs<br \/>\n0% 2% 3% 5% nikot\u012bna l\u012bme\u0146i<\/p>\n<figure id=\"attachment_3955\" aria-describedby=\"caption-attachment-3955\" style=\"width: 800px\" class=\"wp-caption alignnone\"><img decoding=\"async\" class=\"wp-image-3955 size-full\" src=\"https:\/\/vapestornado.com\/wp-content\/uploads\/2025\/03\/VOPK-Ultra-40k-40000-Puffs-Disposable-Vape-Dual-Flavors.webp\" alt=\"VOPK Ultra 40k 40000 d\u016bmu vienreiz\u0113j\u0101s lieto\u0161anas elektronisk\u0101 cigarete ar 2 gar\u0161\u0101m\" width=\"800\" height=\"800\" srcset=\"https:\/\/vapestornado.com\/wp-content\/uploads\/2025\/03\/VOPK-Ultra-40k-40000-Puffs-Disposable-Vape-Dual-Flavors.webp 800w, https:\/\/vapestornado.com\/wp-content\/uploads\/2025\/03\/VOPK-Ultra-40k-40000-Puffs-Disposable-Vape-Dual-Flavors-300x300.webp 300w, https:\/\/vapestornado.com\/wp-content\/uploads\/2025\/03\/VOPK-Ultra-40k-40000-Puffs-Disposable-Vape-Dual-Flavors-150x150.webp 150w, https:\/\/vapestornado.com\/wp-content\/uploads\/2025\/03\/VOPK-Ultra-40k-40000-Puffs-Disposable-Vape-Dual-Flavors-768x768.webp 768w, https:\/\/vapestornado.com\/wp-content\/uploads\/2025\/03\/VOPK-Ultra-40k-40000-Puffs-Disposable-Vape-Dual-Flavors-600x600.webp 600w, https:\/\/vapestornado.com\/wp-content\/uploads\/2025\/03\/VOPK-Ultra-40k-40000-Puffs-Disposable-Vape-Dual-Flavors-100x100.webp 100w\" sizes=\"(max-width: 800px) 100vw, 800px\" \/><figcaption id=\"caption-attachment-3955\" class=\"wp-caption-text\">VOPK Ultra 40k 40000 d\u016bmu vienreiz\u0113j\u0101s lieto\u0161anas elektronisk\u0101 cigarete ar 2 gar\u0161\u0101m<\/figcaption><\/figure>\n<p>&nbsp;<\/p>\n<h2 class=\"product-title\"><strong>VOPK Ultra 40000 d\u016bmu vienreiz\u0113j\u0101s lieto\u0161anas kast\u012btes gar\u0161u saraksts<\/strong><\/h2>\n<article class=\"w-full text-token-text-primary focus-visible:outline-2 focus-visible:outline-offset-[-4px]\" dir=\"auto\" data-testid=\"conversation-turn-32\" data-scroll-anchor=\"false\">\n<div class=\"m-auto text-base py-[18px] px-6\">\n<div class=\"mx-auto flex flex-1 text-base gap-4 md:gap-5 lg:gap-6 md:max-w-3xl lg:max-w-[40rem] xl:max-w-[48rem]\">\n<div class=\"group\/conversation-turn relative flex w-full min-w-0 flex-col @xs\/thread:px-0 @sm\/thread:px-1.5 @md\/thread:px-4\">\n<div class=\"flex-col gap-1 md:gap-3\">\n<div class=\"flex max-w-full flex-col flex-grow\">\n<div class=\"min-h-8 text-message flex w-full flex-col items-end gap-2 whitespace-normal break-words text-start [.text-message+&amp;]:mt-5\" dir=\"auto\" data-message-author-role=\"user\" data-message-id=\"ffac41ca-1db4-431b-873a-32c4052956f1\">\n<div class=\"flex w-full flex-col gap-1 empty:hidden items-end rtl:items-start\">\n<div class=\"relative max-w-[var(--user-chat-width,70%)] rounded-3xl bg-token-message-surface px-5 py-2.5\">\n<div class=\"absolute bottom-0 right-full top-0 -mr-3.5 hidden pr-5 pt-2 [.group\/conversation-turn:hover_&amp;]:flex\">\n<div class=\"flex\">\n<article class=\"w-full text-token-text-primary focus-visible:outline-2 focus-visible:outline-offset-[-4px]\" dir=\"auto\" data-testid=\"conversation-turn-39\" data-scroll-anchor=\"true\">\n<div class=\"m-auto text-base py-[18px] px-6\">\n<div class=\"mx-auto flex flex-1 text-base gap-4 md:gap-5 lg:gap-6 md:max-w-3xl lg:max-w-[40rem] xl:max-w-[48rem]\">\n<div class=\"group\/conversation-turn relative flex w-full min-w-0 flex-col agent-turn @xs\/thread:px-0 @sm\/thread:px-1.5 @md\/thread:px-4\">\n<div class=\"flex-col gap-1 md:gap-3\">\n<div class=\"flex max-w-full flex-col flex-grow\">\n<div class=\"min-h-8 text-message flex w-full flex-col items-end gap-2 whitespace-normal break-words text-start [.text-message+&amp;]:mt-5\" dir=\"auto\" data-message-author-role=\"assistant\" data-message-id=\"55a23854-ec57-48dd-bd4f-6118f43d6241\" data-message-model-slug=\"gpt-4o\">\n<div class=\"flex w-full flex-col gap-1 empty:hidden first:pt-[3px]\">\n<div class=\"markdown prose w-full break-words dark:prose-invert light\">\n<p>1.Zeme\u0146u arb\u016bzs \/ Kivi marakujas gvajava<br \/>\n2.Melle\u0146u avenes \/ Persiku mango arb\u016bzs<br \/>\n3.Zilo ave\u0146u l\u0101c\u012b\u0161u gumija \/ Zeme\u0146u kivi<br \/>\n4.Zilo ave\u0146u \u0137irsis \/ Zeme\u0146u avenes<br \/>\n5.G\u0101z\u0113ts citrons<br \/>\n6.Arb\u016bzu ledus \/ Zilo ave\u0146u ledus<br \/>\n7.Zilo ave\u0146u anan\u0101ss \/ Tr\u012bsk\u0101r\u0161ais mango<br \/>\n8.V\u012bnogu ogu spr\u0101dziens \/ bumbieru \u0101bolu avenes<br \/>\n9.Zeme\u0146u dz\u0113rve\u0146u \u0137ir\u0161u\/ anan\u0101su marakujas laims<br \/>\n10.Melle\u0146u zeme\u0146u mentols\/ melle\u0146u ave\u0146u mentols<\/p>\n<\/div>\n<\/div>\n<\/div>\n<\/div>\n<\/div>\n<\/div>\n<\/div>\n<\/div>\n<\/article>\n<\/div>\n<\/div>\n<\/div>\n<\/div>\n<\/div>\n<\/div>\n<\/div>\n<\/div>\n<\/div>\n<\/div>\n<\/article>\n<h2>K\u0101p\u0113c izv\u0113l\u0113ties Vapestornado, lai ieg\u0101d\u0101tos VOPK Ultra 40000 Puffs?<\/h2>\n<div class=\"flex-shrink-0 flex flex-col relative items-end\">\n<div class=\"pt-0\">\n<div class=\"gizmo-bot-avatar flex h-8 w-8 items-center justify-center overflow-hidden rounded-full\">\n<div class=\"relative p-1 rounded-sm flex items-center justify-center bg-token-main-surface-primary text-token-text-primary h-8 w-8\">\n<p data-start=\"88\" data-end=\"557\">Kad runa ir par <strong data-start=\"105\" data-end=\"154\">\u00a0augstas kvalit\u0101tes vienreiz\u0113j\u0101s lieto\u0161anas iztvaic\u0113t\u0101ju ieg\u0101de<\/strong>, <strong data-start=\"156\" data-end=\"172\">Vapestornado<\/strong> ir lab\u0101kais avots nep\u0101rsp\u0113jamam <strong data-start=\"208\" data-end=\"271\">r\u016bpn\u012bcas cen\u0101m, \u0101trai pieg\u0101dei un augst\u0101k\u0101s klases klientu apkalpo\u0161anai<\/strong>. VOPK Ultra 40000 Puffs ieg\u0101de no Vapestornado noz\u012bm\u0113, ka j\u016bs sa\u0146emat <strong data-start=\"363\" data-end=\"400\">autentiskus, 100% ori\u0123in\u0101lus produktus<\/strong> ar jaun\u0101ko digit\u0101lo<strong data-start=\"417\" data-end=\"515\"> ekr\u0101na displeju, uzl\u0101d\u0113jamu C tipa \u0113rt\u012bbu, 2 vien\u0101 dubulto gar\u0161u un 4000 dvesienu ietilp\u012bbu<\/strong>\u2014 viss par zemu<strong data-start=\"527\" data-end=\"554\">\u00a0vairumtirdzniec\u012bbas cenas<\/strong>.<\/p>\n<p data-start=\"559\" data-end=\"933\" data-is-last-node=\"\" data-is-only-node=\"\">Mums ir ar\u012b citi popul\u0101ri veipi ar ekr\u0101nu, piem\u0113ram <a href=\"https:\/\/vapestornado.com\/lv\/product\/mesii-couple-50k-disposable-shisha-hookah-50000-puffs-vape-with-digital-display\/\">Mesii p\u0101ris 50000<\/a>, <a href=\"https:\/\/vapestornado.com\/lv\/product\/vopk-cool-9000-puffs-disposable-vapes-bar-puff-9k\/\">VOPK 9000 uzp\u016btienu vienreiz\u0113j\u0101s lieto\u0161anas vape<\/a>, <a href=\"https:\/\/vapestornado.com\/lv\/product\/bang-beach-22000-20k-puff-disposable-vape-pen-with-screen-reddit-hot\/\">Bang pludmale 22000<\/a>, un citi.<\/p>\n<\/div>\n<div class=\"relative p-1 rounded-sm flex items-center justify-center bg-token-main-surface-primary text-token-text-primary h-8 w-8\">\n<h2>BUJ<\/h2>\n<ol data-start=\"1260\" data-end=\"2197\">\n<li class=\"\" data-start=\"1260\" data-end=\"1488\">\n<p class=\"\" data-start=\"1263\" data-end=\"1488\"><strong data-start=\"1263\" data-end=\"1301\">K\u0101 es varu lietot vienreizlietojamos vape podi\u0146us?<\/strong><br data-start=\"1301\" data-end=\"1304\" \/>Vienk\u0101r\u0161i <strong data-start=\"1314\" data-end=\"1347\">ieelpojiet caur iemuti<\/strong>, un ier\u012bce aktiviz\u0113sies autom\u0101tiski. The <strong data-start=\"1397\" data-end=\"1425\">regul\u0113jams jaudas iestat\u012bjums<\/strong> \u013cauj jums prec\u012bzi noregul\u0113t savu pieredzi, lai ieg\u016btu perfektu dvesienu.<\/p>\n<\/li>\n<li class=\"\" data-start=\"1490\" data-end=\"1743\">\n<p class=\"\" data-start=\"1493\" data-end=\"1743\"><strong data-start=\"1493\" data-end=\"1555\">K\u0101 uzl\u0101d\u0113t vienreizlietojamo vape ar Android l\u0101d\u0113t\u0101ju?<\/strong><br data-start=\"1555\" data-end=\"1558\" \/>Ja j\u016bsu vape ir <strong data-start=\"1580\" data-end=\"1604\">Type-C uzl\u0101des ports<\/strong>, varat izmantot <strong data-start=\"1620\" data-end=\"1648\">standarta Android l\u0101d\u0113t\u0101ju<\/strong> lai to uzl\u0101d\u0113tu. Nodro\u0161iniet, ka izmantojat uzticamu baro\u0161anas avotu optim\u0101lai uzl\u0101des efektivit\u0101tei.<\/p>\n<\/li>\n<li class=\"\" data-start=\"1745\" data-end=\"1979\">\n<p class=\"\" data-start=\"1748\" data-end=\"1979\"><strong data-start=\"1748\" data-end=\"1808\">Vai es varu \u0146emt l\u012bdzi vienreizlietojamo vape lidma\u0161\u012bn\u0101 starptautiskajos lidojumos?<\/strong><br data-start=\"1808\" data-end=\"1811\" \/>J\u0101, bet tam <strong data-start=\"1826\" data-end=\"1862\">j\u0101b\u016bt j\u016bsu rokas bag\u0101\u017e\u0101<\/strong>. P\u0101rbaudiet ar savu aviokomp\u0101niju visus \u012bpa\u0161os noteikumus attiec\u012bb\u0101 uz <strong data-start=\"1927\" data-end=\"1948\">nikot\u012bna produkti<\/strong> j\u016bsu galam\u0113r\u0137a valst\u012b.<\/p>\n<\/li>\n<li class=\"\" data-start=\"1981\" data-end=\"2197\">\n<p class=\"\" data-start=\"1984\" data-end=\"2197\"><strong data-start=\"1984\" data-end=\"2033\">K\u0101 uzzin\u0101t, kad mans vienreizlietojamais vape ir tuk\u0161s?<\/strong><br data-start=\"2033\" data-end=\"2036\" \/>Ja <strong data-start=\"2046\" data-end=\"2144\">gar\u0161a izbal\u0113, tvaiku ra\u017eo\u0161ana samazin\u0101s vai digit\u0101lais ekr\u0101ns r\u0101da zemu e-\u0161\u0137idruma l\u012bmeni<\/strong>, ir laiks <strong data-start=\"2159\" data-end=\"2194\">nomain\u012bt vai uzl\u0101d\u0113t savu ier\u012bci<\/strong>.<\/p>\n<\/li>\n<\/ol>\n<\/div>\n<\/div>\n<\/div>\n<\/div>","protected":false},"excerpt":{"rendered":"<p class=\"LC20lb MBeuO DKV0Md\">T\u0101 <strong data-start=\"1647\" data-end=\"1672\">VOPK Ultra 40000 Vape<\/strong> pied\u0101v\u0101 du\u0101lus arom\u0101tus, \u010detrk\u0101r\u0161us t\u012bkla spoles un viedu digit\u0101lo ekr\u0101nu. Premium klases vienreizlietojamais produkts, kas paredz\u0113ts <strong data-start=\"1771\" data-end=\"1828\">r\u016bpn\u012bcu vairumtirdzniec\u012bbas pieg\u0101d\u0101t\u0101jiem un lielapjoma pas\u016bt\u012bjumiem Eirop\u0101<\/strong>.<\/p>\n<p><strong>Pievienojiet Eimijas WhatsApp, lai sa\u0146emtu prec\u012bzu atbildi un atlaidi!<\/strong><\/p>\n<p><img fetchpriority=\"high\" decoding=\"async\" class=\"size-full wp-image-2932\" src=\"https:\/\/vapestornado.com\/wp-content\/uploads\/2024\/12\/Vape-Wholesale.jpg\" alt=\"Veipu Vairumtirdzniec\u012bba\" width=\"229\" height=\"300\" \/><\/p>\n<h3><a href=\"https:\/\/wa.me\/8617776015835\"><span style=\"color: #ff0000;\"><strong>WhatsApp: +86 17776015835<\/strong><\/span><\/a><\/h3>\n<p>&nbsp;<\/p>","protected":false},"featured_media":3959,"comment_status":"open","ping_status":"closed","template":"","meta":{"_acf_changed":false,"_uag_custom_page_level_css":"","_lmt_disableupdate":"no","_lmt_disable":"","_monsterinsights_skip_tracking":false,"_monsterinsights_sitenote_active":false,"_monsterinsights_sitenote_note":"","_monsterinsights_sitenote_category":0,"site-sidebar-layout":"default","site-content-layout":"","ast-site-content-layout":"default","site-content-style":"default","site-sidebar-style":"default","ast-global-header-display":"","ast-banner-title-visibility":"","ast-main-header-display":"","ast-hfb-above-header-display":"","ast-hfb-below-header-display":"","ast-hfb-mobile-header-display":"","site-post-title":"","ast-breadcrumbs-content":"","ast-featured-img":"","footer-sml-layout":"","ast-disable-related-posts":"","theme-transparent-header-meta":"default","adv-header-id-meta":"","stick-header-meta":"","header-above-stick-meta":"","header-main-stick-meta":"","header-below-stick-meta":"","astra-migrate-meta-layouts":"set","ast-page-background-enabled":"default","ast-page-background-meta":{"desktop":{"background-color":"","background-image":"","background-repeat":"repeat","background-position":"center center","background-size":"auto","background-attachment":"scroll","background-type":"","background-media":"","overlay-type":"","overlay-color":"","overlay-opacity":"","overlay-gradient":""},"tablet":{"background-color":"","background-image":"","background-repeat":"repeat","background-position":"center center","background-size":"auto","background-attachment":"scroll","background-type":"","background-media":"","overlay-type":"","overlay-color":"","overlay-opacity":"","overlay-gradient":""},"mobile":{"background-color":"","background-image":"","background-repeat":"repeat","background-position":"center center","background-size":"auto","background-attachment":"scroll","background-type":"","background-media":"","overlay-type":"","overlay-color":"","overlay-opacity":"","overlay-gradient":""}},"ast-content-background-meta":{"desktop":{"background-color":"var(--ast-global-color-5)","background-image":"","background-repeat":"repeat","background-position":"center center","background-size":"auto","background-attachment":"scroll","background-type":"","background-media":"","overlay-type":"","overlay-color":"","overlay-opacity":"","overlay-gradient":""},"tablet":{"background-color":"var(--ast-global-color-5)","background-image":"","background-repeat":"repeat","background-position":"center center","background-size":"auto","background-attachment":"scroll","background-type":"","background-media":"","overlay-type":"","overlay-color":"","overlay-opacity":"","overlay-gradient":""},"mobile":{"background-color":"var(--ast-global-color-5)","background-image":"","background-repeat":"repeat","background-position":"center center","background-size":"auto","background-attachment":"scroll","background-type":"","background-media":"","overlay-type":"","overlay-color":"","overlay-opacity":"","overlay-gradient":""}},"_joinchat":{"telephone":"17776015835"}},"product_brand":[],"product_cat":[65,153,160,142,146,290],"product_tag":[261,165,291,294,94,293],"class_list":{"0":"post-3975","1":"product","2":"type-product","3":"status-publish","4":"has-post-thumbnail","6":"product_cat-40000-puff","7":"product_cat-buy-disposable-vapes-in-italy","8":"product_cat-buy-disposable-vapes-in-switzerland","9":"product_cat-digital-box-disposable-vapes","10":"product_cat-rechargeable-disposable-vapes","11":"product_cat-vopk-vape","12":"product_tag-2-in-1-double-flavor-vape","13":"product_tag-cheap-vapes","14":"product_tag-disposable-shisha-hookah","15":"product_tag-puff-40k","16":"product_tag-rechargeable-disposable-vape","17":"product_tag-vopk-ultra-40000","18":"desktop-align-left","19":"tablet-align-left","20":"mobile-align-left","22":"first","23":"instock","24":"sale","25":"shipping-taxable","26":"purchasable","27":"product-type-simple"},"acf":[],"uagb_featured_image_src":{"full":["https:\/\/vapestornado.com\/wp-content\/uploads\/2025\/03\/VOPK-ULTRA-40000-puffs-Disposable-Vape.webp",800,800,false],"thumbnail":["https:\/\/vapestornado.com\/wp-content\/uploads\/2025\/03\/VOPK-ULTRA-40000-puffs-Disposable-Vape-150x150.webp",150,150,true],"medium":["https:\/\/vapestornado.com\/wp-content\/uploads\/2025\/03\/VOPK-ULTRA-40000-puffs-Disposable-Vape-300x300.webp",300,300,true],"medium_large":["https:\/\/vapestornado.com\/wp-content\/uploads\/2025\/03\/VOPK-ULTRA-40000-puffs-Disposable-Vape-768x768.webp",768,768,true],"large":["https:\/\/vapestornado.com\/wp-content\/uploads\/2025\/03\/VOPK-ULTRA-40000-puffs-Disposable-Vape.webp",800,800,false],"1536x1536":["https:\/\/vapestornado.com\/wp-content\/uploads\/2025\/03\/VOPK-ULTRA-40000-puffs-Disposable-Vape.webp",800,800,false],"2048x2048":["https:\/\/vapestornado.com\/wp-content\/uploads\/2025\/03\/VOPK-ULTRA-40000-puffs-Disposable-Vape.webp",800,800,false],"trp-custom-language-flag":["https:\/\/vapestornado.com\/wp-content\/uploads\/2025\/03\/VOPK-ULTRA-40000-puffs-Disposable-Vape.webp",12,12,false],"woocommerce_thumbnail":["https:\/\/vapestornado.com\/wp-content\/uploads\/2025\/03\/VOPK-ULTRA-40000-puffs-Disposable-Vape-300x300.webp",300,300,true],"woocommerce_single":["https:\/\/vapestornado.com\/wp-content\/uploads\/2025\/03\/VOPK-ULTRA-40000-puffs-Disposable-Vape-600x600.webp",600,600,true],"woocommerce_gallery_thumbnail":["https:\/\/vapestornado.com\/wp-content\/uploads\/2025\/03\/VOPK-ULTRA-40000-puffs-Disposable-Vape-100x100.webp",100,100,true]},"uagb_author_info":{"display_name":"ESAMY","author_link":"https:\/\/vapestornado.com\/lv\/author\/"},"uagb_comment_info":0,"uagb_excerpt":"The VOPK Ultra 40000 Vape offers dual flavours, quad mesh coils, and a smart digital screen. A premium disposable built for factory wholesale suppliers and bulk orders in Europe. Add Amy's whatsapp to get right reply and discount price! WhatsApp: +86 17776015835 &nbsp;","_links":{"self":[{"href":"https:\/\/vapestornado.com\/lv\/wp-json\/wp\/v2\/product\/3975","targetHints":{"allow":["GET"]}}],"collection":[{"href":"https:\/\/vapestornado.com\/lv\/wp-json\/wp\/v2\/product"}],"about":[{"href":"https:\/\/vapestornado.com\/lv\/wp-json\/wp\/v2\/types\/product"}],"replies":[{"embeddable":true,"href":"https:\/\/vapestornado.com\/lv\/wp-json\/wp\/v2\/comments?post=3975"}],"wp:featuredmedia":[{"embeddable":true,"href":"https:\/\/vapestornado.com\/lv\/wp-json\/wp\/v2\/media\/3959"}],"wp:attachment":[{"href":"https:\/\/vapestornado.com\/lv\/wp-json\/wp\/v2\/media?parent=3975"}],"wp:term":[{"taxonomy":"product_brand","embeddable":true,"href":"https:\/\/vapestornado.com\/lv\/wp-json\/wp\/v2\/product_brand?post=3975"},{"taxonomy":"product_cat","embeddable":true,"href":"https:\/\/vapestornado.com\/lv\/wp-json\/wp\/v2\/product_cat?post=3975"},{"taxonomy":"product_tag","embeddable":true,"href":"https:\/\/vapestornado.com\/lv\/wp-json\/wp\/v2\/product_tag?post=3975"}],"curies":[{"name":"wp","href":"https:\/\/api.w.org\/{rel}","templated":true}]}}