{"id":3974,"date":"2025-03-24T07:31:30","date_gmt":"2025-03-24T07:31:30","guid":{"rendered":"https:\/\/vapestornado.com\/?post_type=product&#038;p=3974"},"modified":"2025-08-23T10:38:02","modified_gmt":"2025-08-23T10:38:02","slug":"vopk-shisha-hookah-20000-puffs-disposable-vapes-bar-best-flavor-wholesale","status":"publish","type":"product","link":"https:\/\/vapestornado.com\/lv\/product\/vopk-shisha-hookah-20000-puffs-disposable-vapes-bar-best-flavor-wholesale\/","title":{"rendered":"Vopk Shisha Hookah 20000 Uzp\u016b\u0161u Vienreiz\u0113j\u0101s lieto\u0161anas Vape B\u0101rs Lab\u0101k\u0101 gar\u0161a Vairumtirdzniec\u012bba"},"content":{"rendered":"<h1 data-pm-slice=\"1 1 []\">Vopk Shisha Hookah 20000 Uzp\u016b\u0161u Vienreiz\u0113j\u0101s lieto\u0161anas Vape B\u0101rs Lab\u0101k\u0101 gar\u0161a Vairumtirdzniec\u012bba<\/h1>\n<p data-start=\"272\" data-end=\"577\">T\u0101 <strong data-start=\"276\" data-end=\"319\">Vopk Shisha Hookah 20000 P\u016b\u0161\u013cu Vape B\u0101rs<\/strong> ir paredz\u0113ts vairumtirgot\u0101jiem un mazumtirgot\u0101jiem, kuri mekl\u0113 lielas ietilp\u012bbas ier\u012bci, kas \u013coti pat\u012bk shisha un hookah entuziastiem. Nodro\u0161ina l\u012bdz pat <strong data-start=\"467\" data-end=\"483\">20 000 uzp\u016btieniem<\/strong> no <strong data-start=\"491\" data-end=\"513\">28 ml e-\u0161\u0137idruma tvertnes<\/strong>, tas nodro\u0161ina ilgsto\u0161u lieto\u0161anu un lielisku t\u0101l\u0101kp\u0101rdo\u0161anas potenci\u0101lu.<\/p>\n<p data-start=\"579\" data-end=\"910\">Izgatavots ar <strong data-start=\"592\" data-end=\"610\">0,6 \u03a9 acs spole<\/strong>, ier\u012bce rada bl\u012bvu tvaiku un pastiprin\u0101tu gar\u0161u, padarot to ide\u0101li piem\u0113rotu <strong data-start=\"685\" data-end=\"706\">DTL tvaic\u0113\u0161anas stiliem<\/strong>. <strong data-start=\"712\" data-end=\"738\">digit\u0101lais displeja ekr\u0101ns<\/strong> inform\u0113 lietot\u0101jus par akumulatora darb\u012bbas laiku un e-\u0161\u0137idruma l\u012bmeni, savuk\u0101rt <strong data-start=\"811\" data-end=\"842\">850mAh uzl\u0101d\u0113jams akumulators<\/strong> ar <strong data-start=\"848\" data-end=\"867\">C tipa uzl\u0101de<\/strong> nodro\u0161ina vienm\u0113r\u012bgu jaudu visas dienas garum\u0101.<\/p>\n<p data-start=\"912\" data-end=\"1205\">T\u0101 <strong data-start=\"916\" data-end=\"953\">divu kr\u0101su shisha iedvesmots dizains<\/strong> pie\u0161\u0137ir Vopk 20K unik\u0101lu izskatu, kas izce\u013cas veikalos, savuk\u0101rt pla\u0161s gar\u0161u kl\u0101sts \u2014 no aug\u013cu l\u012bdz ledainiem \u2014 garant\u0113 kaut ko katram klientam. Kompakts un viegli p\u0101rn\u0113s\u0101jams, tas ir daudzpus\u012bgs risin\u0101jums ikdienas lieto\u0161anai vai vairumtirdzniec\u012bbai.<\/p>\n<p data-start=\"1207\" data-end=\"1393\">Latvijas izplat\u012bt\u0101jiem <strong data-start=\"1238\" data-end=\"1271\">Vopk \u0160i\u0161a \u016adensp\u012bpe 20000 Vape<\/strong> apvieno iztur\u012bbu, veiktsp\u0113ju un <strong data-start=\"1310\" data-end=\"1343\">konkur\u0113tsp\u0113j\u012bgas vairumtirdzniec\u012bbas cenas<\/strong>, padarot to par izdev\u012bgu iesp\u0113ju lielapjoma pas\u016bt\u012bjumiem.<\/p>\n<p data-start=\"666\" data-end=\"1235\"><strong style=\"font-size: 16px;\"><span style=\"color: #ff0000;\">Pievienojiet Amy WhatsApp, lai sa\u0146emtu t\u016bl\u012bt\u0113ju atbildi un atlai\u017eu cenu!<\/span><\/strong><\/p>\n<p><img fetchpriority=\"high\" decoding=\"async\" class=\"size-full wp-image-2932\" src=\"https:\/\/vapestornado.com\/wp-content\/uploads\/2024\/12\/Vape-Wholesale.jpg\" alt=\"Veipu Vairumtirdzniec\u012bba\" width=\"229\" height=\"300\" \/><\/p>\n<h3><a href=\"https:\/\/wa.me\/8617776015835\" target=\"_blank\" rel=\"noopener\"><span style=\"color: #ff0000;\"><strong>WhatsApp: +86 17776015835<\/strong><\/span><\/a><\/h3>\n<p>&nbsp;<\/p>\n<h2><strong>Vopk Shisha Hookah 20000 Vape Bar galven\u0101s produkta \u012bpa\u0161\u012bbas<\/strong><\/h2>\n<p>Z\u012bmols: VOPK BAR<br \/>\nP\u016btiens: 20000 p\u016btieni<br \/>\nPiem\u0113rots: Visiem&gt;18<br \/>\nTilpums: 28 ml<br \/>\nP\u016btiens: 20000 p\u016btieni<br \/>\nAkumulators: 850mAh<br \/>\nNikot\u012bns: 0%\/2%\/3%\/5% Nikot\u012bna s\u0101ls<br \/>\nPretest\u012bba: 1,0 omu t\u012bkla spole<br \/>\nDigit\u0101lais displejs e\u013c\u013cai un akumulatoram<br \/>\nIepakojums Individu\u0101la iepakojuma kaste<\/p>\n<h2 class=\"product-title\"><strong>Vopk Shisha Hookah 20000 Vienreiz\u0113j\u0101s lieto\u0161anas pildspalvu gar\u0161u saraksts<\/strong><\/h2>\n<article class=\"w-full text-token-text-primary focus-visible:outline-2 focus-visible:outline-offset-[-4px]\" dir=\"auto\" data-testid=\"conversation-turn-32\" data-scroll-anchor=\"false\">\n<div class=\"m-auto text-base py-[18px] px-6\">\n<div class=\"mx-auto flex flex-1 text-base gap-4 md:gap-5 lg:gap-6 md:max-w-3xl lg:max-w-[40rem] xl:max-w-[48rem]\">\n<div class=\"group\/conversation-turn relative flex w-full min-w-0 flex-col @xs\/thread:px-0 @sm\/thread:px-1.5 @md\/thread:px-4\">\n<div class=\"flex-col gap-1 md:gap-3\">\n<div class=\"flex max-w-full flex-col flex-grow\">\n<div class=\"min-h-8 text-message flex w-full flex-col items-end gap-2 whitespace-normal break-words text-start [.text-message+&amp;]:mt-5\" dir=\"auto\" data-message-author-role=\"user\" data-message-id=\"ffac41ca-1db4-431b-873a-32c4052956f1\">\n<div class=\"flex w-full flex-col gap-1 empty:hidden items-end rtl:items-start\">\n<div class=\"relative max-w-[var(--user-chat-width,70%)] rounded-3xl bg-token-message-surface px-5 py-2.5\">\n<div class=\"absolute bottom-0 right-full top-0 -mr-3.5 hidden pr-5 pt-2 [.group\/conversation-turn:hover_&amp;]:flex\">\n<div class=\"flex\">\n<article class=\"w-full text-token-text-primary focus-visible:outline-2 focus-visible:outline-offset-[-4px]\" dir=\"auto\" data-testid=\"conversation-turn-39\" data-scroll-anchor=\"true\">\n<div class=\"m-auto text-base py-[18px] px-6\">\n<div class=\"mx-auto flex flex-1 text-base gap-4 md:gap-5 lg:gap-6 md:max-w-3xl lg:max-w-[40rem] xl:max-w-[48rem]\">\n<div class=\"group\/conversation-turn relative flex w-full min-w-0 flex-col agent-turn @xs\/thread:px-0 @sm\/thread:px-1.5 @md\/thread:px-4\">\n<div class=\"flex-col gap-1 md:gap-3\">\n<div class=\"flex max-w-full flex-col flex-grow\">\n<div class=\"min-h-8 text-message flex w-full flex-col items-end gap-2 whitespace-normal break-words text-start [.text-message+&amp;]:mt-5\" dir=\"auto\" data-message-author-role=\"assistant\" data-message-id=\"55a23854-ec57-48dd-bd4f-6118f43d6241\" data-message-model-slug=\"gpt-4o\">\n<div class=\"flex w-full flex-col gap-1 empty:hidden first:pt-[3px]\">\n<div class=\"markdown prose w-full break-words dark:prose-invert light\">\n<p>1.Mellenes ar ledu<br \/>\n2. Zeme\u0146u kivi<br \/>\n3. Jauktas ogas<br \/>\n4. Zeme\u0146u arb\u016bzs<br \/>\n5.Arb\u016bzu ledus<br \/>\n6. Persiku mango anan\u0101ss<br \/>\n7. Melle\u0146u ave\u0146u<br \/>\n8. Zeme\u0146u ave\u0146u konfektes<br \/>\n9. Arb\u016bzu \u0137ir\u0161i<br \/>\n10. Melno j\u0101\u0146ogu ledus<\/p>\n<\/div>\n<figure id=\"attachment_3966\" aria-describedby=\"caption-attachment-3966\" style=\"width: 800px\" class=\"wp-caption alignnone\"><img decoding=\"async\" class=\"wp-image-3966 size-full\" src=\"https:\/\/vapestornado.com\/wp-content\/uploads\/2025\/03\/VOPK-Shisha-Hookah-BAR-Disposable-Vape-Wholesale.jpg\" alt=\"VOPK Shisha Hookah BAR vienreiz\u0113j\u0101s lieto\u0161anas vape vairumtirdzniec\u012bba\" width=\"800\" height=\"957\" srcset=\"https:\/\/vapestornado.com\/wp-content\/uploads\/2025\/03\/VOPK-Shisha-Hookah-BAR-Disposable-Vape-Wholesale.jpg 800w, https:\/\/vapestornado.com\/wp-content\/uploads\/2025\/03\/VOPK-Shisha-Hookah-BAR-Disposable-Vape-Wholesale-251x300.jpg 251w, https:\/\/vapestornado.com\/wp-content\/uploads\/2025\/03\/VOPK-Shisha-Hookah-BAR-Disposable-Vape-Wholesale-768x919.jpg 768w, https:\/\/vapestornado.com\/wp-content\/uploads\/2025\/03\/VOPK-Shisha-Hookah-BAR-Disposable-Vape-Wholesale-600x718.jpg 600w\" sizes=\"(max-width: 800px) 100vw, 800px\" \/><figcaption id=\"caption-attachment-3966\" class=\"wp-caption-text\">VOPK Shisha Hookah BAR vienreiz\u0113j\u0101s lieto\u0161anas vape vairumtirdzniec\u012bba<\/figcaption><\/figure>\n<\/div>\n<\/div>\n<\/div>\n<\/div>\n<\/div>\n<\/div>\n<\/div>\n<\/article>\n<\/div>\n<\/div>\n<\/div>\n<\/div>\n<\/div>\n<\/div>\n<\/div>\n<\/div>\n<\/div>\n<\/div>\n<\/article>\n<h2 data-start=\"86\" data-end=\"129\">Vopk s\u0113rijas sal\u012bdzin\u0101jums (vairumtirdzniec\u012bbas ce\u013cvedis)<\/h2>\n<p data-start=\"131\" data-end=\"155\"><strong data-start=\"131\" data-end=\"153\">Vopk Cool Bar 9000<\/strong><\/p>\n<ul data-start=\"156\" data-end=\"462\">\n<li data-start=\"156\" data-end=\"172\">\n<p data-start=\"158\" data-end=\"172\">P\u016b\u0161\u013ci: 9 000<\/p>\n<\/li>\n<li data-start=\"173\" data-end=\"205\">\n<p data-start=\"175\" data-end=\"205\">Akumulators: 600mAh uzl\u0101d\u0113jams<\/p>\n<\/li>\n<li data-start=\"206\" data-end=\"233\">\n<p data-start=\"208\" data-end=\"233\">E-\u0161\u0137idruma tilpums: 16 ml<\/p>\n<\/li>\n<li data-start=\"234\" data-end=\"258\">\n<p data-start=\"236\" data-end=\"258\">Spoles veids: 1,0 \u03a9 siets<\/p>\n<\/li>\n<li data-start=\"259\" data-end=\"322\">\n<p data-start=\"261\" data-end=\"322\">Galven\u0101s iez\u012bmes: Regul\u0113jama gaisa pl\u016bsma, atbalsta MTL<\/p>\n<\/li>\n<li data-start=\"323\" data-end=\"395\">\n<p data-start=\"325\" data-end=\"395\">M\u0113r\u0137a klienti: Ikdienas lietot\u0101ji, izm\u0113\u0123in\u0101juma pirc\u0113ji, mazu veikalu \u012bpa\u0161nieki<\/p>\n<\/li>\n<li data-start=\"396\" data-end=\"462\">\n<p data-start=\"398\" data-end=\"462\">Vairumtirdzniec\u012bbas atsl\u0113gv\u0101rdi: 9K vienreiz\u0113j\u0101s lieto\u0161anas vape, vape pildspalvu komplektu vairumtirdzniec\u012bba<\/p>\n<\/li>\n<\/ul>\n<hr data-start=\"464\" data-end=\"467\" \/>\n<p data-start=\"469\" data-end=\"499\"><strong data-start=\"469\" data-end=\"497\">Vopk \u0160i\u0161a \u016adensp\u012bpe 20000<\/strong><\/p>\n<ul data-start=\"500\" data-end=\"814\">\n<li data-start=\"500\" data-end=\"517\">\n<p data-start=\"502\" data-end=\"517\">P\u016btes: 20 000<\/p>\n<\/li>\n<li data-start=\"518\" data-end=\"550\">\n<p data-start=\"520\" data-end=\"550\">Akumulators: 850mAh uzl\u0101d\u0113jams<\/p>\n<\/li>\n<li data-start=\"551\" data-end=\"578\">\n<p data-start=\"553\" data-end=\"578\">E-\u0161\u0137idruma tilpums: 28 ml<\/p>\n<\/li>\n<li data-start=\"579\" data-end=\"603\">\n<p data-start=\"581\" data-end=\"603\">Spoles veids: 0,6 \u03a9 siets<\/p>\n<\/li>\n<li data-start=\"604\" data-end=\"680\">\n<p data-start=\"606\" data-end=\"680\">Galven\u0101s iez\u012bmes: Shisha stila dizains, digit\u0101lais displejs, ide\u0101li piem\u0113rots DTL tvaic\u0113\u0161anai<\/p>\n<\/li>\n<li data-start=\"681\" data-end=\"746\">\n<p data-start=\"683\" data-end=\"746\">M\u0113r\u0137a klienti: Hookah entuziasti, vid\u0113ja lieluma vape veikali<\/p>\n<\/li>\n<li data-start=\"747\" data-end=\"814\">\n<p data-start=\"749\" data-end=\"814\">Vairumtirdzniec\u012bbas atsl\u0113gv\u0101rdi: 20K shisha vape b\u0101rs, hookah stila vairumtirdzniec\u012bba<\/p>\n<\/li>\n<\/ul>\n<hr data-start=\"816\" data-end=\"819\" \/>\n<p data-start=\"821\" data-end=\"840\"><strong data-start=\"821\" data-end=\"838\">Vopk 60K 3in1<\/strong><\/p>\n<ul data-start=\"841\" data-end=\"1208\">\n<li data-start=\"841\" data-end=\"866\">\n<p data-start=\"843\" data-end=\"866\">P\u016btes: 60 000 (3\u00d720K)<\/p>\n<\/li>\n<li data-start=\"867\" data-end=\"899\">\n<p data-start=\"869\" data-end=\"899\">Akumulators: 950 mAh uzl\u0101d\u0113jams<\/p>\n<\/li>\n<li data-start=\"900\" data-end=\"948\">\n<p data-start=\"902\" data-end=\"948\">E-\u0161\u0137idruma tilpums: 3 atsevi\u0161\u0137as tvertnes (20 ml\u00d73)<\/p>\n<\/li>\n<li data-start=\"949\" data-end=\"973\">\n<p data-start=\"951\" data-end=\"973\">Spoles veids: Dubultais siets<\/p>\n<\/li>\n<li data-start=\"974\" data-end=\"1059\">\n<p data-start=\"976\" data-end=\"1059\">Galven\u0101s iez\u012bmes: 3 gar\u0161u p\u0101rsl\u0113g\u0161anas sist\u0113ma, paredz\u0113ta ilgsto\u0161ai lieto\u0161anai<\/p>\n<\/li>\n<li data-start=\"1060\" data-end=\"1135\">\n<p data-start=\"1062\" data-end=\"1135\">M\u0113r\u0137a klienti: Smagi lietot\u0101ji, lieli izplat\u012bt\u0101ji, augstas pe\u013c\u0146as kan\u0101li<\/p>\n<\/li>\n<li data-start=\"1136\" data-end=\"1208\">\n<p data-start=\"1138\" data-end=\"1208\">Vairumtirdzniec\u012bbas atsl\u0113gv\u0101rdi: 60K 3in1 vape vairumtirdzniec\u012bba, beztaras uzl\u0101d\u0113jamas vapes<\/p>\n<\/li>\n<\/ul>\n<div class=\"flex-shrink-0 flex flex-col relative items-end\">\n<div class=\"pt-0\">\n<div class=\"gizmo-bot-avatar flex h-8 w-8 items-center justify-center overflow-hidden rounded-full\">\n<div class=\"relative p-1 rounded-sm flex items-center justify-center bg-token-main-surface-primary text-token-text-primary h-8 w-8\">\n<p data-start=\"559\" data-end=\"933\" data-is-last-node=\"\" data-is-only-node=\"\">Mums ir ar\u012b citi popul\u0101ri veipi ar ekr\u0101nu, piem\u0113ram<em> <a href=\"https:\/\/vapestornado.com\/lv\/product\/mesii-couple-50k-disposable-shisha-hookah-50000-puffs-vape-with-digital-display\/\">Mesii p\u0101ris 50000<\/a>, <a href=\"https:\/\/vapestornado.com\/lv\/product\/vopk-ultra-40000-puffs-2-in-1-digital-screen-rechargeable-disposable-vape\/\">VOPK 40000 Puff vienreiz\u0113j\u0101s lieto\u0161anas vape<\/a>, <a href=\"https:\/\/vapestornado.com\/lv\/product\/bang-beach-22000-20k-puff-disposable-vape-pen-with-screen-reddit-hot\/\">Bang pludmale 22000<\/a>,<\/em> un vair\u0101k.<\/p>\n<\/div>\n<div class=\"relative p-1 rounded-sm flex items-center justify-center bg-token-main-surface-primary text-token-text-primary h-8 w-8\">\n<h3>BUJ<\/h3>\n<p><strong>1. Cik ilgs laiks nepiecie\u0161ams, lai k\u013c\u016btu atkar\u012bgam no vienreiz\u0113j\u0101s lieto\u0161anas e-cigaretes?<\/strong><br \/>\nAtkar\u012bba no nikot\u012bna ir atkar\u012bga no t\u0101diem faktoriem k\u0101 lieto\u0161anas bie\u017eums, nikot\u012bna stiprums un individu\u0101l\u0101 fiziolo\u0123ija. Vienreiz\u0113j\u0101s lieto\u0161anas e-cigaretes ar nikot\u012bnu (piem\u0113ram, \u0161\u012b)\u00a0<strong>Vopk Shisha Hookah 20000 dvesmu<\/strong>) var izrais\u012bt atkar\u012bbu, ja t\u0101s lieto regul\u0101ri. Lai samazin\u0101tu riskus, apsveriet iesp\u0113ju izmantot zem\u0101ku nikot\u012bna l\u012bmeni (0%, 2% vai 3%) vai iesp\u0113jas bez nikot\u012bna. Vienm\u0113r lietojiet e-cigaretes atbild\u012bgi.<\/p>\n<p><strong>2. Cik ilgi j\u0101l\u0101d\u0113 vienreiz\u0113j\u0101s lieto\u0161anas e-cigarete ar 20000 dvesieniem?<\/strong><br \/>\nUzl\u0101d\u0113jam\u0101m vienreiz\u0113j\u0101s lieto\u0161anas e-cigaret\u0113m, piem\u0113ram, \u0161ai\u00a0<strong>Vopk Shisha Hookah 20000 dvesmu<\/strong>, uzl\u0101des laiks ir atkar\u012bgs no akumulatora ietilp\u012bbas. Ar\u00a0<strong>850mAh akumulators<\/strong>\u00a0un\u00a0<strong>C tipa uzl\u0101de<\/strong>, tas parasti aiz\u0146em apm\u0113ram\u00a0<strong>60-90 min\u016btes<\/strong>\u00a0lai piln\u012bb\u0101 uzl\u0101d\u0113tu. Ier\u012bces\u00a0<strong>digit\u0101lais displejs<\/strong>\u00a0r\u0101d\u012bs uzl\u0101des gaitu, lai j\u016bs zin\u0101tu, kad t\u0101 ir gatava.<\/p>\n<p><strong>3. Vai es varu \u0146emt l\u012bdzi veipu lidma\u0161\u012bn\u0101 Latvij\u0101?<\/strong><br \/>\nJ\u0101, j\u016bs varat \u0146emt l\u012bdzi veipu lidma\u0161\u012bn\u0101 Latvij\u0101, bet tas j\u0101ievieto j\u016bsu\u00a0<strong>rokas bag\u0101\u017e\u0101<\/strong>. Veipi ir\u00a0<strong>nav at\u013cauts re\u0123istr\u0113taj\u0101 bag\u0101\u017e\u0101<\/strong>\u00a0dro\u0161\u012bbas noteikumu d\u0113\u013c litija jonu baterij\u0101m. P\u0101rliecinieties, ka ier\u012bce ir izsl\u0113gta un dro\u0161i uzglab\u0101ta. P\u0101rbaudiet savas aviokomp\u0101nijas noteikumus, jo da\u017e\u0101m var b\u016bt papildu ierobe\u017eojumi.<\/p>\n<p><strong>4. K\u0101 zin\u0101t, kad mans vienreizlietojamais veips ir tuk\u0161s?<\/strong><br \/>\nJ\u016bs zin\u0101siet, ka j\u016bsu vienreizlietojamais vape ir tuk\u0161s, kad:<\/p>\n<ul>\n<li><strong>Tvaika ra\u017eo\u0161ana samazin\u0101s:<\/strong>\u00a0J\u016bs paman\u012bsiet iev\u0113rojami maz\u0101k tvaika, kad ieelpojat.<\/li>\n<li><strong>Deguma gar\u0161a:<\/strong>\u00a0Deguma vai nepat\u012bkama gar\u0161a nor\u0101da, ka e-\u0161\u0137idrums ir izlietots.<\/li>\n<li><strong>Nav gar\u0161as:<\/strong>\u00a0Ja gar\u0161a mazin\u0101s vai paz\u016bd, tas ir sign\u0101ls, ka kasetne ir tuk\u0161a.<\/li>\n<li><strong>Ekr\u0101na displejs:<\/strong>\u00a0Ier\u012bc\u0113m, piem\u0113ram,\u00a0<strong>Vopk Shisha Hookah 20000 dvesmu<\/strong>\u00a0ir\u00a0<strong>digit\u0101lais displejs<\/strong>\u00a0kas par\u0101da e-\u0161\u0137idruma l\u012bmeni, padarot viegli p\u0101rraudz\u012bt, kad ier\u012bce ir gandr\u012bz tuk\u0161a.<\/li>\n<\/ul>\n<p>Kad ier\u012bce p\u0101rst\u0101j ra\u017eot tvaiku vai gar\u0161a ir pazudusi, ir laiks to atbild\u012bgi izmest.<\/p>\n<\/div>\n<\/div>\n<\/div>\n<\/div>","protected":false},"excerpt":{"rendered":"<p data-start=\"1433\" data-end=\"1606\">T\u0101 <strong data-start=\"1437\" data-end=\"1480\">Vopk Shisha Hookah 20000 P\u016b\u0161\u013cu Vape B\u0101rs<\/strong> nodro\u0161ina DTL tvaiku, 28 ml e-\u0161\u0137idruma un digit\u0101lo ekr\u0101nu. Stil\u012bgs, uzl\u0101d\u0113jams variants <strong data-start=\"1573\" data-end=\"1603\">vairumtirgot\u0101jiem Eirop\u0101<\/strong>.<\/p>\n<p><strong>Pievienojiet Eimijas WhatsApp, lai sa\u0146emtu prec\u012bzu atbildi un atlaidi!<\/strong><\/p>\n<p><img fetchpriority=\"high\" decoding=\"async\" class=\"size-full wp-image-2932\" src=\"https:\/\/vapestornado.com\/wp-content\/uploads\/2024\/12\/Vape-Wholesale.jpg\" alt=\"Veipu Vairumtirdzniec\u012bba\" width=\"229\" height=\"300\" \/><\/p>\n<h3><a href=\"https:\/\/wa.me\/8617776015835\"><span style=\"color: #ff0000;\"><strong>WhatsApp: +86 17776015835<\/strong><\/span><\/a><\/h3>\n<p>&nbsp;<\/p>","protected":false},"featured_media":3965,"comment_status":"open","ping_status":"closed","template":"","meta":{"_acf_changed":false,"_uag_custom_page_level_css":"","_lmt_disableupdate":"no","_lmt_disable":"","_monsterinsights_skip_tracking":false,"_monsterinsights_sitenote_active":false,"_monsterinsights_sitenote_note":"","_monsterinsights_sitenote_category":0,"site-sidebar-layout":"default","site-content-layout":"","ast-site-content-layout":"default","site-content-style":"default","site-sidebar-style":"default","ast-global-header-display":"","ast-banner-title-visibility":"","ast-main-header-display":"","ast-hfb-above-header-display":"","ast-hfb-below-header-display":"","ast-hfb-mobile-header-display":"","site-post-title":"","ast-breadcrumbs-content":"","ast-featured-img":"","footer-sml-layout":"","ast-disable-related-posts":"","theme-transparent-header-meta":"default","adv-header-id-meta":"","stick-header-meta":"","header-above-stick-meta":"","header-main-stick-meta":"","header-below-stick-meta":"","astra-migrate-meta-layouts":"set","ast-page-background-enabled":"default","ast-page-background-meta":{"desktop":{"background-color":"","background-image":"","background-repeat":"repeat","background-position":"center center","background-size":"auto","background-attachment":"scroll","background-type":"","background-media":"","overlay-type":"","overlay-color":"","overlay-opacity":"","overlay-gradient":""},"tablet":{"background-color":"","background-image":"","background-repeat":"repeat","background-position":"center center","background-size":"auto","background-attachment":"scroll","background-type":"","background-media":"","overlay-type":"","overlay-color":"","overlay-opacity":"","overlay-gradient":""},"mobile":{"background-color":"","background-image":"","background-repeat":"repeat","background-position":"center center","background-size":"auto","background-attachment":"scroll","background-type":"","background-media":"","overlay-type":"","overlay-color":"","overlay-opacity":"","overlay-gradient":""}},"ast-content-background-meta":{"desktop":{"background-color":"var(--ast-global-color-5)","background-image":"","background-repeat":"repeat","background-position":"center center","background-size":"auto","background-attachment":"scroll","background-type":"","background-media":"","overlay-type":"","overlay-color":"","overlay-opacity":"","overlay-gradient":""},"tablet":{"background-color":"var(--ast-global-color-5)","background-image":"","background-repeat":"repeat","background-position":"center center","background-size":"auto","background-attachment":"scroll","background-type":"","background-media":"","overlay-type":"","overlay-color":"","overlay-opacity":"","overlay-gradient":""},"mobile":{"background-color":"var(--ast-global-color-5)","background-image":"","background-repeat":"repeat","background-position":"center center","background-size":"auto","background-attachment":"scroll","background-type":"","background-media":"","overlay-type":"","overlay-color":"","overlay-opacity":"","overlay-gradient":""}},"_joinchat":{"telephone":"17776015835"}},"product_brand":[],"product_cat":[69,152,158,142,147,290],"product_tag":[165,291,287,94,292],"class_list":{"0":"post-3974","1":"product","2":"type-product","3":"status-publish","4":"has-post-thumbnail","6":"product_cat-20000-puff","7":"product_cat-buy-disposable-vapes-in-cermany","8":"product_cat-buy-disposable-vapes-in-spain","9":"product_cat-digital-box-disposable-vapes","10":"product_cat-shisha-hookah-disposable-vapes","11":"product_cat-vopk-vape","12":"product_tag-cheap-vapes","13":"product_tag-disposable-shisha-hookah","14":"product_tag-disposable-vape-pen","15":"product_tag-rechargeable-disposable-vape","16":"product_tag-vopk-shisha-bar-20000","17":"desktop-align-left","18":"tablet-align-left","19":"mobile-align-left","21":"first","22":"instock","23":"sale","24":"shipping-taxable","25":"purchasable","26":"product-type-simple"},"acf":[],"uagb_featured_image_src":{"full":["https:\/\/vapestornado.com\/wp-content\/uploads\/2025\/03\/VOPK-Shisha-Hookah-Bar-20000-Puffs.png",800,800,false],"thumbnail":["https:\/\/vapestornado.com\/wp-content\/uploads\/2025\/03\/VOPK-Shisha-Hookah-Bar-20000-Puffs-150x150.png",150,150,true],"medium":["https:\/\/vapestornado.com\/wp-content\/uploads\/2025\/03\/VOPK-Shisha-Hookah-Bar-20000-Puffs-300x300.png",300,300,true],"medium_large":["https:\/\/vapestornado.com\/wp-content\/uploads\/2025\/03\/VOPK-Shisha-Hookah-Bar-20000-Puffs-768x768.png",768,768,true],"large":["https:\/\/vapestornado.com\/wp-content\/uploads\/2025\/03\/VOPK-Shisha-Hookah-Bar-20000-Puffs.png",800,800,false],"1536x1536":["https:\/\/vapestornado.com\/wp-content\/uploads\/2025\/03\/VOPK-Shisha-Hookah-Bar-20000-Puffs.png",800,800,false],"2048x2048":["https:\/\/vapestornado.com\/wp-content\/uploads\/2025\/03\/VOPK-Shisha-Hookah-Bar-20000-Puffs.png",800,800,false],"trp-custom-language-flag":["https:\/\/vapestornado.com\/wp-content\/uploads\/2025\/03\/VOPK-Shisha-Hookah-Bar-20000-Puffs.png",12,12,false],"woocommerce_thumbnail":["https:\/\/vapestornado.com\/wp-content\/uploads\/2025\/03\/VOPK-Shisha-Hookah-Bar-20000-Puffs-300x300.png",300,300,true],"woocommerce_single":["https:\/\/vapestornado.com\/wp-content\/uploads\/2025\/03\/VOPK-Shisha-Hookah-Bar-20000-Puffs-600x600.png",600,600,true],"woocommerce_gallery_thumbnail":["https:\/\/vapestornado.com\/wp-content\/uploads\/2025\/03\/VOPK-Shisha-Hookah-Bar-20000-Puffs-100x100.png",100,100,true]},"uagb_author_info":{"display_name":"ESAMY","author_link":"https:\/\/vapestornado.com\/lv\/author\/"},"uagb_comment_info":0,"uagb_excerpt":"The Vopk Shisha Hookah 20000 Puffs Vape Bar delivers DTL vapor, 28ml e-liquid, and a digital screen. A stylish, rechargeable option for wholesale buyers in Europe. Add Amy's whatsapp to get right reply and discount price! WhatsApp: +86 17776015835 &nbsp;","_links":{"self":[{"href":"https:\/\/vapestornado.com\/lv\/wp-json\/wp\/v2\/product\/3974","targetHints":{"allow":["GET"]}}],"collection":[{"href":"https:\/\/vapestornado.com\/lv\/wp-json\/wp\/v2\/product"}],"about":[{"href":"https:\/\/vapestornado.com\/lv\/wp-json\/wp\/v2\/types\/product"}],"replies":[{"embeddable":true,"href":"https:\/\/vapestornado.com\/lv\/wp-json\/wp\/v2\/comments?post=3974"}],"wp:featuredmedia":[{"embeddable":true,"href":"https:\/\/vapestornado.com\/lv\/wp-json\/wp\/v2\/media\/3965"}],"wp:attachment":[{"href":"https:\/\/vapestornado.com\/lv\/wp-json\/wp\/v2\/media?parent=3974"}],"wp:term":[{"taxonomy":"product_brand","embeddable":true,"href":"https:\/\/vapestornado.com\/lv\/wp-json\/wp\/v2\/product_brand?post=3974"},{"taxonomy":"product_cat","embeddable":true,"href":"https:\/\/vapestornado.com\/lv\/wp-json\/wp\/v2\/product_cat?post=3974"},{"taxonomy":"product_tag","embeddable":true,"href":"https:\/\/vapestornado.com\/lv\/wp-json\/wp\/v2\/product_tag?post=3974"}],"curies":[{"name":"wp","href":"https:\/\/api.w.org\/{rel}","templated":true}]}}