{"id":3952,"date":"2025-03-22T07:37:46","date_gmt":"2025-03-22T07:37:46","guid":{"rendered":"https:\/\/vapestornado.com\/?post_type=product&#038;p=3952"},"modified":"2025-08-23T12:36:01","modified_gmt":"2025-08-23T12:36:01","slug":"mesii-couple-50k-disposable-shisha-hookah-50000-puffs-vape-with-digital-display","status":"publish","type":"product","link":"https:\/\/vapestornado.com\/lv\/product\/mesii-couple-50k-disposable-shisha-hookah-50000-puffs-vape-with-digital-display\/","title":{"rendered":"Mesii Couple 50k vienreiz\u0113j\u0101s lieto\u0161anas \u016bdensp\u012bpe 50000 dvesmas veips ar digit\u0101lo displeju"},"content":{"rendered":"<h1 data-pm-slice=\"1 1 []\">Mesii Couple 50k vienreiz\u0113j\u0101s lieto\u0161anas \u016bdensp\u012bpe 50000 dvesmas veips ar digit\u0101lo displeju<\/h1>\n<p>T\u0101 <strong data-start=\"337\" data-end=\"387\">Mesii Couple 50k Vienreiz\u0113j\u0101s lieto\u0161anas Shisha Hookah Vape<\/strong> ir paredz\u0113ts tvaic\u0113t\u0101jiem, kuri v\u0113las gan daudzveid\u012bbu, gan iztur\u012bbu vien\u0101 elegant\u0101 ier\u012bc\u0113. Pied\u0101v\u0101jot l\u012bdz pat <strong data-start=\"480\" data-end=\"496\">50 000 dvesmu<\/strong>, \u0161im lielas ietilp\u012bbas shisha vape ir <strong data-start=\"542\" data-end=\"575\">40 ml iepriek\u0161 uzpild\u012btu e-\u0161\u0137idruma tvertni<\/strong> un sp\u0113c\u012bgs <strong data-start=\"589\" data-end=\"620\">800mAh uzl\u0101d\u0113jams akumulators<\/strong> ar C tipa uzl\u0101di uzticamiem, ilgsto\u0161iem seansiem.<\/p>\n<p>Pied\u0101v\u0101jot <strong data-start=\"700\" data-end=\"719\">digit\u0101lais displejs<\/strong>, lietot\u0101ji var viegli izsekot e-\u0161\u0137idruma l\u012bmeni un akumulatora darb\u012bbas laiku, savuk\u0101rt uzlabotais <strong data-start=\"797\" data-end=\"821\">acu spoles tehnolo\u0123ija<\/strong> nodro\u0161ina vienm\u0113r\u012bgu tvaiku un past\u0101v\u012bgi bag\u0101t\u012bgu gar\u0161u. Ar <strong data-start=\"879\" data-end=\"921\">nikot\u012bna opcij\u0101m 0%, 2%, 3% un 5%<\/strong>, tas atbilst vis\u0101m v\u0113lm\u0113m \u2014 no viegliem lietot\u0101jiem l\u012bdz smagiem tvaic\u0113t\u0101jiem.<\/p>\n<p>Izv\u0113lieties no <strong data-start=\"1003\" data-end=\"1043\">10 aizraujo\u0161as divu gar\u0161u kombin\u0101cijas<\/strong>, piem\u0113ram, Arb\u016bzu ledus<\/p>\n<p data-start=\"666\" data-end=\"1235\"><strong style=\"font-size: 16px;\"><span style=\"color: #ff0000;\">Pievienojiet Amy WhatsApp, lai sa\u0146emtu t\u016bl\u012bt\u0113ju atbildi un atlai\u017eu cenu!<\/span><\/strong><\/p>\n<p><img fetchpriority=\"high\" decoding=\"async\" class=\"size-full wp-image-2932\" src=\"https:\/\/vapestornado.com\/wp-content\/uploads\/2024\/12\/Vape-Wholesale.jpg\" alt=\"Veipu Vairumtirdzniec\u012bba\" width=\"229\" height=\"300\" \/><\/p>\n<h3><a href=\"https:\/\/wa.me\/8617776015835\" target=\"_blank\" rel=\"noopener\"><span style=\"color: #ff0000;\"><strong>WhatsApp: +86 17776015835<\/strong><\/span><\/a><\/h3>\n<p>&nbsp;<\/p>\n<h2><strong>Mesii Couple 50k Vienreizlietojam\u0101 \u0160i\u0161a \u016adensp\u012bpe Galven\u0101s Produkta \u012apa\u0161\u012bbas<\/strong><\/h2>\n<p>Z\u012bmols: Mesii<br \/>\nP\u016btes: 50000 p\u016btes<br \/>\nNic Salt 0% 2% 3% 5%<br \/>\nTilpums: 40ml<br \/>\nT\u012bkla spole<br \/>\nAkumulators: 800mah atk\u0101rtoti uzl\u0101d\u0113jams<br \/>\nDigit\u0101lais displejs<\/p>\n<p>&nbsp;<\/p>\n<figure id=\"attachment_3951\" aria-describedby=\"caption-attachment-3951\" style=\"width: 800px\" class=\"wp-caption alignnone\"><img decoding=\"async\" class=\"wp-image-3951 size-full\" src=\"https:\/\/vapestornado.com\/wp-content\/uploads\/2025\/03\/Original-Mesii-Shisha-Couple-50k-Disposable-Vape-50000-Puffs.webp\" alt=\"Ori\u0123in\u0101lais Mesii Shisha Couple 50k vienreizlietojamais vape 50000 dvesmas\" width=\"800\" height=\"800\" srcset=\"https:\/\/vapestornado.com\/wp-content\/uploads\/2025\/03\/Original-Mesii-Shisha-Couple-50k-Disposable-Vape-50000-Puffs.webp 800w, https:\/\/vapestornado.com\/wp-content\/uploads\/2025\/03\/Original-Mesii-Shisha-Couple-50k-Disposable-Vape-50000-Puffs-300x300.webp 300w, https:\/\/vapestornado.com\/wp-content\/uploads\/2025\/03\/Original-Mesii-Shisha-Couple-50k-Disposable-Vape-50000-Puffs-150x150.webp 150w, https:\/\/vapestornado.com\/wp-content\/uploads\/2025\/03\/Original-Mesii-Shisha-Couple-50k-Disposable-Vape-50000-Puffs-768x768.webp 768w, https:\/\/vapestornado.com\/wp-content\/uploads\/2025\/03\/Original-Mesii-Shisha-Couple-50k-Disposable-Vape-50000-Puffs-600x600.webp 600w, https:\/\/vapestornado.com\/wp-content\/uploads\/2025\/03\/Original-Mesii-Shisha-Couple-50k-Disposable-Vape-50000-Puffs-100x100.webp 100w\" sizes=\"(max-width: 800px) 100vw, 800px\" \/><figcaption id=\"caption-attachment-3951\" class=\"wp-caption-text\">Ori\u0123in\u0101lais Mesii Shisha Couple 50k vienreizlietojamais vape 50000 dvesmas<\/figcaption><\/figure>\n<h2 class=\"product-title\"><strong>Mesii Couple 50k vienreizlietojamo \u0161i\u0161as gar\u0161u saraksts<\/strong><\/h2>\n<article class=\"w-full text-token-text-primary focus-visible:outline-2 focus-visible:outline-offset-[-4px]\" dir=\"auto\" data-testid=\"conversation-turn-32\" data-scroll-anchor=\"false\">\n<div class=\"m-auto text-base py-[18px] px-6\">\n<div class=\"mx-auto flex flex-1 text-base gap-4 md:gap-5 lg:gap-6 md:max-w-3xl lg:max-w-[40rem] xl:max-w-[48rem]\">\n<div class=\"group\/conversation-turn relative flex w-full min-w-0 flex-col @xs\/thread:px-0 @sm\/thread:px-1.5 @md\/thread:px-4\">\n<div class=\"flex-col gap-1 md:gap-3\">\n<div class=\"flex max-w-full flex-col flex-grow\">\n<div class=\"min-h-8 text-message flex w-full flex-col items-end gap-2 whitespace-normal break-words text-start [.text-message+&amp;]:mt-5\" dir=\"auto\" data-message-author-role=\"user\" data-message-id=\"ffac41ca-1db4-431b-873a-32c4052956f1\">\n<div class=\"flex w-full flex-col gap-1 empty:hidden items-end rtl:items-start\">\n<div class=\"relative max-w-[var(--user-chat-width,70%)] rounded-3xl bg-token-message-surface px-5 py-2.5\">\n<div class=\"absolute bottom-0 right-full top-0 -mr-3.5 hidden pr-5 pt-2 [.group\/conversation-turn:hover_&amp;]:flex\">\n<div class=\"flex\">\n<article class=\"w-full text-token-text-primary focus-visible:outline-2 focus-visible:outline-offset-[-4px]\" dir=\"auto\" data-testid=\"conversation-turn-39\" data-scroll-anchor=\"true\">\n<div class=\"m-auto text-base py-[18px] px-6\">\n<div class=\"mx-auto flex flex-1 text-base gap-4 md:gap-5 lg:gap-6 md:max-w-3xl lg:max-w-[40rem] xl:max-w-[48rem]\">\n<div class=\"group\/conversation-turn relative flex w-full min-w-0 flex-col agent-turn @xs\/thread:px-0 @sm\/thread:px-1.5 @md\/thread:px-4\">\n<div class=\"flex-col gap-1 md:gap-3\">\n<div class=\"flex max-w-full flex-col flex-grow\">\n<div class=\"min-h-8 text-message flex w-full flex-col items-end gap-2 whitespace-normal break-words text-start [.text-message+&amp;]:mt-5\" dir=\"auto\" data-message-author-role=\"assistant\" data-message-id=\"55a23854-ec57-48dd-bd4f-6118f43d6241\" data-message-model-slug=\"gpt-4o\">\n<div class=\"flex w-full flex-col gap-1 empty:hidden first:pt-[3px]\">\n<div class=\"markdown prose w-full break-words dark:prose-invert light\">\n<p>1. Arb\u016bzu ledus<br \/>\n2. Laima piparm\u0113tra<br \/>\n3. Melle\u0146u ledus<br \/>\n4. Sul\u012bgs persiks<br \/>\n5. Red Bull<br \/>\n6. Zilo ave\u0146u ledus<br \/>\n7. \u0136ir\u0161u ledus<br \/>\n8. Divu \u0101bolu ledus<br \/>\n9. V\u012bnogu ledus<br \/>\n10. Jauktas ogas<\/p>\n<\/div>\n<\/div>\n<\/div>\n<\/div>\n<\/div>\n<\/div>\n<\/div>\n<\/div>\n<\/article>\n<\/div>\n<\/div>\n<\/div>\n<\/div>\n<\/div>\n<\/div>\n<\/div>\n<\/div>\n<\/div>\n<\/div>\n<\/article>\n<h2>K\u0101p\u0113c izv\u0113l\u0113ties Vapestornado Mesii Couple 50000 vienreizlietojamo \u0161i\u0161u \u016bdensp\u012bpes lielapjoma ieg\u0101dei?<\/h2>\n<div class=\"flex-shrink-0 flex flex-col relative items-end\">\n<div class=\"pt-0\">\n<div class=\"gizmo-bot-avatar flex h-8 w-8 items-center justify-center overflow-hidden rounded-full\">\n<div class=\"relative p-1 rounded-sm flex items-center justify-center bg-token-main-surface-primary text-token-text-primary h-8 w-8\">\n<p data-start=\"88\" data-end=\"557\">Kad runa ir par <strong data-start=\"105\" data-end=\"154\">\u00a0augstas kvalit\u0101tes vienreiz\u0113j\u0101s lieto\u0161anas iztvaic\u0113t\u0101ju ieg\u0101de<\/strong>, <strong data-start=\"156\" data-end=\"172\">Vapestornado<\/strong> ir lab\u0101kais avots nep\u0101rsp\u0113jamam <strong data-start=\"208\" data-end=\"271\">r\u016bpn\u012bcas cen\u0101m, \u0101trai pieg\u0101dei un augst\u0101k\u0101s klases klientu apkalpo\u0161anai<\/strong>. P\u0113rkot Mesii Couple 50k vienreizlietojamo \u0161i\u0161u \u016bdensp\u012bpi no Vapestornado, j\u016bs sa\u0146emat <strong data-start=\"363\" data-end=\"400\">autentiskus, 100% ori\u0123in\u0101lus produktus<\/strong> ar jaun\u0101ko <strong data-start=\"417\" data-end=\"515\">digit\u0101l\u0101 displeja tehnolo\u0123ija, C tipa uzl\u0101d\u0113\u0161anas \u0113rt\u012bbas un milz\u012bga 50000 d\u016bmu ietilp\u012bba<\/strong>\u2014visu par <strong data-start=\"527\" data-end=\"554\">zem\u0101kaj\u0101m vairumtirdzniec\u012bbas cen\u0101m<\/strong>.<\/p>\n<p data-start=\"559\" data-end=\"933\" data-is-last-node=\"\" data-is-only-node=\"\">Mums ir ar\u012b citi popul\u0101ri veipi ar ekr\u0101nu, piem\u0113ram <a href=\"https:\/\/vapestornado.com\/lv\/product\/bang-leader-50000-puffs-50k-2-in-1-double-flavor-digital-disposable-vape-bulk-price\/\">BANG Vad\u012bt\u0101js 50000<\/a>, <a href=\"https:\/\/vapestornado.com\/lv\/product\/vopk-ultra-40000-puffs-2-in-1-digital-screen-rechargeable-disposable-vape\/\">VOPK 40000 Puff vienreiz\u0113j\u0101s lieto\u0161anas vape<\/a>, <a href=\"https:\/\/vapestornado.com\/lv\/product\/vozol-gear-shisha-25k-25000-puffs-best-dtl-disposable-vape-hookah-cheap-price\/\">Vozol Gear Shisha 25000<\/a>, un citi.<\/p>\n<\/div>\n<div class=\"relative p-1 rounded-sm flex items-center justify-center bg-token-main-surface-primary text-token-text-primary h-8 w-8\">\n<h2>BUJ<\/h2>\n<p><strong>1. Cik ilgi darbojas Mesii Couple 50K?<\/strong><br \/>\nAr\u00a0<strong>50000 uzp\u016btieniem<\/strong>\u00a0un\u00a0<strong>40 ml e-\u0161\u0137idruma ietilp\u012bba<\/strong>, Mesii Couple var darboties ned\u0113\u013c\u0101m ilgi, atkar\u012bb\u0101 no j\u016bsu lieto\u0161anas paradumiem. T\u0101\u00a0<strong>800mAh uzl\u0101d\u0113jams akumulators<\/strong>\u00a0nodro\u0161ina, ka j\u016bs g\u016bstat maksim\u0101lu labumu no katras lieto\u0161anas reizes.<\/p>\n<p><strong>2. Vai es varu piel\u0101got nikot\u012bna stiprumu?<\/strong><br \/>\nJ\u0101! Mesii Couple pied\u0101v\u0101\u00a0<strong>Ledus<\/strong>, kas \u013cauj jums izv\u0113l\u0113ties 0%, 2%, 3% vai 5% nikot\u012bna l\u012bmeni atbilsto\u0161i j\u016bsu v\u0113lm\u0113m.<\/p>\n<p><strong>3. Vai Mesii Couple ir viegli lietojams?<\/strong><br \/>\nNoteikti! Mesii Couple ir rad\u012bts vienk\u0101r\u0161ai lieto\u0161anai. Vienk\u0101r\u0161i iz\u0146emiet no kastes, uzp\u016btiet un baudiet. T\u0101\u00a0<strong>digit\u0101lais displejs<\/strong>\u00a0\u013cauj viegli uzraudz\u012bt akumulatora un e-\u0161\u0137idruma l\u012bme\u0146us, lai j\u016bs vienm\u0113r zin\u0101tu, kad ir laiks uzl\u0101d\u0113t vai nomain\u012bt.<\/p>\n<p><strong>4. Vai es varu uzl\u0101d\u0113t Mesii Couple?<\/strong><br \/>\nJ\u0101, Mesii Couple ir apr\u012bkots ar\u00a0<strong>800mAh uzl\u0101d\u0113jams akumulators<\/strong>, lai j\u016bs var\u0113tu izbaud\u012bt katru p\u0113d\u0113jo dvesmu, neiz\u0161\u0137ie\u017eot nevienu pilienu e-\u0161\u0137idruma.<\/p>\n<\/div>\n<\/div>\n<\/div>\n<\/div>","protected":false},"excerpt":{"rendered":"<p>Mesii Couple 50k 50000 Puffs Vienreizlietojamais Ekran\u0113tais Veips Vairumtirdzniec\u012bbas Cena<br \/>\nMesii Couple 50k Vienreizlietojamais \u0160i\u0161as Veips Lab\u0101kais Pied\u0101v\u0101jums Latvij\u0101<br \/>\nMesii Couple 50000 Puffs Vienreizlietojam\u0101 \u0160i\u0161a Zema Cena Ieg\u0101d\u0101ties tie\u0161saist\u0113<\/p>\n<p><strong>Pievienojiet Eimijas WhatsApp, lai sa\u0146emtu prec\u012bzu atbildi un atlaidi!<\/strong><\/p>\n<p><img fetchpriority=\"high\" decoding=\"async\" class=\"size-full wp-image-2932\" src=\"https:\/\/vapestornado.com\/wp-content\/uploads\/2024\/12\/Vape-Wholesale.jpg\" alt=\"Veipu Vairumtirdzniec\u012bba\" width=\"229\" height=\"300\" \/><\/p>\n<h3><a href=\"https:\/\/wa.me\/8617776015835\"><span style=\"color: #ff0000;\"><strong>WhatsApp: +86 17776015835<\/strong><\/span><\/a><\/h3>\n<p>&nbsp;<\/p>","protected":false},"featured_media":3949,"comment_status":"open","ping_status":"closed","template":"","meta":{"_acf_changed":false,"_uag_custom_page_level_css":"","_lmt_disableupdate":"no","_lmt_disable":"","_monsterinsights_skip_tracking":false,"_monsterinsights_sitenote_active":false,"_monsterinsights_sitenote_note":"","_monsterinsights_sitenote_category":0,"site-sidebar-layout":"default","site-content-layout":"","ast-site-content-layout":"default","site-content-style":"default","site-sidebar-style":"default","ast-global-header-display":"","ast-banner-title-visibility":"","ast-main-header-display":"","ast-hfb-above-header-display":"","ast-hfb-below-header-display":"","ast-hfb-mobile-header-display":"","site-post-title":"","ast-breadcrumbs-content":"","ast-featured-img":"","footer-sml-layout":"","ast-disable-related-posts":"","theme-transparent-header-meta":"default","adv-header-id-meta":"","stick-header-meta":"","header-above-stick-meta":"","header-main-stick-meta":"","header-below-stick-meta":"","astra-migrate-meta-layouts":"set","ast-page-background-enabled":"default","ast-page-background-meta":{"desktop":{"background-color":"","background-image":"","background-repeat":"repeat","background-position":"center center","background-size":"auto","background-attachment":"scroll","background-type":"","background-media":"","overlay-type":"","overlay-color":"","overlay-opacity":"","overlay-gradient":""},"tablet":{"background-color":"","background-image":"","background-repeat":"repeat","background-position":"center center","background-size":"auto","background-attachment":"scroll","background-type":"","background-media":"","overlay-type":"","overlay-color":"","overlay-opacity":"","overlay-gradient":""},"mobile":{"background-color":"","background-image":"","background-repeat":"repeat","background-position":"center center","background-size":"auto","background-attachment":"scroll","background-type":"","background-media":"","overlay-type":"","overlay-color":"","overlay-opacity":"","overlay-gradient":""}},"ast-content-background-meta":{"desktop":{"background-color":"var(--ast-global-color-5)","background-image":"","background-repeat":"repeat","background-position":"center center","background-size":"auto","background-attachment":"scroll","background-type":"","background-media":"","overlay-type":"","overlay-color":"","overlay-opacity":"","overlay-gradient":""},"tablet":{"background-color":"var(--ast-global-color-5)","background-image":"","background-repeat":"repeat","background-position":"center center","background-size":"auto","background-attachment":"scroll","background-type":"","background-media":"","overlay-type":"","overlay-color":"","overlay-opacity":"","overlay-gradient":""},"mobile":{"background-color":"var(--ast-global-color-5)","background-image":"","background-repeat":"repeat","background-position":"center center","background-size":"auto","background-attachment":"scroll","background-type":"","background-media":"","overlay-type":"","overlay-color":"","overlay-opacity":"","overlay-gradient":""}},"_joinchat":{"telephone":"17776015835"}},"product_brand":[],"product_cat":[192,151,157,142,277],"product_tag":[105,285,284,94,269],"class_list":{"0":"post-3952","1":"product","2":"type-product","3":"status-publish","4":"has-post-thumbnail","6":"product_cat-50000-puff","7":"product_cat-buy-disposable-vapes-in-france","8":"product_cat-buy-disposable-vapes-in-portugal","9":"product_cat-digital-box-disposable-vapes","10":"product_cat-mesii-vape","11":"product_tag-digital-disposable-vape","12":"product_tag-display-shisha-hookah","13":"product_tag-disposable-shisha","14":"product_tag-rechargeable-disposable-vape","15":"product_tag-vape-with-screen","16":"desktop-align-left","17":"tablet-align-left","18":"mobile-align-left","20":"first","21":"instock","22":"sale","23":"shipping-taxable","24":"purchasable","25":"product-type-simple"},"acf":[],"uagb_featured_image_src":{"full":["https:\/\/vapestornado.com\/wp-content\/uploads\/2025\/03\/Mesii-Shisha-Couple-50000-Puff-Disposable-Vape.webp",800,800,false],"thumbnail":["https:\/\/vapestornado.com\/wp-content\/uploads\/2025\/03\/Mesii-Shisha-Couple-50000-Puff-Disposable-Vape-150x150.webp",150,150,true],"medium":["https:\/\/vapestornado.com\/wp-content\/uploads\/2025\/03\/Mesii-Shisha-Couple-50000-Puff-Disposable-Vape-300x300.webp",300,300,true],"medium_large":["https:\/\/vapestornado.com\/wp-content\/uploads\/2025\/03\/Mesii-Shisha-Couple-50000-Puff-Disposable-Vape-768x768.webp",768,768,true],"large":["https:\/\/vapestornado.com\/wp-content\/uploads\/2025\/03\/Mesii-Shisha-Couple-50000-Puff-Disposable-Vape.webp",800,800,false],"1536x1536":["https:\/\/vapestornado.com\/wp-content\/uploads\/2025\/03\/Mesii-Shisha-Couple-50000-Puff-Disposable-Vape.webp",800,800,false],"2048x2048":["https:\/\/vapestornado.com\/wp-content\/uploads\/2025\/03\/Mesii-Shisha-Couple-50000-Puff-Disposable-Vape.webp",800,800,false],"trp-custom-language-flag":["https:\/\/vapestornado.com\/wp-content\/uploads\/2025\/03\/Mesii-Shisha-Couple-50000-Puff-Disposable-Vape.webp",12,12,false],"woocommerce_thumbnail":["https:\/\/vapestornado.com\/wp-content\/uploads\/2025\/03\/Mesii-Shisha-Couple-50000-Puff-Disposable-Vape-300x300.webp",300,300,true],"woocommerce_single":["https:\/\/vapestornado.com\/wp-content\/uploads\/2025\/03\/Mesii-Shisha-Couple-50000-Puff-Disposable-Vape-600x600.webp",600,600,true],"woocommerce_gallery_thumbnail":["https:\/\/vapestornado.com\/wp-content\/uploads\/2025\/03\/Mesii-Shisha-Couple-50000-Puff-Disposable-Vape-100x100.webp",100,100,true]},"uagb_author_info":{"display_name":"ESAMY","author_link":"https:\/\/vapestornado.com\/lv\/author\/"},"uagb_comment_info":0,"uagb_excerpt":"Mesii Couple 50k 50000 Puffs Disposable Screen Vape Wholesale Price Mesii Couple 50k Disposable Shisha Vape Best Deal in Netherlands Mesii Couple 50000 Puff\u00a0 Disposable Shisha Low\u00a0Price Buy online Add Amy's whatsapp to get right reply and discount price! WhatsApp: +86 17776015835 &nbsp;","_links":{"self":[{"href":"https:\/\/vapestornado.com\/lv\/wp-json\/wp\/v2\/product\/3952","targetHints":{"allow":["GET"]}}],"collection":[{"href":"https:\/\/vapestornado.com\/lv\/wp-json\/wp\/v2\/product"}],"about":[{"href":"https:\/\/vapestornado.com\/lv\/wp-json\/wp\/v2\/types\/product"}],"replies":[{"embeddable":true,"href":"https:\/\/vapestornado.com\/lv\/wp-json\/wp\/v2\/comments?post=3952"}],"wp:featuredmedia":[{"embeddable":true,"href":"https:\/\/vapestornado.com\/lv\/wp-json\/wp\/v2\/media\/3949"}],"wp:attachment":[{"href":"https:\/\/vapestornado.com\/lv\/wp-json\/wp\/v2\/media?parent=3952"}],"wp:term":[{"taxonomy":"product_brand","embeddable":true,"href":"https:\/\/vapestornado.com\/lv\/wp-json\/wp\/v2\/product_brand?post=3952"},{"taxonomy":"product_cat","embeddable":true,"href":"https:\/\/vapestornado.com\/lv\/wp-json\/wp\/v2\/product_cat?post=3952"},{"taxonomy":"product_tag","embeddable":true,"href":"https:\/\/vapestornado.com\/lv\/wp-json\/wp\/v2\/product_tag?post=3952"}],"curies":[{"name":"wp","href":"https:\/\/api.w.org\/{rel}","templated":true}]}}