{"id":3931,"date":"2025-03-21T07:19:47","date_gmt":"2025-03-21T07:19:47","guid":{"rendered":"https:\/\/vapestornado.com\/?post_type=product&#038;p=3931"},"modified":"2025-08-23T10:52:54","modified_gmt":"2025-08-23T10:52:54","slug":"best-mesii-shisha-heavy-hitter-50000-puff-longest-lasting-disposable-vape","status":"publish","type":"product","link":"https:\/\/vapestornado.com\/lv\/product\/best-mesii-shisha-heavy-hitter-50000-puff-longest-lasting-disposable-vape\/","title":{"rendered":"Lab\u0101kais Mesii Shisha Heavy Hitter 50000 uzp\u016btienu visilg\u0101k lietojamais vienreiz\u0113j\u0101s lieto\u0161anas iztvaic\u0113t\u0101js"},"content":{"rendered":"<h1 data-pm-slice=\"1 1 []\">Lab\u0101kais Mesii Shisha Heavy Hitter 50000 uzp\u016btienu visilg\u0101k lietojamais vienreiz\u0113j\u0101s lieto\u0161anas iztvaic\u0113t\u0101js<\/h1>\n<p data-start=\"221\" data-end=\"580\">T\u0101 <strong data-start=\"225\" data-end=\"282\">Mesii Shisha Heavy Hitter 50000 Puffs vienreiz\u0113j\u0101s lieto\u0161anas veips<\/strong> ir izstr\u0101d\u0101ts lietot\u0101jiem, kuri v\u0113las maksim\u0101lu iztur\u012bbu un izteiksm\u012bgu gar\u0161as pieg\u0101di vien\u0101 jaud\u012bg\u0101 ier\u012bc\u0113. Ar <strong data-start=\"386\" data-end=\"422\">\u012bpa\u0161i lielu 50 000 uzp\u016btienu ietilp\u012bbu<\/strong>, \u0161\u012b ier\u012bce ir viena no ilg\u0101k kalpojo\u0161aj\u0101m vienreizlietojamaj\u0101m ier\u012bc\u0113m tirg\u016b, padarot to \u013coti pievilc\u012bgu vairumtirgot\u0101jiem un mazumtirgot\u0101jiem, kuri mekl\u0113 uzticamu vairumtirdzniec\u012bbas kr\u0101jumu.<\/p>\n<p data-start=\"582\" data-end=\"908\">Pateicoties <strong data-start=\"592\" data-end=\"613\">diviem tvaic\u0113\u0161anas re\u017e\u012bmiem<\/strong>, lietot\u0101ji var p\u0101rsl\u0113gties starp diviem jaudas iestat\u012bjumiem, lai piel\u0101gotu pieredzi \u2014 vienm\u0113r\u012bgu ikdienas lieto\u0161anai vai intens\u012bvu m\u0101ko\u0146u medniekiem. T\u0101 <strong data-start=\"745\" data-end=\"774\">regul\u0113jama gaisa pl\u016bsmas sist\u0113ma<\/strong> v\u0113l vair\u0101k piel\u0101go katru pievilkumu, savuk\u0101rt vair\u0101ki <strong data-start=\"817\" data-end=\"856\">nikot\u012bna stiprumi (0%, 2%, 3%, 5%)<\/strong> padara to piem\u0113rotu pla\u0161am v\u0113lmju kl\u0101stam.<\/p>\n<p data-start=\"910\" data-end=\"1257\">Apr\u012bkots ar <strong data-start=\"926\" data-end=\"957\">650mAh uzl\u0101d\u0113jams akumulators<\/strong> un <strong data-start=\"962\" data-end=\"986\">C tipa \u0101tr\u0101 uzl\u0101de<\/strong>, Mesii Heavy Hitter minimiz\u0113 d\u012bkst\u0101ves laiku. T\u0101 <strong data-start=\"1039\" data-end=\"1063\">digit\u0101lais viedais ekr\u0101ns<\/strong> par\u0101da re\u0101llaika akumulatora un e-\u0161\u0137idruma l\u012bmeni, nodro\u0161inot nemain\u012bgu veiktsp\u0113ju. Iek\u0161pus\u0113 <strong data-start=\"1157\" data-end=\"1186\">dubultu sieta spoles tehnolo\u0123iju<\/strong> uzlabo tvaiku bl\u012bvumu un gar\u0161u, pie\u0161\u0137irot katram uzp\u016btim premium l\u012bme\u0146a kvalit\u0101ti.<\/p>\n<p data-start=\"1259\" data-end=\"1420\">Vairumtirdzniec\u012bbas pirc\u0113jiem, tas <strong data-start=\"1280\" data-end=\"1305\">Mesii Shisha 50K Vape<\/strong> apvieno <strong data-start=\"1315\" data-end=\"1368\">ietilp\u012bba, daudzpus\u012bba un sp\u0113c\u012bga pat\u0113r\u0113t\u0101ju pievilc\u012bba<\/strong>\u2014rentabls variants Eiropas vape tirgum<\/p>\n<p data-start=\"666\" data-end=\"1235\"><strong style=\"font-size: 16px;\"><span style=\"color: #ff0000;\">Pievienojiet Amy WhatsApp, lai sa\u0146emtu t\u016bl\u012bt\u0113ju atbildi un atlai\u017eu cenu!<\/span><\/strong><\/p>\n<p><img fetchpriority=\"high\" decoding=\"async\" class=\"size-full wp-image-2932\" src=\"https:\/\/vapestornado.com\/wp-content\/uploads\/2024\/12\/Vape-Wholesale.jpg\" alt=\"Veipu Vairumtirdzniec\u012bba\" width=\"229\" height=\"300\" \/><\/p>\n<h3><a href=\"https:\/\/wa.me\/8617776015835\" target=\"_blank\" rel=\"noopener\"><span style=\"color: #ff0000;\"><strong>WhatsApp: +86 17776015835<\/strong><\/span><\/a><\/h3>\n<p>&nbsp;<\/p>\n<h2><strong>Lab\u0101kais Mesii \u0160i\u0161as Smagais Triec\u0113js 50000 Veipa galven\u0101s produkta \u012bpa\u0161\u012bbas<\/strong><\/h2>\n<p>Z\u012bmols: Mesii<br \/>\nModelis: Mesii \u0160i\u0161as Smagais Triec\u0113js 50000<br \/>\nNikot\u012bns: 0% 2% 5%<br \/>\nAkumulatora ietilp\u012bba: 800mAh<br \/>\nP\u016btiens: 50000<br \/>\nE\u013c\u013ca: 45ml<br \/>\nDigit\u0101lais Displejs<br \/>\nDTL<br \/>\nDubult\u0101 sieta spole<\/p>\n<h2 class=\"product-title\"><strong>Popul\u0101rs Mesii \u016bdensp\u012bpes 50000 vape gar\u0161u saraksts<\/strong><\/h2>\n<article class=\"w-full text-token-text-primary focus-visible:outline-2 focus-visible:outline-offset-[-4px]\" dir=\"auto\" data-testid=\"conversation-turn-32\" data-scroll-anchor=\"false\">\n<div class=\"m-auto text-base py-[18px] px-6\">\n<div class=\"mx-auto flex flex-1 text-base gap-4 md:gap-5 lg:gap-6 md:max-w-3xl lg:max-w-[40rem] xl:max-w-[48rem]\">\n<div class=\"group\/conversation-turn relative flex w-full min-w-0 flex-col @xs\/thread:px-0 @sm\/thread:px-1.5 @md\/thread:px-4\">\n<div class=\"flex-col gap-1 md:gap-3\">\n<div class=\"flex max-w-full flex-col flex-grow\">\n<div class=\"min-h-8 text-message flex w-full flex-col items-end gap-2 whitespace-normal break-words text-start [.text-message+&amp;]:mt-5\" dir=\"auto\" data-message-author-role=\"user\" data-message-id=\"ffac41ca-1db4-431b-873a-32c4052956f1\">\n<div class=\"flex w-full flex-col gap-1 empty:hidden items-end rtl:items-start\">\n<div class=\"relative max-w-[var(--user-chat-width,70%)] rounded-3xl bg-token-message-surface px-5 py-2.5\">\n<div class=\"absolute bottom-0 right-full top-0 -mr-3.5 hidden pr-5 pt-2 [.group\/conversation-turn:hover_&amp;]:flex\">\n<div class=\"flex\">\n<article class=\"w-full text-token-text-primary focus-visible:outline-2 focus-visible:outline-offset-[-4px]\" dir=\"auto\" data-testid=\"conversation-turn-39\" data-scroll-anchor=\"true\">\n<div class=\"m-auto text-base py-[18px] px-6\">\n<div class=\"mx-auto flex flex-1 text-base gap-4 md:gap-5 lg:gap-6 md:max-w-3xl lg:max-w-[40rem] xl:max-w-[48rem]\">\n<div class=\"group\/conversation-turn relative flex w-full min-w-0 flex-col agent-turn @xs\/thread:px-0 @sm\/thread:px-1.5 @md\/thread:px-4\">\n<div class=\"flex-col gap-1 md:gap-3\">\n<div class=\"flex max-w-full flex-col flex-grow\">\n<div class=\"min-h-8 text-message flex w-full flex-col items-end gap-2 whitespace-normal break-words text-start [.text-message+&amp;]:mt-5\" dir=\"auto\" data-message-author-role=\"assistant\" data-message-id=\"55a23854-ec57-48dd-bd4f-6118f43d6241\" data-message-model-slug=\"gpt-4o\">\n<div class=\"flex w-full flex-col gap-1 empty:hidden first:pt-[3px]\">\n<div class=\"markdown prose w-full break-words dark:prose-invert light\">\n<p>1.Zeme\u0146u Margaritas Ledus (\u016adensp\u012bpe)<br \/>\n2.M\u012blest\u012bba 777 Ledus (\u016adensp\u012bpe)<br \/>\n3.V\u012bnogu Piparm\u0113tru Ledus (\u016adensp\u012bpe)<br \/>\n4.Divu \u0101bolu Ledus (\u016adensp\u012bpe)<br \/>\n5.Lady Killa Ledus (\u016adensp\u012bpe)<br \/>\n6.Persiku Ledus<br \/>\n7.Zil\u0101s avenes Ledus<br \/>\n8.Arb\u016bzu Ledus<br \/>\n9.Ogu Ledus<br \/>\n10.Kazenes Ledus<br \/>\n11.Zeme\u0146u \u0136ir\u0161u Ledus<br \/>\n12.Melle\u0146u Arb\u016bzu Ledus<br \/>\n13.Citronu Laimu Ledus<br \/>\n14.Sk\u0101bais Mango Anan\u0101su Ledus<br \/>\n15.V\u012bnogu Ledus<\/p>\n<figure id=\"attachment_3914\" aria-describedby=\"caption-attachment-3914\" style=\"width: 800px\" class=\"wp-caption alignnone\"><img decoding=\"async\" class=\"wp-image-3914 size-full\" src=\"https:\/\/vapestornado.com\/wp-content\/uploads\/2025\/03\/Mesii-Shisha-Hoohakh-50k-50000-Vape-Price.webp\" alt=\"Mesii Shisha Hoohakh 50k 50000 Vape cena\" width=\"800\" height=\"800\" srcset=\"https:\/\/vapestornado.com\/wp-content\/uploads\/2025\/03\/Mesii-Shisha-Hoohakh-50k-50000-Vape-Price.webp 800w, https:\/\/vapestornado.com\/wp-content\/uploads\/2025\/03\/Mesii-Shisha-Hoohakh-50k-50000-Vape-Price-300x300.webp 300w, https:\/\/vapestornado.com\/wp-content\/uploads\/2025\/03\/Mesii-Shisha-Hoohakh-50k-50000-Vape-Price-150x150.webp 150w, https:\/\/vapestornado.com\/wp-content\/uploads\/2025\/03\/Mesii-Shisha-Hoohakh-50k-50000-Vape-Price-768x768.webp 768w, https:\/\/vapestornado.com\/wp-content\/uploads\/2025\/03\/Mesii-Shisha-Hoohakh-50k-50000-Vape-Price-600x600.webp 600w, https:\/\/vapestornado.com\/wp-content\/uploads\/2025\/03\/Mesii-Shisha-Hoohakh-50k-50000-Vape-Price-100x100.webp 100w\" sizes=\"(max-width: 800px) 100vw, 800px\" \/><figcaption id=\"caption-attachment-3914\" class=\"wp-caption-text\">Mesii Shisha Hoohakh 50k 50000 Vape cena<\/figcaption><\/figure>\n<\/div>\n<\/div>\n<\/div>\n<\/div>\n<\/div>\n<\/div>\n<\/div>\n<\/div>\n<\/article>\n<\/div>\n<\/div>\n<\/div>\n<\/div>\n<\/div>\n<\/div>\n<\/div>\n<\/div>\n<\/div>\n<\/div>\n<\/article>\n<h2>K\u0101p\u0113c izv\u0113l\u0113ties Vapestornado, lai ieg\u0101d\u0101tos lab\u0101ko Mesii Shisha Heavy Hitter 50K Vape vairum\u0101?<\/h2>\n<div class=\"flex-shrink-0 flex flex-col relative items-end\">\n<div class=\"pt-0\">\n<div class=\"gizmo-bot-avatar flex h-8 w-8 items-center justify-center overflow-hidden rounded-full\">\n<div class=\"relative p-1 rounded-sm flex items-center justify-center bg-token-main-surface-primary text-token-text-primary h-8 w-8\">\n<p data-start=\"88\" data-end=\"557\">Kad runa ir par <strong data-start=\"105\" data-end=\"154\">\u00a0augstas kvalit\u0101tes vienreiz\u0113j\u0101s lieto\u0161anas iztvaic\u0113t\u0101ju ieg\u0101de<\/strong>, <strong data-start=\"156\" data-end=\"172\">Vapestornado<\/strong> ir lab\u0101kais avots nep\u0101rsp\u0113jamam <strong data-start=\"208\" data-end=\"271\">r\u016bpn\u012bcas cen\u0101m, \u0101trai pieg\u0101dei un augst\u0101k\u0101s klases klientu apkalpo\u0161anai<\/strong>. P\u0113rkot lab\u0101ko Mesii Shisha Heavy Hitter 50000 no Vapestornado, j\u016bs ieg\u016bstat <strong data-start=\"363\" data-end=\"400\">autentiskus, 100% ori\u0123in\u0101lus produktus<\/strong> ar jaun\u0101ko <strong data-start=\"417\" data-end=\"515\">digit\u0101l\u0101 displeja tehnolo\u0123ija, C tipa uzl\u0101d\u0113\u0161anas \u0113rt\u012bbas un milz\u012bga 50000 d\u016bmu ietilp\u012bba<\/strong>\u2014visu par <strong data-start=\"527\" data-end=\"554\">zem\u0101kaj\u0101m vairumtirdzniec\u012bbas cen\u0101m<\/strong>.<\/p>\n<p data-start=\"559\" data-end=\"933\" data-is-last-node=\"\" data-is-only-node=\"\">Mums ir ar\u012b citi popul\u0101ri veipi ar ekr\u0101nu, piem\u0113ram <a href=\"https:\/\/vapestornado.com\/lv\/product\/bang-leader-50000-puffs-50k-2-in-1-double-flavor-digital-disposable-vape-bulk-price\/\">BANG Vad\u012bt\u0101js 50000<\/a>, <a href=\"https:\/\/vapestornado.com\/lv\/product\/vopk-ultra-40000-puffs-2-in-1-digital-screen-rechargeable-disposable-vape\/\">VOPK 40000 Puff vienreiz\u0113j\u0101s lieto\u0161anas vape<\/a>, <a href=\"https:\/\/vapestornado.com\/lv\/product\/vozol-gear-shisha-25k-25000-puffs-best-dtl-disposable-vape-hookah-cheap-price\/\">Vozol Gear Shisha 25000<\/a>, un citi.<\/p>\n<\/div>\n<div class=\"relative p-1 rounded-sm flex items-center justify-center bg-token-main-surface-primary text-token-text-primary h-8 w-8\">\n<h2>BUJ<\/h2>\n<ol data-start=\"1216\" data-end=\"2192\">\n<li data-start=\"1216\" data-end=\"1431\">\n<p data-start=\"1219\" data-end=\"1431\"><strong data-start=\"1219\" data-end=\"1261\">K\u0101 pareizi lietot vienreizlietojamo tvaiku?<\/strong><br data-start=\"1261\" data-end=\"1264\" \/>Vienk\u0101r\u0161i ieelpojiet caur iemuti, lai aktiviz\u0113tu ier\u012bci. T\u0101 <strong data-start=\"1332\" data-end=\"1367\">Mesii \u0160i\u0161as smagais sit\u0113js 50000<\/strong> ir aktiviz\u0113jama ar vilkmi, kas noz\u012bm\u0113, ka nav nepiecie\u0161amas pogas vai iestat\u012bjumi.<\/p>\n<\/li>\n<li data-start=\"1433\" data-end=\"1663\">\n<p data-start=\"1436\" data-end=\"1663\"><strong data-start=\"1436\" data-end=\"1488\">Vai ir iesp\u0113jams uzl\u0101d\u0113t izl\u0101d\u0113ju\u0161os vienreizlietojamo tvaiku?<\/strong><br data-start=\"1488\" data-end=\"1491\" \/>Ja akumulators izl\u0101d\u0113jas pirms e-\u0161\u0137idruma beig\u0101m, j\u016bs varat <strong data-start=\"1555\" data-end=\"1593\">uzl\u0101d\u0113t to, izmantojot C tipa l\u0101d\u0113t\u0101ju<\/strong>. Tom\u0113r, kad tvaiks ir piln\u012bb\u0101 tuk\u0161s, to nevar uzpild\u012bt.<\/p>\n<\/li>\n<li data-start=\"1665\" data-end=\"1902\">\n<p data-start=\"1668\" data-end=\"1902\"><strong data-start=\"1668\" data-end=\"1707\">Vai vienreiz\u0113j\u0101s lieto\u0161anas veipus dr\u012bkst p\u0101rvad\u0101t bag\u0101\u017e\u0101?<\/strong><br data-start=\"1707\" data-end=\"1710\" \/>J\u0101, vienreiz\u0113j\u0101s lieto\u0161anas veipus dr\u012bkst p\u0101rvad\u0101t <strong data-start=\"1758\" data-end=\"1778\">rokas bag\u0101\u017e\u0101<\/strong>, bet tie nav at\u013cauti re\u0123istr\u0113taj\u0101 bag\u0101\u017e\u0101, jo to nepie\u013cauj aviokomp\u0101nijas noteikumi. Pirms ce\u013cojuma vienm\u0113r sazinieties ar savu aviokomp\u0101niju.<\/p>\n<\/li>\n<li data-start=\"1904\" data-end=\"2192\">\n<p data-start=\"1907\" data-end=\"2192\"><strong data-start=\"1907\" data-end=\"1946\">K\u0101 es varu zin\u0101t, kad mans veips ir beidzies?<\/strong><br data-start=\"1946\" data-end=\"1949\" \/>T\u0101 <strong data-start=\"1956\" data-end=\"1980\">viedo ekr\u0101nu<\/strong> uz <strong data-start=\"1988\" data-end=\"2023\">Mesii \u0160i\u0161as smagais sit\u0113js 50000<\/strong> \u013cauj jums uzraudz\u012bt <strong data-start=\"2041\" data-end=\"2072\">akumulatora un e-\u0161\u0137idruma l\u012bme\u0146iem<\/strong>. Ja gar\u0161a v\u0101jin\u0101s, samazin\u0101s tvaiku daudzums vai ekr\u0101ns r\u0101da tuk\u0161u poda atmi\u0146u, ir pien\u0101cis laiks jaunam veipam.<\/p>\n<\/li>\n<\/ol>\n<\/div>\n<\/div>\n<\/div>\n<\/div>","protected":false},"excerpt":{"rendered":"<p data-start=\"1460\" data-end=\"1646\">T\u0101 <strong data-start=\"1464\" data-end=\"1499\">Mesii \u0160i\u0161as smagais sit\u0113js 50000<\/strong> pied\u0101v\u0101 divus re\u017e\u012bmus, viedo ekr\u0101nu un 50 000 uzp\u016btus. Visilg\u0101k kalpojo\u0161ais <strong data-start=\"1566\" data-end=\"1585\">vienreizlietojams iztvaic\u0113t\u0101js<\/strong> izstr\u0101d\u0101ts <strong data-start=\"1596\" data-end=\"1643\">vairumtirgot\u0101jiem un izplat\u012bt\u0101jiem Eirop\u0101<\/strong>.<\/p>\n<p><strong>Pievienojiet Eimijas WhatsApp, lai sa\u0146emtu prec\u012bzu atbildi un atlaidi!<\/strong><\/p>\n<p><img fetchpriority=\"high\" decoding=\"async\" class=\"size-full wp-image-2932\" src=\"https:\/\/vapestornado.com\/wp-content\/uploads\/2024\/12\/Vape-Wholesale.jpg\" alt=\"Veipu Vairumtirdzniec\u012bba\" width=\"229\" height=\"300\" \/><\/p>\n<h3><a href=\"https:\/\/wa.me\/8617776015835\"><span style=\"color: #ff0000;\"><strong>WhatsApp: +86 17776015835<\/strong><\/span><\/a><\/h3>\n<p>&nbsp;<\/p>","protected":false},"featured_media":3910,"comment_status":"open","ping_status":"closed","template":"","meta":{"_acf_changed":false,"_uag_custom_page_level_css":"","_lmt_disableupdate":"no","_lmt_disable":"","_monsterinsights_skip_tracking":false,"_monsterinsights_sitenote_active":false,"_monsterinsights_sitenote_note":"","_monsterinsights_sitenote_category":0,"site-sidebar-layout":"default","site-content-layout":"","ast-site-content-layout":"default","site-content-style":"default","site-sidebar-style":"default","ast-global-header-display":"","ast-banner-title-visibility":"","ast-main-header-display":"","ast-hfb-above-header-display":"","ast-hfb-below-header-display":"","ast-hfb-mobile-header-display":"","site-post-title":"","ast-breadcrumbs-content":"","ast-featured-img":"","footer-sml-layout":"","ast-disable-related-posts":"","theme-transparent-header-meta":"default","adv-header-id-meta":"","stick-header-meta":"","header-above-stick-meta":"","header-main-stick-meta":"","header-below-stick-meta":"","astra-migrate-meta-layouts":"set","ast-page-background-enabled":"default","ast-page-background-meta":{"desktop":{"background-color":"","background-image":"","background-repeat":"repeat","background-position":"center center","background-size":"auto","background-attachment":"scroll","background-type":"","background-media":"","overlay-type":"","overlay-color":"","overlay-opacity":"","overlay-gradient":""},"tablet":{"background-color":"","background-image":"","background-repeat":"repeat","background-position":"center center","background-size":"auto","background-attachment":"scroll","background-type":"","background-media":"","overlay-type":"","overlay-color":"","overlay-opacity":"","overlay-gradient":""},"mobile":{"background-color":"","background-image":"","background-repeat":"repeat","background-position":"center center","background-size":"auto","background-attachment":"scroll","background-type":"","background-media":"","overlay-type":"","overlay-color":"","overlay-opacity":"","overlay-gradient":""}},"ast-content-background-meta":{"desktop":{"background-color":"var(--ast-global-color-5)","background-image":"","background-repeat":"repeat","background-position":"center center","background-size":"auto","background-attachment":"scroll","background-type":"","background-media":"","overlay-type":"","overlay-color":"","overlay-opacity":"","overlay-gradient":""},"tablet":{"background-color":"var(--ast-global-color-5)","background-image":"","background-repeat":"repeat","background-position":"center center","background-size":"auto","background-attachment":"scroll","background-type":"","background-media":"","overlay-type":"","overlay-color":"","overlay-opacity":"","overlay-gradient":""},"mobile":{"background-color":"var(--ast-global-color-5)","background-image":"","background-repeat":"repeat","background-position":"center center","background-size":"auto","background-attachment":"scroll","background-type":"","background-media":"","overlay-type":"","overlay-color":"","overlay-opacity":"","overlay-gradient":""}},"_joinchat":{"telephone":"17776015835"}},"product_brand":[],"product_cat":[19,192,152,156,160,141,142,277,146,147],"product_tag":[274,275,94,276,93,269],"class_list":{"0":"post-3931","1":"product","2":"type-product","3":"status-publish","4":"has-post-thumbnail","6":"product_cat-vapes","7":"product_cat-50000-puff","8":"product_cat-buy-disposable-vapes-in-cermany","9":"product_cat-buy-disposable-vapes-in-poland","10":"product_cat-buy-disposable-vapes-in-switzerland","11":"product_cat-crystal-disposable-vapes","12":"product_cat-digital-box-disposable-vapes","13":"product_cat-mesii-vape","14":"product_cat-rechargeable-disposable-vapes","15":"product_cat-shisha-hookah-disposable-vapes","16":"product_tag-longest-lasting-disposable-vape","17":"product_tag-mesii-shisha-heavy-hitter-50000","18":"product_tag-rechargeable-disposable-vape","19":"product_tag-shisha-disposable-vape","20":"product_tag-vape-wholesale","21":"product_tag-vape-with-screen","22":"desktop-align-left","23":"tablet-align-left","24":"mobile-align-left","26":"first","27":"instock","28":"sale","29":"shipping-taxable","30":"purchasable","31":"product-type-simple"},"acf":[],"uagb_featured_image_src":{"full":["https:\/\/vapestornado.com\/wp-content\/uploads\/2025\/03\/Best-Disposable-Vape-Germany-50k-Puff.webp",800,800,false],"thumbnail":["https:\/\/vapestornado.com\/wp-content\/uploads\/2025\/03\/Best-Disposable-Vape-Germany-50k-Puff-150x150.webp",150,150,true],"medium":["https:\/\/vapestornado.com\/wp-content\/uploads\/2025\/03\/Best-Disposable-Vape-Germany-50k-Puff-300x300.webp",300,300,true],"medium_large":["https:\/\/vapestornado.com\/wp-content\/uploads\/2025\/03\/Best-Disposable-Vape-Germany-50k-Puff-768x768.webp",768,768,true],"large":["https:\/\/vapestornado.com\/wp-content\/uploads\/2025\/03\/Best-Disposable-Vape-Germany-50k-Puff.webp",800,800,false],"1536x1536":["https:\/\/vapestornado.com\/wp-content\/uploads\/2025\/03\/Best-Disposable-Vape-Germany-50k-Puff.webp",800,800,false],"2048x2048":["https:\/\/vapestornado.com\/wp-content\/uploads\/2025\/03\/Best-Disposable-Vape-Germany-50k-Puff.webp",800,800,false],"trp-custom-language-flag":["https:\/\/vapestornado.com\/wp-content\/uploads\/2025\/03\/Best-Disposable-Vape-Germany-50k-Puff.webp",12,12,false],"woocommerce_thumbnail":["https:\/\/vapestornado.com\/wp-content\/uploads\/2025\/03\/Best-Disposable-Vape-Germany-50k-Puff-300x300.webp",300,300,true],"woocommerce_single":["https:\/\/vapestornado.com\/wp-content\/uploads\/2025\/03\/Best-Disposable-Vape-Germany-50k-Puff-600x600.webp",600,600,true],"woocommerce_gallery_thumbnail":["https:\/\/vapestornado.com\/wp-content\/uploads\/2025\/03\/Best-Disposable-Vape-Germany-50k-Puff-100x100.webp",100,100,true]},"uagb_author_info":{"display_name":"ESAMY","author_link":"https:\/\/vapestornado.com\/lv\/author\/"},"uagb_comment_info":0,"uagb_excerpt":"The Mesii Shisha Heavy Hitter 50000 offers dual modes, smart screen, and 50K puffs. A longest lasting disposable vape built for wholesale buyers and distributors in Europe. Add Amy's whatsapp to get right reply and discount price! WhatsApp: +86 17776015835 &nbsp;","_links":{"self":[{"href":"https:\/\/vapestornado.com\/lv\/wp-json\/wp\/v2\/product\/3931","targetHints":{"allow":["GET"]}}],"collection":[{"href":"https:\/\/vapestornado.com\/lv\/wp-json\/wp\/v2\/product"}],"about":[{"href":"https:\/\/vapestornado.com\/lv\/wp-json\/wp\/v2\/types\/product"}],"replies":[{"embeddable":true,"href":"https:\/\/vapestornado.com\/lv\/wp-json\/wp\/v2\/comments?post=3931"}],"wp:featuredmedia":[{"embeddable":true,"href":"https:\/\/vapestornado.com\/lv\/wp-json\/wp\/v2\/media\/3910"}],"wp:attachment":[{"href":"https:\/\/vapestornado.com\/lv\/wp-json\/wp\/v2\/media?parent=3931"}],"wp:term":[{"taxonomy":"product_brand","embeddable":true,"href":"https:\/\/vapestornado.com\/lv\/wp-json\/wp\/v2\/product_brand?post=3931"},{"taxonomy":"product_cat","embeddable":true,"href":"https:\/\/vapestornado.com\/lv\/wp-json\/wp\/v2\/product_cat?post=3931"},{"taxonomy":"product_tag","embeddable":true,"href":"https:\/\/vapestornado.com\/lv\/wp-json\/wp\/v2\/product_tag?post=3931"}],"curies":[{"name":"wp","href":"https:\/\/api.w.org\/{rel}","templated":true}]}}