{"id":3928,"date":"2025-03-20T03:43:34","date_gmt":"2025-03-20T03:43:34","guid":{"rendered":"https:\/\/vapestornado.com\/?post_type=product&#038;p=3928"},"modified":"2025-08-23T11:38:54","modified_gmt":"2025-08-23T11:38:54","slug":"vozol-gear-shisha-25k-25000-puffs-best-dtl-disposable-vape-hookah-cheap-price","status":"publish","type":"product","link":"https:\/\/vapestornado.com\/lv\/product\/vozol-gear-shisha-25k-25000-puffs-best-dtl-disposable-vape-hookah-cheap-price\/","title":{"rendered":"Vozol Gear Shisha 25k 25000 D\u016bmu Lab\u0101kais DTL Vienreizlietojamais Vape \u016adensp\u012bpe L\u0113ta Cena"},"content":{"rendered":"<h1 data-pm-slice=\"1 1 []\">Vozol Gear Shisha 25k 25000 D\u016bmu Lab\u0101kais DTL Vienreizlietojamais Vape \u016adensp\u012bpe L\u0113ta Cena<\/h1>\n<p data-start=\"187\" data-end=\"478\">T\u0101 <strong data-start=\"191\" data-end=\"232\">Vozol Gear Shisha 25K vienreiz\u0113j\u0101s lieto\u0161anas vape<\/strong> no jauna defin\u0113 DTL hookah stila veipo\u0161anas pieredzi, padarot to par oblig\u0101tu <strong data-start=\"309\" data-end=\"338\">vairumtirgot\u0101jiem un mazumtirgot\u0101jiem<\/strong> apkalpojot Eiropas tirgu. Ar l\u012bdz pat <strong data-start=\"383\" data-end=\"399\">25 000 uzp\u016btieniem<\/strong>, \u0161\u012b lielas ietilp\u012bbas ier\u012bce nodro\u0161ina garas sesijas un sp\u0113c\u012bgu pat\u0113r\u0113t\u0101ju pievilc\u012bbu.<\/p>\n<p data-start=\"480\" data-end=\"863\">T\u0101 <strong data-start=\"484\" data-end=\"516\">1000mAh uzl\u0101d\u0113jams akumulators<\/strong> ar <strong data-start=\"522\" data-end=\"546\">C tipa \u0101tr\u0101 uzl\u0101de<\/strong> samazina d\u012bkst\u0101vi, savuk\u0101rt <strong data-start=\"577\" data-end=\"603\">2,1 collu kr\u0101su displejs<\/strong> nodro\u0161ina re\u0101llaika uzp\u016btienu skaita, akumulatora statusa un veipo\u0161anas re\u017e\u012bma izseko\u0161anu. Lietot\u0101ji var p\u0101rsl\u0113gties starp <strong data-start=\"705\" data-end=\"717\">Eko re\u017e\u012bms<\/strong> (maksim\u0101l\u0101 iztur\u012bba, l\u012bdz pat 25 t\u016bksto\u0161iem uzp\u016btienu) un <strong data-start=\"759\" data-end=\"773\">Jaudas re\u017e\u012bms<\/strong> (liel\u0101ka intensit\u0101te, l\u012bdz pat 18 t\u016bksto\u0161iem uzp\u016btienu), nodro\u0161inot elast\u012bbu da\u017e\u0101d\u0101m veipo\u0161anas v\u0113lm\u0113m.<\/p>\n<p data-start=\"865\" data-end=\"1153\">An <strong data-start=\"868\" data-end=\"897\">regul\u0113jama gaisa pl\u016bsmas sist\u0113ma<\/strong> savienojum\u0101 ar <strong data-start=\"910\" data-end=\"929\">dubultas sieta spoles<\/strong> nodro\u0161ina vienm\u0113r\u012bgu tvaika padevi, bl\u012bvus m\u0101ko\u0146us un konsekventu gar\u0161as sniegumu. Ar <strong data-start=\"1016\" data-end=\"1040\">5% nikot\u012bna stiprumu<\/strong> un katalogu ar <strong data-start=\"1060\" data-end=\"1076\">40+ gar\u0161\u0101m<\/strong>, Vozol Gear Shisha apmierina gan smagos lietot\u0101jus, gan gar\u0161as entuziastus.<\/p>\n<p data-start=\"1155\" data-end=\"1393\">Lielapjoma pirc\u0113jiem <strong data-start=\"1176\" data-end=\"1201\">Vozol Gear Shisha 25K<\/strong> ir vair\u0101k nek\u0101 tikai vienreiz\u0113j\u0101s lieto\u0161anas vape \u2014 tas ir premium klases variants ar uzlabot\u0101m funkcij\u0101m, kas pal\u012bdz mazumtirgot\u0101jiem izcelties p\u0101rpild\u012btaj\u0101 tirg\u016b, vienlaikus g\u016bstot labumu no <strong data-start=\"1357\" data-end=\"1390\">konkur\u0113tsp\u0113j\u012bgas vairumtirdzniec\u012bbas cenas<\/strong>.<\/p>\n<p data-start=\"666\" data-end=\"1235\"><strong style=\"font-size: 16px;\"><span style=\"color: #ff0000;\">Pievienojiet Amy WhatsApp, lai sa\u0146emtu t\u016bl\u012bt\u0113ju atbildi un atlai\u017eu cenu!<\/span><\/strong><\/p>\n<p><img fetchpriority=\"high\" decoding=\"async\" class=\"size-full wp-image-2932\" src=\"https:\/\/vapestornado.com\/wp-content\/uploads\/2024\/12\/Vape-Wholesale.jpg\" alt=\"Veipu Vairumtirdzniec\u012bba\" width=\"229\" height=\"300\" \/><\/p>\n<h3><a href=\"https:\/\/wa.me\/8617776015835\" target=\"_blank\" rel=\"noopener\"><span style=\"color: #ff0000;\"><strong>WhatsApp: +86 17776015835<\/strong><\/span><\/a><\/h3>\n<p>&nbsp;<\/p>\n<h2><strong>Vozol Gear Shisha 25k Vape galven\u0101s produkta \u012bpa\u0161\u012bbas<\/strong><\/h2>\n<p>Z\u012bmols: Vozol Vape<br \/>\nModelis: Gear Shisha DTL vienreiz\u0113j\u0101s lieto\u0161anas<br \/>\nNikot\u012bns: 5%<br \/>\nAkumulatora ietilp\u012bba: 1000mAh<br \/>\nUzp\u016btienu re\u017e\u012bmi: Eco re\u017e\u012bms (25 000 uzp\u016btienu), Power re\u017e\u012bms (18 000 uzp\u016btienu)<br \/>\n\u012apa\u0161as funkcijas: Audio-Interactive, Smart Chip, Dual Mesh Coils<br \/>\nDisplejs: 2,1 collu kr\u0101su ekr\u0101ns \u0113rtai uzraudz\u012bbai<br \/>\nDizains: Tuvo Austrumu stila lietot\u0101ja interfeiss<br \/>\nRegul\u0113jama gaisa pl\u016bsma<br \/>\nGar\u0161as: vair\u0101k nek\u0101 16 vilino\u0161as izv\u0113les, tostarp aug\u013cu un piparm\u0113tru<\/p>\n<p>&nbsp;<\/p>\n<figure id=\"attachment_3922\" aria-describedby=\"caption-attachment-3922\" style=\"width: 800px\" class=\"wp-caption alignnone\"><img decoding=\"async\" class=\"wp-image-3922 size-full\" src=\"https:\/\/vapestornado.com\/wp-content\/uploads\/2025\/03\/Vazol-Gear-Shisha-25000-Puff-25k-Wholesale-Price.webp\" alt=\"Vazol Gear Shisha 25000 uzp\u016btienu 25k vairumtirdzniec\u012bbas cena\" width=\"800\" height=\"800\" srcset=\"https:\/\/vapestornado.com\/wp-content\/uploads\/2025\/03\/Vazol-Gear-Shisha-25000-Puff-25k-Wholesale-Price.webp 800w, https:\/\/vapestornado.com\/wp-content\/uploads\/2025\/03\/Vazol-Gear-Shisha-25000-Puff-25k-Wholesale-Price-300x300.webp 300w, https:\/\/vapestornado.com\/wp-content\/uploads\/2025\/03\/Vazol-Gear-Shisha-25000-Puff-25k-Wholesale-Price-150x150.webp 150w, https:\/\/vapestornado.com\/wp-content\/uploads\/2025\/03\/Vazol-Gear-Shisha-25000-Puff-25k-Wholesale-Price-768x768.webp 768w, https:\/\/vapestornado.com\/wp-content\/uploads\/2025\/03\/Vazol-Gear-Shisha-25000-Puff-25k-Wholesale-Price-600x600.webp 600w, https:\/\/vapestornado.com\/wp-content\/uploads\/2025\/03\/Vazol-Gear-Shisha-25000-Puff-25k-Wholesale-Price-100x100.webp 100w\" sizes=\"(max-width: 800px) 100vw, 800px\" \/><figcaption id=\"caption-attachment-3922\" class=\"wp-caption-text\">Vazol Gear Shisha 25000 uzp\u016btienu 25k vairumtirdzniec\u012bbas cena<\/figcaption><\/figure>\n<h2 class=\"product-title\"><strong>Vozol Gear 25000 Shisha Hookah Vape gar\u0161u saraksts<\/strong><\/h2>\n<article class=\"w-full text-token-text-primary focus-visible:outline-2 focus-visible:outline-offset-[-4px]\" dir=\"auto\" data-testid=\"conversation-turn-32\" data-scroll-anchor=\"false\">\n<div class=\"m-auto text-base py-[18px] px-6\">\n<div class=\"mx-auto flex flex-1 text-base gap-4 md:gap-5 lg:gap-6 md:max-w-3xl lg:max-w-[40rem] xl:max-w-[48rem]\">\n<div class=\"group\/conversation-turn relative flex w-full min-w-0 flex-col @xs\/thread:px-0 @sm\/thread:px-1.5 @md\/thread:px-4\">\n<div class=\"flex-col gap-1 md:gap-3\">\n<div class=\"flex max-w-full flex-col flex-grow\">\n<div class=\"min-h-8 text-message flex w-full flex-col items-end gap-2 whitespace-normal break-words text-start [.text-message+&amp;]:mt-5\" dir=\"auto\" data-message-author-role=\"user\" data-message-id=\"ffac41ca-1db4-431b-873a-32c4052956f1\">\n<div class=\"flex w-full flex-col gap-1 empty:hidden items-end rtl:items-start\">\n<div class=\"relative max-w-[var(--user-chat-width,70%)] rounded-3xl bg-token-message-surface px-5 py-2.5\">\n<div class=\"absolute bottom-0 right-full top-0 -mr-3.5 hidden pr-5 pt-2 [.group\/conversation-turn:hover_&amp;]:flex\">\n<div class=\"flex\">\n<article class=\"w-full text-token-text-primary focus-visible:outline-2 focus-visible:outline-offset-[-4px]\" dir=\"auto\" data-testid=\"conversation-turn-39\" data-scroll-anchor=\"true\">\n<div class=\"m-auto text-base py-[18px] px-6\">\n<div class=\"mx-auto flex flex-1 text-base gap-4 md:gap-5 lg:gap-6 md:max-w-3xl lg:max-w-[40rem] xl:max-w-[48rem]\">\n<div class=\"group\/conversation-turn relative flex w-full min-w-0 flex-col agent-turn @xs\/thread:px-0 @sm\/thread:px-1.5 @md\/thread:px-4\">\n<div class=\"flex-col gap-1 md:gap-3\">\n<div class=\"flex max-w-full flex-col flex-grow\">\n<div class=\"min-h-8 text-message flex w-full flex-col items-end gap-2 whitespace-normal break-words text-start [.text-message+&amp;]:mt-5\" dir=\"auto\" data-message-author-role=\"assistant\" data-message-id=\"55a23854-ec57-48dd-bd4f-6118f43d6241\" data-message-model-slug=\"gpt-4o\">\n<div class=\"flex w-full flex-col gap-1 empty:hidden first:pt-[3px]\">\n<div class=\"markdown prose w-full break-words dark:prose-invert light\">\n<p>1. Divi \u0101boli<\/p>\n<p>2. Arb\u016bzu ledus<\/p>\n<p>3. Mango persiks<\/p>\n<p>4. Melle\u0146u ledus<\/p>\n<p>5. Zilo ave\u0146u ledus<\/p>\n<p>6. V\u012bnogu ledus<\/p>\n<p>7. Zeme\u0146u kivi<\/p>\n<p>8. Melle\u0146u arb\u016bzs<\/p>\n<p>9. \u0136ir\u0161u kola<\/p>\n<p>10. M\u012blest\u012bba 777<\/p>\n<p>11. \u0136ir\u0161u ledus<\/p>\n<p>12. Persiku ledus<\/p>\n<p>13. Ogu ledus<\/p>\n<p>14. Saldais pasifloras auglis<\/p>\n<p>15. Sald\u0113tas zemenes kivi<\/p>\n<p>16. P\u016b\u0137a aug\u013cu ban\u0101nu \u0137irsis<\/p>\n<\/div>\n<\/div>\n<\/div>\n<\/div>\n<\/div>\n<\/div>\n<\/div>\n<\/div>\n<\/article>\n<\/div>\n<\/div>\n<\/div>\n<\/div>\n<\/div>\n<\/div>\n<\/div>\n<\/div>\n<\/div>\n<\/div>\n<\/article>\n<h2>K\u0101p\u0113c izv\u0113l\u0113ties Vapestornado Vozol Gear Shisha 25k Puffs Screen Vape vairumtirdzniec\u012bbai?<\/h2>\n<div class=\"flex-shrink-0 flex flex-col relative items-end\">\n<div class=\"pt-0\">\n<div class=\"gizmo-bot-avatar flex h-8 w-8 items-center justify-center overflow-hidden rounded-full\">\n<div class=\"relative p-1 rounded-sm flex items-center justify-center bg-token-main-surface-primary text-token-text-primary h-8 w-8\">\n<p data-start=\"88\" data-end=\"557\">Kad runa ir par <strong data-start=\"105\" data-end=\"154\">\u00a0augstas kvalit\u0101tes vienreiz\u0113j\u0101s lieto\u0161anas iztvaic\u0113t\u0101ju ieg\u0101de<\/strong>, <strong data-start=\"156\" data-end=\"172\">Vapestornado<\/strong> ir lab\u0101kais avots nep\u0101rsp\u0113jamam <strong data-start=\"208\" data-end=\"271\">r\u016bpn\u012bcas cen\u0101m, \u0101trai pieg\u0101dei un augst\u0101k\u0101s klases klientu apkalpo\u0161anai<\/strong>. Ieg\u0101d\u0101joties Vozol Gear Shisha 25k 25000 <strong data-start=\"284\" data-end=\"322\">Elektronisk\u0101 sm\u0113\u0137\u0113\u0161ana<\/strong>\u00a0no Vapestornado, j\u016bs sa\u0146emat <strong data-start=\"363\" data-end=\"400\">autentiskus, 100% ori\u0123in\u0101lus produktus<\/strong> ar jaun\u0101ko <strong data-start=\"417\" data-end=\"515\">digit\u0101l\u0101 displeja tehnolo\u0123iju, uzl\u0101d\u0113jamu Type-C \u0113rt\u012bbu un milz\u012bgu 25000 uzp\u016btienu ietilp\u012bbu<\/strong>\u2014visu par <strong data-start=\"527\" data-end=\"554\">zem\u0101kaj\u0101m vairumtirdzniec\u012bbas cen\u0101m<\/strong>.<\/p>\n<p data-start=\"559\" data-end=\"933\" data-is-last-node=\"\" data-is-only-node=\"\">Mums ir ar\u012b citi karsti izp\u0101rdo\u0161anas tvaiki ar ekr\u0101nu, piem\u0113ram, <a href=\"https:\/\/vapestornado.com\/lv\/product\/waspe-fihp-30000-puffs-smart-screen-vape-2-5-nicotine-wholesal\/\">WASPE 30K du\u0101lais tvaic\u0113\u0161anas re\u017e\u012bms<\/a>, <a href=\"https:\/\/vapestornado.com\/lv\/product\/vopk-ultra-40000-puffs-2-in-1-digital-screen-rechargeable-disposable-vape\/\">VOPK 40000 Puff vienreiz\u0113j\u0101s lieto\u0161anas vape<\/a>, <a href=\"https:\/\/vapestornado.com\/lv\/product\/vapsolo-galaxy-30000-vapers-30k-puff-disposable-vape-e-cigarette-with-smart-screen\/\">Vapsolo Galaktika 30000<\/a>, un citi.<\/p>\n<\/div>\n<div class=\"relative p-1 rounded-sm flex items-center justify-center bg-token-main-surface-primary text-token-text-primary h-8 w-8\">\n<h2>BUJ par vienreiz\u0113j\u0101s lieto\u0161anas tvaic\u0113t\u0101jiem<\/h2>\n<ol data-start=\"1162\" data-end=\"2206\">\n<li data-start=\"1162\" data-end=\"1425\">\n<p data-start=\"1165\" data-end=\"1425\"><strong data-start=\"1165\" data-end=\"1221\">K\u0101 pirmo reizi lietot vienreiz\u0113j\u0101s lieto\u0161anas tvaic\u0113t\u0101ju?<\/strong> Lai lietotu Vozol Gear Shisha 25K vienreiz\u0113j\u0101s lieto\u0161anas tvaic\u0113t\u0101ju, vienk\u0101r\u0161i iz\u0146emiet to no iepakojuma, p\u0101rliecinieties, ka tas ir uzl\u0101d\u0113ts, un ieelpojiet caur iemuti. Ier\u012bce tiek aktiviz\u0113ta ar ieelpu, t\u0101p\u0113c nav nepiecie\u0161amas pogas.<\/p>\n<\/li>\n<li data-start=\"1427\" data-end=\"1706\">\n<p data-start=\"1430\" data-end=\"1706\"><strong data-start=\"1430\" data-end=\"1473\">K\u0101 es varu uzl\u0101d\u0113t vienreiz\u0113j\u0101s lieto\u0161anas tvaic\u0113\u0161anas pildspalvu?<\/strong> \u0160ai ier\u012bcei ir 1000 mAh uzl\u0101d\u0113jams akumulators. Izmantojiet komplekt\u0101 iek\u013cauto Type-C uzl\u0101des kabeli, lai to savienotu ar str\u0101vas avotu. 2,1 collu kr\u0101su ekr\u0101ns par\u0101d\u012bs uzl\u0101des statusu, nodro\u0161inot, ka esat inform\u0113ts visa procesa laik\u0101.<\/p>\n<\/li>\n<li data-start=\"1708\" data-end=\"1956\">\n<p data-start=\"1711\" data-end=\"1956\"><strong data-start=\"1711\" data-end=\"1765\">Vai es varu atst\u0101t savu vienreiz\u0113j\u0101s lieto\u0161anas tvaic\u0113t\u0101ju rokas bag\u0101\u017e\u0101?<\/strong> J\u0101, j\u016bs varat \u0146emt savu vienreiz\u0113j\u0101s lieto\u0161anas tvaic\u0113t\u0101ju rokas bag\u0101\u017e\u0101, ce\u013cojot ar lidma\u0161\u012bnu. Tom\u0113r vienm\u0113r p\u0101rbaudiet aviokomp\u0101nijas noteikumus un viet\u0113jos likumus par tvaic\u0113\u0161anas ier\u012bc\u0113m pirms ce\u013co\u0161anas.<\/p>\n<\/li>\n<li data-start=\"1958\" data-end=\"2206\">\n<p data-start=\"1961\" data-end=\"2206\"><strong data-start=\"1961\" data-end=\"1997\">K\u0101 j\u016bs zin\u0101t, ka tvaic\u0113t\u0101js ir tuk\u0161s?<\/strong> Vozol Gear Shisha 25K ir apr\u012bkots ar 2,1 collu kr\u0101su ekr\u0101nu, kas par\u0101da e-\u0161\u0137idruma l\u012bmeni. Kad e-\u0161\u0137idrums ir zems vai izsmelts, ekr\u0101ns j\u016bs inform\u0113s, nor\u0101dot, ka ir pien\u0101cis laiks nomai\u0146ai vai uzpildei.<\/p>\n<\/li>\n<\/ol>\n<\/div>\n<\/div>\n<\/div>\n<\/div>","protected":false},"excerpt":{"rendered":"<p>T\u0101 <strong data-start=\"1437\" data-end=\"1462\">Vozol Gear Shisha 25K<\/strong> nodro\u0161ina l\u012bdz pat 25 t\u016bksto\u0161iem uzp\u016btienu, du\u0101los re\u017e\u012bmus un 2,1 collu kr\u0101su ekr\u0101nu. Premium DTL vienreiz\u0113j\u0101s lieto\u0161anas vape, kas ide\u0101li piem\u0113rots <strong data-start=\"1566\" data-end=\"1601\">vairumtirdzniec\u012bbas lielapjoma pas\u016bt\u012bjumiem Eirop\u0101<\/strong>.<\/p>\n<p><strong>Pievienojiet Eimijas WhatsApp, lai sa\u0146emtu prec\u012bzu atbildi un atlaidi!<\/strong><\/p>\n<p><img fetchpriority=\"high\" decoding=\"async\" class=\"size-full wp-image-2932\" src=\"https:\/\/vapestornado.com\/wp-content\/uploads\/2024\/12\/Vape-Wholesale.jpg\" alt=\"Veipu Vairumtirdzniec\u012bba\" width=\"229\" height=\"300\" \/><\/p>\n<h3><a href=\"https:\/\/wa.me\/8617776015835\"><span style=\"color: #ff0000;\"><strong>WhatsApp: +86 17776015835<\/strong><\/span><\/a><\/h3>\n<p>&nbsp;<\/p>","protected":false},"featured_media":3921,"comment_status":"open","ping_status":"closed","template":"","meta":{"_acf_changed":false,"_uag_custom_page_level_css":"","_lmt_disableupdate":"no","_lmt_disable":"","_monsterinsights_skip_tracking":false,"_monsterinsights_sitenote_active":false,"_monsterinsights_sitenote_note":"","_monsterinsights_sitenote_category":0,"site-sidebar-layout":"default","site-content-layout":"","ast-site-content-layout":"default","site-content-style":"default","site-sidebar-style":"default","ast-global-header-display":"","ast-banner-title-visibility":"","ast-main-header-display":"","ast-hfb-above-header-display":"","ast-hfb-below-header-display":"","ast-hfb-mobile-header-display":"","site-post-title":"","ast-breadcrumbs-content":"","ast-featured-img":"","footer-sml-layout":"","ast-disable-related-posts":"","theme-transparent-header-meta":"default","adv-header-id-meta":"","stick-header-meta":"","header-above-stick-meta":"","header-main-stick-meta":"","header-below-stick-meta":"","astra-migrate-meta-layouts":"set","ast-page-background-enabled":"default","ast-page-background-meta":{"desktop":{"background-color":"","background-image":"","background-repeat":"repeat","background-position":"center center","background-size":"auto","background-attachment":"scroll","background-type":"","background-media":"","overlay-type":"","overlay-color":"","overlay-opacity":"","overlay-gradient":""},"tablet":{"background-color":"","background-image":"","background-repeat":"repeat","background-position":"center center","background-size":"auto","background-attachment":"scroll","background-type":"","background-media":"","overlay-type":"","overlay-color":"","overlay-opacity":"","overlay-gradient":""},"mobile":{"background-color":"","background-image":"","background-repeat":"repeat","background-position":"center center","background-size":"auto","background-attachment":"scroll","background-type":"","background-media":"","overlay-type":"","overlay-color":"","overlay-opacity":"","overlay-gradient":""}},"ast-content-background-meta":{"desktop":{"background-color":"var(--ast-global-color-5)","background-image":"","background-repeat":"repeat","background-position":"center center","background-size":"auto","background-attachment":"scroll","background-type":"","background-media":"","overlay-type":"","overlay-color":"","overlay-opacity":"","overlay-gradient":""},"tablet":{"background-color":"var(--ast-global-color-5)","background-image":"","background-repeat":"repeat","background-position":"center center","background-size":"auto","background-attachment":"scroll","background-type":"","background-media":"","overlay-type":"","overlay-color":"","overlay-opacity":"","overlay-gradient":""},"mobile":{"background-color":"var(--ast-global-color-5)","background-image":"","background-repeat":"repeat","background-position":"center center","background-size":"auto","background-attachment":"scroll","background-type":"","background-media":"","overlay-type":"","overlay-color":"","overlay-opacity":"","overlay-gradient":""}},"_joinchat":{"telephone":"17776015835"}},"product_brand":[],"product_cat":[19,68,160,142,147,57],"product_tag":[271,94,93,269,272,270],"class_list":{"0":"post-3928","1":"product","2":"type-product","3":"status-publish","4":"has-post-thumbnail","6":"product_cat-vapes","7":"product_cat-25000-puff","8":"product_cat-buy-disposable-vapes-in-switzerland","9":"product_cat-digital-box-disposable-vapes","10":"product_cat-shisha-hookah-disposable-vapes","11":"product_cat-vozol-vape","12":"product_tag-best-dtl-disposable-vape","13":"product_tag-rechargeable-disposable-vape","14":"product_tag-vape-wholesale","15":"product_tag-vape-with-screen","16":"product_tag-vozol-gear-shisha-25000","17":"product_tag-vozol-gear-shisha-25k","18":"desktop-align-left","19":"tablet-align-left","20":"mobile-align-left","22":"first","23":"instock","24":"sale","25":"shipping-taxable","26":"purchasable","27":"product-type-simple"},"acf":[],"uagb_featured_image_src":{"full":["https:\/\/vapestornado.com\/wp-content\/uploads\/2025\/03\/Vazol-Gear-Shisha-25000-Puff-25k-Cheap-Price.webp",800,800,false],"thumbnail":["https:\/\/vapestornado.com\/wp-content\/uploads\/2025\/03\/Vazol-Gear-Shisha-25000-Puff-25k-Cheap-Price-150x150.webp",150,150,true],"medium":["https:\/\/vapestornado.com\/wp-content\/uploads\/2025\/03\/Vazol-Gear-Shisha-25000-Puff-25k-Cheap-Price-300x300.webp",300,300,true],"medium_large":["https:\/\/vapestornado.com\/wp-content\/uploads\/2025\/03\/Vazol-Gear-Shisha-25000-Puff-25k-Cheap-Price-768x768.webp",768,768,true],"large":["https:\/\/vapestornado.com\/wp-content\/uploads\/2025\/03\/Vazol-Gear-Shisha-25000-Puff-25k-Cheap-Price.webp",800,800,false],"1536x1536":["https:\/\/vapestornado.com\/wp-content\/uploads\/2025\/03\/Vazol-Gear-Shisha-25000-Puff-25k-Cheap-Price.webp",800,800,false],"2048x2048":["https:\/\/vapestornado.com\/wp-content\/uploads\/2025\/03\/Vazol-Gear-Shisha-25000-Puff-25k-Cheap-Price.webp",800,800,false],"trp-custom-language-flag":["https:\/\/vapestornado.com\/wp-content\/uploads\/2025\/03\/Vazol-Gear-Shisha-25000-Puff-25k-Cheap-Price.webp",12,12,false],"woocommerce_thumbnail":["https:\/\/vapestornado.com\/wp-content\/uploads\/2025\/03\/Vazol-Gear-Shisha-25000-Puff-25k-Cheap-Price-300x300.webp",300,300,true],"woocommerce_single":["https:\/\/vapestornado.com\/wp-content\/uploads\/2025\/03\/Vazol-Gear-Shisha-25000-Puff-25k-Cheap-Price-600x600.webp",600,600,true],"woocommerce_gallery_thumbnail":["https:\/\/vapestornado.com\/wp-content\/uploads\/2025\/03\/Vazol-Gear-Shisha-25000-Puff-25k-Cheap-Price-100x100.webp",100,100,true]},"uagb_author_info":{"display_name":"ESAMY","author_link":"https:\/\/vapestornado.com\/lv\/author\/"},"uagb_comment_info":0,"uagb_excerpt":"The Vozol Gear Shisha 25K delivers up to 25K puffs, dual modes, and a 2.1\u201d color screen. A premium DTL disposable vape ideal for wholesale bulk orders in Europe. Add Amy's whatsapp to get right reply and discount price! WhatsApp: +86 17776015835 &nbsp;","_links":{"self":[{"href":"https:\/\/vapestornado.com\/lv\/wp-json\/wp\/v2\/product\/3928","targetHints":{"allow":["GET"]}}],"collection":[{"href":"https:\/\/vapestornado.com\/lv\/wp-json\/wp\/v2\/product"}],"about":[{"href":"https:\/\/vapestornado.com\/lv\/wp-json\/wp\/v2\/types\/product"}],"replies":[{"embeddable":true,"href":"https:\/\/vapestornado.com\/lv\/wp-json\/wp\/v2\/comments?post=3928"}],"wp:featuredmedia":[{"embeddable":true,"href":"https:\/\/vapestornado.com\/lv\/wp-json\/wp\/v2\/media\/3921"}],"wp:attachment":[{"href":"https:\/\/vapestornado.com\/lv\/wp-json\/wp\/v2\/media?parent=3928"}],"wp:term":[{"taxonomy":"product_brand","embeddable":true,"href":"https:\/\/vapestornado.com\/lv\/wp-json\/wp\/v2\/product_brand?post=3928"},{"taxonomy":"product_cat","embeddable":true,"href":"https:\/\/vapestornado.com\/lv\/wp-json\/wp\/v2\/product_cat?post=3928"},{"taxonomy":"product_tag","embeddable":true,"href":"https:\/\/vapestornado.com\/lv\/wp-json\/wp\/v2\/product_tag?post=3928"}],"curies":[{"name":"wp","href":"https:\/\/api.w.org\/{rel}","templated":true}]}}