{"id":3898,"date":"2025-03-19T07:31:04","date_gmt":"2025-03-19T07:31:04","guid":{"rendered":"https:\/\/vapestornado.com\/?post_type=product&#038;p=3898"},"modified":"2025-08-23T11:44:33","modified_gmt":"2025-08-23T11:44:33","slug":"zooy-zero-45000-45k-puff-touch-screen-disposable-vape-wholesale","status":"publish","type":"product","link":"https:\/\/vapestornado.com\/lv\/product\/zooy-zero-45000-45k-puff-touch-screen-disposable-vape-wholesale\/","title":{"rendered":"ZOOY Zero 45000 45K dvesmu sk\u0101rienekr\u0101na vienreiz\u0113j\u0101s lieto\u0161anas vape vairumtirdzniec\u012bba"},"content":{"rendered":"<h1 data-pm-slice=\"1 1 []\">ZOOY Zero 45000 45K dvesmu sk\u0101rienekr\u0101na vienreiz\u0113j\u0101s lieto\u0161anas vape vairumtirdzniec\u012bba<\/h1>\n<p data-start=\"184\" data-end=\"550\">T\u0101 <strong data-start=\"188\" data-end=\"242\">ZOOY Zero 45000 D\u016bmu Sk\u0101rienj\u016bt\u012bgu Vienreiz\u0113j\u0101s Lieto\u0161anas E-Cigareti<\/strong> apvieno progres\u012bvas tehnolo\u0123ijas un ilgsto\u0161u veiktsp\u0113ju, padarot to par sp\u0113c\u012bgu izv\u0113li <strong data-start=\"343\" data-end=\"383\">vairumtirdzniec\u012bbas izplat\u012bt\u0101jiem un mazumtirgot\u0101jiem<\/strong>. Ar iespaid\u012bgu <strong data-start=\"404\" data-end=\"428\">45 000 uzp\u016btienu ietilp\u012bbu<\/strong> un liels <strong data-start=\"441\" data-end=\"468\">35 ml e-\u0161\u0137idruma rezervu\u0101rs<\/strong>, tas nodro\u0161ina izcilu v\u0113rt\u012bbu klientiem, kuri mekl\u0113 iztur\u012bbu un uzticam\u012bbu.<\/p>\n<p data-start=\"552\" data-end=\"880\">Ieb\u016bv\u0113ts <strong data-start=\"563\" data-end=\"585\">viedais sk\u0101rienekr\u0101ns<\/strong> at\u0161\u0137ir \u0161o ier\u012bci, nodro\u0161inot lietot\u0101jiem re\u0101llaika redzam\u012bbu par uzp\u016btienu skaitu, akumulatora l\u012bmeni un atliku\u0161o e-\u0161\u0137idrumu. Darbojas ar iztur\u012bgu <strong data-start=\"719\" data-end=\"743\">uzl\u0101d\u0113jamu akumulatoru<\/strong> ar <strong data-start=\"749\" data-end=\"773\">C tipa \u0101tr\u0101 uzl\u0101de<\/strong>, ZOOY Zero samazina d\u012bkst\u0101vi un nodro\u0161ina konsekventu pieredzi gan smagiem, gan ikdieni\u0161\u0137iem tvaic\u0113t\u0101jiem.<\/p>\n<p data-start=\"882\" data-end=\"1248\">Ar <strong data-start=\"887\" data-end=\"930\">nikot\u012bna s\u0101ls opcijas 2%, 3% un 5%<\/strong>, ZOOY Zero piel\u0101gojas da\u017e\u0101d\u0101m v\u0113lm\u0113m. The <strong data-start=\"983\" data-end=\"1012\">regul\u0113jama gaisa pl\u016bsmas sist\u0113ma<\/strong> \u013cauj lietot\u0101jiem p\u0101rsl\u0113gties starp vienm\u0113r\u012bgu vilk\u0161anu un bl\u012bviem m\u0101ko\u0146iem, apmierinot gan MTL, gan DTL tvaic\u0113\u0161anas stilus. Stil\u012bgs, kompakts un p\u0101rn\u0113s\u0101jams, tas apvieno praktiskumu ar augst\u0101k\u0101s klases est\u0113tiku \u2014 ide\u0101li piem\u0113rots veikaliem, kas paredz\u0113ti Eiropas tirgum.<\/p>\n<p data-start=\"1250\" data-end=\"1445\">Vairumtirdzniec\u012bbas pirc\u0113jiem, tas <strong data-start=\"1271\" data-end=\"1306\">ZOOY Zero 45K sk\u0101rienekr\u0101na Vape<\/strong> pied\u0101v\u0101 p\u0101rliecino\u0161u <strong data-start=\"1334\" data-end=\"1392\">inov\u0101ciju, vairumtirdzniec\u012bbai draudz\u012bgu cenu un pat\u0113r\u0113t\u0101ju pievilc\u012bbu<\/strong>, padarot to par izdev\u012bgu papildin\u0101jumu jebkuram invent\u0101ram.<\/p>\n<p data-start=\"666\" data-end=\"1235\"><strong style=\"font-size: 16px;\"><span style=\"color: #ff0000;\">Pievienojiet Amy WhatsApp, lai sa\u0146emtu t\u016bl\u012bt\u0113ju atbildi un atlai\u017eu cenu!<\/span><\/strong><\/p>\n<p><img fetchpriority=\"high\" decoding=\"async\" class=\"size-full wp-image-2932\" src=\"https:\/\/vapestornado.com\/wp-content\/uploads\/2024\/12\/Vape-Wholesale.jpg\" alt=\"Veipu Vairumtirdzniec\u012bba\" width=\"229\" height=\"300\" \/><\/p>\n<h3><a href=\"https:\/\/wa.me\/8617776015835\" target=\"_blank\" rel=\"noopener\"><span style=\"color: #ff0000;\"><strong>WhatsApp: +86 17776015835<\/strong><\/span><\/a><\/h3>\n<p>&nbsp;<\/p>\n<h2><strong>ZOOY Zero 45000 dvesmu krist\u0101la veipa galven\u0101s produkta \u012bpa\u0161\u012bbas<\/strong><\/h2>\n<p>Z\u012bmols: ZOOY Vape<br \/>\nDvesmu ietilp\u012bba: l\u012bdz 45000 dvesm\u0101m<br \/>\nE-\u0161\u0137idrums: 35 ml<br \/>\nNikot\u012bna stiprums: 0%, 2%, 3%, 5%<br \/>\nAkumulators: 1000 mAh uzl\u0101d\u0113jams akumulators<br \/>\nUzl\u0101de: Type-C \u0101tr\u0101 uzl\u0101de<br \/>\nSpoles tips: Dubult\u0101 sieta spole uzlabotai tvaika un gar\u0161as ra\u017eo\u0161anai<br \/>\nDisplejs: Digit\u0101lais displejs akumulatora darb\u012bbas laika un e-\u0161\u0137idruma l\u012bme\u0146iem<\/p>\n<h2 class=\"product-title\"><strong>ZOOY Zero 45k dvesmu kastes veipa gar\u0161u saraksts<\/strong><\/h2>\n<article class=\"w-full text-token-text-primary focus-visible:outline-2 focus-visible:outline-offset-[-4px]\" dir=\"auto\" data-testid=\"conversation-turn-32\" data-scroll-anchor=\"false\">\n<div class=\"m-auto text-base py-[18px] px-6\">\n<div class=\"mx-auto flex flex-1 text-base gap-4 md:gap-5 lg:gap-6 md:max-w-3xl lg:max-w-[40rem] xl:max-w-[48rem]\">\n<div class=\"group\/conversation-turn relative flex w-full min-w-0 flex-col @xs\/thread:px-0 @sm\/thread:px-1.5 @md\/thread:px-4\">\n<div class=\"flex-col gap-1 md:gap-3\">\n<div class=\"flex max-w-full flex-col flex-grow\">\n<div class=\"min-h-8 text-message flex w-full flex-col items-end gap-2 whitespace-normal break-words text-start [.text-message+&amp;]:mt-5\" dir=\"auto\" data-message-author-role=\"user\" data-message-id=\"ffac41ca-1db4-431b-873a-32c4052956f1\">\n<div class=\"flex w-full flex-col gap-1 empty:hidden items-end rtl:items-start\">\n<div class=\"relative max-w-[var(--user-chat-width,70%)] rounded-3xl bg-token-message-surface px-5 py-2.5\">\n<div class=\"absolute bottom-0 right-full top-0 -mr-3.5 hidden pr-5 pt-2 [.group\/conversation-turn:hover_&amp;]:flex\">\n<div class=\"flex\">\n<article class=\"w-full text-token-text-primary focus-visible:outline-2 focus-visible:outline-offset-[-4px]\" dir=\"auto\" data-testid=\"conversation-turn-39\" data-scroll-anchor=\"true\">\n<div class=\"m-auto text-base py-[18px] px-6\">\n<div class=\"mx-auto flex flex-1 text-base gap-4 md:gap-5 lg:gap-6 md:max-w-3xl lg:max-w-[40rem] xl:max-w-[48rem]\">\n<div class=\"group\/conversation-turn relative flex w-full min-w-0 flex-col agent-turn @xs\/thread:px-0 @sm\/thread:px-1.5 @md\/thread:px-4\">\n<div class=\"flex-col gap-1 md:gap-3\">\n<div class=\"flex max-w-full flex-col flex-grow\">\n<div class=\"min-h-8 text-message flex w-full flex-col items-end gap-2 whitespace-normal break-words text-start [.text-message+&amp;]:mt-5\" dir=\"auto\" data-message-author-role=\"assistant\" data-message-id=\"55a23854-ec57-48dd-bd4f-6118f43d6241\" data-message-model-slug=\"gpt-4o\">\n<div class=\"flex w-full flex-col gap-1 empty:hidden first:pt-[3px]\">\n<div class=\"markdown prose w-full break-words dark:prose-invert light\">\n<p>1. Arb\u016bzu ledus<br \/>\n2. Melle\u0146u ledus <strong><span style=\"color: #ff0000;\">&gt;&gt;&gt;&gt; Karsts!<\/span><\/strong><br \/>\n3. Zeme\u0146u arb\u016bzs<br \/>\n4.Citronu kola<br \/>\n5.Zeme\u0146u kivi <strong><span style=\"color: #ff0000;\">&gt;&gt;&gt;&gt; Karsts!<\/span><\/strong><br \/>\n6.V\u012bnogu \u0101bols<br \/>\n7.Zeme\u0146u apels\u012bnu pop<br \/>\n8.Zilo ave\u0146u ledus <strong><span style=\"color: #ff0000;\">&gt;&gt;&gt;&gt; Karsts!<\/span><\/strong><br \/>\n9.Melle\u0146u arb\u016bzs <strong><span style=\"color: #ff0000;\">&gt;&gt;&gt;&gt; Lab\u0101kais!<\/span><\/strong><br \/>\n10.Mango pasijas gvajava<\/p>\n<figure id=\"attachment_3895\" aria-describedby=\"caption-attachment-3895\" style=\"width: 800px\" class=\"wp-caption alignnone\"><img decoding=\"async\" class=\"wp-image-3895 size-full\" src=\"https:\/\/vapestornado.com\/wp-content\/uploads\/2025\/03\/Zooy-Zero-45000-Puff-Vape-Bulk-Buy.webp\" alt=\"Zooy Zero 45000 dvesmu vape vairumtirdzniec\u012bba\" width=\"800\" height=\"800\" srcset=\"https:\/\/vapestornado.com\/wp-content\/uploads\/2025\/03\/Zooy-Zero-45000-Puff-Vape-Bulk-Buy.webp 800w, https:\/\/vapestornado.com\/wp-content\/uploads\/2025\/03\/Zooy-Zero-45000-Puff-Vape-Bulk-Buy-300x300.webp 300w, https:\/\/vapestornado.com\/wp-content\/uploads\/2025\/03\/Zooy-Zero-45000-Puff-Vape-Bulk-Buy-150x150.webp 150w, https:\/\/vapestornado.com\/wp-content\/uploads\/2025\/03\/Zooy-Zero-45000-Puff-Vape-Bulk-Buy-768x768.webp 768w, https:\/\/vapestornado.com\/wp-content\/uploads\/2025\/03\/Zooy-Zero-45000-Puff-Vape-Bulk-Buy-600x600.webp 600w, https:\/\/vapestornado.com\/wp-content\/uploads\/2025\/03\/Zooy-Zero-45000-Puff-Vape-Bulk-Buy-100x100.webp 100w\" sizes=\"(max-width: 800px) 100vw, 800px\" \/><figcaption id=\"caption-attachment-3895\" class=\"wp-caption-text\">Zooy Zero 45000 dvesmu vape vairumtirdzniec\u012bba<\/figcaption><\/figure>\n<\/div>\n<\/div>\n<\/div>\n<\/div>\n<\/div>\n<\/div>\n<\/div>\n<\/div>\n<\/article>\n<\/div>\n<\/div>\n<\/div>\n<\/div>\n<\/div>\n<\/div>\n<\/div>\n<\/div>\n<\/div>\n<\/div>\n<\/article>\n<h3>K\u0101p\u0113c izv\u0113l\u0113ties Vapestornado ZOOY Zero 45000 45K dvesmu digit\u0101l\u0101 vape vairumtirdzniec\u012bbai?<\/h3>\n<div class=\"flex-shrink-0 flex flex-col relative items-end\">\n<div class=\"pt-0\">\n<div class=\"gizmo-bot-avatar flex h-8 w-8 items-center justify-center overflow-hidden rounded-full\">\n<div class=\"relative p-1 rounded-sm flex items-center justify-center bg-token-main-surface-primary text-token-text-primary h-8 w-8\">\n<p data-start=\"88\" data-end=\"557\">Kad runa ir par <strong data-start=\"105\" data-end=\"154\">\u00a0augstas kvalit\u0101tes vienreiz\u0113j\u0101s lieto\u0161anas iztvaic\u0113t\u0101ju ieg\u0101de<\/strong>, <strong data-start=\"156\" data-end=\"172\">Vapestornado<\/strong> ir lab\u0101kais avots nep\u0101rsp\u0113jamam <strong data-start=\"208\" data-end=\"271\">r\u016bpn\u012bcas cen\u0101m, \u0101trai pieg\u0101dei un augst\u0101k\u0101s klases klientu apkalpo\u0161anai<\/strong>Vairum\u0101 ieg\u0101d\u0101joties <strong data-start=\"284\" data-end=\"322\">ZOOY Zero 45000 dvesmu digit\u0101lo vape<\/strong> no Vapestornado, j\u016bs sa\u0146emat <strong data-start=\"363\" data-end=\"400\">autentiskus, 100% ori\u0123in\u0101lus produktus<\/strong> ar jaun\u0101ko <strong data-start=\"417\" data-end=\"515\">digit\u0101l\u0101 displeja tehnolo\u0123iju, uzl\u0101d\u0113jamu Type-C \u0113rt\u012bbu un milz\u012bgu 25000 uzp\u016btienu ietilp\u012bbu<\/strong>\u2014visu par <strong data-start=\"527\" data-end=\"554\">zem\u0101kaj\u0101m vairumtirdzniec\u012bbas cen\u0101m<\/strong>.<\/p>\n<p data-start=\"559\" data-end=\"933\" data-is-last-node=\"\" data-is-only-node=\"\">Ar <strong data-start=\"564\" data-end=\"641\">lielapjoma pas\u016bt\u012bjumu atlaides, uzticams invent\u0101rs un nevainojams pas\u016bt\u012b\u0161anas process<\/strong>, Vapestornado nodro\u0161ina <strong data-start=\"664\" data-end=\"713\">veipo\u0161anas veikalu \u012bpa\u0161niekiem, izplat\u012bt\u0101jiem un mazumtirgot\u0101jiem<\/strong> ieg\u016bt <strong data-start=\"720\" data-end=\"760\">izdev\u012bgu dar\u012bjumu ar augst\u0101k\u0101 l\u012bme\u0146a produktiem<\/strong>. Nepalaidiet gar\u0101m <strong data-start=\"780\" data-end=\"839\">vienu no piepras\u012bt\u0101kajiem atk\u0101rtoti uzl\u0101d\u0113jamiem vienreizlietojamiem veipiem<\/strong>\u2014pas\u016btiet savu <strong data-start=\"851\" data-end=\"884\">ZOOY Zero 45000 vairum\u0101 jau \u0161odien<\/strong> un nodro\u0161iniet, ka j\u016bsu klienti atgrie\u017eas v\u0113lreiz un v\u0113lreiz!<\/p>\n<p data-start=\"559\" data-end=\"933\" data-is-last-node=\"\" data-is-only-node=\"\">Mums ir ar\u012b citi karsti izp\u0101rdo\u0161anas tvaiki ar ekr\u0101nu, piem\u0113ram, <a href=\"https:\/\/vapestornado.com\/lv\/product\/waspe-fihp-30000-puffs-smart-screen-vape-2-5-nicotine-wholesal\/\">WASPE 30K du\u0101lais tvaic\u0113\u0161anas re\u017e\u012bms<\/a>, <a href=\"https:\/\/vapestornado.com\/lv\/product\/vopk-ultra-40000-puffs-2-in-1-digital-screen-rechargeable-disposable-vape\/\">VOPK 40000 Puff vienreiz\u0113j\u0101s lieto\u0161anas vape<\/a>, <a href=\"https:\/\/vapestornado.com\/lv\/product\/vapsolo-galaxy-30000-vapers-30k-puff-disposable-vape-e-cigarette-with-smart-screen\/\">Vapsolo Galaktika 30000<\/a>, un citi.<\/p>\n<\/div>\n<div class=\"relative p-1 rounded-sm flex items-center justify-center bg-token-main-surface-primary text-token-text-primary h-8 w-8\">\n<h3>Bie\u017e\u0101k uzdotie jaut\u0101jumi par Bang Leader 50k Puffs vienreizlietojamo tvaiku<\/h3>\n<p data-start=\"1367\" data-end=\"1549\"><strong data-start=\"1367\" data-end=\"1413\">1. Cik ilgi darbojas ZOOY Zero 45000?<\/strong><br data-start=\"1413\" data-end=\"1416\" \/>Ar <strong data-start=\"1423\" data-end=\"1446\">45000 dvesmu jauda<\/strong> un <strong data-start=\"1451\" data-end=\"1471\">35 ml e-\u0161\u0137idruma<\/strong>, \u0161is veips ir rad\u012bts, lai kalpotu iev\u0113rojami ilg\u0101k nek\u0101 standarta vienreizlietojamie veipi.<\/p>\n<p data-start=\"1551\" data-end=\"1775\"><strong data-start=\"1551\" data-end=\"1602\">2. Kas padara viedo displeja ekr\u0101nu \u012bpa\u0161u?<\/strong><br data-start=\"1602\" data-end=\"1605\" \/>T\u0101 <strong data-start=\"1609\" data-end=\"1633\">sk\u0101rienjut\u012bgs ekr\u0101ns<\/strong> sniedz re\u0101llaika atjaunin\u0101jumus par <strong data-start=\"1664\" data-end=\"1715\">akumulatora st\u0101voklis, dvesmu skaits un e-\u0161\u0137idruma l\u012bmenis<\/strong>, sniedzot jums piln\u012bgu kontroli p\u0101r j\u016bsu veipo\u0161anas pieredzi.<\/p>\n<p data-start=\"1777\" data-end=\"1934\"><strong data-start=\"1777\" data-end=\"1820\">3. Vai ZOOY Zero 45000 ir atk\u0101rtoti uzl\u0101d\u0113jams?<\/strong><br data-start=\"1820\" data-end=\"1823\" \/>J\u0101! Tam ir <strong data-start=\"1842\" data-end=\"1873\">C tipa \u0101tr\u0101s uzl\u0101des sist\u0113ma<\/strong>, \u013caujot \u0101tri uzl\u0101d\u0113t un pagarin\u0101t t\u0101 kalpo\u0161anas laiku.<\/p>\n<p data-start=\"1936\" data-end=\"2093\"><strong data-start=\"1936\" data-end=\"1978\">4. K\u0101di nikot\u012bna l\u012bme\u0146i ir pieejami?<\/strong><br data-start=\"1978\" data-end=\"1981\" \/>\u0160\u012b ier\u012bce ir pieejama <strong data-start=\"2002\" data-end=\"2039\">2%, 3% un 5% nikot\u012bna s\u0101\u013cu stiprums<\/strong>, nodro\u0161inot iesp\u0113jas da\u017e\u0101d\u0101m iztvaic\u0113\u0161anas v\u0113lm\u0113m.<\/p>\n<p data-start=\"2095\" data-end=\"2317\"><strong data-start=\"2095\" data-end=\"2158\">5. Kur es varu ieg\u0101d\u0101ties ZOOY Zero 45000 par vairumtirdzniec\u012bbas cen\u0101m?<\/strong><br data-start=\"2158\" data-end=\"2161\" \/>Lai veiktu <strong data-start=\"2165\" data-end=\"2202\">lielapjoma pas\u016bt\u012bjumiem un vairumtirdzniec\u012bbas cen\u0101m<\/strong>, apmekl\u0113jiet <strong data-start=\"2210\" data-end=\"2243\">Vapestornado tie\u0161saistes vape veikals<\/strong>, j\u016bsu uzticamais avots <strong data-start=\"2269\" data-end=\"2314\">pieejamiem, augstas kvalit\u0101tes vienreiz\u0113j\u0101s lieto\u0161anas vape<\/strong>.<\/p>\n<\/div>\n<\/div>\n<\/div>\n<\/div>","protected":false},"excerpt":{"rendered":"<p>T\u0101 <strong data-start=\"1489\" data-end=\"1513\">ZOOY Zero 45000 Vape<\/strong> nodro\u0161ina milz\u012bgu uzp\u016btienu ietilp\u012bbu, viedo sk\u0101rienekr\u0101nu un Type-C uzl\u0101d\u0113jamu jaudu. Premium klases vienreiz\u0113j\u0101s lieto\u0161anas ier\u012bce, kas paredz\u0113ta <strong data-start=\"1628\" data-end=\"1663\">vairumtirdzniec\u012bbas pirc\u0113jiem Eirop\u0101<\/strong>.<\/p>\n<p><strong>Pievienojiet Eimijas WhatsApp, lai sa\u0146emtu prec\u012bzu atbildi un atlaidi!<\/strong><\/p>\n<p><img fetchpriority=\"high\" decoding=\"async\" class=\"size-full wp-image-2932\" src=\"https:\/\/vapestornado.com\/wp-content\/uploads\/2024\/12\/Vape-Wholesale.jpg\" alt=\"Veipu Vairumtirdzniec\u012bba\" width=\"229\" height=\"300\" \/><\/p>\n<h3><a href=\"https:\/\/wa.me\/8617776015835\"><span style=\"color: #ff0000;\"><strong>WhatsApp: +86 17776015835<\/strong><\/span><\/a><\/h3>\n<p>&nbsp;<\/p>","protected":false},"featured_media":3897,"comment_status":"open","ping_status":"closed","template":"","meta":{"_acf_changed":false,"_uag_custom_page_level_css":"","_lmt_disableupdate":"no","_lmt_disable":"","_monsterinsights_skip_tracking":false,"_monsterinsights_sitenote_active":false,"_monsterinsights_sitenote_note":"","_monsterinsights_sitenote_category":0,"site-sidebar-layout":"default","site-content-layout":"","ast-site-content-layout":"default","site-content-style":"default","site-sidebar-style":"default","ast-global-header-display":"","ast-banner-title-visibility":"","ast-main-header-display":"","ast-hfb-above-header-display":"","ast-hfb-below-header-display":"","ast-hfb-mobile-header-display":"","site-post-title":"","ast-breadcrumbs-content":"","ast-featured-img":"","footer-sml-layout":"","ast-disable-related-posts":"","theme-transparent-header-meta":"default","adv-header-id-meta":"","stick-header-meta":"","header-above-stick-meta":"","header-main-stick-meta":"","header-below-stick-meta":"","astra-migrate-meta-layouts":"set","ast-page-background-enabled":"default","ast-page-background-meta":{"desktop":{"background-color":"","background-image":"","background-repeat":"repeat","background-position":"center center","background-size":"auto","background-attachment":"scroll","background-type":"","background-media":"","overlay-type":"","overlay-color":"","overlay-opacity":"","overlay-gradient":""},"tablet":{"background-color":"","background-image":"","background-repeat":"repeat","background-position":"center center","background-size":"auto","background-attachment":"scroll","background-type":"","background-media":"","overlay-type":"","overlay-color":"","overlay-opacity":"","overlay-gradient":""},"mobile":{"background-color":"","background-image":"","background-repeat":"repeat","background-position":"center center","background-size":"auto","background-attachment":"scroll","background-type":"","background-media":"","overlay-type":"","overlay-color":"","overlay-opacity":"","overlay-gradient":""}},"ast-content-background-meta":{"desktop":{"background-color":"var(--ast-global-color-5)","background-image":"","background-repeat":"repeat","background-position":"center center","background-size":"auto","background-attachment":"scroll","background-type":"","background-media":"","overlay-type":"","overlay-color":"","overlay-opacity":"","overlay-gradient":""},"tablet":{"background-color":"var(--ast-global-color-5)","background-image":"","background-repeat":"repeat","background-position":"center center","background-size":"auto","background-attachment":"scroll","background-type":"","background-media":"","overlay-type":"","overlay-color":"","overlay-opacity":"","overlay-gradient":""},"mobile":{"background-color":"var(--ast-global-color-5)","background-image":"","background-repeat":"repeat","background-position":"center center","background-size":"auto","background-attachment":"scroll","background-type":"","background-media":"","overlay-type":"","overlay-color":"","overlay-opacity":"","overlay-gradient":""}},"_joinchat":{"telephone":"17776015835"}},"product_brand":[],"product_cat":[265,154,155,142,283],"product_tag":[94,268,267,93,269,266],"class_list":{"0":"post-3898","1":"product","2":"type-product","3":"status-publish","4":"has-post-thumbnail","6":"product_cat-45000-puff","7":"product_cat-buy-disposable-vapes-in-netherlands","8":"product_cat-buy-disposable-vapes-in-norway","9":"product_cat-digital-box-disposable-vapes","10":"product_cat-zooy-vape","11":"product_tag-rechargeable-disposable-vape","12":"product_tag-touch-screen-vape","13":"product_tag-vape-from-eu-warehouse","14":"product_tag-vape-wholesale","15":"product_tag-vape-with-screen","16":"product_tag-zooy-zero-45k","17":"desktop-align-left","18":"tablet-align-left","19":"mobile-align-left","21":"first","22":"instock","23":"sale","24":"shipping-taxable","25":"purchasable","26":"product-type-simple"},"acf":[],"uagb_featured_image_src":{"full":["https:\/\/vapestornado.com\/wp-content\/uploads\/2025\/03\/ZOOY-ZERO-45000-Puffs-Wholesale-Good-Price.webp",800,800,false],"thumbnail":["https:\/\/vapestornado.com\/wp-content\/uploads\/2025\/03\/ZOOY-ZERO-45000-Puffs-Wholesale-Good-Price-150x150.webp",150,150,true],"medium":["https:\/\/vapestornado.com\/wp-content\/uploads\/2025\/03\/ZOOY-ZERO-45000-Puffs-Wholesale-Good-Price-300x300.webp",300,300,true],"medium_large":["https:\/\/vapestornado.com\/wp-content\/uploads\/2025\/03\/ZOOY-ZERO-45000-Puffs-Wholesale-Good-Price-768x768.webp",768,768,true],"large":["https:\/\/vapestornado.com\/wp-content\/uploads\/2025\/03\/ZOOY-ZERO-45000-Puffs-Wholesale-Good-Price.webp",800,800,false],"1536x1536":["https:\/\/vapestornado.com\/wp-content\/uploads\/2025\/03\/ZOOY-ZERO-45000-Puffs-Wholesale-Good-Price.webp",800,800,false],"2048x2048":["https:\/\/vapestornado.com\/wp-content\/uploads\/2025\/03\/ZOOY-ZERO-45000-Puffs-Wholesale-Good-Price.webp",800,800,false],"trp-custom-language-flag":["https:\/\/vapestornado.com\/wp-content\/uploads\/2025\/03\/ZOOY-ZERO-45000-Puffs-Wholesale-Good-Price.webp",12,12,false],"woocommerce_thumbnail":["https:\/\/vapestornado.com\/wp-content\/uploads\/2025\/03\/ZOOY-ZERO-45000-Puffs-Wholesale-Good-Price-300x300.webp",300,300,true],"woocommerce_single":["https:\/\/vapestornado.com\/wp-content\/uploads\/2025\/03\/ZOOY-ZERO-45000-Puffs-Wholesale-Good-Price-600x600.webp",600,600,true],"woocommerce_gallery_thumbnail":["https:\/\/vapestornado.com\/wp-content\/uploads\/2025\/03\/ZOOY-ZERO-45000-Puffs-Wholesale-Good-Price-100x100.webp",100,100,true]},"uagb_author_info":{"display_name":"ESAMY","author_link":"https:\/\/vapestornado.com\/lv\/author\/"},"uagb_comment_info":0,"uagb_excerpt":"The ZOOY Zero 45000 Vape delivers massive puff capacity, smart touch screen, and Type-C rechargeable power. A premium disposable built for bulk wholesale buyers in Europe. Add Amy's whatsapp to get right reply and discount price! WhatsApp: +86 17776015835 &nbsp;","_links":{"self":[{"href":"https:\/\/vapestornado.com\/lv\/wp-json\/wp\/v2\/product\/3898","targetHints":{"allow":["GET"]}}],"collection":[{"href":"https:\/\/vapestornado.com\/lv\/wp-json\/wp\/v2\/product"}],"about":[{"href":"https:\/\/vapestornado.com\/lv\/wp-json\/wp\/v2\/types\/product"}],"replies":[{"embeddable":true,"href":"https:\/\/vapestornado.com\/lv\/wp-json\/wp\/v2\/comments?post=3898"}],"wp:featuredmedia":[{"embeddable":true,"href":"https:\/\/vapestornado.com\/lv\/wp-json\/wp\/v2\/media\/3897"}],"wp:attachment":[{"href":"https:\/\/vapestornado.com\/lv\/wp-json\/wp\/v2\/media?parent=3898"}],"wp:term":[{"taxonomy":"product_brand","embeddable":true,"href":"https:\/\/vapestornado.com\/lv\/wp-json\/wp\/v2\/product_brand?post=3898"},{"taxonomy":"product_cat","embeddable":true,"href":"https:\/\/vapestornado.com\/lv\/wp-json\/wp\/v2\/product_cat?post=3898"},{"taxonomy":"product_tag","embeddable":true,"href":"https:\/\/vapestornado.com\/lv\/wp-json\/wp\/v2\/product_tag?post=3898"}],"curies":[{"name":"wp","href":"https:\/\/api.w.org\/{rel}","templated":true}]}}