{"id":3891,"date":"2025-03-19T03:04:03","date_gmt":"2025-03-19T03:04:03","guid":{"rendered":"https:\/\/vapestornado.com\/?post_type=product&#038;p=3891"},"modified":"2025-12-09T09:49:19","modified_gmt":"2025-12-09T09:49:19","slug":"bang-leader-50000-puffs-50k-2-in-1-double-flavor-digital-disposable-vape-bulk-price","status":"publish","type":"product","link":"https:\/\/vapestornado.com\/lv\/product\/bang-leader-50000-puffs-50k-2-in-1-double-flavor-digital-disposable-vape-bulk-price\/","title":{"rendered":"Bang Leader 50000 Uzp\u016btienu 50k 2 vien\u0101 Dubult\u0101s gar\u0161as Digit\u0101l\u0101 vienreiz\u0113j\u0101s lieto\u0161anas Vape vairumtirdzniec\u012bbas cena"},"content":{"rendered":"<h1 data-pm-slice=\"1 1 []\">Bang Leader 50000 Uzp\u016btienu 50k 2 vien\u0101 Dubult\u0101s gar\u0161as Digit\u0101l\u0101 vienreiz\u0113j\u0101s lieto\u0161anas Vape vairumtirdzniec\u012bbas cena<\/h1>\n<p data-start=\"1889\" data-end=\"2114\">Bang Leader 50000 p\u012bpju vienreizlietojams vape ar 2-in-1 dubultu gar\u0161u, 36 ml iepriek\u0161pild\u012bta e-\u0161\u0137idruma, dubultu re\u017e\u0123a spir\u0101li, regul\u0113jamu jaudu, viedu digit\u0101lo displeju un 650mAh Type-C uzl\u0101d\u0113jamu akumulatoru. L\u012bdz 50 000 p\u012bp\u0113m ar 0%\/2%\/3%\/5% nikot\u012bna, nodro\u0161inot ilgu, piel\u0101gojamu EU vaping pieredzi.<\/p>\n<p data-start=\"313\" data-end=\"738\"><strong data-start=\"313\" data-end=\"371\">50 000 iztur\u012bbas, kas p\u0101rv\u0113r\u0161as re\u0101l\u0101 kalend\u0101raj\u0101 laik\u0101.<\/strong> T\u0101 <strong data-start=\"376\" data-end=\"419\">Bang Leader 50000 p\u012bpju vienreizlietojams vape<\/strong> ir veidots ap <strong data-start=\"438\" data-end=\"462\">36ml iepriek\u0161 piepild\u012bts tvertne<\/strong>, t\u0101p\u0113c augst\u0101 p\u012bpju skaita v\u0113rt\u012bba nav teor\u0113tiska. Regul\u0101ri EU lietot\u0101jiem tas parasti noz\u012bm\u0113 <strong data-start=\"548\" data-end=\"585\">ned\u0113\u013cas lieto\u0161anas no viena ier\u012bces<\/strong>, maz\u0101k iepirkumu un iev\u0113rojami zem\u0101kas izmaksas dien\u0101 sal\u012bdzin\u0101jum\u0101 ar 10K\u201320K vienreizlietojamajiem. Tas ir piem\u0113rots intens\u012bvai lieto\u0161anai, nejusties p\u0101r\u0101k lielam rok\u0101.<\/p>\n<p data-start=\"742\" data-end=\"1220\"><strong data-start=\"742\" data-end=\"801\">2-in-1 dubult\u0101 gar\u0161a padara ilgsto\u0161i lietojamas ier\u012bces pat\u012bkamas.<\/strong> Ier\u012bce, kas darbojas tik ilgi, prasa daudzveid\u012bbu, cit\u0101di gar\u0161as nogurums iest\u0101jas. The <strong data-start=\"886\" data-end=\"931\">Bang Leader 50K dubult\u0101s gar\u0161as vienreizlietojamais<\/strong> sniedz <strong data-start=\"938\" data-end=\"970\">12 dubult\u0101s gar\u0161as kombin\u0101cijas<\/strong> vien\u0101 vien\u012bb\u0101, t\u0101p\u0113c j\u016bs varat nekav\u0113joties main\u012bt mais\u012bjumus, kad j\u016bsu gar\u0161as k\u0101rpi\u0146as main\u0101s. \u0160\u012b funkcija ir \u013coti piepras\u012bta <strong data-start=\"1080\" data-end=\"1135\">V\u0101cij\u0101, Sp\u0101nij\u0101, Polij\u0101, Francij\u0101 un N\u012bderland\u0113<\/strong>, kur augstas kapacit\u0101tes vape tiek izmantotas k\u0101 ikdienas ier\u012bces, nevis ned\u0113\u013cas nogales izmetamie.<\/p>\n<p data-start=\"1224\" data-end=\"1636\"><strong data-start=\"1224\" data-end=\"1282\">Dubult\u0101 re\u017e\u0123a spir\u0101les izvade paliek bl\u012bva un ar gar\u0161u bag\u0101ta.<\/strong> T\u0101 <strong data-start=\"1287\" data-end=\"1328\">Bang Leader 50k<\/strong> izmanto divas re\u017e\u0123a sild\u012b\u0161anas virsmas, lai vienm\u0113r\u012bgi izplat\u012btu siltumu caur \u0161\u0137idrumu. Tas sniedz praktiskas priek\u0161roc\u012bbas: <strong data-start=\"1434\" data-end=\"1517\">glud\u0101kas ieelpas, bag\u0101t\u0101ku gar\u0161as pies\u0101tin\u0101jumu un l\u0113n\u0101ku kritumu tvertnes beig\u0101s<\/strong>, pat ar bie\u017eu ikdienas lieto\u0161anu. Tvaiks paliek biezs, neizce\u013coties ar asumu, kas ir bie\u017ei k\u013c\u016bda daudziem augsta p\u012bpju skaita ier\u012bc\u0113m.<\/p>\n<p data-start=\"1640\" data-end=\"2080\"><strong data-start=\"1640\" data-end=\"1719\">Regul\u0113jama jauda \u013cauj ieelpu piel\u0101got j\u016bsu stilam, nevis otr\u0101di.<\/strong> Ar \u0161o <strong data-start=\"1729\" data-end=\"1783\">Bang Leader 50K vape<\/strong>, j\u016bs kontrol\u0113jat, cik stipri j\u016bt katru vilni. Zem\u0101ka jauda sniedz mier\u012bg\u0101ku, v\u0113s\u0101ku ieelpu dienas laik\u0101 vai darba p\u0101rtraukumos; augst\u0101ka jauda rada <strong data-start=\"1917\" data-end=\"1953\">silt\u0101ku tvaiku un smag\u0101kas m\u0101ko\u0146us<\/strong> vakariem vai soci\u0101l\u0101m situ\u0101cij\u0101m. Ilglaic\u012bgai ier\u012bcei \u0161\u0101da piel\u0101go\u0161ana nov\u0113r\u0161 pieredzes vienmu\u013c\u012bbu laika gait\u0101.<\/p>\n<p data-start=\"2084\" data-end=\"2478\"><strong data-start=\"2084\" data-end=\"2144\">Uztverama Type-C baro\u0161anas avota aizsardz\u012bba nodro\u0161ina pilnu 36ml rezerves daudzumu.<\/strong> Lielas vienreizlietojam\u0101s ier\u012bces var b\u016bt nom\u0101co\u0161as, ja akumulators beidzas agr\u012bni. The <strong data-start=\"2213\" data-end=\"2267\">Bang Leader 50000 uzl\u0101d\u0113jama vienreizlietojam\u0101 vape pildspalva<\/strong> izmanto <strong data-start=\"2275\" data-end=\"2318\">650mAh akumulators un Type-C \u0101tr\u0101s uzl\u0101des iesp\u0113ja<\/strong>, t\u0101p\u0113c \u0101tra papildin\u0101\u0161ana uztur ier\u012bci darb\u012bb\u0101 l\u012bdz \u0161\u0137idruma patiesai izbeig\u0161anai. \u012ass d\u012bkst\u0101ves laiks, bez e-\u0161\u0137idruma iz\u0161\u0137\u0113rd\u0113\u0161anas un paredzama veiktsp\u0113ja kust\u012bb\u0101.<\/p>\n<p><strong><span style=\"color: #ff0000;\">Pievienojiet Amy WhatsApp, lai sa\u0146emtu t\u016bl\u012bt\u0113ju atbildi un atlai\u017eu cenu!<\/span><\/strong><\/p>\n<p><img fetchpriority=\"high\" decoding=\"async\" class=\"size-full wp-image-2932\" src=\"https:\/\/vapestornado.com\/wp-content\/uploads\/2024\/12\/Vape-Wholesale.jpg\" alt=\"Veipu Vairumtirdzniec\u012bba\" width=\"229\" height=\"300\" \/><\/p>\n<h3><a href=\"https:\/\/wa.me\/8617776015835\" target=\"_blank\" rel=\"noopener\"><span style=\"color: #ff0000;\"><strong>WhatsApp: +86 17776015835<\/strong><\/span><\/a><\/h3>\n<p>&nbsp;<\/p>\n<h2><strong>Bang Leader 20000 Puff Crystal Vape galven\u0101s produkta \u012bpa\u0161\u012bbas<\/strong><\/h2>\n<table>\n<thead>\n<tr>\n<th>\u012apa\u0161\u012bba<\/th>\n<th>Spec<\/th>\n<th>Deta\u013cas<\/th>\n<\/tr>\n<\/thead>\n<tbody>\n<tr>\n<td>Produkts Nosaukums<\/td>\n<td>Bang Leader 50000 Puffs 2-in-1 Dubult\u0101 Gar\u0161a<\/td>\n<td>Augstas kapacit\u0101tes uzl\u0101d\u0113jama vienreizlietojam\u0101 ier\u012bce.<\/td>\n<\/tr>\n<tr>\n<td>Pufiju ietilp\u012bba<\/td>\n<td>L\u012bdz 50 000 p\u016b\u0161iem<\/td>\n<td>Papla\u0161in\u0101ta kalpo\u0161anas laika m\u0113r\u0137is ir ilgtermi\u0146a ikdienas lieto\u0161anai.<\/td>\n<\/tr>\n<tr>\n<td>E-\u0161\u0137idruma tilpums<\/td>\n<td>36 ml iepriek\u0161pild\u012bts<\/td>\n<td>Liels rezervu\u0101rs atbalsta 50K darb\u012bbas laiku.<\/td>\n<\/tr>\n<tr>\n<td>Gar\u0161as sist\u0113ma<\/td>\n<td>2-in-1 dubult\u0101s gar\u0161as sl\u0113dzis<\/td>\n<td>Divas mais\u012bjumi vien\u0101 ier\u012bc\u0113; t\u016bl\u012bt\u0113ja p\u0101rsl\u0113g\u0161an\u0101s.<\/td>\n<\/tr>\n<tr>\n<td>Spoles veids<\/td>\n<td>Divk\u0101r\u0161a sieta spole<\/td>\n<td>Vienm\u0113r\u012bga siltuma sadale bl\u012bviem tvaikiem un stabilai gar\u0161ai.<\/td>\n<\/tr>\n<tr>\n<td>Akumulators<\/td>\n<td>650mAh uzl\u0101d\u0113jams<\/td>\n<td>Uzl\u0101d\u0113jiet, lai izmantotu pilnu \u0161\u0137idruma kapacit\u0101ti.<\/td>\n<\/tr>\n<tr>\n<td>Uzl\u0101de<\/td>\n<td>Type-C \u0101tr\u0101s uzl\u0101des<\/td>\n<td>\u0100tras papildin\u0101\u0161anas ar moderniem ES kabe\u013ciem.<\/td>\n<\/tr>\n<tr>\n<td>Watt\u0101\u017ea<\/td>\n<td>Regul\u0113jams izvads<\/td>\n<td>Piel\u0101go tvaika stiprumu un siltumu.<\/td>\n<\/tr>\n<tr>\n<td>Displejs<\/td>\n<td>Gudra digit\u0101l\u0101 ekr\u0101na displejs<\/td>\n<td>R\u0101da akumulatora un e-\u0161\u0137idruma l\u012bmeni uzreiz.<\/td>\n<\/tr>\n<tr>\n<td>Nikot\u012bna stiprums<\/td>\n<td>0% \/ 2% \/ 3% \/ 5% s\u0101ls nikot\u012bns<\/td>\n<td>Piem\u0113rots nikot\u012bna br\u012bviem, m\u0113reniem un smagiem lietot\u0101jiem.<\/td>\n<\/tr>\n<\/tbody>\n<\/table>\n<h2 class=\"product-title\"><strong>Bang Leader 50k Puff Box Vape Gar\u0161u saraksts<\/strong><\/h2>\n<article class=\"w-full text-token-text-primary focus-visible:outline-2 focus-visible:outline-offset-[-4px]\" dir=\"auto\" data-testid=\"conversation-turn-32\" data-scroll-anchor=\"false\">\n<div class=\"m-auto text-base py-[18px] px-6\">\n<div class=\"mx-auto flex flex-1 text-base gap-4 md:gap-5 lg:gap-6 md:max-w-3xl lg:max-w-[40rem] xl:max-w-[48rem]\">\n<div class=\"group\/conversation-turn relative flex w-full min-w-0 flex-col @xs\/thread:px-0 @sm\/thread:px-1.5 @md\/thread:px-4\">\n<div class=\"flex-col gap-1 md:gap-3\">\n<div class=\"flex max-w-full flex-col flex-grow\">\n<div class=\"min-h-8 text-message flex w-full flex-col items-end gap-2 whitespace-normal break-words text-start [.text-message+&amp;]:mt-5\" dir=\"auto\" data-message-author-role=\"user\" data-message-id=\"ffac41ca-1db4-431b-873a-32c4052956f1\">\n<div class=\"flex w-full flex-col gap-1 empty:hidden items-end rtl:items-start\">\n<div class=\"relative max-w-[var(--user-chat-width,70%)] rounded-3xl bg-token-message-surface px-5 py-2.5\">\n<div class=\"absolute bottom-0 right-full top-0 -mr-3.5 hidden pr-5 pt-2 [.group\/conversation-turn:hover_&amp;]:flex\">\n<div class=\"flex\">\n<article class=\"w-full text-token-text-primary focus-visible:outline-2 focus-visible:outline-offset-[-4px]\" dir=\"auto\" data-testid=\"conversation-turn-39\" data-scroll-anchor=\"true\">\n<div class=\"m-auto text-base py-[18px] px-6\">\n<div class=\"mx-auto flex flex-1 text-base gap-4 md:gap-5 lg:gap-6 md:max-w-3xl lg:max-w-[40rem] xl:max-w-[48rem]\">\n<div class=\"group\/conversation-turn relative flex w-full min-w-0 flex-col agent-turn @xs\/thread:px-0 @sm\/thread:px-1.5 @md\/thread:px-4\">\n<div class=\"flex-col gap-1 md:gap-3\">\n<div class=\"flex max-w-full flex-col flex-grow\">\n<div class=\"min-h-8 text-message flex w-full flex-col items-end gap-2 whitespace-normal break-words text-start [.text-message+&amp;]:mt-5\" dir=\"auto\" data-message-author-role=\"assistant\" data-message-id=\"55a23854-ec57-48dd-bd4f-6118f43d6241\" data-message-model-slug=\"gpt-4o\">\n<div class=\"flex w-full flex-col gap-1 empty:hidden first:pt-[3px]\">\n<div class=\"markdown prose w-full break-words dark:prose-invert light\">\n<p>&nbsp;<\/p>\n<p>1.Zeme\u0146u Ave\u0146u \u0136ir\u0161u Ledus\/ \u0136ir\u0161u<\/p>\n<p>2.Arb\u016bzu Zeme\u0146u\/ Arb\u016bzu <strong><span style=\"color: #ff0000;\">&gt;&gt;&gt;&gt; Karsts!<\/span><\/strong><\/p>\n<p>3.Melno V\u012bnogu\/Za\u013co V\u012bnogu<\/p>\n<p>4.\u0100bolu Bumbieru\/Kivi Marakujas Gvajavas<\/p>\n<p>5.Sk\u0101b\u0101 anan\u0101su limon\u0101de\/citronu laims <strong><span style=\"color: #ff0000;\">&gt;&gt;&gt;&gt; Lab\u0101kais!<\/span><\/strong><\/p>\n<p>6.Ban\u0101nu ledus\/mango<\/p>\n<p>7.Melle\u0146u sk\u0101b\u0101 ave\u0146u\/melle\u0146u <strong><span style=\"color: #ff0000;\">&gt;&gt;&gt;&gt; Karsts!<\/span><\/strong><\/p>\n<p>8.\u0136ir\u0161u kola\/roz\u0101 limon\u0101de<\/p>\n<p>9.Melle\u0146u ave\u0146u limon\u0101de\/zeme\u0146u ave\u0146u \u0137ir\u0161u ledus <strong><span style=\"color: #ff0000;\">&gt;&gt;&gt;&gt; Karsts!<\/span><\/strong><\/p>\n<p>10.Zeme\u0146u kivi\/zeme\u0146u ledus<\/p>\n<p>11.Anan\u0101su pasifloras aug\u013ci\/anan\u0101su ledus<\/p>\n<p>12.Ave\u0146u mojito\/\u0137ir\u0161u ave\u0146u laims <strong><span style=\"color: #ff0000;\">&gt;&gt;&gt;&gt; Karsts!<\/span><\/strong><\/p>\n<p>&nbsp;<\/p>\n<\/div>\n<\/div>\n<\/div>\n<\/div>\n<\/div>\n<\/div>\n<\/div>\n<\/div>\n<\/article>\n<\/div>\n<\/div>\n<\/div>\n<\/div>\n<\/div>\n<\/div>\n<\/div>\n<\/div>\n<\/div>\n<\/div>\n<\/article>\n<h2>K\u0101p\u0113c izv\u0113l\u0113ties Vapestornado, lai Bang Leader 50000 Puffs Digital Vape lielapjoma pas\u016bt\u012bjums?<\/h2>\n<div class=\"flex-shrink-0 flex flex-col relative items-end\">\n<div class=\"pt-0\">\n<div class=\"gizmo-bot-avatar flex h-8 w-8 items-center justify-center overflow-hidden rounded-full\">\n<div class=\"relative p-1 rounded-sm flex items-center justify-center bg-token-main-surface-primary text-token-text-primary h-8 w-8\">\n<p data-start=\"75\" data-end=\"479\">Kad runa ir par <strong data-start=\"92\" data-end=\"117\">vairumtirdzniec\u012bbas vienreiz\u0113j\u0101s lieto\u0161anas vape<\/strong>, <strong data-start=\"119\" data-end=\"152\">Vapestornado tie\u0161saistes vape veikals<\/strong> ir galvenais galam\u0113r\u0137is tiem, kas<strong data-start=\"182\" data-end=\"202\">\u00a0pirc\u0113ji<\/strong> mekl\u0113 <strong data-start=\"215\" data-end=\"257\">pieejamas cenas un augst\u0101k\u0101 kvalit\u0101te<\/strong>. M\u0113s pied\u0101v\u0101jam <strong data-start=\"268\" data-end=\"299\">ekskluz\u012bvas vairumtirdzniec\u012bbas cenas<\/strong> Bang Leader 32k 32000 uzp\u016btieniem, \u013caujot mazumtirgot\u0101jiem un izplat\u012bt\u0101jiem ieg\u0101d\u0101ties vienu no piepras\u012bt\u0101kajiem<a href=\"https:\/\/vapestornado.com\/lv\/product\/uor-120000-puff-120k-4-flavors-rechargeable-disposable-vape-shop-online\/\"> <strong data-start=\"412\" data-end=\"445\">uzl\u0101d\u0113jami vienreiz\u0113j\u0101s lieto\u0161anas veipi<\/strong><\/a>\u00a0ar <strong data-start=\"453\" data-end=\"476\">digit\u0101lais LED displejs<\/strong>.<\/p>\n<\/div>\n<div class=\"relative p-1 rounded-sm flex items-center justify-center bg-token-main-surface-primary text-token-text-primary h-8 w-8\">\n<h2>Bie\u017e\u0101k uzdotie jaut\u0101jumi par Bang Leader 50k Puffs vienreizlietojamo tvaiku<\/h2>\n<ol data-start=\"3086\" data-end=\"4136\">\n<li data-start=\"3086\" data-end=\"3306\">\n<p data-start=\"3089\" data-end=\"3306\"><strong data-start=\"3089\" data-end=\"3177\">K\u0101 darbojas Bang Leader 50000 Puffs 2-in-1 dubult\u0101s gar\u0161as sist\u0113ma ikdienas lieto\u0161an\u0101?<\/strong><br data-start=\"3177\" data-end=\"3180\" \/>Taj\u0101 ir divi gar\u0161as profili vien\u0101 ier\u012bc\u0113, \u013caujot nekav\u0113joties p\u0101rsl\u0113gties. Tas nodro\u0161ina daudzveid\u012bbu ilgsto\u0161as vair\u0101kas ned\u0113\u013cas ilgas lieto\u0161anas laik\u0101.<\/p>\n<\/li>\n<li data-start=\"3308\" data-end=\"3511\">\n<p data-start=\"3311\" data-end=\"3511\"><strong data-start=\"3311\" data-end=\"3405\">Vai Bang Leader 50K dubult\u0101 re\u017e\u0123a spir\u0101les vienreiz\u0113j\u0101 vape samazina gar\u0161as zudumu laika gait\u0101?<\/strong><br data-start=\"3405\" data-end=\"3408\" \/>Dubult\u0101s re\u017e\u0123a spir\u0101les vienm\u0113r\u012bgi uzkarst un pal\u0113nina gar\u0161as zudumu, \u012bpa\u0161i svar\u012bgi 36 ml lielas ietilp\u012bbas ier\u012bc\u0113.<\/p>\n<\/li>\n<li data-start=\"3513\" data-end=\"3736\">\n<p data-start=\"3516\" data-end=\"3736\"><strong data-start=\"3516\" data-end=\"3612\">K\u0101du ietekmi uz Bang Leader 50000 Puffs vienreiz\u0113jo vape atst\u0101j regul\u0113jams jaudas l\u012bmenis?<\/strong><br data-start=\"3612\" data-end=\"3615\" \/>Regul\u0113jama jauda \u013cauj kontrol\u0113t tvaika siltumu un intensit\u0101ti\u2014zem\u0101ka dienas ieelpo\u0161anai, augst\u0101ka biez\u0101ku m\u0101ko\u0146u veido\u0161anai.<\/p>\n<\/li>\n<li data-start=\"3738\" data-end=\"3930\">\n<p data-start=\"3741\" data-end=\"3930\"><strong data-start=\"3741\" data-end=\"3830\">Vai Bang Leader 50000 Type-C uzl\u0101d\u0113jam\u0101 vienreiz\u0113j\u0101 vape var piln\u012bb\u0101 iztuk\u0161ot 36 ml tvertni?<\/strong><br data-start=\"3830\" data-end=\"3833\" \/>J\u0101. Uzl\u0101d\u0113jam\u012bba noz\u012bm\u0113, ka j\u016bs papildin\u0101t ener\u0123iju p\u0113c vajadz\u012bbas un turpin\u0101t vaping l\u012bdz \u0161\u0137idrums ir beidzies.<\/p>\n<\/li>\n<li data-start=\"3932\" data-end=\"4136\">\n<p data-start=\"3935\" data-end=\"4136\"><strong data-start=\"3935\" data-end=\"4030\">Kura nikot\u012bna opcija ir piem\u0113rota da\u017e\u0101diem lietot\u0101jiem Bang Leader 50K krist\u0101la vienreiz\u0113j\u0101 vape?<\/strong><br data-start=\"4030\" data-end=\"4033\" \/>0% ir paredz\u0113ts tikai gar\u0161as lieto\u0161anai, 2%\u20133% ir piem\u0113rots liel\u0101kajai da\u013cai ikdienas rut\u012bnu, bet 5% ir piem\u0113rots lietot\u0101jiem, kuri v\u0113las stipr\u0101ku efektu.<\/p>\n<\/li>\n<\/ol>\n<\/div>\n<\/div>\n<\/div>\n<\/div>","protected":false},"excerpt":{"rendered":"<p>T\u0101 <strong data-start=\"1452\" data-end=\"1484\">Bang Leader 50000 pufa Vape<\/strong> pied\u0101v\u0101 dubult\u0101s gar\u0161as, digit\u0101lo displeju un regul\u0113jamu jaudu. Uzl\u0101d\u0113jams <strong data-start=\"1562\" data-end=\"1585\">50K uzp\u016btienu vienreizlietojamais<\/strong> ide\u0101li piem\u0113rots <strong data-start=\"1596\" data-end=\"1631\">vairumtirdzniec\u012bbas lielapjoma pas\u016bt\u012bjumiem Eirop\u0101<\/strong>.<br \/>\nBang Leader 50k Puff Vape Komplekts Vairumtirdzniec\u012bbas L\u0113ta Cena<\/p>\n<p><strong>Pievienojiet Eimijas WhatsApp, lai sa\u0146emtu prec\u012bzu atbildi un atlaidi!<\/strong><\/p>\n<p><img fetchpriority=\"high\" decoding=\"async\" class=\"size-full wp-image-2932\" src=\"https:\/\/vapestornado.com\/wp-content\/uploads\/2024\/12\/Vape-Wholesale.jpg\" alt=\"Veipu Vairumtirdzniec\u012bba\" width=\"229\" height=\"300\" \/><\/p>\n<h3><a href=\"https:\/\/wa.me\/8617776015835\"><span style=\"color: #ff0000;\"><strong>WhatsApp: +86 17776015835<\/strong><\/span><\/a><\/h3>\n<p>&nbsp;<\/p>","protected":false},"featured_media":3867,"comment_status":"open","ping_status":"closed","template":"","meta":{"_acf_changed":false,"_uag_custom_page_level_css":"","_lmt_disableupdate":"no","_lmt_disable":"","_monsterinsights_skip_tracking":false,"_monsterinsights_sitenote_active":false,"_monsterinsights_sitenote_note":"","_monsterinsights_sitenote_category":0,"site-sidebar-layout":"default","site-content-layout":"","ast-site-content-layout":"default","site-content-style":"default","site-sidebar-style":"default","ast-global-header-display":"","ast-banner-title-visibility":"","ast-main-header-display":"","ast-hfb-above-header-display":"","ast-hfb-below-header-display":"","ast-hfb-mobile-header-display":"","site-post-title":"","ast-breadcrumbs-content":"","ast-featured-img":"","footer-sml-layout":"","ast-disable-related-posts":"","theme-transparent-header-meta":"default","adv-header-id-meta":"","stick-header-meta":"","header-above-stick-meta":"","header-main-stick-meta":"","header-below-stick-meta":"","astra-migrate-meta-layouts":"set","ast-page-background-enabled":"default","ast-page-background-meta":{"desktop":{"background-color":"","background-image":"","background-repeat":"repeat","background-position":"center center","background-size":"auto","background-attachment":"scroll","background-type":"","background-media":"","overlay-type":"","overlay-color":"","overlay-opacity":"","overlay-gradient":""},"tablet":{"background-color":"","background-image":"","background-repeat":"repeat","background-position":"center center","background-size":"auto","background-attachment":"scroll","background-type":"","background-media":"","overlay-type":"","overlay-color":"","overlay-opacity":"","overlay-gradient":""},"mobile":{"background-color":"","background-image":"","background-repeat":"repeat","background-position":"center center","background-size":"auto","background-attachment":"scroll","background-type":"","background-media":"","overlay-type":"","overlay-color":"","overlay-opacity":"","overlay-gradient":""}},"ast-content-background-meta":{"desktop":{"background-color":"var(--ast-global-color-5)","background-image":"","background-repeat":"repeat","background-position":"center center","background-size":"auto","background-attachment":"scroll","background-type":"","background-media":"","overlay-type":"","overlay-color":"","overlay-opacity":"","overlay-gradient":""},"tablet":{"background-color":"var(--ast-global-color-5)","background-image":"","background-repeat":"repeat","background-position":"center center","background-size":"auto","background-attachment":"scroll","background-type":"","background-media":"","overlay-type":"","overlay-color":"","overlay-opacity":"","overlay-gradient":""},"mobile":{"background-color":"var(--ast-global-color-5)","background-image":"","background-repeat":"repeat","background-position":"center center","background-size":"auto","background-attachment":"scroll","background-type":"","background-media":"","overlay-type":"","overlay-color":"","overlay-opacity":"","overlay-gradient":""}},"_joinchat":{"telephone":"17776015835"}},"product_brand":[],"product_cat":[19,192,62,159,160,143,144],"product_tag":[264,196,94,240,93],"class_list":{"0":"post-3891","1":"product","2":"type-product","3":"status-publish","4":"has-post-thumbnail","6":"product_cat-vapes","7":"product_cat-50000-puff","8":"product_cat-bang-vape","9":"product_cat-buy-disposable-vapes-in-sweden","10":"product_cat-buy-disposable-vapes-in-switzerland","11":"product_cat-dual-mesh-disposable-vapes","12":"product_cat-low-nicotine-disposable-vapes","13":"product_tag-bang-leader-50000-puff","14":"product_tag-bang-vape","15":"product_tag-rechargeable-disposable-vape","16":"product_tag-twins-flavor-disposable-vape","17":"product_tag-vape-wholesale","18":"desktop-align-left","19":"tablet-align-left","20":"mobile-align-left","22":"first","23":"instock","24":"sale","25":"shipping-taxable","26":"purchasable","27":"product-type-simple"},"acf":[],"uagb_featured_image_src":{"full":["https:\/\/vapestornado.com\/wp-content\/uploads\/2025\/03\/Bang-Leader-50000-50K-Puffs.webp",800,800,false],"thumbnail":["https:\/\/vapestornado.com\/wp-content\/uploads\/2025\/03\/Bang-Leader-50000-50K-Puffs-150x150.webp",150,150,true],"medium":["https:\/\/vapestornado.com\/wp-content\/uploads\/2025\/03\/Bang-Leader-50000-50K-Puffs-300x300.webp",300,300,true],"medium_large":["https:\/\/vapestornado.com\/wp-content\/uploads\/2025\/03\/Bang-Leader-50000-50K-Puffs-768x768.webp",768,768,true],"large":["https:\/\/vapestornado.com\/wp-content\/uploads\/2025\/03\/Bang-Leader-50000-50K-Puffs.webp",800,800,false],"1536x1536":["https:\/\/vapestornado.com\/wp-content\/uploads\/2025\/03\/Bang-Leader-50000-50K-Puffs.webp",800,800,false],"2048x2048":["https:\/\/vapestornado.com\/wp-content\/uploads\/2025\/03\/Bang-Leader-50000-50K-Puffs.webp",800,800,false],"trp-custom-language-flag":["https:\/\/vapestornado.com\/wp-content\/uploads\/2025\/03\/Bang-Leader-50000-50K-Puffs.webp",12,12,false],"woocommerce_thumbnail":["https:\/\/vapestornado.com\/wp-content\/uploads\/2025\/03\/Bang-Leader-50000-50K-Puffs-300x300.webp",300,300,true],"woocommerce_single":["https:\/\/vapestornado.com\/wp-content\/uploads\/2025\/03\/Bang-Leader-50000-50K-Puffs-600x600.webp",600,600,true],"woocommerce_gallery_thumbnail":["https:\/\/vapestornado.com\/wp-content\/uploads\/2025\/03\/Bang-Leader-50000-50K-Puffs-100x100.webp",100,100,true]},"uagb_author_info":{"display_name":"ESAMY","author_link":"https:\/\/vapestornado.com\/lv\/author\/"},"uagb_comment_info":0,"uagb_excerpt":"The Bang Leader 50000 Puffs Vape offers dual flavors, digital display, and adjustable wattage. A rechargeable 50K puff disposable ideal for wholesale bulk orders in Europe. Bang Leader 50k Puff Vape Kit Wholesale Cheap Price Add Amy's whatsapp to get right reply and discount price! WhatsApp: +86 17776015835 &nbsp;","_links":{"self":[{"href":"https:\/\/vapestornado.com\/lv\/wp-json\/wp\/v2\/product\/3891","targetHints":{"allow":["GET"]}}],"collection":[{"href":"https:\/\/vapestornado.com\/lv\/wp-json\/wp\/v2\/product"}],"about":[{"href":"https:\/\/vapestornado.com\/lv\/wp-json\/wp\/v2\/types\/product"}],"replies":[{"embeddable":true,"href":"https:\/\/vapestornado.com\/lv\/wp-json\/wp\/v2\/comments?post=3891"}],"wp:featuredmedia":[{"embeddable":true,"href":"https:\/\/vapestornado.com\/lv\/wp-json\/wp\/v2\/media\/3867"}],"wp:attachment":[{"href":"https:\/\/vapestornado.com\/lv\/wp-json\/wp\/v2\/media?parent=3891"}],"wp:term":[{"taxonomy":"product_brand","embeddable":true,"href":"https:\/\/vapestornado.com\/lv\/wp-json\/wp\/v2\/product_brand?post=3891"},{"taxonomy":"product_cat","embeddable":true,"href":"https:\/\/vapestornado.com\/lv\/wp-json\/wp\/v2\/product_cat?post=3891"},{"taxonomy":"product_tag","embeddable":true,"href":"https:\/\/vapestornado.com\/lv\/wp-json\/wp\/v2\/product_tag?post=3891"}],"curies":[{"name":"wp","href":"https:\/\/api.w.org\/{rel}","templated":true}]}}