{"id":3890,"date":"2025-03-18T02:33:25","date_gmt":"2025-03-18T02:33:25","guid":{"rendered":"https:\/\/vapestornado.com\/?post_type=product&#038;p=3890"},"modified":"2025-12-04T08:58:11","modified_gmt":"2025-12-04T08:58:11","slug":"original-bang-leader-20000-puff-crystal-disposable-vape-box-20k-puffs-wholesale-vapers","status":"publish","type":"product","link":"https:\/\/vapestornado.com\/lv\/product\/original-bang-leader-20000-puff-crystal-disposable-vape-box-20k-puffs-wholesale-vapers\/","title":{"rendered":"Ori\u0123in\u0101lais Bang Leader 20000 Pufi Krist\u0101la vienreizlietojamais Vape Box 20K Pufi vairumtirdzniec\u012bba Vapers"},"content":{"rendered":"<h1 data-pm-slice=\"1 1 []\">Ori\u0123in\u0101lais Bang Leader 20000 Pufi Krist\u0101la vienreizlietojamais Vape Box 20K Pufi vairumtirdzniec\u012bba Vapers<\/h1>\n<p data-start=\"1084\" data-end=\"1266\">Bang Leader 20000 Puff Crystal ir vienreizlietojams 20 000 p\u012bpju ier\u012bce ar 28 ml tvertni, 650mAh Type-C uzl\u0101d\u0113jamu akumulatoru, dubult\u0101m t\u012bkli\u0146u spir\u0101l\u0113m un krist\u0101la korpusu ar lanyard\u2014paredz\u0113ta ilgam lieto\u0161anai, stabilai gar\u0161ai un \u0113rtai p\u0101rn\u0113s\u0101\u0161anai.<\/p>\n<p data-start=\"584\" data-end=\"867\">Ier\u012bce ir paredz\u0113ta <strong data-start=\"679\" data-end=\"701\">l\u012bdz 20 000 ieelp\u0101m<\/strong> un tur <strong data-start=\"712\" data-end=\"732\">28 ml e-\u0161\u0137idruma<\/strong>, t\u0101p\u0113c liel\u0101k\u0101 da\u013ca lietot\u0101ju ieg\u016bst daudz ilg\u0101ku darb\u012bbas laiku nek\u0101 5k\u201310k mode\u013ci. Maz\u0101kas nomai\u0146as ar\u012b noz\u012bm\u0113 maz\u0101k ne\u0113rt\u012bbu un zem\u0101kas izmaksas par p\u012bpi ilgtermi\u0146\u0101. Bang Leader 20000 Puff Crystal vienreizlietojam\u0101 vape izmanto <strong data-start=\"956\" data-end=\"975\">dubultas sieta spoles<\/strong>, kas vienm\u0113r\u012bgi uzsilda e-\u0161\u0137idrumu. Tas pal\u012bdz saglab\u0101t vienm\u0113r\u012bgu ieelpu un stabilu gar\u0161u no s\u0101kuma l\u012bdz tvert\u0146a beig\u0101m, nevis samazin\u0101s uz pusce\u013ca.<\/p>\n<p data-start=\"584\" data-end=\"867\">T\u0101 <strong data-start=\"1193\" data-end=\"1227\">650mAh akumulators ir uzl\u0101d\u0113jams<\/strong>, t\u0101p\u0113c j\u016bs varat papildin\u0101t ener\u0123iju un izlietot visu \u0161\u0137idrumu, neizj\u016bkot ier\u012bci agr\u0101k. \u0160\u012b bang leader 20000 p\u012bpju vienreizlietojam\u0101 vape n\u0101k ar <strong data-start=\"1307\" data-end=\"1326\">C tipa uzl\u0101de<\/strong> ir pla\u0161i sader\u012bgs un \u0101trs, t\u0101p\u0113c j\u016bs varat atgriezties pie vaping bez ilgiem p\u0101rtraukumiem.\u00a0Tas <strong data-start=\"1461\" data-end=\"1483\">krist\u0101la stila korpuss<\/strong> ir kompakts un iztur\u012bgs, un iek\u013cautais <strong data-start=\"1524\" data-end=\"1535\">lanyard<\/strong> padara to vienk\u0101r\u0161i pieejamu, kad esat \u0101rpus m\u0101jas. T\u0101 ir paredz\u0113ta ikdienas p\u0101rn\u0113s\u0101\u0161anai bez liekas smaguma. Opcijas nikot\u012bna stiprumam ietver <strong data-start=\"1712\" data-end=\"1743\">0%, 2%, 3% un 5% nikot\u012bna<\/strong><\/p>\n<p><strong><span style=\"color: #ff0000;\">Pievienojiet Amy WhatsApp, lai sa\u0146emtu t\u016bl\u012bt\u0113ju atbildi un atlai\u017eu cenu!<\/span><\/strong><\/p>\n<p><img fetchpriority=\"high\" decoding=\"async\" class=\"size-full wp-image-2932\" src=\"https:\/\/vapestornado.com\/wp-content\/uploads\/2024\/12\/Vape-Wholesale.jpg\" alt=\"Veipu Vairumtirdzniec\u012bba\" width=\"229\" height=\"300\" \/><\/p>\n<h3><a href=\"https:\/\/wa.me\/8617776015835\" target=\"_blank\" rel=\"noopener\"><span style=\"color: #ff0000;\"><strong>WhatsApp: +86 17776015835<\/strong><\/span><\/a><\/h3>\n<p>&nbsp;<\/p>\n<h2><strong>Bang Leader 20000 Puff Crystal Vape galven\u0101s produkta \u012bpa\u0161\u012bbas<\/strong><\/h2>\n<table>\n<thead>\n<tr>\n<th>\u012apa\u0161\u012bba<\/th>\n<th align=\"right\">Specifik\u0101cija<\/th>\n<th><\/th>\n<\/tr>\n<\/thead>\n<tbody>\n<tr>\n<td>Produkts Nosaukums<\/td>\n<td align=\"right\">Bang Leader 20000 dvesmu krist\u0101la vienreizlietojamais veips<\/td>\n<td>Viegli atpaz\u012bstama atk\u0101rtotiem pirc\u0113jiem.<\/td>\n<\/tr>\n<tr>\n<td>Pufiju ietilp\u012bba<\/td>\n<td align=\"right\">L\u012bdz 20 000 p\u012bp\u0113m<\/td>\n<td>Ilgsto\u0161a lieto\u0161ana; maz\u0101k nomai\u0146u nek\u0101 standarta vienreizlietojam\u0101m ier\u012bc\u0113m.<\/td>\n<\/tr>\n<tr>\n<td>E-\u0161\u0137idruma tilpums<\/td>\n<td align=\"right\">28 ml iepriek\u0161pild\u012bts<\/td>\n<td>Liels tvertne atbalsta pilnu p\u016btienu skaitu bez papildpildes.<\/td>\n<\/tr>\n<tr>\n<td>Akumulators<\/td>\n<td align=\"right\">650mAh uzl\u0101d\u0113jams<\/td>\n<td>Uzl\u0101d\u0113jiet, lai izmantotu visu \u0161\u0137idrumu, nevis zaud\u0113tu p\u012bpes.<\/td>\n<\/tr>\n<tr>\n<td>Uzl\u0101de<\/td>\n<td align=\"right\">USB Type-C<\/td>\n<td>Standarta kabelis; \u0101tr\u0101ks un vienk\u0101r\u0161\u0101ks atrast.<\/td>\n<\/tr>\n<tr>\n<td>Spoles veids<\/td>\n<td align=\"right\">Divk\u0101r\u0161a sieta spole<\/td>\n<td>Vienm\u0113r\u012bga sild\u012b\u0161ana = glud\u0101ks tvaiks un stabil\u0101ks arom\u0101ts.<\/td>\n<\/tr>\n<tr>\n<td>Nikot\u012bna opcijas<\/td>\n<td align=\"right\">0% \/ 2% \/ 3% \/ 5%<\/td>\n<td>\u013bauj lietot\u0101jiem izv\u0113l\u0113ties nikot\u012bna l\u012bmeni, kas atbilst vi\u0146u vajadz\u012bb\u0101m.<\/td>\n<\/tr>\n<tr>\n<td>Dizains<\/td>\n<td align=\"right\">Krist\u0101la korpuss + lanyard<\/td>\n<td>Iepakojums draudz\u012bgs un viegli p\u0101rn\u0113s\u0101jams bez rok\u0101m.<\/td>\n<\/tr>\n<tr>\n<td>Aktiviz\u0101cija<\/td>\n<td align=\"right\">Aktiviz\u0113jas ievelkot<\/td>\n<td>Nav pogu; ieelpojiet, lai uzpild\u012btu.<\/td>\n<\/tr>\n<\/tbody>\n<\/table>\n<h2 class=\"product-title\"><strong>Bang Leader 20k Puffs Box Vape gar\u0161u saraksts<\/strong><\/h2>\n<article class=\"group\/turn w-full text-token-text-primary focus-visible:outline-2 focus-visible:outline-offset-[-4px]\" dir=\"auto\" data-testid=\"conversation-turn-61\" data-scroll-anchor=\"true\">\n<div class=\"text-base my-auto mx-auto py-[18px] px-6\">\n<div class=\"mx-auto flex flex-1 text-base gap-4 md:gap-5 lg:gap-6 md:max-w-3xl lg:max-w-[40rem] xl:max-w-[48rem]\">\n<div class=\"group\/conversation-turn relative flex w-full min-w-0 flex-col agent-turn @xs\/thread:px-0 @sm\/thread:px-1.5 @md\/thread:px-4\">\n<div class=\"flex-col gap-1 md:gap-3\">\n<div class=\"flex max-w-full flex-col flex-grow\">\n<div class=\"min-h-8 text-message relative flex w-full flex-col items-end gap-2 whitespace-normal break-words text-start [.text-message+&amp;]:mt-5\" dir=\"auto\" data-message-author-role=\"assistant\" data-message-id=\"762d7e41-70d5-4ddf-94cb-85ef5025d3a8\" data-message-model-slug=\"gpt-4o\">\n<div class=\"flex w-full flex-col gap-1 empty:hidden first:pt-[3px]\">\n<div class=\"markdown prose w-full break-words dark:prose-invert light\">\n<p>&nbsp;<\/p>\n<p>1.Arb\u016bzu ledus <strong><span style=\"color: #ff0000;\">&gt;&gt;&gt;&gt; Karsts!<\/span><\/strong><\/p>\n<p>2.Zeme\u0146u kivi<\/p>\n<p>3.Zeme\u0146u ledus <strong><span style=\"color: #ff0000;\">&gt;&gt;&gt;&gt; Karsts!<\/span><\/strong><\/p>\n<p>4.Mango persiks<\/p>\n<p>5. Melle\u0146u ave\u0146u <strong><span style=\"color: #ff0000;\">&gt;&gt;&gt;&gt; Lab\u0101kais!<\/span><\/strong><\/p>\n<p>6. Melle\u0146u piparm\u0113tra<\/p>\n<p>7. Jaukti aug\u013ci <strong><span style=\"color: #ff0000;\">&gt;&gt;&gt;&gt; Karsts!<\/span><\/strong><\/p>\n<p>8. Zeme\u0146u arb\u016bzs<\/p>\n<p>9. V\u012bnogu ledus<\/p>\n<p>10. Arb\u016bzu ko\u0161\u013c\u0101jam\u0101 gumija<\/p>\n<p>11. Melle\u0146u ledus <strong><span style=\"color: #ff0000;\">&gt;&gt;&gt;&gt; Karsts!<\/span><\/strong><\/p>\n<p>12. Persiku ledus<\/p>\n<\/div>\n<\/div>\n<\/div>\n<\/div>\n<\/div>\n<\/div>\n<\/div>\n<\/div>\n<\/article>\n<article class=\"w-full text-token-text-primary focus-visible:outline-2 focus-visible:outline-offset-[-4px]\" dir=\"auto\" data-testid=\"conversation-turn-32\" data-scroll-anchor=\"false\">\n<div class=\"m-auto text-base py-[18px] px-6\">\n<div class=\"mx-auto flex flex-1 text-base gap-4 md:gap-5 lg:gap-6 md:max-w-3xl lg:max-w-[40rem] xl:max-w-[48rem]\">\n<div class=\"group\/conversation-turn relative flex w-full min-w-0 flex-col @xs\/thread:px-0 @sm\/thread:px-1.5 @md\/thread:px-4\">\n<div class=\"flex-col gap-1 md:gap-3\">\n<div class=\"flex max-w-full flex-col flex-grow\">\n<div class=\"min-h-8 text-message flex w-full flex-col items-end gap-2 whitespace-normal break-words text-start [.text-message+&amp;]:mt-5\" dir=\"auto\" data-message-author-role=\"user\" data-message-id=\"ffac41ca-1db4-431b-873a-32c4052956f1\">\n<div class=\"flex w-full flex-col gap-1 empty:hidden items-end rtl:items-start\">\n<div class=\"relative max-w-[var(--user-chat-width,70%)] rounded-3xl bg-token-message-surface px-5 py-2.5\">\n<div class=\"absolute bottom-0 right-full top-0 -mr-3.5 hidden pr-5 pt-2 [.group\/conversation-turn:hover_&amp;]:flex\">\n<div class=\"flex\">\n<article class=\"w-full text-token-text-primary focus-visible:outline-2 focus-visible:outline-offset-[-4px]\" dir=\"auto\" data-testid=\"conversation-turn-39\" data-scroll-anchor=\"true\">\n<div class=\"m-auto text-base py-[18px] px-6\">\n<div class=\"mx-auto flex flex-1 text-base gap-4 md:gap-5 lg:gap-6 md:max-w-3xl lg:max-w-[40rem] xl:max-w-[48rem]\">\n<div class=\"group\/conversation-turn relative flex w-full min-w-0 flex-col agent-turn @xs\/thread:px-0 @sm\/thread:px-1.5 @md\/thread:px-4\">\n<div class=\"flex-col gap-1 md:gap-3\">\n<div class=\"flex max-w-full flex-col flex-grow\">\n<div class=\"min-h-8 text-message flex w-full flex-col items-end gap-2 whitespace-normal break-words text-start [.text-message+&amp;]:mt-5\" dir=\"auto\" data-message-author-role=\"assistant\" data-message-id=\"55a23854-ec57-48dd-bd4f-6118f43d6241\" data-message-model-slug=\"gpt-4o\">\n<div class=\"flex w-full flex-col gap-1 empty:hidden first:pt-[3px]\">\n<div class=\"markdown prose w-full break-words dark:prose-invert light\"><\/div>\n<\/div>\n<\/div>\n<\/div>\n<\/div>\n<\/div>\n<\/div>\n<\/div>\n<\/article>\n<\/div>\n<\/div>\n<\/div>\n<\/div>\n<\/div>\n<\/div>\n<\/div>\n<\/div>\n<\/div>\n<\/div>\n<\/article>\n<h3>K\u0101p\u0113c izv\u0113l\u0113ties Vapestornado Bang 20k Crystal Puffs uzpild\u0101mu vape vairumtirdzniec\u012bbas pas\u016bt\u012bjumam?<\/h3>\n<div class=\"flex-shrink-0 flex flex-col relative items-end\">\n<div class=\"pt-0\">\n<div class=\"gizmo-bot-avatar flex h-8 w-8 items-center justify-center overflow-hidden rounded-full\">\n<div class=\"relative p-1 rounded-sm flex items-center justify-center bg-token-main-surface-primary text-token-text-primary h-8 w-8\">\n<p data-start=\"75\" data-end=\"479\">Kad runa ir par <strong data-start=\"92\" data-end=\"117\">vairumtirdzniec\u012bbas vienreiz\u0113j\u0101s lieto\u0161anas vape<\/strong>, <strong data-start=\"119\" data-end=\"152\">Vapestornado tie\u0161saistes vape veikals<\/strong> ir galvenais galam\u0113r\u0137is tiem, kas<strong data-start=\"182\" data-end=\"202\">\u00a0pirc\u0113ji<\/strong> mekl\u0113 <strong data-start=\"215\" data-end=\"257\">pieejamas cenas un augst\u0101k\u0101 kvalit\u0101te<\/strong>. M\u0113s pied\u0101v\u0101jam <strong data-start=\"268\" data-end=\"299\">ekskluz\u012bvas vairumtirdzniec\u012bbas cenas<\/strong> Bang Leader 32k 32000 uzp\u016btieniem, \u013caujot mazumtirgot\u0101jiem un izplat\u012bt\u0101jiem ieg\u0101d\u0101ties vienu no piepras\u012bt\u0101kajiem <a href=\"https:\/\/vapestornado.com\/lv\/product-category\/rechargeable-disposable-vapes\/\"><strong data-start=\"412\" data-end=\"445\">uzl\u0101d\u0113jamas vienreiz\u0113j\u0101s lieto\u0161anas E cigaretes<\/strong><\/a>\u00a0ar <strong data-start=\"453\" data-end=\"476\">digit\u0101lu LCD displeju<\/strong>.<\/p>\n<\/div>\n<div class=\"relative p-1 rounded-sm flex items-center justify-center bg-token-main-surface-primary text-token-text-primary h-8 w-8\">\n<h3>BUJ par Bang Leader 20k Puffs vienreiz\u0113j\u0101s lieto\u0161anas iztvaic\u0113t\u0101ju<\/h3>\n<p data-start=\"2819\" data-end=\"3064\"><strong data-start=\"2819\" data-end=\"2897\">1. Vai vienreizlietojamajiem ir nepiecie\u0161ama \u012bpa\u0161a l\u0101d\u0113t\u0101js Bang Leader 20000 pufa?<\/strong><br data-start=\"2897\" data-end=\"2900\" \/>N\u0113. The <strong data-start=\"2908\" data-end=\"2958\">Bang Leader 20000 dvesmu krist\u0101la vienreizlietojamais veips<\/strong> izmanto standarta <strong data-start=\"2973\" data-end=\"2996\">USB Type-C uzl\u0101de<\/strong>, t\u0101p\u0113c jebkura parasta Type-C kabelis un dro\u0161a USB baro\u0161anas adapteris darbosies.<\/p>\n<p data-start=\"3066\" data-end=\"3364\"><strong data-start=\"3066\" data-end=\"3149\">2. Vai vienreizlietojamie pa\u0101trina atkar\u012bbas veido\u0161anos, tostarp Bang Leader 20000 pufa?<\/strong><br data-start=\"3149\" data-end=\"3152\" \/>Atkar\u012bbas risks ir atkar\u012bgs no <strong data-start=\"3178\" data-end=\"3224\">nikot\u012bna stipruma un t\u0101 lieto\u0161anas bie\u017euma<\/strong>, ne tikai no pufa skaita. Tas <strong data-start=\"3252\" data-end=\"3278\">Bang Leader 20000 pufa<\/strong> ir pieejams <strong data-start=\"3288\" data-end=\"3310\">0%, 2%, 3% un 5%<\/strong> lai lietot\u0101ji var\u0113tu izv\u0113l\u0113ties l\u012bmeni, kas atbilst vi\u0146u m\u0113r\u0137iem.<\/p>\n<p data-start=\"3366\" data-end=\"3666\"><strong data-start=\"3366\" data-end=\"3451\">3. Kur\u0161 vienreizlietojamais ilg\u0101k kalpo: Bang Leader 20000 pufa vai 10 000 pufa vape?<\/strong><br data-start=\"3451\" data-end=\"3454\" \/>Ikdienas lieto\u0161an\u0101, tas <strong data-start=\"3475\" data-end=\"3501\">Bang Leader 20000 pufa<\/strong> parasti kalpo ilg\u0101k, jo tas apvieno <strong data-start=\"3545\" data-end=\"3602\">20 000 pufa + 28 ml e-\u0161\u0137idruma + uzl\u0101d\u0113jamu akumulatoru<\/strong>, kam\u0113r liel\u0101k\u0101 da\u013ca 10k ier\u012b\u010du ir ar maz\u0101kiem tvertn\u0113m un \u012bs\u0101ku darb\u012bbas laiku.<\/p>\n<p data-start=\"3668\" data-end=\"3920\"><strong data-start=\"3668\" data-end=\"3737\">4. Vai Bang Leader 20000 Puff ir labs gar\u0161as zi\u0146\u0101 ilgsto\u0161ai lieto\u0161anai?<\/strong><br data-start=\"3737\" data-end=\"3740\" \/>J\u0101. The <strong data-start=\"3749\" data-end=\"3767\">dubult\u0101 sieta spole<\/strong> Uzst\u0101d\u012bjums ir izstr\u0101d\u0101ts, lai saglab\u0101tu tvaiku gludu un gar\u0161u stabilu liel\u0101 tvertn\u0113, kas pal\u012bdz izvair\u012bties no nom\u0101ktas gar\u0161as, ko da\u017eas lielas p\u016bt\u012b\u0161anas vienreizlietojam\u0101s ier\u012bces att\u012bst\u0101s v\u0113l\u0101k.<\/p>\n<p data-start=\"3922\" data-end=\"4213\"><strong data-start=\"3922\" data-end=\"3995\">5. Vai es varu \u0146emt l\u012bdzi Bang Leader 20000 Puff vienreizlietojamo vape lidma\u0161\u012bn\u0101?<\/strong><br data-start=\"3995\" data-end=\"3998\" \/>Liel\u0101k\u0101 da\u013ca aviokomp\u0101niju at\u013cauj vienreizlietojam\u0101s ier\u012bces <strong data-start=\"4030\" data-end=\"4058\">tikai rokas bag\u0101\u017e\u0101<\/strong>, nevis re\u0123istr\u0113taj\u0101 bag\u0101\u017e\u0101, jo tas ir saist\u012bts ar akumulatora noteikumiem. Saglab\u0101jiet to <strong data-start=\"4114\" data-end=\"4164\">Bang Leader 20000 dvesmu krist\u0101la vienreizlietojamais veips<\/strong> aizv\u0113rtu un p\u0101rbaudiet aviokomp\u0101nijas politiku pirms lidojuma.<\/p>\n<\/div>\n<\/div>\n<\/div>\n<\/div>","protected":false},"excerpt":{"rendered":"<p>Lab\u0101kais Bang Leader 20000 Puffs Vienreiz\u0113j\u0101s lieto\u0161anas Crystal Vape<br \/>\nBang Leader 20000 Puff Crystal Vairumtirdzniec\u012bbas Vienreiz\u0113j\u0101s lieto\u0161anas Vape<br \/>\nBang Vape 20000 20K Puffs Uzl\u0101d\u0113jams Vienreiz\u0113j\u0101s lieto\u0161anas<\/p>\n<p><strong>Pievienojiet Eimijas WhatsApp, lai sa\u0146emtu prec\u012bzu atbildi un atlaidi!<\/strong><\/p>\n<p><img fetchpriority=\"high\" decoding=\"async\" class=\"size-full wp-image-2932\" src=\"https:\/\/vapestornado.com\/wp-content\/uploads\/2024\/12\/Vape-Wholesale.jpg\" alt=\"Veipu Vairumtirdzniec\u012bba\" width=\"229\" height=\"300\" \/><\/p>\n<h3><a href=\"https:\/\/wa.me\/8617776015835\"><span style=\"color: #ff0000;\"><strong>WhatsApp: +86 17776015835<\/strong><\/span><\/a><\/h3>\n<p>&nbsp;<\/p>","protected":false},"featured_media":3876,"comment_status":"open","ping_status":"closed","template":"","meta":{"_acf_changed":false,"_uag_custom_page_level_css":"","_lmt_disableupdate":"no","_lmt_disable":"","_monsterinsights_skip_tracking":false,"_monsterinsights_sitenote_active":false,"_monsterinsights_sitenote_note":"","_monsterinsights_sitenote_category":0,"site-sidebar-layout":"default","site-content-layout":"","ast-site-content-layout":"default","site-content-style":"default","site-sidebar-style":"default","ast-global-header-display":"","ast-banner-title-visibility":"","ast-main-header-display":"","ast-hfb-above-header-display":"","ast-hfb-below-header-display":"","ast-hfb-mobile-header-display":"","site-post-title":"","ast-breadcrumbs-content":"","ast-featured-img":"","footer-sml-layout":"","ast-disable-related-posts":"","theme-transparent-header-meta":"default","adv-header-id-meta":"","stick-header-meta":"","header-above-stick-meta":"","header-main-stick-meta":"","header-below-stick-meta":"","astra-migrate-meta-layouts":"set","ast-page-background-enabled":"default","ast-page-background-meta":{"desktop":{"background-color":"","background-image":"","background-repeat":"repeat","background-position":"center center","background-size":"auto","background-attachment":"scroll","background-type":"","background-media":"","overlay-type":"","overlay-color":"","overlay-opacity":"","overlay-gradient":""},"tablet":{"background-color":"","background-image":"","background-repeat":"repeat","background-position":"center center","background-size":"auto","background-attachment":"scroll","background-type":"","background-media":"","overlay-type":"","overlay-color":"","overlay-opacity":"","overlay-gradient":""},"mobile":{"background-color":"","background-image":"","background-repeat":"repeat","background-position":"center center","background-size":"auto","background-attachment":"scroll","background-type":"","background-media":"","overlay-type":"","overlay-color":"","overlay-opacity":"","overlay-gradient":""}},"ast-content-background-meta":{"desktop":{"background-color":"var(--ast-global-color-5)","background-image":"","background-repeat":"repeat","background-position":"center center","background-size":"auto","background-attachment":"scroll","background-type":"","background-media":"","overlay-type":"","overlay-color":"","overlay-opacity":"","overlay-gradient":""},"tablet":{"background-color":"var(--ast-global-color-5)","background-image":"","background-repeat":"repeat","background-position":"center center","background-size":"auto","background-attachment":"scroll","background-type":"","background-media":"","overlay-type":"","overlay-color":"","overlay-opacity":"","overlay-gradient":""},"mobile":{"background-color":"var(--ast-global-color-5)","background-image":"","background-repeat":"repeat","background-position":"center center","background-size":"auto","background-attachment":"scroll","background-type":"","background-media":"","overlay-type":"","overlay-color":"","overlay-opacity":"","overlay-gradient":""}},"_joinchat":{"telephone":"17776015835"}},"product_brand":[],"product_cat":[19,69,278,150,160,141,144],"product_tag":[472,263,196,120,94,240,93],"class_list":{"0":"post-3890","1":"product","2":"type-product","3":"status-publish","4":"has-post-thumbnail","6":"product_cat-vapes","7":"product_cat-20000-puff","8":"product_cat-bang-leader-vape","9":"product_cat-buy-disposable-vapes-in-belgium","10":"product_cat-buy-disposable-vapes-in-switzerland","11":"product_cat-crystal-disposable-vapes","12":"product_cat-low-nicotine-disposable-vapes","13":"product_tag-bang-leader-20000","14":"product_tag-bang-leader-20k","15":"product_tag-bang-vape","16":"product_tag-crystal-vape","17":"product_tag-rechargeable-disposable-vape","18":"product_tag-twins-flavor-disposable-vape","19":"product_tag-vape-wholesale","20":"desktop-align-left","21":"tablet-align-left","22":"mobile-align-left","24":"first","25":"instock","26":"sale","27":"shipping-taxable","28":"purchasable","29":"product-type-simple"},"acf":[],"uagb_featured_image_src":{"full":["https:\/\/vapestornado.com\/wp-content\/uploads\/2025\/03\/Bang-20000-Puffs-Smart-Screen-Disposable-Crysatal-Vape.webp",800,800,false],"thumbnail":["https:\/\/vapestornado.com\/wp-content\/uploads\/2025\/03\/Bang-20000-Puffs-Smart-Screen-Disposable-Crysatal-Vape-150x150.webp",150,150,true],"medium":["https:\/\/vapestornado.com\/wp-content\/uploads\/2025\/03\/Bang-20000-Puffs-Smart-Screen-Disposable-Crysatal-Vape-300x300.webp",300,300,true],"medium_large":["https:\/\/vapestornado.com\/wp-content\/uploads\/2025\/03\/Bang-20000-Puffs-Smart-Screen-Disposable-Crysatal-Vape-768x768.webp",768,768,true],"large":["https:\/\/vapestornado.com\/wp-content\/uploads\/2025\/03\/Bang-20000-Puffs-Smart-Screen-Disposable-Crysatal-Vape.webp",800,800,false],"1536x1536":["https:\/\/vapestornado.com\/wp-content\/uploads\/2025\/03\/Bang-20000-Puffs-Smart-Screen-Disposable-Crysatal-Vape.webp",800,800,false],"2048x2048":["https:\/\/vapestornado.com\/wp-content\/uploads\/2025\/03\/Bang-20000-Puffs-Smart-Screen-Disposable-Crysatal-Vape.webp",800,800,false],"trp-custom-language-flag":["https:\/\/vapestornado.com\/wp-content\/uploads\/2025\/03\/Bang-20000-Puffs-Smart-Screen-Disposable-Crysatal-Vape.webp",12,12,false],"woocommerce_thumbnail":["https:\/\/vapestornado.com\/wp-content\/uploads\/2025\/03\/Bang-20000-Puffs-Smart-Screen-Disposable-Crysatal-Vape-300x300.webp",300,300,true],"woocommerce_single":["https:\/\/vapestornado.com\/wp-content\/uploads\/2025\/03\/Bang-20000-Puffs-Smart-Screen-Disposable-Crysatal-Vape-600x600.webp",600,600,true],"woocommerce_gallery_thumbnail":["https:\/\/vapestornado.com\/wp-content\/uploads\/2025\/03\/Bang-20000-Puffs-Smart-Screen-Disposable-Crysatal-Vape-100x100.webp",100,100,true]},"uagb_author_info":{"display_name":"ESAMY","author_link":"https:\/\/vapestornado.com\/lv\/author\/"},"uagb_comment_info":0,"uagb_excerpt":"Best Bang Leader 20000 Puffs Disposable Crystal Vape Bang Leader 20000 Puff Crystal Wholesale Disposable Vape Bang Vape 20000 20K Puffs Rechargeable Disposable Add Amy's whatsapp to get right reply and discount price! WhatsApp: +86 17776015835 &nbsp;","_links":{"self":[{"href":"https:\/\/vapestornado.com\/lv\/wp-json\/wp\/v2\/product\/3890","targetHints":{"allow":["GET"]}}],"collection":[{"href":"https:\/\/vapestornado.com\/lv\/wp-json\/wp\/v2\/product"}],"about":[{"href":"https:\/\/vapestornado.com\/lv\/wp-json\/wp\/v2\/types\/product"}],"replies":[{"embeddable":true,"href":"https:\/\/vapestornado.com\/lv\/wp-json\/wp\/v2\/comments?post=3890"}],"wp:featuredmedia":[{"embeddable":true,"href":"https:\/\/vapestornado.com\/lv\/wp-json\/wp\/v2\/media\/3876"}],"wp:attachment":[{"href":"https:\/\/vapestornado.com\/lv\/wp-json\/wp\/v2\/media?parent=3890"}],"wp:term":[{"taxonomy":"product_brand","embeddable":true,"href":"https:\/\/vapestornado.com\/lv\/wp-json\/wp\/v2\/product_brand?post=3890"},{"taxonomy":"product_cat","embeddable":true,"href":"https:\/\/vapestornado.com\/lv\/wp-json\/wp\/v2\/product_cat?post=3890"},{"taxonomy":"product_tag","embeddable":true,"href":"https:\/\/vapestornado.com\/lv\/wp-json\/wp\/v2\/product_tag?post=3890"}],"curies":[{"name":"wp","href":"https:\/\/api.w.org\/{rel}","templated":true}]}}