{"id":3888,"date":"2025-03-18T02:01:58","date_gmt":"2025-03-18T02:01:58","guid":{"rendered":"https:\/\/vapestornado.com\/?post_type=product&#038;p=3888"},"modified":"2025-12-04T09:17:42","modified_gmt":"2025-12-04T09:17:42","slug":"bang-leader-32k-32000-puffs-dual-pods-double-flavors-disposable-vape","status":"publish","type":"product","link":"https:\/\/vapestornado.com\/lv\/product\/bang-leader-32k-32000-puffs-dual-pods-double-flavors-disposable-vape\/","title":{"rendered":"Bang Leader 32k 32000 Puffs Divas Kapsulas Dubultas Gar\u0161as Vienreiz\u0113j\u0101s Lieto\u0161anas Veips"},"content":{"rendered":"<h1 data-pm-slice=\"1 1 []\">Bang Leader 32k 32000 Puffs Divas Kapsulas Dubultas Gar\u0161as Vienreiz\u0113j\u0101s Lieto\u0161anas Veips<\/h1>\n<p data-start=\"286\" data-end=\"655\">T\u0101 <strong data-start=\"290\" data-end=\"335\">Bang Leader 32K Dubultu Pods Vienreiz\u0113j\u0101s Vape<\/strong> ir izstr\u0101d\u0101ts lietot\u0101jiem, kuri v\u0113las augstu jaudu un da\u017e\u0101das gar\u0161as vien\u0101 ier\u012bc\u0113. Tas apvieno <strong data-start=\"426\" data-end=\"448\">dubultu podu strukt\u016bru<\/strong> ar <b>2 vien\u0101 dubult\u0101 gar\u0161a<\/b>\u00a0dodot kop\u0113jo <strong data-start=\"510\" data-end=\"518\">56ml<\/strong> un atbalsta l\u012bdz <strong data-start=\"540\" data-end=\"556\">32 000 dvesieniem<\/strong>. \u0160is dizains samazina ier\u012bces mai\u0146u skaitu un nodro\u0161ina ilg\u0101ku ikdienas lieto\u0161anu bez bie\u017e\u0101m nomai\u0146\u0101m.<\/p>\n<p data-start=\"657\" data-end=\"960\">Galven\u0101 \u012bpa\u0161\u012bba ir <strong data-start=\"678\" data-end=\"711\">2-in-1 dubult\u0101s gar\u0161as poda sist\u0113ma<\/strong>. Katrs vienreiz\u0113jais pods satur savu gar\u0161u, \u013caujot \u0101tri p\u0101rsl\u0113gties starp diviem profiliem taj\u0101 pa\u0161\u0101 vien\u012bb\u0101. Ar <strong data-start=\"813\" data-end=\"845\">12 pieejam\u0101m gar\u0161as p\u0101ru kombin\u0101cij\u0101m<\/strong>, lietot\u0101ji var main\u012bt gar\u0161as visas dienas garum\u0101, ne\u0146emot l\u012bdzi papildu vienreiz\u0113j\u0101s vai sajaucot \u0161\u0137idrumus vien\u0101 tvertn\u0113.<\/p>\n<p data-start=\"962\" data-end=\"1282\">Lai nodro\u0161in\u0101tu tvaika konsekvenci, ier\u012bce izmanto <strong data-start=\"1003\" data-end=\"1021\">1,0 \u03a9 sieta spole<\/strong>. T\u012bkliem sildot, temperat\u016bra tiek vienm\u0113r\u012bgi izplat\u012bta pa spir\u0101les virsmu, kas pal\u012bdz uztur\u0113t stabilu tvaika izdal\u012b\u0161anos un gar\u0161as skaidr\u012bbu ilgsto\u0161\u0101s sesij\u0101s. \u0160\u012b spir\u0101les uzst\u0101d\u012bjuma m\u0113r\u0137is ir nov\u0113rst bie\u017eo gar\u0161as samazin\u0101\u0161anos, kas var notikt ar lieljaudas vienreiz\u0113j\u0101m ier\u012bc\u0113m.<\/p>\n<p data-start=\"1284\" data-end=\"1620\">Jauda tiek nodro\u0161in\u0101ta ar <strong data-start=\"1307\" data-end=\"1338\">650mAh uzl\u0101d\u0113jams akumulators<\/strong> ar <strong data-start=\"1344\" data-end=\"1372\">USB Type-C \u0101tro uzl\u0101di<\/strong>. Uzl\u0101de \u013cauj lietot\u0101jiem piln\u012bb\u0101 izlietot \u0161\u0137idruma jaudu, neizmetot ier\u012bci agr\u0101k, jo akumulators ir iztuk\u0161ots. Type-C uzl\u0101de ar\u012b padara sader\u012bbu vienk\u0101r\u0161u, jo taj\u0101 pa\u0161\u0101 kabel\u012b var izmantot daudzus m\u016bsdienu telefonu un aksesu\u0101ru kabelus.<\/p>\n<p data-start=\"1622\" data-end=\"1861\">Neskatoties uz augsto jaudu un dubultajiem tvertn\u0113m, Bang Leader 32K joproj\u0101m ir viena, p\u0101rn\u0113s\u0101jama ier\u012bce. Dubult\u0101 poda form\u0101ts ir praktisk\u0101ks nek\u0101 divu atsevi\u0161\u0137u vienreiz\u0113jo ier\u012b\u010du n\u0113s\u0101\u0161ana, \u012bpa\u0161i ce\u013cojumos, p\u0101rvietojoties un ilgsto\u0161i esot prom no l\u0101d\u0113t\u0101ja.<\/p>\n<p><strong><span style=\"color: #ff0000;\">Pievienojiet Amy WhatsApp, lai sa\u0146emtu t\u016bl\u012bt\u0113ju atbildi un atlai\u017eu cenu!<\/span><\/strong><\/p>\n<p><img fetchpriority=\"high\" decoding=\"async\" class=\"size-full wp-image-2932\" src=\"https:\/\/vapestornado.com\/wp-content\/uploads\/2024\/12\/Vape-Wholesale.jpg\" alt=\"Veipu Vairumtirdzniec\u012bba\" width=\"229\" height=\"300\" \/><\/p>\n<h3><a href=\"https:\/\/wa.me\/8617776015835\" target=\"_blank\" rel=\"noopener\"><span style=\"color: #ff0000;\"><strong>WhatsApp: +86 17776015835<\/strong><\/span><\/a><\/h3>\n<p>&nbsp;<\/p>\n<h2><strong>Bang Leader 32000 Dvesienu Galven\u0101s Produkta \u012apa\u0161\u012bbas<\/strong><\/h2>\n<table>\n<thead>\n<tr>\n<th>\u012apa\u0161\u012bba<\/th>\n<th align=\"right\">Spec<\/th>\n<th><\/th>\n<\/tr>\n<\/thead>\n<tbody>\n<tr>\n<td>Produkts Nosaukums<\/td>\n<td align=\"right\">Bang Leader 32K Dubultu Pods Vienreiz\u0113j\u0101s Vape<\/td>\n<td>Skaidrs nosaukums atk\u0101rtot\u0101m pas\u016bt\u012bjumiem un mekl\u0113\u0161anai.<\/td>\n<\/tr>\n<tr>\n<td>Pufiju ietilp\u012bba<\/td>\n<td align=\"right\">L\u012bdz 32 000 ieelpo\u0161anu<\/td>\n<td>Augstas darb\u012bbas vienreizlietojams; maz\u0101k nomai\u0146u.<\/td>\n<\/tr>\n<tr>\n<td>Pod Sist\u0113ma<\/td>\n<td align=\"right\">Dubultie pods (2 tvertnes)<\/td>\n<td>Divas gar\u0161as vien\u0101 ier\u012bc\u0113; p\u0101rsl\u0113dzieties jebkur\u0101 laik\u0101.<\/td>\n<\/tr>\n<tr>\n<td>E-\u0161\u0137idruma tilpums<\/td>\n<td align=\"right\">Kop\u0113jais 56ml (28ml + 28ml)<\/td>\n<td>Liela \u0161\u0137idruma padeve, lai atbalst\u012btu 32 000 p\u012bp\u0113\u0161anas reiz\u0113s.<\/td>\n<\/tr>\n<tr>\n<td>Gar\u0161u kombin\u0101cijas<\/td>\n<td align=\"right\">12 kombin\u0101cijas<\/td>\n<td>Da\u017e\u0101d\u012bba bez ier\u012b\u010du mai\u0146as.<\/td>\n<\/tr>\n<tr>\n<td>Spoles veids<\/td>\n<td align=\"right\">1,0 \u03a9 sieta spole<\/td>\n<td>Vienm\u0113r\u012bga sild\u012b\u0161ana smalk\u0101k\u0101m ieelp\u0113m un stabil\u0101kai gar\u0161ai.<\/td>\n<\/tr>\n<tr>\n<td>Akumulators<\/td>\n<td align=\"right\">650mAh uzl\u0101d\u0113jams<\/td>\n<td>Uzl\u0101d\u0113jiet, lai piln\u012bb\u0101 izmantotu abas tvertnes.<\/td>\n<\/tr>\n<tr>\n<td>Uzl\u0101de<\/td>\n<td align=\"right\">USB Type-C<\/td>\n<td>Popul\u0101rs \u0101tr\u0101s uzl\u0101des standarts.<\/td>\n<\/tr>\n<tr>\n<td>Lieto\u0161anas stils<\/td>\n<td align=\"right\">Aktiviz\u0113jas ievelkot<\/td>\n<td>Nav pogu; ieelpojiet, lai uzpild\u012btu.<\/td>\n<\/tr>\n<\/tbody>\n<\/table>\n<figure id=\"attachment_3883\" aria-describedby=\"caption-attachment-3883\" style=\"width: 800px\" class=\"wp-caption alignnone\"><img decoding=\"async\" class=\"wp-image-3883 size-full\" src=\"https:\/\/vapestornado.com\/wp-content\/uploads\/2025\/03\/Bang-leader-32k-Puff-Best-Flavor.webp\" alt=\"Bang leader 32k Dvesienu Lab\u0101k\u0101 Gar\u0161a\" width=\"800\" height=\"800\" srcset=\"https:\/\/vapestornado.com\/wp-content\/uploads\/2025\/03\/Bang-leader-32k-Puff-Best-Flavor.webp 800w, https:\/\/vapestornado.com\/wp-content\/uploads\/2025\/03\/Bang-leader-32k-Puff-Best-Flavor-300x300.webp 300w, https:\/\/vapestornado.com\/wp-content\/uploads\/2025\/03\/Bang-leader-32k-Puff-Best-Flavor-150x150.webp 150w, https:\/\/vapestornado.com\/wp-content\/uploads\/2025\/03\/Bang-leader-32k-Puff-Best-Flavor-768x768.webp 768w, https:\/\/vapestornado.com\/wp-content\/uploads\/2025\/03\/Bang-leader-32k-Puff-Best-Flavor-600x600.webp 600w, https:\/\/vapestornado.com\/wp-content\/uploads\/2025\/03\/Bang-leader-32k-Puff-Best-Flavor-100x100.webp 100w\" sizes=\"(max-width: 800px) 100vw, 800px\" \/><figcaption id=\"caption-attachment-3883\" class=\"wp-caption-text\">Bang leader 32k Dvesienu Lab\u0101k\u0101 Gar\u0161a<\/figcaption><\/figure>\n<h2 class=\"product-title\"><strong>Bang Leader 32000 Dvesienu K\u0101rbas Vape Gar\u0161u Saraksts<\/strong><\/h2>\n<article class=\"group\/turn w-full text-token-text-primary focus-visible:outline-2 focus-visible:outline-offset-[-4px]\" dir=\"auto\" data-testid=\"conversation-turn-61\" data-scroll-anchor=\"true\">\n<div class=\"text-base my-auto mx-auto py-[18px] px-6\">\n<div class=\"mx-auto flex flex-1 text-base gap-4 md:gap-5 lg:gap-6 md:max-w-3xl lg:max-w-[40rem] xl:max-w-[48rem]\">\n<div class=\"group\/conversation-turn relative flex w-full min-w-0 flex-col agent-turn @xs\/thread:px-0 @sm\/thread:px-1.5 @md\/thread:px-4\">\n<div class=\"flex-col gap-1 md:gap-3\">\n<div class=\"flex max-w-full flex-col flex-grow\">\n<div class=\"min-h-8 text-message relative flex w-full flex-col items-end gap-2 whitespace-normal break-words text-start [.text-message+&amp;]:mt-5\" dir=\"auto\" data-message-author-role=\"assistant\" data-message-id=\"762d7e41-70d5-4ddf-94cb-85ef5025d3a8\" data-message-model-slug=\"gpt-4o\">\n<div class=\"flex w-full flex-col gap-1 empty:hidden first:pt-[3px]\">\n<div class=\"markdown prose w-full break-words dark:prose-invert light\">\n<p>1.Arb\u016bzu Ledus <strong><span style=\"color: #ff0000;\">&gt;&gt;&gt;&gt; Karsts!<\/span><\/strong><br \/>\n2.Arb\u016bzu ledus<br \/>\n6. Zeme\u0146u arb\u016bzu <strong><span style=\"color: #ff0000;\">&gt;&gt;&gt;&gt; Karsts!<\/span><\/strong><br \/>\n4.Zeme\u0146u arb\u016bzs<br \/>\n5.Melle\u0146u ave\u0146u<br \/>\n6.Melle\u0146u arb\u016bzs <strong><span style=\"color: #ff0000;\">&gt;&gt;&gt;&gt; Karsts!<\/span><\/strong><br \/>\n7. Melle\u0146u ledus<br \/>\n8.Melle\u0146u ledus<br \/>\n9.Red Bull <strong><span style=\"color: #ff0000;\">&gt;&gt;&gt;&gt; Karsts!<\/span><\/strong><br \/>\n10.Red Bull<br \/>\n11.Zeme\u0146u kivi<br \/>\n12. Zeme\u0146u kivi <strong><span style=\"color: #ff0000;\">&gt;&gt;&gt;&gt; Lab\u0101kais!<\/span><\/strong><\/p>\n<\/div>\n<\/div>\n<\/div>\n<\/div>\n<\/div>\n<\/div>\n<\/div>\n<\/div>\n<\/article>\n<article class=\"w-full text-token-text-primary focus-visible:outline-2 focus-visible:outline-offset-[-4px]\" dir=\"auto\" data-testid=\"conversation-turn-32\" data-scroll-anchor=\"false\">\n<div class=\"m-auto text-base py-[18px] px-6\">\n<div class=\"mx-auto flex flex-1 text-base gap-4 md:gap-5 lg:gap-6 md:max-w-3xl lg:max-w-[40rem] xl:max-w-[48rem]\">\n<div class=\"group\/conversation-turn relative flex w-full min-w-0 flex-col @xs\/thread:px-0 @sm\/thread:px-1.5 @md\/thread:px-4\">\n<div class=\"flex-col gap-1 md:gap-3\">\n<div class=\"flex max-w-full flex-col flex-grow\">\n<div class=\"min-h-8 text-message flex w-full flex-col items-end gap-2 whitespace-normal break-words text-start [.text-message+&amp;]:mt-5\" dir=\"auto\" data-message-author-role=\"user\" data-message-id=\"ffac41ca-1db4-431b-873a-32c4052956f1\">\n<div class=\"flex w-full flex-col gap-1 empty:hidden items-end rtl:items-start\">\n<div class=\"relative max-w-[var(--user-chat-width,70%)] rounded-3xl bg-token-message-surface px-5 py-2.5\">\n<div class=\"absolute bottom-0 right-full top-0 -mr-3.5 hidden pr-5 pt-2 [.group\/conversation-turn:hover_&amp;]:flex\">\n<div class=\"flex\">\n<article class=\"w-full text-token-text-primary focus-visible:outline-2 focus-visible:outline-offset-[-4px]\" dir=\"auto\" data-testid=\"conversation-turn-39\" data-scroll-anchor=\"true\">\n<div class=\"m-auto text-base py-[18px] px-6\">\n<div class=\"mx-auto flex flex-1 text-base gap-4 md:gap-5 lg:gap-6 md:max-w-3xl lg:max-w-[40rem] xl:max-w-[48rem]\">\n<div class=\"group\/conversation-turn relative flex w-full min-w-0 flex-col agent-turn @xs\/thread:px-0 @sm\/thread:px-1.5 @md\/thread:px-4\">\n<div class=\"flex-col gap-1 md:gap-3\">\n<div class=\"flex max-w-full flex-col flex-grow\">\n<div class=\"min-h-8 text-message flex w-full flex-col items-end gap-2 whitespace-normal break-words text-start [.text-message+&amp;]:mt-5\" dir=\"auto\" data-message-author-role=\"assistant\" data-message-id=\"55a23854-ec57-48dd-bd4f-6118f43d6241\" data-message-model-slug=\"gpt-4o\">\n<div class=\"flex w-full flex-col gap-1 empty:hidden first:pt-[3px]\">\n<div class=\"markdown prose w-full break-words dark:prose-invert light\"><\/div>\n<\/div>\n<\/div>\n<\/div>\n<\/div>\n<\/div>\n<\/div>\n<\/div>\n<\/article>\n<\/div>\n<\/div>\n<\/div>\n<\/div>\n<\/div>\n<\/div>\n<\/div>\n<\/div>\n<\/div>\n<\/div>\n<\/article>\n<h3>K\u0101p\u0113c izv\u0113l\u0113ties Vapestornado Bang Leader 32k 32000 uzp\u016btienu uzl\u0101d\u0113jamu vape vairumtirdzniec\u012bbas pas\u016bt\u012bjumam?<\/h3>\n<div class=\"flex-shrink-0 flex flex-col relative items-end\">\n<div class=\"pt-0\">\n<div class=\"gizmo-bot-avatar flex h-8 w-8 items-center justify-center overflow-hidden rounded-full\">\n<div class=\"relative p-1 rounded-sm flex items-center justify-center bg-token-main-surface-primary text-token-text-primary h-8 w-8\">\n<p data-start=\"75\" data-end=\"479\">Kad runa ir par augstas kvalit\u0101tes produktiem<strong data-start=\"92\" data-end=\"117\">\u00a0vienreiz\u0113j\u0101s lieto\u0161anas iztvaic\u0113t\u0101jus<\/strong>, <strong data-start=\"119\" data-end=\"152\">Vapestornado tie\u0161saistes vape veikals<\/strong> ir galvenais galam\u0113r\u0137is tiem, kas <strong data-start=\"182\" data-end=\"202\">vairumtirdzniec\u012bbas pirc\u0113jiem<\/strong> mekl\u0113 <strong data-start=\"215\" data-end=\"257\">pieejamas cenas un augst\u0101k\u0101s klases kvalit\u0101ti<\/strong>. M\u0113s pied\u0101v\u0101jam <strong data-start=\"268\" data-end=\"299\">ekskluz\u012bvas vairumtirdzniec\u012bbas cenas<\/strong> Bang Leader 32k 32000 uzp\u016btieniem, \u013caujot mazumtirgot\u0101jiem un izplat\u012bt\u0101jiem ieg\u0101d\u0101ties vienu no piepras\u012bt\u0101kajiem <strong data-start=\"412\" data-end=\"445\">uzl\u0101d\u0113jams <a href=\"https:\/\/vapestornado.com\/lv\/product-category\/digital-box-disposable-vapes\/\">vienreiz\u0113j\u0101s lieto\u0161anas iztvaic\u0113t\u0101jus<\/a><\/strong> ar <strong data-start=\"453\" data-end=\"476\">digit\u0101lais displejs<\/strong>.<\/p>\n<\/div>\n<div class=\"relative p-1 rounded-sm flex items-center justify-center bg-token-main-surface-primary text-token-text-primary h-8 w-8\">\n<h3>BUJ par Bang Leader 32k uzp\u016btienu vienreiz\u0113j\u0101s lieto\u0161anas e-cigareti<\/h3>\n<p data-start=\"2331\" data-end=\"2555\"><strong data-start=\"2331\" data-end=\"2395\">1. K\u0101 darbojas Bang Leader 32000 uzp\u016btienu divu podu vape?<\/strong><br data-start=\"2395\" data-end=\"2398\" \/>\u0160\u012b ier\u012bce ir apr\u012bkota ar <strong data-start=\"2419\" data-end=\"2464\">divas atsevi\u0161\u0137as e-\u0161\u0137idruma tvertnes (28 ml + 28 ml)<\/strong> un <strong data-start=\"2471\" data-end=\"2495\">gar\u0161as p\u0101rsl\u0113g\u0161anas pogu<\/strong>, kas \u013cauj jums uzreiz p\u0101rsl\u0113gties starp div\u0101m gar\u0161\u0101m.<\/p>\n<p data-start=\"2557\" data-end=\"2762\"><strong data-start=\"2557\" data-end=\"2613\">2. Vai Bang Leader 32000 uzp\u016btienu vape ir uzl\u0101d\u0113jams?<\/strong><br data-start=\"2613\" data-end=\"2616\" \/>J\u0101! Tam ir <strong data-start=\"2637\" data-end=\"2668\">650mAh uzl\u0101d\u0113jams akumulators<\/strong> un <strong data-start=\"2673\" data-end=\"2692\">C tipa uzl\u0101de<\/strong>, nodro\u0161inot, ka varat izmantot visu e-\u0161\u0137idrumu pirms ier\u012bces nomai\u0146as.<\/p>\n<p data-start=\"2764\" data-end=\"2911\"><strong data-start=\"2764\" data-end=\"2808\">3. Ko att\u0113lo digit\u0101lais ekr\u0101ns?<\/strong><br data-start=\"2808\" data-end=\"2811\" \/>T\u0101 <strong data-start=\"2815\" data-end=\"2872\">Digit\u0101lais ekr\u0101ns par\u0101da akumulatora darb\u012bbas laiku un e-\u0161\u0137idruma l\u012bmeni<\/strong>, padarot lieto\u0161anas uzraudz\u012bbu vienk\u0101r\u0161u.<\/p>\n<p data-start=\"2913\" data-end=\"3094\"><strong data-start=\"2913\" data-end=\"2947\">4. K\u0101das gar\u0161as ir pieejamas?<\/strong><br data-start=\"2947\" data-end=\"2950\" \/>Ir pieejamas <strong data-start=\"2960\" data-end=\"2998\">12 unik\u0101las divu gar\u0161u kombin\u0101cijas<\/strong>, ieskaitot aug\u013cu, ledainas un ener\u0123ijas dz\u0113rienu iedvesmotas kombin\u0101cijas, nodro\u0161inot tvaic\u0113t\u0101jiem daudzveid\u012bgu pieredzi.<\/p>\n<p data-start=\"3096\" data-end=\"3339\"><strong data-start=\"3096\" data-end=\"3173\">5. Kur es varu ieg\u0101d\u0101ties Bang Leader 32000 Puffs Vape par vairumtirdzniec\u012bbas cenu?<\/strong><br data-start=\"3173\" data-end=\"3176\" \/>Lai veiktu <strong data-start=\"3180\" data-end=\"3225\">lielus pas\u016bt\u012bjumus un ieg\u016btu lab\u0101k\u0101s vairumtirdzniec\u012bbas cenas<\/strong>, apmekl\u0113jiet <strong data-start=\"3233\" data-end=\"3266\">Vapestornado tie\u0161saistes vape veikals<\/strong>, j\u016bsu uzticamais avots <strong data-start=\"3292\" data-end=\"3336\">par pie\u0146emam\u0101m uzl\u0101d\u0113jam\u0101m vienreiz\u0113j\u0101s lieto\u0161anas e-cigaret\u0113m<\/strong>.<\/p>\n<\/div>\n<\/div>\n<\/div>\n<\/div>","protected":false},"excerpt":{"rendered":"<p>Bang Leader 32K Dual Flavors Box Vape r\u016bpn\u012bcas cena<br \/>\nBang Leader 32000 Puffs Dual Pods Double Flavors Atlaides cena<br \/>\nBang 32000 Puffs Uzl\u0101d\u0113jams E-cigare\u0161u vienreiz\u0113j\u0101s lieto\u0161anas Vape vairumtirdzniec\u012bba<\/p>\n<p><strong>Pievienojiet Eimijas WhatsApp, lai sa\u0146emtu prec\u012bzu atbildi un atlaidi!<\/strong><\/p>\n<p><img fetchpriority=\"high\" decoding=\"async\" class=\"size-full wp-image-2932\" src=\"https:\/\/vapestornado.com\/wp-content\/uploads\/2024\/12\/Vape-Wholesale.jpg\" alt=\"Veipu Vairumtirdzniec\u012bba\" width=\"229\" height=\"300\" \/><\/p>\n<h3><a href=\"https:\/\/wa.me\/8617776015835\"><span style=\"color: #ff0000;\"><strong>WhatsApp: +86 17776015835<\/strong><\/span><\/a><\/h3>\n<p>&nbsp;<\/p>","protected":false},"featured_media":3882,"comment_status":"open","ping_status":"closed","template":"","meta":{"_acf_changed":false,"_uag_custom_page_level_css":"","_lmt_disableupdate":"no","_lmt_disable":"","_monsterinsights_skip_tracking":false,"_monsterinsights_sitenote_active":false,"_monsterinsights_sitenote_note":"","_monsterinsights_sitenote_category":0,"site-sidebar-layout":"default","site-content-layout":"","ast-site-content-layout":"default","site-content-style":"default","site-sidebar-style":"default","ast-global-header-display":"","ast-banner-title-visibility":"","ast-main-header-display":"","ast-hfb-above-header-display":"","ast-hfb-below-header-display":"","ast-hfb-mobile-header-display":"","site-post-title":"","ast-breadcrumbs-content":"","ast-featured-img":"","footer-sml-layout":"","ast-disable-related-posts":"","theme-transparent-header-meta":"default","adv-header-id-meta":"","stick-header-meta":"","header-above-stick-meta":"","header-main-stick-meta":"","header-below-stick-meta":"","astra-migrate-meta-layouts":"set","ast-page-background-enabled":"default","ast-page-background-meta":{"desktop":{"background-color":"","background-image":"","background-repeat":"repeat","background-position":"center center","background-size":"auto","background-attachment":"scroll","background-type":"","background-media":"","overlay-type":"","overlay-color":"","overlay-opacity":"","overlay-gradient":""},"tablet":{"background-color":"","background-image":"","background-repeat":"repeat","background-position":"center center","background-size":"auto","background-attachment":"scroll","background-type":"","background-media":"","overlay-type":"","overlay-color":"","overlay-opacity":"","overlay-gradient":""},"mobile":{"background-color":"","background-image":"","background-repeat":"repeat","background-position":"center center","background-size":"auto","background-attachment":"scroll","background-type":"","background-media":"","overlay-type":"","overlay-color":"","overlay-opacity":"","overlay-gradient":""}},"ast-content-background-meta":{"desktop":{"background-color":"var(--ast-global-color-5)","background-image":"","background-repeat":"repeat","background-position":"center center","background-size":"auto","background-attachment":"scroll","background-type":"","background-media":"","overlay-type":"","overlay-color":"","overlay-opacity":"","overlay-gradient":""},"tablet":{"background-color":"var(--ast-global-color-5)","background-image":"","background-repeat":"repeat","background-position":"center center","background-size":"auto","background-attachment":"scroll","background-type":"","background-media":"","overlay-type":"","overlay-color":"","overlay-opacity":"","overlay-gradient":""},"mobile":{"background-color":"var(--ast-global-color-5)","background-image":"","background-repeat":"repeat","background-position":"center center","background-size":"auto","background-attachment":"scroll","background-type":"","background-media":"","overlay-type":"","overlay-color":"","overlay-opacity":"","overlay-gradient":""}},"_joinchat":{"telephone":"17776015835"}},"product_brand":[],"product_cat":[19,262,278,153,158,143,146],"product_tag":[261,260,473,196,94,240,93],"class_list":{"0":"post-3888","1":"product","2":"type-product","3":"status-publish","4":"has-post-thumbnail","6":"product_cat-vapes","7":"product_cat-32000-puff","8":"product_cat-bang-leader-vape","9":"product_cat-buy-disposable-vapes-in-italy","10":"product_cat-buy-disposable-vapes-in-spain","11":"product_cat-dual-mesh-disposable-vapes","12":"product_cat-rechargeable-disposable-vapes","13":"product_tag-2-in-1-double-flavor-vape","14":"product_tag-bang-leader-32000","15":"product_tag-bang-leader-32k","16":"product_tag-bang-vape","17":"product_tag-rechargeable-disposable-vape","18":"product_tag-twins-flavor-disposable-vape","19":"product_tag-vape-wholesale","20":"desktop-align-left","21":"tablet-align-left","22":"mobile-align-left","24":"first","25":"instock","26":"sale","27":"shipping-taxable","28":"purchasable","29":"product-type-simple"},"acf":[],"uagb_featured_image_src":{"full":["https:\/\/vapestornado.com\/wp-content\/uploads\/2025\/03\/Bang-Leader-32K-Dual-Flavors-Box-Vape.webp",800,800,false],"thumbnail":["https:\/\/vapestornado.com\/wp-content\/uploads\/2025\/03\/Bang-Leader-32K-Dual-Flavors-Box-Vape-150x150.webp",150,150,true],"medium":["https:\/\/vapestornado.com\/wp-content\/uploads\/2025\/03\/Bang-Leader-32K-Dual-Flavors-Box-Vape-300x300.webp",300,300,true],"medium_large":["https:\/\/vapestornado.com\/wp-content\/uploads\/2025\/03\/Bang-Leader-32K-Dual-Flavors-Box-Vape-768x768.webp",768,768,true],"large":["https:\/\/vapestornado.com\/wp-content\/uploads\/2025\/03\/Bang-Leader-32K-Dual-Flavors-Box-Vape.webp",800,800,false],"1536x1536":["https:\/\/vapestornado.com\/wp-content\/uploads\/2025\/03\/Bang-Leader-32K-Dual-Flavors-Box-Vape.webp",800,800,false],"2048x2048":["https:\/\/vapestornado.com\/wp-content\/uploads\/2025\/03\/Bang-Leader-32K-Dual-Flavors-Box-Vape.webp",800,800,false],"trp-custom-language-flag":["https:\/\/vapestornado.com\/wp-content\/uploads\/2025\/03\/Bang-Leader-32K-Dual-Flavors-Box-Vape.webp",12,12,false],"woocommerce_thumbnail":["https:\/\/vapestornado.com\/wp-content\/uploads\/2025\/03\/Bang-Leader-32K-Dual-Flavors-Box-Vape-300x300.webp",300,300,true],"woocommerce_single":["https:\/\/vapestornado.com\/wp-content\/uploads\/2025\/03\/Bang-Leader-32K-Dual-Flavors-Box-Vape-600x600.webp",600,600,true],"woocommerce_gallery_thumbnail":["https:\/\/vapestornado.com\/wp-content\/uploads\/2025\/03\/Bang-Leader-32K-Dual-Flavors-Box-Vape-100x100.webp",100,100,true]},"uagb_author_info":{"display_name":"ESAMY","author_link":"https:\/\/vapestornado.com\/lv\/author\/"},"uagb_comment_info":0,"uagb_excerpt":"Bang Leader 32K Dual Flavors Box Vape Factory Price Bang Leader 32000 Puffs Dual Pods Double Flavors Discount Price Bang 32000 Puffs Rechargeable E-Cigarette Disposable Vape Wholesale Add Amy's whatsapp to get right reply and discount price! WhatsApp: +86 17776015835 &nbsp;","_links":{"self":[{"href":"https:\/\/vapestornado.com\/lv\/wp-json\/wp\/v2\/product\/3888","targetHints":{"allow":["GET"]}}],"collection":[{"href":"https:\/\/vapestornado.com\/lv\/wp-json\/wp\/v2\/product"}],"about":[{"href":"https:\/\/vapestornado.com\/lv\/wp-json\/wp\/v2\/types\/product"}],"replies":[{"embeddable":true,"href":"https:\/\/vapestornado.com\/lv\/wp-json\/wp\/v2\/comments?post=3888"}],"wp:featuredmedia":[{"embeddable":true,"href":"https:\/\/vapestornado.com\/lv\/wp-json\/wp\/v2\/media\/3882"}],"wp:attachment":[{"href":"https:\/\/vapestornado.com\/lv\/wp-json\/wp\/v2\/media?parent=3888"}],"wp:term":[{"taxonomy":"product_brand","embeddable":true,"href":"https:\/\/vapestornado.com\/lv\/wp-json\/wp\/v2\/product_brand?post=3888"},{"taxonomy":"product_cat","embeddable":true,"href":"https:\/\/vapestornado.com\/lv\/wp-json\/wp\/v2\/product_cat?post=3888"},{"taxonomy":"product_tag","embeddable":true,"href":"https:\/\/vapestornado.com\/lv\/wp-json\/wp\/v2\/product_tag?post=3888"}],"curies":[{"name":"wp","href":"https:\/\/api.w.org\/{rel}","templated":true}]}}