{"id":3863,"date":"2025-03-17T02:44:11","date_gmt":"2025-03-17T02:44:11","guid":{"rendered":"https:\/\/vapestornado.com\/?post_type=product&#038;p=3863"},"modified":"2025-08-22T11:44:19","modified_gmt":"2025-08-22T11:44:19","slug":"factory-wholesale-waspe-tornado-15000-puff-15k-vape-pen-kit","status":"publish","type":"product","link":"https:\/\/vapestornado.com\/lv\/product\/factory-wholesale-waspe-tornado-15000-puff-15k-vape-pen-kit\/","title":{"rendered":"R\u016bpn\u012bcas vairumtirdzniec\u012bba Waspe Tornado 15000 uzp\u016btienu 15K veipu pildspalvas komplekts"},"content":{"rendered":"<h1 data-pm-slice=\"1 1 []\">R\u016bpn\u012bcas vairumtirdzniec\u012bba Waspe Tornado 15000 uzp\u016btienu 15K veipu pildspalvas komplekts<\/h1>\n<h3 data-start=\"0\" data-end=\"98\"><strong data-start=\"4\" data-end=\"96\">R\u016bpn\u012bcas Vairumtirdzniec\u012bba Waspe Tornado Dvesma 15000 Vape Pildspalvas Komplekts \u2013 Uzl\u0101d\u0113jams<\/strong><\/h3>\n<p data-start=\"100\" data-end=\"562\">T\u0101 <strong data-start=\"302\" data-end=\"343\">Waspe Tornado 15000 dvesmu vape pildspalvas komplekts<\/strong> ir izstr\u0101d\u0101ts veiktsp\u0113jai, \u0113rt\u012bbai un vairumtirdzniec\u012bbas v\u0113rt\u012bbai. Ar <strong data-start=\"416\" data-end=\"442\">22 ml e-\u0161\u0137idruma ietilp\u012bbu<\/strong> un l\u012bdz <strong data-start=\"453\" data-end=\"469\">15 000 izsm\u0113\u0137u<\/strong>, tas nodro\u0161ina ilgsto\u0161u lieto\u0161anu, padarot to par labu izv\u0113li gan mazumtirgot\u0101jiem, gan gala lietot\u0101jiem.<\/p>\n<h4 data-start=\"564\" data-end=\"618\"><strong data-start=\"569\" data-end=\"616\">15000 Dvesmas \u2013 Ilgsto\u0161a Vapinga Apmierin\u0101t\u012bba<\/strong><\/h4>\n<p data-start=\"619\" data-end=\"834\">Ar iespaid\u012bgu <strong data-start=\"638\" data-end=\"665\">15 000 dvesmu uz ier\u012bci<\/strong>, Waspe Tornado 15K nodro\u0161ina <strong data-start=\"697\" data-end=\"717\">ilgsto\u0161u lieto\u0161anu<\/strong>, padarot to par rentablu izv\u0113li gan <strong data-start=\"762\" data-end=\"793\">ikdienas tvaic\u0113t\u0101ji un mazumtirgot\u0101ji<\/strong> mekl\u0113 <strong data-start=\"806\" data-end=\"831\">vairumtirdzniec\u012bbas vienreiz\u0113j\u0101s lieto\u0161anas vape<\/strong>.<\/p>\n<h4 data-start=\"836\" data-end=\"895\"><strong data-start=\"841\" data-end=\"893\">Uzl\u0101d\u0113jams 850mAh akumulators \u2013 bez iz\u0161\u0137\u0113rd\u0113ta e-\u0161\u0137idruma<\/strong><\/h4>\n<p data-start=\"896\" data-end=\"1166\">At\u0161\u0137ir\u012bb\u0101 no tradicion\u0101lajiem vienreizlietojamiem <strong data-start=\"933\" data-end=\"961\">\u0161\u012b vape pildspalva ir uzl\u0101d\u0113jama<\/strong>, kas \u013cauj izbaud\u012bt katru pilienu no <strong data-start=\"999\" data-end=\"1027\">22 ml iepriek\u0161 uzpild\u012bta e-\u0161\u0137idruma<\/strong>. <strong data-start=\"1033\" data-end=\"1051\">850mAh akumulators<\/strong> nodro\u0161ina uzticamu jaudu un ar to <strong data-start=\"1086\" data-end=\"1110\">C tipa \u0101tr\u0101 uzl\u0101de<\/strong>, j\u016bs pavad\u012bsit maz\u0101k laika gaidot un vair\u0101k laika tvaic\u0113jot.<\/p>\n<h4 data-start=\"1168\" data-end=\"1216\"><strong data-start=\"1173\" data-end=\"1214\">LCD ciparu displejs \u2013 saglab\u0101jiet kontroli<\/strong><\/h4>\n<p data-start=\"1217\" data-end=\"1406\">Aizmirstiet min\u0113t, kad ir laiks uzl\u0101d\u0113t! Ieb\u016bv\u0113tais <strong data-start=\"1274\" data-end=\"1288\">LCD ekr\u0101ns<\/strong> sniedz jums re\u0101llaika inform\u0101ciju par j\u016bsu <strong data-start=\"1325\" data-end=\"1361\">akumulatora darb\u012bbas laiku un e-\u0161\u0137idruma l\u012bmeni<\/strong>, nodro\u0161inot bezr\u016bp\u012bgu tvaic\u0113\u0161anas pieredzi.<\/p>\n<h4 data-start=\"1408\" data-end=\"1475\"><strong data-start=\"1413\" data-end=\"1473\">Mesh Coil tehnolo\u0123ija \u2013 maksim\u0101la gar\u0161a<\/strong><\/h4>\n<p data-start=\"1476\" data-end=\"1716\">Apr\u012bkots ar <strong data-start=\"1493\" data-end=\"1515\">modern\u0101 t\u012bkla spir\u0101le<\/strong>, Waspe 15000 nodro\u0161ina <strong data-start=\"1542\" data-end=\"1571\">bag\u0101t\u012bgas, piln\u012bgas gar\u0161as<\/strong> ar katru dvesmu. Neatkar\u012bgi no t\u0101, vai jums pat\u012bk <strong data-start=\"1606\" data-end=\"1645\">aug\u013cu, ledus vai soda iedvesmoti tvaiki<\/strong>, tad <strong data-start=\"1651\" data-end=\"1674\">12 gar\u0161u izv\u0113le<\/strong> nodro\u0161ina, ka ikvienam ir kaut kas.<\/p>\n<h4 data-start=\"1718\" data-end=\"1773\"><strong data-start=\"1723\" data-end=\"1771\">Nikot\u012bna stipruma iesp\u0113jas \u2013 0%, 2%, 3%<\/strong><\/h4>\n<p data-start=\"1774\" data-end=\"1901\">Piem\u0113rots visiem veiperiem, Waspe Tornado 15000 pied\u0101v\u0101 <strong data-start=\"1829\" data-end=\"1867\">vair\u0101kas nikot\u012bna stipruma iesp\u0113jas<\/strong> lai atbilstu da\u017e\u0101d\u0101m v\u0113lm\u0113m:<\/p>\n<ul data-start=\"1902\" data-end=\"2150\">\n<li data-start=\"1902\" data-end=\"1992\"><strong data-start=\"1904\" data-end=\"1926\">0% (bez nikot\u012bna)<\/strong> \u2013 Ide\u0101li piem\u0113rots gar\u0161u cien\u012bt\u0101jiem, kuri dod priek\u0161roku t\u012brai, gludai pieredzei.<\/li>\n<li data-start=\"1993\" data-end=\"2059\"><strong data-start=\"1995\" data-end=\"2006\">2%<\/strong> \u2013 L\u012bdzsvarots nikot\u012bna stiprums m\u0113reniem veiperiem.<\/li>\n<li data-start=\"2060\" data-end=\"2150\"><strong data-start=\"2062\" data-end=\"2075\">5% (50mg)<\/strong> \u2013 Sp\u0113c\u012bgs nikot\u012bna trieciens tiem, kuriem pat\u012bk intens\u012bv\u0101ka veipo\u0161anas sesija.<\/li>\n<\/ul>\n<h4 data-start=\"2152\" data-end=\"2204\"><strong data-start=\"2157\" data-end=\"2202\">Vairumtirdzniec\u012bbas cenas<\/strong><\/h4>\n<p data-start=\"2205\" data-end=\"2410\">Ide\u0101li piem\u0113rots vape veikalu \u012bpa\u0161niekiem, izplat\u012bt\u0101jiem un liela apjoma pirc\u0113jiem, Waspe Tornado Puff 15000 ir pieejams par <strong data-start=\"2311\" data-end=\"2335\">zem\u0101m vairumtirdzniec\u012bbas cen\u0101m<\/strong>. Pas\u016btiet vairum\u0101 un <strong data-start=\"2355\" data-end=\"2407\">ieg\u016bstiet augst\u0101k\u0101s kvalit\u0101tes vienreiz\u0113j\u0101s lieto\u0161anas vape par nep\u0101rsp\u0113jam\u0101m izmaks\u0101m<\/strong>.<\/p>\n<p><strong><span style=\"color: #ff0000;\">Pievienojiet Amy WhatsApp, lai sa\u0146emtu t\u016bl\u012bt\u0113ju atbildi un atlai\u017eu cenu!<\/span><\/strong><\/p>\n<p><img fetchpriority=\"high\" decoding=\"async\" class=\"size-full wp-image-2932\" src=\"https:\/\/vapestornado.com\/wp-content\/uploads\/2024\/12\/Vape-Wholesale.jpg\" alt=\"Veipu Vairumtirdzniec\u012bba\" width=\"229\" height=\"300\" \/><\/p>\n<h3><a href=\"https:\/\/wa.me\/8617776015835\" target=\"_blank\" rel=\"noopener\"><span style=\"color: #ff0000;\"><strong>WhatsApp: +86 17776015835<\/strong><\/span><\/a><\/h3>\n<p>&nbsp;<\/p>\n<h2><strong>Waspe Tornado 15000 Puff galven\u0101s produkta \u012bpa\u0161\u012bbas<\/strong><\/h2>\n<p>Z\u012bmols: WASPE<br \/>\nD\u016bmu skaits: 15000<br \/>\nBaterija: 850 mAh uzl\u0101d\u0113jama<br \/>\nDisplejs: LED digit\u0101lais displejs<br \/>\nNikot\u012bns: 0% 2% 3% 5%<br \/>\n\u0160\u0137idruma tilpums: 22 ml<br \/>\nSpole: Sieta spole<\/p>\n<figure id=\"attachment_3847\" aria-describedby=\"caption-attachment-3847\" style=\"width: 800px\" class=\"wp-caption alignnone\"><img decoding=\"async\" class=\"wp-image-3847 size-full\" src=\"https:\/\/vapestornado.com\/wp-content\/uploads\/2025\/03\/Tornado-15k-Puff-Waspe-Vape.webp\" alt=\"Tornado 15k P\u016b\u0161\u013ca Waspe Vape\" width=\"800\" height=\"800\" srcset=\"https:\/\/vapestornado.com\/wp-content\/uploads\/2025\/03\/Tornado-15k-Puff-Waspe-Vape.webp 800w, https:\/\/vapestornado.com\/wp-content\/uploads\/2025\/03\/Tornado-15k-Puff-Waspe-Vape-300x300.webp 300w, https:\/\/vapestornado.com\/wp-content\/uploads\/2025\/03\/Tornado-15k-Puff-Waspe-Vape-150x150.webp 150w, https:\/\/vapestornado.com\/wp-content\/uploads\/2025\/03\/Tornado-15k-Puff-Waspe-Vape-768x768.webp 768w, https:\/\/vapestornado.com\/wp-content\/uploads\/2025\/03\/Tornado-15k-Puff-Waspe-Vape-600x600.webp 600w, https:\/\/vapestornado.com\/wp-content\/uploads\/2025\/03\/Tornado-15k-Puff-Waspe-Vape-100x100.webp 100w\" sizes=\"(max-width: 800px) 100vw, 800px\" \/><figcaption id=\"caption-attachment-3847\" class=\"wp-caption-text\">Tornado 15k P\u016b\u0161\u013ca Waspe Vape<\/figcaption><\/figure>\n<h2 class=\"product-title\"><strong>Waspe Tornado 15k Smart Vape gar\u0161u saraksts<\/strong><\/h2>\n<article class=\"group\/turn w-full text-token-text-primary focus-visible:outline-2 focus-visible:outline-offset-[-4px]\" dir=\"auto\" data-testid=\"conversation-turn-61\" data-scroll-anchor=\"true\">\n<div class=\"text-base my-auto mx-auto py-[18px] px-6\">\n<div class=\"mx-auto flex flex-1 text-base gap-4 md:gap-5 lg:gap-6 md:max-w-3xl lg:max-w-[40rem] xl:max-w-[48rem]\">\n<div class=\"group\/conversation-turn relative flex w-full min-w-0 flex-col agent-turn @xs\/thread:px-0 @sm\/thread:px-1.5 @md\/thread:px-4\">\n<div class=\"flex-col gap-1 md:gap-3\">\n<div class=\"flex max-w-full flex-col flex-grow\">\n<div class=\"min-h-8 text-message relative flex w-full flex-col items-end gap-2 whitespace-normal break-words text-start [.text-message+&amp;]:mt-5\" dir=\"auto\" data-message-author-role=\"assistant\" data-message-id=\"762d7e41-70d5-4ddf-94cb-85ef5025d3a8\" data-message-model-slug=\"gpt-4o\">\n<div class=\"flex w-full flex-col gap-1 empty:hidden first:pt-[3px]\">\n<div class=\"markdown prose w-full break-words dark:prose-invert light\">\n<p>1. Arb\u016bzu ledus <strong><span style=\"color: #ff0000;\">&gt;&gt;&gt;&gt; Karsts!<\/span><\/strong><br \/>\n2. Zeme\u0146u arb\u016bzs <strong><span style=\"color: #ff0000;\">&gt;&gt;&gt;&gt; Karsts!<\/span><\/strong><br \/>\n3. Apels\u012bnu soda<br \/>\n4. Dubults \u0101bols<br \/>\n5. Zeme\u0146u kivi <strong><span style=\"color: #ff0000;\">&gt;&gt;&gt;&gt; Karsts!<\/span><\/strong><br \/>\n6. \u0136ir\u0161u ledus<br \/>\n7. Alvejas v\u012bnogas<br \/>\n8. Jauktas ogas <strong><span style=\"color: #ff0000;\">&gt;&gt;&gt;&gt; Lab\u0101kais!<\/span><\/strong><br \/>\n9. Melle\u0146u ledus<br \/>\n10. Zeme\u0146u mango <strong><span style=\"color: #ff0000;\">&gt;&gt;&gt;&gt; Karsts!<\/span><\/strong><br \/>\n11. Zilo ave\u0146u citrons<br \/>\n12. Persiku ledus <strong><span style=\"color: #ff0000;\">&gt;&gt;&gt;&gt; Karsts!<\/span><\/strong><\/p>\n<\/div>\n<\/div>\n<\/div>\n<\/div>\n<\/div>\n<\/div>\n<\/div>\n<\/div>\n<\/article>\n<article class=\"w-full text-token-text-primary focus-visible:outline-2 focus-visible:outline-offset-[-4px]\" dir=\"auto\" data-testid=\"conversation-turn-32\" data-scroll-anchor=\"false\">\n<div class=\"m-auto text-base py-[18px] px-6\">\n<div class=\"mx-auto flex flex-1 text-base gap-4 md:gap-5 lg:gap-6 md:max-w-3xl lg:max-w-[40rem] xl:max-w-[48rem]\">\n<div class=\"group\/conversation-turn relative flex w-full min-w-0 flex-col @xs\/thread:px-0 @sm\/thread:px-1.5 @md\/thread:px-4\">\n<div class=\"flex-col gap-1 md:gap-3\">\n<div class=\"flex max-w-full flex-col flex-grow\">\n<div class=\"min-h-8 text-message flex w-full flex-col items-end gap-2 whitespace-normal break-words text-start [.text-message+&amp;]:mt-5\" dir=\"auto\" data-message-author-role=\"user\" data-message-id=\"ffac41ca-1db4-431b-873a-32c4052956f1\">\n<div class=\"flex w-full flex-col gap-1 empty:hidden items-end rtl:items-start\">\n<div class=\"relative max-w-[var(--user-chat-width,70%)] rounded-3xl bg-token-message-surface px-5 py-2.5\">\n<div class=\"absolute bottom-0 right-full top-0 -mr-3.5 hidden pr-5 pt-2 [.group\/conversation-turn:hover_&amp;]:flex\">\n<div class=\"flex\">\n<article class=\"w-full text-token-text-primary focus-visible:outline-2 focus-visible:outline-offset-[-4px]\" dir=\"auto\" data-testid=\"conversation-turn-39\" data-scroll-anchor=\"true\">\n<div class=\"m-auto text-base py-[18px] px-6\">\n<div class=\"mx-auto flex flex-1 text-base gap-4 md:gap-5 lg:gap-6 md:max-w-3xl lg:max-w-[40rem] xl:max-w-[48rem]\">\n<div class=\"group\/conversation-turn relative flex w-full min-w-0 flex-col agent-turn @xs\/thread:px-0 @sm\/thread:px-1.5 @md\/thread:px-4\">\n<div class=\"flex-col gap-1 md:gap-3\">\n<div class=\"flex max-w-full flex-col flex-grow\">\n<div class=\"min-h-8 text-message flex w-full flex-col items-end gap-2 whitespace-normal break-words text-start [.text-message+&amp;]:mt-5\" dir=\"auto\" data-message-author-role=\"assistant\" data-message-id=\"55a23854-ec57-48dd-bd4f-6118f43d6241\" data-message-model-slug=\"gpt-4o\">\n<div class=\"flex w-full flex-col gap-1 empty:hidden first:pt-[3px]\">\n<div class=\"markdown prose w-full break-words dark:prose-invert light\"><\/div>\n<\/div>\n<\/div>\n<\/div>\n<\/div>\n<\/div>\n<\/div>\n<\/div>\n<\/article>\n<\/div>\n<\/div>\n<\/div>\n<\/div>\n<\/div>\n<\/div>\n<\/div>\n<\/div>\n<\/div>\n<\/div>\n<\/article>\n<h3>K\u0101p\u0113c izv\u0113l\u0113ties Vapestornado Waspe Tornado 15k Digital Vape vairumtirdzniec\u012bbas pas\u016bt\u012bjumam?<\/h3>\n<div class=\"flex-shrink-0 flex flex-col relative items-end\">\n<div class=\"pt-0\">\n<div class=\"gizmo-bot-avatar flex h-8 w-8 items-center justify-center overflow-hidden rounded-full\">\n<div class=\"relative p-1 rounded-sm flex items-center justify-center bg-token-main-surface-primary text-token-text-primary h-8 w-8\">\n<p data-start=\"75\" data-end=\"479\">Kad runa ir par <strong data-start=\"92\" data-end=\"117\">vairumtirdzniec\u012bbas vienreiz\u0113j\u0101s lieto\u0161anas vape<\/strong>, <strong data-start=\"119\" data-end=\"152\">Vapestornado tie\u0161saistes vape veikals<\/strong> ir galvenais galam\u0113r\u0137is tiem, kas <strong data-start=\"182\" data-end=\"202\">vairumtirdzniec\u012bbas pirc\u0113jiem<\/strong> mekl\u0113 <strong data-start=\"215\" data-end=\"257\">pieejamas cenas un augst\u0101k\u0101s klases kvalit\u0101ti<\/strong>. M\u0113s pied\u0101v\u0101jam <strong data-start=\"268\" data-end=\"299\">ekskluz\u012bvas vairumtirdzniec\u012bbas cenas<\/strong> uz <strong data-start=\"307\" data-end=\"333\">WASPE 15000 Dvesienu Vapes<\/strong>, \u013caujot mazumtirgot\u0101jiem un izplat\u012bt\u0101jiem uzkr\u0101t vienu no piepras\u012bt\u0101kajiem <strong data-start=\"412\" data-end=\"445\">uzl\u0101d\u0113jamiem vienreiz\u0113j\u0101s lieto\u0161anas vape<\/strong> ar <strong data-start=\"453\" data-end=\"476\">digit\u0101lu LCD displeju<\/strong>.<\/p>\n<\/div>\n<div class=\"relative p-1 rounded-sm flex items-center justify-center bg-token-main-surface-primary text-token-text-primary h-8 w-8\">\n<h3>Bie\u017e\u0101k uzdotie jaut\u0101jumi par Waspe Tornado 15k vienreiz\u0113j\u0101s lieto\u0161anas e-cigareti<\/h3>\n<p data-start=\"2462\" data-end=\"2654\"><strong data-start=\"2462\" data-end=\"2522\">1. Cik ilgi darbojas Waspe Tornado Puff 15000 Vapes?<\/strong><br data-start=\"2522\" data-end=\"2525\" \/>Ar <strong data-start=\"2530\" data-end=\"2557\">15 000 dvesmu uz ier\u012bci<\/strong>, \u0161is vapes ir paredz\u0113ts ilgsto\u0161ai lieto\u0161anai. Faktiskais kalpo\u0161anas laiks ir atkar\u012bgs no j\u016bsu vap\u0113\u0161anas bie\u017euma.<\/p>\n<p data-start=\"2656\" data-end=\"2835\"><strong data-start=\"2656\" data-end=\"2706\">2. Vai Waspe 15000 dvesienu Vapes ir uzl\u0101d\u0113jams?<\/strong><br data-start=\"2706\" data-end=\"2709\" \/>J\u0101! Tam ir <strong data-start=\"2729\" data-end=\"2760\">850mAh uzl\u0101d\u0113jams akumulators<\/strong> ar <strong data-start=\"2766\" data-end=\"2785\">C tipa uzl\u0101de<\/strong>, nodro\u0161inot maksim\u0101lu efektivit\u0101ti un minim\u0101lu atkritumu daudzumu.<\/p>\n<p data-start=\"2837\" data-end=\"3005\"><strong data-start=\"2837\" data-end=\"2875\">3. Ko r\u0101da LCD displejs?<\/strong><br data-start=\"2875\" data-end=\"2878\" \/>T\u0101 <strong data-start=\"2882\" data-end=\"2896\">LCD ekr\u0101ns<\/strong> sniedz re\u0101llaika atjaunin\u0101jumus par <strong data-start=\"2927\" data-end=\"2963\">akumulatora darb\u012bbas laiku un e-\u0161\u0137idruma l\u012bmeni<\/strong>, atvieglojot ier\u012bces uzraudz\u012bbu.<\/p>\n<p data-start=\"3007\" data-end=\"3175\"><strong data-start=\"3007\" data-end=\"3052\">4. K\u0101di nikot\u012bna stiprumi ir pieejami?<\/strong><br data-start=\"3052\" data-end=\"3055\" \/>\u0160is vapes ir pieejams <strong data-start=\"3074\" data-end=\"3115\">0%, 2%, 3% un 5% nikot\u012bna stiprumos<\/strong>, \u013caujot lietot\u0101jiem izv\u0113l\u0113ties sev v\u0113lamo nikot\u012bna l\u012bmeni.<\/p>\n<p data-start=\"3177\" data-end=\"3407\"><strong data-start=\"3177\" data-end=\"3244\">5. Kur es varu ieg\u0101d\u0101ties Waspe Tornado 15000 par vairumtirdzniec\u012bbas cen\u0101m?<\/strong><br data-start=\"3244\" data-end=\"3247\" \/>Lai veiktu <strong data-start=\"3251\" data-end=\"3293\">liela apjoma pirkumi un vairumtirdzniec\u012bbas atlaides<\/strong>, apmekl\u0113jiet <strong data-start=\"3301\" data-end=\"3334\">Vapestornado tie\u0161saistes vape veikals<\/strong>, j\u016bsu uzticamais avots <strong data-start=\"3360\" data-end=\"3404\">par pie\u0146emam\u0101m uzl\u0101d\u0113jam\u0101m vienreiz\u0113j\u0101s lieto\u0161anas e-cigaret\u0113m<\/strong>.<\/p>\n<\/div>\n<\/div>\n<\/div>\n<\/div>","protected":false},"excerpt":{"rendered":"<p>Vairumtirdzniec\u012bba Waspe Tornado 15000 Dvesmas Maz Nikot\u012bna Vienreiz\u0113j\u0101s Lieto\u0161anas Vape<br \/>\nWaspe Tornado 15K Vienreiz\u0113j\u0101s Lieto\u0161anas Vape Pildspalvas Komplekts R\u016bpn\u012bcas Cena<br \/>\nWASPE 15000 Digit\u0101l\u0101 Ekr\u0101na Vienreiz\u0113j\u0101s Lieto\u0161anas Pod Lab\u0101k\u0101 Gar\u0161a Izp\u0101rdo\u0161an\u0101<\/p>\n<p><strong>Pievienojiet Eimijas WhatsApp, lai sa\u0146emtu prec\u012bzu atbildi un atlaidi!<\/strong><\/p>\n<p><img fetchpriority=\"high\" decoding=\"async\" class=\"size-full wp-image-2932\" src=\"https:\/\/vapestornado.com\/wp-content\/uploads\/2024\/12\/Vape-Wholesale.jpg\" alt=\"Veipu Vairumtirdzniec\u012bba\" width=\"229\" height=\"300\" \/><\/p>\n<h3><a href=\"https:\/\/wa.me\/8617776015835\"><span style=\"color: #ff0000;\"><strong>WhatsApp: +86 17776015835<\/strong><\/span><\/a><\/h3>\n<p>&nbsp;<\/p>","protected":false},"featured_media":3846,"comment_status":"open","ping_status":"closed","template":"","meta":{"_acf_changed":false,"_uag_custom_page_level_css":"","_lmt_disableupdate":"no","_lmt_disable":"","_monsterinsights_skip_tracking":false,"_monsterinsights_sitenote_active":false,"_monsterinsights_sitenote_note":"","_monsterinsights_sitenote_category":0,"site-sidebar-layout":"default","site-content-layout":"","ast-site-content-layout":"default","site-content-style":"default","site-sidebar-style":"default","ast-global-header-display":"","ast-banner-title-visibility":"","ast-main-header-display":"","ast-hfb-above-header-display":"","ast-hfb-below-header-display":"","ast-hfb-mobile-header-display":"","site-post-title":"","ast-breadcrumbs-content":"","ast-featured-img":"","footer-sml-layout":"","ast-disable-related-posts":"","theme-transparent-header-meta":"default","adv-header-id-meta":"","stick-header-meta":"","header-above-stick-meta":"","header-main-stick-meta":"","header-below-stick-meta":"","astra-migrate-meta-layouts":"set","ast-page-background-enabled":"default","ast-page-background-meta":{"desktop":{"background-color":"","background-image":"","background-repeat":"repeat","background-position":"center center","background-size":"auto","background-attachment":"scroll","background-type":"","background-media":"","overlay-type":"","overlay-color":"","overlay-opacity":"","overlay-gradient":""},"tablet":{"background-color":"","background-image":"","background-repeat":"repeat","background-position":"center center","background-size":"auto","background-attachment":"scroll","background-type":"","background-media":"","overlay-type":"","overlay-color":"","overlay-opacity":"","overlay-gradient":""},"mobile":{"background-color":"","background-image":"","background-repeat":"repeat","background-position":"center center","background-size":"auto","background-attachment":"scroll","background-type":"","background-media":"","overlay-type":"","overlay-color":"","overlay-opacity":"","overlay-gradient":""}},"ast-content-background-meta":{"desktop":{"background-color":"var(--ast-global-color-5)","background-image":"","background-repeat":"repeat","background-position":"center center","background-size":"auto","background-attachment":"scroll","background-type":"","background-media":"","overlay-type":"","overlay-color":"","overlay-opacity":"","overlay-gradient":""},"tablet":{"background-color":"var(--ast-global-color-5)","background-image":"","background-repeat":"repeat","background-position":"center center","background-size":"auto","background-attachment":"scroll","background-type":"","background-media":"","overlay-type":"","overlay-color":"","overlay-opacity":"","overlay-gradient":""},"mobile":{"background-color":"var(--ast-global-color-5)","background-image":"","background-repeat":"repeat","background-position":"center center","background-size":"auto","background-attachment":"scroll","background-type":"","background-media":"","overlay-type":"","overlay-color":"","overlay-opacity":"","overlay-gradient":""}},"_joinchat":{"telephone":"17776015835"}},"product_brand":[],"product_cat":[19,71,152,154,142,148],"product_tag":[97,94,241,93,259,258],"class_list":{"0":"post-3863","1":"product","2":"type-product","3":"status-publish","4":"has-post-thumbnail","6":"product_cat-vapes","7":"product_cat-15000-puff","8":"product_cat-buy-disposable-vapes-in-cermany","9":"product_cat-buy-disposable-vapes-in-netherlands","10":"product_cat-digital-box-disposable-vapes","11":"product_cat-tornado-disposable-vapes","12":"product_tag-hot-sale-disposable-vape","13":"product_tag-rechargeable-disposable-vape","14":"product_tag-smart-screen-disposable-vape","15":"product_tag-vape-wholesale","16":"product_tag-waspe-tornado-15000","17":"product_tag-waspe-tornado-15k","18":"desktop-align-left","19":"tablet-align-left","20":"mobile-align-left","22":"first","23":"instock","24":"sale","25":"shipping-taxable","26":"purchasable","27":"product-type-simple"},"acf":[],"uagb_featured_image_src":{"full":["https:\/\/vapestornado.com\/wp-content\/uploads\/2025\/03\/Best-Selling-Disposable-Vape-Waspe-15000-Puffs.webp",800,800,false],"thumbnail":["https:\/\/vapestornado.com\/wp-content\/uploads\/2025\/03\/Best-Selling-Disposable-Vape-Waspe-15000-Puffs-150x150.webp",150,150,true],"medium":["https:\/\/vapestornado.com\/wp-content\/uploads\/2025\/03\/Best-Selling-Disposable-Vape-Waspe-15000-Puffs-300x300.webp",300,300,true],"medium_large":["https:\/\/vapestornado.com\/wp-content\/uploads\/2025\/03\/Best-Selling-Disposable-Vape-Waspe-15000-Puffs-768x768.webp",768,768,true],"large":["https:\/\/vapestornado.com\/wp-content\/uploads\/2025\/03\/Best-Selling-Disposable-Vape-Waspe-15000-Puffs.webp",800,800,false],"1536x1536":["https:\/\/vapestornado.com\/wp-content\/uploads\/2025\/03\/Best-Selling-Disposable-Vape-Waspe-15000-Puffs.webp",800,800,false],"2048x2048":["https:\/\/vapestornado.com\/wp-content\/uploads\/2025\/03\/Best-Selling-Disposable-Vape-Waspe-15000-Puffs.webp",800,800,false],"trp-custom-language-flag":["https:\/\/vapestornado.com\/wp-content\/uploads\/2025\/03\/Best-Selling-Disposable-Vape-Waspe-15000-Puffs.webp",12,12,false],"woocommerce_thumbnail":["https:\/\/vapestornado.com\/wp-content\/uploads\/2025\/03\/Best-Selling-Disposable-Vape-Waspe-15000-Puffs-300x300.webp",300,300,true],"woocommerce_single":["https:\/\/vapestornado.com\/wp-content\/uploads\/2025\/03\/Best-Selling-Disposable-Vape-Waspe-15000-Puffs-600x600.webp",600,600,true],"woocommerce_gallery_thumbnail":["https:\/\/vapestornado.com\/wp-content\/uploads\/2025\/03\/Best-Selling-Disposable-Vape-Waspe-15000-Puffs-100x100.webp",100,100,true]},"uagb_author_info":{"display_name":"ESAMY","author_link":"https:\/\/vapestornado.com\/lv\/author\/"},"uagb_comment_info":0,"uagb_excerpt":"Wholesale Waspe Tornado 15000 Puff Low Nicotine Disposable Vape Waspe Tornado 15K Disposable Vape Pen Kit\u00a0 Factory Price WASPE 15000 Digital Screen Disposable Pod Best Flavor on Sale Add Amy's whatsapp to get right reply and discount price! WhatsApp: +86 17776015835 &nbsp;","_links":{"self":[{"href":"https:\/\/vapestornado.com\/lv\/wp-json\/wp\/v2\/product\/3863","targetHints":{"allow":["GET"]}}],"collection":[{"href":"https:\/\/vapestornado.com\/lv\/wp-json\/wp\/v2\/product"}],"about":[{"href":"https:\/\/vapestornado.com\/lv\/wp-json\/wp\/v2\/types\/product"}],"replies":[{"embeddable":true,"href":"https:\/\/vapestornado.com\/lv\/wp-json\/wp\/v2\/comments?post=3863"}],"wp:featuredmedia":[{"embeddable":true,"href":"https:\/\/vapestornado.com\/lv\/wp-json\/wp\/v2\/media\/3846"}],"wp:attachment":[{"href":"https:\/\/vapestornado.com\/lv\/wp-json\/wp\/v2\/media?parent=3863"}],"wp:term":[{"taxonomy":"product_brand","embeddable":true,"href":"https:\/\/vapestornado.com\/lv\/wp-json\/wp\/v2\/product_brand?post=3863"},{"taxonomy":"product_cat","embeddable":true,"href":"https:\/\/vapestornado.com\/lv\/wp-json\/wp\/v2\/product_cat?post=3863"},{"taxonomy":"product_tag","embeddable":true,"href":"https:\/\/vapestornado.com\/lv\/wp-json\/wp\/v2\/product_tag?post=3863"}],"curies":[{"name":"wp","href":"https:\/\/api.w.org\/{rel}","templated":true}]}}