{"id":3862,"date":"2025-03-17T02:07:39","date_gmt":"2025-03-17T02:07:39","guid":{"rendered":"https:\/\/vapestornado.com\/?post_type=product&#038;p=3862"},"modified":"2025-08-23T09:08:02","modified_gmt":"2025-08-23T09:08:02","slug":"fihp-digital-box-12000-puffs-wholesale-disposable-vapes-2-5-low-nicotine-rechargeable-bulk-price","status":"publish","type":"product","link":"https:\/\/vapestornado.com\/lv\/product\/fihp-digital-box-12000-puffs-wholesale-disposable-vapes-2-5-low-nicotine-rechargeable-bulk-price\/","title":{"rendered":"FIHP Digital Box 12000 Dvesmas Vairumtirdzniec\u012bbas Vienreiz\u0113j\u0101s Lieto\u0161anas Vapes 21% 51% Zems Nikot\u012bna Daudzums Uzl\u0101d\u0113jams Lielapjoma Cena"},"content":{"rendered":"<h1 data-pm-slice=\"1 1 []\">FIHP Digital Box 12000 Dvesmas Vairumtirdzniec\u012bbas Vienreiz\u0113j\u0101s Lieto\u0161anas Vapes 21% 51% Zems Nikot\u012bna Daudzums Uzl\u0101d\u0113jams Lielapjoma Cena<\/h1>\n<h2 data-start=\"0\" data-end=\"86\"><strong data-start=\"4\" data-end=\"84\">FIHP Digital Box 12000 Puffs \u2013 Uzl\u0101d\u0113jams vienreiz\u0113j\u0101s lieto\u0161anas tvaic\u0113t\u0101js ar LED displeju<\/strong><\/h2>\n<p data-start=\"324\" data-end=\"581\">T\u0101 <strong data-start=\"328\" data-end=\"376\">FIHP Digital Box 12000 Puffs vienreiz\u0113j\u0101s lieto\u0161anas vape<\/strong> ir paredz\u0113ts tvaic\u0113t\u0101jiem, kuri v\u0113las ilgsto\u0161u veiktsp\u0113ju un \u0113rt\u012bbas. Ar l\u012bdz pat <strong data-start=\"458\" data-end=\"474\">12 000 uzp\u016b\u0161u<\/strong> un <strong data-start=\"481\" data-end=\"518\">20 ml iepriek\u0161 uzpild\u012bta e-\u0161\u0137idruma ietilp\u012bba<\/strong>, tas nodro\u0161ina ilgsto\u0161u lieto\u0161anu ar nemain\u012bgu gar\u0161as izlaidi.<\/p>\n<p data-start=\"583\" data-end=\"835\">Darbojas ar <strong data-start=\"596\" data-end=\"627\">650mAh uzl\u0101d\u0113jams akumulators<\/strong> un <strong data-start=\"632\" data-end=\"656\">C tipa \u0101tr\u0101 uzl\u0101de<\/strong>, \u0161\u012b ier\u012bce nodro\u0161ina maksim\u0101lu efektivit\u0101ti bez iz\u0161\u0137\u0113rd\u0113tas e-\u0161\u0137idruma. The <strong data-start=\"726\" data-end=\"749\">LED digit\u0101lais displejs<\/strong> par\u0101da re\u0101llaika uzp\u016btienu skaitu un akumulatora darb\u012bbas laiku, past\u0101v\u012bgi nodro\u0161inot lietot\u0101jiem kontroli.<\/p>\n<p data-start=\"837\" data-end=\"1032\">Apr\u012bkots ar <strong data-start=\"853\" data-end=\"871\">1,0 \u03a9 sieta spole<\/strong>, FIHP 12K nodro\u0161ina vienm\u0113r\u012bgu tvaiku un bag\u0101t\u012bgu gar\u0161u katr\u0101 vilcien\u0101. Pieejams <strong data-start=\"952\" data-end=\"984\">2% un 5% nikot\u012bna stiprumi<\/strong>, tas ir piem\u0113rots gan m\u0113reniem, gan smagiem tvaic\u0113t\u0101jiem.<\/p>\n<p data-start=\"1034\" data-end=\"1225\">Vairumtirgot\u0101jiem un mazumtirgot\u0101jiem <strong data-start=\"1069\" data-end=\"1101\">FIHP Digit\u0101l\u0101 kaste 12000 P\u016b\u0161ieni<\/strong> pied\u0101v\u0101 sp\u0113c\u012bgu tirgus pievilc\u012bbu ar vairumtirdzniec\u012bbas atlaid\u0113m un uzticamu pieg\u0101di, padarot to par izdev\u012bgu izv\u0113li invent\u0101ram 2025. gad\u0101.<\/p>\n<h2 data-start=\"2173\" data-end=\"2228\"><strong data-start=\"2178\" data-end=\"2226\">Vairumtirdzniec\u012bbas cenas<\/strong><\/h2>\n<p data-start=\"2229\" data-end=\"2480\">Ide\u0101li piem\u0113rots mazumtirgot\u0101jiem, vape veikalu \u012bpa\u0161niekiem un lielapjoma pirc\u0113jiem, <strong data-start=\"2291\" data-end=\"2328\">FIHP Digital Box 12000 Puffs tvaic\u0113t\u0101js<\/strong> Ir pieejams par <strong data-start=\"2345\" data-end=\"2369\">zem\u0101m vairumtirdzniec\u012bbas cen\u0101m<\/strong>. Ja j\u016bs mekl\u0113jat <strong data-start=\"2399\" data-end=\"2429\">lab\u0101kos vienreiz lietojamos lielapjoma tvaic\u0113t\u0101jus<\/strong>, tas ir oblig\u0101ts j\u016bsu kr\u0101jumu papildin\u0101jums.<\/p>\n<p><strong><span style=\"color: #ff0000;\">Pievienojiet Amy WhatsApp, lai sa\u0146emtu t\u016bl\u012bt\u0113ju atbildi un atlai\u017eu cenu!<\/span><\/strong><\/p>\n<p><img fetchpriority=\"high\" decoding=\"async\" class=\"size-full wp-image-2932\" src=\"https:\/\/vapestornado.com\/wp-content\/uploads\/2024\/12\/Vape-Wholesale.jpg\" alt=\"Veipu Vairumtirdzniec\u012bba\" width=\"229\" height=\"300\" \/><\/p>\n<h3><a href=\"https:\/\/wa.me\/8617776015835\" target=\"_blank\" rel=\"noopener\"><span style=\"color: #ff0000;\"><strong>WhatsApp: +86 17776015835<\/strong><\/span><\/a><\/h3>\n<p>&nbsp;<\/p>\n<h2><strong>FIHP Digital Box 12000 Puffs galven\u0101s produkta \u012bpa\u0161\u012bbas<\/strong><\/h2>\n<p>Z\u012bmols: FIHP<br \/>\nD\u016bmi: 12000 d\u016bmu<br \/>\nSerde: T\u012bkla spole 1.0ohm<br \/>\nE-\u0161\u0137idrums: 20ml tilpums<br \/>\nNikot\u012bns: 2% un 5%<br \/>\nAkumulators: 650mAh<br \/>\nUzl\u0101d\u0113jams: Type-C<br \/>\nDisplejs: LED displejs e\u013c\u013cai un akumulatoram<\/p>\n<h2 class=\"product-title\"><strong>FIHP Digital Box 12k Smart Vape gar\u0161u saraksts<\/strong><\/h2>\n<article class=\"group\/turn w-full text-token-text-primary focus-visible:outline-2 focus-visible:outline-offset-[-4px]\" dir=\"auto\" data-testid=\"conversation-turn-61\" data-scroll-anchor=\"true\">\n<div class=\"text-base my-auto mx-auto py-[18px] px-6\">\n<div class=\"mx-auto flex flex-1 text-base gap-4 md:gap-5 lg:gap-6 md:max-w-3xl lg:max-w-[40rem] xl:max-w-[48rem]\">\n<div class=\"group\/conversation-turn relative flex w-full min-w-0 flex-col agent-turn @xs\/thread:px-0 @sm\/thread:px-1.5 @md\/thread:px-4\">\n<div class=\"flex-col gap-1 md:gap-3\">\n<div class=\"flex max-w-full flex-col flex-grow\">\n<div class=\"min-h-8 text-message relative flex w-full flex-col items-end gap-2 whitespace-normal break-words text-start [.text-message+&amp;]:mt-5\" dir=\"auto\" data-message-author-role=\"assistant\" data-message-id=\"762d7e41-70d5-4ddf-94cb-85ef5025d3a8\" data-message-model-slug=\"gpt-4o\">\n<div class=\"flex w-full flex-col gap-1 empty:hidden first:pt-[3px]\">\n<div class=\"markdown prose w-full break-words dark:prose-invert light\">\n<p>01. Sul\u012bgs Ledus <strong><span style=\"color: #ff0000;\">&gt;&gt;&gt;&gt; Karsts!<\/span><\/strong><br \/>\n02. V\u012bnogu Ledus<br \/>\n03. \u0136irsis<br \/>\n04. Melle\u0146u Avenes <strong><span style=\"color: #ff0000;\">&gt;&gt;&gt;&gt; Karsts!<\/span><\/strong><br \/>\n05. Zeme\u0146u Kivi<br \/>\n06. Jauktas Ogas <strong><span style=\"color: #ff0000;\">&gt;&gt;&gt;&gt; Karsts!<\/span><\/strong><br \/>\n07. Zeme\u0146u Arb\u016bzs<br \/>\n08. Arb\u016bza ko\u0161\u013c\u0101jam\u0101 gumija<br \/>\n09. Persiku Mango Anan\u0101ss<br \/>\n10. Kivi Marakujas Gvajava <strong><span style=\"color: #ff0000;\">&gt;&gt;&gt;&gt; Karsts!<\/span><\/strong><\/p>\n<\/div>\n<\/div>\n<\/div>\n<\/div>\n<\/div>\n<\/div>\n<\/div>\n<\/div>\n<\/article>\n<article class=\"w-full text-token-text-primary focus-visible:outline-2 focus-visible:outline-offset-[-4px]\" dir=\"auto\" data-testid=\"conversation-turn-32\" data-scroll-anchor=\"false\">\n<div class=\"m-auto text-base py-[18px] px-6\">\n<div class=\"mx-auto flex flex-1 text-base gap-4 md:gap-5 lg:gap-6 md:max-w-3xl lg:max-w-[40rem] xl:max-w-[48rem]\">\n<div class=\"group\/conversation-turn relative flex w-full min-w-0 flex-col @xs\/thread:px-0 @sm\/thread:px-1.5 @md\/thread:px-4\">\n<div class=\"flex-col gap-1 md:gap-3\">\n<div class=\"flex max-w-full flex-col flex-grow\">\n<div class=\"min-h-8 text-message flex w-full flex-col items-end gap-2 whitespace-normal break-words text-start [.text-message+&amp;]:mt-5\" dir=\"auto\" data-message-author-role=\"user\" data-message-id=\"ffac41ca-1db4-431b-873a-32c4052956f1\">\n<div class=\"flex w-full flex-col gap-1 empty:hidden items-end rtl:items-start\">\n<div class=\"relative max-w-[var(--user-chat-width,70%)] rounded-3xl bg-token-message-surface px-5 py-2.5\">\n<div class=\"absolute bottom-0 right-full top-0 -mr-3.5 hidden pr-5 pt-2 [.group\/conversation-turn:hover_&amp;]:flex\">\n<div class=\"flex\">\n<article class=\"w-full text-token-text-primary focus-visible:outline-2 focus-visible:outline-offset-[-4px]\" dir=\"auto\" data-testid=\"conversation-turn-39\" data-scroll-anchor=\"true\">\n<div class=\"m-auto text-base py-[18px] px-6\">\n<div class=\"mx-auto flex flex-1 text-base gap-4 md:gap-5 lg:gap-6 md:max-w-3xl lg:max-w-[40rem] xl:max-w-[48rem]\">\n<div class=\"group\/conversation-turn relative flex w-full min-w-0 flex-col agent-turn @xs\/thread:px-0 @sm\/thread:px-1.5 @md\/thread:px-4\">\n<div class=\"flex-col gap-1 md:gap-3\">\n<div class=\"flex max-w-full flex-col flex-grow\">\n<div class=\"min-h-8 text-message flex w-full flex-col items-end gap-2 whitespace-normal break-words text-start [.text-message+&amp;]:mt-5\" dir=\"auto\" data-message-author-role=\"assistant\" data-message-id=\"55a23854-ec57-48dd-bd4f-6118f43d6241\" data-message-model-slug=\"gpt-4o\">\n<div class=\"flex w-full flex-col gap-1 empty:hidden first:pt-[3px]\">\n<div class=\"markdown prose w-full break-words dark:prose-invert light\">\n<figure id=\"attachment_3835\" aria-describedby=\"caption-attachment-3835\" style=\"width: 800px\" class=\"wp-caption alignnone\"><img decoding=\"async\" class=\"wp-image-3835 size-full\" src=\"https:\/\/vapestornado.com\/wp-content\/uploads\/2025\/03\/FIHP-12000-Puffs-2-5-Low-Nicotine-Disposable-Vape.webp\" alt=\"FIHP 12000 Puffs 2% 5% zema nikot\u012bna vienreiz\u0113j\u0101s lieto\u0161anas vape\" width=\"800\" height=\"800\" srcset=\"https:\/\/vapestornado.com\/wp-content\/uploads\/2025\/03\/FIHP-12000-Puffs-2-5-Low-Nicotine-Disposable-Vape.webp 800w, https:\/\/vapestornado.com\/wp-content\/uploads\/2025\/03\/FIHP-12000-Puffs-2-5-Low-Nicotine-Disposable-Vape-300x300.webp 300w, https:\/\/vapestornado.com\/wp-content\/uploads\/2025\/03\/FIHP-12000-Puffs-2-5-Low-Nicotine-Disposable-Vape-150x150.webp 150w, https:\/\/vapestornado.com\/wp-content\/uploads\/2025\/03\/FIHP-12000-Puffs-2-5-Low-Nicotine-Disposable-Vape-768x768.webp 768w, https:\/\/vapestornado.com\/wp-content\/uploads\/2025\/03\/FIHP-12000-Puffs-2-5-Low-Nicotine-Disposable-Vape-600x600.webp 600w, https:\/\/vapestornado.com\/wp-content\/uploads\/2025\/03\/FIHP-12000-Puffs-2-5-Low-Nicotine-Disposable-Vape-100x100.webp 100w\" sizes=\"(max-width: 800px) 100vw, 800px\" \/><figcaption id=\"caption-attachment-3835\" class=\"wp-caption-text\">FIHP 12000 Puffs 2% 5% zema nikot\u012bna vienreiz\u0113j\u0101s lieto\u0161anas vape<\/figcaption><\/figure>\n<\/div>\n<\/div>\n<\/div>\n<\/div>\n<\/div>\n<\/div>\n<\/div>\n<\/div>\n<\/article>\n<\/div>\n<\/div>\n<\/div>\n<\/div>\n<\/div>\n<\/div>\n<\/div>\n<\/div>\n<\/div>\n<\/div>\n<\/article>\n<h3>K\u0101p\u0113c izv\u0113l\u0113ties Vapestornado FIHP Digital Box 12000 Puff digit\u0101l\u0101s vape vairumtirdzniec\u012bbas pas\u016bt\u012bjumam?<\/h3>\n<div class=\"flex-shrink-0 flex flex-col relative items-end\">\n<div class=\"pt-0\">\n<div class=\"gizmo-bot-avatar flex h-8 w-8 items-center justify-center overflow-hidden rounded-full\">\n<div class=\"relative p-1 rounded-sm flex items-center justify-center bg-token-main-surface-primary text-token-text-primary h-8 w-8\">\n<p>Kad runa ir par <strong data-start=\"97\" data-end=\"127\">vienreiz\u0113j\u0101s lieto\u0161anas vape vairumtirdzniec\u012bbai<\/strong>, <strong data-start=\"129\" data-end=\"162\">Vapestornado tie\u0161saistes vape veikals<\/strong> ir j\u016bsu galam\u0113r\u0137is! M\u0113s pied\u0101v\u0101jam <strong data-start=\"202\" data-end=\"230\">konkur\u0113tsp\u0113j\u012bgas vairumtirdzniec\u012bbas cenas<\/strong>, nodro\u0161inot jums lab\u0101kos pied\u0101v\u0101jumus FIHP Digital Box 12000 Puffs <strong data-start=\"271\" data-end=\"302\">Elektronisk\u0101 sm\u0113\u0137\u0113\u0161ana<\/strong> nezaud\u0113jot kvalit\u0101ti. Ar <strong data-start=\"338\" data-end=\"355\">\u0101tra pieg\u0101de<\/strong>, <strong data-start=\"357\" data-end=\"380\">dro\u0161iem dar\u012bjumiem<\/strong>un pla\u0161u izv\u0113li <strong data-start=\"406\" data-end=\"434\">popul\u0101r\u0101kajiem vienreiz\u0113j\u0101s lieto\u0161anas vapes<\/strong>, m\u0113s padar\u0101m liela apjoma pirkumus vienk\u0101r\u0161us. Turkl\u0101t m\u016bsu <strong data-start=\"483\" data-end=\"508\">klientu atbalsta komanda<\/strong> vienm\u0113r ir gatava pal\u012bdz\u0113t ar j\u016bsu vairumtirdzniec\u012bbas jaut\u0101jumiem. Neatkar\u012bgi no t\u0101, vai esat mazumtirgot\u0101js vai izplat\u012bt\u0101js, <strong data-start=\"608\" data-end=\"650\">Vapestornado nodro\u0161ina nep\u0101rsp\u0113jamu v\u0113rt\u012bbu<\/strong> augstas kvalit\u0101tes <strong data-start=\"667\" data-end=\"708\">uzl\u0101d\u0113jamiem veipiem ar viedajiem ekr\u0101niem<\/strong>. Pas\u016btiet jau \u0161odien un papildiniet savu kr\u0101jumu ar jaun\u0101kajiem <strong data-start=\"749\" data-end=\"782\">ilgsto\u0161as \u200b\u200bvienreiz\u0113j\u0101s lieto\u0161anas veipiem<\/strong> par lab\u0101kaj\u0101m cen\u0101m!<\/p>\n<\/div>\n<h3><\/h3>\n<div class=\"relative p-1 rounded-sm flex items-center justify-center bg-token-main-surface-primary text-token-text-primary h-8 w-8\">\n<h3>BIE\u017d\u0100K UZDOTIE JAUT\u0100JUMI par FIHP 12k vienreiz\u0113j\u0101s lieto\u0161anas e-cigareti<\/h3>\n<p data-start=\"2534\" data-end=\"2730\"><strong data-start=\"2534\" data-end=\"2598\">1. Cik ilgi darbojas FIHP Digital Box 12000 Puffs Vape?<\/strong><br data-start=\"2598\" data-end=\"2601\" \/>Ar <strong data-start=\"2606\" data-end=\"2633\">12 000 uzp\u016btieni uz ier\u012bci<\/strong>, \u0161is vapes ir paredz\u0113ts ilgsto\u0161ai lieto\u0161anai. Faktiskais kalpo\u0161anas laiks ir atkar\u012bgs no j\u016bsu vap\u0113\u0161anas bie\u017euma.<\/p>\n<p data-start=\"2732\" data-end=\"2928\"><strong data-start=\"2732\" data-end=\"2781\">2. Vai FIHP 12000 Puffs Vape var uzl\u0101d\u0113t?<\/strong><br data-start=\"2781\" data-end=\"2784\" \/>J\u0101! Tam ir <strong data-start=\"2803\" data-end=\"2834\">650mAh uzl\u0101d\u0113jams akumulators<\/strong> un <strong data-start=\"2841\" data-end=\"2865\">Type-C uzl\u0101des ports<\/strong>, nodro\u0161inot efekt\u012bvu ener\u0123ijas p\u0101rvald\u012bbu un ilgsto\u0161u lieto\u0161anu.<\/p>\n<p data-start=\"2930\" data-end=\"3100\"><strong data-start=\"2930\" data-end=\"2976\">3. Ko r\u0101da digit\u0101lais LED displejs?<\/strong><br data-start=\"2976\" data-end=\"2979\" \/>T\u0101 <strong data-start=\"2983\" data-end=\"2997\">LED ekr\u0101ns<\/strong> displeji <strong data-start=\"3007\" data-end=\"3038\">akumulatora darb\u012bbas laiku un dvesmu skaitu<\/strong>, pal\u012bdzot jums sekot l\u012bdzi sava veipa statusam jebkur\u0101 laik\u0101.<\/p>\n<p data-start=\"3102\" data-end=\"3272\"><strong data-start=\"3102\" data-end=\"3147\">4. K\u0101di nikot\u012bna stiprumi ir pieejami?<\/strong><br data-start=\"3147\" data-end=\"3150\" \/>FIHP 12000 ir pieejams <strong data-start=\"3181\" data-end=\"3227\">2% (zems nikot\u012bna saturs) un 5% (stiprs nikot\u012bna saturs)<\/strong>, kas atbilst da\u017e\u0101d\u0101m tvaic\u0113\u0161anas v\u0113lm\u0113m.<\/p>\n<p data-start=\"3274\" data-end=\"3531\"><strong data-start=\"3274\" data-end=\"3355\">5. Kur es varu ieg\u0101d\u0101ties FIHP Digital Box 12000 Puffs Vape par vairumtirdzniec\u012bbas cen\u0101m?<\/strong><br data-start=\"3355\" data-end=\"3358\" \/>Lai veiktu <strong data-start=\"3362\" data-end=\"3397\">lielapjoma pas\u016bt\u012bjumiem un vairumtirdzniec\u012bbas pied\u0101v\u0101jumiem<\/strong>, apmekl\u0113jiet <strong data-start=\"3405\" data-end=\"3438\">Vapestornado tie\u0161saistes vape veikals<\/strong>, lab\u0101k\u0101 vieta, kur ieg\u016bt <strong data-start=\"3462\" data-end=\"3506\">par pie\u0146emam\u0101m uzl\u0101d\u0113jam\u0101m vienreiz\u0113j\u0101s lieto\u0161anas e-cigaret\u0113m<\/strong> ar augst\u0101k\u0101s kvalit\u0101tes funkcij\u0101m.<\/p>\n<\/div>\n<\/div>\n<\/div>\n<\/div>","protected":false},"excerpt":{"rendered":"<p>FIHP Digital Box 12k 12000 d\u016bmu vienreiz\u0113j\u0101s lieto\u0161anas e-cigarete, lab\u0101k\u0101 cena<br \/>\nFIHP Digital Box 12000 ekr\u0101na vienreiz\u0113j\u0101s lieto\u0161anas e-cigarete, vairumtirdzniec\u012bba Polij\u0101<br \/>\nFIHP 12000 Digital vienreiz\u0113j\u0101s lieto\u0161anas e-cigarete, lab\u0101k\u0101 gar\u0161a p\u0101rdo\u0161an\u0101<\/p>\n<p><strong>Pievienojiet Eimijas WhatsApp, lai sa\u0146emtu prec\u012bzu atbildi un atlaidi!<\/strong><\/p>\n<p><img fetchpriority=\"high\" decoding=\"async\" class=\"size-full wp-image-2932\" src=\"https:\/\/vapestornado.com\/wp-content\/uploads\/2024\/12\/Vape-Wholesale.jpg\" alt=\"Veipu Vairumtirdzniec\u012bba\" width=\"229\" height=\"300\" \/><\/p>\n<h3><a href=\"https:\/\/wa.me\/8617776015835\"><span style=\"color: #ff0000;\"><strong>WhatsApp: +86 17776015835<\/strong><\/span><\/a><\/h3>\n<p>&nbsp;<\/p>","protected":false},"featured_media":3837,"comment_status":"open","ping_status":"closed","template":"","meta":{"_acf_changed":false,"_uag_custom_page_level_css":"","_lmt_disableupdate":"no","_lmt_disable":"","_monsterinsights_skip_tracking":false,"_monsterinsights_sitenote_active":false,"_monsterinsights_sitenote_note":"","_monsterinsights_sitenote_category":0,"site-sidebar-layout":"default","site-content-layout":"","ast-site-content-layout":"default","site-content-style":"default","site-sidebar-style":"default","ast-global-header-display":"","ast-banner-title-visibility":"","ast-main-header-display":"","ast-hfb-above-header-display":"","ast-hfb-below-header-display":"","ast-hfb-mobile-header-display":"","site-post-title":"","ast-breadcrumbs-content":"","ast-featured-img":"","footer-sml-layout":"","ast-disable-related-posts":"","theme-transparent-header-meta":"default","adv-header-id-meta":"","stick-header-meta":"","header-above-stick-meta":"","header-main-stick-meta":"","header-below-stick-meta":"","astra-migrate-meta-layouts":"set","ast-page-background-enabled":"default","ast-page-background-meta":{"desktop":{"background-color":"","background-image":"","background-repeat":"repeat","background-position":"center center","background-size":"auto","background-attachment":"scroll","background-type":"","background-media":"","overlay-type":"","overlay-color":"","overlay-opacity":"","overlay-gradient":""},"tablet":{"background-color":"","background-image":"","background-repeat":"repeat","background-position":"center center","background-size":"auto","background-attachment":"scroll","background-type":"","background-media":"","overlay-type":"","overlay-color":"","overlay-opacity":"","overlay-gradient":""},"mobile":{"background-color":"","background-image":"","background-repeat":"repeat","background-position":"center center","background-size":"auto","background-attachment":"scroll","background-type":"","background-media":"","overlay-type":"","overlay-color":"","overlay-opacity":"","overlay-gradient":""}},"ast-content-background-meta":{"desktop":{"background-color":"var(--ast-global-color-5)","background-image":"","background-repeat":"repeat","background-position":"center center","background-size":"auto","background-attachment":"scroll","background-type":"","background-media":"","overlay-type":"","overlay-color":"","overlay-opacity":"","overlay-gradient":""},"tablet":{"background-color":"var(--ast-global-color-5)","background-image":"","background-repeat":"repeat","background-position":"center center","background-size":"auto","background-attachment":"scroll","background-type":"","background-media":"","overlay-type":"","overlay-color":"","overlay-opacity":"","overlay-gradient":""},"mobile":{"background-color":"var(--ast-global-color-5)","background-image":"","background-repeat":"repeat","background-position":"center center","background-size":"auto","background-attachment":"scroll","background-type":"","background-media":"","overlay-type":"","overlay-color":"","overlay-opacity":"","overlay-gradient":""}},"_joinchat":{"telephone":"17776015835"}},"product_brand":[],"product_cat":[19,72,153,154,158,144,146,60],"product_tag":[105,257,256,97,94,241,93],"class_list":{"0":"post-3862","1":"product","2":"type-product","3":"status-publish","4":"has-post-thumbnail","6":"product_cat-vapes","7":"product_cat-12000-puff","8":"product_cat-buy-disposable-vapes-in-italy","9":"product_cat-buy-disposable-vapes-in-netherlands","10":"product_cat-buy-disposable-vapes-in-spain","11":"product_cat-low-nicotine-disposable-vapes","12":"product_cat-rechargeable-disposable-vapes","13":"product_cat-waspe-fihp-vape","14":"product_tag-digital-disposable-vape","15":"product_tag-fihp-12000","16":"product_tag-fihp-digital-box-12k","17":"product_tag-hot-sale-disposable-vape","18":"product_tag-rechargeable-disposable-vape","19":"product_tag-smart-screen-disposable-vape","20":"product_tag-vape-wholesale","21":"desktop-align-left","22":"tablet-align-left","23":"mobile-align-left","25":"first","26":"instock","27":"sale","28":"shipping-taxable","29":"purchasable","30":"product-type-simple"},"acf":[],"uagb_featured_image_src":{"full":["https:\/\/vapestornado.com\/wp-content\/uploads\/2025\/03\/FIHP-Digital-Box-12000-Puff-Rechargeable-Vape.webp",800,800,false],"thumbnail":["https:\/\/vapestornado.com\/wp-content\/uploads\/2025\/03\/FIHP-Digital-Box-12000-Puff-Rechargeable-Vape-150x150.webp",150,150,true],"medium":["https:\/\/vapestornado.com\/wp-content\/uploads\/2025\/03\/FIHP-Digital-Box-12000-Puff-Rechargeable-Vape-300x300.webp",300,300,true],"medium_large":["https:\/\/vapestornado.com\/wp-content\/uploads\/2025\/03\/FIHP-Digital-Box-12000-Puff-Rechargeable-Vape-768x768.webp",768,768,true],"large":["https:\/\/vapestornado.com\/wp-content\/uploads\/2025\/03\/FIHP-Digital-Box-12000-Puff-Rechargeable-Vape.webp",800,800,false],"1536x1536":["https:\/\/vapestornado.com\/wp-content\/uploads\/2025\/03\/FIHP-Digital-Box-12000-Puff-Rechargeable-Vape.webp",800,800,false],"2048x2048":["https:\/\/vapestornado.com\/wp-content\/uploads\/2025\/03\/FIHP-Digital-Box-12000-Puff-Rechargeable-Vape.webp",800,800,false],"trp-custom-language-flag":["https:\/\/vapestornado.com\/wp-content\/uploads\/2025\/03\/FIHP-Digital-Box-12000-Puff-Rechargeable-Vape.webp",12,12,false],"woocommerce_thumbnail":["https:\/\/vapestornado.com\/wp-content\/uploads\/2025\/03\/FIHP-Digital-Box-12000-Puff-Rechargeable-Vape-300x300.webp",300,300,true],"woocommerce_single":["https:\/\/vapestornado.com\/wp-content\/uploads\/2025\/03\/FIHP-Digital-Box-12000-Puff-Rechargeable-Vape-600x600.webp",600,600,true],"woocommerce_gallery_thumbnail":["https:\/\/vapestornado.com\/wp-content\/uploads\/2025\/03\/FIHP-Digital-Box-12000-Puff-Rechargeable-Vape-100x100.webp",100,100,true]},"uagb_author_info":{"display_name":"ESAMY","author_link":"https:\/\/vapestornado.com\/lv\/author\/"},"uagb_comment_info":0,"uagb_excerpt":"FIHP Digital Box 12k 12000 Puff Disposable Vape Best Price FIHP Digital Box 12000 Screen Disposable Vape Wholelesale in Poland FIHP 12000 Digital Disposable Vape Box Best Flavor on Sale Add Amy's whatsapp to get right reply and discount price! WhatsApp: +86 17776015835 &nbsp;","_links":{"self":[{"href":"https:\/\/vapestornado.com\/lv\/wp-json\/wp\/v2\/product\/3862","targetHints":{"allow":["GET"]}}],"collection":[{"href":"https:\/\/vapestornado.com\/lv\/wp-json\/wp\/v2\/product"}],"about":[{"href":"https:\/\/vapestornado.com\/lv\/wp-json\/wp\/v2\/types\/product"}],"replies":[{"embeddable":true,"href":"https:\/\/vapestornado.com\/lv\/wp-json\/wp\/v2\/comments?post=3862"}],"wp:featuredmedia":[{"embeddable":true,"href":"https:\/\/vapestornado.com\/lv\/wp-json\/wp\/v2\/media\/3837"}],"wp:attachment":[{"href":"https:\/\/vapestornado.com\/lv\/wp-json\/wp\/v2\/media?parent=3862"}],"wp:term":[{"taxonomy":"product_brand","embeddable":true,"href":"https:\/\/vapestornado.com\/lv\/wp-json\/wp\/v2\/product_brand?post=3862"},{"taxonomy":"product_cat","embeddable":true,"href":"https:\/\/vapestornado.com\/lv\/wp-json\/wp\/v2\/product_cat?post=3862"},{"taxonomy":"product_tag","embeddable":true,"href":"https:\/\/vapestornado.com\/lv\/wp-json\/wp\/v2\/product_tag?post=3862"}],"curies":[{"name":"wp","href":"https:\/\/api.w.org\/{rel}","templated":true}]}}