{"id":3861,"date":"2025-03-16T09:21:11","date_gmt":"2025-03-16T09:21:11","guid":{"rendered":"https:\/\/vapestornado.com\/?post_type=product&#038;p=3861"},"modified":"2025-08-23T10:42:12","modified_gmt":"2025-08-23T10:42:12","slug":"waspe-fihp-30000-puffs-smart-screen-vape-2-5-nicotine-wholesal","status":"publish","type":"product","link":"https:\/\/vapestornado.com\/lv\/product\/waspe-fihp-30000-puffs-smart-screen-vape-2-5-nicotine-wholesal\/","title":{"rendered":"WASPE FIHP 30000 dvesmas viedais ekr\u0101na veips 2% 5% nikot\u012bna vairumtirdzniec\u012bba"},"content":{"rendered":"<h1 data-pm-slice=\"1 1 []\">WASPE FIHP 30000 dvesmas viedais ekr\u0101na veips 2% 5% nikot\u012bna vairumtirdzniec\u012bba<\/h1>\n<p data-start=\"293\" data-end=\"589\">T\u0101 <strong data-start=\"297\" data-end=\"341\">WASPE FIHP 30000 Dvesienu Vied\u0101 Ekr\u0101na Vape<\/strong> ir paredz\u0113ts Eiropas vairumtirgot\u0101jiem un mazumtirgot\u0101jiem, kuri mekl\u0113 daudzfunkcion\u0101lu, ilgsto\u0161u vienreiz\u0113j\u0101s lieto\u0161anas ier\u012bci. Ar l\u012bdz pat <strong data-start=\"453\" data-end=\"469\">30 000 uzp\u016btienu<\/strong>, a <strong data-start=\"473\" data-end=\"495\">28 ml e-\u0161\u0137idruma tvertnes<\/strong>, un <strong data-start=\"501\" data-end=\"530\">dubultu sieta spoles tehnolo\u0123iju<\/strong>, tas nodro\u0161ina konsekventu tvaiku un vienm\u0113r\u012bgu gar\u0161as pieg\u0101di.<\/p>\n<p data-start=\"591\" data-end=\"734\">Darbojas ar <strong data-start=\"605\" data-end=\"636\">850mAh uzl\u0101d\u0113jams akumulators<\/strong> ar <strong data-start=\"642\" data-end=\"666\">C tipa \u0101tr\u0101 uzl\u0101de<\/strong>, FIHP 30K samazina d\u012bkst\u0101vi. Tas pied\u0101v\u0101 <strong data-start=\"711\" data-end=\"731\">diviem tvaic\u0113\u0161anas re\u017e\u012bmiem<\/strong>:<\/p>\n<ul data-start=\"735\" data-end=\"875\">\n<li data-start=\"735\" data-end=\"791\">\n<p data-start=\"737\" data-end=\"791\"><strong data-start=\"737\" data-end=\"753\">Parastais re\u017e\u012bms<\/strong> maksim\u0101lam dvesienu skaitam (l\u012bdz 30K).<\/p>\n<\/li>\n<li data-start=\"792\" data-end=\"875\">\n<p data-start=\"794\" data-end=\"875\"><strong data-start=\"794\" data-end=\"808\">Impulsa re\u017e\u012bms<\/strong> uzlabotam tvaika bl\u012bvumam un bag\u0101t\u012bg\u0101kai gar\u0161ai (apm. 15K dvesienu).<\/p>\n<\/li>\n<\/ul>\n<p data-start=\"877\" data-end=\"1104\">T\u0101 <strong data-start=\"881\" data-end=\"902\">LED viedais displejs<\/strong> inform\u0113 lietot\u0101jus par akumulatora darb\u012bbas laiku, e-\u0161\u0137idruma l\u012bmeni un re\u017e\u012bma iestat\u012bjumiem. Ar <strong data-start=\"981\" data-end=\"1003\">regul\u0113jamu gaisa pl\u016bsmu<\/strong>, veipot\u0101ji var izv\u0113l\u0113ties starp cie\u0161\u0101ku vilkmi vai atv\u0113rt\u0101ku ieelpu, piel\u0101gojoties da\u017e\u0101d\u0101m v\u0113lm\u0113m.<\/p>\n<p data-start=\"1106\" data-end=\"1387\">Pieejams <strong data-start=\"1119\" data-end=\"1151\">2% un 5% nikot\u012bna stiprumi<\/strong> un <strong data-start=\"1156\" data-end=\"1177\">16 gar\u0161u izv\u0113les<\/strong>, tad <strong data-start=\"1183\" data-end=\"1206\">WASPE FIHP 30K Vape<\/strong> ir piem\u0113rots da\u017e\u0101d\u0101m klientu vajadz\u012bb\u0101m. Izplat\u012bt\u0101jiem t\u0101 kombin\u0101cija <strong data-start=\"1284\" data-end=\"1347\">ietilp\u012bba, vied\u0101s funkcijas un konkur\u0113tsp\u0113j\u012bgas vairumtirdzniec\u012bbas cenas<\/strong> padara to par izdev\u012bgu izv\u0113li 2025. gad\u0101.<\/p>\n<p><strong><span style=\"color: #ff0000;\">Pievienojiet Amy WhatsApp, lai sa\u0146emtu t\u016bl\u012bt\u0113ju atbildi un atlai\u017eu cenu!<\/span><\/strong><\/p>\n<p><img fetchpriority=\"high\" decoding=\"async\" class=\"size-full wp-image-2932\" src=\"https:\/\/vapestornado.com\/wp-content\/uploads\/2024\/12\/Vape-Wholesale.jpg\" alt=\"Veipu Vairumtirdzniec\u012bba\" width=\"229\" height=\"300\" \/><\/p>\n<h3><a href=\"https:\/\/wa.me\/8617776015835\" target=\"_blank\" rel=\"noopener\"><span style=\"color: #ff0000;\"><strong>WhatsApp: +86 17776015835<\/strong><\/span><\/a><\/h3>\n<p>&nbsp;<\/p>\n<h2><strong>WASPE FIHP 30000 dvesmu galven\u0101s produkta \u012bpa\u0161\u012bbas<\/strong><\/h2>\n<p>\u2022 Iepriek\u0161 uzpild\u012bts 28 ml E-\u0161\u0137idrums<br \/>\n\u2022 Divk\u0101r\u0161s re\u017e\u012bms: parastais (30000 d\u016bmu tvaiks)<br \/>\n\u2022 Ieb\u016bv\u0113ts 850 mAh akumulators (uzl\u0101d\u0113jams ar Type-C)<br \/>\n\u2022 Divk\u0101r\u0161as sieta spoles (1ohm+1ohm)<br \/>\n\u2022 LED ekr\u0101ns akumulatora un e\u013c\u013cas att\u0113lo\u0161anai<br \/>\n\u2022 Regul\u0113jama gaisa pl\u016bsma<br \/>\n\u2022 Pieejami 16 arom\u0101ti<\/p>\n<figure id=\"attachment_3844\" aria-describedby=\"caption-attachment-3844\" style=\"width: 800px\" class=\"wp-caption alignnone\"><img decoding=\"async\" class=\"wp-image-3844 size-full\" src=\"https:\/\/vapestornado.com\/wp-content\/uploads\/2025\/03\/WASPE-FIHP-30000-Puffs-Rechargeable-Disposable-Vape.jpg\" alt=\"WASPE FIHP 30000 d\u016bmu uzl\u0101d\u0113jams vienreiz\u0113j\u0101s lieto\u0161anas tvaiks\" width=\"800\" height=\"800\" srcset=\"https:\/\/vapestornado.com\/wp-content\/uploads\/2025\/03\/WASPE-FIHP-30000-Puffs-Rechargeable-Disposable-Vape.jpg 800w, https:\/\/vapestornado.com\/wp-content\/uploads\/2025\/03\/WASPE-FIHP-30000-Puffs-Rechargeable-Disposable-Vape-300x300.jpg 300w, https:\/\/vapestornado.com\/wp-content\/uploads\/2025\/03\/WASPE-FIHP-30000-Puffs-Rechargeable-Disposable-Vape-150x150.jpg 150w, https:\/\/vapestornado.com\/wp-content\/uploads\/2025\/03\/WASPE-FIHP-30000-Puffs-Rechargeable-Disposable-Vape-768x768.jpg 768w, https:\/\/vapestornado.com\/wp-content\/uploads\/2025\/03\/WASPE-FIHP-30000-Puffs-Rechargeable-Disposable-Vape-600x600.jpg 600w, https:\/\/vapestornado.com\/wp-content\/uploads\/2025\/03\/WASPE-FIHP-30000-Puffs-Rechargeable-Disposable-Vape-100x100.jpg 100w\" sizes=\"(max-width: 800px) 100vw, 800px\" \/><figcaption id=\"caption-attachment-3844\" class=\"wp-caption-text\">WASPE FIHP 30000 d\u016bmu uzl\u0101d\u0113jams vienreiz\u0113j\u0101s lieto\u0161anas tvaiks<\/figcaption><\/figure>\n<h2 class=\"product-title\"><strong>WASPE FIHP 30K d\u016bmu vied\u0101 tvaika arom\u0101tu saraksts<\/strong><\/h2>\n<article class=\"group\/turn w-full text-token-text-primary focus-visible:outline-2 focus-visible:outline-offset-[-4px]\" dir=\"auto\" data-testid=\"conversation-turn-61\" data-scroll-anchor=\"true\">\n<div class=\"text-base my-auto mx-auto py-[18px] px-6\">\n<div class=\"mx-auto flex flex-1 text-base gap-4 md:gap-5 lg:gap-6 md:max-w-3xl lg:max-w-[40rem] xl:max-w-[48rem]\">\n<div class=\"group\/conversation-turn relative flex w-full min-w-0 flex-col agent-turn @xs\/thread:px-0 @sm\/thread:px-1.5 @md\/thread:px-4\">\n<div class=\"flex-col gap-1 md:gap-3\">\n<div class=\"flex max-w-full flex-col flex-grow\">\n<div class=\"min-h-8 text-message relative flex w-full flex-col items-end gap-2 whitespace-normal break-words text-start [.text-message+&amp;]:mt-5\" dir=\"auto\" data-message-author-role=\"assistant\" data-message-id=\"762d7e41-70d5-4ddf-94cb-85ef5025d3a8\" data-message-model-slug=\"gpt-4o\">\n<div class=\"flex w-full flex-col gap-1 empty:hidden first:pt-[3px]\">\n<div class=\"markdown prose w-full break-words dark:prose-invert light\">\n<p>1.Arb\u016bzu ledus <strong><span style=\"color: #ff0000;\">&gt;&gt;&gt;&gt; Karsts!<\/span><\/strong><br \/>\n2.\u0136ir\u0161u ledus<br \/>\n3.V\u012bnogu ledus<br \/>\n4.Persiku oga <strong><span style=\"color: #ff0000;\">&gt;&gt;&gt;&gt; Karsts!<\/span><\/strong><br \/>\n5.Zeme\u0146u mango<br \/>\n6. Zeme\u0146u kivi<br \/>\n7.Ogles kokteilis<br \/>\n8. Melle\u0146u ave\u0146u <strong><span style=\"color: #ff0000;\">&gt;&gt;&gt;&gt; Karsts!<\/span><\/strong><br \/>\n9.Zeme\u0146u arb\u016bzs <strong><span style=\"color: #ff0000;\">&gt;&gt;&gt;&gt; Lab\u0101kais!<\/span><\/strong><br \/>\n10.Kivi pasifloru gvajava<br \/>\n11.Zeme\u0146u sarkanais v\u0113rsis<br \/>\n12.Arb\u016bzs mango persiks <strong><span style=\"color: #ff0000;\">&gt;&gt;&gt;&gt; Karsts!<\/span><\/strong><br \/>\n13.Dubultais \u0101bolu ledus<br \/>\n14.Arb\u016bzu ko\u0161\u013c\u0101jam\u0101 gumija<br \/>\n15.Zeme\u0146u ave\u0146u \u0137irsis <strong><span style=\"color: #ff0000;\">&gt;&gt;&gt;&gt; Karsts!<\/span><\/strong><br \/>\n16.Melle\u0146u ledus<\/p>\n<\/div>\n<\/div>\n<\/div>\n<\/div>\n<\/div>\n<\/div>\n<\/div>\n<\/div>\n<\/article>\n<article class=\"w-full text-token-text-primary focus-visible:outline-2 focus-visible:outline-offset-[-4px]\" dir=\"auto\" data-testid=\"conversation-turn-32\" data-scroll-anchor=\"false\">\n<div class=\"m-auto text-base py-[18px] px-6\">\n<div class=\"mx-auto flex flex-1 text-base gap-4 md:gap-5 lg:gap-6 md:max-w-3xl lg:max-w-[40rem] xl:max-w-[48rem]\">\n<div class=\"group\/conversation-turn relative flex w-full min-w-0 flex-col @xs\/thread:px-0 @sm\/thread:px-1.5 @md\/thread:px-4\">\n<div class=\"flex-col gap-1 md:gap-3\">\n<div class=\"flex max-w-full flex-col flex-grow\">\n<div class=\"min-h-8 text-message flex w-full flex-col items-end gap-2 whitespace-normal break-words text-start [.text-message+&amp;]:mt-5\" dir=\"auto\" data-message-author-role=\"user\" data-message-id=\"ffac41ca-1db4-431b-873a-32c4052956f1\">\n<div class=\"flex w-full flex-col gap-1 empty:hidden items-end rtl:items-start\">\n<div class=\"relative max-w-[var(--user-chat-width,70%)] rounded-3xl bg-token-message-surface px-5 py-2.5\">\n<div class=\"absolute bottom-0 right-full top-0 -mr-3.5 hidden pr-5 pt-2 [.group\/conversation-turn:hover_&amp;]:flex\">\n<div class=\"flex\">\n<article class=\"w-full text-token-text-primary focus-visible:outline-2 focus-visible:outline-offset-[-4px]\" dir=\"auto\" data-testid=\"conversation-turn-39\" data-scroll-anchor=\"true\">\n<div class=\"m-auto text-base py-[18px] px-6\">\n<div class=\"mx-auto flex flex-1 text-base gap-4 md:gap-5 lg:gap-6 md:max-w-3xl lg:max-w-[40rem] xl:max-w-[48rem]\">\n<div class=\"group\/conversation-turn relative flex w-full min-w-0 flex-col agent-turn @xs\/thread:px-0 @sm\/thread:px-1.5 @md\/thread:px-4\">\n<div class=\"flex-col gap-1 md:gap-3\">\n<div class=\"flex max-w-full flex-col flex-grow\">\n<div class=\"min-h-8 text-message flex w-full flex-col items-end gap-2 whitespace-normal break-words text-start [.text-message+&amp;]:mt-5\" dir=\"auto\" data-message-author-role=\"assistant\" data-message-id=\"55a23854-ec57-48dd-bd4f-6118f43d6241\" data-message-model-slug=\"gpt-4o\">\n<div class=\"flex w-full flex-col gap-1 empty:hidden first:pt-[3px]\">\n<div class=\"markdown prose w-full break-words dark:prose-invert light\"><\/div>\n<\/div>\n<\/div>\n<\/div>\n<\/div>\n<\/div>\n<\/div>\n<\/div>\n<\/article>\n<\/div>\n<\/div>\n<\/div>\n<\/div>\n<\/div>\n<\/div>\n<\/div>\n<\/div>\n<\/div>\n<\/div>\n<\/article>\n<h2>K\u0101p\u0113c izv\u0113l\u0113ties vapestornado FIHP 30000 Puffs Smart Vape vairumtirdzniec\u012bbas pas\u016bt\u012bjumam?<\/h2>\n<div class=\"flex-shrink-0 flex flex-col relative items-end\">\n<div class=\"pt-0\">\n<div class=\"gizmo-bot-avatar flex h-8 w-8 items-center justify-center overflow-hidden rounded-full\">\n<div class=\"relative p-1 rounded-sm flex items-center justify-center bg-token-main-surface-primary text-token-text-primary h-8 w-8\">\n<p>Kad runa ir par <strong data-start=\"97\" data-end=\"127\">vienreiz\u0113j\u0101s lieto\u0161anas vape vairumtirdzniec\u012bbai<\/strong>, <strong data-start=\"129\" data-end=\"162\">Vapestornado tie\u0161saistes vape veikals<\/strong> ir j\u016bsu galam\u0113r\u0137is! M\u0113s pied\u0101v\u0101jam <strong data-start=\"202\" data-end=\"230\">konkur\u0113tsp\u0113j\u012bgas vairumtirdzniec\u012bbas cenas<\/strong>, nodro\u0161inot, ka j\u016bs ieg\u016bstat lab\u0101kos pied\u0101v\u0101jumus <strong data-start=\"271\" data-end=\"302\">FIHP 30000 P\u016b\u013cu Gudra Vape<\/strong> nezaud\u0113jot kvalit\u0101ti. Ar <strong data-start=\"338\" data-end=\"355\">\u0101tra pieg\u0101de<\/strong>, <strong data-start=\"357\" data-end=\"380\">dro\u0161iem dar\u012bjumiem<\/strong>un pla\u0161u izv\u0113li <strong data-start=\"406\" data-end=\"434\">popul\u0101r\u0101kajiem vienreiz\u0113j\u0101s lieto\u0161anas vapes<\/strong>, m\u0113s padar\u0101m liela apjoma pirkumus vienk\u0101r\u0161us. Turkl\u0101t m\u016bsu <strong data-start=\"483\" data-end=\"508\">klientu atbalsta komanda<\/strong> vienm\u0113r ir gatava pal\u012bdz\u0113t ar j\u016bsu vairumtirdzniec\u012bbas jaut\u0101jumiem. Neatkar\u012bgi no t\u0101, vai esat mazumtirgot\u0101js vai izplat\u012bt\u0101js, <strong data-start=\"608\" data-end=\"650\">Vapestornado nodro\u0161ina nep\u0101rsp\u0113jamu v\u0113rt\u012bbu<\/strong> augstas kvalit\u0101tes <strong data-start=\"667\" data-end=\"708\">uzl\u0101d\u0113jamiem veipiem ar viedajiem ekr\u0101niem<\/strong>. Pas\u016btiet jau \u0161odien un papildiniet savu kr\u0101jumu ar jaun\u0101kajiem <strong data-start=\"749\" data-end=\"782\">ilgsto\u0161as \u200b\u200bvienreiz\u0113j\u0101s lieto\u0161anas veipiem<\/strong> par lab\u0101kaj\u0101m cen\u0101m!<\/p>\n<\/div>\n<h3><\/h3>\n<div class=\"relative p-1 rounded-sm flex items-center justify-center bg-token-main-surface-primary text-token-text-primary h-8 w-8\">\n<h2>Bie\u017e\u0101k uzdotie jaut\u0101jumi par WASPE30000 Puffs Smart vienreizlietojamo e-cigareti<\/h2>\n<p data-start=\"1945\" data-end=\"2182\"><strong data-start=\"1945\" data-end=\"2010\">1. Cik ilgi darbojas FIHP 30000 Puffs Smart Screen Vape?<\/strong><br data-start=\"2010\" data-end=\"2013\" \/>Kalpo\u0161anas laiks ir atkar\u012bgs no j\u016bsu vap\u0113\u0161anas stila. Pie <strong data-start=\"2059\" data-end=\"2075\">Parastais re\u017e\u012bms<\/strong>, j\u016bs ieg\u016bstat l\u012bdz <strong data-start=\"2091\" data-end=\"2107\">30 000 uzp\u016btienu<\/strong>, kam\u0113r <strong data-start=\"2115\" data-end=\"2129\">Impulsa re\u017e\u012bms<\/strong> nodro\u0161ina <strong data-start=\"2139\" data-end=\"2155\">15 000 izsm\u0113\u0137u<\/strong> ar intens\u012bv\u0101ku gar\u0161u.<\/p>\n<p data-start=\"2184\" data-end=\"2353\"><strong data-start=\"2184\" data-end=\"2221\">2. Vai es varu uzl\u0101d\u0113t FIHP 30000?<\/strong><br data-start=\"2221\" data-end=\"2224\" \/>J\u0101! \u0160is veips ir apr\u012bkots ar <strong data-start=\"2251\" data-end=\"2282\">850mAh uzl\u0101d\u0113jams akumulators<\/strong> un izmanto <strong data-start=\"2294\" data-end=\"2318\">Type-C uzl\u0101des ports<\/strong> \u0101tram un efekt\u012bvam uzl\u0101d\u0113\u0161anai.<\/p>\n<p data-start=\"2355\" data-end=\"2561\"><strong data-start=\"2355\" data-end=\"2402\">3. K\u0101ds ir vied\u0101 ekr\u0101na ieguvums?<\/strong><br data-start=\"2402\" data-end=\"2405\" \/>T\u0101 <strong data-start=\"2409\" data-end=\"2430\">LED viedais displejs<\/strong> seko l\u012bdzi j\u016bsu <strong data-start=\"2451\" data-end=\"2499\">akumulatora darb\u012bbas laiks, e-\u0161\u0137idruma l\u012bmenis un p\u016btienu skaits<\/strong>, nodro\u0161inot re\u0101llaika datus nevainojamai tvaic\u0113\u0161anas pieredzei.<\/p>\n<p data-start=\"2563\" data-end=\"2758\"><strong data-start=\"2563\" data-end=\"2614\">4. Vai FIHP 30000 ir regul\u0113jama gaisa pl\u016bsma?<\/strong><br data-start=\"2614\" data-end=\"2617\" \/>J\u0101! J\u016bs varat main\u012bt <strong data-start=\"2641\" data-end=\"2660\">gaisa pl\u016bsmas iestat\u012bjumu<\/strong> lai ieg\u016btu <strong data-start=\"2670\" data-end=\"2696\">cie\u0161\u0101ku vai va\u013c\u012bg\u0101ku vilkmi<\/strong>, uzlabojot j\u016bsu tvaic\u0113\u0161anas pieredzi, lai t\u0101 atbilstu j\u016bsu v\u0113lm\u0113m.<\/p>\n<p data-start=\"2760\" data-end=\"2995\"><strong data-start=\"2760\" data-end=\"2818\">5. Kur es varu ieg\u0101d\u0101ties FIHP 30000 par vairumtirdzniec\u012bbas cen\u0101m?<\/strong><br data-start=\"2818\" data-end=\"2821\" \/>Lai veiktu <strong data-start=\"2825\" data-end=\"2863\">lielapjoma pirkumi un vairumtirdzniec\u012bbas pied\u0101v\u0101jumi<\/strong>, apmekl\u0113jiet <strong data-start=\"2871\" data-end=\"2904\">Vapestornado tie\u0161saistes vape veikals<\/strong> \u2013 j\u016bsu uzticamais avots <strong data-start=\"2931\" data-end=\"2962\">pieejamiem vienreizlietojamiem veipiem<\/strong> ar <strong data-start=\"2968\" data-end=\"2992\">augst\u0101k\u0101 l\u012bme\u0146a veiktsp\u0113ja<\/strong>.<\/p>\n<\/div>\n<\/div>\n<\/div>\n<\/div>","protected":false},"excerpt":{"rendered":"<p>T\u0101 <strong data-start=\"1431\" data-end=\"1462\">WASPE FIHP 30000 Dvesienu Vape<\/strong> pied\u0101v\u0101 du\u0101los veipo\u0161anas re\u017e\u012bmus, viedo ekr\u0101na uzraudz\u012bbu un 28 ml e-\u0161\u0137idruma. Jaud\u012bgs uzl\u0101d\u0113jams variants priek\u0161 <strong data-start=\"1570\" data-end=\"1606\">vairumtirdzniec\u012bbas vape tirgiem Eirop\u0101<\/strong>.<\/p>\n<p><strong>Pievienojiet Eimijas WhatsApp, lai sa\u0146emtu prec\u012bzu atbildi un atlaidi!<\/strong><\/p>\n<p><img fetchpriority=\"high\" decoding=\"async\" class=\"size-full wp-image-2932\" src=\"https:\/\/vapestornado.com\/wp-content\/uploads\/2024\/12\/Vape-Wholesale.jpg\" alt=\"Veipu Vairumtirdzniec\u012bba\" width=\"229\" height=\"300\" \/><\/p>\n<h3><a href=\"https:\/\/wa.me\/8617776015835\"><span style=\"color: #ff0000;\"><strong>WhatsApp: +86 17776015835<\/strong><\/span><\/a><\/h3>\n<p>&nbsp;<\/p>","protected":false},"featured_media":3840,"comment_status":"open","ping_status":"closed","template":"","meta":{"_acf_changed":false,"_uag_custom_page_level_css":"","_lmt_disableupdate":"no","_lmt_disable":"","_monsterinsights_skip_tracking":false,"_monsterinsights_sitenote_active":false,"_monsterinsights_sitenote_note":"","_monsterinsights_sitenote_category":0,"site-sidebar-layout":"default","site-content-layout":"","ast-site-content-layout":"default","site-content-style":"default","site-sidebar-style":"default","ast-global-header-display":"","ast-banner-title-visibility":"","ast-main-header-display":"","ast-hfb-above-header-display":"","ast-hfb-below-header-display":"","ast-hfb-mobile-header-display":"","site-post-title":"","ast-breadcrumbs-content":"","ast-featured-img":"","footer-sml-layout":"","ast-disable-related-posts":"","theme-transparent-header-meta":"default","adv-header-id-meta":"","stick-header-meta":"","header-above-stick-meta":"","header-main-stick-meta":"","header-below-stick-meta":"","astra-migrate-meta-layouts":"set","ast-page-background-enabled":"default","ast-page-background-meta":{"desktop":{"background-color":"","background-image":"","background-repeat":"repeat","background-position":"center center","background-size":"auto","background-attachment":"scroll","background-type":"","background-media":"","overlay-type":"","overlay-color":"","overlay-opacity":"","overlay-gradient":""},"tablet":{"background-color":"","background-image":"","background-repeat":"repeat","background-position":"center center","background-size":"auto","background-attachment":"scroll","background-type":"","background-media":"","overlay-type":"","overlay-color":"","overlay-opacity":"","overlay-gradient":""},"mobile":{"background-color":"","background-image":"","background-repeat":"repeat","background-position":"center center","background-size":"auto","background-attachment":"scroll","background-type":"","background-media":"","overlay-type":"","overlay-color":"","overlay-opacity":"","overlay-gradient":""}},"ast-content-background-meta":{"desktop":{"background-color":"var(--ast-global-color-5)","background-image":"","background-repeat":"repeat","background-position":"center center","background-size":"auto","background-attachment":"scroll","background-type":"","background-media":"","overlay-type":"","overlay-color":"","overlay-opacity":"","overlay-gradient":""},"tablet":{"background-color":"var(--ast-global-color-5)","background-image":"","background-repeat":"repeat","background-position":"center center","background-size":"auto","background-attachment":"scroll","background-type":"","background-media":"","overlay-type":"","overlay-color":"","overlay-opacity":"","overlay-gradient":""},"mobile":{"background-color":"var(--ast-global-color-5)","background-image":"","background-repeat":"repeat","background-position":"center center","background-size":"auto","background-attachment":"scroll","background-type":"","background-media":"","overlay-type":"","overlay-color":"","overlay-opacity":"","overlay-gradient":""}},"_joinchat":{"telephone":"17776015835"}},"product_brand":[],"product_cat":[19,67,151,154,142,146,60],"product_tag":[105,97,250,94,241,93,101,255],"class_list":{"0":"post-3861","1":"product","2":"type-product","3":"status-publish","4":"has-post-thumbnail","6":"product_cat-vapes","7":"product_cat-30000-puff","8":"product_cat-buy-disposable-vapes-in-france","9":"product_cat-buy-disposable-vapes-in-netherlands","10":"product_cat-digital-box-disposable-vapes","11":"product_cat-rechargeable-disposable-vapes","12":"product_cat-waspe-fihp-vape","13":"product_tag-digital-disposable-vape","14":"product_tag-hot-sale-disposable-vape","15":"product_tag-puff-30k","16":"product_tag-rechargeable-disposable-vape","17":"product_tag-smart-screen-disposable-vape","18":"product_tag-vape-wholesale","19":"product_tag-waspe-30k","20":"product_tag-waspe-fihp-30000","21":"desktop-align-left","22":"tablet-align-left","23":"mobile-align-left","25":"first","26":"instock","27":"sale","28":"shipping-taxable","29":"purchasable","30":"product-type-simple"},"acf":[],"uagb_featured_image_src":{"full":["https:\/\/vapestornado.com\/wp-content\/uploads\/2025\/03\/Wasp-FIHP-30000-Puffs-Vape-30k-Popular-Flavours.jpg",800,800,false],"thumbnail":["https:\/\/vapestornado.com\/wp-content\/uploads\/2025\/03\/Wasp-FIHP-30000-Puffs-Vape-30k-Popular-Flavours-150x150.jpg",150,150,true],"medium":["https:\/\/vapestornado.com\/wp-content\/uploads\/2025\/03\/Wasp-FIHP-30000-Puffs-Vape-30k-Popular-Flavours-300x300.jpg",300,300,true],"medium_large":["https:\/\/vapestornado.com\/wp-content\/uploads\/2025\/03\/Wasp-FIHP-30000-Puffs-Vape-30k-Popular-Flavours-768x768.jpg",768,768,true],"large":["https:\/\/vapestornado.com\/wp-content\/uploads\/2025\/03\/Wasp-FIHP-30000-Puffs-Vape-30k-Popular-Flavours.jpg",800,800,false],"1536x1536":["https:\/\/vapestornado.com\/wp-content\/uploads\/2025\/03\/Wasp-FIHP-30000-Puffs-Vape-30k-Popular-Flavours.jpg",800,800,false],"2048x2048":["https:\/\/vapestornado.com\/wp-content\/uploads\/2025\/03\/Wasp-FIHP-30000-Puffs-Vape-30k-Popular-Flavours.jpg",800,800,false],"trp-custom-language-flag":["https:\/\/vapestornado.com\/wp-content\/uploads\/2025\/03\/Wasp-FIHP-30000-Puffs-Vape-30k-Popular-Flavours.jpg",12,12,false],"woocommerce_thumbnail":["https:\/\/vapestornado.com\/wp-content\/uploads\/2025\/03\/Wasp-FIHP-30000-Puffs-Vape-30k-Popular-Flavours-300x300.jpg",300,300,true],"woocommerce_single":["https:\/\/vapestornado.com\/wp-content\/uploads\/2025\/03\/Wasp-FIHP-30000-Puffs-Vape-30k-Popular-Flavours-600x600.jpg",600,600,true],"woocommerce_gallery_thumbnail":["https:\/\/vapestornado.com\/wp-content\/uploads\/2025\/03\/Wasp-FIHP-30000-Puffs-Vape-30k-Popular-Flavours-100x100.jpg",100,100,true]},"uagb_author_info":{"display_name":"ESAMY","author_link":"https:\/\/vapestornado.com\/lv\/author\/"},"uagb_comment_info":0,"uagb_excerpt":"The WASPE FIHP 30000 Puffs Vape features dual vaping modes, smart screen monitoring, and 28ml e-liquid. A powerful rechargeable option for wholesale vape markets in Europe. Add Amy's whatsapp to get right reply and discount price! WhatsApp: +86 17776015835 &nbsp;","_links":{"self":[{"href":"https:\/\/vapestornado.com\/lv\/wp-json\/wp\/v2\/product\/3861","targetHints":{"allow":["GET"]}}],"collection":[{"href":"https:\/\/vapestornado.com\/lv\/wp-json\/wp\/v2\/product"}],"about":[{"href":"https:\/\/vapestornado.com\/lv\/wp-json\/wp\/v2\/types\/product"}],"replies":[{"embeddable":true,"href":"https:\/\/vapestornado.com\/lv\/wp-json\/wp\/v2\/comments?post=3861"}],"wp:featuredmedia":[{"embeddable":true,"href":"https:\/\/vapestornado.com\/lv\/wp-json\/wp\/v2\/media\/3840"}],"wp:attachment":[{"href":"https:\/\/vapestornado.com\/lv\/wp-json\/wp\/v2\/media?parent=3861"}],"wp:term":[{"taxonomy":"product_brand","embeddable":true,"href":"https:\/\/vapestornado.com\/lv\/wp-json\/wp\/v2\/product_brand?post=3861"},{"taxonomy":"product_cat","embeddable":true,"href":"https:\/\/vapestornado.com\/lv\/wp-json\/wp\/v2\/product_cat?post=3861"},{"taxonomy":"product_tag","embeddable":true,"href":"https:\/\/vapestornado.com\/lv\/wp-json\/wp\/v2\/product_tag?post=3861"}],"curies":[{"name":"wp","href":"https:\/\/api.w.org\/{rel}","templated":true}]}}