{"id":3859,"date":"2025-03-14T08:36:08","date_gmt":"2025-03-14T08:36:08","guid":{"rendered":"https:\/\/vapestornado.com\/?post_type=product&#038;p=3859"},"modified":"2025-08-23T12:40:31","modified_gmt":"2025-08-23T12:40:31","slug":"vapsolo-galaxy-30000-vapers-30k-puff-disposable-vape-e-cigarette-with-smart-screen","status":"publish","type":"product","link":"https:\/\/vapestornado.com\/lv\/product\/vapsolo-galaxy-30000-vapers-30k-puff-disposable-vape-e-cigarette-with-smart-screen\/","title":{"rendered":"Vapsolo Galaxy 30000 veipi 30K dvesmu vienreiz\u0113j\u0101s lieto\u0161anas veipa e-cigarete ar viedo ekr\u0101nu"},"content":{"rendered":"<h1 data-pm-slice=\"1 1 []\">Vapsolo Galaxy 30000 veipi 30K dvesmu vienreiz\u0113j\u0101s lieto\u0161anas veipa e-cigarete ar viedo ekr\u0101nu<\/h1>\n<p>&nbsp;<\/p>\n<p>T\u0101 <strong data-start=\"343\" data-end=\"389\">Vapsolo Galaxy 30000 dvesienu vienreiz\u0113j\u0101s lieto\u0161anas veips<\/strong> uzst\u0101da jaunu etalonu premium e-cigaret\u0113m, apvienojot <strong data-start=\"447\" data-end=\"517\">ilgsto\u0161u ietilp\u012bbu, viedo sk\u0101rienekr\u0101nu un regul\u0113jamu gaisa pl\u016bsmu<\/strong> vien\u0101 kompakt\u0101 ier\u012bc\u0113. Pied\u0101v\u0101jot l\u012bdz pat <strong data-start=\"556\" data-end=\"572\">30 000 uzp\u016btienu<\/strong>, \u0161is veips ir paredz\u0113ts veipot\u0101jiem, kuri v\u0113las gan iztur\u012bbu, gan gar\u0161as daudzveid\u012bbu.<\/p>\n<p>T\u0101 <strong data-start=\"663\" data-end=\"691\">kr\u0101sains viedais displejs<\/strong> nodro\u0161ina re\u0101llaika ieskatu akumulatora darb\u012bbas laik\u0101 un e-\u0161\u0137idruma l\u012bme\u0146os, savuk\u0101rt <strong data-start=\"769\" data-end=\"806\">4 l\u012bme\u0146u regul\u0113jama gaisa pl\u016bsmas sist\u0113ma<\/strong> \u013cauj personaliz\u0113tus vilkumus \u2014 s\u0101kot no cie\u0161iem MTL vilcieniem l\u012bdz gludiem DTL m\u0101ko\u0146iem. Darbojas ar <strong data-start=\"901\" data-end=\"932\">850mAh uzl\u0101d\u0113jams akumulators<\/strong> ar C tipa \u0101tro uzl\u0101di, Galaxy 30K nodro\u0161ina minim\u0101lu d\u012bkst\u0101vi un maksim\u0101lu \u0113rt\u012bbu.<\/p>\n<p>Pateicoties <strong data-start=\"1044\" data-end=\"1077\">unik\u0101ls tintes mazg\u0101\u0161anas kr\u0101su dizains<\/strong> katrai gar\u0161ai, \u0161is veips ne tikai labi darbojas, bet ar\u012b izskat\u0101s satrieco\u0161i. Iepriek\u0161 piepild\u012bts ar <strong data-start=\"1172\" data-end=\"1192\">premium e-\u0161\u0137idrumu<\/strong> un pieejams da\u017e\u0101dos nikot\u012bna stiprumos, tas ir piem\u0113rots gan ikdienas lietot\u0101jiem, gan smagiem veipot\u0101jiem.<\/p>\n<p>Mazumtirgot\u0101jiem un izplat\u012bt\u0101jiem Galaxy 30K pied\u0101v\u0101 nep\u0101rsp\u0113jamu v\u0113rt\u012bbu par <strong data-start=\"1371\" data-end=\"1400\">vairumtirdzniec\u012bbas beztaras pirkuma cen\u0101m<\/strong>, padarot to par oblig\u0101tu preci jebkur\u0101 Eiropas veipu invent\u0101r\u0101.<\/p>\n<p><strong><span style=\"color: #ff0000;\">Pievienojiet Eimijas whatsapp, lai sa\u0146emtu pareizu atbildi un iztvaic\u0113t\u0101ja kuponu!<\/span><\/strong><\/p>\n<p><img fetchpriority=\"high\" decoding=\"async\" class=\"size-full wp-image-2932\" src=\"https:\/\/vapestornado.com\/wp-content\/uploads\/2024\/12\/Vape-Wholesale.jpg\" alt=\"Veipu Vairumtirdzniec\u012bba\" width=\"229\" height=\"300\" \/><\/p>\n<h3><a href=\"https:\/\/wa.me\/8617776015835\" target=\"_blank\" rel=\"noopener\"><span style=\"color: #ff0000;\"><strong>WhatsApp: +86 17776015835<\/strong><\/span><\/a><\/h3>\n<p>&nbsp;<\/p>\n<h2><strong>Vapsolo Galaxy 30000 Digital Box produkta \u012bpa\u0161\u012bbas<\/strong><\/h2>\n<p>Dvesieni: 30000 dvesieni<br \/>\nDivk\u0101r\u0161a sieta spole 1,0 omi<br \/>\nAkumulators: 850mAh<br \/>\nE-\u0161\u0137idrums: 40ml<br \/>\nNikot\u012bns: 2%\/5% Nikot\u012bns<br \/>\nType-c uzl\u0101de<br \/>\nEkr\u0101na displeji e\u013c\u013cai un akumulatoram<\/p>\n<figure id=\"attachment_3854\" aria-describedby=\"caption-attachment-3854\" style=\"width: 800px\" class=\"wp-caption alignnone\"><img decoding=\"async\" class=\"wp-image-3854 size-full\" src=\"https:\/\/vapestornado.com\/wp-content\/uploads\/2025\/03\/Original-Vapsolo-30000-Puffs-Best-Flavor.webp\" alt=\"Ori\u0123in\u0101lais Vapsolo 30000 dvesmas lab\u0101k\u0101 gar\u0161a\" width=\"800\" height=\"800\" srcset=\"https:\/\/vapestornado.com\/wp-content\/uploads\/2025\/03\/Original-Vapsolo-30000-Puffs-Best-Flavor.webp 800w, https:\/\/vapestornado.com\/wp-content\/uploads\/2025\/03\/Original-Vapsolo-30000-Puffs-Best-Flavor-300x300.webp 300w, https:\/\/vapestornado.com\/wp-content\/uploads\/2025\/03\/Original-Vapsolo-30000-Puffs-Best-Flavor-150x150.webp 150w, https:\/\/vapestornado.com\/wp-content\/uploads\/2025\/03\/Original-Vapsolo-30000-Puffs-Best-Flavor-768x768.webp 768w, https:\/\/vapestornado.com\/wp-content\/uploads\/2025\/03\/Original-Vapsolo-30000-Puffs-Best-Flavor-600x600.webp 600w, https:\/\/vapestornado.com\/wp-content\/uploads\/2025\/03\/Original-Vapsolo-30000-Puffs-Best-Flavor-100x100.webp 100w\" sizes=\"(max-width: 800px) 100vw, 800px\" \/><figcaption id=\"caption-attachment-3854\" class=\"wp-caption-text\">Ori\u0123in\u0101lais Vapsolo 30000 dvesmas lab\u0101k\u0101 gar\u0161a<\/figcaption><\/figure>\n<h2 class=\"product-title\"><strong>Vapsolo Galaxy 30k gar\u0161u saraksts<\/strong><\/h2>\n<p>&nbsp;<\/p>\n<p>1.Ave\u0146u arb\u016bzs <strong><span style=\"color: #ff0000;\">&gt;&gt;&gt;&gt; Karsts!<\/span><\/strong><\/p>\n<p>2.Zil\u0101 ave\u0146u gar\u0161a <strong><span style=\"color: #ff0000;\">&gt;&gt;&gt;&gt; Lab\u0101kais!<\/span><\/strong><\/p>\n<p>3.Ananass kokosrieksts<\/p>\n<p>4. Arb\u016bzu ledus<\/p>\n<p>5.Citronlaims<\/p>\n<p>6.Meln\u0101 ledus p\u016b\u0137a auglis<strong><span style=\"color: #ff0000;\">&gt;&gt;&gt;&gt; Karsts!<\/span><\/strong><\/p>\n<p>7.Citronu persiks<\/p>\n<p>8.Zeme\u0146u ave\u0146u \u0137ir\u0161u ledus <strong><span style=\"color: #ff0000;\">&gt;&gt;&gt;&gt; Karsts!<\/span><\/strong><\/p>\n<p>9.Zeme\u0146u kivi<\/p>\n<p>10. Zeme\u0146u Redbull <strong><span style=\"color: #ff0000;\">&gt;&gt;&gt;&gt; Karsts!<\/span><\/strong><\/p>\n<p>11. Zeme\u0146u ban\u0101ns<\/p>\n<p>12. Tr\u012bsk\u0101r\u0161\u0101 melone <strong><span style=\"color: #ff0000;\">&gt;&gt;&gt;&gt; Karsts!<\/span><\/strong><\/p>\n<article class=\"w-full text-token-text-primary focus-visible:outline-2 focus-visible:outline-offset-[-4px]\" dir=\"auto\" data-testid=\"conversation-turn-32\" data-scroll-anchor=\"false\">\n<div class=\"m-auto text-base py-[18px] px-6\">\n<div class=\"mx-auto flex flex-1 text-base gap-4 md:gap-5 lg:gap-6 md:max-w-3xl lg:max-w-[40rem] xl:max-w-[48rem]\">\n<div class=\"group\/conversation-turn relative flex w-full min-w-0 flex-col @xs\/thread:px-0 @sm\/thread:px-1.5 @md\/thread:px-4\">\n<div class=\"flex-col gap-1 md:gap-3\">\n<div class=\"flex max-w-full flex-col flex-grow\">\n<div class=\"min-h-8 text-message flex w-full flex-col items-end gap-2 whitespace-normal break-words text-start [.text-message+&amp;]:mt-5\" dir=\"auto\" data-message-author-role=\"user\" data-message-id=\"ffac41ca-1db4-431b-873a-32c4052956f1\">\n<div class=\"flex w-full flex-col gap-1 empty:hidden items-end rtl:items-start\">\n<div class=\"relative max-w-[var(--user-chat-width,70%)] rounded-3xl bg-token-message-surface px-5 py-2.5\">\n<div class=\"absolute bottom-0 right-full top-0 -mr-3.5 hidden pr-5 pt-2 [.group\/conversation-turn:hover_&amp;]:flex\">\n<div class=\"flex\">\n<article class=\"w-full text-token-text-primary focus-visible:outline-2 focus-visible:outline-offset-[-4px]\" dir=\"auto\" data-testid=\"conversation-turn-39\" data-scroll-anchor=\"true\">\n<div class=\"m-auto text-base py-[18px] px-6\">\n<div class=\"mx-auto flex flex-1 text-base gap-4 md:gap-5 lg:gap-6 md:max-w-3xl lg:max-w-[40rem] xl:max-w-[48rem]\">\n<div class=\"group\/conversation-turn relative flex w-full min-w-0 flex-col agent-turn @xs\/thread:px-0 @sm\/thread:px-1.5 @md\/thread:px-4\">\n<div class=\"flex-col gap-1 md:gap-3\">\n<div class=\"flex max-w-full flex-col flex-grow\">\n<div class=\"min-h-8 text-message flex w-full flex-col items-end gap-2 whitespace-normal break-words text-start [.text-message+&amp;]:mt-5\" dir=\"auto\" data-message-author-role=\"assistant\" data-message-id=\"55a23854-ec57-48dd-bd4f-6118f43d6241\" data-message-model-slug=\"gpt-4o\">\n<div class=\"flex w-full flex-col gap-1 empty:hidden first:pt-[3px]\">\n<div class=\"markdown prose w-full break-words dark:prose-invert light\"><\/div>\n<\/div>\n<\/div>\n<\/div>\n<\/div>\n<\/div>\n<\/div>\n<\/div>\n<\/article>\n<\/div>\n<\/div>\n<\/div>\n<\/div>\n<\/div>\n<\/div>\n<\/div>\n<\/div>\n<\/div>\n<\/div>\n<\/article>\n<h2>K\u0101p\u0113c izv\u0113l\u0113ties vapestornado Vapsolo Galaxy 30000 Vape vairumtirdzniec\u012bbai?<\/h2>\n<div class=\"flex-shrink-0 flex flex-col relative items-end\">\n<div class=\"pt-0\">\n<div class=\"gizmo-bot-avatar flex h-8 w-8 items-center justify-center overflow-hidden rounded-full\">\n<div class=\"relative p-1 rounded-sm flex items-center justify-center bg-token-main-surface-primary text-token-text-primary h-8 w-8\">\n<p>Laipni l\u016bdzam vapestornado, j\u016bsu uzticamaj\u0101 tie\u0161saistes vape veikal\u0101, kur\u0101 var ieg\u0101d\u0101ties augst\u0101k\u0101s kvalit\u0101tes vienreiz\u0113j\u0101s lieto\u0161anas vape. Ar vair\u0101k nek\u0101 5 gadu pieredzi m\u0113s pied\u0101v\u0101jam jums popul\u0101rus vienreiz\u0113j\u0101s lieto\u0161anas vape z\u012bmolus, piem\u0113ram, Fumot RandM Vape, Vapme, Bang Vape, Waspe Vape un WGA Vape utt.<\/p>\n<p>M\u016bsu kl\u0101st\u0101 ir iek\u013cauti karstie divu gar\u0161u vienreiz\u0113j\u0101s lieto\u0161anas vapes, piem\u0113ram, <a href=\"https:\/\/vapestornado.com\/lv\/product\/waspe-fihp-36000-36k-puff-twins-flavor-rechargeable-disposable-vape-bulk-buy-at-wholesale-prices\/\">FIHP 36K P\u016b\u0161u dv\u012b\u0146u arom\u0101ts<\/a>, <a href=\"https:\/\/vapestornado.com\/lv\/product\/waspe-crystal-40000-puffs-40k-double-flavor-rechargeable-disposable-vapes-cheap-price\/\">WASPE Crystal 40k Dubult\u0101 arom\u0101ts<\/a> un gar\u0161as bag\u0101t\u012bgas izv\u0113les, piem\u0113ram, <a href=\"https:\/\/vapestornado.com\/lv\/product\/razzbar-15000-puffs-rechargeable-disposable-vape-bulk-buy-at-cheap-prices\/\">RAZZBAR 15000 P\u016b\u0161u<\/a>. Katrs produkts ir izv\u0113l\u0113ts, koncentr\u0113joties uz kvalit\u0101ti, v\u0113rt\u012bbu un daudzveid\u012bbu, nodro\u0161inot, ka j\u016bs atrad\u012bsiet perfektu atbilst\u012bbu sav\u0101m vajadz\u012bb\u0101m. Atkl\u0101jiet izcilu servisu un pla\u0161u popul\u0101r\u0101ko produktu kl\u0101stu par vairumtirdzniec\u012bbas cen\u0101m vietn\u0113 vapestornado.<\/p>\n<\/div>\n<h3><\/h3>\n<div class=\"relative p-1 rounded-sm flex items-center justify-center bg-token-main-surface-primary text-token-text-primary h-8 w-8\">\n<h2>Bie\u017e\u0101k uzdotie jaut\u0101jumi par Vapsolo Galaxy 30000 vienreizlietojamo e-cigareti<\/h2>\n<\/div>\n<\/div>\n<\/div>\n<\/div>\n<div class=\"flex-shrink-0 flex flex-col relative items-end\">\n<div class=\"pt-0\">\n<div class=\"gizmo-bot-avatar flex h-8 w-8 items-center justify-center overflow-hidden rounded-full\">\n<div class=\"relative p-1 rounded-sm flex items-center justify-center bg-token-main-surface-primary text-token-text-primary h-8 w-8\">\n<div class=\"mb-2 flex gap-3 empty:hidden -ml-2\">\n<ol data-start=\"1890\" data-end=\"2794\">\n<li data-start=\"1890\" data-end=\"2083\">\n<p data-start=\"1893\" data-end=\"1966\"><strong data-start=\"1893\" data-end=\"1964\">Kur var ieg\u0101d\u0101ties Vapsolo Galaxy 30000 Puffs par vairumtirdzniec\u012bbas cen\u0101m?<\/strong><\/p>\n<ul data-start=\"1970\" data-end=\"2083\">\n<li data-start=\"1970\" data-end=\"2083\">J\u016bs varat sa\u0146emt <strong data-start=\"1984\" data-end=\"2008\">ekskluz\u012bvus lielapjoma pied\u0101v\u0101jumus<\/strong> vietn\u0113 Vapestornado<strong data-start=\"2012\" data-end=\"2040\">\u00a0tie\u0161saistes tvaiku veikalu<\/strong>, uzticamo avotu vairumtirdzniec\u012bbas veipiem.<\/li>\n<\/ul>\n<\/li>\n<li data-start=\"2085\" data-end=\"2278\">\n<p data-start=\"2088\" data-end=\"2125\"><strong data-start=\"2088\" data-end=\"2123\">K\u0101 darbojas viedais ekr\u0101ns?<\/strong><\/p>\n<ul data-start=\"2129\" data-end=\"2278\">\n<li data-start=\"2129\" data-end=\"2278\">T\u0101 <strong data-start=\"2135\" data-end=\"2164\">viedais sk\u0101rienekr\u0101na displejs<\/strong> nodro\u0161ina <strong data-start=\"2174\" data-end=\"2231\">re\u0101llaika atjaunin\u0101jumus par akumulatora darb\u012bbas laiku un e-\u0161\u0137idruma l\u012bmeni<\/strong>, sniedzot jums piln\u012bgu kontroli p\u0101r savu veipu.<\/li>\n<\/ul>\n<\/li>\n<li data-start=\"2280\" data-end=\"2442\">\n<p data-start=\"2283\" data-end=\"2324\"><strong data-start=\"2283\" data-end=\"2322\">Vai Vapsolo Galaxy ir uzl\u0101d\u0113jams?<\/strong><\/p>\n<ul data-start=\"2328\" data-end=\"2442\">\n<li data-start=\"2328\" data-end=\"2442\">J\u0101! T\u0101 <strong data-start=\"2339\" data-end=\"2357\">850mAh akumulators<\/strong> is <strong data-start=\"2361\" data-end=\"2384\">Type-C uzl\u0101d\u0113jams<\/strong>, nodro\u0161inot ilgsto\u0161u veiktsp\u0113ju ar \u0101tru uzl\u0101di.<\/li>\n<\/ul>\n<\/li>\n<li data-start=\"2444\" data-end=\"2614\">\n<p data-start=\"2447\" data-end=\"2491\"><strong data-start=\"2447\" data-end=\"2489\">Vai \u0161im veipam var regul\u0113t gaisa pl\u016bsmu?<\/strong><\/p>\n<ul data-start=\"2495\" data-end=\"2614\">\n<li data-start=\"2495\" data-end=\"2614\">Noteikti! The <strong data-start=\"2513\" data-end=\"2543\">4 l\u012bme\u0146u gaisa pl\u016bsmas regul\u0113\u0161ana<\/strong> \u013cauj jums piel\u0101got vilkmi ide\u0101lai tvaic\u0113\u0161anas pieredzei.<\/li>\n<\/ul>\n<\/li>\n<li data-start=\"2616\" data-end=\"2794\">\n<p data-start=\"2619\" data-end=\"2666\"><strong data-start=\"2619\" data-end=\"2664\">Vai \u0161o vape var ieg\u0101d\u0101ties vairum\u0101?<\/strong><\/p>\n<ul data-start=\"2670\" data-end=\"2794\">\n<li data-start=\"2670\" data-end=\"2794\">J\u0101! T\u0101 <strong data-start=\"2681\" data-end=\"2711\">Vapsolo Galaktika 30000 P\u016b\u0161\u013ci<\/strong> ir ide\u0101li piem\u0113rots <strong data-start=\"2725\" data-end=\"2745\">vairumtirdzniec\u012bbas pirc\u0113jiem<\/strong>, pied\u0101v\u0101jot <strong data-start=\"2756\" data-end=\"2791\">augst\u0101k\u0101s klases funkcijas par zem\u0101m cen\u0101m<\/strong>.<\/li>\n<\/ul>\n<\/li>\n<\/ol>\n<h4>K\u0101 pas\u016bt\u012bt?<\/h4>\n<p><strong>1. K\u0101dus maks\u0101jumu veidus j\u016bs pie\u0146emat?<\/strong><br \/>\nM\u0113s pie\u0146emam IBAN p\u0101rskait\u012bjumus un <span style=\"font-size: 16px;\">Western Union<\/span>\u00a0dro\u0161iem un \u0113rtiem dar\u012bjumiem.<\/p>\n<p><strong>2. K\u0101 es varu izsekot savam pas\u016bt\u012bjumam?<\/strong><br \/>\nKad j\u016bsu pas\u016bt\u012bjums ir nos\u016bt\u012bts, <span class=\"selectable-text copyable-text false\">m\u0113s past\u0101v\u012bgi atjaunin\u0101sim kravu izseko\u0161anu, l\u012bdz j\u016bs sa\u0146emsiet kravas<\/span>.<\/p>\n<p><strong>3. K\u0101ds ir paredzamais pieg\u0101des laiks?<\/strong><\/p>\n<ul>\n<li>Pieg\u0101de no <strong>\u0136\u012bnas noliktav\u0101m<\/strong> aiz\u0146em aptuveni <strong>7\u201314 darba dienas<\/strong>.<\/li>\n<li>Pieg\u0101de no <strong>Eiropas noliktavas<\/strong> parasti aiz\u0146em <strong>3\u20136 darba dienas<\/strong>.<\/li>\n<\/ul>\n<p><strong>4. K\u0101 es varu sa\u0146emt \u0101tr\u0101ku pieg\u0101di?<\/strong><br \/>\nLai sa\u0146emtu \u0101tr\u0101ku pieg\u0101di, iesak\u0101m pas\u016bt\u012bt no m\u016bsu <strong>Eiropas noliktavas<\/strong>, kas pied\u0101v\u0101 \u0101tr\u0101ku pieg\u0101des laiku.<\/p>\n<p><strong>5. K\u0101 es varu atgriezt preci?<\/strong><br \/>\nLai atgrieztu preci, sazinieties ar m\u016bsu klientu apkalpo\u0161anas komandu, lai sa\u0146emtu detaliz\u0113tus nor\u0101d\u012bjumus par atgrie\u0161anas procesu.<\/p>\n<p><strong>6. Vai j\u016bs pied\u0101v\u0101jat starptautisku pieg\u0101di?<\/strong><br \/>\nJ\u0101, m\u0113s pieg\u0101d\u0101jam uz liel\u0101ko da\u013cu valstu un apstr\u0101d\u0101jam <strong>muitas formalit\u0101tes<\/strong> lai nodro\u0161in\u0101tu vienm\u0113r\u012bgu pieg\u0101des pieredzi.<\/p>\n<p><strong>7. Ko dar\u012bt, ja es sa\u0146emu boj\u0101tu vai defekt\u012bvu produktu?<\/strong><br \/>\nJa j\u016bsu prece ir boj\u0101ta vai defekt\u012bva, sazinieties ar klientu apkalpo\u0161anas dienestu, lai sa\u0146emtu <strong>nomai\u0146u vai atmaksu<\/strong>.<\/p>\n<p><strong>8. K\u0101 es varu sazin\u0101ties ar klientu apkalpo\u0161anas dienestu?<\/strong><br \/>\nJ\u016bs varat sazin\u0101ties ar mums, izmantojot <strong>e-pastu, WhatsApp vai tie\u0161saistes t\u0113rz\u0113\u0161anu<\/strong> m\u016bsu t\u012bmek\u013ca vietn\u0113, lai sa\u0146emtu pal\u012bdz\u012bbu.<\/p>\n<\/div>\n<\/div>\n<\/div>\n<\/div>\n<\/div>","protected":false},"excerpt":{"rendered":"<p>Ori\u0123in\u0101lie Vapsolo 30000 uzp\u016btienu lab\u0101kie ekr\u0101na iztvaic\u0113t\u0101ji Vape<br \/>\nR\u016bpn\u012bcas vairumtirdzniec\u012bba Vapsolo Galaxy Vapers 30K uzp\u016btienu vienreiz\u0113j\u0101s lieto\u0161anas vape<br \/>\nVapsolo Galaxy 30000 uzp\u016btienu viedie vienreiz\u0113j\u0101s lieto\u0161anas vape lielapjoma cena<\/p>\n<p><strong>Pievienojiet Eimijas WhatsApp, lai sa\u0146emtu prec\u012bzu atbildi un atlaidi!<\/strong><\/p>\n<p><img fetchpriority=\"high\" decoding=\"async\" class=\"size-full wp-image-2932\" src=\"https:\/\/vapestornado.com\/wp-content\/uploads\/2024\/12\/Vape-Wholesale.jpg\" alt=\"Veipu Vairumtirdzniec\u012bba\" width=\"229\" height=\"300\" \/><\/p>\n<h3><a href=\"https:\/\/wa.me\/8617776015835\"><span style=\"color: #ff0000;\"><strong>WhatsApp: +86 17776015835<\/strong><\/span><\/a><\/h3>\n<p>&nbsp;<\/p>","protected":false},"featured_media":3855,"comment_status":"open","ping_status":"closed","template":"","meta":{"_acf_changed":false,"_uag_custom_page_level_css":"","_lmt_disableupdate":"no","_lmt_disable":"","_monsterinsights_skip_tracking":false,"_monsterinsights_sitenote_active":false,"_monsterinsights_sitenote_note":"","_monsterinsights_sitenote_category":0,"site-sidebar-layout":"default","site-content-layout":"","ast-site-content-layout":"default","site-content-style":"default","site-sidebar-style":"default","ast-global-header-display":"","ast-banner-title-visibility":"","ast-main-header-display":"","ast-hfb-above-header-display":"","ast-hfb-below-header-display":"","ast-hfb-mobile-header-display":"","site-post-title":"","ast-breadcrumbs-content":"","ast-featured-img":"","footer-sml-layout":"","ast-disable-related-posts":"","theme-transparent-header-meta":"default","adv-header-id-meta":"","stick-header-meta":"","header-above-stick-meta":"","header-main-stick-meta":"","header-below-stick-meta":"","astra-migrate-meta-layouts":"set","ast-page-background-enabled":"default","ast-page-background-meta":{"desktop":{"background-color":"","background-image":"","background-repeat":"repeat","background-position":"center center","background-size":"auto","background-attachment":"scroll","background-type":"","background-media":"","overlay-type":"","overlay-color":"","overlay-opacity":"","overlay-gradient":""},"tablet":{"background-color":"","background-image":"","background-repeat":"repeat","background-position":"center center","background-size":"auto","background-attachment":"scroll","background-type":"","background-media":"","overlay-type":"","overlay-color":"","overlay-opacity":"","overlay-gradient":""},"mobile":{"background-color":"","background-image":"","background-repeat":"repeat","background-position":"center center","background-size":"auto","background-attachment":"scroll","background-type":"","background-media":"","overlay-type":"","overlay-color":"","overlay-opacity":"","overlay-gradient":""}},"ast-content-background-meta":{"desktop":{"background-color":"var(--ast-global-color-5)","background-image":"","background-repeat":"repeat","background-position":"center center","background-size":"auto","background-attachment":"scroll","background-type":"","background-media":"","overlay-type":"","overlay-color":"","overlay-opacity":"","overlay-gradient":""},"tablet":{"background-color":"var(--ast-global-color-5)","background-image":"","background-repeat":"repeat","background-position":"center center","background-size":"auto","background-attachment":"scroll","background-type":"","background-media":"","overlay-type":"","overlay-color":"","overlay-opacity":"","overlay-gradient":""},"mobile":{"background-color":"var(--ast-global-color-5)","background-image":"","background-repeat":"repeat","background-position":"center center","background-size":"auto","background-attachment":"scroll","background-type":"","background-media":"","overlay-type":"","overlay-color":"","overlay-opacity":"","overlay-gradient":""}},"_joinchat":{"telephone":"17776015835"}},"product_brand":[],"product_cat":[19,67,149,158,143,146,171],"product_tag":[105,97,250,94,241,93,249],"class_list":{"0":"post-3859","1":"product","2":"type-product","3":"status-publish","4":"has-post-thumbnail","6":"product_cat-vapes","7":"product_cat-30000-puff","8":"product_cat-buy-disposable-vapes-in-austria","9":"product_cat-buy-disposable-vapes-in-spain","10":"product_cat-dual-mesh-disposable-vapes","11":"product_cat-rechargeable-disposable-vapes","12":"product_cat-vapsolo-disposable-vapes","13":"product_tag-digital-disposable-vape","14":"product_tag-hot-sale-disposable-vape","15":"product_tag-puff-30k","16":"product_tag-rechargeable-disposable-vape","17":"product_tag-smart-screen-disposable-vape","18":"product_tag-vape-wholesale","19":"product_tag-vapsolo-galaxy-30000","20":"desktop-align-left","21":"tablet-align-left","22":"mobile-align-left","24":"first","25":"instock","26":"sale","27":"shipping-taxable","28":"purchasable","29":"product-type-simple"},"acf":[],"uagb_featured_image_src":{"full":["https:\/\/vapestornado.com\/wp-content\/uploads\/2025\/03\/Vapsolo-Galaxy-30k-30000-Puffs-Disposable-Vape.webp",800,800,false],"thumbnail":["https:\/\/vapestornado.com\/wp-content\/uploads\/2025\/03\/Vapsolo-Galaxy-30k-30000-Puffs-Disposable-Vape-150x150.webp",150,150,true],"medium":["https:\/\/vapestornado.com\/wp-content\/uploads\/2025\/03\/Vapsolo-Galaxy-30k-30000-Puffs-Disposable-Vape-300x300.webp",300,300,true],"medium_large":["https:\/\/vapestornado.com\/wp-content\/uploads\/2025\/03\/Vapsolo-Galaxy-30k-30000-Puffs-Disposable-Vape-768x768.webp",768,768,true],"large":["https:\/\/vapestornado.com\/wp-content\/uploads\/2025\/03\/Vapsolo-Galaxy-30k-30000-Puffs-Disposable-Vape.webp",800,800,false],"1536x1536":["https:\/\/vapestornado.com\/wp-content\/uploads\/2025\/03\/Vapsolo-Galaxy-30k-30000-Puffs-Disposable-Vape.webp",800,800,false],"2048x2048":["https:\/\/vapestornado.com\/wp-content\/uploads\/2025\/03\/Vapsolo-Galaxy-30k-30000-Puffs-Disposable-Vape.webp",800,800,false],"trp-custom-language-flag":["https:\/\/vapestornado.com\/wp-content\/uploads\/2025\/03\/Vapsolo-Galaxy-30k-30000-Puffs-Disposable-Vape.webp",12,12,false],"woocommerce_thumbnail":["https:\/\/vapestornado.com\/wp-content\/uploads\/2025\/03\/Vapsolo-Galaxy-30k-30000-Puffs-Disposable-Vape-300x300.webp",300,300,true],"woocommerce_single":["https:\/\/vapestornado.com\/wp-content\/uploads\/2025\/03\/Vapsolo-Galaxy-30k-30000-Puffs-Disposable-Vape-600x600.webp",600,600,true],"woocommerce_gallery_thumbnail":["https:\/\/vapestornado.com\/wp-content\/uploads\/2025\/03\/Vapsolo-Galaxy-30k-30000-Puffs-Disposable-Vape-100x100.webp",100,100,true]},"uagb_author_info":{"display_name":"ESAMY","author_link":"https:\/\/vapestornado.com\/lv\/author\/"},"uagb_comment_info":0,"uagb_excerpt":"Original Vapsolo 30000 Puffs Best Screen Vaporizers Vape Factory Wholesale Vapsolo Galaxy Vapers 30K Puff Disposable Vape Vapsolo Galaxy 30000 Puff Smart Disposables Vape Bulk Price Add Amy's whatsapp to get right reply and discount price! WhatsApp: +86 17776015835 &nbsp;","_links":{"self":[{"href":"https:\/\/vapestornado.com\/lv\/wp-json\/wp\/v2\/product\/3859","targetHints":{"allow":["GET"]}}],"collection":[{"href":"https:\/\/vapestornado.com\/lv\/wp-json\/wp\/v2\/product"}],"about":[{"href":"https:\/\/vapestornado.com\/lv\/wp-json\/wp\/v2\/types\/product"}],"replies":[{"embeddable":true,"href":"https:\/\/vapestornado.com\/lv\/wp-json\/wp\/v2\/comments?post=3859"}],"wp:featuredmedia":[{"embeddable":true,"href":"https:\/\/vapestornado.com\/lv\/wp-json\/wp\/v2\/media\/3855"}],"wp:attachment":[{"href":"https:\/\/vapestornado.com\/lv\/wp-json\/wp\/v2\/media?parent=3859"}],"wp:term":[{"taxonomy":"product_brand","embeddable":true,"href":"https:\/\/vapestornado.com\/lv\/wp-json\/wp\/v2\/product_brand?post=3859"},{"taxonomy":"product_cat","embeddable":true,"href":"https:\/\/vapestornado.com\/lv\/wp-json\/wp\/v2\/product_cat?post=3859"},{"taxonomy":"product_tag","embeddable":true,"href":"https:\/\/vapestornado.com\/lv\/wp-json\/wp\/v2\/product_tag?post=3859"}],"curies":[{"name":"wp","href":"https:\/\/api.w.org\/{rel}","templated":true}]}}