{"id":3796,"date":"2025-02-19T07:21:03","date_gmt":"2025-02-19T07:21:03","guid":{"rendered":"https:\/\/vapestornado.com\/?post_type=product&#038;p=3796"},"modified":"2025-08-23T09:18:00","modified_gmt":"2025-08-23T09:18:00","slug":"waspe-12000-digital-box-12k-puff-vapes-disposable-wholesale-price","status":"publish","type":"product","link":"https:\/\/vapestornado.com\/lv\/product\/waspe-12000-digital-box-12k-puff-vapes-disposable-wholesale-price\/","title":{"rendered":"Waspe 12000 Digital Box 12k Dvesmas Vapes Vienreiz\u0113j\u0101s Lieto\u0161anas Vairumtirdzniec\u012bbas Cena"},"content":{"rendered":"<h1 data-pm-slice=\"1 1 []\">Waspe 12000 Digital Box 12k Dvesmas Vapes Vienreiz\u0113j\u0101s Lieto\u0161anas Vairumtirdzniec\u012bbas Cena<del><br \/>\n<\/del><\/h1>\n<p data-start=\"235\" data-end=\"489\">T\u0101 <strong data-start=\"239\" data-end=\"282\">Waspe 12000 Digital Box vienreiz\u0113j\u0101s lieto\u0161anas vape<\/strong> apvieno ietilp\u012bbu, veiktsp\u0113ju un \u0113rt\u012bbas vien\u0101 elegant\u0101 ier\u012bc\u0113. Ar l\u012bdz pat <strong data-start=\"363\" data-end=\"379\">12 000 uzp\u016b\u0161u<\/strong> un <strong data-start=\"386\" data-end=\"408\">25 ml e-\u0161\u0137idruma tvertne<\/strong>, tas nodro\u0161ina ilgsto\u0161as sesijas, kas patiks gan ikdienas, gan intens\u012bviem lietot\u0101jiem.<\/p>\n<p data-start=\"491\" data-end=\"721\">Apr\u012bkots ar <strong data-start=\"508\" data-end=\"538\">integr\u0113to digit\u0101lo displeju<\/strong>, lietot\u0101ji var viegli re\u0101llaik\u0101 uzraudz\u012bt uzp\u016btienu skaitu un akumulatora darb\u012bbas laiku. The <strong data-start=\"611\" data-end=\"642\">650mAh uzl\u0101d\u0113jams akumulators<\/strong> ar <strong data-start=\"648\" data-end=\"672\">C tipa \u0101tr\u0101 uzl\u0101de<\/strong> nodro\u0161ina efekt\u012bvu izmanto\u0161anu bez e-\u0161\u0137idruma iz\u0161\u0137\u0113rd\u0113\u0161anas.<\/p>\n<p data-start=\"723\" data-end=\"948\">Izmantojot <strong data-start=\"729\" data-end=\"758\">dubultu sieta spoles tehnolo\u0123iju<\/strong>, Waspe 12K nodro\u0161ina vienm\u0113r\u012bgu tvaika ra\u017eo\u0161anu un bag\u0101t\u012bgu gar\u0161u pla\u0161\u0101 mais\u012bjumu izv\u0113l\u0113. Pieejams nikot\u012bna l\u012bmen\u012b <strong data-start=\"890\" data-end=\"908\">0%, 2% un 5%<\/strong>, tas atbilst vis\u0101m iztvaic\u0113\u0161anas v\u0113lm\u0113m.<\/p>\n<p data-start=\"950\" data-end=\"1150\">Vairumtirgot\u0101jiem un mazumtirgot\u0101jiem <strong data-start=\"985\" data-end=\"1017\">Waspe 12000 Digit\u0101l\u0101 kaste Vape<\/strong> pied\u0101v\u0101 sp\u0113c\u012bgu t\u0101l\u0101kp\u0101rdo\u0161anas potenci\u0101lu, pateicoties t\u0101 lielajam uzp\u016btienu skaitam, uzlabotaj\u0101m funkcij\u0101m un konkur\u0113tsp\u0113j\u012bg\u0101m vairumtirdzniec\u012bbas cen\u0101m.<\/p>\n<p><strong><span style=\"color: #ff0000;\">Pievienojiet Eimijas whatsapp, lai sa\u0146emtu pareizu atbildi un iztvaic\u0113t\u0101ja kuponu!<\/span><\/strong><\/p>\n<p><img fetchpriority=\"high\" decoding=\"async\" class=\"size-full wp-image-2932\" src=\"https:\/\/vapestornado.com\/wp-content\/uploads\/2024\/12\/Vape-Wholesale.jpg\" alt=\"Veipu Vairumtirdzniec\u012bba\" width=\"229\" height=\"300\" \/><\/p>\n<h3><a href=\"https:\/\/wa.me\/8617776015835\" target=\"_blank\" rel=\"noopener\"><span style=\"color: #ff0000;\"><strong>WhatsApp: +86 17776015835<\/strong><\/span><\/a><\/h3>\n<p>&nbsp;<\/p>\n<h2><strong>Waspe 12000 Digital Box 12k produkta \u012bpa\u0161\u012bbas<\/strong><\/h2>\n<p>Dvesieni: 12000 dvesieni<br \/>\nDivk\u0101r\u0161a sieta spole 1,0 omi<br \/>\nAkumulators: A650mAh<br \/>\nE-sula: 20 ml<br \/>\nNikot\u012bns: 2%\/5% Nikot\u012bns<br \/>\nType-c uzl\u0101de<br \/>\nEkr\u0101na displeji e\u013c\u013cai un akumulatoram<\/p>\n<h2 class=\"product-title\"><strong>Waspe Digital Box 12k gar\u0161u saraksts<\/strong><\/h2>\n<p>1 Arb\u016bzu ledus<strong> <span style=\"color: #ff0000;\">&gt;&gt;&gt;&gt; Karsts!<\/span><\/strong><br \/>\n2 Zilo ave\u0146u ledus <strong><span style=\"color: #ff0000;\">&gt;&gt;&gt;&gt; Karsts!<\/span><\/strong><br \/>\n3 V\u012bnogu ledus<br \/>\n4 Zeme\u0146u arb\u016bzs <strong><span style=\"color: #ff0000;\">&gt;&gt;&gt;&gt; Karsts!<\/span><\/strong><br \/>\n5 Jaukti ogas <strong><span style=\"color: #ff0000;\">&gt;&gt;&gt;&gt; Lab\u0101kais!<\/span><\/strong><br \/>\n6 Zeme\u0146u donati<br \/>\n7 Melle\u0146u avenes <strong><span style=\"color: #ff0000;\">&gt;&gt;&gt;&gt; Karsts!<\/span><\/strong><br \/>\n8 Zeme\u0146u ave\u0146u \u0137ir\u0161i <strong><span style=\"color: #ff0000;\">&gt;&gt;&gt;&gt; Karsts!<\/span><\/strong><br \/>\n9 Arb\u016bzu mango persiks<br \/>\n10 Sarkanv\u012bna bumbieru sula<\/p>\n<article class=\"w-full text-token-text-primary focus-visible:outline-2 focus-visible:outline-offset-[-4px]\" dir=\"auto\" data-testid=\"conversation-turn-32\" data-scroll-anchor=\"false\">\n<div class=\"m-auto text-base py-[18px] px-6\">\n<div class=\"mx-auto flex flex-1 text-base gap-4 md:gap-5 lg:gap-6 md:max-w-3xl lg:max-w-[40rem] xl:max-w-[48rem]\">\n<div class=\"group\/conversation-turn relative flex w-full min-w-0 flex-col @xs\/thread:px-0 @sm\/thread:px-1.5 @md\/thread:px-4\">\n<div class=\"flex-col gap-1 md:gap-3\">\n<div class=\"flex max-w-full flex-col flex-grow\">\n<div class=\"min-h-8 text-message flex w-full flex-col items-end gap-2 whitespace-normal break-words text-start [.text-message+&amp;]:mt-5\" dir=\"auto\" data-message-author-role=\"user\" data-message-id=\"ffac41ca-1db4-431b-873a-32c4052956f1\">\n<div class=\"flex w-full flex-col gap-1 empty:hidden items-end rtl:items-start\">\n<div class=\"relative max-w-[var(--user-chat-width,70%)] rounded-3xl bg-token-message-surface px-5 py-2.5\">\n<div class=\"absolute bottom-0 right-full top-0 -mr-3.5 hidden pr-5 pt-2 [.group\/conversation-turn:hover_&amp;]:flex\">\n<div class=\"flex\">\n<article class=\"w-full text-token-text-primary focus-visible:outline-2 focus-visible:outline-offset-[-4px]\" dir=\"auto\" data-testid=\"conversation-turn-39\" data-scroll-anchor=\"true\">\n<div class=\"m-auto text-base py-[18px] px-6\">\n<div class=\"mx-auto flex flex-1 text-base gap-4 md:gap-5 lg:gap-6 md:max-w-3xl lg:max-w-[40rem] xl:max-w-[48rem]\">\n<div class=\"group\/conversation-turn relative flex w-full min-w-0 flex-col agent-turn @xs\/thread:px-0 @sm\/thread:px-1.5 @md\/thread:px-4\">\n<div class=\"flex-col gap-1 md:gap-3\">\n<div class=\"flex max-w-full flex-col flex-grow\">\n<div class=\"min-h-8 text-message flex w-full flex-col items-end gap-2 whitespace-normal break-words text-start [.text-message+&amp;]:mt-5\" dir=\"auto\" data-message-author-role=\"assistant\" data-message-id=\"55a23854-ec57-48dd-bd4f-6118f43d6241\" data-message-model-slug=\"gpt-4o\">\n<div class=\"flex w-full flex-col gap-1 empty:hidden first:pt-[3px]\">\n<div class=\"markdown prose w-full break-words dark:prose-invert light\">\n<figure id=\"attachment_3816\" aria-describedby=\"caption-attachment-3816\" style=\"width: 800px\" class=\"wp-caption alignnone\"><img decoding=\"async\" class=\"wp-image-3816 size-full\" src=\"https:\/\/vapestornado.com\/wp-content\/uploads\/2025\/03\/Waspe-12k-Puffs-Digital-Box.webp\" alt=\"Waspe 12k P\u016b\u0161ieni Digit\u0101l\u0101 kaste\" width=\"800\" height=\"800\" srcset=\"https:\/\/vapestornado.com\/wp-content\/uploads\/2025\/03\/Waspe-12k-Puffs-Digital-Box.webp 800w, https:\/\/vapestornado.com\/wp-content\/uploads\/2025\/03\/Waspe-12k-Puffs-Digital-Box-300x300.webp 300w, https:\/\/vapestornado.com\/wp-content\/uploads\/2025\/03\/Waspe-12k-Puffs-Digital-Box-150x150.webp 150w, https:\/\/vapestornado.com\/wp-content\/uploads\/2025\/03\/Waspe-12k-Puffs-Digital-Box-768x768.webp 768w, https:\/\/vapestornado.com\/wp-content\/uploads\/2025\/03\/Waspe-12k-Puffs-Digital-Box-600x600.webp 600w, https:\/\/vapestornado.com\/wp-content\/uploads\/2025\/03\/Waspe-12k-Puffs-Digital-Box-100x100.webp 100w\" sizes=\"(max-width: 800px) 100vw, 800px\" \/><figcaption id=\"caption-attachment-3816\" class=\"wp-caption-text\">Waspe 12k P\u016b\u0161ieni Digit\u0101l\u0101 kaste<\/figcaption><\/figure>\n<\/div>\n<\/div>\n<\/div>\n<\/div>\n<\/div>\n<\/div>\n<\/div>\n<\/div>\n<\/article>\n<\/div>\n<\/div>\n<\/div>\n<\/div>\n<\/div>\n<\/div>\n<\/div>\n<\/div>\n<\/div>\n<\/div>\n<\/article>\n<h3>K\u0101p\u0113c izv\u0113l\u0113ties vapestornado Waspe Digital Box 12000 Puff vienreiz\u0113j\u0101s lieto\u0161anas vape vairumtirdzniec\u012bbai?<\/h3>\n<div class=\"flex-shrink-0 flex flex-col relative items-end\">\n<div class=\"pt-0\">\n<div class=\"gizmo-bot-avatar flex h-8 w-8 items-center justify-center overflow-hidden rounded-full\">\n<div class=\"relative p-1 rounded-sm flex items-center justify-center bg-token-main-surface-primary text-token-text-primary h-8 w-8\">\n<p>Laipni l\u016bdzam vapestornado, j\u016bsu uzticamaj\u0101 tie\u0161saistes vape veikal\u0101, kur\u0101 var ieg\u0101d\u0101ties augst\u0101k\u0101s kvalit\u0101tes vienreiz\u0113j\u0101s lieto\u0161anas vape. Ar vair\u0101k nek\u0101 5 gadu pieredzi m\u0113s pied\u0101v\u0101jam jums popul\u0101rus vienreiz\u0113j\u0101s lieto\u0161anas vape z\u012bmolus, piem\u0113ram, Fumot RandM Vape, Vapme, Bang Vape, Waspe Vape un WGA Vape utt.<\/p>\n<p>M\u016bsu kl\u0101st\u0101 ir iek\u013cauti karstie divu gar\u0161u vienreiz\u0113j\u0101s lieto\u0161anas vapes, piem\u0113ram, <a href=\"https:\/\/vapestornado.com\/lv\/product\/waspe-fihp-36000-36k-puff-twins-flavor-rechargeable-disposable-vape-bulk-buy-at-wholesale-prices\/\">FIHP 36K P\u016b\u0161u dv\u012b\u0146u arom\u0101ts<\/a>, <a href=\"https:\/\/vapestornado.com\/lv\/product\/waspe-crystal-40000-puffs-40k-double-flavor-rechargeable-disposable-vapes-cheap-price\/\">WASPE Crystal 40k Dubult\u0101 arom\u0101ts<\/a> un gar\u0161as bag\u0101t\u012bgas izv\u0113les, piem\u0113ram, <a href=\"https:\/\/vapestornado.com\/lv\/product\/razzbar-15000-puffs-rechargeable-disposable-vape-bulk-buy-at-cheap-prices\/\">RAZZBAR 15000 P\u016b\u0161u<\/a>. Katrs produkts ir izv\u0113l\u0113ts, koncentr\u0113joties uz kvalit\u0101ti, v\u0113rt\u012bbu un daudzveid\u012bbu, nodro\u0161inot, ka j\u016bs atrad\u012bsiet perfektu atbilst\u012bbu sav\u0101m vajadz\u012bb\u0101m. Atkl\u0101jiet izcilu servisu un pla\u0161u popul\u0101r\u0101ko produktu kl\u0101stu par vairumtirdzniec\u012bbas cen\u0101m vietn\u0113 vapestornado.<\/p>\n<\/div>\n<h3><\/h3>\n<div class=\"relative p-1 rounded-sm flex items-center justify-center bg-token-main-surface-primary text-token-text-primary h-8 w-8\">\n<h3>BUJ par Waspe 12000 Puffs vienreiz\u0113j\u0101s lieto\u0161anas vape<\/h3>\n<\/div>\n<\/div>\n<\/div>\n<\/div>\n<div class=\"flex-shrink-0 flex flex-col relative items-end\">\n<div class=\"pt-0\">\n<div class=\"gizmo-bot-avatar flex h-8 w-8 items-center justify-center overflow-hidden rounded-full\">\n<div class=\"relative p-1 rounded-sm flex items-center justify-center bg-token-main-surface-primary text-token-text-primary h-8 w-8\">\n<div class=\"mb-2 flex gap-3 empty:hidden -ml-2\">\n<p data-pm-slice=\"1 1 []\"><strong>1. Cik ilgi kalpo Waspe 12000?<\/strong><\/p>\n<p data-pm-slice=\"1 1 []\">Waspe 12000 nodro\u0161ina <strong>l\u012bdz 12 000 uzp\u016btieniem<\/strong>, padarot to par vienu no ilg\u0101k lietojamajiem vienreiz\u0113j\u0101s lieto\u0161anas iztvaic\u0113t\u0101jiem tirg\u016b. Ar t\u0101 <strong>uzl\u0101d\u0113jamu akumulatoru<\/strong>, j\u016bs varat baud\u012bt nep\u0101rtrauktu tvaic\u0113\u0161anu ilg\u0101ku laika periodu.<\/p>\n<p><strong>2. Vai Waspe 12000 ir digit\u0101lais displejs?<\/strong><\/p>\n<p>J\u0101! Ieb\u016bv\u0113tais <strong>digit\u0101lais displejs<\/strong> \u013cauj jums re\u0101llaik\u0101 izsekot akumulatora darb\u012bbas laiku un uzp\u016btienu skaitu, pied\u0101v\u0101jot vienm\u0113r\u012bgu tvaic\u0113\u0161anas pieredzi.<\/p>\n<p><strong>3. K\u0101di arom\u0101ti ir pieejami Waspe 12000?<\/strong><\/p>\n<p>\u0160im vape ir <strong>pla\u0161s arom\u0101tu kl\u0101sts<\/strong>, ieskaitot aug\u013cu, mentola un klasisk\u0101s tabakas variantus. Ir kaut kas katrai gaumei!<\/p>\n<p><strong>4. Vai Waspe 12000 ir uzl\u0101d\u0113jams?<\/strong><\/p>\n<p>Noteikti! Waspe 12000 ir apr\u012bkots ar <strong>C tipa \u0101tr\u0101 uzl\u0101de<\/strong> portu, lai j\u016bs var\u0113tu \u0101tri uzl\u0101d\u0113t un turpin\u0101t tvaic\u0113\u0161anu bez ilga gaid\u012b\u0161anas laika.<\/p>\n<p><strong>5. Kur es varu ieg\u0101d\u0101ties Waspe 12000 par vairumtirdzniec\u012bbas cen\u0101m?<\/strong><\/p>\n<p>Lai ieg\u016btu lab\u0101kos <strong>vairumtirdzniec\u012bbas cenas<\/strong>, apskatiet <strong>Vapestornado tie\u0161saistes vape veikals<\/strong>, j\u016bsu uzticamais avots <strong>l\u0113tus vienreiz\u0113j\u0101s lieto\u0161anas iztvaic\u0113t\u0101jus<\/strong> un vairumtirdzniec\u012bbas pirkumus.<\/p>\n<h4>K\u0101 pas\u016bt\u012bt?<\/h4>\n<p><strong>1. K\u0101dus maks\u0101jumu veidus j\u016bs pie\u0146emat?<\/strong><br \/>\nM\u0113s pie\u0146emam IBAN p\u0101rskait\u012bjumus un <span style=\"font-size: 16px;\">Western Union<\/span>\u00a0dro\u0161iem un \u0113rtiem dar\u012bjumiem.<\/p>\n<p><strong>2. K\u0101 es varu izsekot savam pas\u016bt\u012bjumam?<\/strong><br \/>\nKad j\u016bsu pas\u016bt\u012bjums ir nos\u016bt\u012bts, <span class=\"selectable-text copyable-text false\">m\u0113s past\u0101v\u012bgi atjaunin\u0101sim kravu izseko\u0161anu, l\u012bdz j\u016bs sa\u0146emsiet kravas<\/span>.<\/p>\n<p><strong>3. K\u0101ds ir paredzamais pieg\u0101des laiks?<\/strong><\/p>\n<ul>\n<li>Pieg\u0101de no <strong>\u0136\u012bnas noliktav\u0101m<\/strong> aiz\u0146em aptuveni <strong>7\u201314 darba dienas<\/strong>.<\/li>\n<li>Pieg\u0101de no <strong>Eiropas noliktavas<\/strong> parasti aiz\u0146em <strong>3\u20136 darba dienas<\/strong>.<\/li>\n<\/ul>\n<p><strong>4. K\u0101 es varu sa\u0146emt \u0101tr\u0101ku pieg\u0101di?<\/strong><br \/>\nLai sa\u0146emtu \u0101tr\u0101ku pieg\u0101di, iesak\u0101m pas\u016bt\u012bt no m\u016bsu <strong>Eiropas noliktavas<\/strong>, kas pied\u0101v\u0101 \u0101tr\u0101ku pieg\u0101des laiku.<\/p>\n<p><strong>5. K\u0101 es varu atgriezt preci?<\/strong><br \/>\nLai atgrieztu preci, sazinieties ar m\u016bsu klientu apkalpo\u0161anas komandu, lai sa\u0146emtu detaliz\u0113tus nor\u0101d\u012bjumus par atgrie\u0161anas procesu.<\/p>\n<p><strong>6. Vai j\u016bs pied\u0101v\u0101jat starptautisku pieg\u0101di?<\/strong><br \/>\nJ\u0101, m\u0113s pieg\u0101d\u0101jam uz liel\u0101ko da\u013cu valstu un apstr\u0101d\u0101jam <strong>muitas formalit\u0101tes<\/strong> lai nodro\u0161in\u0101tu vienm\u0113r\u012bgu pieg\u0101des pieredzi.<\/p>\n<p><strong>7. Ko dar\u012bt, ja es sa\u0146emu boj\u0101tu vai defekt\u012bvu produktu?<\/strong><br \/>\nJa j\u016bsu prece ir boj\u0101ta vai defekt\u012bva, sazinieties ar klientu apkalpo\u0161anas dienestu, lai sa\u0146emtu <strong>nomai\u0146u vai atmaksu<\/strong>.<\/p>\n<p><strong>8. K\u0101 es varu sazin\u0101ties ar klientu apkalpo\u0161anas dienestu?<\/strong><br \/>\nJ\u016bs varat sazin\u0101ties ar mums, izmantojot <strong>e-pastu, WhatsApp vai tie\u0161saistes t\u0113rz\u0113\u0161anu<\/strong> m\u016bsu t\u012bmek\u013ca vietn\u0113, lai sa\u0146emtu pal\u012bdz\u012bbu.<\/p>\n<\/div>\n<\/div>\n<\/div>\n<\/div>\n<\/div>","protected":false},"excerpt":{"rendered":"<p><strong>Mas\u012bvi 12000 uzp\u016btienu<\/strong> pagarin\u0101tai lieto\u0161anai \u2714 <strong>Uzl\u0101d\u0113jams<\/strong> ar <strong>\u0101tras uzl\u0101des Type-C ports<\/strong> \u2714 <strong>Digit\u0101lais displejs<\/strong> re\u0101llaika akumulatora uzraudz\u012bbai <strong>Gar\u0161u daudzveid\u012bba<\/strong> lai atbilstu vis\u0101m gaumes v\u0113lm\u0113m \u2714 <strong>Augstas kvalit\u0101tes dubult\u0101 sieta spole<\/strong> uzlabotai tvaika ra\u017eo\u0161anai \u2714 <strong>Zemas vairumtirdzniec\u012bbas cenas<\/strong> lielapjoma pirc\u0113jiem<\/p>\n<p>Ieg\u016bstiet lab\u0101kos pied\u0101v\u0101jumus par <strong>Waspe 12000 Digital Box 12K Puff Vape<\/strong> tie\u0161i tagad! <strong>Vairumtirdzniec\u012bbas vienreiz\u0113j\u0101s lieto\u0161anas vape<\/strong> nekad nav biju\u0161i tik pieejami!<\/p>\n<p><strong>Pievienojiet Eimijas whatsapp, lai sa\u0146emtu pareizu atbildi un iztvaic\u0113t\u0101ja kuponu!<\/strong><\/p>\n<p><img fetchpriority=\"high\" decoding=\"async\" class=\"size-full wp-image-2932\" src=\"https:\/\/vapestornado.com\/wp-content\/uploads\/2024\/12\/Vape-Wholesale.jpg\" alt=\"Veipu Vairumtirdzniec\u012bba\" width=\"229\" height=\"300\" \/><\/p>\n<h3><a href=\"https:\/\/wa.me\/8617776015835\"><span style=\"color: #ff0000;\"><strong>WhatsApp: +86 17776015835<\/strong><\/span><\/a><\/h3>\n<p>&nbsp;<\/p>","protected":false},"featured_media":3815,"comment_status":"open","ping_status":"closed","template":"","meta":{"_acf_changed":false,"_uag_custom_page_level_css":"","_lmt_disableupdate":"no","_lmt_disable":"","_monsterinsights_skip_tracking":false,"_monsterinsights_sitenote_active":false,"_monsterinsights_sitenote_note":"","_monsterinsights_sitenote_category":0,"site-sidebar-layout":"default","site-content-layout":"","ast-site-content-layout":"default","site-content-style":"default","site-sidebar-style":"default","ast-global-header-display":"","ast-banner-title-visibility":"","ast-main-header-display":"","ast-hfb-above-header-display":"","ast-hfb-below-header-display":"","ast-hfb-mobile-header-display":"","site-post-title":"","ast-breadcrumbs-content":"","ast-featured-img":"","footer-sml-layout":"","ast-disable-related-posts":"","theme-transparent-header-meta":"default","adv-header-id-meta":"","stick-header-meta":"","header-above-stick-meta":"","header-main-stick-meta":"","header-below-stick-meta":"","astra-migrate-meta-layouts":"set","ast-page-background-enabled":"default","ast-page-background-meta":{"desktop":{"background-color":"","background-image":"","background-repeat":"repeat","background-position":"center center","background-size":"auto","background-attachment":"scroll","background-type":"","background-media":"","overlay-type":"","overlay-color":"","overlay-opacity":"","overlay-gradient":""},"tablet":{"background-color":"","background-image":"","background-repeat":"repeat","background-position":"center center","background-size":"auto","background-attachment":"scroll","background-type":"","background-media":"","overlay-type":"","overlay-color":"","overlay-opacity":"","overlay-gradient":""},"mobile":{"background-color":"","background-image":"","background-repeat":"repeat","background-position":"center center","background-size":"auto","background-attachment":"scroll","background-type":"","background-media":"","overlay-type":"","overlay-color":"","overlay-opacity":"","overlay-gradient":""}},"ast-content-background-meta":{"desktop":{"background-color":"var(--ast-global-color-5)","background-image":"","background-repeat":"repeat","background-position":"center center","background-size":"auto","background-attachment":"scroll","background-type":"","background-media":"","overlay-type":"","overlay-color":"","overlay-opacity":"","overlay-gradient":""},"tablet":{"background-color":"var(--ast-global-color-5)","background-image":"","background-repeat":"repeat","background-position":"center center","background-size":"auto","background-attachment":"scroll","background-type":"","background-media":"","overlay-type":"","overlay-color":"","overlay-opacity":"","overlay-gradient":""},"mobile":{"background-color":"var(--ast-global-color-5)","background-image":"","background-repeat":"repeat","background-position":"center center","background-size":"auto","background-attachment":"scroll","background-type":"","background-media":"","overlay-type":"","overlay-color":"","overlay-opacity":"","overlay-gradient":""}},"_joinchat":{"telephone":"17776015835"}},"product_brand":[],"product_cat":[19,72,151,155,160,142,146,60],"product_tag":[247,105,97,94,241,93,248],"class_list":{"0":"post-3796","1":"product","2":"type-product","3":"status-publish","4":"has-post-thumbnail","6":"product_cat-vapes","7":"product_cat-12000-puff","8":"product_cat-buy-disposable-vapes-in-france","9":"product_cat-buy-disposable-vapes-in-norway","10":"product_cat-buy-disposable-vapes-in-switzerland","11":"product_cat-digital-box-disposable-vapes","12":"product_cat-rechargeable-disposable-vapes","13":"product_cat-waspe-fihp-vape","14":"product_tag-12k-puff","15":"product_tag-digital-disposable-vape","16":"product_tag-hot-sale-disposable-vape","17":"product_tag-rechargeable-disposable-vape","18":"product_tag-smart-screen-disposable-vape","19":"product_tag-vape-wholesale","20":"product_tag-waspe-12000-digital-box","21":"desktop-align-left","22":"tablet-align-left","23":"mobile-align-left","25":"first","26":"instock","27":"sale","28":"shipping-taxable","29":"purchasable","30":"product-type-simple"},"acf":[],"uagb_featured_image_src":{"full":["https:\/\/vapestornado.com\/wp-content\/uploads\/2025\/03\/WASPE-12k-Puff-Disposable-Vape-Bulk-Buy.webp",800,800,false],"thumbnail":["https:\/\/vapestornado.com\/wp-content\/uploads\/2025\/03\/WASPE-12k-Puff-Disposable-Vape-Bulk-Buy-150x150.webp",150,150,true],"medium":["https:\/\/vapestornado.com\/wp-content\/uploads\/2025\/03\/WASPE-12k-Puff-Disposable-Vape-Bulk-Buy-300x300.webp",300,300,true],"medium_large":["https:\/\/vapestornado.com\/wp-content\/uploads\/2025\/03\/WASPE-12k-Puff-Disposable-Vape-Bulk-Buy-768x768.webp",768,768,true],"large":["https:\/\/vapestornado.com\/wp-content\/uploads\/2025\/03\/WASPE-12k-Puff-Disposable-Vape-Bulk-Buy.webp",800,800,false],"1536x1536":["https:\/\/vapestornado.com\/wp-content\/uploads\/2025\/03\/WASPE-12k-Puff-Disposable-Vape-Bulk-Buy.webp",800,800,false],"2048x2048":["https:\/\/vapestornado.com\/wp-content\/uploads\/2025\/03\/WASPE-12k-Puff-Disposable-Vape-Bulk-Buy.webp",800,800,false],"trp-custom-language-flag":["https:\/\/vapestornado.com\/wp-content\/uploads\/2025\/03\/WASPE-12k-Puff-Disposable-Vape-Bulk-Buy.webp",12,12,false],"woocommerce_thumbnail":["https:\/\/vapestornado.com\/wp-content\/uploads\/2025\/03\/WASPE-12k-Puff-Disposable-Vape-Bulk-Buy-300x300.webp",300,300,true],"woocommerce_single":["https:\/\/vapestornado.com\/wp-content\/uploads\/2025\/03\/WASPE-12k-Puff-Disposable-Vape-Bulk-Buy-600x600.webp",600,600,true],"woocommerce_gallery_thumbnail":["https:\/\/vapestornado.com\/wp-content\/uploads\/2025\/03\/WASPE-12k-Puff-Disposable-Vape-Bulk-Buy-100x100.webp",100,100,true]},"uagb_author_info":{"display_name":"ESAMY","author_link":"https:\/\/vapestornado.com\/lv\/author\/"},"uagb_comment_info":0,"uagb_excerpt":"Massive 12000 puffs for extended usage \u2714 Rechargeable with fast-charging Type-C port \u2714 Digital display for real-time monitoring of battery &amp; puffs \u2714 Variety of flavors to suit all taste preferences \u2714 High-quality dual mesh coil for enhanced vapor production \u2714 Low wholesale prices for bulk buyers Get the best deals on Waspe 12000 Digital&hellip;","_links":{"self":[{"href":"https:\/\/vapestornado.com\/lv\/wp-json\/wp\/v2\/product\/3796","targetHints":{"allow":["GET"]}}],"collection":[{"href":"https:\/\/vapestornado.com\/lv\/wp-json\/wp\/v2\/product"}],"about":[{"href":"https:\/\/vapestornado.com\/lv\/wp-json\/wp\/v2\/types\/product"}],"replies":[{"embeddable":true,"href":"https:\/\/vapestornado.com\/lv\/wp-json\/wp\/v2\/comments?post=3796"}],"wp:featuredmedia":[{"embeddable":true,"href":"https:\/\/vapestornado.com\/lv\/wp-json\/wp\/v2\/media\/3815"}],"wp:attachment":[{"href":"https:\/\/vapestornado.com\/lv\/wp-json\/wp\/v2\/media?parent=3796"}],"wp:term":[{"taxonomy":"product_brand","embeddable":true,"href":"https:\/\/vapestornado.com\/lv\/wp-json\/wp\/v2\/product_brand?post=3796"},{"taxonomy":"product_cat","embeddable":true,"href":"https:\/\/vapestornado.com\/lv\/wp-json\/wp\/v2\/product_cat?post=3796"},{"taxonomy":"product_tag","embeddable":true,"href":"https:\/\/vapestornado.com\/lv\/wp-json\/wp\/v2\/product_tag?post=3796"}],"curies":[{"name":"wp","href":"https:\/\/api.w.org\/{rel}","templated":true}]}}