{"id":3788,"date":"2025-02-18T03:50:57","date_gmt":"2025-02-18T03:50:57","guid":{"rendered":"https:\/\/vapestornado.com\/?post_type=product&#038;p=3788"},"modified":"2025-08-23T09:28:52","modified_gmt":"2025-08-23T09:28:52","slug":"jnr-nicotine-pouches-25mg-15-flavours-shop-online-lower-price","status":"publish","type":"product","link":"https:\/\/vapestornado.com\/lv\/product\/jnr-nicotine-pouches-25mg-15-flavours-shop-online-lower-price\/","title":{"rendered":"JNR Nikot\u012bna paci\u0146as 25mg 15+ gar\u0161as Iep\u0113rcieties tie\u0161saist\u0113 par zem\u0101ku cenu"},"content":{"rendered":"<h1 class=\"product-title\">JNR Nikot\u012bna paci\u0146as 25mg 15+ gar\u0161as Iep\u0113rcieties tie\u0161saist\u0113 par zem\u0101ku cenu<\/h1>\n<p data-start=\"263\" data-end=\"535\">T\u0101 <strong data-start=\"267\" data-end=\"296\">JNR nikot\u012bna spilventi\u0146i 25 mg<\/strong> ir paredz\u0113ti lietot\u0101jiem, kuri v\u0113las sp\u0113c\u012bgu un efekt\u012bvu nikot\u012bna pieredzi bez sm\u0113\u0137\u0113\u0161anas vai tvaic\u0113\u0161anas. Katr\u0101 paci\u0146\u0101 ir <strong data-start=\"419\" data-end=\"439\">25 mg nikot\u012bna<\/strong>, nodro\u0161inot \u0101tru un sp\u0113c\u012bgu atbr\u012bvojumu, kas ir ide\u0101li piem\u0113rots pieredz\u0113ju\u0161iem lietot\u0101jiem, kuri mekl\u0113 intensit\u0101ti un koncentr\u0113\u0161anos.<\/p>\n<p data-start=\"537\" data-end=\"781\">Izgatavoti no <strong data-start=\"547\" data-end=\"583\">augu b\u0101zes \u0161\u0137iedr\u0101m bez tabakas<\/strong>, \u0161\u012bs pl\u0101n\u0101s paci\u0146as \u0113rti iegulst zem aug\u0161l\u016bpas, neradot nek\u0101rt\u012bbas, sp\u013caud\u012b\u0161anos un notur\u012bgu smaku. Diskr\u0113tais dizains padara tos viegli lietojamus jebkur\u0101 laik\u0101 \u2014 darb\u0101, ce\u013c\u0101 vai sabiedrisk\u0101s viet\u0101s.<\/p>\n<p data-start=\"783\" data-end=\"1056\">Pieejams <strong data-start=\"796\" data-end=\"811\">15+ gar\u0161as<\/strong> ieskaitot piparm\u0113tru, citrusaug\u013cus un ogas, <strong data-start=\"851\" data-end=\"880\">JNR 25 mg nikot\u012bna paci\u0146as<\/strong> apvieno sp\u0113ku ar atsvaidzino\u0161u gar\u0161u. Tie pied\u0101v\u0101 \u0113rtu, bezd\u016bmu alternat\u012bvu ikvienam, kas mekl\u0113 augstas kvalit\u0101tes, sp\u0113c\u012bgu nikot\u012bna variantu par konkur\u0113tsp\u0113j\u012bgu cenu.<\/p>\n<p><strong>Pievienojiet Eimijas WhatsApp, lai sa\u0146emtu prec\u012bzu atbildi un atlaidi!<\/strong><\/p>\n<p><img fetchpriority=\"high\" decoding=\"async\" class=\"size-full wp-image-2932\" src=\"https:\/\/vapestornado.com\/wp-content\/uploads\/2024\/12\/Vape-Wholesale.jpg\" alt=\"Veipu Vairumtirdzniec\u012bba\" width=\"229\" height=\"300\" \/><\/p>\n<h3><a href=\"https:\/\/wa.me\/8617776015835\" target=\"_blank\" rel=\"noopener\"><span style=\"color: #ff0000;\"><strong>WhatsApp: +86 17776015835<\/strong><\/span><\/a><\/h3>\n<p>&nbsp;<\/p>\n<h2><strong>JNR nikot\u012bna spilventi\u0146i 25 mg. Produkta \u012bpa\u0161\u012bbas<\/strong><\/h2>\n<p>Z\u012bmols: JNR<br \/>\nNikot\u012bna stiprums: 25 mg vien\u0101 spilventi\u0146\u0101<br \/>\nSpilventi\u0146u skaits: 20 gab. vien\u0101 k\u0101rb\u0101<\/p>\n<figure id=\"attachment_3773\" aria-describedby=\"caption-attachment-3773\" style=\"width: 1000px\" class=\"wp-caption alignnone\"><img decoding=\"async\" class=\"wp-image-3773 size-full\" src=\"https:\/\/vapestornado.com\/wp-content\/uploads\/2025\/02\/Hot-Selling-JNR-Nicotine-Pouches-25mg.webp\" alt=\"Karsti p\u0101rdodami JNR nikot\u012bna spilventi\u0146i 25 mg\" width=\"1000\" height=\"1000\" srcset=\"https:\/\/vapestornado.com\/wp-content\/uploads\/2025\/02\/Hot-Selling-JNR-Nicotine-Pouches-25mg.webp 1000w, https:\/\/vapestornado.com\/wp-content\/uploads\/2025\/02\/Hot-Selling-JNR-Nicotine-Pouches-25mg-300x300.webp 300w, https:\/\/vapestornado.com\/wp-content\/uploads\/2025\/02\/Hot-Selling-JNR-Nicotine-Pouches-25mg-150x150.webp 150w, https:\/\/vapestornado.com\/wp-content\/uploads\/2025\/02\/Hot-Selling-JNR-Nicotine-Pouches-25mg-768x768.webp 768w, https:\/\/vapestornado.com\/wp-content\/uploads\/2025\/02\/Hot-Selling-JNR-Nicotine-Pouches-25mg-600x600.webp 600w, https:\/\/vapestornado.com\/wp-content\/uploads\/2025\/02\/Hot-Selling-JNR-Nicotine-Pouches-25mg-100x100.webp 100w\" sizes=\"(max-width: 1000px) 100vw, 1000px\" \/><figcaption id=\"caption-attachment-3773\" class=\"wp-caption-text\">Karsti p\u0101rdodami JNR nikot\u012bna spilventi\u0146i 25 mg<\/figcaption><\/figure>\n<h2 class=\"product-title\"><strong>JNR nikot\u012bna spilventi\u0146i 25 mg. Gar\u0161u saraksts<\/strong><\/h2>\n<ol data-start=\"59\" data-end=\"318\" data-is-last-node=\"\">\n<li data-start=\"59\" data-end=\"76\">Meln\u0101 \u0137ir\u0161a<\/li>\n<li data-start=\"77\" data-end=\"95\">Zils ave\u0146u ledus<\/li>\n<li data-start=\"96\" data-end=\"115\">Melle\u0146u piparm\u0113tra<\/li>\n<li data-start=\"116\" data-end=\"135\">Citrusaug\u013cu dzes\u0113\u0161ana<\/li>\n<li data-start=\"136\" data-end=\"151\">G\u0101z\u0113ta kola<\/li>\n<li data-start=\"152\" data-end=\"163\">Sasalums<\/li>\n<li data-start=\"164\" data-end=\"177\">Ledus v\u0113sums<\/li>\n<li data-start=\"178\" data-end=\"191\">Ledus piparm\u0113tra<\/li>\n<li data-start=\"192\" data-end=\"210\">Ledus kr\u016bzm\u0113tra<\/li>\n<li data-start=\"211\" data-end=\"228\">Ogu sajaukums<\/li>\n<li data-start=\"229\" data-end=\"246\">M\u012bksta \u012brisa konfekte<\/li>\n<li data-start=\"247\" data-end=\"267\">Zeme\u0146u ledus<\/li>\n<li data-start=\"268\" data-end=\"282\">Tropu<\/li>\n<li data-start=\"283\" data-end=\"299\">Dubultais \u0101bols<\/li>\n<li data-start=\"300\" data-end=\"318\" data-is-last-node=\"\">Arb\u016bzu ledus<\/li>\n<\/ol>\n<h3 class=\"product-title\">Vai nikot\u012bna spilventi\u0146i ir noder\u012bgi?<\/h3>\n<article class=\"w-full text-token-text-primary focus-visible:outline-2 focus-visible:outline-offset-[-4px]\" dir=\"auto\" data-testid=\"conversation-turn-32\" data-scroll-anchor=\"false\">\n<div class=\"m-auto text-base py-[18px] px-6\">\n<div class=\"mx-auto flex flex-1 text-base gap-4 md:gap-5 lg:gap-6 md:max-w-3xl lg:max-w-[40rem] xl:max-w-[48rem]\">\n<div class=\"group\/conversation-turn relative flex w-full min-w-0 flex-col @xs\/thread:px-0 @sm\/thread:px-1.5 @md\/thread:px-4\">\n<div class=\"flex-col gap-1 md:gap-3\">\n<div class=\"flex max-w-full flex-col flex-grow\">\n<div class=\"min-h-8 text-message flex w-full flex-col items-end gap-2 whitespace-normal break-words text-start [.text-message+&amp;]:mt-5\" dir=\"auto\" data-message-author-role=\"user\" data-message-id=\"ffac41ca-1db4-431b-873a-32c4052956f1\">\n<div class=\"flex w-full flex-col gap-1 empty:hidden items-end rtl:items-start\">\n<div class=\"relative max-w-[var(--user-chat-width,70%)] rounded-3xl bg-token-message-surface px-5 py-2.5\">\n<div class=\"absolute bottom-0 right-full top-0 -mr-3.5 hidden pr-5 pt-2 [.group\/conversation-turn:hover_&amp;]:flex\">\n<div class=\"flex\"><\/div>\n<\/div>\n<\/div>\n<\/div>\n<\/div>\n<\/div>\n<\/div>\n<\/div>\n<\/div>\n<\/div>\n<\/article>\n<article class=\"w-full text-token-text-primary focus-visible:outline-2 focus-visible:outline-offset-[-4px]\" dir=\"auto\" data-testid=\"conversation-turn-33\" data-scroll-anchor=\"true\">\n<div class=\"m-auto text-base py-[18px] px-6\">\n<div class=\"mx-auto flex flex-1 text-base gap-4 md:gap-5 lg:gap-6 md:max-w-3xl lg:max-w-[40rem] xl:max-w-[48rem]\">\n<div class=\"group\/conversation-turn relative flex w-full min-w-0 flex-col agent-turn @xs\/thread:px-0 @sm\/thread:px-1.5 @md\/thread:px-4\">\n<div class=\"flex-col gap-1 md:gap-3\">\n<div class=\"flex max-w-full flex-col flex-grow\">\n<div class=\"min-h-8 text-message flex w-full flex-col items-end gap-2 whitespace-normal break-words text-start [.text-message+&amp;]:mt-5\" dir=\"auto\" data-message-author-role=\"assistant\" data-message-id=\"e542e950-e3a5-4b1a-98f8-7584a2f9bc41\" data-message-model-slug=\"gpt-4o\">\n<div class=\"flex w-full flex-col gap-1 empty:hidden first:pt-[3px]\">\n<div class=\"markdown prose w-full break-words dark:prose-invert light\">\n<article class=\"w-full text-token-text-primary focus-visible:outline-2 focus-visible:outline-offset-[-4px]\" dir=\"auto\" data-testid=\"conversation-turn-35\" data-scroll-anchor=\"true\">\n<div class=\"m-auto text-base py-[18px] px-6\">\n<div class=\"mx-auto flex flex-1 text-base gap-4 md:gap-5 lg:gap-6 md:max-w-3xl lg:max-w-[40rem] xl:max-w-[48rem]\">\n<div class=\"group\/conversation-turn relative flex w-full min-w-0 flex-col agent-turn @xs\/thread:px-0 @sm\/thread:px-1.5 @md\/thread:px-4\">\n<div class=\"flex-col gap-1 md:gap-3\">\n<div class=\"flex max-w-full flex-col flex-grow\">\n<div class=\"min-h-8 text-message flex w-full flex-col items-end gap-2 whitespace-normal break-words text-start [.text-message+&amp;]:mt-5\" dir=\"auto\" data-message-author-role=\"assistant\" data-message-id=\"19ad7ab6-95d5-4367-834a-f160e402f0d6\" data-message-model-slug=\"gpt-4o\">\n<div class=\"flex w-full flex-col gap-1 empty:hidden first:pt-[3px]\">\n<div class=\"markdown prose w-full break-words dark:prose-invert light\">\n<p>Sm\u0113\u0137\u0113t\u0101jiem, kuri m\u0113\u0123ina atmest, nikot\u012bna spilventi\u0146i ir t\u012br\u0101ka, beztabakas alternat\u012bva. Lai gan nikot\u012bnam pa\u0161am var b\u016bt riski vesel\u012bbai, spilventi\u0146i nov\u0113r\u0161 sm\u0113\u0137\u0113\u0161anas kait\u012bgo ietekmi, padarot tos par vesel\u012bg\u0101ku variantu pa\u0161reiz\u0113jiem sm\u0113\u0137\u0113t\u0101jiem, kuri v\u0113las samazin\u0101t kait\u0113jumu. Sm\u0113\u0137\u0113\u0161ana tiek uzskat\u012bta par nevesel\u012bg\u0101ko veidu, k\u0101 uz\u0146emt nikot\u012bnu, t\u0101p\u0113c p\u0101reja uz nikot\u012bna spilventi\u0146iem var b\u016bt pozit\u012bvs solis lietot\u0101jiem, kuri r\u016bp\u0113jas par vesel\u012bbu.<\/p>\n<\/div>\n<\/div>\n<\/div>\n<\/div>\n<\/div>\n<\/div>\n<\/div>\n<\/div>\n<\/article>\n<\/div>\n<\/div>\n<\/div>\n<\/div>\n<\/div>\n<\/div>\n<\/div>\n<\/div>\n<\/article>\n<h3>K\u0101p\u0113c izv\u0113l\u0113ties vapestornado JNR nikot\u012bna spilventi\u0146u vairumtirdzniec\u012bbai?<\/h3>\n<div class=\"flex-shrink-0 flex flex-col relative items-end\">\n<div class=\"pt-0\">\n<div class=\"gizmo-bot-avatar flex h-8 w-8 items-center justify-center overflow-hidden rounded-full\">\n<div class=\"relative p-1 rounded-sm flex items-center justify-center bg-token-main-surface-primary text-token-text-primary h-8 w-8\">\n<p>Laipni l\u016bdzam vapestornado, j\u016bsu uzticamaj\u0101 tie\u0161saistes vape veikal\u0101, kur\u0101 var ieg\u0101d\u0101ties augst\u0101k\u0101s kvalit\u0101tes vienreiz\u0113j\u0101s lieto\u0161anas vape. Ar vair\u0101k nek\u0101 5 gadu pieredzi m\u0113s pied\u0101v\u0101jam jums popul\u0101rus vienreiz\u0113j\u0101s lieto\u0161anas vape z\u012bmolus, piem\u0113ram, Fumot RandM Vape, Vapme, Bang Vape, Waspe Vape un WGA Vape utt.<\/p>\n<p>M\u016bsu kl\u0101st\u0101 ir iek\u013cauti karstie divu gar\u0161u vienreiz\u0113j\u0101s lieto\u0161anas vapes, piem\u0113ram, <a href=\"https:\/\/vapestornado.com\/lv\/product\/bang-king-35k-35000-puffs-2-in-1-dual-flavour-disposable-vape-wholesale-cheap-price\/\">Bang King 35k 35000 dvesmas<\/a>, <a href=\"https:\/\/vapestornado.com\/lv\/product\/waspe-crystal-40000-puffs-40k-double-flavor-rechargeable-disposable-vapes-cheap-price\/\">WASPE Crystal 40k Dubult\u0101 arom\u0101ts<\/a> un gar\u0161as bag\u0101t\u012bgas izv\u0113les, piem\u0113ram, <a href=\"https:\/\/vapestornado.com\/lv\/product\/razzbar-15000-puffs-rechargeable-disposable-vape-bulk-buy-at-cheap-prices\/\">RAZZBAR 15000 Dvesmas<\/a>. Katrs produkts ir izv\u0113l\u0113ts, koncentr\u0113joties uz kvalit\u0101ti, v\u0113rt\u012bbu un daudzveid\u012bbu, nodro\u0161inot, ka j\u016bs atrad\u012bsiet perfektu atbilst\u012bbu sav\u0101m vajadz\u012bb\u0101m. Atkl\u0101jiet izcilu servisu un pla\u0161u popul\u0101r\u0101ko produktu kl\u0101stu par vairumtirdzniec\u012bbas cen\u0101m vietn\u0113 vapestornado.<\/p>\n<\/div>\n<h3><\/h3>\n<div class=\"relative p-1 rounded-sm flex items-center justify-center bg-token-main-surface-primary text-token-text-primary h-8 w-8\">\n<h3>Bie\u017e\u0101k uzdotie jaut\u0101jumi par JNR nikot\u012bna spilventi\u0146iem<\/h3>\n<\/div>\n<\/div>\n<\/div>\n<\/div>\n<div class=\"flex-shrink-0 flex flex-col relative items-end\">\n<div class=\"pt-0\">\n<div class=\"gizmo-bot-avatar flex h-8 w-8 items-center justify-center overflow-hidden rounded-full\">\n<div class=\"relative p-1 rounded-sm flex items-center justify-center bg-token-main-surface-primary text-token-text-primary h-8 w-8\">\n<div class=\"mb-2 flex gap-3 empty:hidden -ml-2\">\n<p data-start=\"42\" data-end=\"510\"><strong data-start=\"42\" data-end=\"152\">1. K\u0101das ir galven\u0101s JNR 25mg nikot\u012bna spilventi\u0146u lieto\u0161anas priek\u0161roc\u012bbas sal\u012bdzin\u0101jum\u0101 ar tradicion\u0101lo sm\u0113\u0137\u0113\u0161anu vai veipo\u0161anu?<\/strong><br data-start=\"152\" data-end=\"155\" \/>JNR 25mg nikot\u012bna spilventi\u0146i pied\u0101v\u0101 t\u012br\u0101ku un diskr\u0113t\u0101ku nikot\u012bna pieredzi, bez nepiecie\u0161am\u012bbas sm\u0113\u0137\u0113t vai veipot. Izgatavoti no beztabakas sast\u0101vda\u013c\u0101m, tie nodro\u0161ina bezd\u016bmu un bezarom\u0101tu iesp\u0113ju nikot\u012bna pat\u0113ri\u0146am. Slaidos un p\u0101rn\u0113s\u0101jamos spilventi\u0146us var lietot jebkur\u0101 laik\u0101 un viet\u0101, padarot tos par \u0113rtu alternat\u012bvu tradicion\u0101lajiem tabakas izstr\u0101d\u0101jumiem.<\/p>\n<p data-start=\"512\" data-end=\"893\"><strong data-start=\"512\" data-end=\"625\">2. Cik ilgi ilgst tirp\u0161anas saj\u016bta, lietojot JNR nikot\u012bna spilventi\u0146u, un ko t\u0101 nor\u0101da?<\/strong><br data-start=\"625\" data-end=\"628\" \/>Ievietojot JNR 25mg nikot\u012bna spilventi\u0146u zem l\u016bpas, j\u016bs jut\u012bsiet tirp\u0161anas saj\u016btu, kas parasti ilgst aptuveni 15 min\u016btes. \u0160\u012b saj\u016bta nor\u0101da uz nikot\u012bna izdal\u012b\u0161anos un ir z\u012bme, ka spilventi\u0146\u0161 darbojas, k\u0101 paredz\u0113ts, nodro\u0161inot sp\u0113c\u012bgu nikot\u012bna devu.<\/p>\n<p data-start=\"895\" data-end=\"1290\"><strong data-start=\"895\" data-end=\"995\">3. Vai JNR 25mg nikot\u012bna spilventi\u0146i var pal\u012bdz\u0113t sm\u0113\u0137\u0113t\u0101jiem atmest, un kas tos padara par vesel\u012bg\u0101ku alternat\u012bvu?<\/strong><br data-start=\"995\" data-end=\"998\" \/>J\u0101, JNR nikot\u012bna spilventi\u0146i var pal\u012bdz\u0113t sm\u0113\u0137\u0113t\u0101jiem atmest, nodro\u0161inot beztabakas, bezd\u016bmu iesp\u0113ju nikot\u012bna uz\u0146em\u0161anai. T\u0101 k\u0101 tie nesatur tabaku, tie nov\u0113r\u0161 sm\u0113\u0137\u0113\u0161anas kait\u012bgo ietekmi, padarot tos par vesel\u012bg\u0101ku alternat\u012bvu tiem, kas cen\u0161as samazin\u0101t vai atmest tabakas lieto\u0161anu.<\/p>\n<p data-start=\"1292\" data-end=\"1826\"><strong data-start=\"1292\" data-end=\"1409\">4. K\u0101das gar\u0161as ir pieejamas JNR 25mg nikot\u012bna spilventi\u0146iem, un kura no t\u0101m pied\u0101v\u0101 visatsvaidzino\u0161\u0101ko pieredzi?<\/strong><br data-start=\"1409\" data-end=\"1412\" \/>JNR nikot\u012bna spilventi\u0146i ir pieejami da\u017e\u0101d\u0101s atsvaidzino\u0161\u0101s gar\u0161\u0101s, tostarp melno \u0137ir\u0161u, zilo ave\u0146u ledus, melle\u0146u piparm\u0113tras, citrusaug\u013cu, ogu sajaukumu, zeme\u0146u ledus un cit\u0101s. Lai ieg\u016btu atsvaidzino\u0161u pieredzi, daudzi lietot\u0101ji izbauda dzes\u0113jo\u0161o saj\u016btu gar\u0161\u0101s, piem\u0113ram, ledus piparm\u0113tra, zilo ave\u0146u ledus un zeme\u0146u ledus.<\/p>\n<p data-start=\"1828\" data-end=\"2274\" data-is-last-node=\"\"><strong data-start=\"1828\" data-end=\"1932\">5. K\u0101 man pareizi novietot JNR nikot\u012bna spilventi\u0146u, lai lieto\u0161ana b\u016btu vis\u0113rt\u0101k\u0101 un efekt\u012bv\u0101k\u0101?<\/strong><br data-start=\"1932\" data-end=\"1935\" \/>Lai lietotu JNR nikot\u012bna spilventi\u0146u, vienk\u0101r\u0161i ievietojiet to zem aug\u0161\u0113j\u0101s vai apak\u0161\u0113j\u0101s l\u016bpas. Un j\u016bs s\u0101ksiet just iedarb\u012bbu da\u017eu min\u016b\u0161u laik\u0101. Diskr\u0113tais dizains \u013cauj izbaud\u012bt nikot\u012bna pieredzi bez nek\u0101rt\u012bbas vai sp\u0113c\u012bgas smar\u017eas.<\/p>\n<h2>K\u0101 pas\u016bt\u012bt?<\/h2>\n<p><strong>1. K\u0101dus maks\u0101jumu veidus j\u016bs pie\u0146emat?<\/strong><br \/>\nM\u0113s pie\u0146emam IBAN p\u0101rskait\u012bjumus un <span style=\"font-size: 16px;\">Western Union<\/span>\u00a0dro\u0161iem un \u0113rtiem dar\u012bjumiem.<\/p>\n<p><strong>2. K\u0101 es varu izsekot savam pas\u016bt\u012bjumam?<\/strong><br \/>\nKad j\u016bsu pas\u016bt\u012bjums ir nos\u016bt\u012bts, <span class=\"selectable-text copyable-text false\">m\u0113s past\u0101v\u012bgi atjaunin\u0101sim kravu izseko\u0161anu, l\u012bdz j\u016bs sa\u0146emsiet kravas<\/span>.<\/p>\n<p><strong>3. K\u0101ds ir paredzamais pieg\u0101des laiks?<\/strong><\/p>\n<ul>\n<li>Pieg\u0101de no <strong>\u0136\u012bnas noliktav\u0101m<\/strong> aiz\u0146em aptuveni <strong>7\u201314 darba dienas<\/strong>.<\/li>\n<li>Pieg\u0101de no <strong>Eiropas noliktavas<\/strong> parasti aiz\u0146em <strong>3\u20136 darba dienas<\/strong>.<\/li>\n<\/ul>\n<p><strong>4. K\u0101 es varu sa\u0146emt \u0101tr\u0101ku pieg\u0101di?<\/strong><br \/>\nLai sa\u0146emtu \u0101tr\u0101ku pieg\u0101di, iesak\u0101m pas\u016bt\u012bt no m\u016bsu <strong>Eiropas noliktavas<\/strong>, kas pied\u0101v\u0101 \u0101tr\u0101ku pieg\u0101des laiku.<\/p>\n<p><strong>5. K\u0101 es varu atgriezt preci?<\/strong><br \/>\nLai atgrieztu preci, sazinieties ar m\u016bsu klientu apkalpo\u0161anas komandu, lai sa\u0146emtu detaliz\u0113tus nor\u0101d\u012bjumus par atgrie\u0161anas procesu.<\/p>\n<p><strong>6. Vai j\u016bs pied\u0101v\u0101jat starptautisku pieg\u0101di?<\/strong><br \/>\nJ\u0101, m\u0113s pieg\u0101d\u0101jam uz liel\u0101ko da\u013cu valstu un apstr\u0101d\u0101jam <strong>muitas formalit\u0101tes<\/strong> lai nodro\u0161in\u0101tu vienm\u0113r\u012bgu pieg\u0101des pieredzi.<\/p>\n<p><strong>7. Ko dar\u012bt, ja es sa\u0146emu boj\u0101tu vai defekt\u012bvu produktu?<\/strong><br \/>\nJa j\u016bsu prece ir boj\u0101ta vai defekt\u012bva, sazinieties ar klientu apkalpo\u0161anas dienestu, lai sa\u0146emtu <strong>nomai\u0146u vai atmaksu<\/strong>.<\/p>\n<p><strong>8. K\u0101 es varu sazin\u0101ties ar klientu apkalpo\u0161anas dienestu?<\/strong><br \/>\nJ\u016bs varat sazin\u0101ties ar mums, izmantojot <strong>e-pastu, WhatsApp vai tie\u0161saistes t\u0113rz\u0113\u0161anu<\/strong> m\u016bsu t\u012bmek\u013ca vietn\u0113, lai sa\u0146emtu pal\u012bdz\u012bbu.<\/p>\n<\/div>\n<\/div>\n<\/div>\n<\/div>\n<\/div>","protected":false},"excerpt":{"rendered":"<p>JNR nikot\u012bna spilventi\u0146i 25 mg vairumtirdzniec\u012bba<br \/>\nKarsti p\u0101rdodami JNR nikot\u012bna spilventi\u0146i 25 mg, liels apjoms<br \/>\nLab\u0101kie JNR nikot\u012bna spilventi\u0146i 25 mg par l\u0113tu cenu<\/p>\n<p><strong>Pievienojiet Eimijas whatsapp, lai sa\u0146emtu pareizu atbildi un iztvaic\u0113t\u0101ja kuponu!<\/strong><\/p>\n<p><img fetchpriority=\"high\" decoding=\"async\" class=\"size-full wp-image-2932\" src=\"https:\/\/vapestornado.com\/wp-content\/uploads\/2024\/12\/Vape-Wholesale.jpg\" alt=\"Veipu Vairumtirdzniec\u012bba\" width=\"229\" height=\"300\" \/><\/p>\n<h3><a href=\"https:\/\/wa.me\/8617776015835\"><span style=\"color: #ff0000;\"><strong>WhatsApp: +86 17776015835<\/strong><\/span><\/a><\/h3>\n<p>&nbsp;<\/p>","protected":false},"featured_media":3777,"comment_status":"open","ping_status":"closed","template":"","meta":{"_acf_changed":false,"_uag_custom_page_level_css":"","_lmt_disableupdate":"no","_lmt_disable":"","_monsterinsights_skip_tracking":false,"_monsterinsights_sitenote_active":false,"_monsterinsights_sitenote_note":"","_monsterinsights_sitenote_category":0,"site-sidebar-layout":"default","site-content-layout":"","ast-site-content-layout":"default","site-content-style":"default","site-sidebar-style":"default","ast-global-header-display":"","ast-banner-title-visibility":"","ast-main-header-display":"","ast-hfb-above-header-display":"","ast-hfb-below-header-display":"","ast-hfb-mobile-header-display":"","site-post-title":"","ast-breadcrumbs-content":"","ast-featured-img":"","footer-sml-layout":"","ast-disable-related-posts":"","theme-transparent-header-meta":"default","adv-header-id-meta":"","stick-header-meta":"","header-above-stick-meta":"","header-main-stick-meta":"","header-below-stick-meta":"","astra-migrate-meta-layouts":"set","ast-page-background-enabled":"default","ast-page-background-meta":{"desktop":{"background-color":"","background-image":"","background-repeat":"repeat","background-position":"center center","background-size":"auto","background-attachment":"scroll","background-type":"","background-media":"","overlay-type":"","overlay-color":"","overlay-opacity":"","overlay-gradient":""},"tablet":{"background-color":"","background-image":"","background-repeat":"repeat","background-position":"center center","background-size":"auto","background-attachment":"scroll","background-type":"","background-media":"","overlay-type":"","overlay-color":"","overlay-opacity":"","overlay-gradient":""},"mobile":{"background-color":"","background-image":"","background-repeat":"repeat","background-position":"center center","background-size":"auto","background-attachment":"scroll","background-type":"","background-media":"","overlay-type":"","overlay-color":"","overlay-opacity":"","overlay-gradient":""}},"ast-content-background-meta":{"desktop":{"background-color":"var(--ast-global-color-5)","background-image":"","background-repeat":"repeat","background-position":"center center","background-size":"auto","background-attachment":"scroll","background-type":"","background-media":"","overlay-type":"","overlay-color":"","overlay-opacity":"","overlay-gradient":""},"tablet":{"background-color":"var(--ast-global-color-5)","background-image":"","background-repeat":"repeat","background-position":"center center","background-size":"auto","background-attachment":"scroll","background-type":"","background-media":"","overlay-type":"","overlay-color":"","overlay-opacity":"","overlay-gradient":""},"mobile":{"background-color":"var(--ast-global-color-5)","background-image":"","background-repeat":"repeat","background-position":"center center","background-size":"auto","background-attachment":"scroll","background-type":"","background-media":"","overlay-type":"","overlay-color":"","overlay-opacity":"","overlay-gradient":""}},"_joinchat":{"telephone":"17776015835"}},"product_brand":[],"product_cat":[19,140,149,150,152,157],"product_tag":[244,242,243],"class_list":{"0":"post-3788","1":"product","2":"type-product","3":"status-publish","4":"has-post-thumbnail","6":"product_cat-vapes","7":"product_cat-big-puffs-disposable-vapes","8":"product_cat-buy-disposable-vapes-in-austria","9":"product_cat-buy-disposable-vapes-in-belgium","10":"product_cat-buy-disposable-vapes-in-cermany","11":"product_cat-buy-disposable-vapes-in-portugal","12":"product_tag-jnr-nicotine-pouches","13":"product_tag-jnr-nicotine-pouches-25mg","14":"product_tag-nicotine-pouches","15":"desktop-align-left","16":"tablet-align-left","17":"mobile-align-left","19":"first","20":"instock","21":"sale","22":"shipping-taxable","23":"purchasable","24":"product-type-simple"},"acf":[],"uagb_featured_image_src":{"full":["https:\/\/vapestornado.com\/wp-content\/uploads\/2025\/02\/JNR-Nicotine-Pouches-Wholesale.webp",1000,1000,false],"thumbnail":["https:\/\/vapestornado.com\/wp-content\/uploads\/2025\/02\/JNR-Nicotine-Pouches-Wholesale-150x150.webp",150,150,true],"medium":["https:\/\/vapestornado.com\/wp-content\/uploads\/2025\/02\/JNR-Nicotine-Pouches-Wholesale-300x300.webp",300,300,true],"medium_large":["https:\/\/vapestornado.com\/wp-content\/uploads\/2025\/02\/JNR-Nicotine-Pouches-Wholesale-768x768.webp",768,768,true],"large":["https:\/\/vapestornado.com\/wp-content\/uploads\/2025\/02\/JNR-Nicotine-Pouches-Wholesale.webp",1000,1000,false],"1536x1536":["https:\/\/vapestornado.com\/wp-content\/uploads\/2025\/02\/JNR-Nicotine-Pouches-Wholesale.webp",1000,1000,false],"2048x2048":["https:\/\/vapestornado.com\/wp-content\/uploads\/2025\/02\/JNR-Nicotine-Pouches-Wholesale.webp",1000,1000,false],"trp-custom-language-flag":["https:\/\/vapestornado.com\/wp-content\/uploads\/2025\/02\/JNR-Nicotine-Pouches-Wholesale.webp",12,12,false],"woocommerce_thumbnail":["https:\/\/vapestornado.com\/wp-content\/uploads\/2025\/02\/JNR-Nicotine-Pouches-Wholesale-300x300.webp",300,300,true],"woocommerce_single":["https:\/\/vapestornado.com\/wp-content\/uploads\/2025\/02\/JNR-Nicotine-Pouches-Wholesale-600x600.webp",600,600,true],"woocommerce_gallery_thumbnail":["https:\/\/vapestornado.com\/wp-content\/uploads\/2025\/02\/JNR-Nicotine-Pouches-Wholesale-100x100.webp",100,100,true]},"uagb_author_info":{"display_name":"ESAMY","author_link":"https:\/\/vapestornado.com\/lv\/author\/"},"uagb_comment_info":0,"uagb_excerpt":"JNR Nicotine Pouches 25mg Wholesale Hot Selling JNR Nicotine Pouches 25mg Bulk Buy Best JNR Nicotine Pouches 25mg Cheap Price Add Amy's whatsapp get right reply and vape vape coupon! WhatsApp: +86 17776015835 &nbsp;","_links":{"self":[{"href":"https:\/\/vapestornado.com\/lv\/wp-json\/wp\/v2\/product\/3788","targetHints":{"allow":["GET"]}}],"collection":[{"href":"https:\/\/vapestornado.com\/lv\/wp-json\/wp\/v2\/product"}],"about":[{"href":"https:\/\/vapestornado.com\/lv\/wp-json\/wp\/v2\/types\/product"}],"replies":[{"embeddable":true,"href":"https:\/\/vapestornado.com\/lv\/wp-json\/wp\/v2\/comments?post=3788"}],"wp:featuredmedia":[{"embeddable":true,"href":"https:\/\/vapestornado.com\/lv\/wp-json\/wp\/v2\/media\/3777"}],"wp:attachment":[{"href":"https:\/\/vapestornado.com\/lv\/wp-json\/wp\/v2\/media?parent=3788"}],"wp:term":[{"taxonomy":"product_brand","embeddable":true,"href":"https:\/\/vapestornado.com\/lv\/wp-json\/wp\/v2\/product_brand?post=3788"},{"taxonomy":"product_cat","embeddable":true,"href":"https:\/\/vapestornado.com\/lv\/wp-json\/wp\/v2\/product_cat?post=3788"},{"taxonomy":"product_tag","embeddable":true,"href":"https:\/\/vapestornado.com\/lv\/wp-json\/wp\/v2\/product_tag?post=3788"}],"curies":[{"name":"wp","href":"https:\/\/api.w.org\/{rel}","templated":true}]}}