{"id":3768,"date":"2025-02-07T07:31:32","date_gmt":"2025-02-07T07:31:32","guid":{"rendered":"https:\/\/vapestornado.com\/?post_type=product&#038;p=3768"},"modified":"2025-12-05T07:24:35","modified_gmt":"2025-12-05T07:24:35","slug":"razzbar-15000-puffs-rechargeable-disposable-vape-bulk-buy-at-cheap-prices","status":"publish","type":"product","link":"https:\/\/vapestornado.com\/lv\/product\/razzbar-15000-puffs-rechargeable-disposable-vape-bulk-buy-at-cheap-prices\/","title":{"rendered":"RAZZBAR 15000 UZPU\u0160U Uzl\u0101d\u0113jams vienreiz\u0113j\u0101s lieto\u0161anas tvaic\u0113t\u0101js Lielapjoma pirkums par zem\u0101m cen\u0101m"},"content":{"rendered":"<h2 class=\"product-title\">RAZZBAR 15000 UZPU\u0160U Uzl\u0101d\u0113jams vienreiz\u0113j\u0101s lieto\u0161anas tvaic\u0113t\u0101js Lielapjoma pirkums par zem\u0101m cen\u0101m<\/h2>\n<p data-start=\"278\" data-end=\"586\">RAZZBAR 15000 sniedz ilgu darb\u012bbas laiku kompakt\u0101 korpus\u0101: 15 000 ieelpas, 650mAh Type-C uzl\u0101d\u0113jama akumulators, t\u012bkli\u0146a spir\u0101les gar\u0161as konsekvence un 2% vai 5% s\u0101ls nikot\u012bna opcijas.<\/p>\n<p data-start=\"557\" data-end=\"874\"><strong data-start=\"557\" data-end=\"608\">15 000 ieelpas, kas paties\u012bb\u0101 samazina nomai\u0146u skaitu.<\/strong><br data-start=\"608\" data-end=\"611\" \/>RAZZBAR 15000 ieelpas ir paredz\u0113ts cilv\u0113kiem, kuri nev\u0113las main\u012bt ier\u012bces ik p\u0113c da\u017e\u0101m dien\u0101m. Liels ieelpu skaits izstiepj ikdienas lieto\u0161anu ilg\u0101k nek\u0101 standarta vienreizlietojamos, kas ir praktiski darba dien\u0101s, ce\u013cojumos vai vienk\u0101r\u0161i nepadom\u0101jot par to, ka iztuk\u0161osies vid\u0113j\u0101 ned\u0113\u013cas laik\u0101.<\/p>\n<p data-start=\"876\" data-end=\"1105\"><strong data-start=\"876\" data-end=\"911\">Uzl\u0101d\u0113jams jauda ar Type-C.<\/strong><br data-start=\"911\" data-end=\"914\" \/>T\u0101 <strong data-start=\"918\" data-end=\"936\">650 mAh akumulators<\/strong> ir uzl\u0101d\u0113jams, t\u0101p\u0113c \u0161is vienreizlietojamais vape neizs\u012bkst pirms \u0161\u0137idruma izlieto\u0161anas. <strong data-start=\"1007\" data-end=\"1035\">USB Type-C \u0101tro uzl\u0101di<\/strong> padara to vienk\u0101r\u0161u\u2014viens kop\u012bgs kabelis, \u012bsi papildin\u0101jumi, atpaka\u013c kabat\u0101.<\/p>\n<p data-start=\"1107\" data-end=\"1349\"><strong data-start=\"1107\" data-end=\"1138\">T\u012bkli\u0146a spir\u0101le stabilai gar\u0161ai.<\/strong><br data-start=\"1138\" data-end=\"1141\" \/>Daudzi vienreizlietojamie s\u0101k stipri, tad izbal\u0113. RAZZBAR 15k vape izmanto <strong data-start=\"1201\" data-end=\"1214\">t\u012bkla spoli<\/strong>, kas silda vienm\u0113r\u012bg\u0101k un pal\u012bdz uztur\u0113t gar\u0161u un tvaiku stabilu ilg\u0101k\u0101 lieto\u0161an\u0101. Maz\u0101k sausu ieelpu, maz\u0101k sadedzin\u0101tas gar\u0161as v\u0113l\u0101k ier\u012bc\u0113.<\/p>\n<p data-start=\"1351\" data-end=\"1566\"><strong data-start=\"1351\" data-end=\"1399\">Divas nikot\u012bna stipr\u012bbas, kas atbilst re\u0101laj\u0101m ieradumiem.<\/strong><br data-start=\"1399\" data-end=\"1402\" \/>Abas <strong data-start=\"1407\" data-end=\"1434\">2% un 5% s\u0101ls nikot\u012bns<\/strong> ir pieejamas. 2% ir piem\u0113rots viegl\u0101kai ikdienas lieto\u0161anai vai ikvienam, kur\u0161 pak\u0101peniski samazina lieto\u0161anu, savuk\u0101rt 5% ir stipr\u0101ka ieelpa, kas tuv\u0101ka tam, ko sagaida daudzi sm\u0113\u0137\u0113t\u0101ji.<\/p>\n<p data-start=\"1568\" data-end=\"1838\">\n<p><strong>Pievienojiet Eimijas Whatsapp, lai sa\u0146emtu pareizo atbildi un vape kuponu!<\/strong><\/p>\n<p><img fetchpriority=\"high\" decoding=\"async\" class=\"size-full wp-image-2932\" src=\"https:\/\/vapestornado.com\/wp-content\/uploads\/2024\/12\/Vape-Wholesale.jpg\" alt=\"Veipu Vairumtirdzniec\u012bba\" width=\"229\" height=\"300\" \/><\/p>\n<h3><a href=\"https:\/\/wa.me\/8617776015835\" target=\"_blank\" rel=\"noopener\"><span style=\"color: #ff0000;\"><strong>WhatsApp: +86 17776015835<\/strong><\/span><\/a><\/h3>\n<p>&nbsp;<\/p>\n<h2><strong>RAZZBAR 15000 Dvesmu Produkta \u012bpa\u0161\u012bbas<\/strong><\/h2>\n<table>\n<thead>\n<tr>\n<th>Funkcija \/ Parametrs<\/th>\n<th align=\"right\">Spec<\/th>\n<th>Skaidrojums<\/th>\n<\/tr>\n<\/thead>\n<tbody>\n<tr>\n<td>Produkts Nosaukums<\/td>\n<td align=\"right\">RAZZBAR 15000 Puffs atk\u0101rtoti uzl\u0101d\u0113jams vienreiz\u0113j\u0101s lieto\u0161anas vape<\/td>\n<td>Skaidrs modelis atk\u0101rtotiem pirc\u0113jiem un mekl\u0113\u0161anai.<\/td>\n<\/tr>\n<tr>\n<td>Pufiju ietilp\u012bba<\/td>\n<td align=\"right\">L\u012bdz 15 000 pufiem<\/td>\n<td>Ilg\u0101ka lieto\u0161ana nek\u0101 parasti vienreizlietojamajiem; maz\u0101k nomai\u0146u.<\/td>\n<\/tr>\n<tr>\n<td>Akumulators<\/td>\n<td align=\"right\">650mAh uzl\u0101d\u0113jams<\/td>\n<td>Uzl\u0101d\u0113jiet, lai var\u0113tu pabeigt ier\u012bci, nevis izt\u0113r\u0113t ieelpas.<\/td>\n<\/tr>\n<tr>\n<td>Uzl\u0101de<\/td>\n<td align=\"right\">USB Type-C<\/td>\n<td>Klasisks \u0101tr\u0101s uzl\u0101des standarts; viegli atrodamie kabeli.<\/td>\n<\/tr>\n<tr>\n<td>Spoles veids<\/td>\n<td align=\"right\">T\u012bkla spole<\/td>\n<td>Vienm\u0113r\u012bga sild\u012b\u0161ana = stabil\u0101ka gar\u0161a un glud\u0101ka ieelpa.<\/td>\n<\/tr>\n<tr>\n<td>Nikot\u012bna stiprums<\/td>\n<td align=\"right\">2% \/ 5% s\u0101ls nikot\u012bns<\/td>\n<td>Izv\u0113le starp viegl\u0101ku ikdienas l\u012bmeni vai stipr\u0101ku ieelpu.<\/td>\n<\/tr>\n<tr>\n<td>Gar\u0161as<\/td>\n<td align=\"right\">12 opcijas<\/td>\n<td>Da\u017e\u0101d\u012bba da\u017e\u0101d\u0101m gaum\u0113m un atk\u0101rtotai p\u0101rdo\u0161anai.<\/td>\n<\/tr>\n<tr>\n<td>Kaste iepakojums<\/td>\n<td align=\"right\">200 gabali pa kasti<\/td>\n<td>Vairumtirdzniec\u012bbai draudz\u012bga daudzums veikaliem un izplat\u012bt\u0101jiem.<\/td>\n<\/tr>\n<tr>\n<td>Lieto\u0161anas stils<\/td>\n<td align=\"right\">Aktiviz\u0113jas ievelkot<\/td>\n<td>Nav pogu; ieelpojiet, lai uzpild\u012btu.<\/td>\n<\/tr>\n<\/tbody>\n<\/table>\n<p><img decoding=\"async\" class=\"wp-image-3763 size-full\" src=\"https:\/\/vapestornado.com\/wp-content\/uploads\/2025\/02\/PUFF-15000-RAZZBAR-Disposable-Vape-Cheap-Price.webp\" alt=\"PUFF 15000 RAZZBAR Vienreiz\u0113j\u0101s Lieto\u0161anas Vape L\u0113ta Cena\" width=\"1000\" height=\"1000\" srcset=\"https:\/\/vapestornado.com\/wp-content\/uploads\/2025\/02\/PUFF-15000-RAZZBAR-Disposable-Vape-Cheap-Price.webp 1000w, https:\/\/vapestornado.com\/wp-content\/uploads\/2025\/02\/PUFF-15000-RAZZBAR-Disposable-Vape-Cheap-Price-300x300.webp 300w, https:\/\/vapestornado.com\/wp-content\/uploads\/2025\/02\/PUFF-15000-RAZZBAR-Disposable-Vape-Cheap-Price-150x150.webp 150w, https:\/\/vapestornado.com\/wp-content\/uploads\/2025\/02\/PUFF-15000-RAZZBAR-Disposable-Vape-Cheap-Price-768x768.webp 768w, https:\/\/vapestornado.com\/wp-content\/uploads\/2025\/02\/PUFF-15000-RAZZBAR-Disposable-Vape-Cheap-Price-600x600.webp 600w, https:\/\/vapestornado.com\/wp-content\/uploads\/2025\/02\/PUFF-15000-RAZZBAR-Disposable-Vape-Cheap-Price-100x100.webp 100w\" sizes=\"(max-width: 1000px) 100vw, 1000px\" \/><\/p>\n<h2 class=\"product-title\"><strong>RAZZBAR 15000 Dvesmu Gar\u0161u Saraksts<\/strong><\/h2>\n<p>1.Ave\u0146u kr\u0113ms<br \/>\n2.Zeme\u0146u ledus<br \/>\n3.Red Bull ledus<br \/>\n4.Kivi Marakujas Gvava<br \/>\n5.Mamba<br \/>\n6.Melle\u0146u ledus<br \/>\n7.Persiku ledus<br \/>\n8.Zeme\u0146u kivi<br \/>\n9.Arb\u016bzu ledus<br \/>\n10.Persiku, mango, anan\u0101su<br \/>\n11.Arb\u016bzu ko\u0161\u013c\u0101jam\u0101 gumija<br \/>\n12.Ogu mais\u012bjums<br \/>\n13.Melle\u0146u, ave\u0146u, citrona<br \/>\n14.Citronu laims<br \/>\n15.Kol\u0101 ledus<br \/>\n16.Dubultais \u0101bols<\/p>\n<h3 class=\"product-title\"><strong>Dzi\u013c\u0161 RAZZBAR 15000 dvesmu gar\u0161u saraksta apskats<\/strong><\/h3>\n<ul>\n<li><strong>Ave\u0146u fudge<\/strong> \u2013 Bag\u0101t\u012bgs un kr\u0113m\u012bgs saldo ave\u0146u mais\u012bjums ar gludu, dekadentisku karameli.<\/li>\n<li><strong>Zeme\u0146u ledus<\/strong> \u2013 Sul\u012bgas zemenes ar atsvaidzino\u0161u, ledainu izelpu, kas rada v\u0113suma saj\u016btu.<\/li>\n<li><strong>Ener\u0123ijas dz\u0113riena ledus<\/strong> \u2013 Ener\u0123isks un sp\u0113c\u012bgs Red Bull arom\u0101ts ar krauk\u0161\u0137\u012bgu mentola noti.<\/li>\n<li><strong>Kivi pasifloras gvajava<\/strong> \u2013 Tropisks sk\u0101bu kivi, saldu pasifloras aug\u013cu un eksotiskas gvajaves spr\u0101dziens.<\/li>\n<li><strong>Mamba<\/strong> \u2013 Nosl\u0113pumains un intens\u012bvs aug\u013cu mais\u012bjums ar sp\u0113c\u012bgu un sk\u0101bu gar\u0161u.<\/li>\n<li><strong>Melle\u0146u Ledus<\/strong> \u2013 Salds un sul\u012bgs melle\u0146u arom\u0101ts, kas papildin\u0101ts ar ledainu mentola piesk\u0101rienu.<\/li>\n<li><strong>Persiku ledus<\/strong> \u2013 Nogatavoju\u0161ies, sul\u012bgi persiki, kas sajaukti ar gludu un atsvaidzino\u0161u ledainu noti.<\/li>\n<li><strong>Zeme\u0146u kivi<\/strong> \u2013 Br\u012bni\u0161\u0137\u012bgs saldo zeme\u0146u un sk\u0101bu, tropisko kivi apvienojums.<\/li>\n<li><strong>Arb\u016bzu ledus<\/strong> \u2013 Krauk\u0161\u0137\u012bgs un atsvaidzino\u0161s arb\u016bza arom\u0101ts ar atv\u0113sino\u0161u mentola noti.<\/li>\n<li><strong>Persiku mango ananass<\/strong> \u2013 Sul\u012bgs tropisks mais\u012bjums ar saldiem persikiem, nogatavoju\u0161iem mango un sk\u0101biem anan\u0101siem.<\/li>\n<li><strong>Arb\u016bzu ko\u0161\u013c\u0101jam\u0101 gumija<\/strong> \u2013 Nostal\u0123isks ko\u0161\u013c\u0101jam\u0101s gumijas arom\u0101ts ar sul\u012bgu arb\u016bza saldumu.<\/li>\n<li><strong>Jauktas ogas<\/strong> \u2013 Dinamisks da\u017e\u0101du ogu apvienojums, kas pied\u0101v\u0101 perfektu sald\u0101 un sk\u0101b\u0101 l\u012bdzsvaru.<\/li>\n<li><strong>Mellenes Avenes Citrons<\/strong> \u2013 Spirdzino\u0161s melle\u0146u, ave\u0146u un citrusaug\u013cu citrona mais\u012bjums.<\/li>\n<li><strong>Citronu Laims<\/strong> \u2013 Atsvaidzino\u0161s citrusaug\u013cu duets, kur\u0101 ir ass citrons un spirdzino\u0161s laims, radot krauk\u0161\u0137\u012bgu gar\u0161u.<\/li>\n<li><strong>Kolas ledus<\/strong> \u2013 Klasiska g\u0101z\u0113ta kola ar v\u0113su mentola noti, kas rada atsvaidzino\u0161u efektu.<\/li>\n<li><strong>Dubult\u0101 \u0101bols<\/strong> \u2013 Gluds un krauk\u0161\u0137\u012bgs saldo un sk\u0101bo \u0101bolu mais\u012bjums ar \u0161i\u0161as iedvesmotu gar\u0161u.<\/li>\n<\/ul>\n<h3>K\u0101p\u0113c izv\u0113l\u0113ties vapestornado RAZZBAR 15000 Puffs Vape vairumtirdzniec\u012bbai?<\/h3>\n<div class=\"flex-shrink-0 flex flex-col relative items-end\">\n<div class=\"pt-0\">\n<div class=\"gizmo-bot-avatar flex h-8 w-8 items-center justify-center overflow-hidden rounded-full\">\n<div class=\"relative p-1 rounded-sm flex items-center justify-center bg-token-main-surface-primary text-token-text-primary h-8 w-8\">\n<p>Laipni l\u016bdzam vapestornado, j\u016bsu uzticamaj\u0101 tie\u0161saistes vape veikal\u0101, kur\u0101 var ieg\u0101d\u0101ties augst\u0101k\u0101s kvalit\u0101tes vienreiz\u0113j\u0101s lieto\u0161anas vapes. Ar vair\u0101k nek\u0101 5 gadu pieredzi m\u0113s pied\u0101v\u0101jam popul\u0101rus vienreiz\u0113j\u0101s lieto\u0161anas vape z\u012bmolus, piem\u0113ram, Fumot RandM Vape, <a href=\"https:\/\/vapestornado.com\/lv\/product\/vapme-crystal-7000-puffs-rechargeable-disposable-vape-wholesale-cheap-price\/\">Vapme<\/a>, Bang Vape, Waspe Vape un WGA Vape, u.c.<\/p>\n<p>M\u016bsu kl\u0101st\u0101 ir iek\u013cauti karstie izp\u0101rdo\u0161anas veipi, piem\u0113ram, <a href=\"https:\/\/vapestornado.com\/lv\/product\/bang-king-35k-35000-puffs-2-in-1-dual-flavour-disposable-vape-wholesale-cheap-price\/\">Bang King 35k 35000 dvesmas<\/a>, un bag\u0101t\u012bgas gar\u0161as izv\u0113les, piem\u0113ram, <a href=\"https:\/\/vapestornado.com\/lv\/product\/waspe-crystal-40000-puffs-40k-double-flavor-rechargeable-disposable-vapes-cheap-price\/\">WASPE Crystal 40k Dubult\u0101 arom\u0101ts<\/a>\u00a0. Katrs produkts ir izv\u0113l\u0113ts, koncentr\u0113joties uz kvalit\u0101ti, v\u0113rt\u012bbu un daudzveid\u012bbu, nodro\u0161inot, ka j\u016bs atrad\u012bsiet perfektu atbilst\u012bbu sav\u0101m vajadz\u012bb\u0101m. Atkl\u0101jiet izcilu servisu un pla\u0161u popul\u0101r\u0101ko produktu kl\u0101stu par vairumtirdzniec\u012bbas cen\u0101m vietn\u0113 vapestornado.<\/p>\n<\/div>\n<h3><\/h3>\n<div class=\"relative p-1 rounded-sm flex items-center justify-center bg-token-main-surface-primary text-token-text-primary h-8 w-8\">\n<h3>Bie\u017e\u0101k uzdotie jaut\u0101jumi par RAZZBAR 15000 Puffs vienreizlietojamo vape.<\/h3>\n<\/div>\n<\/div>\n<\/div>\n<\/div>\n<div class=\"flex-shrink-0 flex flex-col relative items-end\">\n<div class=\"pt-0\">\n<div class=\"gizmo-bot-avatar flex h-8 w-8 items-center justify-center overflow-hidden rounded-full\">\n<div class=\"relative p-1 rounded-sm flex items-center justify-center bg-token-main-surface-primary text-token-text-primary h-8 w-8\">\n<div class=\"mb-2 flex gap-3 empty:hidden -ml-2\">\n<p>1. Vai vienreizlietojamiem ir nepiecie\u0161ama \u012bpa\u0161a l\u0101d\u0113t\u0101js RAZZBAR 15000 Puffs?<br \/>\nN\u0113. RAZZBAR 15000 Puffs izmanto USB Type-C. Jebkur\u0161 standarta Type-C kabelis un dro\u0161a USB adapteris darbojas.<\/p>\n<p>2. Vai vienreizlietojamie produkti padara j\u016bs atkar\u012bg\u0101ku \u0101tr\u0101k, ieskaitot RAZZBAR 15000 Puffs?<br \/>\nAtkar\u012bbas risks ir atkar\u012bgs no nikot\u012bna stipruma un lieto\u0161anas bie\u017euma, ne no p\u016btienu skaita. T\u0101 k\u0101 RAZZBAR 15000 Puffs pied\u0101v\u0101 2% un 5%, lietot\u0101ji var izv\u0113l\u0113ties l\u012bmeni, kas atbilst vi\u0146u vajadz\u012bb\u0101m un kontrol\u0113t uz\u0146em\u0161anu.<\/p>\n<p>3. Vai RAZZBAR 15000 Puffs ir \u0161obr\u012bd labs aromatiz\u0113ts vienreizlietojams vape?<br \/>\nTas ir stabils izv\u0113le arom\u0101ta konsekvences nodro\u0161in\u0101\u0161anai pateicoties t\u012bkli\u0146a spir\u0101lei, kas pal\u012bdz uztur\u0113t gar\u0161u stabilu ilgsto\u0161as lieto\u0161anas laik\u0101. Ar 12 arom\u0101tiem veikali var apmierin\u0101t aug\u013cu, ledus un saldu profilu piepras\u012bjumu atkar\u012bb\u0101 no viet\u0113j\u0101s piepras\u012bjuma.<\/p>\n<p>4. Vai es varu \u0146emt l\u012bdzi RAZZBAR 15000 Puffs vienreizlietojamu vape lidma\u0161\u012bn\u0101?<br \/>\nLiel\u0101k\u0101 da\u013ca aviokomp\u0101niju at\u013cauj vienreizlietojamos produktus tikai rokas bag\u0101\u017e\u0101, ne p\u0101rbaud\u0101maj\u0101 bag\u0101\u017e\u0101, jo ir noteikumi par akumulatoriem. Saglab\u0101jiet RAZZBAR 15000 Puffs nosl\u0113gtu un iev\u0113rojiet aviokomp\u0101nijas un viet\u0113jos noteikumus.<\/p>\n<h2>K\u0101 pas\u016bt\u012bt?<\/h2>\n<p><strong>1. K\u0101dus maks\u0101jumu veidus j\u016bs pie\u0146emat?<\/strong><br \/>\nM\u0113s pie\u0146emam IBAN p\u0101rskait\u012bjumus un <span style=\"font-size: 16px;\">Western Union<\/span>\u00a0dro\u0161iem un \u0113rtiem dar\u012bjumiem.<\/p>\n<p><strong>2. K\u0101 es varu izsekot savam pas\u016bt\u012bjumam?<\/strong><br \/>\nKad j\u016bsu pas\u016bt\u012bjums ir nos\u016bt\u012bts, <span class=\"selectable-text copyable-text false\">m\u0113s past\u0101v\u012bgi atjaunin\u0101sim kravu izseko\u0161anu, l\u012bdz j\u016bs sa\u0146emsiet kravas<\/span>.<\/p>\n<p><strong>3. K\u0101ds ir paredzamais pieg\u0101des laiks?<\/strong><\/p>\n<ul>\n<li>Pieg\u0101de no <strong>\u0136\u012bnas noliktav\u0101m<\/strong> aiz\u0146em aptuveni <strong>7\u201314 darba dienas<\/strong>.<\/li>\n<li>Pieg\u0101de no <strong>Eiropas noliktavas<\/strong> parasti aiz\u0146em <strong>3\u20136 darba dienas<\/strong>.<\/li>\n<\/ul>\n<p><strong>4. K\u0101 es varu sa\u0146emt \u0101tr\u0101ku pieg\u0101di?<\/strong><br \/>\nLai sa\u0146emtu \u0101tr\u0101ku pieg\u0101di, iesak\u0101m pas\u016bt\u012bt no m\u016bsu <strong>Eiropas noliktavas<\/strong>, kas pied\u0101v\u0101 \u0101tr\u0101ku pieg\u0101des laiku.<\/p>\n<p><strong>5. K\u0101 es varu atgriezt preci?<\/strong><br \/>\nLai atgrieztu preci, sazinieties ar m\u016bsu klientu apkalpo\u0161anas komandu, lai sa\u0146emtu detaliz\u0113tus nor\u0101d\u012bjumus par atgrie\u0161anas procesu.<\/p>\n<p><strong>6. Vai j\u016bs pied\u0101v\u0101jat starptautisku pieg\u0101di?<\/strong><br \/>\nJ\u0101, m\u0113s pieg\u0101d\u0101jam uz liel\u0101ko da\u013cu valstu un apstr\u0101d\u0101jam <strong>muitas formalit\u0101tes<\/strong> lai nodro\u0161in\u0101tu vienm\u0113r\u012bgu pieg\u0101des pieredzi.<\/p>\n<p><strong>7. Ko dar\u012bt, ja es sa\u0146emu boj\u0101tu vai defekt\u012bvu produktu?<\/strong><br \/>\nJa j\u016bsu prece ir boj\u0101ta vai defekt\u012bva, sazinieties ar klientu apkalpo\u0161anas dienestu, lai sa\u0146emtu <strong>nomai\u0146u vai atmaksu<\/strong>.<\/p>\n<p><strong>8. K\u0101 es varu sazin\u0101ties ar klientu apkalpo\u0161anas dienestu?<\/strong><br \/>\nJ\u016bs varat sazin\u0101ties ar mums, izmantojot <strong>e-pastu, WhatsApp vai tie\u0161saistes t\u0113rz\u0113\u0161anu<\/strong> m\u016bsu t\u012bmek\u013ca vietn\u0113, lai sa\u0146emtu pal\u012bdz\u012bbu.<\/p>\n<\/div>\n<\/div>\n<\/div>\n<\/div>\n<\/div>","protected":false},"excerpt":{"rendered":"<p>RAZZBAR 15k pufa uzl\u0101d\u0113jams vienreizlietojams vape ilgam ikdienas lieto\u0161anai<br \/>\nRAZZBAR 15000 pufa t\u012bkla spir\u0101les arom\u0101ts un Type-C uzl\u0101de<br \/>\nRAZZBAR 15000 pufa vape vairumtirdzniec\u012bbas cena ar 12 arom\u0101tiem<\/p>\n<p><strong>Pievienojiet Eimijas whatsapp, lai sa\u0146emtu pareizu atbildi un iztvaic\u0113t\u0101ja kuponu!<\/strong><\/p>\n<p><img fetchpriority=\"high\" decoding=\"async\" class=\"size-full wp-image-2932\" src=\"https:\/\/vapestornado.com\/wp-content\/uploads\/2024\/12\/Vape-Wholesale.jpg\" alt=\"Veipu Vairumtirdzniec\u012bba\" width=\"229\" height=\"300\" \/><\/p>\n<h3><a href=\"https:\/\/wa.me\/8617776015835\"><span style=\"color: #ff0000;\"><strong>WhatsApp: +86 17776015835<\/strong><\/span><\/a><\/h3>\n<p>&nbsp;<\/p>","protected":false},"featured_media":3764,"comment_status":"open","ping_status":"closed","template":"","meta":{"_acf_changed":false,"_uag_custom_page_level_css":"","_lmt_disableupdate":"no","_lmt_disable":"","_monsterinsights_skip_tracking":false,"_monsterinsights_sitenote_active":false,"_monsterinsights_sitenote_note":"","_monsterinsights_sitenote_category":0,"site-sidebar-layout":"default","site-content-layout":"","ast-site-content-layout":"default","site-content-style":"default","site-sidebar-style":"default","ast-global-header-display":"","ast-banner-title-visibility":"","ast-main-header-display":"","ast-hfb-above-header-display":"","ast-hfb-below-header-display":"","ast-hfb-mobile-header-display":"","site-post-title":"","ast-breadcrumbs-content":"","ast-featured-img":"","footer-sml-layout":"","ast-disable-related-posts":"","theme-transparent-header-meta":"default","adv-header-id-meta":"","stick-header-meta":"","header-above-stick-meta":"","header-main-stick-meta":"","header-below-stick-meta":"","astra-migrate-meta-layouts":"set","ast-page-background-enabled":"default","ast-page-background-meta":{"desktop":{"background-color":"","background-image":"","background-repeat":"repeat","background-position":"center center","background-size":"auto","background-attachment":"scroll","background-type":"","background-media":"","overlay-type":"","overlay-color":"","overlay-opacity":"","overlay-gradient":""},"tablet":{"background-color":"","background-image":"","background-repeat":"repeat","background-position":"center center","background-size":"auto","background-attachment":"scroll","background-type":"","background-media":"","overlay-type":"","overlay-color":"","overlay-opacity":"","overlay-gradient":""},"mobile":{"background-color":"","background-image":"","background-repeat":"repeat","background-position":"center center","background-size":"auto","background-attachment":"scroll","background-type":"","background-media":"","overlay-type":"","overlay-color":"","overlay-opacity":"","overlay-gradient":""}},"ast-content-background-meta":{"desktop":{"background-color":"var(--ast-global-color-5)","background-image":"","background-repeat":"repeat","background-position":"center center","background-size":"auto","background-attachment":"scroll","background-type":"","background-media":"","overlay-type":"","overlay-color":"","overlay-opacity":"","overlay-gradient":""},"tablet":{"background-color":"var(--ast-global-color-5)","background-image":"","background-repeat":"repeat","background-position":"center center","background-size":"auto","background-attachment":"scroll","background-type":"","background-media":"","overlay-type":"","overlay-color":"","overlay-opacity":"","overlay-gradient":""},"mobile":{"background-color":"var(--ast-global-color-5)","background-image":"","background-repeat":"repeat","background-position":"center center","background-size":"auto","background-attachment":"scroll","background-type":"","background-media":"","overlay-type":"","overlay-color":"","overlay-opacity":"","overlay-gradient":""}},"_joinchat":{"telephone":"17776015835"}},"product_brand":[],"product_cat":[71,149,153,143],"product_tag":[97,238,239,94,93],"class_list":{"0":"post-3768","1":"product","2":"type-product","3":"status-publish","4":"has-post-thumbnail","6":"product_cat-15000-puff","7":"product_cat-buy-disposable-vapes-in-austria","8":"product_cat-buy-disposable-vapes-in-italy","9":"product_cat-dual-mesh-disposable-vapes","10":"product_tag-hot-sale-disposable-vape","11":"product_tag-razzbar","12":"product_tag-razzbar-15000-puffs","13":"product_tag-rechargeable-disposable-vape","14":"product_tag-vape-wholesale","15":"desktop-align-left","16":"tablet-align-left","17":"mobile-align-left","19":"first","20":"instock","21":"sale","22":"shipping-taxable","23":"purchasable","24":"product-type-simple"},"acf":[],"uagb_featured_image_src":{"full":["https:\/\/vapestornado.com\/wp-content\/uploads\/2025\/02\/PUFF-15000-RAZZBAR-Disposable-Vape-Wholesale.webp",1000,1000,false],"thumbnail":["https:\/\/vapestornado.com\/wp-content\/uploads\/2025\/02\/PUFF-15000-RAZZBAR-Disposable-Vape-Wholesale-150x150.webp",150,150,true],"medium":["https:\/\/vapestornado.com\/wp-content\/uploads\/2025\/02\/PUFF-15000-RAZZBAR-Disposable-Vape-Wholesale-300x300.webp",300,300,true],"medium_large":["https:\/\/vapestornado.com\/wp-content\/uploads\/2025\/02\/PUFF-15000-RAZZBAR-Disposable-Vape-Wholesale-768x768.webp",768,768,true],"large":["https:\/\/vapestornado.com\/wp-content\/uploads\/2025\/02\/PUFF-15000-RAZZBAR-Disposable-Vape-Wholesale.webp",1000,1000,false],"1536x1536":["https:\/\/vapestornado.com\/wp-content\/uploads\/2025\/02\/PUFF-15000-RAZZBAR-Disposable-Vape-Wholesale.webp",1000,1000,false],"2048x2048":["https:\/\/vapestornado.com\/wp-content\/uploads\/2025\/02\/PUFF-15000-RAZZBAR-Disposable-Vape-Wholesale.webp",1000,1000,false],"trp-custom-language-flag":["https:\/\/vapestornado.com\/wp-content\/uploads\/2025\/02\/PUFF-15000-RAZZBAR-Disposable-Vape-Wholesale.webp",12,12,false],"woocommerce_thumbnail":["https:\/\/vapestornado.com\/wp-content\/uploads\/2025\/02\/PUFF-15000-RAZZBAR-Disposable-Vape-Wholesale-300x300.webp",300,300,true],"woocommerce_single":["https:\/\/vapestornado.com\/wp-content\/uploads\/2025\/02\/PUFF-15000-RAZZBAR-Disposable-Vape-Wholesale-600x600.webp",600,600,true],"woocommerce_gallery_thumbnail":["https:\/\/vapestornado.com\/wp-content\/uploads\/2025\/02\/PUFF-15000-RAZZBAR-Disposable-Vape-Wholesale-100x100.webp",100,100,true]},"uagb_author_info":{"display_name":"ESAMY","author_link":"https:\/\/vapestornado.com\/lv\/author\/"},"uagb_comment_info":0,"uagb_excerpt":"RAZZBAR 15k Puff Rechargeable Disposable Vape for Long Daily Use RAZZBAR 15000 Puffs Mesh Coil Flavor and Type-C Charging RAZZBAR 15000 Puff Vape Wholesale Price with 12 Flavors Add Amy's whatsapp get right reply and vape vape coupon! WhatsApp: +86 17776015835 &nbsp;","_links":{"self":[{"href":"https:\/\/vapestornado.com\/lv\/wp-json\/wp\/v2\/product\/3768","targetHints":{"allow":["GET"]}}],"collection":[{"href":"https:\/\/vapestornado.com\/lv\/wp-json\/wp\/v2\/product"}],"about":[{"href":"https:\/\/vapestornado.com\/lv\/wp-json\/wp\/v2\/types\/product"}],"replies":[{"embeddable":true,"href":"https:\/\/vapestornado.com\/lv\/wp-json\/wp\/v2\/comments?post=3768"}],"wp:featuredmedia":[{"embeddable":true,"href":"https:\/\/vapestornado.com\/lv\/wp-json\/wp\/v2\/media\/3764"}],"wp:attachment":[{"href":"https:\/\/vapestornado.com\/lv\/wp-json\/wp\/v2\/media?parent=3768"}],"wp:term":[{"taxonomy":"product_brand","embeddable":true,"href":"https:\/\/vapestornado.com\/lv\/wp-json\/wp\/v2\/product_brand?post=3768"},{"taxonomy":"product_cat","embeddable":true,"href":"https:\/\/vapestornado.com\/lv\/wp-json\/wp\/v2\/product_cat?post=3768"},{"taxonomy":"product_tag","embeddable":true,"href":"https:\/\/vapestornado.com\/lv\/wp-json\/wp\/v2\/product_tag?post=3768"}],"curies":[{"name":"wp","href":"https:\/\/api.w.org\/{rel}","templated":true}]}}