{"id":3753,"date":"2025-01-17T08:42:15","date_gmt":"2025-01-17T08:42:15","guid":{"rendered":"https:\/\/vapestornado.com\/?post_type=product&#038;p=3753"},"modified":"2025-08-23T09:30:14","modified_gmt":"2025-08-23T09:30:14","slug":"bang-tornado-40000-puffs-disposable-vape-big-smart-screen-vapor","status":"publish","type":"product","link":"https:\/\/vapestornado.com\/lv\/product\/bang-tornado-40000-puffs-disposable-vape-big-smart-screen-vapor\/","title":{"rendered":"Bang Tornado 40000 Uzp\u016btienu vienreiz\u0113j\u0101s lieto\u0161anas Vape liels viedais ekr\u0101ns Vapor"},"content":{"rendered":"<h1>\u00a0Bang Tornado 40000 Uzp\u016btienu vienreiz\u0113j\u0101s lieto\u0161anas Vape liels viedais ekr\u0101ns Vapor<\/h1>\n<p>&nbsp;<\/p>\n<div role=\"article\" data-tabster=\"{&quot;groupper&quot;:{&quot;tabbability&quot;:2},&quot;focusable&quot;:{}}\" data-content=\"ai-message\" aria-labelledby=\"64JRvXrTnY7mRmPkEQLLT-author 64JRvXrTnY7mRmPkEQLLT-content\">\n<div id=\"64JRvXrTnY7mRmPkEQLLT-content\">\n<p data-start=\"328\" data-end=\"622\">T\u0101 <strong data-start=\"332\" data-end=\"376\">Bang Tornado 40000 Puffs vienreiz\u0113j\u0101s lieto\u0161anas vape<\/strong> ir izveidots, lai nodro\u0161in\u0101tu ietilp\u012bbu un uzlabotu veiktsp\u0113ju, padarot to par sp\u0113c\u012bgu iesp\u0113ju vairumtirdzniec\u012bbas pirc\u0113jiem un vape veikaliem. Ar <strong data-start=\"495\" data-end=\"528\">40 ml iepriek\u0161 uzpild\u012btu e-\u0161\u0137idruma tvertni<\/strong> un l\u012bdz <strong data-start=\"539\" data-end=\"555\">40 000 uzp\u016btienu<\/strong>, tas nodro\u0161ina ilgsto\u0161as sesijas bez bie\u017eas nomai\u0146as.<\/p>\n<p data-start=\"624\" data-end=\"892\">Darbojas ar <strong data-start=\"638\" data-end=\"669\">850mAh uzl\u0101d\u0113jams akumulators<\/strong> ar <strong data-start=\"675\" data-end=\"699\">C tipa \u0101tr\u0101 uzl\u0101de<\/strong>, Bang Tornado 40K nodro\u0161ina nemain\u012bgu jaudu ilgsto\u0161ai lieto\u0161anai. T\u0101 <strong data-start=\"770\" data-end=\"795\">0,5 \u03a9 tr\u012bsk\u0101r\u0161\u0101 sieta spole<\/strong> uzlabo tvaika bl\u012bvumu un gar\u0161as bag\u0101t\u012bbu, nodro\u0161inot vienm\u0113r\u012bgu, vienm\u0113r\u012bgu kars\u0113\u0161anu ar katru vilkmi.<\/p>\n<p data-start=\"894\" data-end=\"1089\">Izstr\u0101d\u0101ts ar <strong data-start=\"910\" data-end=\"940\">liels viedais displeja ekr\u0101ns<\/strong>, lietot\u0101ji var re\u0101llaik\u0101 uzraudz\u012bt jaudu un lietojumu. Ergonomisk\u0101 konstrukcija un gludais dizains padara to p\u0101rn\u0113s\u0101jamu, uzticamu un \u0113rtu ikdienas lieto\u0161anai.<\/p>\n<p data-start=\"1091\" data-end=\"1294\">Vairumtirgot\u0101jiem un izplat\u012bt\u0101jiem <strong data-start=\"1129\" data-end=\"1162\">Bang Tornado 40000 P\u016b\u013cu Vape<\/strong> apvieno lielu uzp\u016btienu ietilp\u012bbu, uzl\u0101d\u0113jamu efektivit\u0101ti un augst\u0101k\u0101s kvalit\u0101tes konstrukciju, pied\u0101v\u0101jot sp\u0113c\u012bgu tirgus pievilc\u012bbu un rentabilit\u0101ti.<\/p>\n<p><img fetchpriority=\"high\" decoding=\"async\" class=\"size-medium wp-image-2951\" src=\"https:\/\/vapestornado.com\/wp-content\/uploads\/2024\/12\/Wholesale-Disposable-Vape-265x300.jpg\" alt=\"Vienreiz\u0113j\u0101s lieto\u0161anas Vape vairumtirdzniec\u012bba\" width=\"265\" height=\"300\" srcset=\"https:\/\/vapestornado.com\/wp-content\/uploads\/2024\/12\/Wholesale-Disposable-Vape-265x300.jpg 265w, https:\/\/vapestornado.com\/wp-content\/uploads\/2024\/12\/Wholesale-Disposable-Vape-768x871.jpg 768w, https:\/\/vapestornado.com\/wp-content\/uploads\/2024\/12\/Wholesale-Disposable-Vape-600x680.jpg 600w, https:\/\/vapestornado.com\/wp-content\/uploads\/2024\/12\/Wholesale-Disposable-Vape.jpg 823w\" sizes=\"(max-width: 265px) 100vw, 265px\" \/><\/p>\n<h5>L\u016bdzu, sazinieties ar Mandiju WhatsApp, lai sa\u0146emtu atlaides cenu<a href=\"https:\/\/wa.me\/8618077105796\" target=\"_blank\" rel=\"noopener\">+8618077105796<\/a><\/h5>\n<p>&nbsp;<\/p>\n<\/div>\n<\/div>\n<div class=\"mb-2 flex gap-3 empty:hidden -ml-2\">\n<h2 class=\"sr-proMainInfo-baseInfoH1 J-baseInfo-name\">\u00a0Bang 40000 Puffs uzl\u0101d\u0113jamu vape galven\u0101s iez\u012bmes:<\/h2>\n<ul>\n<li><strong>40 ml e-\u0161\u0137idruma ietilp\u012bba<\/strong> l\u012bdz <strong>40 000 uzp\u016btienu<\/strong><\/li>\n<li><strong>850mAh uzl\u0101d\u0113jams akumulators<\/strong> ar <strong>Type-C uzl\u0101des ports<\/strong><\/li>\n<li><strong>0,5 omu tr\u012bs sieta spole<\/strong> vienm\u0113r\u012bgam tvaikam un pastiprin\u0101tai gar\u0161ai<\/li>\n<li><strong>Regul\u0113jama jauda<\/strong> personaliz\u0113tai vaping pieredzei<\/li>\n<li><strong>Ilgsto\u0161s<\/strong> un \u0113rts ilgsto\u0161ai lieto\u0161anai<\/li>\n<li>Gluds, <strong>ergonomisks dizains<\/strong> p\u0101rn\u0113s\u0101jam\u012bbai<\/li>\n<li>Ide\u0101li piem\u0113rots gan ikdienas, gan pieredz\u0113ju\u0161iem veipot\u0101jiem<\/li>\n<\/ul>\n<\/div>\n<h2 class=\"sr-proMainInfo-baseInfoH1 J-baseInfo-name\">Bang Tornado 40000 Puff vairumtirdzniec\u012bbas vape gar\u0161a:<\/h2>\n<p>1. Zeme\u0146u arb\u016bzs<br \/>\n2.Arb\u016bzs<br \/>\n3.M\u012aLEST\u012aBA 66<br \/>\n4.Ener\u0123ijas dz\u0113riens<br \/>\n5.Zeme\u0146u kivi<br \/>\n6.Melle\u0146u citrons<br \/>\n7.Melle\u0146u v\u012bnogas<br \/>\n8. Melle\u0146u ave\u0146u<br \/>\n9. Mango persiku<br \/>\n10. Tr\u012bsk\u0101r\u0161u ogu<br \/>\n11. Dubult\u0101 \u0101bolu<br \/>\n12. Persiku ledus<\/p>\n<div role=\"article\" data-tabster=\"{&quot;groupper&quot;:{&quot;tabbability&quot;:2},&quot;focusable&quot;:{}}\" data-content=\"ai-message\" aria-labelledby=\"dARUyEWDoEYhnSPXFwx5A-author dARUyEWDoEYhnSPXFwx5A-content\">\n<div id=\"dARUyEWDoEYhnSPXFwx5A-content\">\n<h3><strong>K\u0101p\u0113c pirkt <\/strong>Bang Tornado 40k Puff tvaiku <strong>no vapestornado?<\/strong><\/h3>\n<div class=\"flex max-w-full flex-col flex-grow\">\n<div class=\"min-h-8 text-message flex w-full flex-col items-end gap-2 whitespace-normal break-words text-start [.text-message+&amp;]:mt-5\" dir=\"auto\" data-message-author-role=\"assistant\" data-message-id=\"8ec0866b-3616-4b38-8c41-2e75d00fce2d\" data-message-model-slug=\"gpt-4o-mini\">\n<div class=\"flex w-full flex-col gap-1 empty:hidden first:pt-[3px]\">\n<div class=\"markdown prose w-full break-words dark:prose-invert light\">\n<ul>\n<li><strong>Augst\u0101k\u0101 kvalit\u0101te<\/strong>: vapestornado pied\u0101v\u0101 autentiskus, augstas kvalit\u0101tes Bang Tornado 40000 uzp\u016btienus, nodro\u0161inot augst\u0101k\u0101s klases tvaic\u0113\u0161anas pieredzi ar vienm\u0113r\u012bgu tvaiku un bag\u0101t\u012bgu gar\u0161u.<\/li>\n<li><strong>Konkur\u0113tsp\u0113j\u012bgas cenas<\/strong>: Izbaudiet konkur\u0113tsp\u0113j\u012bgas vairumtirdzniec\u012bbas cenas lieliem pirkumiem, padarot to ide\u0101li piem\u0113rotu gan individu\u0101liem lietot\u0101jiem, gan uz\u0146\u0113mumiem.<\/li>\n<li><strong>\u0100tra pieg\u0101de<\/strong>: vapestornado nodro\u0161ina \u0101tru un uzticamu pieg\u0101di, lai j\u016bs var\u0113tu s\u0101kt baud\u012bt savu produktu bez kav\u0113\u0161an\u0101s.<\/li>\n<li><strong>Izcils klientu serviss<\/strong>: \u012apa\u0161a atbalsta komanda ir gatava pal\u012bdz\u0113t ar jebk\u0101diem jaut\u0101jumiem vai ba\u017e\u0101m, nodro\u0161inot vienm\u0113r\u012bgu pirk\u0161anas pieredzi.<\/li>\n<li><strong>Pla\u0161a izv\u0113le<\/strong>: vapestornado pied\u0101v\u0101 da\u017e\u0101das gar\u0161as un iesp\u0113jas, \u013caujot jums izv\u0113l\u0113ties ide\u0101lu atbilst\u012bbu sav\u0101m v\u0113lm\u0113m.<\/li>\n<li><strong>Dro\u0161i pirkumi<\/strong>: Ar ap\u0146em\u0161anos nodro\u0161in\u0101t klientu dro\u0161\u012bbu, vapestornado garant\u0113 dro\u0161as maks\u0101jumu iesp\u0113jas un dar\u012bjumus.<\/li>\n<\/ul>\n<\/div>\n<\/div>\n<\/div>\n<\/div>\n<div class=\"mb-2 flex gap-3 empty:hidden -ml-2\">\n<div class=\"items-center justify-start rounded-xl p-1 flex\"><\/div>\n<\/div>\n<\/div>\n<\/div>\n<h3>BUJ par Bang Tornado puff 40000 vienreiz\u0113j\u0101s lieto\u0161anas vape<\/h3>\n<ul>\n<li><strong>Cik ilgi darbojas Bang tornado vape 40 000 Puffs?<\/strong><br \/>\nBang Tornado 40 000 Puffs darbojas l\u012bdz 40 000 uzp\u016btieniem, atkar\u012bb\u0101 no lietojuma. Ar lielu 40 ml e-\u0161\u0137idruma ietilp\u012bbu tas pied\u0101v\u0101 ilgsto\u0161u tvaic\u0113\u0161anu bez bie\u017eas nomai\u0146as.<\/li>\n<li><strong>K\u0101 es varu uzl\u0101d\u0113t Bang Tornado 40 000 Puffvapes?<\/strong><br \/>\nIer\u012bce ir apr\u012bkota ar <strong>850mAh uzl\u0101d\u0113jams akumulators<\/strong> un <strong>Type-C uzl\u0101des ports<\/strong>, kas nodro\u0161ina \u0101tru un efekt\u012bvu uzl\u0101di, kad akumulators ir zems.<\/li>\n<li><strong>K\u0101da ir spoles pretest\u012bba Bang vape Tornado 40 000 Puffs?<\/strong><br \/>\nIer\u012bce izmanto <strong>0,5 omu tr\u012bs sieta spole<\/strong> lai nodro\u0161in\u0101tu vienm\u0113r\u012bg\u0101ku tvaiku ra\u017eo\u0161anu un uzlabotu gar\u0161u, nodro\u0161inot izcilu tvaic\u0113\u0161anas pieredzi.<\/li>\n<li><strong>K\u0101ds nikot\u012bna stiprums ir Cheap Price Bang Tornado 40 000 Puffs?<\/strong><br \/>\nBang Tornado 40 000 Puffs parasti ir pieejams da\u017e\u0101dos nikot\u012bna stiprumos (parasti 2% vai 5%), lai tas atbilstu da\u017e\u0101d\u0101m v\u0113lm\u0113m.<\/li>\n<\/ul>","protected":false},"excerpt":{"rendered":"<ul>\n<li><strong>Augstas klases Bang Tornado 40K Puff vienreiz\u0113j\u0101s lieto\u0161anas vape pildspalva<\/strong><\/li>\n<li><strong>Iztur\u012bga Bang Tornado 40K Puffs uzl\u0101d\u0113jama vape ier\u012bce<\/strong><\/li>\n<li><strong>Bang Tornado 40K Puffs E-Cig ar piel\u0101gojam\u0101m ledus gar\u0161as p\u0101kst\u012bm<\/strong><\/li>\n<\/ul>\n<figure id=\"attachment_2951\" aria-describedby=\"caption-attachment-2951\" style=\"width: 265px\" class=\"wp-caption alignnone\"><img fetchpriority=\"high\" decoding=\"async\" class=\"size-medium wp-image-2951\" src=\"https:\/\/vapestornado.com\/wp-content\/uploads\/2024\/12\/Wholesale-Disposable-Vape-265x300.jpg\" alt=\"Vienreiz\u0113j\u0101s lieto\u0161anas Vape vairumtirdzniec\u012bba\" width=\"265\" height=\"300\" srcset=\"https:\/\/vapestornado.com\/wp-content\/uploads\/2024\/12\/Wholesale-Disposable-Vape-265x300.jpg 265w, https:\/\/vapestornado.com\/wp-content\/uploads\/2024\/12\/Wholesale-Disposable-Vape-768x871.jpg 768w, https:\/\/vapestornado.com\/wp-content\/uploads\/2024\/12\/Wholesale-Disposable-Vape-600x680.jpg 600w, https:\/\/vapestornado.com\/wp-content\/uploads\/2024\/12\/Wholesale-Disposable-Vape.jpg 823w\" sizes=\"(max-width: 265px) 100vw, 265px\" \/><figcaption id=\"caption-attachment-2951\" class=\"wp-caption-text\">L\u016bdzu, sazinieties ar Mandiju WhatsApp, lai sa\u0146emtu atlaides cenu\u00a0 <a href=\"https:\/\/wa.me\/8618077105796\">+8618077105796<\/a><\/figcaption><\/figure>\n<p>&nbsp;<\/p>","protected":false},"featured_media":3746,"comment_status":"open","ping_status":"closed","template":"","meta":{"_acf_changed":false,"_uag_custom_page_level_css":"","_lmt_disableupdate":"no","_lmt_disable":"","_monsterinsights_skip_tracking":false,"_monsterinsights_sitenote_active":false,"_monsterinsights_sitenote_note":"","_monsterinsights_sitenote_category":0,"site-sidebar-layout":"default","site-content-layout":"","ast-site-content-layout":"default","site-content-style":"default","site-sidebar-style":"default","ast-global-header-display":"","ast-banner-title-visibility":"","ast-main-header-display":"","ast-hfb-above-header-display":"","ast-hfb-below-header-display":"","ast-hfb-mobile-header-display":"","site-post-title":"","ast-breadcrumbs-content":"","ast-featured-img":"","footer-sml-layout":"","ast-disable-related-posts":"","theme-transparent-header-meta":"default","adv-header-id-meta":"","stick-header-meta":"","header-above-stick-meta":"","header-main-stick-meta":"","header-below-stick-meta":"","astra-migrate-meta-layouts":"set","ast-page-background-enabled":"default","ast-page-background-meta":{"desktop":{"background-color":"","background-image":"","background-repeat":"repeat","background-position":"center center","background-size":"auto","background-attachment":"scroll","background-type":"","background-media":"","overlay-type":"","overlay-color":"","overlay-opacity":"","overlay-gradient":""},"tablet":{"background-color":"","background-image":"","background-repeat":"repeat","background-position":"center center","background-size":"auto","background-attachment":"scroll","background-type":"","background-media":"","overlay-type":"","overlay-color":"","overlay-opacity":"","overlay-gradient":""},"mobile":{"background-color":"","background-image":"","background-repeat":"repeat","background-position":"center center","background-size":"auto","background-attachment":"scroll","background-type":"","background-media":"","overlay-type":"","overlay-color":"","overlay-opacity":"","overlay-gradient":""}},"ast-content-background-meta":{"desktop":{"background-color":"var(--ast-global-color-5)","background-image":"","background-repeat":"repeat","background-position":"center center","background-size":"auto","background-attachment":"scroll","background-type":"","background-media":"","overlay-type":"","overlay-color":"","overlay-opacity":"","overlay-gradient":""},"tablet":{"background-color":"var(--ast-global-color-5)","background-image":"","background-repeat":"repeat","background-position":"center center","background-size":"auto","background-attachment":"scroll","background-type":"","background-media":"","overlay-type":"","overlay-color":"","overlay-opacity":"","overlay-gradient":""},"mobile":{"background-color":"var(--ast-global-color-5)","background-image":"","background-repeat":"repeat","background-position":"center center","background-size":"auto","background-attachment":"scroll","background-type":"","background-media":"","overlay-type":"","overlay-color":"","overlay-opacity":"","overlay-gradient":""}},"_joinchat":[]},"product_brand":[],"product_cat":[140,65,62,151,154,159,146,148],"product_tag":[212,97,98],"class_list":{"0":"post-3753","1":"product","2":"type-product","3":"status-publish","4":"has-post-thumbnail","6":"product_cat-big-puffs-disposable-vapes","7":"product_cat-40000-puff","8":"product_cat-bang-vape","9":"product_cat-buy-disposable-vapes-in-france","10":"product_cat-buy-disposable-vapes-in-netherlands","11":"product_cat-buy-disposable-vapes-in-sweden","12":"product_cat-rechargeable-disposable-vapes","13":"product_cat-tornado-disposable-vapes","14":"product_tag-bang-vape-40000","15":"product_tag-hot-sale-disposable-vape","16":"product_tag-wholesale-price-disposable-vape","17":"desktop-align-left","18":"tablet-align-left","19":"mobile-align-left","21":"first","22":"instock","23":"sale","24":"shipping-taxable","25":"purchasable","26":"product-type-simple"},"acf":[],"uagb_featured_image_src":{"full":["https:\/\/vapestornado.com\/wp-content\/uploads\/2025\/01\/Bang-Tornado-40K-Puff-Adjustable-Power-Disposable-Vape.webp",800,800,false],"thumbnail":["https:\/\/vapestornado.com\/wp-content\/uploads\/2025\/01\/Bang-Tornado-40K-Puff-Adjustable-Power-Disposable-Vape-150x150.webp",150,150,true],"medium":["https:\/\/vapestornado.com\/wp-content\/uploads\/2025\/01\/Bang-Tornado-40K-Puff-Adjustable-Power-Disposable-Vape-300x300.webp",300,300,true],"medium_large":["https:\/\/vapestornado.com\/wp-content\/uploads\/2025\/01\/Bang-Tornado-40K-Puff-Adjustable-Power-Disposable-Vape-768x768.webp",768,768,true],"large":["https:\/\/vapestornado.com\/wp-content\/uploads\/2025\/01\/Bang-Tornado-40K-Puff-Adjustable-Power-Disposable-Vape.webp",800,800,false],"1536x1536":["https:\/\/vapestornado.com\/wp-content\/uploads\/2025\/01\/Bang-Tornado-40K-Puff-Adjustable-Power-Disposable-Vape.webp",800,800,false],"2048x2048":["https:\/\/vapestornado.com\/wp-content\/uploads\/2025\/01\/Bang-Tornado-40K-Puff-Adjustable-Power-Disposable-Vape.webp",800,800,false],"trp-custom-language-flag":["https:\/\/vapestornado.com\/wp-content\/uploads\/2025\/01\/Bang-Tornado-40K-Puff-Adjustable-Power-Disposable-Vape.webp",12,12,false],"woocommerce_thumbnail":["https:\/\/vapestornado.com\/wp-content\/uploads\/2025\/01\/Bang-Tornado-40K-Puff-Adjustable-Power-Disposable-Vape-300x300.webp",300,300,true],"woocommerce_single":["https:\/\/vapestornado.com\/wp-content\/uploads\/2025\/01\/Bang-Tornado-40K-Puff-Adjustable-Power-Disposable-Vape-600x600.webp",600,600,true],"woocommerce_gallery_thumbnail":["https:\/\/vapestornado.com\/wp-content\/uploads\/2025\/01\/Bang-Tornado-40K-Puff-Adjustable-Power-Disposable-Vape-100x100.webp",100,100,true]},"uagb_author_info":{"display_name":"ESMANDY","author_link":"https:\/\/vapestornado.com\/lv\/author\/"},"uagb_comment_info":0,"uagb_excerpt":"High-End Bang Tornado 40K Puff Disposable Vape Pen Durable Bang Tornado 40K Puffs Rechargeable Vape Device Bang Tornado 40K Puffs E-Cig with Customizable Ice Flavor Pods [caption id=\"attachment_2951\" align=\"alignnone\" width=\"265\"] Pls Contact Mandy's WhatsApp For Discount Price\u00a0 +8618077105796[\/caption] &nbsp;","_links":{"self":[{"href":"https:\/\/vapestornado.com\/lv\/wp-json\/wp\/v2\/product\/3753","targetHints":{"allow":["GET"]}}],"collection":[{"href":"https:\/\/vapestornado.com\/lv\/wp-json\/wp\/v2\/product"}],"about":[{"href":"https:\/\/vapestornado.com\/lv\/wp-json\/wp\/v2\/types\/product"}],"replies":[{"embeddable":true,"href":"https:\/\/vapestornado.com\/lv\/wp-json\/wp\/v2\/comments?post=3753"}],"wp:featuredmedia":[{"embeddable":true,"href":"https:\/\/vapestornado.com\/lv\/wp-json\/wp\/v2\/media\/3746"}],"wp:attachment":[{"href":"https:\/\/vapestornado.com\/lv\/wp-json\/wp\/v2\/media?parent=3753"}],"wp:term":[{"taxonomy":"product_brand","embeddable":true,"href":"https:\/\/vapestornado.com\/lv\/wp-json\/wp\/v2\/product_brand?post=3753"},{"taxonomy":"product_cat","embeddable":true,"href":"https:\/\/vapestornado.com\/lv\/wp-json\/wp\/v2\/product_cat?post=3753"},{"taxonomy":"product_tag","embeddable":true,"href":"https:\/\/vapestornado.com\/lv\/wp-json\/wp\/v2\/product_tag?post=3753"}],"curies":[{"name":"wp","href":"https:\/\/api.w.org\/{rel}","templated":true}]}}