{"id":3745,"date":"2025-01-14T09:29:58","date_gmt":"2025-01-14T09:29:58","guid":{"rendered":"https:\/\/vapestornado.com\/?post_type=product&#038;p=3745"},"modified":"2025-08-23T09:30:57","modified_gmt":"2025-08-23T09:30:57","slug":"high-capacity-bang-28000-puffs-disposable-e-cigarette","status":"publish","type":"product","link":"https:\/\/vapestornado.com\/lv\/product\/high-capacity-bang-28000-puffs-disposable-e-cigarette\/","title":{"rendered":"Lielas ietilp\u012bbas Bang 28000 Puffs vienreizlietojam\u0101 e-cigarete"},"content":{"rendered":"<h1>Lielas ietilp\u012bbas Bang 28000 Puffs vienreizlietojam\u0101 e-cigarete<\/h1>\n<p>&nbsp;<\/p>\n<div role=\"article\" data-tabster=\"{&quot;groupper&quot;:{&quot;tabbability&quot;:2},&quot;focusable&quot;:{}}\" data-content=\"ai-message\" aria-labelledby=\"64JRvXrTnY7mRmPkEQLLT-author 64JRvXrTnY7mRmPkEQLLT-content\">\n<div id=\"64JRvXrTnY7mRmPkEQLLT-content\">\n<p data-start=\"313\" data-end=\"602\">T\u0101 <strong data-start=\"317\" data-end=\"353\">Bang 28000 Puffs vienreizlietojamais veips<\/strong> nodro\u0161ina papla\u0161in\u0101tu veiktsp\u0113ju un \u0113rt\u012bbas ar milz\u012bgu <strong data-start=\"415\" data-end=\"439\">28 000 uzp\u016btienu ietilp\u012bbu<\/strong> un <strong data-start=\"446\" data-end=\"479\">30 ml iepriek\u0161 uzpild\u012btu e-\u0161\u0137idruma tvertni<\/strong>. Izmantojot <strong data-start=\"487\" data-end=\"520\">uzlabota t\u012bkla spoles tehnolo\u0123ija<\/strong>, tas nodro\u0161ina vienm\u0113r\u012bgu gar\u0161u un vienm\u0113r\u012bgu tvaika veido\u0161anos no s\u0101kuma l\u012bdz beig\u0101m.<\/p>\n<p data-start=\"604\" data-end=\"814\">Pieejams <strong data-start=\"617\" data-end=\"656\">0%, 2%, 3% un 5% nikot\u012bna opcijas<\/strong>, Bang 28K atbilst vis\u0101m v\u0113lm\u0113m, savuk\u0101rt <strong data-start=\"708\" data-end=\"732\">regul\u0113jams ledus l\u012bmenis<\/strong> funkcija \u013cauj lietot\u0101jiem piel\u0101got dzes\u0113\u0161anas intensit\u0101ti atsvaidzino\u0161am mentola efektam.<\/p>\n<p data-start=\"816\" data-end=\"1116\">Darbojas ar <strong data-start=\"829\" data-end=\"860\">650mAh uzl\u0101d\u0113jams akumulators<\/strong> ar <strong data-start=\"866\" data-end=\"890\">C tipa \u0101tr\u0101 uzl\u0101de<\/strong>, \u0161\u012b ier\u012bce samazina d\u012bkst\u0101vi un nodro\u0161ina uzticamu lieto\u0161anu visas dienas garum\u0101. T\u0101 <strong data-start=\"962\" data-end=\"1001\">Direct-to-Lung (DTL) gaisa pl\u016bsmas dizains<\/strong> ra\u017eo bl\u012bvus tvaika m\u0101ko\u0146us un izteiksm\u012bgas gar\u0161as, padarot to ide\u0101li piem\u0113rotu tvaic\u0113t\u0101jiem, kuri v\u0113las gan ietilp\u012bbu, gan veiktsp\u0113ju.<\/p>\n<p data-start=\"1118\" data-end=\"1279\">Vairumtirgot\u0101jiem un izplat\u012bt\u0101jiem <strong data-start=\"1156\" data-end=\"1181\">Bumbas 28000 puffs Vape<\/strong> pied\u0101v\u0101 sp\u0113c\u012bgu pievilc\u012bbu ar lielu uzp\u016btienu skaitu, piel\u0101go\u0161anas iesp\u0113j\u0101m un uzticamu konstrukcijas kvalit\u0101ti.<\/p>\n<hr data-start=\"1281\" data-end=\"1284\" \/>\n<h3 data-start=\"1286\" data-end=\"1312\">SEO Meta apraksts<\/h3>\n<\/div>\n<\/div>\n<div class=\"flex max-w-full flex-col flex-grow\">\n<div class=\"min-h-8 text-message flex w-full flex-col items-end gap-2 whitespace-normal break-words text-start [.text-message+&amp;]:mt-5\" dir=\"auto\" data-message-author-role=\"assistant\" data-message-id=\"cdb991c0-f594-4bff-b2d5-fbbdd7ce9e54\" data-message-model-slug=\"gpt-4o-mini\">\n<div class=\"flex w-full flex-col gap-1 empty:hidden first:pt-[3px]\">\n<div class=\"markdown prose w-full break-words dark:prose-invert light\"><\/div>\n<\/div>\n<\/div>\n<\/div>\n<div class=\"mb-2 flex gap-3 empty:hidden -ml-2\">\n<h2 class=\"sr-proMainInfo-baseInfoH1 J-baseInfo-name\">Popul\u0101r\u0101k\u0101s 28000 dvesmu bang vienreiz\u0113j\u0101s lieto\u0161anas e-cigaretes galven\u0101s iez\u012bmes:<\/h2>\n<ul>\n<li><strong>Milz\u012bgs uzvilkumu skaits<\/strong>: Nodro\u0161ina l\u012bdz <strong>28 000 dvesmu<\/strong>, pied\u0101v\u0101jot pagarin\u0101tas e-cigare\u0161u lieto\u0161anas sesijas bez bie\u017eas nomai\u0146as.<\/li>\n<li><strong>Liela e-\u0161\u0137idruma ietilp\u012bba<\/strong>: Iepriek\u0161 piepild\u012bts ar <strong>30 ml augstas kvalit\u0101tes e-\u0161\u0137idruma<\/strong> konsekventai gar\u0161ai un vienm\u0113r\u012bgai tvaika ra\u017eo\u0161anai.<\/li>\n<li><strong>Piel\u0101gojami nikot\u012bna stiprumi<\/strong>: Pieejams <strong>0%, 2%, 3% vai 5% nikot\u012bna<\/strong>, apmierinot da\u017e\u0101das v\u0113lmes un e-cigare\u0161u lieto\u0161anas vajadz\u012bbas.<\/li>\n<li><strong>Uzlabota t\u012bkla spole<\/strong>: Ietver <strong>1,0 \u03a9 sieta spole<\/strong> uzlabotam tvaika bl\u012bvumam, spilgt\u0101m gar\u0161\u0101m un vienm\u0113r\u012bg\u0101m dvesm\u0101m.<\/li>\n<li><strong>Regul\u0113jams dzes\u0113\u0161anas l\u012bmenis<\/strong>: Personaliz\u0113jiet savu e-cigare\u0161u lieto\u0161anas pieredzi ar <strong>regul\u0113jamu dzes\u0113\u0161anas efektu<\/strong>, kas ir ide\u0101li piem\u0113rots atsvaidzino\u0161ai mentola saj\u016btai.<\/li>\n<li><strong>Uzl\u0101d\u0113jams akumulators<\/strong>: Darbojas ar <strong>650mAh uzl\u0101d\u0113jams akumulators<\/strong>, nodro\u0161inot uzticamu veiktsp\u0113ju vis\u0101 ier\u012bces kalpo\u0161anas laik\u0101.<\/li>\n<li><strong>\u0100tra C tipa uzl\u0101de<\/strong>: Apr\u012bkots ar <strong>Type-C \u0101tr\u0101s uzl\u0101des tehnolo\u0123ija<\/strong> minim\u0101l\u0101m d\u012bkst\u0101v\u0113m un efekt\u012bvai uzl\u0101dei.<\/li>\n<li><strong>Direct-to-Lung (DTL) gaisa pl\u016bsma<\/strong>: Paredz\u0113ts <strong>DTL veipo\u0161anai<\/strong>, nodro\u0161inot bl\u012bvus m\u0101ko\u0146us un intens\u012bvas gar\u0161as.<\/li>\n<li><strong>P\u0101rn\u0113s\u0101jams un stil\u012bgs dizains<\/strong>: Kompakts, viegls un gluds, padarot to ide\u0101li piem\u0113rotu ce\u013co\u0161anai vai ikdienas lieto\u0161anai.<\/li>\n<li><strong>Videi draudz\u012bgs un vienreiz\u0113j\u0101s lieto\u0161anas<\/strong>: Paredz\u0113ts \u0113rt\u012bbai un ilgtsp\u0113j\u012bbai, pied\u0101v\u0101jot vieglu izn\u012bcin\u0101\u0161anu p\u0113c lieto\u0161anas.<\/li>\n<\/ul>\n<\/div>\n<p><img fetchpriority=\"high\" decoding=\"async\" class=\"wp-image-2951\" src=\"https:\/\/vapestornado.com\/wp-content\/uploads\/2024\/12\/Wholesale-Disposable-Vape-265x300.jpg\" alt=\"Vienreiz\u0113j\u0101s lieto\u0161anas Vape vairumtirdzniec\u012bba\" width=\"313\" height=\"354\" srcset=\"https:\/\/vapestornado.com\/wp-content\/uploads\/2024\/12\/Wholesale-Disposable-Vape-265x300.jpg 265w, https:\/\/vapestornado.com\/wp-content\/uploads\/2024\/12\/Wholesale-Disposable-Vape-768x871.jpg 768w, https:\/\/vapestornado.com\/wp-content\/uploads\/2024\/12\/Wholesale-Disposable-Vape-600x680.jpg 600w, https:\/\/vapestornado.com\/wp-content\/uploads\/2024\/12\/Wholesale-Disposable-Vape.jpg 823w\" sizes=\"(max-width: 313px) 100vw, 313px\" \/><\/p>\n<h5>L\u016bdzu, sazinieties ar Mandiju WhatsApp, lai sa\u0146emtu atlaides cenu<a href=\"https:\/\/wa.me\/8618077105796\" target=\"_blank\" rel=\"noopener\">+8618077105796<\/a><\/h5>\n<p>&nbsp;<\/p>\n<h3 class=\"sr-proMainInfo-baseInfoH1 J-baseInfo-name\">bangvape 28k Puffs Vairumtirdzniec\u012bbas Veipu Gar\u0161a:<\/h3>\n<p>1. Zeme\u0146u arb\u016bzs<br \/>\n2. Melle\u0146u ledus<br \/>\n3.Asinis un smiltis<br \/>\n4.Anan\u0101ss un kokoss<br \/>\n5.Zeme\u0146u ban\u0101ns<br \/>\n6.Jaukts auglis<br \/>\n7.Mellenes un avenes<br \/>\n8.Persiku ledus<br \/>\n9. Mango persiku<br \/>\n10.Arb\u016bzs<br \/>\n11.V\u012bnogu ledus<br \/>\n12.Zeme\u0146u kivi aug\u013ci<\/p>\n<div role=\"article\" data-tabster=\"{&quot;groupper&quot;:{&quot;tabbability&quot;:2},&quot;focusable&quot;:{}}\" data-content=\"ai-message\" aria-labelledby=\"dARUyEWDoEYhnSPXFwx5A-author dARUyEWDoEYhnSPXFwx5A-content\">\n<div id=\"dARUyEWDoEYhnSPXFwx5A-content\">\n<h3><strong>K\u0101p\u0113c ieg\u0101d\u0101ties HQ Bang 28000 Puf <\/strong>\u00a0vape\u00a0<strong>no vapestornado?<\/strong><\/h3>\n<ul>\n<li><strong>Garant\u0113ti autentiski produkti<\/strong><br \/>\nvapestornado nodro\u0161ina, ka j\u016bs sa\u0146emat ori\u0123in\u0101lu <strong>Bang 28000 Puffs Vape<\/strong>, nodro\u0161inot augst\u0101k\u0101s kvalit\u0101tes un uzticamu darb\u012bbu ar katru pirkumu.<\/li>\n<li><strong>Nep\u0101rsp\u0113jama cena<\/strong><br \/>\nIzbaudiet konkur\u0113tsp\u0113j\u012bgas cenas un ekskluz\u012bvus pied\u0101v\u0101jumus augstas ietilp\u012bbas vienreizlietojamiem vape, padarot vapestornado par galam\u0113r\u0137i lielapjoma vai individu\u0101liem pas\u016bt\u012bjumiem.<\/li>\n<li><strong>\u0100tra pieg\u0101de vis\u0101 Latvij\u0101<\/strong><br \/>\nKoncentr\u0113joties uz klientu \u0113rt\u012bb\u0101m, vapestornado nodro\u0161ina <strong>\u0101tra un uzticama pieg\u0101de<\/strong> uz Latvijas valst\u012bm, nodro\u0161inot savlaic\u012bgu pieg\u0101di.<\/li>\n<li><strong>Uz klientu orient\u0113ts atbalsts<\/strong><br \/>\nG\u016bstiet labumu no <strong>\u012bpa\u0161s klientu serviss<\/strong> lai pal\u012bdz\u0113tu ar jaut\u0101jumiem, padarot j\u016bsu iepirk\u0161an\u0101s pieredzi vienk\u0101r\u0161u un bezr\u016bp\u012bgu.<\/li>\n<li><strong>Augst\u0101k\u0101 l\u012bme\u0146a veipo\u0161anas pieredze<\/strong><br \/>\nBang 28000 Puffs veipi ir apr\u012bkoti ar progres\u012bvu <strong>acu spoles tehnolo\u0123ija<\/strong>, <strong>regul\u0113jams ledus l\u012bmenis<\/strong>, un <strong>Tie\u0161ais plau\u0161u (DTL) gaisa pl\u016bsma<\/strong>, garant\u0113jot spilgtas gar\u0161as, bl\u012bvus m\u0101ko\u0146us un personaliz\u0113tas dzes\u0113\u0161anas saj\u016btas.<\/li>\n<li><strong>Videi draudz\u012bgi un \u0113rti<\/strong><br \/>\nvapestornado atbalsta videi atbild\u012bgu veipo\u0161anu ar augst\u0101k\u0101s kvalit\u0101tes vienreizlietojamiem veipiem, kas ir paredz\u0113ti vienk\u0101r\u0161ai lieto\u0161anai un \u0113rtai utiliz\u0101cijai.<\/li>\n<\/ul>\n<\/div>\n<\/div>\n<h3>Bie\u017e\u0101k uzdotie jaut\u0101jumi par New Vape Bang 28000 Puffs<\/h3>\n<p><strong>1. K\u0101 es varu izsekot savu Bang 28000 Puffs pas\u016bt\u012bjumu?<\/strong><br \/>\nPas\u016bt\u012bjuma izseko\u0161ana ir vienk\u0101r\u0161a. Kad j\u016bsu pas\u016bt\u012bjums tiks apstiprin\u0101ts, j\u016bs sa\u0146emsiet izseko\u0161anas numuru caur WhatsApp. Izmantojiet \u0161o numuru nor\u0101d\u012bt\u0101 pieg\u0101des uz\u0146\u0113muma t\u012bmek\u013ca vietn\u0113, lai sekotu l\u012bdzi s\u016bt\u012bjuma pieg\u0101des gaitai. Lai sa\u0146emtu papildu pal\u012bdz\u012bbu, l\u016bdzu, sazinieties ar m\u016bsu klientu servisa komandu.<\/p>\n<p><strong>2. Vai es varu nor\u0101d\u012bt gar\u0161as nejau\u0161i izv\u0113l\u0113tiem produktiem?<\/strong><br \/>\nJ\u0101, j\u016bs varat! Lai gan da\u017ei produktu komplekti ir ar iepriek\u0161 izv\u0113l\u0113t\u0101m gar\u0161\u0101m, m\u0113s dar\u0101m visu iesp\u0113jamo, lai piel\u0101gotos j\u016bsu \u012bpa\u0161aj\u0101m gar\u0161u v\u0113lm\u0113m. Vienk\u0101r\u0161i atst\u0101jiet piez\u012bmi nor\u0113\u0137in\u0101\u0161an\u0101s laik\u0101 vai sazinieties ar m\u016bsu klientu atbalsta dienestu ar savu piepras\u012bjumu. M\u0113s nodro\u0161in\u0101sim, ka j\u016bsu izv\u0113l\u0113t\u0101s gar\u0161as tiek iek\u013cautas, ja t\u0101s ir noliktav\u0101.<\/p>\n<p><strong>3. Kas padara Bang 28000 Puffs veipus unik\u0101lus?<\/strong><br \/>\nT\u0101 <strong>Bang 28000 Puffs vienreizlietojamais veips<\/strong> pied\u0101v\u0101 milz\u012bgu dvesmu skaitu, <strong>30 ml e-\u0161\u0137idruma ietilp\u012bba<\/strong>, regul\u0113jamu ledus l\u012bmeni un progres\u012bvu t\u012bklveida spoles tehnolo\u0123iju. Tas ir izstr\u0101d\u0101ts, lai nodro\u0161in\u0101tu \u0113rtu un ilgsto\u0161u lieto\u0161anu, k\u0101 ar\u012b piel\u0101gojamu veipo\u0161anas pieredzi.<\/p>","protected":false},"excerpt":{"rendered":"<ul>\n<li>Premium Bang 28000 Puffs vienreizlietojams vape pildspalva<\/li>\n<li>Ilgsto\u0161as iedarb\u012bbas Bang 28000 Puff uzl\u0101d\u0113jams vape<\/li>\n<li>Bang 28000 Puffs e-cigarete ar regul\u0113jam\u0101m ledus vape pod\u0101m<\/li>\n<\/ul>\n<figure id=\"attachment_2951\" aria-describedby=\"caption-attachment-2951\" style=\"width: 265px\" class=\"wp-caption alignnone\"><img decoding=\"async\" class=\"size-medium wp-image-2951\" src=\"https:\/\/vapestornado.com\/wp-content\/uploads\/2024\/12\/Wholesale-Disposable-Vape-265x300.jpg\" alt=\"Vienreiz\u0113j\u0101s lieto\u0161anas Vape vairumtirdzniec\u012bba\" width=\"265\" height=\"300\" srcset=\"https:\/\/vapestornado.com\/wp-content\/uploads\/2024\/12\/Wholesale-Disposable-Vape-265x300.jpg 265w, https:\/\/vapestornado.com\/wp-content\/uploads\/2024\/12\/Wholesale-Disposable-Vape-768x871.jpg 768w, https:\/\/vapestornado.com\/wp-content\/uploads\/2024\/12\/Wholesale-Disposable-Vape-600x680.jpg 600w, https:\/\/vapestornado.com\/wp-content\/uploads\/2024\/12\/Wholesale-Disposable-Vape.jpg 823w\" sizes=\"(max-width: 265px) 100vw, 265px\" \/><figcaption id=\"caption-attachment-2951\" class=\"wp-caption-text\">L\u016bdzu, sazinieties ar Mandiju WhatsApp, lai sa\u0146emtu atlaides cenu\u00a0 <a href=\"https:\/\/wa.me\/8618077105796\">+8618077105796<\/a><\/figcaption><\/figure>\n<p>&nbsp;<\/p>","protected":false},"featured_media":3738,"comment_status":"open","ping_status":"closed","template":"","meta":{"_acf_changed":false,"_uag_custom_page_level_css":"","_lmt_disableupdate":"no","_lmt_disable":"","_monsterinsights_skip_tracking":false,"_monsterinsights_sitenote_active":false,"_monsterinsights_sitenote_note":"","_monsterinsights_sitenote_category":0,"site-sidebar-layout":"default","site-content-layout":"","ast-site-content-layout":"default","site-content-style":"default","site-sidebar-style":"default","ast-global-header-display":"","ast-banner-title-visibility":"","ast-main-header-display":"","ast-hfb-above-header-display":"","ast-hfb-below-header-display":"","ast-hfb-mobile-header-display":"","site-post-title":"","ast-breadcrumbs-content":"","ast-featured-img":"","footer-sml-layout":"","ast-disable-related-posts":"","theme-transparent-header-meta":"default","adv-header-id-meta":"","stick-header-meta":"","header-above-stick-meta":"","header-main-stick-meta":"","header-below-stick-meta":"","astra-migrate-meta-layouts":"set","ast-page-background-enabled":"default","ast-page-background-meta":{"desktop":{"background-color":"","background-image":"","background-repeat":"repeat","background-position":"center center","background-size":"auto","background-attachment":"scroll","background-type":"","background-media":"","overlay-type":"","overlay-color":"","overlay-opacity":"","overlay-gradient":""},"tablet":{"background-color":"","background-image":"","background-repeat":"repeat","background-position":"center center","background-size":"auto","background-attachment":"scroll","background-type":"","background-media":"","overlay-type":"","overlay-color":"","overlay-opacity":"","overlay-gradient":""},"mobile":{"background-color":"","background-image":"","background-repeat":"repeat","background-position":"center center","background-size":"auto","background-attachment":"scroll","background-type":"","background-media":"","overlay-type":"","overlay-color":"","overlay-opacity":"","overlay-gradient":""}},"ast-content-background-meta":{"desktop":{"background-color":"var(--ast-global-color-5)","background-image":"","background-repeat":"repeat","background-position":"center center","background-size":"auto","background-attachment":"scroll","background-type":"","background-media":"","overlay-type":"","overlay-color":"","overlay-opacity":"","overlay-gradient":""},"tablet":{"background-color":"var(--ast-global-color-5)","background-image":"","background-repeat":"repeat","background-position":"center center","background-size":"auto","background-attachment":"scroll","background-type":"","background-media":"","overlay-type":"","overlay-color":"","overlay-opacity":"","overlay-gradient":""},"mobile":{"background-color":"var(--ast-global-color-5)","background-image":"","background-repeat":"repeat","background-position":"center center","background-size":"auto","background-attachment":"scroll","background-type":"","background-media":"","overlay-type":"","overlay-color":"","overlay-opacity":"","overlay-gradient":""}},"_joinchat":{"telephone":"+8618077105796"}},"product_brand":[],"product_cat":[235,150,153,144],"product_tag":[236,97,98],"class_list":{"0":"post-3745","1":"product","2":"type-product","3":"status-publish","4":"has-post-thumbnail","6":"product_cat-28000-puff","7":"product_cat-buy-disposable-vapes-in-belgium","8":"product_cat-buy-disposable-vapes-in-italy","9":"product_cat-low-nicotine-disposable-vapes","10":"product_tag-bang-28000-puffs","11":"product_tag-hot-sale-disposable-vape","12":"product_tag-wholesale-price-disposable-vape","13":"desktop-align-left","14":"tablet-align-left","15":"mobile-align-left","17":"first","18":"instock","19":"sale","20":"shipping-taxable","21":"purchasable","22":"product-type-simple"},"acf":[],"uagb_featured_image_src":{"full":["https:\/\/vapestornado.com\/wp-content\/uploads\/2025\/01\/Bang-28000-Puffs-Ultimate-Long-Lasting-Vape.webp",800,800,false],"thumbnail":["https:\/\/vapestornado.com\/wp-content\/uploads\/2025\/01\/Bang-28000-Puffs-Ultimate-Long-Lasting-Vape-150x150.webp",150,150,true],"medium":["https:\/\/vapestornado.com\/wp-content\/uploads\/2025\/01\/Bang-28000-Puffs-Ultimate-Long-Lasting-Vape-300x300.webp",300,300,true],"medium_large":["https:\/\/vapestornado.com\/wp-content\/uploads\/2025\/01\/Bang-28000-Puffs-Ultimate-Long-Lasting-Vape-768x768.webp",768,768,true],"large":["https:\/\/vapestornado.com\/wp-content\/uploads\/2025\/01\/Bang-28000-Puffs-Ultimate-Long-Lasting-Vape.webp",800,800,false],"1536x1536":["https:\/\/vapestornado.com\/wp-content\/uploads\/2025\/01\/Bang-28000-Puffs-Ultimate-Long-Lasting-Vape.webp",800,800,false],"2048x2048":["https:\/\/vapestornado.com\/wp-content\/uploads\/2025\/01\/Bang-28000-Puffs-Ultimate-Long-Lasting-Vape.webp",800,800,false],"trp-custom-language-flag":["https:\/\/vapestornado.com\/wp-content\/uploads\/2025\/01\/Bang-28000-Puffs-Ultimate-Long-Lasting-Vape.webp",12,12,false],"woocommerce_thumbnail":["https:\/\/vapestornado.com\/wp-content\/uploads\/2025\/01\/Bang-28000-Puffs-Ultimate-Long-Lasting-Vape-300x300.webp",300,300,true],"woocommerce_single":["https:\/\/vapestornado.com\/wp-content\/uploads\/2025\/01\/Bang-28000-Puffs-Ultimate-Long-Lasting-Vape-600x600.webp",600,600,true],"woocommerce_gallery_thumbnail":["https:\/\/vapestornado.com\/wp-content\/uploads\/2025\/01\/Bang-28000-Puffs-Ultimate-Long-Lasting-Vape-100x100.webp",100,100,true]},"uagb_author_info":{"display_name":"ESMANDY","author_link":"https:\/\/vapestornado.com\/lv\/author\/"},"uagb_comment_info":0,"uagb_excerpt":"Premium Bang 28000 Puffs Disposable Vape Pen Long-Lasting Bang 28000 Puff Rechargeable Vape Bang 28000 Puffs E-Cigarette with Adjustable Ice Vape Pods [caption id=\"attachment_2951\" align=\"alignnone\" width=\"265\"] Pls Contact Mandy's WhatsApp For Discount Price\u00a0 +8618077105796[\/caption] &nbsp;","_links":{"self":[{"href":"https:\/\/vapestornado.com\/lv\/wp-json\/wp\/v2\/product\/3745","targetHints":{"allow":["GET"]}}],"collection":[{"href":"https:\/\/vapestornado.com\/lv\/wp-json\/wp\/v2\/product"}],"about":[{"href":"https:\/\/vapestornado.com\/lv\/wp-json\/wp\/v2\/types\/product"}],"replies":[{"embeddable":true,"href":"https:\/\/vapestornado.com\/lv\/wp-json\/wp\/v2\/comments?post=3745"}],"wp:featuredmedia":[{"embeddable":true,"href":"https:\/\/vapestornado.com\/lv\/wp-json\/wp\/v2\/media\/3738"}],"wp:attachment":[{"href":"https:\/\/vapestornado.com\/lv\/wp-json\/wp\/v2\/media?parent=3745"}],"wp:term":[{"taxonomy":"product_brand","embeddable":true,"href":"https:\/\/vapestornado.com\/lv\/wp-json\/wp\/v2\/product_brand?post=3745"},{"taxonomy":"product_cat","embeddable":true,"href":"https:\/\/vapestornado.com\/lv\/wp-json\/wp\/v2\/product_cat?post=3745"},{"taxonomy":"product_tag","embeddable":true,"href":"https:\/\/vapestornado.com\/lv\/wp-json\/wp\/v2\/product_tag?post=3745"}],"curies":[{"name":"wp","href":"https:\/\/api.w.org\/{rel}","templated":true}]}}