{"id":3734,"date":"2025-01-13T08:21:51","date_gmt":"2025-01-13T08:21:51","guid":{"rendered":"https:\/\/vapestornado.com\/?post_type=product&#038;p=3734"},"modified":"2025-08-23T09:32:47","modified_gmt":"2025-08-23T09:32:47","slug":"waspe-crystal-40000-puffs-40k-double-flavor-rechargeable-disposable-vapes-cheap-price","status":"publish","type":"product","link":"https:\/\/vapestornado.com\/lv\/product\/waspe-crystal-40000-puffs-40k-double-flavor-rechargeable-disposable-vapes-cheap-price\/","title":{"rendered":"WASPE Crystal 40000 Puffs 40k Divk\u0101r\u0161as gar\u0161as atk\u0101rtoti uzl\u0101d\u0113jami vienreizlietojami veipi par l\u0113tu cenu"},"content":{"rendered":"<h1 class=\"product-title\">WASPE Crystal 40000 Puffs 40k Divk\u0101r\u0161as gar\u0161as atk\u0101rtoti uzl\u0101d\u0113jami vienreizlietojami veipi par l\u0113tu cenu<\/h1>\n<p>T\u0101 <strong>WASPE Crystal 40000 dvesmu<\/strong> ir augst\u0101k\u0101s klases <strong>uzl\u0101d\u0113jamais vienreiz\u0113j\u0101s lieto\u0161anas vape<\/strong> paredz\u0113ts veipot\u0101jiem, kuri mekl\u0113 ilgsto\u0161u, gar\u0161\u012bgu un piel\u0101gojamu pieredzi. Ar savu milz\u012bgo dvesmu skaitu, <strong>regul\u0113jamu gaisa pl\u016bsmu<\/strong>, un inovat\u012bvu <strong>2-gar\u0161as-vien\u0101<\/strong> tehnolo\u0123iju, tas izce\u013cas starp <strong>popul\u0101r\u0101kajiem vienreizlietojamo tvaiku z\u012bmoliem<\/strong> par neticami <strong>l\u0113tu vairumtirdzniec\u012bbas cenu<\/strong>.<\/p>\n<p>Ar iespaid\u012bgu <strong>40 000 uzp\u016btienu<\/strong>, \u0161\u012b ier\u012bce pied\u0101v\u0101 vienu no augst\u0101kaj\u0101m jaud\u0101m vienreizlietojamo vape tirg\u016b, nodro\u0161inot ilgsto\u0161u baud\u012bjumu bez bie\u017eas nomai\u0146as. The <strong>dubult\u0101s gar\u0161as tehnolo\u0123ija<\/strong> apvieno divas papildino\u0161as gar\u0161as vien\u0101 ier\u012bc\u0113, \u013caujot lietot\u0101jiem bez piep\u016bles p\u0101rsl\u0113gties starp t\u0101m un baud\u012bt dinamisku veipo\u0161anas pieredzi.<\/p>\n<p data-start=\"598\" data-end=\"841\">T\u0101 <strong data-start=\"602\" data-end=\"624\">divu gar\u0161u sist\u0113ma<\/strong> \u013cauj lietot\u0101jiem p\u0101rsl\u0113gties starp diviem mais\u012bjumiem vien\u0101 ier\u012bc\u0113, nodro\u0161inot daudzveid\u012bbu un svaigumu katr\u0101 sesij\u0101. Savienots p\u0101r\u012b ar <strong data-start=\"744\" data-end=\"766\">regul\u0113jamu gaisa pl\u016bsmu<\/strong>, tas \u013cauj veipot\u0101jiem piel\u0101got savu vilkmi \u2014 no cie\u0161iem sitieniem l\u012bdz vienm\u0113r\u012bg\u0101kiem m\u0101ko\u0146iem.<\/p>\n<p data-start=\"843\" data-end=\"1081\">Apr\u012bkots ar <strong data-start=\"857\" data-end=\"881\">dubult\u0101s 0,9 \u03a9 sieta spoles<\/strong>, WASPE Crystal uzlabo gar\u0161as notur\u012bbu un tvaika bl\u012bvumu. Pieejams <strong data-start=\"961\" data-end=\"998\">0%, 2% un 5% nikot\u012bna stiprumos<\/strong>, tas atbilst da\u017e\u0101d\u0101m v\u0113lm\u0113m, s\u0101kot no lieto\u0161anas bez nikot\u012bna l\u012bdz sp\u0113c\u012bg\u0101kiem r\u012bkles sitieniem.<\/p>\n<p data-start=\"1083\" data-end=\"1291\">Darbojas ar <strong data-start=\"1097\" data-end=\"1128\">850mAh uzl\u0101d\u0113jams akumulators<\/strong> ar <strong data-start=\"1134\" data-end=\"1158\">C tipa \u0101tr\u0101 uzl\u0101de<\/strong>, \u0161\u012b ier\u012bce samazina d\u012bkst\u0101vi. A <strong data-start=\"1194\" data-end=\"1217\">LED digit\u0101lais displejs<\/strong> par\u0101da re\u0101llaika akumulatora un e-\u0161\u0137idruma l\u012bmeni, nodro\u0161inot lietot\u0101jiem piln\u012bgu kontroli.<\/p>\n<p data-start=\"1293\" data-end=\"1484\">Vairumtirgot\u0101jiem un mazumtirgot\u0101jiem <strong data-start=\"1328\" data-end=\"1354\">WASPE Krist\u0101la 40K Vape<\/strong> ir efekt\u012bvi iepakots ar <strong data-start=\"1384\" data-end=\"1424\">200 gabaliem kast\u012bt\u0113 un 10 vien\u0101 kast\u0113<\/strong>, padarot to par rentablu vairumtirdzniec\u012bbas iesp\u0113ju izplat\u012b\u0161anai.<\/p>\n<p>Tiem, kas v\u0113las <strong>pirkt vairum\u0101<\/strong>, WASPE Crystal pied\u0101v\u0101 lieliskas vairumtirdzniec\u012bbas iesp\u0113jas ar iepakojumu pa <strong>200 gabaliem kast\u0113 un 10 gabaliem kast\u0113<\/strong>, padarot to perfektu mazumtirgot\u0101jiem un izplat\u012bt\u0101jiem. Kop\u0113jais bruto svars 22,5 kg nodro\u0161ina efekt\u012bvu un ekonomisku pieg\u0101di lielo pirc\u0113ju gad\u012bjum\u0101.<\/p>\n<p><strong>Pievienojiet Eimijas Whatsapp, lai sa\u0146emtu pareizo atbildi un vape kuponu!<\/strong><\/p>\n<p><img fetchpriority=\"high\" decoding=\"async\" class=\"size-full wp-image-2932\" src=\"https:\/\/vapestornado.com\/wp-content\/uploads\/2024\/12\/Vape-Wholesale.jpg\" alt=\"Veipu Vairumtirdzniec\u012bba\" width=\"229\" height=\"300\" \/><\/p>\n<h3><a href=\"https:\/\/wa.me\/8617776015835\" target=\"_blank\" rel=\"noopener\"><span style=\"color: #ff0000;\"><strong>WhatsApp: +86 17776015835<\/strong><\/span><\/a><\/h3>\n<p>&nbsp;<\/p>\n<h2><strong>WASPE Crystal 40000 produkta \u012bpa\u0161\u012bbas<\/strong><\/h2>\n<ol>\n<li><strong>Maksim\u0101lais dvesmu skaits<\/strong>: 40000<\/li>\n<li><strong>Divas gar\u0161as<\/strong>: 20000 dvesmu + 20000 dvesmu = 40000 dvesmu<\/li>\n<li><strong>Nikot\u012bna stiprums<\/strong>: 0% \/ 2% \/ 3% \/ 5%<\/li>\n<li><strong>Iepild\u012bt\u0101 ietilp\u012bba<\/strong>: 32 ml<\/li>\n<li><strong>Baterijas ietilp\u012bba<\/strong>: 850 mAh<\/li>\n<li><strong>Uzl\u0101des piesl\u0113gvieta<\/strong>USB Type-C<\/li>\n<li><strong>Darb\u012bba<\/strong>: Ievilciena aktiviz\u0101cija<\/li>\n<li><strong>0.9ohm Dubult\u0101 t\u012bkla spole<\/strong><\/li>\n<li><strong>LED displeja ekr\u0101ns<\/strong><\/li>\n<li><strong>Baterijas l\u012bme\u0146a indikators<\/strong><\/li>\n<li><strong>E-\u0161\u0137idruma l\u012bme\u0146a indikators<\/strong><\/li>\n<\/ol>\n<h2 class=\"product-title\"><strong>WASPE Crystal 40000 Gar\u0161u saraksts<\/strong><\/h2>\n<p>1. Arb\u016bzu ledus<br \/>\n2. Red Bull ledus<br \/>\n3. Zeme\u0146u Red Bull<br \/>\n4. Melle\u0146u Konfekte<br \/>\n5. Zeme\u0146u Kivi<br \/>\n6. Melle\u0146u Avenes<br \/>\n7. Zeme\u0146u Avenes \u0136ir\u0161i<br \/>\n8. Persiku Ledus<br \/>\n9. Zeme\u0146u Ban\u0101ns<br \/>\n10. V\u012bnogu Ledus<br \/>\n11. Ogu Mikslis<br \/>\n12. Melle\u0146u Ledus<\/p>\n<h3 class=\"product-title\"><strong>Padzi\u013cin\u0101ts WASPE Crystal 40000 dvesmu gar\u0161u saraksta apskats<\/strong><\/h3>\n<ol>\n<li><strong>Arb\u016bzu Ledus<\/strong> \u2013 Atsvaidzino\u0161s v\u0113sa arb\u016bza mais\u012bjums ar pikantu citronu-laimu noti.<\/li>\n<li><strong>Melle\u0146u Ledus<\/strong> \u2013 Sald\u0101s mellenes satiekas ar \u0137ir\u0161u kolas dzirksto\u0161o prieku ar ledainu p\u0113cgar\u0161u.<\/li>\n<li><strong>Ogu Mikslis<\/strong> \u2013 Aug\u013cu mikslis no da\u017e\u0101d\u0101m og\u0101m ar pikantu ave\u0146u limon\u0101des noti.<\/li>\n<li><strong>V\u012bnogu Ledus<\/strong> \u2013 Sul\u012bga v\u012bnogu gar\u0161a savienota ar eksotisko meln\u0101 p\u016b\u0137a ledus v\u0113sumu.<\/li>\n<li><strong>Zeme\u0146u ban\u0101ns<\/strong> \u2013 Tropu kr\u0113m\u012bga ban\u0101na, saldu zeme\u0146u un ledaina anan\u0101su-kokosriekstu savienojums.<\/li>\n<li><strong>Persiku ledus<\/strong> \u2013 Gluds persiku ledus, kas sajaukts ar sul\u012bgu arb\u016bzu un mango.<\/li>\n<li><strong>Zeme\u0146u ave\u0146u \u0137irsis<\/strong> \u2013 Br\u012bni\u0161\u0137\u012bgs zeme\u0146u, ave\u0146u, \u0137ir\u0161u un nosl\u0113pumain\u0101 Love 666 gar\u0161as sajaukums.<\/li>\n<li><strong>Melle\u0146u ave\u0146u<\/strong> \u2013 Sald\u0101s mellenes un avenes sajauktas ar ledus persiku ogu.<\/li>\n<li><strong>Zeme\u0146u kivi<\/strong> \u2013 Br\u012bni\u0161\u0137\u012bgs saldo zeme\u0146u sajaukums ar pikantu kivi un \u0137ir\u0161u.<\/li>\n<li><strong>Melle\u0146u konfekte<\/strong> \u2013 Konfekt\u0113m l\u012bdz\u012bgs melle\u0146u saldums apvienojum\u0101 ar sul\u012bgu zeme\u0146u arb\u016bzu.<\/li>\n<li><strong>Zeme\u0146u Red Bull<\/strong> \u2013 Unik\u0101ls ener\u0123\u0113tisk\u0101 Red Bull gar\u0161as sajaukums ar saldo melle\u0146u \u0137ir\u0161u.<\/li>\n<li><strong>Red Bull ledus<\/strong> \u2013 Atsvaidzino\u0161s Red Bull ledus savienojum\u0101 ar saldo zeme\u0146u mango.<\/li>\n<\/ol>\n<h3>K\u0101p\u0113c izv\u0113l\u0113ties vapestornado WASPE Crystal 40000 Vape vairumtirdzniec\u012bbai?<\/h3>\n<div class=\"flex-shrink-0 flex flex-col relative items-end\">\n<div class=\"pt-0\">\n<div class=\"gizmo-bot-avatar flex h-8 w-8 items-center justify-center overflow-hidden rounded-full\">\n<div class=\"relative p-1 rounded-sm flex items-center justify-center bg-token-main-surface-primary text-token-text-primary h-8 w-8\">\n<p>Laipni l\u016bdzam vapestornado, j\u016bsu uzticamaj\u0101 tie\u0161saistes vape veikal\u0101, kur\u0101 var ieg\u0101d\u0101ties augst\u0101k\u0101s kvalit\u0101tes vienreiz\u0113j\u0101s lieto\u0161anas vapes. Ar vair\u0101k nek\u0101 5 gadu pieredzi m\u0113s pied\u0101v\u0101jam popul\u0101rus vienreiz\u0113j\u0101s lieto\u0161anas vape z\u012bmolus, piem\u0113ram, Fumot RandM Vape, <a href=\"https:\/\/vapestornado.com\/lv\/product\/vapme-crystal-7000-puffs-rechargeable-disposable-vape-wholesale-cheap-price\/\">Vapme<\/a>, Bang Vape, Waspe Vape un WGA Vape, u.c.<\/p>\n<p>M\u016bsu kl\u0101st\u0101 ir iek\u013cauti karstie izp\u0101rdo\u0161anas veipi, piem\u0113ram, <a href=\"https:\/\/vapestornado.com\/lv\/product\/fumot-randm-tornado-15000-puffs-rechargeable-disposable-vape-wholesale\/\">RandM Tornado 15000<\/a>, un bag\u0101t\u012bgas gar\u0161as izv\u0113les, piem\u0113ram, <a href=\"https:\/\/vapestornado.com\/lv\/product\/waspe-40000-puffs-double-flavour-led-display-disposable-vape-wholesale\/\">WASPE dubult\u0101s gar\u0161as 40000 uzp\u016btienu<\/a> . Katrs produkts ir izv\u0113l\u0113ts, koncentr\u0113joties uz kvalit\u0101ti, v\u0113rt\u012bbu un daudzveid\u012bbu, nodro\u0161inot, ka j\u016bs atrad\u012bsiet perfektu atbilst\u012bbu sav\u0101m vajadz\u012bb\u0101m. Atkl\u0101jiet izcilu servisu un pla\u0161u popul\u0101r\u0101ko produktu kl\u0101stu par vairumtirdzniec\u012bbas cen\u0101m vietn\u0113 vapestornado.<\/p>\n<\/div>\n<h3><\/h3>\n<div class=\"relative p-1 rounded-sm flex items-center justify-center bg-token-main-surface-primary text-token-text-primary h-8 w-8\">\n<h3>Bie\u017e\u0101k uzdotie jaut\u0101jumi par WASPE Crystal 40000 vienreiz lietojamo veipu<\/h3>\n<\/div>\n<\/div>\n<\/div>\n<\/div>\n<div class=\"flex-shrink-0 flex flex-col relative items-end\">\n<div class=\"pt-0\">\n<div class=\"gizmo-bot-avatar flex h-8 w-8 items-center justify-center overflow-hidden rounded-full\">\n<div class=\"relative p-1 rounded-sm flex items-center justify-center bg-token-main-surface-primary text-token-text-primary h-8 w-8\">\n<div class=\"mb-2 flex gap-3 empty:hidden -ml-2\">\n<ol>\n<li><strong>Cik ilgs laiks nepiecie\u0161ams, lai piln\u012bb\u0101 uzl\u0101d\u0113tu WASPE Crystal?<\/strong>\n<ul>\n<li>Izmantojot C tipa \u0101tru uzl\u0101di, ier\u012bce piln\u012bb\u0101 uzl\u0101d\u0113jas aptuveni 1 stundas laik\u0101.<\/li>\n<\/ul>\n<\/li>\n<li><strong>Kur es varu ieg\u0101d\u0101ties WASPE Crystal par vairumtirdzniec\u012bbas cenu?<\/strong>\n<ul>\n<li>J\u016bs varat to ieg\u0101d\u0101ties par vairumtirdzniec\u012bbas cen\u0101m no vapestornado, kas pied\u0101v\u0101 lieliskus pied\u0101v\u0101jumus un lielapjoma iesp\u0113jas.<\/li>\n<\/ul>\n<\/li>\n<li><strong>K\u0101 darbojas divu gar\u0161u sist\u0113ma?<\/strong>\n<ul>\n<li>Vienk\u0101r\u0161i piel\u0101gojiet gaisa pl\u016bsmas iestat\u012bjumus, lai neman\u0101mi p\u0101rsl\u0113gtos starp ab\u0101m gar\u0161\u0101m.<\/li>\n<\/ul>\n<\/li>\n<li><strong>Vai WASPE Crystal ir piem\u0113rots ies\u0101c\u0113jiem?<\/strong>\n<ul>\n<li>J\u0101, tas ir viegli lietojams un pied\u0101v\u0101 0% nikot\u012bna opciju, padarot to ide\u0101li piem\u0113rotu ies\u0101c\u0113jiem.<\/li>\n<\/ul>\n<\/li>\n<li><strong>K\u0101du uzl\u0101des veidu atbalsta WASPE Crystal?<\/strong>\n<ul>\n<li>Tas atbalsta C tipa uzl\u0101di, padarot to sader\u012bgu ar liel\u0101ko da\u013cu moderno l\u0101d\u0113t\u0101ju.<\/li>\n<\/ul>\n<\/li>\n<\/ol>\n<h2>K\u0101 pas\u016bt\u012bt?<\/h2>\n<p><strong>1. K\u0101dus maks\u0101jumu veidus j\u016bs pie\u0146emat?<\/strong><br \/>\nM\u0113s pie\u0146emam IBAN p\u0101rskait\u012bjumus un <span style=\"font-size: 16px;\">Western Union<\/span>\u00a0dro\u0161iem un \u0113rtiem dar\u012bjumiem.<\/p>\n<p><strong>2. K\u0101 es varu izsekot savam pas\u016bt\u012bjumam?<\/strong><br \/>\nKad j\u016bsu pas\u016bt\u012bjums ir nos\u016bt\u012bts, <span class=\"selectable-text copyable-text false\">m\u0113s past\u0101v\u012bgi atjaunin\u0101sim kravu izseko\u0161anu, l\u012bdz j\u016bs sa\u0146emsiet kravas<\/span>.<\/p>\n<p><strong>3. K\u0101ds ir paredzamais pieg\u0101des laiks?<\/strong><\/p>\n<ul>\n<li>Pieg\u0101de no <strong>\u0136\u012bnas noliktav\u0101m<\/strong> aiz\u0146em aptuveni <strong>7\u201314 darba dienas<\/strong>.<\/li>\n<li>Pieg\u0101de no <strong>Eiropas noliktavas<\/strong> parasti aiz\u0146em <strong>3\u20136 darba dienas<\/strong>.<\/li>\n<\/ul>\n<p><strong>4. K\u0101 es varu sa\u0146emt \u0101tr\u0101ku pieg\u0101di?<\/strong><br \/>\nLai sa\u0146emtu \u0101tr\u0101ku pieg\u0101di, iesak\u0101m pas\u016bt\u012bt no m\u016bsu <strong>Eiropas noliktavas<\/strong>, kas pied\u0101v\u0101 \u0101tr\u0101ku pieg\u0101des laiku.<\/p>\n<p><strong>5. K\u0101 es varu atgriezt preci?<\/strong><br \/>\nLai atgrieztu preci, sazinieties ar m\u016bsu klientu apkalpo\u0161anas komandu, lai sa\u0146emtu detaliz\u0113tus nor\u0101d\u012bjumus par atgrie\u0161anas procesu.<\/p>\n<p><strong>6. Vai j\u016bs pied\u0101v\u0101jat starptautisku pieg\u0101di?<\/strong><br \/>\nJ\u0101, m\u0113s pieg\u0101d\u0101jam uz liel\u0101ko da\u013cu valstu un apstr\u0101d\u0101jam <strong>muitas formalit\u0101tes<\/strong> lai nodro\u0161in\u0101tu vienm\u0113r\u012bgu pieg\u0101des pieredzi.<\/p>\n<p><strong>7. Ko dar\u012bt, ja es sa\u0146emu boj\u0101tu vai defekt\u012bvu produktu?<\/strong><br \/>\nJa j\u016bsu prece ir boj\u0101ta vai defekt\u012bva, sazinieties ar klientu apkalpo\u0161anas dienestu, lai sa\u0146emtu <strong>nomai\u0146u vai atmaksu<\/strong>.<\/p>\n<p><strong>8. K\u0101 es varu sazin\u0101ties ar klientu apkalpo\u0161anas dienestu?<\/strong><br \/>\nJ\u016bs varat sazin\u0101ties ar mums, izmantojot <strong>e-pastu, WhatsApp vai tie\u0161saistes t\u0113rz\u0113\u0161anu<\/strong> m\u016bsu t\u012bmek\u013ca vietn\u0113, lai sa\u0146emtu pal\u012bdz\u012bbu.<\/p>\n<\/div>\n<\/div>\n<\/div>\n<\/div>\n<\/div>","protected":false},"excerpt":{"rendered":"<p>Lab\u0101kais Waspe Crystal Vape 40000 dvesmu dubult\u0101s gar\u0161as vienreizlietojamais vape ar zemu nikot\u012bna saturu, vairumtirdzniec\u012bba<br \/>\nWASPE Crystal 40000 dvesmas divu gar\u0161u LED displeja vienreizlietojamais vape lielapjoma pirkums<br \/>\nWASPE Crystal 40000 dvesmas 2-in-1 gar\u0161as uzl\u0101d\u0113jami vienreizlietojamie vapes par l\u0113tu cenu<\/p>\n<p><strong>Pievienojiet Eimijas whatsapp, lai sa\u0146emtu pareizu atbildi un iztvaic\u0113t\u0101ja kuponu!<\/strong><\/p>\n<p><img fetchpriority=\"high\" decoding=\"async\" class=\"size-full wp-image-2932\" src=\"https:\/\/vapestornado.com\/wp-content\/uploads\/2024\/12\/Vape-Wholesale.jpg\" alt=\"Veipu Vairumtirdzniec\u012bba\" width=\"229\" height=\"300\" \/><\/p>\n<h3><a href=\"https:\/\/wa.me\/8617776015835\"><span style=\"color: #ff0000;\"><strong>WhatsApp: +86 17776015835<\/strong><\/span><\/a><\/h3>\n<p>&nbsp;<\/p>","protected":false},"featured_media":3756,"comment_status":"open","ping_status":"closed","template":"","meta":{"_acf_changed":false,"_uag_custom_page_level_css":"","_lmt_disableupdate":"no","_lmt_disable":"","_monsterinsights_skip_tracking":false,"_monsterinsights_sitenote_active":false,"_monsterinsights_sitenote_note":"","_monsterinsights_sitenote_category":0,"site-sidebar-layout":"default","site-content-layout":"","ast-site-content-layout":"default","site-content-style":"default","site-sidebar-style":"default","ast-global-header-display":"","ast-banner-title-visibility":"","ast-main-header-display":"","ast-hfb-above-header-display":"","ast-hfb-below-header-display":"","ast-hfb-mobile-header-display":"","site-post-title":"","ast-breadcrumbs-content":"","ast-featured-img":"","footer-sml-layout":"","ast-disable-related-posts":"","theme-transparent-header-meta":"default","adv-header-id-meta":"","stick-header-meta":"","header-above-stick-meta":"","header-main-stick-meta":"","header-below-stick-meta":"","astra-migrate-meta-layouts":"set","ast-page-background-enabled":"default","ast-page-background-meta":{"desktop":{"background-color":"","background-image":"","background-repeat":"repeat","background-position":"center center","background-size":"auto","background-attachment":"scroll","background-type":"","background-media":"","overlay-type":"","overlay-color":"","overlay-opacity":"","overlay-gradient":""},"tablet":{"background-color":"","background-image":"","background-repeat":"repeat","background-position":"center center","background-size":"auto","background-attachment":"scroll","background-type":"","background-media":"","overlay-type":"","overlay-color":"","overlay-opacity":"","overlay-gradient":""},"mobile":{"background-color":"","background-image":"","background-repeat":"repeat","background-position":"center center","background-size":"auto","background-attachment":"scroll","background-type":"","background-media":"","overlay-type":"","overlay-color":"","overlay-opacity":"","overlay-gradient":""}},"ast-content-background-meta":{"desktop":{"background-color":"var(--ast-global-color-5)","background-image":"","background-repeat":"repeat","background-position":"center center","background-size":"auto","background-attachment":"scroll","background-type":"","background-media":"","overlay-type":"","overlay-color":"","overlay-opacity":"","overlay-gradient":""},"tablet":{"background-color":"var(--ast-global-color-5)","background-image":"","background-repeat":"repeat","background-position":"center center","background-size":"auto","background-attachment":"scroll","background-type":"","background-media":"","overlay-type":"","overlay-color":"","overlay-opacity":"","overlay-gradient":""},"mobile":{"background-color":"var(--ast-global-color-5)","background-image":"","background-repeat":"repeat","background-position":"center center","background-size":"auto","background-attachment":"scroll","background-type":"","background-media":"","overlay-type":"","overlay-color":"","overlay-opacity":"","overlay-gradient":""}},"_joinchat":{"telephone":"+8617776015835"}},"product_brand":[],"product_cat":[19,65,140,153,155,141,142,60],"product_tag":[120,97,94,93,237,163],"class_list":{"0":"post-3734","1":"product","2":"type-product","3":"status-publish","4":"has-post-thumbnail","6":"product_cat-vapes","7":"product_cat-40000-puff","8":"product_cat-big-puffs-disposable-vapes","9":"product_cat-buy-disposable-vapes-in-italy","10":"product_cat-buy-disposable-vapes-in-norway","11":"product_cat-crystal-disposable-vapes","12":"product_cat-digital-box-disposable-vapes","13":"product_cat-waspe-fihp-vape","14":"product_tag-crystal-vape","15":"product_tag-hot-sale-disposable-vape","16":"product_tag-rechargeable-disposable-vape","17":"product_tag-vape-wholesale","18":"product_tag-waspe-crystal-40000","19":"product_tag-waspe-vape","20":"desktop-align-left","21":"tablet-align-left","22":"mobile-align-left","24":"first","25":"instock","26":"sale","27":"shipping-taxable","28":"purchasable","29":"product-type-simple"},"acf":[],"uagb_featured_image_src":{"full":["https:\/\/vapestornado.com\/wp-content\/uploads\/2025\/01\/WASPE-40000-Puffs-Crystal-Disposable-Vape-Wholesale-Price.webp",1000,1000,false],"thumbnail":["https:\/\/vapestornado.com\/wp-content\/uploads\/2025\/01\/WASPE-40000-Puffs-Crystal-Disposable-Vape-Wholesale-Price-150x150.webp",150,150,true],"medium":["https:\/\/vapestornado.com\/wp-content\/uploads\/2025\/01\/WASPE-40000-Puffs-Crystal-Disposable-Vape-Wholesale-Price-300x300.webp",300,300,true],"medium_large":["https:\/\/vapestornado.com\/wp-content\/uploads\/2025\/01\/WASPE-40000-Puffs-Crystal-Disposable-Vape-Wholesale-Price-768x768.webp",768,768,true],"large":["https:\/\/vapestornado.com\/wp-content\/uploads\/2025\/01\/WASPE-40000-Puffs-Crystal-Disposable-Vape-Wholesale-Price.webp",1000,1000,false],"1536x1536":["https:\/\/vapestornado.com\/wp-content\/uploads\/2025\/01\/WASPE-40000-Puffs-Crystal-Disposable-Vape-Wholesale-Price.webp",1000,1000,false],"2048x2048":["https:\/\/vapestornado.com\/wp-content\/uploads\/2025\/01\/WASPE-40000-Puffs-Crystal-Disposable-Vape-Wholesale-Price.webp",1000,1000,false],"trp-custom-language-flag":["https:\/\/vapestornado.com\/wp-content\/uploads\/2025\/01\/WASPE-40000-Puffs-Crystal-Disposable-Vape-Wholesale-Price.webp",12,12,false],"woocommerce_thumbnail":["https:\/\/vapestornado.com\/wp-content\/uploads\/2025\/01\/WASPE-40000-Puffs-Crystal-Disposable-Vape-Wholesale-Price-300x300.webp",300,300,true],"woocommerce_single":["https:\/\/vapestornado.com\/wp-content\/uploads\/2025\/01\/WASPE-40000-Puffs-Crystal-Disposable-Vape-Wholesale-Price-600x600.webp",600,600,true],"woocommerce_gallery_thumbnail":["https:\/\/vapestornado.com\/wp-content\/uploads\/2025\/01\/WASPE-40000-Puffs-Crystal-Disposable-Vape-Wholesale-Price-100x100.webp",100,100,true]},"uagb_author_info":{"display_name":"ESAMY","author_link":"https:\/\/vapestornado.com\/lv\/author\/"},"uagb_comment_info":0,"uagb_excerpt":"Best Waspe Crystal Vape 40000 Puffs Dual Flavors Low Nicotine Disposable Vape Wholesale WASPE Crystal 40000 Puffs Double Flavor LED Display Disposable Vape Bulk Buy WASPE Crystal 40000 Puffs 2 in 1 Flavor Rechargeable Disposable Vapes Cheap Price Add Amy's whatsapp get right reply and vape vape coupon! WhatsApp: +86 17776015835 &nbsp;","_links":{"self":[{"href":"https:\/\/vapestornado.com\/lv\/wp-json\/wp\/v2\/product\/3734","targetHints":{"allow":["GET"]}}],"collection":[{"href":"https:\/\/vapestornado.com\/lv\/wp-json\/wp\/v2\/product"}],"about":[{"href":"https:\/\/vapestornado.com\/lv\/wp-json\/wp\/v2\/types\/product"}],"replies":[{"embeddable":true,"href":"https:\/\/vapestornado.com\/lv\/wp-json\/wp\/v2\/comments?post=3734"}],"wp:featuredmedia":[{"embeddable":true,"href":"https:\/\/vapestornado.com\/lv\/wp-json\/wp\/v2\/media\/3756"}],"wp:attachment":[{"href":"https:\/\/vapestornado.com\/lv\/wp-json\/wp\/v2\/media?parent=3734"}],"wp:term":[{"taxonomy":"product_brand","embeddable":true,"href":"https:\/\/vapestornado.com\/lv\/wp-json\/wp\/v2\/product_brand?post=3734"},{"taxonomy":"product_cat","embeddable":true,"href":"https:\/\/vapestornado.com\/lv\/wp-json\/wp\/v2\/product_cat?post=3734"},{"taxonomy":"product_tag","embeddable":true,"href":"https:\/\/vapestornado.com\/lv\/wp-json\/wp\/v2\/product_tag?post=3734"}],"curies":[{"name":"wp","href":"https:\/\/api.w.org\/{rel}","templated":true}]}}