{"id":3726,"date":"2025-01-13T07:22:44","date_gmt":"2025-01-13T07:22:44","guid":{"rendered":"https:\/\/vapestornado.com\/?post_type=product&#038;p=3726"},"modified":"2025-08-23T12:33:57","modified_gmt":"2025-08-23T12:33:57","slug":"bang-king-35k-35000-puffs-2-in-1-dual-flavour-disposable-vape-wholesale-cheap-price","status":"publish","type":"product","link":"https:\/\/vapestornado.com\/lv\/product\/bang-king-35k-35000-puffs-2-in-1-dual-flavour-disposable-vape-wholesale-cheap-price\/","title":{"rendered":"Bang King 35K 35000 uzp\u016btienu 2 vien\u0101 divu gar\u0161u vienreiz\u0113j\u0101s lieto\u0161anas iztvaic\u0113t\u0101ja vairumtirdzniec\u012bba par zemu cenu"},"content":{"rendered":"<h1 class=\"product-title\">Bang King 35K 35000 uzp\u016btienu 2 vien\u0101 divu gar\u0161u vienreiz\u0113j\u0101s lieto\u0161anas iztvaic\u0113t\u0101ja vairumtirdzniec\u012bba par zemu cenu<\/h1>\n<p>&nbsp;<\/p>\n<p>K\u0101p\u0113c <strong>Bang King 35K 35000 Dvesienu 2 vien\u0101 Divu Gar\u0161u Vienreiz\u0113j\u0101s lieto\u0161anas Vape<\/strong> k\u013c\u016bst popul\u0101rs? \u0160\u012b ier\u012bce apvieno \u0113rt\u012bbas, gar\u0161u un pieejam\u012bbu. Ar gludu digit\u0101lo displeju, iespaid\u012bgu dvesienu skaitu un div\u0101m at\u0161\u0137ir\u012bg\u0101m gar\u0161\u0101m vien\u0101 ier\u012bc\u0113 \u0161is vape no jauna defin\u0113 to, ko var pied\u0101v\u0101t vienreiz\u0113j\u0101s lieto\u0161anas vapes.<\/p>\n<p>Atvadieties no bie\u017eas nomai\u0146as! Ar iespaid\u012bgu <strong>35 000 dvesieniem<\/strong>Bang King 35K nodro\u0161ina ilgsto\u0161u apmierin\u0101jumu, padarot to par vienu no <strong>popul\u0101r\u0101kajiem vienreiz\u0113j\u0101s lieto\u0161anas vapes<\/strong> tirg\u016b. K\u0101p\u0113c apmierin\u0101ties ar vienu gar\u0161u, ja var b\u016bt divas? Izbaudiet <strong>2 vien\u0101 gar\u0161as dizainu<\/strong>, kas \u013cauj p\u0101rsl\u0113gties starp div\u0101m neticam\u0101m gar\u0161\u0101m vien\u0101 ier\u012bc\u0113. Izbaudiet dubultu gar\u0161u vien\u0101 elegant\u0101 iepakojum\u0101. Saglab\u0101jiet kontroli ar <strong>LED sk\u0101rienekr\u0101nu<\/strong>. Tas par\u0101da akumulatora darb\u012bbas laiku, e-\u0161\u0137idruma l\u012bmeni un \u013cauj piel\u0101got gaisa pl\u016bsmas un jaudas iestat\u012bjumus piel\u0101gojamai pieredzei.<\/p>\n<p>Ar trim gaisa pl\u016bsmas re\u017e\u012bmiem j\u016bs varat viegli piel\u0101got vilkmi atbilsto\u0161i sav\u0101m v\u0113lm\u0113m. Neatkar\u012bgi no t\u0101, vai v\u0113laties vienm\u0113r\u012bgus vai sp\u0113c\u012bgus tr\u0101p\u012bjumus, \u0161is vape piel\u0101gojas jums. The <strong>700mAh uzl\u0101d\u0113jams akumulators<\/strong> un <strong>C tipa uzl\u0101de<\/strong> nodro\u0161ina \u0101tru un efekt\u012bvu uzl\u0101di, uzturot j\u016bsu ier\u012bci darbin\u0101mu visas dienas garum\u0101. The <strong>35ML e-\u0161\u0137idruma tvertne<\/strong> samazina nepiecie\u0161am\u012bbu p\u0113c bie\u017eas uzpildes, pied\u0101v\u0101jot nep\u0101rtrauktu tvaic\u0113\u0161anu. Lieliski piem\u0113rots vairumtirgot\u0101jiem, <strong>vairumtirdzniec\u012bbas cena<\/strong> padara to ide\u0101li piem\u0113rotu t\u0101l\u0101kp\u0101rdev\u0113jiem un tvaic\u0113\u0161anas entuziastiem, kuri mekl\u0113 lab\u0101ko pied\u0101v\u0101jumu.<\/p>\n<p><span style=\"color: #ff0000;\"><strong>Pievienojiet Eimijas Whatsapp, lai sa\u0146emtu pareizo atbildi un vape kuponu!<\/strong><\/span><\/p>\n<p><img fetchpriority=\"high\" decoding=\"async\" class=\"size-full wp-image-2932\" src=\"https:\/\/vapestornado.com\/wp-content\/uploads\/2024\/12\/Vape-Wholesale.jpg\" alt=\"Veipu Vairumtirdzniec\u012bba\" width=\"229\" height=\"300\" \/><\/p>\n<h3><a href=\"https:\/\/wa.me\/8617776015835\" target=\"_blank\" rel=\"noopener\"><span style=\"color: #ff0000;\"><strong>WhatsApp: +86 17776015835<\/strong><\/span><\/a><\/h3>\n<p>&nbsp;<\/p>\n<h2 class=\"product-title\"><strong>Bang King 35K produkta \u012bpa\u0161\u012bbas<\/strong><\/h2>\n<div role=\"article\" data-tabster=\"{&quot;groupper&quot;:{&quot;tabbability&quot;:2},&quot;focusable&quot;:{}}\" data-content=\"ai-message\" aria-labelledby=\"juhNTJ6o7Gk1cgwZMJgv2-author juhNTJ6o7Gk1cgwZMJgv2-content\">\n<div id=\"juhNTJ6o7Gk1cgwZMJgv2-content\">\n<div role=\"article\" data-tabster=\"{&quot;groupper&quot;:{&quot;tabbability&quot;:2},&quot;focusable&quot;:{}}\" data-content=\"ai-message\" aria-labelledby=\"x4EZuCZWrTbh3weWUt7CU-author x4EZuCZWrTbh3weWUt7CU-content\">\n<div id=\"x4EZuCZWrTbh3weWUt7CU-content\">\n<div class=\"flex max-w-full flex-col flex-grow\">\n<div class=\"min-h-8 text-message flex w-full flex-col items-end gap-2 whitespace-normal break-words text-start [.text-message+&amp;]:mt-5\" dir=\"auto\" data-message-author-role=\"assistant\" data-message-id=\"52c6e00a-252f-4104-805d-2f1a84739c71\" data-message-model-slug=\"gpt-4o\">\n<div class=\"flex w-full flex-col gap-1 empty:hidden first:pt-[3px]\">\n<div class=\"markdown prose w-full break-words dark:prose-invert light\">\n<div class=\"flex max-w-full flex-col flex-grow\">\n<div class=\"min-h-8 text-message flex w-full flex-col items-end gap-2 whitespace-normal break-words text-start [.text-message+&amp;]:mt-5\" dir=\"auto\" data-message-author-role=\"assistant\" data-message-id=\"3c321776-aace-4a97-95f3-35c104de1c0a\" data-message-model-slug=\"gpt-4o\">\n<div class=\"flex w-full flex-col gap-1 empty:hidden first:pt-[3px]\">\n<div class=\"markdown prose w-full break-words dark:prose-invert light\">\n<h3><\/h3>\n<ul>\n<li><strong>P\u016btes:<\/strong> L\u012bdz 35 000<\/li>\n<li><strong>Akumulators:<\/strong> 700mAh uzl\u0101d\u0113jams ar Type-C uzl\u0101di<\/li>\n<li><strong>Gar\u0161as:<\/strong> Divas gar\u0161as vien\u0101 ier\u012bc\u0113<\/li>\n<li><strong>Gaisa pl\u016bsma:<\/strong> Piel\u0101gojama ar trim re\u017e\u012bmiem<\/li>\n<li><strong>E-\u0161\u0137idruma ietilp\u012bba:<\/strong> 35ML<\/li>\n<li><strong>Digit\u0101lais displejs:<\/strong> LED sk\u0101rienekr\u0101ns uzraudz\u012bbai un regul\u0113\u0161anai<\/li>\n<li><strong>P\u0101rn\u0113s\u0101jam\u012bba:<\/strong> Viegls dizains, lieliski piem\u0113rots lieto\u0161anai ce\u013c\u0101<\/li>\n<\/ul>\n<\/div>\n<\/div>\n<\/div>\n<\/div>\n<\/div>\n<\/div>\n<\/div>\n<\/div>\n<div class=\"mb-2 flex gap-3 empty:hidden -ml-2\">\n<figure id=\"attachment_3733\" aria-describedby=\"caption-attachment-3733\" style=\"width: 800px\" class=\"wp-caption alignnone\"><img decoding=\"async\" class=\"wp-image-3733 size-full\" src=\"https:\/\/vapestornado.com\/wp-content\/uploads\/2025\/01\/Bangking-Vape-36000-Disposable-Vape-Wholesale.webp\" alt=\"Bangking Vape 35000 vienreiz\u0113j\u0101s lieto\u0161anas vape vairumtirdzniec\u012bba\" width=\"800\" height=\"800\" srcset=\"https:\/\/vapestornado.com\/wp-content\/uploads\/2025\/01\/Bangking-Vape-36000-Disposable-Vape-Wholesale.webp 800w, https:\/\/vapestornado.com\/wp-content\/uploads\/2025\/01\/Bangking-Vape-36000-Disposable-Vape-Wholesale-300x300.webp 300w, https:\/\/vapestornado.com\/wp-content\/uploads\/2025\/01\/Bangking-Vape-36000-Disposable-Vape-Wholesale-150x150.webp 150w, https:\/\/vapestornado.com\/wp-content\/uploads\/2025\/01\/Bangking-Vape-36000-Disposable-Vape-Wholesale-768x768.webp 768w, https:\/\/vapestornado.com\/wp-content\/uploads\/2025\/01\/Bangking-Vape-36000-Disposable-Vape-Wholesale-600x600.webp 600w, https:\/\/vapestornado.com\/wp-content\/uploads\/2025\/01\/Bangking-Vape-36000-Disposable-Vape-Wholesale-100x100.webp 100w\" sizes=\"(max-width: 800px) 100vw, 800px\" \/><figcaption id=\"caption-attachment-3733\" class=\"wp-caption-text\">Bangking Vape 35000 vienreiz\u0113j\u0101s lieto\u0161anas vape vairumtirdzniec\u012bba<\/figcaption><\/figure>\n<\/div>\n<\/div>\n<\/div>\n<\/div>\n<\/div>\n<h2 class=\"product-title\"><strong>Popul\u0101ra gar\u0161a Bang King 35K<\/strong><strong>\u00a0<\/strong><strong>Vienreiz\u0113j\u0101s lieto\u0161anas vapes<\/strong><\/h2>\n<p>Neatkar\u012bgi no t\u0101, vai v\u0113laties tropisku atp\u016btu vai aukstu prieku, <strong>Bangking 35000 p\u016btienu divu gar\u0161u vienreiz\u0113j\u0101s lieto\u0161anas vape<\/strong> ir perfekta kombin\u0101cija, lai apmierin\u0101tu j\u016bsu gar\u0161as k\u0101rpi\u0146as! K\u0101da ir popul\u0101r\u0101k\u0101 BANG KING 35000 Vape gar\u0161a? L\u016bdzu, noskaidrojiet, ko saka m\u016bsu klienti.<\/p>\n<p>1. Zilo ave\u0146u ledus + sul\u012bgs persiku ledus<br \/>\n2. Zeme\u0146u arb\u016bzs + arb\u016bzu ledus <span style=\"color: #ff0000;\"><strong>&gt;&gt;&gt;&gt; Karsts!<\/strong><\/span><br \/>\n3. Zeme\u0146u ban\u0101ns + dubult\u0101 \u0101bols<br \/>\n4. Tr\u012bsk\u0101r\u0161u ogu ledus + tropu aug\u013ci<br \/>\n5. \u0136ir\u0161u bumba + v\u012bnogu ledus <span style=\"color: #ff0000;\"><strong>&gt;&gt;&gt;&gt; Karsts!<\/strong><\/span><br \/>\n6. Persiku mango + zeme\u0146u mango<br \/>\n7. Mango laims + v\u0113ss piparm\u0113tra<br \/>\n8. \u0136ir\u0161u pop + Mr Blue<br \/>\n9. Meln\u0101 p\u016b\u0137a ledus + zeme\u0146u kivi<br \/>\n10. Red Bull + Persiku Oga <span style=\"color: #ff0000;\"><strong>&gt;&gt;&gt;&gt; Karsts!<\/strong><\/span><br \/>\n11. Roz\u0101 Citrons + Mr Blue<br \/>\n12. Kivi Marakuja Guava + Zila \u0136ir\u0161u Citrons<\/p>\n<div class=\"flex-shrink-0 flex flex-col relative items-end\">\n<div class=\"pt-0\">\n<div class=\"gizmo-bot-avatar flex h-8 w-8 items-center justify-center overflow-hidden rounded-full\">\n<div class=\"relative p-1 rounded-sm flex items-center justify-center bg-token-main-surface-primary text-token-text-primary h-8 w-8\">\n<h3>BUJ par Bang King 35K Puffs Uzl\u0101d\u0113jamu<strong>\u00a0<\/strong>Vienreiz\u0113j\u0101s lieto\u0161anas iztvaic\u0113t\u0101js<\/h3>\n<h3><\/h3>\n<p><strong>1. Kur es varu ieg\u0101d\u0101ties Bang King 35K par vairumtirdzniec\u012bbas cen\u0101m V\u0101cij\u0101?<\/strong><br \/>\nJ\u016bs varat to ieg\u0101d\u0101ties Vapestornado<strong>\u00a0tie\u0161saistes tvaiku veikalu<\/strong> vai sazinieties ar savu viet\u0113jo izplat\u012bt\u0101ju, lai ieg\u016btu lab\u0101kos pied\u0101v\u0101jumus.<\/p>\n<p><strong>2. K\u0101 es varu zin\u0101t, kad e-\u0161\u0137idrums tuvojas beig\u0101m?<\/strong><br \/>\nT\u0101 <strong>digit\u0101lais displejs<\/strong> par\u0101da e-\u0161\u0137idruma l\u012bmeni, vienm\u0113r inform\u0113jot j\u016bs.<\/p>\n<p><strong>3. K\u0101 es varu uzl\u0101d\u0113t Bang King 35000?<\/strong><br \/>\nVienk\u0101r\u0161i izmantojiet <strong>Type-C uzl\u0101des ports<\/strong> \u0101trai un \u0113rtai uzl\u0101dei.<\/p>\n<p><strong>4. Ar ko \u0161is Bang King 35k vape izce\u013cas starp citiem vienreiz\u0113j\u0101s lieto\u0161anas vape z\u012bmoliem?<\/strong><br \/>\nT\u0101 <strong>du\u0101l\u0101s gar\u0161as dizainu<\/strong>, <strong>piel\u0101gojamu gaisa pl\u016bsmu<\/strong>, un mas\u012bvs <strong>35 000 dvesieniem<\/strong> izce\u013c to, padarot to par vienu no <strong>popul\u0101r\u0101kajiem vienreiz\u0113j\u0101s lieto\u0161anas vape<\/strong>.<\/p>\n<p><strong>5. Vai es varu piel\u0101got gaisa pl\u016bsmu atbilsto\u0161i sav\u0101m v\u0113lm\u0113m?<\/strong><br \/>\nJ\u0101! Ier\u012bce pied\u0101v\u0101 <strong>tr\u012bs gaisa pl\u016bsmas re\u017e\u012bmus<\/strong> lai nodro\u0161in\u0101tu, ka j\u016bs katru reizi sa\u0146emat perfektu vilkmi.<\/p>\n<p><strong>6. Vai gar\u0161as ir piem\u0113rotas zema nikot\u012bna preferenc\u0113m?<\/strong><br \/>\nPiln\u012bgi noteikti. Bang King 35K pied\u0101v\u0101 <strong>piel\u0101gojamus nikot\u012bna l\u012bme\u0146us<\/strong> 0%, 2% un 5%.<\/p>\n<div class=\"flex max-w-full flex-col flex-grow\">\n<div class=\"min-h-8 text-message flex w-full flex-col items-end gap-2 whitespace-normal break-words text-start [.text-message+&amp;]:mt-5\" dir=\"auto\" data-message-author-role=\"assistant\" data-message-id=\"4dc48248-df95-45bd-b800-6dedb43cf7f1\" data-message-model-slug=\"gpt-4o\">\n<div class=\"flex w-full flex-col gap-1 empty:hidden first:pt-[3px]\"><\/div>\n<\/div>\n<\/div>\n<\/div>\n<\/div>\n<\/div>\n<\/div>\n<div class=\"flex-shrink-0 flex flex-col relative items-end\">\n<div class=\"pt-0\">\n<div class=\"gizmo-bot-avatar flex h-8 w-8 items-center justify-center overflow-hidden rounded-full\">\n<div class=\"relative p-1 rounded-sm flex items-center justify-center bg-token-main-surface-primary text-token-text-primary h-8 w-8\">\n<div class=\"mb-2 flex gap-3 empty:hidden -ml-2\">\n<div role=\"article\" data-tabster=\"{&quot;groupper&quot;:{&quot;tabbability&quot;:2},&quot;focusable&quot;:{}}\" data-content=\"ai-message\" aria-labelledby=\"Vdt5ez4X7Tg813x6rFVha-author Vdt5ez4X7Tg813x6rFVha-content\">\n<div id=\"Vdt5ez4X7Tg813x6rFVha-content\">\n<div role=\"article\" data-tabster=\"{&quot;groupper&quot;:{&quot;tabbability&quot;:2},&quot;focusable&quot;:{}}\" data-content=\"ai-message\" aria-labelledby=\"o968oC7CEo2fGHsGdsRYC-author o968oC7CEo2fGHsGdsRYC-content\">\n<div id=\"o968oC7CEo2fGHsGdsRYC-content\">\n<h3>K\u0101p\u0113c izv\u0113l\u0113ties vapestornado Uwin Crystal 20000 Shisha Hookah vienreiz\u0113j\u0101s lieto\u0161anas vape vairumtirdzniec\u012bbai?<\/h3>\n<div class=\"flex-shrink-0 flex flex-col relative items-end\">\n<div class=\"pt-0\">\n<div class=\"gizmo-bot-avatar flex h-8 w-8 items-center justify-center overflow-hidden rounded-full\">\n<div class=\"relative p-1 rounded-sm flex items-center justify-center bg-token-main-surface-primary text-token-text-primary h-8 w-8\">\n<p>Pieaugo\u0161aj\u0101 konkurenc\u0113 vienreiz\u0113j\u0101s lieto\u0161anas vape nozar\u0113 vapestornado ir vado\u0161\u0101 glob\u0101l\u0101 platforma e-cigare\u0161u risin\u0101jumiem vairumtirdzniec\u012bb\u0101, kas ir ieviesusi revolucion\u0101ro Bang King 35K Puffs vienreiz\u0113j\u0101s lieto\u0161anas vape. Ar savu ac\u012bm t\u012bkamo krist\u0101la dizainu un daudzfunkcion\u0101laj\u0101m funkcij\u0101m \u0161is novatoriskais produkts apvieno stilu ar funkcionalit\u0101ti. Pied\u0101v\u0101jot pla\u0161u aug\u013cu gar\u0161u izv\u0113li, t\u0101 m\u0113r\u0137is ir apmierin\u0101t daudzveid\u012bg\u0101s veipot\u0101ju gaumes.<\/p>\n<p>vapestornado ir j\u016bsu uzticamais tie\u0161saistes vape veikals augstas kvalit\u0101tes vienreiz\u0113j\u0101s lieto\u0161anas vape ieg\u0101dei. M\u0113s pied\u0101v\u0101jam jums karst\u0101kos vienreiz\u0113j\u0101s lieto\u0161anas vape z\u012bmolus, piem\u0113ram, Waspe Vape un WGA Vape, Fumot RandM Vape, Vozol Vape, Bang Vape utt.<\/p>\n<p>M\u016bsu kl\u0101st\u0101 ir iek\u013cauti popul\u0101r\u0101kie vienreiz\u0113j\u0101s lieto\u0161anas vape, piem\u0113ram, <a href=\"https:\/\/vapestornado.com\/lv\/product\/randm-tornado-30000-puffs-music-rechargeable-disposable-vape-pen-wholesale\/\">Randm Tornado 30000<\/a>, un bag\u0101t\u012bgas gar\u0161as izv\u0113les, piem\u0113ram, <a href=\"https:\/\/vapestornado.com\/lv\/product\/uwin-crystal-20000-shisha-hookah-20k-puffs-disposable-vape-factory-cheap-price\/\"> Uwin Krist\u0101ls 20000 Puffs<\/a> . Katrs produkts ir izv\u0113l\u0113ts, koncentr\u0113joties uz kvalit\u0101ti, v\u0113rt\u012bbu un daudzveid\u012bbu, nodro\u0161inot, ka j\u016bs atrad\u012bsiet perfektu atbilst\u012bbu sav\u0101m vajadz\u012bb\u0101m. Atkl\u0101jiet izcilu servisu un pla\u0161u popul\u0101r\u0101ko produktu kl\u0101stu par vairumtirdzniec\u012bbas cen\u0101m vietn\u0113 vapestornado.<\/p>\n<\/div>\n<p>&nbsp;<\/p>\n<p><strong>Citi karstie izp\u0101rdo\u0161anas vienreiz\u0113j\u0101s lieto\u0161anas veipi<\/strong><\/p>\n<p><a href=\"https:\/\/vapestornado.com\/lv\/product\/fumot-randm-tornado-25000-puffs-touch-disposable-vape-wholesale-online\/\">Fumot 25000 p\u012bpju <span style=\"color: #ff0000;\"><strong>&gt;&gt;&gt;&gt; Uz priek\u0161u!<\/strong><\/span><\/a><\/p>\n<p><a href=\"https:\/\/vapestornado.com\/lv\/product\/bang-36000-smart-disposable-vape-wholesale-shop-online\/\">Bang 36000 p\u012bpju<span style=\"color: #ff0000;\"><strong>&gt;&gt;&gt;&gt; Uz priek\u0161u!<\/strong><\/span><\/a><\/p>\n<p><a href=\"https:\/\/vapestornado.com\/lv\/product\/randm-tornado-9000-puffs-rechargeable-disposable-vape-wholesale-online\/\">RandM Tornado 9000 <span style=\"color: #ff0000;\"><strong>&gt;&gt;&gt;&gt; Uz priek\u0161u!<\/strong><\/span><\/a><\/p>\n<\/div>\n<\/div>\n<\/div>\n<p>&nbsp;<\/p>\n<\/div>\n<\/div>\n<\/div>\n<\/div>\n<\/div>\n<\/div>\n<\/div>\n<\/div>\n<\/div>","protected":false},"excerpt":{"rendered":"<p>Bang King 35000 Dvesienu Vied\u0101 Ekr\u0101na Vairumtirdzniec\u012bbas Vienreiz\u0113j\u0101s lieto\u0161anas ier\u012bce<br \/>\nBang King 35000 Dvesienu Vienreiz\u0113j\u0101s lieto\u0161anas Vape Lielapjoma pirkums<br \/>\nBang King Tornado 35000 35K Dvesienu Vienreiz\u0113j\u0101s lieto\u0161anas Vape Pildspalva<\/p>\n<p><strong>Pievienojiet Eimijas whatsapp, lai sa\u0146emtu pareizu atbildi un iztvaic\u0113t\u0101ja kuponu!<\/strong><\/p>\n<p><img fetchpriority=\"high\" decoding=\"async\" class=\"size-full wp-image-2932\" src=\"https:\/\/vapestornado.com\/wp-content\/uploads\/2024\/12\/Vape-Wholesale.jpg\" alt=\"Veipu Vairumtirdzniec\u012bba\" width=\"229\" height=\"300\" \/><\/p>\n<h3><a href=\"https:\/\/wa.me\/8617776015835\"><span style=\"color: #ff0000;\"><strong>WhatsApp: +86 17776015835<\/strong><\/span><\/a><\/h3>\n<p>&nbsp;<\/p>","protected":false},"featured_media":3731,"comment_status":"open","ping_status":"closed","template":"","meta":{"_acf_changed":false,"_uag_custom_page_level_css":"","_lmt_disableupdate":"no","_lmt_disable":"","_monsterinsights_skip_tracking":false,"_monsterinsights_sitenote_active":false,"_monsterinsights_sitenote_note":"","_monsterinsights_sitenote_category":0,"site-sidebar-layout":"default","site-content-layout":"","ast-site-content-layout":"default","site-content-style":"default","site-sidebar-style":"default","ast-global-header-display":"","ast-banner-title-visibility":"","ast-main-header-display":"","ast-hfb-above-header-display":"","ast-hfb-below-header-display":"","ast-hfb-mobile-header-display":"","site-post-title":"","ast-breadcrumbs-content":"","ast-featured-img":"","footer-sml-layout":"","ast-disable-related-posts":"","theme-transparent-header-meta":"default","adv-header-id-meta":"","stick-header-meta":"","header-above-stick-meta":"","header-main-stick-meta":"","header-below-stick-meta":"","astra-migrate-meta-layouts":"set","ast-page-background-enabled":"default","ast-page-background-meta":{"desktop":{"background-color":"","background-image":"","background-repeat":"repeat","background-position":"center center","background-size":"auto","background-attachment":"scroll","background-type":"","background-media":"","overlay-type":"","overlay-color":"","overlay-opacity":"","overlay-gradient":""},"tablet":{"background-color":"","background-image":"","background-repeat":"repeat","background-position":"center center","background-size":"auto","background-attachment":"scroll","background-type":"","background-media":"","overlay-type":"","overlay-color":"","overlay-opacity":"","overlay-gradient":""},"mobile":{"background-color":"","background-image":"","background-repeat":"repeat","background-position":"center center","background-size":"auto","background-attachment":"scroll","background-type":"","background-media":"","overlay-type":"","overlay-color":"","overlay-opacity":"","overlay-gradient":""}},"ast-content-background-meta":{"desktop":{"background-color":"var(--ast-global-color-5)","background-image":"","background-repeat":"repeat","background-position":"center center","background-size":"auto","background-attachment":"scroll","background-type":"","background-media":"","overlay-type":"","overlay-color":"","overlay-opacity":"","overlay-gradient":""},"tablet":{"background-color":"var(--ast-global-color-5)","background-image":"","background-repeat":"repeat","background-position":"center center","background-size":"auto","background-attachment":"scroll","background-type":"","background-media":"","overlay-type":"","overlay-color":"","overlay-opacity":"","overlay-gradient":""},"mobile":{"background-color":"var(--ast-global-color-5)","background-image":"","background-repeat":"repeat","background-position":"center center","background-size":"auto","background-attachment":"scroll","background-type":"","background-media":"","overlay-type":"","overlay-color":"","overlay-opacity":"","overlay-gradient":""}},"_joinchat":{"telephone":"+8617776015835"}},"product_brand":[],"product_cat":[175,63,153,155,159,143,146],"product_tag":[196,234,165,198,97,166,94],"class_list":{"0":"post-3726","1":"product","2":"type-product","3":"status-publish","4":"has-post-thumbnail","6":"product_cat-35000-puff","7":"product_cat-bangking","8":"product_cat-buy-disposable-vapes-in-italy","9":"product_cat-buy-disposable-vapes-in-norway","10":"product_cat-buy-disposable-vapes-in-sweden","11":"product_cat-dual-mesh-disposable-vapes","12":"product_cat-rechargeable-disposable-vapes","13":"product_tag-bang-vape","14":"product_tag-bangking-35000","15":"product_tag-cheap-vapes","16":"product_tag-double-flavor-disposable-vape","17":"product_tag-hot-sale-disposable-vape","18":"product_tag-low-nicotine-vape","19":"product_tag-rechargeable-disposable-vape","20":"desktop-align-left","21":"tablet-align-left","22":"mobile-align-left","24":"first","25":"instock","26":"sale","27":"shipping-taxable","28":"purchasable","29":"product-type-simple"},"acf":[],"uagb_featured_image_src":{"full":["https:\/\/vapestornado.com\/wp-content\/uploads\/2025\/01\/Bang-Vape-Bangking-36k-Disposable-Vape-Bulk-Price.webp",800,800,false],"thumbnail":["https:\/\/vapestornado.com\/wp-content\/uploads\/2025\/01\/Bang-Vape-Bangking-36k-Disposable-Vape-Bulk-Price-150x150.webp",150,150,true],"medium":["https:\/\/vapestornado.com\/wp-content\/uploads\/2025\/01\/Bang-Vape-Bangking-36k-Disposable-Vape-Bulk-Price-300x300.webp",300,300,true],"medium_large":["https:\/\/vapestornado.com\/wp-content\/uploads\/2025\/01\/Bang-Vape-Bangking-36k-Disposable-Vape-Bulk-Price-768x768.webp",768,768,true],"large":["https:\/\/vapestornado.com\/wp-content\/uploads\/2025\/01\/Bang-Vape-Bangking-36k-Disposable-Vape-Bulk-Price.webp",800,800,false],"1536x1536":["https:\/\/vapestornado.com\/wp-content\/uploads\/2025\/01\/Bang-Vape-Bangking-36k-Disposable-Vape-Bulk-Price.webp",800,800,false],"2048x2048":["https:\/\/vapestornado.com\/wp-content\/uploads\/2025\/01\/Bang-Vape-Bangking-36k-Disposable-Vape-Bulk-Price.webp",800,800,false],"trp-custom-language-flag":["https:\/\/vapestornado.com\/wp-content\/uploads\/2025\/01\/Bang-Vape-Bangking-36k-Disposable-Vape-Bulk-Price.webp",12,12,false],"woocommerce_thumbnail":["https:\/\/vapestornado.com\/wp-content\/uploads\/2025\/01\/Bang-Vape-Bangking-36k-Disposable-Vape-Bulk-Price-300x300.webp",300,300,true],"woocommerce_single":["https:\/\/vapestornado.com\/wp-content\/uploads\/2025\/01\/Bang-Vape-Bangking-36k-Disposable-Vape-Bulk-Price-600x600.webp",600,600,true],"woocommerce_gallery_thumbnail":["https:\/\/vapestornado.com\/wp-content\/uploads\/2025\/01\/Bang-Vape-Bangking-36k-Disposable-Vape-Bulk-Price-100x100.webp",100,100,true]},"uagb_author_info":{"display_name":"ESAMY","author_link":"https:\/\/vapestornado.com\/lv\/author\/"},"uagb_comment_info":0,"uagb_excerpt":"Bang King 35000 Puffs Smart Screen Wholesale Disposable Bang King 35000 Puffs Disposable Vape Bulk Buy Bang King Tornado 35000 35K Puffs Disposable Vape Pen Add Amy's whatsapp get right reply and vape coupon! WhatsApp: +86 17776015835 &nbsp;","_links":{"self":[{"href":"https:\/\/vapestornado.com\/lv\/wp-json\/wp\/v2\/product\/3726","targetHints":{"allow":["GET"]}}],"collection":[{"href":"https:\/\/vapestornado.com\/lv\/wp-json\/wp\/v2\/product"}],"about":[{"href":"https:\/\/vapestornado.com\/lv\/wp-json\/wp\/v2\/types\/product"}],"replies":[{"embeddable":true,"href":"https:\/\/vapestornado.com\/lv\/wp-json\/wp\/v2\/comments?post=3726"}],"wp:featuredmedia":[{"embeddable":true,"href":"https:\/\/vapestornado.com\/lv\/wp-json\/wp\/v2\/media\/3731"}],"wp:attachment":[{"href":"https:\/\/vapestornado.com\/lv\/wp-json\/wp\/v2\/media?parent=3726"}],"wp:term":[{"taxonomy":"product_brand","embeddable":true,"href":"https:\/\/vapestornado.com\/lv\/wp-json\/wp\/v2\/product_brand?post=3726"},{"taxonomy":"product_cat","embeddable":true,"href":"https:\/\/vapestornado.com\/lv\/wp-json\/wp\/v2\/product_cat?post=3726"},{"taxonomy":"product_tag","embeddable":true,"href":"https:\/\/vapestornado.com\/lv\/wp-json\/wp\/v2\/product_tag?post=3726"}],"curies":[{"name":"wp","href":"https:\/\/api.w.org\/{rel}","templated":true}]}}