{"id":3724,"date":"2025-01-11T02:00:22","date_gmt":"2025-01-11T02:00:22","guid":{"rendered":"https:\/\/vapestornado.com\/?post_type=product&#038;p=3724"},"modified":"2025-08-23T12:33:40","modified_gmt":"2025-08-23T12:33:40","slug":"uwin-crystal-20000-shisha-hookah-20k-puffs-disposable-vape-factory-cheap-price","status":"publish","type":"product","link":"https:\/\/vapestornado.com\/lv\/product\/uwin-crystal-20000-shisha-hookah-20k-puffs-disposable-vape-factory-cheap-price\/","title":{"rendered":"Uwin Crystal 20000 Shisha Hookah 20K Uzp\u016b\u0161u Vienreiz\u0113j\u0101s lieto\u0161anas Vape R\u016bpn\u012bcas L\u0113ta cena"},"content":{"rendered":"<h1 class=\"product-title\">Uwin Crystal 20000 Shisha Hookah 20K Uzp\u016b\u0161u Vienreiz\u0113j\u0101s lieto\u0161anas Vape R\u016bpn\u012bcas L\u0113ta cena<\/h1>\n<p>T\u0101 <strong>Uwin Krist\u0101ls 20000<\/strong> dvesmas ir j\u016bsu galvenais risin\u0101jums tvaic\u0113\u0161anai, kas pied\u0101v\u0101 neticamu veiktsp\u0113ju, pieejam\u012bbu un daudzveid\u012bbu. Ar gludu <strong>krist\u0101la dizaina<\/strong> un <strong>r\u016bpn\u012bcas l\u0113tu cenu<\/strong>, \u0161is <strong>vienreizlietojams iztvaic\u0113t\u0101js<\/strong> ir ide\u0101ls tiem, kas mekl\u0113 augst\u0101k\u0101s kvalit\u0101tes par bud\u017eetam draudz\u012bgu cenu. Sa\u0146emiet <strong>20 000 uzp\u016btieniem<\/strong> uz vienu ier\u012bci, nodro\u0161inot ilgtermi\u0146a apmierin\u0101t\u012bbu bez bie\u017eas nomai\u0146as nepiecie\u0161am\u012bbas. Ide\u0101li piem\u0113rots lietot\u0101jiem, kuri v\u0113las maksim\u0101lu v\u0113rt\u012bbu un minim\u0101lu piep\u016bli.<\/p>\n<p>Mekl\u0113jat <strong>l\u0113ti veipi<\/strong> ar augst\u0101k\u0101s klases kvalit\u0101ti? Uwin \u0160i\u0161as \u016bdensp\u012bpe 20K ir pieejams par <strong>tie\u0161\u0101s r\u016bpn\u012bcas cen\u0101m<\/strong>, padarot to par lielisku izv\u0113li vairumtirgot\u0101jiem un individu\u0101liem pirc\u0113jiem. Uzlabot\u0101 <strong>0,8\u03a9 t\u012bkla spole<\/strong> garant\u0113 gar\u0161\u012bgu un vienm\u0113r\u012bgu tvaic\u0113\u0161anas pieredzi. Savienota ar 12 gar\u0161as opcij\u0101m, t\u0101 ir ide\u0101li piem\u0113rota gar\u0161u entuziastiem.<\/p>\n<p>Izv\u0113lieties savu ide\u0101lo nikot\u012bna stiprumu, Uwin Crystal 20000 n\u0101k ar nikot\u012bna opcij\u0101m, kas sv\u0101rst\u0101s no <strong>0%, 2% un 5%<\/strong>, padarot \u0161o ier\u012bci daudzpus\u012bgu jebkuram tvaic\u0113t\u0101jam. T\u0101s p\u0101rn\u0113s\u0101jamais un ergonomiskais <strong>krist\u0101la dizaina<\/strong> ir ide\u0101ls lietot\u0101jiem, kuri nov\u0113rt\u0113 gan formu, gan funkciju, padarot to par vienu no <strong>popul\u0101r\u0101kajiem vienreiz\u0113j\u0101s lieto\u0161anas vape<\/strong> \u0161odien. Ieg\u016bstiet sav\u0101s rok\u0101s <strong>Uwin Crystal 20000 Puffs \u016bdensp\u012bpe <\/strong>\u00a0\u0161odien un izbaudi perfektu stila, gar\u0161as un v\u0113rt\u012bbas apvienojumu!<\/p>\n<p><span style=\"color: #ff0000;\"><strong>Pievienojiet Eimijas Whatsapp, lai sa\u0146emtu pareizo atbildi un vape kuponu!<\/strong><\/span><\/p>\n<p><img fetchpriority=\"high\" decoding=\"async\" class=\"size-full wp-image-2932\" src=\"https:\/\/vapestornado.com\/wp-content\/uploads\/2024\/12\/Vape-Wholesale.jpg\" alt=\"Veipu Vairumtirdzniec\u012bba\" width=\"229\" height=\"300\" \/><\/p>\n<h3><a href=\"https:\/\/wa.me\/8617776015835\" target=\"_blank\" rel=\"noopener\"><span style=\"color: #ff0000;\"><strong>WhatsApp: +86 17776015835<\/strong><\/span><\/a><\/h3>\n<p>&nbsp;<\/p>\n<h2 class=\"product-title\"><strong>Uwin Crystal 20000 Produkta \u012bpa\u0161\u012bbas<\/strong><\/h2>\n<div role=\"article\" data-tabster=\"{&quot;groupper&quot;:{&quot;tabbability&quot;:2},&quot;focusable&quot;:{}}\" data-content=\"ai-message\" aria-labelledby=\"juhNTJ6o7Gk1cgwZMJgv2-author juhNTJ6o7Gk1cgwZMJgv2-content\">\n<div id=\"juhNTJ6o7Gk1cgwZMJgv2-content\">\n<div role=\"article\" data-tabster=\"{&quot;groupper&quot;:{&quot;tabbability&quot;:2},&quot;focusable&quot;:{}}\" data-content=\"ai-message\" aria-labelledby=\"x4EZuCZWrTbh3weWUt7CU-author x4EZuCZWrTbh3weWUt7CU-content\">\n<div id=\"x4EZuCZWrTbh3weWUt7CU-content\">\n<div class=\"flex max-w-full flex-col flex-grow\">\n<div class=\"min-h-8 text-message flex w-full flex-col items-end gap-2 whitespace-normal break-words text-start [.text-message+&amp;]:mt-5\" dir=\"auto\" data-message-author-role=\"assistant\" data-message-id=\"52c6e00a-252f-4104-805d-2f1a84739c71\" data-message-model-slug=\"gpt-4o\">\n<div class=\"flex w-full flex-col gap-1 empty:hidden first:pt-[3px]\">\n<div class=\"markdown prose w-full break-words dark:prose-invert light\">\n<div class=\"flex max-w-full flex-col flex-grow\">\n<div class=\"min-h-8 text-message flex w-full flex-col items-end gap-2 whitespace-normal break-words text-start [.text-message+&amp;]:mt-5\" dir=\"auto\" data-message-author-role=\"assistant\" data-message-id=\"3c321776-aace-4a97-95f3-35c104de1c0a\" data-message-model-slug=\"gpt-4o\">\n<div class=\"flex w-full flex-col gap-1 empty:hidden first:pt-[3px]\">\n<div class=\"markdown prose w-full break-words dark:prose-invert light\">\n<h3><\/h3>\n<ol>\n<li><strong>Augsts uzp\u016btienu skaits<\/strong>: Nodro\u0161ina l\u012bdz pat 20 000 dvesmu ilgsto\u0161ai lieto\u0161anai.<\/li>\n<li><strong>Nikot\u012bna opcijas<\/strong>: Pieejams ar 0%, 2%, 3% un 5% nikot\u012bna l\u012bmeni.<\/li>\n<li><strong>Krist\u0101la dizains<\/strong>: Stil\u012bgs, viegls un p\u0101rn\u0113s\u0101jams, ergonomisks dizains.<\/li>\n<li><strong>Acs spoles tehnolo\u0123ija<\/strong>: 0,8\u03a9 t\u012bkla spole nodro\u0161ina gludu tvaiku un bag\u0101t\u012bgu gar\u0161u.<\/li>\n<li><strong>Da\u017e\u0101das gar\u0161as<\/strong>: Pied\u0101v\u0101 12 unik\u0101las gar\u0161as, lai apmierin\u0101tu da\u017e\u0101das gaumes.<\/li>\n<li><strong>Liela e-\u0161\u0137idruma ietilp\u012bba<\/strong>: 22 ml iepriek\u0161 uzpild\u012bts e-\u0161\u0137idrums samazina bie\u017eas uzpild\u012b\u0161anas reizes.<\/li>\n<li><strong>Uzl\u0101d\u0113jams akumulators<\/strong>: 650 mAh kobalta akumulators ar C tipa \u0101tro uzl\u0101di.<\/li>\n<li><strong>Pieejama vairumtirdzniec\u012bbas cena<\/strong>: Lieliski piem\u0113rots lielapjoma pirkumiem ar izcilu v\u0113rt\u012bbu.<\/li>\n<\/ol>\n<\/div>\n<\/div>\n<\/div>\n<\/div>\n<div class=\"mb-2 flex gap-3 empty:hidden -ml-2\">\n<div class=\"items-center justify-start rounded-xl p-1 flex\"><\/div>\n<\/div>\n<\/div>\n<\/div>\n<\/div>\n<\/div>\n<div class=\"mb-2 flex gap-3 empty:hidden -ml-2\">\n<figure id=\"attachment_3719\" aria-describedby=\"caption-attachment-3719\" style=\"width: 800px\" class=\"wp-caption alignnone\"><img decoding=\"async\" class=\"wp-image-3719 size-full\" src=\"https:\/\/vapestornado.com\/wp-content\/uploads\/2025\/01\/Hookah-Shisha-20k-20000-Puffs-E-Disposable-Vape.webp\" alt=\"\u016adensp\u012bpe 20k 20000 Puffs E vienreiz\u0113j\u0101s lieto\u0161anas vape\" width=\"800\" height=\"800\" srcset=\"https:\/\/vapestornado.com\/wp-content\/uploads\/2025\/01\/Hookah-Shisha-20k-20000-Puffs-E-Disposable-Vape.webp 800w, https:\/\/vapestornado.com\/wp-content\/uploads\/2025\/01\/Hookah-Shisha-20k-20000-Puffs-E-Disposable-Vape-300x300.webp 300w, https:\/\/vapestornado.com\/wp-content\/uploads\/2025\/01\/Hookah-Shisha-20k-20000-Puffs-E-Disposable-Vape-150x150.webp 150w, https:\/\/vapestornado.com\/wp-content\/uploads\/2025\/01\/Hookah-Shisha-20k-20000-Puffs-E-Disposable-Vape-768x768.webp 768w, https:\/\/vapestornado.com\/wp-content\/uploads\/2025\/01\/Hookah-Shisha-20k-20000-Puffs-E-Disposable-Vape-600x600.webp 600w, https:\/\/vapestornado.com\/wp-content\/uploads\/2025\/01\/Hookah-Shisha-20k-20000-Puffs-E-Disposable-Vape-100x100.webp 100w\" sizes=\"(max-width: 800px) 100vw, 800px\" \/><figcaption id=\"caption-attachment-3719\" class=\"wp-caption-text\">\u016adensp\u012bpe 20k 20000 Puffs E vienreiz\u0113j\u0101s lieto\u0161anas vape<\/figcaption><\/figure>\n<\/div>\n<\/div>\n<\/div>\n<\/div>\n<\/div>\n<h2 class=\"product-title\"><strong>Popul\u0101r\u0101k\u0101 gar\u0161a Uwin Crystal 20k<\/strong><strong>\u00a0<\/strong><strong>Vienreiz\u0113j\u0101s lieto\u0161anas vapes<\/strong><\/h2>\n<p>Uwin Crystal 20000 pied\u0101v\u0101 iespaid\u012bgu 12 at\u0161\u0137ir\u012bgu gar\u0161u izv\u0113li, kas atbilst katrai gaumei. K\u0101das ir popul\u0101r\u0101k\u0101s gar\u0161as Uwin Crystal 20k? Katra gar\u0161a sniedz unik\u0101lu tvaic\u0113\u0161anas pieredzi, bet Ogu mais\u012bjums un Citronu piparm\u0113tra konsekventi ierindojas starp popul\u0101r\u0101kaj\u0101m izv\u0113l\u0113m, pateicoties to dinamiskajiem, labi sabalans\u0113tajiem un apmierino\u0161ajiem profiliem. \u0160\u012bs gar\u0161as padara Uwin Crystal 20000 par izcilu vienreiz\u0113j\u0101s lieto\u0161anas veipu pasaul\u0113. Izp\u0113ti visas 12 gar\u0161as un atrodi savu iecien\u012bt\u0101ko jau \u0161odien!<\/p>\n<ol>\n<li>Arb\u016bzs<\/li>\n<li>Mango ledus<\/li>\n<li>Melle\u0146u ave\u0146u <span style=\"color: #ff0000;\"><strong>&gt;&gt;&gt;&gt; Karsts!<\/strong><\/span><\/li>\n<li>V\u012bnogu piparm\u0113tra<\/li>\n<li>Marakujas<\/li>\n<li>Zeme\u0146u kivi<\/li>\n<li>Dubult\u0101 \u0101bols<\/li>\n<li>Persiku ledus<\/li>\n<li>Anan\u0101ss un kokoss<\/li>\n<li>Jauktas ogas<span style=\"color: #ff0000;\"><strong>&gt;&gt;&gt;&gt; Lab\u0101kais!<\/strong><\/span><\/li>\n<li>Citronu piparm\u0113tra <span style=\"color: #ff0000;\"><strong>&gt;&gt;&gt;&gt; Karsts!<\/strong><\/span><\/li>\n<li>Apels\u012bnu sajaukums<\/li>\n<\/ol>\n<div class=\"flex-shrink-0 flex flex-col relative items-end\">\n<div class=\"pt-0\">\n<div class=\"gizmo-bot-avatar flex h-8 w-8 items-center justify-center overflow-hidden rounded-full\">\n<div class=\"relative p-1 rounded-sm flex items-center justify-center bg-token-main-surface-primary text-token-text-primary h-8 w-8\">\n<h3>Bie\u017e\u0101k uzdotie jaut\u0101jumi par Uwin Crystal 20000 Shisha Hookah atk\u0101rtoti uzl\u0101d\u0113jamu ier\u012bci<strong>\u00a0<\/strong>Vienreiz\u0113j\u0101s lieto\u0161anas iztvaic\u0113t\u0101js<\/h3>\n<h3><\/h3>\n<h4><strong>1. K\u0101p\u0113c izv\u0113l\u0113ties Uwin Shisha Hookah 20K?<\/strong><\/h4>\n<p>Ar <strong>20 000 uzp\u016btieniem<\/strong>, piel\u0101gojamiem nikot\u012bna l\u012bme\u0146iem un gludu, krist\u0101la dizainu, \u0161\u012b ier\u012bce ir gan praktiska, gan stil\u012bga.<\/p>\n<h4><strong>2. Vai \u0161is vape ir par draudz\u012bgu cenu?<\/strong><\/h4>\n<p>J\u0101! Tas ir pieejams par <strong>r\u016bpn\u012bcas zem\u0101m cen\u0101m<\/strong>, lieliski piem\u0113rots tiem, kuri mekl\u0113 <strong>l\u0113ti veipi<\/strong> nezaud\u0113jot kvalit\u0101ti.<\/p>\n<h4><strong>3. K\u0101das gar\u0161as ir pieejamas?<\/strong><\/h4>\n<p>Uwin Shisha Hookah 20K pied\u0101v\u0101 12 unik\u0101las gar\u0161as, piem\u0113ram <strong>Mango ledus<\/strong>, <strong>Persiku ledus<\/strong>, un <strong>Roz\u0101 limon\u0101de<\/strong>.<\/p>\n<h4><strong>4. Kam \u0161\u012b ier\u012bce ir ide\u0101li piem\u0113rota?<\/strong><\/h4>\n<p>T\u0101 ir lieliski piem\u0113rota visiem lietot\u0101jiem, s\u0101kot no ikdieni\u0161\u0137iem tvaic\u0113t\u0101jiem l\u012bdz pieredz\u0113ju\u0161iem entuziastiem, pateicoties t\u0101s lielajam dvesmu skaitam, pla\u0161am gar\u0161u kl\u0101stam un pieejamai cenai.<\/p>\n<h4><strong>5. Kur ieg\u0101d\u0101ties \u0161\u0101dus vienreizlietojamos veipus?<\/strong><\/h4>\n<p>Iep\u0113rcieties vietn\u0113 <strong><a href=\"https:\/\/vapestornado.com\/lv\/\" target=\"_new\" rel=\"noopener\">vapestornado tie\u0161saistes vape veikalu<\/a><\/strong>, viena no <strong>popul\u0101r\u0101kaj\u0101m vienreizlietojamo veipu vietn\u0113m<\/strong>, lai ieg\u016btu lab\u0101kos pied\u0101v\u0101jumus Uwin Shisha Hookah 20K.<\/p>\n<div class=\"flex max-w-full flex-col flex-grow\">\n<div class=\"min-h-8 text-message flex w-full flex-col items-end gap-2 whitespace-normal break-words text-start [.text-message+&amp;]:mt-5\" dir=\"auto\" data-message-author-role=\"assistant\" data-message-id=\"4dc48248-df95-45bd-b800-6dedb43cf7f1\" data-message-model-slug=\"gpt-4o\">\n<div class=\"flex w-full flex-col gap-1 empty:hidden first:pt-[3px]\"><\/div>\n<\/div>\n<\/div>\n<\/div>\n<\/div>\n<\/div>\n<\/div>\n<div class=\"flex-shrink-0 flex flex-col relative items-end\">\n<div class=\"pt-0\">\n<div class=\"gizmo-bot-avatar flex h-8 w-8 items-center justify-center overflow-hidden rounded-full\">\n<div class=\"relative p-1 rounded-sm flex items-center justify-center bg-token-main-surface-primary text-token-text-primary h-8 w-8\">\n<div class=\"mb-2 flex gap-3 empty:hidden -ml-2\">\n<div role=\"article\" data-tabster=\"{&quot;groupper&quot;:{&quot;tabbability&quot;:2},&quot;focusable&quot;:{}}\" data-content=\"ai-message\" aria-labelledby=\"Vdt5ez4X7Tg813x6rFVha-author Vdt5ez4X7Tg813x6rFVha-content\">\n<div id=\"Vdt5ez4X7Tg813x6rFVha-content\">\n<div role=\"article\" data-tabster=\"{&quot;groupper&quot;:{&quot;tabbability&quot;:2},&quot;focusable&quot;:{}}\" data-content=\"ai-message\" aria-labelledby=\"o968oC7CEo2fGHsGdsRYC-author o968oC7CEo2fGHsGdsRYC-content\">\n<div id=\"o968oC7CEo2fGHsGdsRYC-content\">\n<h3>K\u0101p\u0113c izv\u0113l\u0113ties vapestornado Uwin Crystal 20000 Shisha Hookah vienreiz\u0113j\u0101s lieto\u0161anas vape vairumtirdzniec\u012bbai?<\/h3>\n<div class=\"flex-shrink-0 flex flex-col relative items-end\">\n<div class=\"pt-0\">\n<div class=\"gizmo-bot-avatar flex h-8 w-8 items-center justify-center overflow-hidden rounded-full\">\n<div class=\"relative p-1 rounded-sm flex items-center justify-center bg-token-main-surface-primary text-token-text-primary h-8 w-8\">\n<p>Pieaugo\u0161aj\u0101 konkurenc\u0113 vienreizlietojamo veipu nozar\u0113 vapestornado ir vado\u0161\u0101 glob\u0101l\u0101 platforma vairumtirdzniec\u012bbas e-cigare\u0161u risin\u0101jumiem, ir ieviesusi revolucion\u0101ro Uwin Shisha Hookah Crystal 20000 Puffs vienreizlietojamo veipu. Ar savu uzkr\u012bto\u0161o krist\u0101la dizainu un daudzfunkcion\u0101laj\u0101m funkcij\u0101m \u0161is novatoriskais produkts nevainojami apvieno stilu ar funkcionalit\u0101ti. Pied\u0101v\u0101jot pla\u0161u aug\u013cu gar\u0161u izv\u0113li, t\u0101 m\u0113r\u0137is ir apmierin\u0101t da\u017e\u0101das veipot\u0101ju gaumes.<\/p>\n<p>vapestornado ir j\u016bsu uzticamais tie\u0161saistes veipu veikals augstas kvalit\u0101tes vienreizlietojamiem veipiem. Ar vair\u0101k nek\u0101 5 gadu pieredzi m\u0113s pied\u0101v\u0101jam jums popul\u0101rus vienreizlietojamo veipu z\u012bmolus, piem\u0113ram, Waspe Vape un WGA Vape, Fumot RandM Vape, Vozol Vape, Bang Vape utt.<\/p>\n<p>M\u016bsu kl\u0101st\u0101 ir iek\u013cauti popul\u0101r\u0101kie vienreiz\u0113j\u0101s lieto\u0161anas vape, piem\u0113ram, <a href=\"https:\/\/vapestornado.com\/lv\/product\/vapsolo-viking-12000-puffs-2-5-low-nicotine-bulk-buy-rechargeable-disposable-vapes-pen-wholesale-price\/\">VapSolo Viking 12000<\/a>, un bag\u0101t\u012bgas gar\u0161as izv\u0113les, piem\u0113ram, <a href=\"https:\/\/vapestornado.com\/lv\/product\/uwin-crystal-10000-puffs-wholesale-disposable-vape-puff-10k-low-nicotine-rechargeable-vapes-pen-bulk-buy-wholesalepuffs-disposable-vape-wholesale-price-copy\/\"> Uwin Crystal 10000 dvesmas<\/a> . Katrs produkts ir izv\u0113l\u0113ts, koncentr\u0113joties uz kvalit\u0101ti, v\u0113rt\u012bbu un daudzveid\u012bbu, nodro\u0161inot, ka j\u016bs atrad\u012bsiet perfektu atbilst\u012bbu sav\u0101m vajadz\u012bb\u0101m. Atkl\u0101jiet izcilu servisu un pla\u0161u popul\u0101r\u0101ko produktu kl\u0101stu par vairumtirdzniec\u012bbas cen\u0101m vietn\u0113 vapestornado.<\/p>\n<\/div>\n<p>&nbsp;<\/p>\n<p><strong>Citi karstie izp\u0101rdo\u0161anas vienreiz\u0113j\u0101s lieto\u0161anas veipi<\/strong><\/p>\n<p><a href=\"https:\/\/vapestornado.com\/lv\/product\/china-factory-vapsolo-super-15000-puffs-disposable-wholesale-price-disposable-vape-rechargeable-disposable-vapes-pen-bulk-buy-wholesale\/\">Vapsolo Super 15000 dvesmas <span style=\"color: #ff0000;\"><strong>&gt;&gt;&gt;&gt; Uz priek\u0161u!<\/strong><\/span><\/a><\/p>\n<p><a href=\"https:\/\/vapestornado.com\/lv\/product\/jnr-falcon-x-18000-puffs-disposable-vape-wholesale-price\/\">JNR Falcon X 18000 dvesmas<span style=\"color: #ff0000;\"><strong>&gt;&gt;&gt;&gt; Uz priek\u0161u!<\/strong><\/span><\/a><\/p>\n<p><a href=\"https:\/\/vapestornado.com\/lv\/product\/tornado-vape-uwin-35000-puff-35k-music-wholesale-price\/\">Tornado Vape Uwin 35000 <span style=\"color: #ff0000;\"><strong>&gt;&gt;&gt;&gt; Uz priek\u0161u!<\/strong><\/span><\/a><\/p>\n<\/div>\n<\/div>\n<\/div>\n<p>&nbsp;<\/p>\n<\/div>\n<\/div>\n<\/div>\n<\/div>\n<\/div>\n<\/div>\n<\/div>\n<\/div>\n<\/div>","protected":false},"excerpt":{"rendered":"<p>Lab\u0101kais Uwin \u0160i\u0161as \u016bdensp\u012bpe Crystal 20000 dvesmas vienreizlietojamais veips<br \/>\nUwin Crystal 20k dvesmu vienreizlietojamais \u0161i\u0161as \u016bdensp\u012bpe lielapjoma cena<br \/>\nUwin crystal 20000 dvesmu l\u0113ta cena vairumtirdzniec\u012bbas pieg\u0101d\u0101t\u0101js<\/p>\n<p><strong>Pievienojiet Eimijas whatsapp, lai sa\u0146emtu pareizu atbildi un iztvaic\u0113t\u0101ja kuponu!<\/strong><\/p>\n<p><img fetchpriority=\"high\" decoding=\"async\" class=\"size-full wp-image-2932\" src=\"https:\/\/vapestornado.com\/wp-content\/uploads\/2024\/12\/Vape-Wholesale.jpg\" alt=\"Veipu Vairumtirdzniec\u012bba\" width=\"229\" height=\"300\" \/><\/p>\n<h3><a href=\"https:\/\/wa.me\/8617776015835\"><span style=\"color: #ff0000;\"><strong>WhatsApp: +86 17776015835<\/strong><\/span><\/a><\/h3>\n<p>&nbsp;<\/p>","protected":false},"featured_media":3723,"comment_status":"open","ping_status":"closed","template":"","meta":{"_acf_changed":false,"_uag_custom_page_level_css":"","_lmt_disableupdate":"no","_lmt_disable":"","_monsterinsights_skip_tracking":false,"_monsterinsights_sitenote_active":false,"_monsterinsights_sitenote_note":"","_monsterinsights_sitenote_category":0,"site-sidebar-layout":"default","site-content-layout":"","ast-site-content-layout":"default","site-content-style":"default","site-sidebar-style":"default","ast-global-header-display":"","ast-banner-title-visibility":"","ast-main-header-display":"","ast-hfb-above-header-display":"","ast-hfb-below-header-display":"","ast-hfb-mobile-header-display":"","site-post-title":"","ast-breadcrumbs-content":"","ast-featured-img":"","footer-sml-layout":"","ast-disable-related-posts":"","theme-transparent-header-meta":"default","adv-header-id-meta":"","stick-header-meta":"","header-above-stick-meta":"","header-main-stick-meta":"","header-below-stick-meta":"","astra-migrate-meta-layouts":"set","ast-page-background-enabled":"default","ast-page-background-meta":{"desktop":{"background-color":"","background-image":"","background-repeat":"repeat","background-position":"center center","background-size":"auto","background-attachment":"scroll","background-type":"","background-media":"","overlay-type":"","overlay-color":"","overlay-opacity":"","overlay-gradient":""},"tablet":{"background-color":"","background-image":"","background-repeat":"repeat","background-position":"center center","background-size":"auto","background-attachment":"scroll","background-type":"","background-media":"","overlay-type":"","overlay-color":"","overlay-opacity":"","overlay-gradient":""},"mobile":{"background-color":"","background-image":"","background-repeat":"repeat","background-position":"center center","background-size":"auto","background-attachment":"scroll","background-type":"","background-media":"","overlay-type":"","overlay-color":"","overlay-opacity":"","overlay-gradient":""}},"ast-content-background-meta":{"desktop":{"background-color":"var(--ast-global-color-5)","background-image":"","background-repeat":"repeat","background-position":"center center","background-size":"auto","background-attachment":"scroll","background-type":"","background-media":"","overlay-type":"","overlay-color":"","overlay-opacity":"","overlay-gradient":""},"tablet":{"background-color":"var(--ast-global-color-5)","background-image":"","background-repeat":"repeat","background-position":"center center","background-size":"auto","background-attachment":"scroll","background-type":"","background-media":"","overlay-type":"","overlay-color":"","overlay-opacity":"","overlay-gradient":""},"mobile":{"background-color":"var(--ast-global-color-5)","background-image":"","background-repeat":"repeat","background-position":"center center","background-size":"auto","background-attachment":"scroll","background-type":"","background-media":"","overlay-type":"","overlay-color":"","overlay-opacity":"","overlay-gradient":""}},"_joinchat":{"telephone":"+8617776015835"}},"product_brand":[],"product_cat":[69,157,141,143,147,233],"product_tag":[165,120,97,166,94,232],"class_list":{"0":"post-3724","1":"product","2":"type-product","3":"status-publish","4":"has-post-thumbnail","6":"product_cat-20000-puff","7":"product_cat-buy-disposable-vapes-in-portugal","8":"product_cat-crystal-disposable-vapes","9":"product_cat-dual-mesh-disposable-vapes","10":"product_cat-shisha-hookah-disposable-vapes","11":"product_cat-uwin-vape","12":"product_tag-cheap-vapes","13":"product_tag-crystal-vape","14":"product_tag-hot-sale-disposable-vape","15":"product_tag-low-nicotine-vape","16":"product_tag-rechargeable-disposable-vape","17":"product_tag-uwin-crystal-20000","18":"desktop-align-left","19":"tablet-align-left","20":"mobile-align-left","22":"first","23":"instock","24":"sale","25":"shipping-taxable","26":"purchasable","27":"product-type-simple"},"acf":[],"uagb_featured_image_src":{"full":["https:\/\/vapestornado.com\/wp-content\/uploads\/2025\/01\/Uwin-Shisha-Hookah-Crystal-20000-Puffs-Disposable-Vape.webp",800,800,false],"thumbnail":["https:\/\/vapestornado.com\/wp-content\/uploads\/2025\/01\/Uwin-Shisha-Hookah-Crystal-20000-Puffs-Disposable-Vape-150x150.webp",150,150,true],"medium":["https:\/\/vapestornado.com\/wp-content\/uploads\/2025\/01\/Uwin-Shisha-Hookah-Crystal-20000-Puffs-Disposable-Vape-300x300.webp",300,300,true],"medium_large":["https:\/\/vapestornado.com\/wp-content\/uploads\/2025\/01\/Uwin-Shisha-Hookah-Crystal-20000-Puffs-Disposable-Vape-768x768.webp",768,768,true],"large":["https:\/\/vapestornado.com\/wp-content\/uploads\/2025\/01\/Uwin-Shisha-Hookah-Crystal-20000-Puffs-Disposable-Vape.webp",800,800,false],"1536x1536":["https:\/\/vapestornado.com\/wp-content\/uploads\/2025\/01\/Uwin-Shisha-Hookah-Crystal-20000-Puffs-Disposable-Vape.webp",800,800,false],"2048x2048":["https:\/\/vapestornado.com\/wp-content\/uploads\/2025\/01\/Uwin-Shisha-Hookah-Crystal-20000-Puffs-Disposable-Vape.webp",800,800,false],"trp-custom-language-flag":["https:\/\/vapestornado.com\/wp-content\/uploads\/2025\/01\/Uwin-Shisha-Hookah-Crystal-20000-Puffs-Disposable-Vape.webp",12,12,false],"woocommerce_thumbnail":["https:\/\/vapestornado.com\/wp-content\/uploads\/2025\/01\/Uwin-Shisha-Hookah-Crystal-20000-Puffs-Disposable-Vape-300x300.webp",300,300,true],"woocommerce_single":["https:\/\/vapestornado.com\/wp-content\/uploads\/2025\/01\/Uwin-Shisha-Hookah-Crystal-20000-Puffs-Disposable-Vape-600x600.webp",600,600,true],"woocommerce_gallery_thumbnail":["https:\/\/vapestornado.com\/wp-content\/uploads\/2025\/01\/Uwin-Shisha-Hookah-Crystal-20000-Puffs-Disposable-Vape-100x100.webp",100,100,true]},"uagb_author_info":{"display_name":"ESAMY","author_link":"https:\/\/vapestornado.com\/lv\/author\/"},"uagb_comment_info":0,"uagb_excerpt":"Best Uwin Shisha Hookah Crystal 20000 Puffs Disposable Vape Uwin Crystal 20k Puff Disoisable Shisha Hookah Bulk Price Uwin crystal 20000 Puffs Cheap Price Wholesale Supplier Add Amy's whatsapp get right reply and vape coupon! WhatsApp: +86 17776015835 &nbsp;","_links":{"self":[{"href":"https:\/\/vapestornado.com\/lv\/wp-json\/wp\/v2\/product\/3724","targetHints":{"allow":["GET"]}}],"collection":[{"href":"https:\/\/vapestornado.com\/lv\/wp-json\/wp\/v2\/product"}],"about":[{"href":"https:\/\/vapestornado.com\/lv\/wp-json\/wp\/v2\/types\/product"}],"replies":[{"embeddable":true,"href":"https:\/\/vapestornado.com\/lv\/wp-json\/wp\/v2\/comments?post=3724"}],"wp:featuredmedia":[{"embeddable":true,"href":"https:\/\/vapestornado.com\/lv\/wp-json\/wp\/v2\/media\/3723"}],"wp:attachment":[{"href":"https:\/\/vapestornado.com\/lv\/wp-json\/wp\/v2\/media?parent=3724"}],"wp:term":[{"taxonomy":"product_brand","embeddable":true,"href":"https:\/\/vapestornado.com\/lv\/wp-json\/wp\/v2\/product_brand?post=3724"},{"taxonomy":"product_cat","embeddable":true,"href":"https:\/\/vapestornado.com\/lv\/wp-json\/wp\/v2\/product_cat?post=3724"},{"taxonomy":"product_tag","embeddable":true,"href":"https:\/\/vapestornado.com\/lv\/wp-json\/wp\/v2\/product_tag?post=3724"}],"curies":[{"name":"wp","href":"https:\/\/api.w.org\/{rel}","templated":true}]}}