{"id":3716,"date":"2025-01-08T09:49:40","date_gmt":"2025-01-08T09:49:40","guid":{"rendered":"https:\/\/vapestornado.com\/?post_type=product&#038;p=3716"},"modified":"2025-08-23T09:33:37","modified_gmt":"2025-08-23T09:33:37","slug":"bood-twins-46000-puff-display-disposable-vape-cheap-price","status":"publish","type":"product","link":"https:\/\/vapestornado.com\/lv\/product\/bood-twins-46000-puff-display-disposable-vape-cheap-price\/","title":{"rendered":"Bood Twins 46000 Dvesmu Displejs Vienreizlietojama Tvaic\u0113t\u0101ja Zema Cena"},"content":{"rendered":"<h1>Bood Twins 46000 Dvesmu Displejs Vienreizlietojama Tvaic\u0113t\u0101ja Zema Cena<\/h1>\n<p>&nbsp;<\/p>\n<div role=\"article\" data-tabster=\"{&quot;groupper&quot;:{&quot;tabbability&quot;:2},&quot;focusable&quot;:{}}\" data-content=\"ai-message\" aria-labelledby=\"64JRvXrTnY7mRmPkEQLLT-author 64JRvXrTnY7mRmPkEQLLT-content\">\n<div id=\"64JRvXrTnY7mRmPkEQLLT-content\">\n<p>T\u0101 <strong data-start=\"341\" data-end=\"383\">Bood Twins 46000 uzp\u016btienu vienreiz\u0113j\u0101s lieto\u0161anas vape<\/strong> ir izveidots, lai nodro\u0161in\u0101tu ietilp\u012bbu, veiktsp\u0113ju un daudzpus\u012bbu. Ar l\u012bdz pat <strong data-start=\"448\" data-end=\"464\">46 000 uzp\u016btienu<\/strong> un <strong data-start=\"471\" data-end=\"493\">divu gar\u0161u sist\u0113ma<\/strong>, tas \u013cauj lietot\u0101jiem p\u0101rsl\u0113gties starp diviem mais\u012bjumiem vien\u0101 ier\u012bc\u0113, nodro\u0161inot daudzveid\u012bbu un ilgsto\u0161u baud\u012bjumu<\/p>\n<p>Apr\u012bkots ar <strong>modern\u0101 t\u012bkla spir\u0101le<\/strong>, Bood Twins nodro\u0161ina konsekventu, maigu un gar\u0161\u012bgu tvaiku ar katru uzvilkumu. T\u0101 <strong>stil\u012bgais pilnekr\u0101na displejs<\/strong> pie\u0161\u0137ir izsmalcin\u0101t\u012bbu un sniedz svar\u012bgu inform\u0101ciju par lieto\u0161anu, padarot to ide\u0101li piem\u0113rotu stilu apzino\u0161iem veipot\u0101jiem. Uzl\u0101d\u0113jamais akumulators nodro\u0161ina, ka ier\u012bce var nodro\u0161in\u0101t savu pilno uzvilkumu skaitu bez kompromisiem, nov\u0113r\u0161ot nepiecie\u0161am\u012bbu p\u0113c bie\u017eas nomai\u0146as.<\/p>\n<p>\u0160is augst\u0101k\u0101s klases vienreizlietojamais veips ir ide\u0101li piem\u0113rots vairumtirdzniec\u012bbas pirc\u0113jiem, kas v\u0113las saviem klientiem pied\u0101v\u0101t jaun\u0101kos produktus. <strong>Bood Twins 46000 uzvilkumu veips <\/strong>apvieno inovat\u012bvas tehnolo\u0123ijas, elegantu dizainu un nep\u0101rsp\u0113jamu veiktsp\u0113ju, padarot to par piepras\u012btu izv\u0113li veipo\u0161anas nozar\u0113. Lai ieg\u016btu lab\u0101kos vairumtirdzniec\u012bbas pied\u0101v\u0101jumus Bood Twins 46000 Puffs, apmekl\u0113jiet vapestornado<strong>.com<\/strong> un papildiniet savu veipo\u0161anas invent\u0101ru jau \u0161odien!<\/p>\n<\/div>\n<\/div>\n<p><img fetchpriority=\"high\" decoding=\"async\" class=\"alignleft wp-image-2951 size-medium\" src=\"https:\/\/vapestornado.com\/wp-content\/uploads\/2024\/12\/Wholesale-Disposable-Vape-265x300.jpg\" alt=\"Vienreiz\u0113j\u0101s lieto\u0161anas Vape vairumtirdzniec\u012bba\" width=\"265\" height=\"300\" srcset=\"https:\/\/vapestornado.com\/wp-content\/uploads\/2024\/12\/Wholesale-Disposable-Vape-265x300.jpg 265w, https:\/\/vapestornado.com\/wp-content\/uploads\/2024\/12\/Wholesale-Disposable-Vape-768x871.jpg 768w, https:\/\/vapestornado.com\/wp-content\/uploads\/2024\/12\/Wholesale-Disposable-Vape-600x680.jpg 600w, https:\/\/vapestornado.com\/wp-content\/uploads\/2024\/12\/Wholesale-Disposable-Vape.jpg 823w\" sizes=\"(max-width: 265px) 100vw, 265px\" \/><\/p>\n<h5>L\u016bdzu, sazinieties ar Mandiju WhatsApp, lai sa\u0146emtu atlaides cenu<a href=\"https:\/\/wa.me\/8618077105796\" target=\"_blank\" rel=\"noopener\">+8618077105796<\/a><\/h5>\n<div class=\"flex max-w-full flex-col flex-grow\">\n<div class=\"min-h-8 text-message flex w-full flex-col items-end gap-2 whitespace-normal break-words text-start [.text-message+&amp;]:mt-5\" dir=\"auto\" data-message-author-role=\"assistant\" data-message-id=\"cdb991c0-f594-4bff-b2d5-fbbdd7ce9e54\" data-message-model-slug=\"gpt-4o-mini\">\n<div class=\"flex w-full flex-col gap-1 empty:hidden first:pt-[3px]\">\n<div class=\"markdown prose w-full break-words dark:prose-invert light\"><\/div>\n<\/div>\n<\/div>\n<\/div>\n<div class=\"mb-2 flex gap-3 empty:hidden -ml-2\">\n<h2 class=\"sr-proMainInfo-baseInfoH1 J-baseInfo-name\">Vairumtirdzniec\u012bbas Vape Bood Twins 46000 Puff galven\u0101s iez\u012bmes:<\/h2>\n<ul>\n<li><strong>Milz\u012bgs uzvilkumu skaits<\/strong>: Izbaudiet l\u012bdz 46 000 uzvilkumu, kas ir ide\u0101li piem\u0113rots ilgsto\u0161ai lieto\u0161anai.<\/li>\n<li><strong>Divas gar\u0161as<\/strong>: Inovat\u012bvs divu gar\u0161u dizains vien\u0101 ier\u012bc\u0113 daudzpus\u012bgai tvaic\u0113\u0161anas pieredzei.<\/li>\n<li><strong>Acs spoles tehnolo\u0123ija<\/strong>: Nodro\u0161ina vienm\u0113r\u012bgu, konsekventu tvaika ra\u017eo\u0161anu ar uzlabotu gar\u0161u pieg\u0101di.<\/li>\n<li><strong>Pilnekr\u0101na displejs<\/strong>: Gluds un moderns dizains ar viegli las\u0101mu ekr\u0101nu, kur\u0101 redzama svar\u012bga inform\u0101cija.<\/li>\n<li><strong>Vairumtirdzniec\u012bbas priek\u0161roc\u012bbas<\/strong>: Ide\u0101li piem\u0113rots lielapjoma pirkumiem, lai efekt\u012bvi apmierin\u0101tu klientu pras\u012bbas.<\/li>\n<\/ul>\n<\/div>\n<h2 class=\"sr-proMainInfo-baseInfoH1 J-baseInfo-name\">Bood Twins 46000Puff gar\u0161a:<\/h2>\n<p>1. Arb\u016bzs<br \/>\n2. \u0100bols<br \/>\n3. Laims<br \/>\n4. Za\u013cais \u0101bols<br \/>\n5. Melle\u0146u sk\u0101ben\u0101 ave\u0146u<br \/>\n6. Upe\u0146u ave\u0146u<br \/>\n7. Persiku mango<br \/>\n8. V\u012bnogu<br \/>\n9. Roz\u0101 limon\u0101de<br \/>\n10. Za\u013co v\u012bnogu<\/p>\n<div role=\"article\" data-tabster=\"{&quot;groupper&quot;:{&quot;tabbability&quot;:2},&quot;focusable&quot;:{}}\" data-content=\"ai-message\" aria-labelledby=\"dARUyEWDoEYhnSPXFwx5A-author dARUyEWDoEYhnSPXFwx5A-content\">\n<div id=\"dARUyEWDoEYhnSPXFwx5A-content\">\n<h2><strong>K\u0101p\u0113c pirkt <\/strong>Bood Twins 46000puff tvaic\u0113t\u0101js <strong>no vapestornado?<\/strong><\/h2>\n<ul>\n<li><strong>Nep\u0101rsp\u0113jama kvalit\u0101te<\/strong>: Uz\u0146\u0113mum\u0101 vapestornado m\u0113s nodro\u0161in\u0101m, ka katrs Bood Twins 46000 Puff vienreiz\u0113j\u0101s lieto\u0161anas tvaic\u0113t\u0101js atbilst augst\u0101kajiem kvalit\u0101tes standartiem, nodro\u0161inot augst\u0101k\u0101s klases tvaic\u0113\u0161anas pieredzi ar div\u0101m gar\u0161\u0101m un progres\u012bvu t\u012bkla spoles tehnolo\u0123iju.<\/li>\n<li><strong>Konkur\u0113tsp\u0113j\u012bgas cenas<\/strong>: Izbaudiet ekskluz\u012bvas vairumtirdzniec\u012bbas cenas lielapjoma pas\u016bt\u012bjumiem, padarot vapestornado par ide\u0101lu izv\u0113li mazumtirgot\u0101jiem un tvaic\u0113\u0161anas entuziastiem.<\/li>\n<li><strong>Glob\u0101la pieg\u0101de<\/strong>: vapestornado pied\u0101v\u0101 uzticamu un efekt\u012bvu starptautisku pieg\u0101di vis\u0101 Eirop\u0101, nodro\u0161inot savlaic\u012bgu j\u016bsu iecien\u012bt\u0101ko produktu pieg\u0101di.<\/li>\n<li><strong>Autentiskums garant\u0113ts<\/strong>: Visi vapestornado p\u0101rdotie produkti ir 100% autentiski un kvalit\u0101te ir p\u0101rbaud\u012bta, sniedzot jums sirdsmieru ar katru pirkumu.<\/li>\n<li><strong>\u012apa\u0161a klientu atbalsta komanda<\/strong>: M\u016bsu zino\u0161\u0101 un draudz\u012bg\u0101 atbalsta komanda ir pieejama, lai pal\u012bdz\u0113tu jums ar jebkuriem jaut\u0101jumiem, nodro\u0161inot vienm\u0113r\u012bgu un apmierino\u0161u iepirk\u0161an\u0101s pieredzi.<\/li>\n<\/ul>\n<\/div>\n<\/div>\n<h2>Bie\u017ei uzdotie jaut\u0101jumi par Bood Twins 46000 uzp\u016btienu vairumtirdzniec\u012bbas vienreiz\u0113j\u0101s lieto\u0161anas tvaic\u0113t\u0101jiem EUR<\/h2>\n<ul>\n<li><strong>Kas ir Bood Twins 46000 Puffs vienreiz\u0113j\u0101s lieto\u0161anas tvaic\u0113t\u0101js?<\/strong><br \/>\nBood Twins 46000 Puffs ir augst\u0101k\u0101s kvalit\u0101tes vienreiz\u0113j\u0101s lieto\u0161anas vape, kas nodro\u0161ina neticami 46 000 uzp\u016btienu, divas gar\u0161as vien\u0101 ier\u012bc\u0113, sieta spoli izcil\u0101kai gar\u0161ai un gludu, pilnekr\u0101na displeju.<\/li>\n<li><strong>Cik maks\u0101 Bood Twins 46000 Puffs vairumtirdzniec\u012bba EUR?<\/strong><br \/>\nCenu noteik\u0161ana vairumtirdzniec\u012bbas pas\u016bt\u012bjumiem ir atkar\u012bga no ieg\u0101d\u0101t\u0101 daudzuma. vapestornado pied\u0101v\u0101 konkur\u0113tsp\u0113j\u012bgas vairumtirdzniec\u012bbas cenas EUR, lai nodro\u0161in\u0101tu lab\u0101ko v\u0113rt\u012bbu mazumtirgot\u0101jiem un vairumtirdzniec\u012bbas pirc\u0113jiem.<\/li>\n<li><strong>Vai varu maks\u0101t par vairumtirdzniec\u012bbas pas\u016bt\u012bjumiem EUR?<\/strong><br \/>\nJ\u0101, vapestornado pie\u0146em maks\u0101jumus EUR par vairumtirdzniec\u012bbas pirkumiem, padarot to \u0113rtu Eiropas klientiem.<\/li>\n<li><strong>K\u0101das ir priek\u0161roc\u012bbas, ieg\u0101d\u0101joties bood vape 46k puffs vape kastes vairum\u0101?<\/strong><br \/>\nVairumtirdzniec\u012bba nodro\u0161ina iev\u0113rojamus izmaksu ietaup\u012bjumus, past\u0101v\u012bgu produktu pieejam\u012bbu un lab\u0101kas pe\u013c\u0146as normas uz\u0146\u0113mumiem.<\/li>\n<li><strong>Vai vapestornado pieg\u0101d\u0101 uz Eiropas valst\u012bm?<\/strong><br \/>\nProtams! vapestornado nodro\u0161ina \u0101tru un uzticamu pieg\u0101di vis\u0101 Eirop\u0101, tostarp uz V\u0101ciju, Franciju, Sp\u0101niju un N\u012bderlandi.<\/li>\n<li><strong>Vai ir pieejamas atlaides lieliem pas\u016bt\u012bjumiem?<\/strong><br \/>\nJ\u0101, Vapestornado pied\u0101v\u0101 l\u012bme\u0146otu cenu noteik\u0161anu un atlaides liel\u0101kiem daudzumiem, nodro\u0161inot maksim\u0101lus ietaup\u012bjumus vairumtirdzniec\u012bbas pirc\u0113jiem.<\/li>\n<li><strong>K\u0101ds ir minim\u0101lais pas\u016bt\u012bjuma daudzums vairumtirdzniec\u012bbai?<\/strong><br \/>\nMinim\u0101lais pas\u016bt\u012bjuma daudzums ir 50 gab. Lai ieg\u016btu s\u012bk\u0101ku inform\u0101ciju par vairumtirdzniec\u012bbas iepirkumu pras\u012bb\u0101m, sazinieties ar Vapestornado klientu atbalsta komandu.<\/li>\n<\/ul>","protected":false},"excerpt":{"rendered":"<p><strong>Bood Twins 46000 Puffs LED displeja vienreizlietojamais veips<\/strong> par nep\u0101rsp\u0113jam\u0101m cen\u0101m. Izbaudiet divas gar\u0161as, stil\u012bgu pilnekr\u0101na displeju un modernu t\u012bkla spir\u0101les tehnolo\u0123iju, kas nodro\u0161ina augst\u0101k\u0101s klases veipo\u0161anas pieredzi.<\/p>\n<figure id=\"attachment_2951\" aria-describedby=\"caption-attachment-2951\" style=\"width: 265px\" class=\"wp-caption alignnone\"><img decoding=\"async\" class=\"size-medium wp-image-2951\" src=\"https:\/\/vapestornado.com\/wp-content\/uploads\/2024\/12\/Wholesale-Disposable-Vape-265x300.jpg\" alt=\"Vienreiz\u0113j\u0101s lieto\u0161anas Vape vairumtirdzniec\u012bba\" width=\"265\" height=\"300\" srcset=\"https:\/\/vapestornado.com\/wp-content\/uploads\/2024\/12\/Wholesale-Disposable-Vape-265x300.jpg 265w, https:\/\/vapestornado.com\/wp-content\/uploads\/2024\/12\/Wholesale-Disposable-Vape-768x871.jpg 768w, https:\/\/vapestornado.com\/wp-content\/uploads\/2024\/12\/Wholesale-Disposable-Vape-600x680.jpg 600w, https:\/\/vapestornado.com\/wp-content\/uploads\/2024\/12\/Wholesale-Disposable-Vape.jpg 823w\" sizes=\"(max-width: 265px) 100vw, 265px\" \/><figcaption id=\"caption-attachment-2951\" class=\"wp-caption-text\">L\u016bdzu, sazinieties ar Mandiju WhatsApp, lai sa\u0146emtu atlaides cenu\u00a0 <a href=\"https:\/\/wa.me\/8618077105796\">+8618077105796<\/a><\/figcaption><\/figure>\n<p>&nbsp;<\/p>","protected":false},"featured_media":3713,"comment_status":"open","ping_status":"closed","template":"","meta":{"_acf_changed":false,"_uag_custom_page_level_css":"","_lmt_disableupdate":"no","_lmt_disable":"","_monsterinsights_skip_tracking":false,"_monsterinsights_sitenote_active":false,"_monsterinsights_sitenote_note":"","_monsterinsights_sitenote_category":0,"site-sidebar-layout":"default","site-content-layout":"","ast-site-content-layout":"default","site-content-style":"default","site-sidebar-style":"default","ast-global-header-display":"","ast-banner-title-visibility":"","ast-main-header-display":"","ast-hfb-above-header-display":"","ast-hfb-below-header-display":"","ast-hfb-mobile-header-display":"","site-post-title":"","ast-breadcrumbs-content":"","ast-featured-img":"","footer-sml-layout":"","ast-disable-related-posts":"","theme-transparent-header-meta":"default","adv-header-id-meta":"","stick-header-meta":"","header-above-stick-meta":"","header-main-stick-meta":"","header-below-stick-meta":"","astra-migrate-meta-layouts":"set","ast-page-background-enabled":"default","ast-page-background-meta":{"desktop":{"background-color":"","background-image":"","background-repeat":"repeat","background-position":"center center","background-size":"auto","background-attachment":"scroll","background-type":"","background-media":"","overlay-type":"","overlay-color":"","overlay-opacity":"","overlay-gradient":""},"tablet":{"background-color":"","background-image":"","background-repeat":"repeat","background-position":"center center","background-size":"auto","background-attachment":"scroll","background-type":"","background-media":"","overlay-type":"","overlay-color":"","overlay-opacity":"","overlay-gradient":""},"mobile":{"background-color":"","background-image":"","background-repeat":"repeat","background-position":"center center","background-size":"auto","background-attachment":"scroll","background-type":"","background-media":"","overlay-type":"","overlay-color":"","overlay-opacity":"","overlay-gradient":""}},"ast-content-background-meta":{"desktop":{"background-color":"var(--ast-global-color-5)","background-image":"","background-repeat":"repeat","background-position":"center center","background-size":"auto","background-attachment":"scroll","background-type":"","background-media":"","overlay-type":"","overlay-color":"","overlay-opacity":"","overlay-gradient":""},"tablet":{"background-color":"var(--ast-global-color-5)","background-image":"","background-repeat":"repeat","background-position":"center center","background-size":"auto","background-attachment":"scroll","background-type":"","background-media":"","overlay-type":"","overlay-color":"","overlay-opacity":"","overlay-gradient":""},"mobile":{"background-color":"var(--ast-global-color-5)","background-image":"","background-repeat":"repeat","background-position":"center center","background-size":"auto","background-attachment":"scroll","background-type":"","background-media":"","overlay-type":"","overlay-color":"","overlay-opacity":"","overlay-gradient":""}},"_joinchat":{"telephone":"+8618077105796"}},"product_brand":[],"product_cat":[230,193,149,160,146],"product_tag":[231,97,98],"class_list":{"0":"post-3716","1":"product","2":"type-product","3":"status-publish","4":"has-post-thumbnail","6":"product_cat-46000-puff","7":"product_cat-bood-disposable-vapes","8":"product_cat-buy-disposable-vapes-in-austria","9":"product_cat-buy-disposable-vapes-in-switzerland","10":"product_cat-rechargeable-disposable-vapes","11":"product_tag-bood-twins-46000-puff","12":"product_tag-hot-sale-disposable-vape","13":"product_tag-wholesale-price-disposable-vape","14":"desktop-align-left","15":"tablet-align-left","16":"mobile-align-left","18":"first","19":"instock","20":"sale","21":"shipping-taxable","22":"purchasable","23":"product-type-simple"},"acf":[],"uagb_featured_image_src":{"full":["https:\/\/vapestornado.com\/wp-content\/uploads\/2025\/01\/Bood-Twins-46000-Puffs-Top-Sale-Vape-In-Poland.webp",800,800,false],"thumbnail":["https:\/\/vapestornado.com\/wp-content\/uploads\/2025\/01\/Bood-Twins-46000-Puffs-Top-Sale-Vape-In-Poland-150x150.webp",150,150,true],"medium":["https:\/\/vapestornado.com\/wp-content\/uploads\/2025\/01\/Bood-Twins-46000-Puffs-Top-Sale-Vape-In-Poland-300x300.webp",300,300,true],"medium_large":["https:\/\/vapestornado.com\/wp-content\/uploads\/2025\/01\/Bood-Twins-46000-Puffs-Top-Sale-Vape-In-Poland-768x768.webp",768,768,true],"large":["https:\/\/vapestornado.com\/wp-content\/uploads\/2025\/01\/Bood-Twins-46000-Puffs-Top-Sale-Vape-In-Poland.webp",800,800,false],"1536x1536":["https:\/\/vapestornado.com\/wp-content\/uploads\/2025\/01\/Bood-Twins-46000-Puffs-Top-Sale-Vape-In-Poland.webp",800,800,false],"2048x2048":["https:\/\/vapestornado.com\/wp-content\/uploads\/2025\/01\/Bood-Twins-46000-Puffs-Top-Sale-Vape-In-Poland.webp",800,800,false],"trp-custom-language-flag":["https:\/\/vapestornado.com\/wp-content\/uploads\/2025\/01\/Bood-Twins-46000-Puffs-Top-Sale-Vape-In-Poland.webp",12,12,false],"woocommerce_thumbnail":["https:\/\/vapestornado.com\/wp-content\/uploads\/2025\/01\/Bood-Twins-46000-Puffs-Top-Sale-Vape-In-Poland-300x300.webp",300,300,true],"woocommerce_single":["https:\/\/vapestornado.com\/wp-content\/uploads\/2025\/01\/Bood-Twins-46000-Puffs-Top-Sale-Vape-In-Poland-600x600.webp",600,600,true],"woocommerce_gallery_thumbnail":["https:\/\/vapestornado.com\/wp-content\/uploads\/2025\/01\/Bood-Twins-46000-Puffs-Top-Sale-Vape-In-Poland-100x100.webp",100,100,true]},"uagb_author_info":{"display_name":"ESMANDY","author_link":"https:\/\/vapestornado.com\/lv\/author\/"},"uagb_comment_info":0,"uagb_excerpt":"Bood Twins 46000 Puffs LED Display Disposable Vape at unbeatable prices. Enjoy dual flavors, a sleek full-screen display, and advanced mesh coil technology for a premium vaping experience. [caption id=\"attachment_2951\" align=\"alignnone\" width=\"265\"] Pls Contact Mandy's WhatsApp For Discount Price\u00a0 +8618077105796[\/caption] &nbsp;","_links":{"self":[{"href":"https:\/\/vapestornado.com\/lv\/wp-json\/wp\/v2\/product\/3716","targetHints":{"allow":["GET"]}}],"collection":[{"href":"https:\/\/vapestornado.com\/lv\/wp-json\/wp\/v2\/product"}],"about":[{"href":"https:\/\/vapestornado.com\/lv\/wp-json\/wp\/v2\/types\/product"}],"replies":[{"embeddable":true,"href":"https:\/\/vapestornado.com\/lv\/wp-json\/wp\/v2\/comments?post=3716"}],"wp:featuredmedia":[{"embeddable":true,"href":"https:\/\/vapestornado.com\/lv\/wp-json\/wp\/v2\/media\/3713"}],"wp:attachment":[{"href":"https:\/\/vapestornado.com\/lv\/wp-json\/wp\/v2\/media?parent=3716"}],"wp:term":[{"taxonomy":"product_brand","embeddable":true,"href":"https:\/\/vapestornado.com\/lv\/wp-json\/wp\/v2\/product_brand?post=3716"},{"taxonomy":"product_cat","embeddable":true,"href":"https:\/\/vapestornado.com\/lv\/wp-json\/wp\/v2\/product_cat?post=3716"},{"taxonomy":"product_tag","embeddable":true,"href":"https:\/\/vapestornado.com\/lv\/wp-json\/wp\/v2\/product_tag?post=3716"}],"curies":[{"name":"wp","href":"https:\/\/api.w.org\/{rel}","templated":true}]}}