{"id":3700,"date":"2025-01-07T09:47:56","date_gmt":"2025-01-07T09:47:56","guid":{"rendered":"https:\/\/vapestornado.com\/?post_type=product&#038;p=3700"},"modified":"2025-08-23T09:34:23","modified_gmt":"2025-08-23T09:34:23","slug":"wholesale-price-bang-king-35000-puffs-tornado-vape","status":"publish","type":"product","link":"https:\/\/vapestornado.com\/lv\/product\/wholesale-price-bang-king-35000-puffs-tornado-vape\/","title":{"rendered":"Bang King 35000 dvesienu Tornado Vape vairumtirdzniec\u012bbas cena"},"content":{"rendered":"<h1>Bang King 35000 dvesienu Tornado Vape vairumtirdzniec\u012bbas cena<\/h1>\n<p>&nbsp;<\/p>\n<div role=\"article\" data-tabster=\"{&quot;groupper&quot;:{&quot;tabbability&quot;:2},&quot;focusable&quot;:{}}\" data-content=\"ai-message\" aria-labelledby=\"64JRvXrTnY7mRmPkEQLLT-author 64JRvXrTnY7mRmPkEQLLT-content\">\n<div id=\"64JRvXrTnY7mRmPkEQLLT-content\">\n<p data-start=\"302\" data-end=\"548\">T\u0101 <strong data-start=\"306\" data-end=\"347\">Bang King 35000 Puffs vienreiz\u0113j\u0101s lieto\u0161anas Vape<\/strong> nodro\u0161ina jaudu, veiktsp\u0113ju un vienm\u0113r\u012bgu gar\u0161u vien\u0101 ier\u012bc\u0113. Ar l\u012bdz pat <strong data-start=\"424\" data-end=\"440\">35 000 dvesieniem<\/strong> un <strong data-start=\"447\" data-end=\"480\">23 ml iepriek\u0161 uzpild\u012btu e-\u0161\u0137idruma tvertni<\/strong>, tas nodro\u0161ina ilgsto\u0161u lieto\u0161anu, vienlaikus saglab\u0101jot nemain\u012bgu gar\u0161u.<\/p>\n<p data-start=\"550\" data-end=\"829\">Apr\u012bkots ar <strong data-start=\"566\" data-end=\"584\">0,6 \u03a9 acs spole<\/strong>, Bang King 35K nodro\u0161ina bag\u0101t\u012bgu tvaiku un vienm\u0113r\u012bgu gaisa pl\u016bsmu. A <strong data-start=\"645\" data-end=\"677\">1000mAh uzl\u0101d\u0113jams akumulators<\/strong> ar <strong data-start=\"683\" data-end=\"707\">C tipa \u0101tr\u0101 uzl\u0101de<\/strong> atbalsta nep\u0101rtrauktas sesijas, savuk\u0101rt <strong data-start=\"747\" data-end=\"775\">0%, 2%, 3%, 5%<\/strong> nov\u0113r\u0161 sausus tr\u0101p\u012bjumus, lai nodro\u0161in\u0101tu uzticamu tvaic\u0113\u0161anas pieredzi.<\/p>\n<p data-start=\"831\" data-end=\"1092\">Pieejams <strong data-start=\"844\" data-end=\"885\">0%, 2%, 3% un 5% nikot\u012bna stiprumos<\/strong>, tas ir piem\u0113rots gan viegliem, gan smagiem lietot\u0101jiem. Iepakots <strong data-start=\"933\" data-end=\"972\">aizsardz\u012bba pret sausu deg\u0161anu<\/strong>, Bang King 35000 ir ide\u0101li piem\u0113rots vairumtirdzniec\u012bbai un vairumtirgot\u0101jiem, kuri mekl\u0113 augsta piepras\u012bjuma <strong data-start=\"1068\" data-end=\"1089\">35 000 uzp\u016btienu tvaic\u0113t\u0101js<\/strong><\/p>\n<p>, Bang King 35k ir ide\u0101li piem\u0113rots gan person\u012bgai lieto\u0161anai, gan vairumtirdzniec\u012bbas izplat\u012b\u0161anai. T\u0101 gludais dizains, izcil\u0101 tehnolo\u0123ija un vairumtirdzniec\u012bbas iepakojums padara to par lab\u0101ko izv\u0113li tiem, kas mekl\u0113 <strong>Vapebulkp.com<\/strong> lai izbaud\u012btu Bang King 35 000 Puffs nep\u0101rsp\u0113jamo veiktsp\u0113ju un kvalit\u0101ti.<\/p>\n<\/div>\n<\/div>\n<p><img fetchpriority=\"high\" decoding=\"async\" class=\"alignleft wp-image-2951 size-medium\" src=\"https:\/\/vapestornado.com\/wp-content\/uploads\/2024\/12\/Wholesale-Disposable-Vape-265x300.jpg\" alt=\"Vienreiz\u0113j\u0101s lieto\u0161anas Vape vairumtirdzniec\u012bba\" width=\"265\" height=\"300\" srcset=\"https:\/\/vapestornado.com\/wp-content\/uploads\/2024\/12\/Wholesale-Disposable-Vape-265x300.jpg 265w, https:\/\/vapestornado.com\/wp-content\/uploads\/2024\/12\/Wholesale-Disposable-Vape-768x871.jpg 768w, https:\/\/vapestornado.com\/wp-content\/uploads\/2024\/12\/Wholesale-Disposable-Vape-600x680.jpg 600w, https:\/\/vapestornado.com\/wp-content\/uploads\/2024\/12\/Wholesale-Disposable-Vape.jpg 823w\" sizes=\"(max-width: 265px) 100vw, 265px\" \/><\/p>\n<h5>L\u016bdzu, sazinieties ar Mandiju WhatsApp, lai sa\u0146emtu atlaides cenu<a href=\"https:\/\/wa.me\/8618077105796\" target=\"_blank\" rel=\"noopener\">+8618077105796<\/a><\/h5>\n<div class=\"flex max-w-full flex-col flex-grow\">\n<div class=\"min-h-8 text-message flex w-full flex-col items-end gap-2 whitespace-normal break-words text-start [.text-message+&amp;]:mt-5\" dir=\"auto\" data-message-author-role=\"assistant\" data-message-id=\"cdb991c0-f594-4bff-b2d5-fbbdd7ce9e54\" data-message-model-slug=\"gpt-4o-mini\">\n<div class=\"flex w-full flex-col gap-1 empty:hidden first:pt-[3px]\">\n<div class=\"markdown prose w-full break-words dark:prose-invert light\"><\/div>\n<\/div>\n<\/div>\n<\/div>\n<div class=\"mb-2 flex gap-3 empty:hidden -ml-2\">\n<h2 class=\"sr-proMainInfo-baseInfoH1 J-baseInfo-name\">Vairumtirdzniec\u012bbas Smart Vape Bang King 35k Puffs galven\u0101s iez\u012bmes:<\/h2>\n<ul>\n<li><strong>Nep\u0101rsp\u0113jama uzp\u016btes ietilp\u012bba<\/strong>: Izbaudiet <strong>35 000 dvesieniem<\/strong>, lieliski piem\u0113rots ilgsto\u0161ai lieto\u0161anai bez bie\u017eas nomai\u0146as.<\/li>\n<li><strong>D\u0101sns e-\u0161\u0137idruma tilpums<\/strong>: Iepriek\u0161 piepild\u012bts ar <strong>23 ml augst\u0101k\u0101s kvalit\u0101tes vape sulas<\/strong> konsekventai gar\u0161ai.<\/li>\n<li><strong>Uzl\u0101d\u0113jams akumulators<\/strong>: Darbojas ar <strong>1000 mAh akumulatoru<\/strong> ar <strong>C tipa \u0101tr\u0101 uzl\u0101de<\/strong>.<\/li>\n<li><strong>Acs spoles tehnolo\u0123ija<\/strong>: Uzlabota <strong>0,6 \u03a9 acs spole<\/strong> nodro\u0161ina bag\u0101t\u012bgu, vienm\u0113r\u012bgu un bl\u012bvu tvaiku.<\/li>\n<li><strong>Piel\u0101gojami nikot\u012bna stiprumi<\/strong>: Pieejams <strong>0%, 2%, 3% un 5% nikot\u012bna s\u0101ls<\/strong> lai apmierin\u0101tu jebkuru gaumi.<\/li>\n<li><strong>Aizsardz\u012bba pret sausu deg\u0161anu<\/strong>: Nov\u0113r\u0161 p\u0101rkar\u0161anu un sausus tr\u0101p\u012bjumus, lai nodro\u0161in\u0101tu dro\u0161\u0101ku un vienm\u0113r\u012bg\u0101ku tvaic\u0113\u0161anas pieredzi.<\/li>\n<li><strong>Vairumtirdzniec\u012bbas iepakojums<\/strong>: \u0112rti iepakots k\u0101 <strong>aizsardz\u012bba pret sausu deg\u0161anu<\/strong>, ide\u0101li piem\u0113rots person\u012bgajiem un vairumtirdzniec\u012bbas pirc\u0113jiem.<\/li>\n<\/ul>\n<\/div>\n<h2 class=\"sr-proMainInfo-baseInfoH1 J-baseInfo-name\">BANGKING 35000PUFF VAPOR Gar\u0161a:<\/h2>\n<p>1.zeme\u0146u mango<br \/>\n2.love66<br \/>\n3.zilo ave\u0146u ledus<br \/>\n4.zeme\u0146u arb\u016bzs<br \/>\n5.citronu piparm\u0113tra<br \/>\n6.dubult\u0101 \u0101bols<br \/>\n7. ener\u0123ijas dz\u0113riens<br \/>\n8. persiku ledus<br \/>\n9. zeme\u0146u kivi<br \/>\n10. v\u012bnogu ledus<br \/>\n11. melle\u0146u ledus<br \/>\n12. arb\u016bzs<\/p>\n<div role=\"article\" data-tabster=\"{&quot;groupper&quot;:{&quot;tabbability&quot;:2},&quot;focusable&quot;:{}}\" data-content=\"ai-message\" aria-labelledby=\"dARUyEWDoEYhnSPXFwx5A-author dARUyEWDoEYhnSPXFwx5A-content\">\n<div id=\"dARUyEWDoEYhnSPXFwx5A-content\">\n<h2><strong>K\u0101p\u0113c ieg\u0101d\u0101ties Bang King 35000puff Vape no vapestornado?<\/strong><\/h2>\n<ul>\n<li><strong>Uzticama kvalit\u0101te<\/strong>: vapestornado ir vado\u0161ais <strong>premium vienreiz\u0113j\u0101s lieto\u0161anas vape<\/strong>izplat\u012bt\u0101js, nodro\u0161inot, ka j\u016bs sa\u0146emat autentiskus, augstas kvalit\u0101tes produktus.<\/li>\n<li><strong>Konkur\u0113tsp\u0113j\u012bgas cenas<\/strong>: Ieg\u016bstiet lab\u0101kos vairumtirdzniec\u012bbas pied\u0101v\u0101jumus un cenu par Bang King 35 000 Puffs.<\/li>\n<li><strong>\u0100tra pieg\u0101de<\/strong>: M\u0113s pieg\u0101d\u0101jam \u0101tri vis\u0101 Eirop\u0101, nodro\u0161inot, ka j\u016bsu produkti tiek pieg\u0101d\u0101ti laik\u0101.<\/li>\n<li><strong>Izcils klientu atbalsts<\/strong>: M\u016bsu komanda ir pieejama, lai pal\u012bdz\u0113tu ar jaut\u0101jumiem, nodro\u0161inot vienm\u0113r\u012bgu pirk\u0161anas pieredzi.<\/li>\n<li><strong>Pla\u0161s sortiments<\/strong>: Izp\u0113tiet pla\u0161u <strong>10 gab. kast\u0113 un 200 gab. kast\u012bt\u0113<\/strong> kl\u0101stu, kas atbilst katrai vap\u0113\u0161anas gaumei.<\/li>\n<\/ul>\n<\/div>\n<\/div>\n<h2>Bie\u017e\u0101k uzdotie jaut\u0101jumi par ilgsto\u0161\u0101m vienreiz\u0113j\u0101s lieto\u0161anas e-cigaret\u0113m Bang Vape 35000 Puff<\/h2>\n<h4><strong>1. Cik ilgi darbojas Bang Vape King 35000 Puffs?<\/strong><\/h4>\n<p>Bang King ir izstr\u0101d\u0101ts, lai nodro\u0161in\u0101tu l\u012bdz pat <strong>35 000 dvesieniem<\/strong>, padarot to par vienu no iztur\u012bg\u0101kajiem vienreiz\u0113j\u0101s lieto\u0161anas iztvaic\u0113t\u0101jiem tirg\u016b. Lieto\u0161anas ilgums b\u016bs atkar\u012bgs no j\u016bsu iztvaic\u0113\u0161anas bie\u017euma un uzp\u016b\u0161anas ilguma.<\/p>\n<h4><strong>2. Vai es varu uzl\u0101d\u0113t Hot Sale Vape Bang King 35000 Puffs?<\/strong><\/h4>\n<p>J\u0101, \u0161\u012b ier\u012bce ir apr\u012bkota ar <strong>Type-C uzl\u0101des ports<\/strong> un <strong>1000mAh uzl\u0101d\u0113jams akumulators<\/strong>, nodro\u0161inot, ka varat baud\u012bt visus 35 000 uzp\u016btienus bez p\u0101rtraukumiem.<\/p>\n<h4><strong>3. Ar ko Bang 35000 puffvape at\u0161\u0137iras no citiem vienreiz\u0113j\u0101s lieto\u0161anas iztvaic\u0113t\u0101jiem?<\/strong><\/h4>\n<p>T\u0101 kombin\u0101cija no <strong>35 000 uzp\u016btienu ietilp\u012bbu<\/strong>, <strong>23 ml e-\u0161\u0137idruma tilpuma<\/strong>, <strong>acu spoles tehnolo\u0123ija<\/strong>, un <strong>0%, 2%, 3%, 5%<\/strong> izce\u013c to k\u0101 augst\u0101k\u0101s klases vienreiz\u0113j\u0101s lieto\u0161anas e-cigareti.<\/p>","protected":false},"excerpt":{"rendered":"<p>Izp\u0113tiet Bang King 35000 Puffs Tornado Vape vairumtirdzniec\u012bbas cenas vietn\u0113 Vapebulkp.com. Tam ir 35 000 uzp\u016btienu, 23 ml e-\u0161\u0137idruma, 1000 mAh akumulators, C tipa uzl\u0101de un aizsardz\u012bba pret sausu deg\u0161anu. Ide\u0101li piem\u0113rots lielapjoma pas\u016bt\u012bjumiem ar piel\u0101gojam\u0101m nikot\u012bna iesp\u0113j\u0101m (0%, 2%, 3%, 5%). Ieg\u0101d\u0101jieties augst\u0101k\u0101s kvalit\u0101tes vienreiz\u0113j\u0101s lieto\u0161anas tvaikus jau \u0161odien!<\/p>\n<figure id=\"attachment_2951\" aria-describedby=\"caption-attachment-2951\" style=\"width: 265px\" class=\"wp-caption alignnone\"><img decoding=\"async\" class=\"size-medium wp-image-2951\" src=\"https:\/\/vapestornado.com\/wp-content\/uploads\/2024\/12\/Wholesale-Disposable-Vape-265x300.jpg\" alt=\"Vienreiz\u0113j\u0101s lieto\u0161anas Vape vairumtirdzniec\u012bba\" width=\"265\" height=\"300\" srcset=\"https:\/\/vapestornado.com\/wp-content\/uploads\/2024\/12\/Wholesale-Disposable-Vape-265x300.jpg 265w, https:\/\/vapestornado.com\/wp-content\/uploads\/2024\/12\/Wholesale-Disposable-Vape-768x871.jpg 768w, https:\/\/vapestornado.com\/wp-content\/uploads\/2024\/12\/Wholesale-Disposable-Vape-600x680.jpg 600w, https:\/\/vapestornado.com\/wp-content\/uploads\/2024\/12\/Wholesale-Disposable-Vape.jpg 823w\" sizes=\"(max-width: 265px) 100vw, 265px\" \/><figcaption id=\"caption-attachment-2951\" class=\"wp-caption-text\">L\u016bdzu, sazinieties ar Mandiju WhatsApp, lai sa\u0146emtu atlaides cenu\u00a0 <a href=\"https:\/\/wa.me\/8618077105796\">+8618077105796<\/a><\/figcaption><\/figure>\n<p>&nbsp;<\/p>","protected":false},"featured_media":3702,"comment_status":"open","ping_status":"closed","template":"","meta":{"_acf_changed":false,"_uag_custom_page_level_css":"","_lmt_disableupdate":"no","_lmt_disable":"","_monsterinsights_skip_tracking":false,"_monsterinsights_sitenote_active":false,"_monsterinsights_sitenote_note":"","_monsterinsights_sitenote_category":0,"site-sidebar-layout":"default","site-content-layout":"","ast-site-content-layout":"default","site-content-style":"default","site-sidebar-style":"default","ast-global-header-display":"","ast-banner-title-visibility":"","ast-main-header-display":"","ast-hfb-above-header-display":"","ast-hfb-below-header-display":"","ast-hfb-mobile-header-display":"","site-post-title":"","ast-breadcrumbs-content":"","ast-featured-img":"","footer-sml-layout":"","ast-disable-related-posts":"","theme-transparent-header-meta":"default","adv-header-id-meta":"","stick-header-meta":"","header-above-stick-meta":"","header-main-stick-meta":"","header-below-stick-meta":"","astra-migrate-meta-layouts":"set","ast-page-background-enabled":"default","ast-page-background-meta":{"desktop":{"background-color":"","background-image":"","background-repeat":"repeat","background-position":"center center","background-size":"auto","background-attachment":"scroll","background-type":"","background-media":"","overlay-type":"","overlay-color":"","overlay-opacity":"","overlay-gradient":""},"tablet":{"background-color":"","background-image":"","background-repeat":"repeat","background-position":"center center","background-size":"auto","background-attachment":"scroll","background-type":"","background-media":"","overlay-type":"","overlay-color":"","overlay-opacity":"","overlay-gradient":""},"mobile":{"background-color":"","background-image":"","background-repeat":"repeat","background-position":"center center","background-size":"auto","background-attachment":"scroll","background-type":"","background-media":"","overlay-type":"","overlay-color":"","overlay-opacity":"","overlay-gradient":""}},"ast-content-background-meta":{"desktop":{"background-color":"var(--ast-global-color-5)","background-image":"","background-repeat":"repeat","background-position":"center center","background-size":"auto","background-attachment":"scroll","background-type":"","background-media":"","overlay-type":"","overlay-color":"","overlay-opacity":"","overlay-gradient":""},"tablet":{"background-color":"var(--ast-global-color-5)","background-image":"","background-repeat":"repeat","background-position":"center center","background-size":"auto","background-attachment":"scroll","background-type":"","background-media":"","overlay-type":"","overlay-color":"","overlay-opacity":"","overlay-gradient":""},"mobile":{"background-color":"var(--ast-global-color-5)","background-image":"","background-repeat":"repeat","background-position":"center center","background-size":"auto","background-attachment":"scroll","background-type":"","background-media":"","overlay-type":"","overlay-color":"","overlay-opacity":"","overlay-gradient":""}},"_joinchat":{"telephone":"+8618077105796"}},"product_brand":[],"product_cat":[175,63,140,158,159],"product_tag":[223,97,98],"class_list":{"0":"post-3700","1":"product","2":"type-product","3":"status-publish","4":"has-post-thumbnail","6":"product_cat-35000-puff","7":"product_cat-bangking","8":"product_cat-big-puffs-disposable-vapes","9":"product_cat-buy-disposable-vapes-in-spain","10":"product_cat-buy-disposable-vapes-in-sweden","11":"product_tag-bang-king-vape-35000","12":"product_tag-hot-sale-disposable-vape","13":"product_tag-wholesale-price-disposable-vape","14":"desktop-align-left","15":"tablet-align-left","16":"mobile-align-left","18":"first","19":"instock","20":"sale","21":"shipping-taxable","22":"purchasable","23":"product-type-simple"},"acf":[],"uagb_featured_image_src":{"full":["https:\/\/vapestornado.com\/wp-content\/uploads\/2025\/01\/Bang-Vape-35000-Puffs-Disposable-Vape-Hot-Sale-In-Germany.webp",800,800,false],"thumbnail":["https:\/\/vapestornado.com\/wp-content\/uploads\/2025\/01\/Bang-Vape-35000-Puffs-Disposable-Vape-Hot-Sale-In-Germany-150x150.webp",150,150,true],"medium":["https:\/\/vapestornado.com\/wp-content\/uploads\/2025\/01\/Bang-Vape-35000-Puffs-Disposable-Vape-Hot-Sale-In-Germany-300x300.webp",300,300,true],"medium_large":["https:\/\/vapestornado.com\/wp-content\/uploads\/2025\/01\/Bang-Vape-35000-Puffs-Disposable-Vape-Hot-Sale-In-Germany-768x768.webp",768,768,true],"large":["https:\/\/vapestornado.com\/wp-content\/uploads\/2025\/01\/Bang-Vape-35000-Puffs-Disposable-Vape-Hot-Sale-In-Germany.webp",800,800,false],"1536x1536":["https:\/\/vapestornado.com\/wp-content\/uploads\/2025\/01\/Bang-Vape-35000-Puffs-Disposable-Vape-Hot-Sale-In-Germany.webp",800,800,false],"2048x2048":["https:\/\/vapestornado.com\/wp-content\/uploads\/2025\/01\/Bang-Vape-35000-Puffs-Disposable-Vape-Hot-Sale-In-Germany.webp",800,800,false],"trp-custom-language-flag":["https:\/\/vapestornado.com\/wp-content\/uploads\/2025\/01\/Bang-Vape-35000-Puffs-Disposable-Vape-Hot-Sale-In-Germany.webp",12,12,false],"woocommerce_thumbnail":["https:\/\/vapestornado.com\/wp-content\/uploads\/2025\/01\/Bang-Vape-35000-Puffs-Disposable-Vape-Hot-Sale-In-Germany-300x300.webp",300,300,true],"woocommerce_single":["https:\/\/vapestornado.com\/wp-content\/uploads\/2025\/01\/Bang-Vape-35000-Puffs-Disposable-Vape-Hot-Sale-In-Germany-600x600.webp",600,600,true],"woocommerce_gallery_thumbnail":["https:\/\/vapestornado.com\/wp-content\/uploads\/2025\/01\/Bang-Vape-35000-Puffs-Disposable-Vape-Hot-Sale-In-Germany-100x100.webp",100,100,true]},"uagb_author_info":{"display_name":"ESMANDY","author_link":"https:\/\/vapestornado.com\/lv\/author\/"},"uagb_comment_info":0,"uagb_excerpt":"Explore wholesale prices for Bang King 35000 Puffs Tornado Vape at Vapebulkp.com. Featuring 35,000 puffs, 23ml e-liquid, 1000mAh battery, Type-C charging, and anti-dry burn technology. Ideal for bulk orders with customizable nicotine options (0%, 2%, 3%, 5%). Shop premium disposable vapes today! [caption id=\"attachment_2951\" align=\"alignnone\" width=\"265\"] Pls Contact Mandy's WhatsApp For Discount Price\u00a0 +8618077105796[\/caption] &nbsp;","_links":{"self":[{"href":"https:\/\/vapestornado.com\/lv\/wp-json\/wp\/v2\/product\/3700","targetHints":{"allow":["GET"]}}],"collection":[{"href":"https:\/\/vapestornado.com\/lv\/wp-json\/wp\/v2\/product"}],"about":[{"href":"https:\/\/vapestornado.com\/lv\/wp-json\/wp\/v2\/types\/product"}],"replies":[{"embeddable":true,"href":"https:\/\/vapestornado.com\/lv\/wp-json\/wp\/v2\/comments?post=3700"}],"wp:featuredmedia":[{"embeddable":true,"href":"https:\/\/vapestornado.com\/lv\/wp-json\/wp\/v2\/media\/3702"}],"wp:attachment":[{"href":"https:\/\/vapestornado.com\/lv\/wp-json\/wp\/v2\/media?parent=3700"}],"wp:term":[{"taxonomy":"product_brand","embeddable":true,"href":"https:\/\/vapestornado.com\/lv\/wp-json\/wp\/v2\/product_brand?post=3700"},{"taxonomy":"product_cat","embeddable":true,"href":"https:\/\/vapestornado.com\/lv\/wp-json\/wp\/v2\/product_cat?post=3700"},{"taxonomy":"product_tag","embeddable":true,"href":"https:\/\/vapestornado.com\/lv\/wp-json\/wp\/v2\/product_tag?post=3700"}],"curies":[{"name":"wp","href":"https:\/\/api.w.org\/{rel}","templated":true}]}}