{"id":3690,"date":"2025-01-06T09:55:58","date_gmt":"2025-01-06T09:55:58","guid":{"rendered":"https:\/\/vapestornado.com\/?post_type=product&#038;p=3690"},"modified":"2025-08-23T09:35:59","modified_gmt":"2025-08-23T09:35:59","slug":"wholesale-price-bang-beach-20000-puffs-high-quality-vape-pods","status":"publish","type":"product","link":"https:\/\/vapestornado.com\/lv\/product\/wholesale-price-bang-beach-20000-puffs-high-quality-vape-pods\/","title":{"rendered":"Vairumtirdzniec\u012bbas cena Bang Beach 20000 Uzp\u016btienu augstas kvalit\u0101tes Vape Pod"},"content":{"rendered":"<h1>Vairumtirdzniec\u012bbas cena Bang Beach 20000 Uzp\u016btienu augstas kvalit\u0101tes Vape Pod<\/h1>\n<p>&nbsp;<\/p>\n<div role=\"article\" data-tabster=\"{&quot;groupper&quot;:{&quot;tabbability&quot;:2},&quot;focusable&quot;:{}}\" data-content=\"ai-message\" aria-labelledby=\"64JRvXrTnY7mRmPkEQLLT-author 64JRvXrTnY7mRmPkEQLLT-content\">\n<div id=\"64JRvXrTnY7mRmPkEQLLT-content\">\n<p data-start=\"323\" data-end=\"588\">T\u0101 <strong data-start=\"327\" data-end=\"369\">Bang Beach 20000 Puffs vienreiz\u0113j\u0101s lieto\u0161anas vape<\/strong> apvieno lielu ietilp\u012bbu, vied\u0101s tehnolo\u0123ijas un stil\u012bgu dizainu, lai nodro\u0161in\u0101tu uzticamu iztvaic\u0113\u0161anas iesp\u0113ju. Ar l\u012bdz pat <strong data-start=\"473\" data-end=\"489\">20 000 uzp\u016btieniem<\/strong> un <strong data-start=\"496\" data-end=\"529\">35 ml iepriek\u0161 uzpild\u012btu e-\u0161\u0137idruma tvertni<\/strong>, tas nodro\u0161ina ilgsto\u0161u lieto\u0161anu bez bie\u017eas nomai\u0146as.<\/p>\n<p data-start=\"590\" data-end=\"854\">Darbojas ar <strong data-start=\"603\" data-end=\"634\">650mAh uzl\u0101d\u0113jams akumulators<\/strong> ar <strong data-start=\"640\" data-end=\"664\">C tipa \u0101tr\u0101 uzl\u0101de<\/strong>, Bang Beach 20K nodro\u0161ina vienm\u0113r\u012bgu darb\u012bbu visas dienas garum\u0101. The <strong data-start=\"740\" data-end=\"767\">integr\u0113tais viedais ekr\u0101ns<\/strong> nodro\u0161ina re\u0101llaika atjaunin\u0101jumus par akumulatora darb\u012bbas laiku un uzp\u016btienu izmanto\u0161anu, \u013caujot lietot\u0101jiem kontrol\u0113t.<\/p>\n<p data-start=\"856\" data-end=\"1041\">Pieejams <strong data-start=\"869\" data-end=\"910\">0%, 2%, 3% un 5% nikot\u012bna stiprumos<\/strong>, tas atbilst da\u017e\u0101d\u0101m v\u0113lm\u0113m, savuk\u0101rt <strong data-start=\"958\" data-end=\"987\">ergonomisks gradienta dizains<\/strong> padara to gan acij t\u012bkamu, gan \u0113rtu tur\u0113\u0161anai.<\/p>\n<p data-start=\"1043\" data-end=\"1235\">Vairumtirgot\u0101jiem un mazumtirgot\u0101jiem <strong data-start=\"1078\" data-end=\"1109\">Bang Beach 20000 P\u016b\u013cu Vape<\/strong> pied\u0101v\u0101 sp\u0113c\u012bgu ietilp\u012bbas, dizaina un vairumtirdzniec\u012bbas v\u0113rt\u012bbas kombin\u0101ciju, padarot to par konkur\u0113tsp\u0113j\u012bgu izv\u0113li vienreiz\u0113j\u0101s lieto\u0161anas vape tirg\u016b.<\/p>\n<figure id=\"attachment_3691\" aria-describedby=\"caption-attachment-3691\" style=\"width: 676px\" class=\"wp-caption alignnone\"><img fetchpriority=\"high\" decoding=\"async\" class=\"wp-image-3691\" src=\"https:\/\/vapestornado.com\/wp-content\/uploads\/2025\/01\/Bang-Beach-20000-puff-vape-best-sale-Germany.jpg\" alt=\"Bang Beach 20000 dvesmu tvaiks vislab\u0101k p\u0101rdotais Latvij\u0101\" width=\"676\" height=\"676\" srcset=\"https:\/\/vapestornado.com\/wp-content\/uploads\/2025\/01\/Bang-Beach-20000-puff-vape-best-sale-Germany.jpg 800w, https:\/\/vapestornado.com\/wp-content\/uploads\/2025\/01\/Bang-Beach-20000-puff-vape-best-sale-Germany-300x300.jpg 300w, https:\/\/vapestornado.com\/wp-content\/uploads\/2025\/01\/Bang-Beach-20000-puff-vape-best-sale-Germany-150x150.jpg 150w, https:\/\/vapestornado.com\/wp-content\/uploads\/2025\/01\/Bang-Beach-20000-puff-vape-best-sale-Germany-768x768.jpg 768w, https:\/\/vapestornado.com\/wp-content\/uploads\/2025\/01\/Bang-Beach-20000-puff-vape-best-sale-Germany-600x600.jpg 600w, https:\/\/vapestornado.com\/wp-content\/uploads\/2025\/01\/Bang-Beach-20000-puff-vape-best-sale-Germany-100x100.jpg 100w\" sizes=\"(max-width: 676px) 100vw, 676px\" \/><figcaption id=\"caption-attachment-3691\" class=\"wp-caption-text\">Bang Beach 20000 dvesmu tvaiks vislab\u0101k p\u0101rdotais Latvij\u0101<\/figcaption><\/figure>\n<\/div>\n<\/div>\n<p><img decoding=\"async\" class=\"alignleft wp-image-2951 size-medium\" src=\"https:\/\/vapestornado.com\/wp-content\/uploads\/2024\/12\/Wholesale-Disposable-Vape-265x300.jpg\" alt=\"Vienreiz\u0113j\u0101s lieto\u0161anas Vape vairumtirdzniec\u012bba\" width=\"265\" height=\"300\" srcset=\"https:\/\/vapestornado.com\/wp-content\/uploads\/2024\/12\/Wholesale-Disposable-Vape-265x300.jpg 265w, https:\/\/vapestornado.com\/wp-content\/uploads\/2024\/12\/Wholesale-Disposable-Vape-768x871.jpg 768w, https:\/\/vapestornado.com\/wp-content\/uploads\/2024\/12\/Wholesale-Disposable-Vape-600x680.jpg 600w, https:\/\/vapestornado.com\/wp-content\/uploads\/2024\/12\/Wholesale-Disposable-Vape.jpg 823w\" sizes=\"(max-width: 265px) 100vw, 265px\" \/><\/p>\n<h5>L\u016bdzu, sazinieties ar Mandiju WhatsApp, lai sa\u0146emtu atlaides cenu<a href=\"https:\/\/wa.me\/8618077105796\" target=\"_blank\" rel=\"noopener\">+8618077105796<\/a><\/h5>\n<div class=\"flex max-w-full flex-col flex-grow\">\n<div class=\"min-h-8 text-message flex w-full flex-col items-end gap-2 whitespace-normal break-words text-start [.text-message+&amp;]:mt-5\" dir=\"auto\" data-message-author-role=\"assistant\" data-message-id=\"cdb991c0-f594-4bff-b2d5-fbbdd7ce9e54\" data-message-model-slug=\"gpt-4o-mini\">\n<div class=\"flex w-full flex-col gap-1 empty:hidden first:pt-[3px]\">\n<div class=\"markdown prose w-full break-words dark:prose-invert light\"><\/div>\n<\/div>\n<\/div>\n<\/div>\n<div class=\"mb-2 flex gap-3 empty:hidden -ml-2\">\n<h2>Bang Beach 20000 Puffs galven\u0101s iez\u012bmes:<\/h2>\n<ul>\n<li>Pagarin\u0101tas tvaic\u0113\u0161anas sesijas ar 20 000 dvesm\u0101m.<\/li>\n<li>Pla\u0161s 35 ml e-\u0161\u0137idruma tilpums bag\u0101t\u012bg\u0101m, notur\u012bg\u0101m gar\u0161\u0101m.<\/li>\n<li>Piel\u0101gojami nikot\u012bna l\u012bme\u0146i personaliz\u0113tam gandar\u012bjumam.<\/li>\n<li>Jaud\u012bgs 650 mAh akumulators ilgsto\u0161ai lieto\u0161anai.<\/li>\n<li>Viedais ekr\u0101ns re\u0101llaika lieto\u0161anas ieskatiem.<\/li>\n<li>Stil\u012bgs, ergonomisks dizains ar spilgt\u0101m gradienta kr\u0101s\u0101m.<\/li>\n<\/ul>\n<\/div>\n<h2>Bang Beach 20000 Puffs gar\u0161a:<\/h2>\n<p>1) Tr\u012bsk\u0101r\u0161\u0101 ogu ledus<br \/>\n2) Roz\u0101 limon\u0101de<br \/>\n3) Melle\u0146u Ave\u0146u<br \/>\n4) Jaukt\u0101 oga<br \/>\n5) Zeme\u0146u arb\u016bzs<br \/>\n6) Zeme\u0146u ledus<br \/>\n7) V\u012bnogu ledus<br \/>\n8) Persiku mango<br \/>\n9) Zilu ave\u0146u ledus<br \/>\n10) Sk\u0101bais \u0101bols<br \/>\n11) Arb\u016bzu ledus<br \/>\n12) Persiku ledus<\/p>\n<h2 data-pm-slice=\"1 1 []\">K\u0101p\u0113c Bang Beach Smart Screen 20000 dvesmu vape b\u0101rs ir izcil\u0101kais?<\/h2>\n<p>T\u0101 <strong>Bang Beach Gudr\u0101 Ekr\u0101ns 20000<\/strong> ir vair\u0101k nek\u0101 tikai vienreizlietojams tvaic\u0113t\u0101js; t\u0101 ir augstas veiktsp\u0113jas ier\u012bce, kas paredz\u0113ta tvaic\u0113t\u0101jiem, kuri mekl\u0113 izcilu kvalit\u0101ti un uzticam\u012bbu. T\u0101 pla\u0161ais dvesmu skaits, jaud\u012bg\u0101 baterija un piel\u0101gojamie nikot\u012bna stiprumi padara to par daudzpus\u012bgu izv\u0113li vis\u0101m tvaic\u0113\u0161anas v\u0113lm\u0113m. Neatkar\u012bgi no t\u0101, vai esat pieredz\u0113jis lietot\u0101js vai tikai s\u0101kat, vied\u0101 ekr\u0101na funkcija un lietot\u0101jam draudz\u012bgais dizains uzlabo j\u016bsu tvaic\u0113\u0161anas pieredzi.<\/p>\n<div role=\"article\" data-tabster=\"{&quot;groupper&quot;:{&quot;tabbability&quot;:2},&quot;focusable&quot;:{}}\" data-content=\"ai-message\" aria-labelledby=\"dARUyEWDoEYhnSPXFwx5A-author dARUyEWDoEYhnSPXFwx5A-content\">\n<div id=\"dARUyEWDoEYhnSPXFwx5A-content\">\n<h2>K\u0101p\u0113c izv\u0113l\u0113ties Bang Beach Smart Screen 20000 dvesmu vietn\u0113 <a href=\"https:\/\/vapestornado.com\/lv\/product\/bang-box-35k-puffs-high-capacity-long-lasting-disposable-vape\/\">vapestornado.com?<\/a><\/h2>\n<p>vapestornado.com ir j\u016bsu galam\u0113r\u0137is augst\u0101k\u0101s kvalit\u0101tes tvaic\u0113\u0161anas produktiem, un <strong>Bang Beach Smart Screen 20000 dvesmu<\/strong> nav iz\u0146\u0113mums. L\u016bk, k\u0101p\u0113c \u0161\u012b ier\u012bce ir izcila un k\u0101p\u0113c vapestornado.com ir lab\u0101k\u0101 vieta, kur to ieg\u0101d\u0101ties:<\/p>\n<h4><strong>*Nep\u0101rsp\u0113jama kvalit\u0101te<\/strong><\/h4>\n<p>Vietn\u0113 vapestornado.com m\u0113s pied\u0101v\u0101jam tikai autentiskus un augstas kvalit\u0101tes tvaic\u0113\u0161anas produktus. Bang Beach Smart Screen 20000 dvesmu ir izstr\u0101d\u0101ts, dom\u0101jot par iztur\u012bbu un veiktsp\u0113ju, nodro\u0161inot uzticamu un pat\u012bkamu pieredzi ar katru lieto\u0161anas reizi.<\/p>\n<h4><strong>*Konkur\u0113tsp\u0113j\u012bgas cenas<\/strong><\/h4>\n<p>vapestornado.com pied\u0101v\u0101 Bang Beach Smart Screen 20000 dvesmu par \u013coti konkur\u0113tsp\u0113j\u012bg\u0101m cen\u0101m, nodro\u0161inot, ka j\u016bs ieg\u016bstat lielisku v\u0113rt\u012bbu par augst\u0101k\u0101s klases produktu.<\/p>\n<h4><strong>*\u0100tra<\/strong><\/h4>\n<p>Izbaudiet \u0101tru, uzticamu pieg\u0101di visos re\u0123ionos, nodro\u0161inot, ka j\u016bsu tvaic\u0113\u0161anas pieredze nekad netiek aizkav\u0113ta.<\/p>\n<h4><strong>*Uz klientu orient\u0113ts atbalsts<\/strong><\/h4>\n<p>M\u016bsu \u012bpa\u0161\u0101 atbalsta komanda ir gatava jums pal\u012bdz\u0113t ar jebk\u0101diem jaut\u0101jumiem, nodro\u0161inot \u0113rtu iepirk\u0161an\u0101s pieredzi.<\/p>\n<p>Uzlabojiet savu veipo\u0161anas pieredzi jau \u0161odien ar <strong>Bang Beach Vape 20k dvesmu uzl\u0101d\u0113jamie tvaic\u0113t\u0101ji<\/strong>, pieejami tikai vietn\u0113 vapestornado.com \u2013 j\u016bsu uzticamais partneris visos tvaic\u0113\u0161anas jaut\u0101jumos!<\/p>\n<p>Uzlabojiet savu veipo\u0161anas pieredzi jau \u0161odien ar <strong>Bang Beach 20000 dvesmu tvaic\u0113t\u0101ju p\u0101kstis<\/strong>, pieejami tikai vietn\u0113 vapestornado.com \u2013 j\u016bsu uzticamais partneris visos tvaic\u0113\u0161anas jaut\u0101jumos!<\/p>\n<\/div>\n<\/div>\n<h2>Bie\u017e\u0101k uzdotie jaut\u0101jumi par Bang Beach Vape 20000 dvesmu vairumtirdzniec\u012bbas pirkumiem<\/h2>\n<p><strong>1. K\u0101 es varu veikt Bang Beach 20000 dvesmu tvaic\u0113t\u0101ju vairumtirdzniec\u012bbas pas\u016bt\u012bjumu?<\/strong><br \/>\nApmekl\u0113jiet uzticamu pieg\u0101d\u0101t\u0101ju, piem\u0113ram, vapestornado.com, p\u0101rl\u016bkojiet Bang Beach Vape produktu lapu un izv\u0113lieties vairumtirdzniec\u012bbas daudzuma opciju. Varat ar\u012b sazin\u0101ties ar vi\u0146u klientu apkalpo\u0161anas komandu, lai sa\u0146emtu pal\u012bdz\u012bbu lielu pas\u016bt\u012bjumu gad\u012bjum\u0101.<\/p>\n<p><strong>2. K\u0101das ir pieg\u0101des iesp\u0113jas bangvape 20000 dvesmu vairumtirdzniec\u012bbas pas\u016bt\u012bjumiem?<\/strong><br \/>\nLielapjoma pas\u016bt\u012bjumi tiek dro\u0161i nos\u016bt\u012bti, lai aizsarg\u0101tu produktu transport\u0113\u0161anas laik\u0101. Daudzi pieg\u0101d\u0101t\u0101ji pied\u0101v\u0101 eksprespieg\u0101des iesp\u0113jas un izseko\u0161anas pakalpojumus, lai nodro\u0161in\u0101tu savlaic\u012bgu pieg\u0101di.<\/p>\n<p><strong>3. Vai Bang Beach Vape 20000 dvesmu vapes ir piem\u0113rots vairumtirdzniec\u012bbas izplat\u012b\u0161anai?<\/strong><br \/>\nProtams. Ar sav\u0101m modernaj\u0101m funkcij\u0101m, ilgsto\u0161u veiktsp\u0113ju un stil\u012bgu dizainu, Bang Beach Vape 20000 ir \u013coti pievilc\u012bgs pat\u0113r\u0113t\u0101jiem, padarot to par lielisku izv\u0113li vairumtirdzniec\u012bbas izplat\u012b\u0161anai.<\/p>\n<p><strong>4. K\u0101 es varu p\u0101rliecin\u0101ties, ka es ieg\u0101d\u0101jos autentiskus Bang Beach Vape produktus?<\/strong><br \/>\nVienm\u0113r ieg\u0101d\u0101jieties no uzticamiem pieg\u0101d\u0101t\u0101jiem vai pilnvarotiem izplat\u012bt\u0101jiem, piem\u0113ram, vapestornado.com, lai garant\u0113tu autentiskumu un kvalit\u0101ti. Izvairieties no nep\u0101rbaud\u012btiem p\u0101rdev\u0113jiem, lai nov\u0113rstu viltotu produktu ieg\u0101di.<\/p>","protected":false},"excerpt":{"rendered":"<p>Bang Beach 20000 Puffs pied\u0101v\u0101 l\u012bdz pat 20 000 dvesmu, 35 ml iepriek\u0161 uzpild\u012btu e-\u0161\u0137idrumu, piel\u0101gojamu nikot\u012bna l\u012bmeni (0%, 2%, 3%, 5%), 650 mAh uzl\u0101d\u0113jamu akumulatoru un viedo ekr\u0101nu lieto\u0161anas izseko\u0161anai. Stil\u012bgs un ilgm\u016b\u017e\u012bgs tvaiks, kas ir lieliski piem\u0113rots katrai tvaic\u0113\u0161anas vajadz\u012bbai.<\/p>\n<figure id=\"attachment_2951\" aria-describedby=\"caption-attachment-2951\" style=\"width: 265px\" class=\"wp-caption alignnone\"><img decoding=\"async\" class=\"size-medium wp-image-2951\" src=\"https:\/\/vapestornado.com\/wp-content\/uploads\/2024\/12\/Wholesale-Disposable-Vape-265x300.jpg\" alt=\"Vienreiz\u0113j\u0101s lieto\u0161anas Vape vairumtirdzniec\u012bba\" width=\"265\" height=\"300\" srcset=\"https:\/\/vapestornado.com\/wp-content\/uploads\/2024\/12\/Wholesale-Disposable-Vape-265x300.jpg 265w, https:\/\/vapestornado.com\/wp-content\/uploads\/2024\/12\/Wholesale-Disposable-Vape-768x871.jpg 768w, https:\/\/vapestornado.com\/wp-content\/uploads\/2024\/12\/Wholesale-Disposable-Vape-600x680.jpg 600w, https:\/\/vapestornado.com\/wp-content\/uploads\/2024\/12\/Wholesale-Disposable-Vape.jpg 823w\" sizes=\"(max-width: 265px) 100vw, 265px\" \/><figcaption id=\"caption-attachment-2951\" class=\"wp-caption-text\">L\u016bdzu, sazinieties ar Mandiju WhatsApp, lai sa\u0146emtu atlaides cenu\u00a0 <a href=\"https:\/\/wa.me\/8618077105796\">+8618077105796<\/a><\/figcaption><\/figure>\n<p>&nbsp;<\/p>","protected":false},"featured_media":3693,"comment_status":"open","ping_status":"closed","template":"","meta":{"_acf_changed":false,"_uag_custom_page_level_css":"","_lmt_disableupdate":"no","_lmt_disable":"","_monsterinsights_skip_tracking":false,"_monsterinsights_sitenote_active":false,"_monsterinsights_sitenote_note":"","_monsterinsights_sitenote_category":0,"site-sidebar-layout":"default","site-content-layout":"","ast-site-content-layout":"default","site-content-style":"default","site-sidebar-style":"default","ast-global-header-display":"","ast-banner-title-visibility":"","ast-main-header-display":"","ast-hfb-above-header-display":"","ast-hfb-below-header-display":"","ast-hfb-mobile-header-display":"","site-post-title":"","ast-breadcrumbs-content":"","ast-featured-img":"","footer-sml-layout":"","ast-disable-related-posts":"","theme-transparent-header-meta":"default","adv-header-id-meta":"","stick-header-meta":"","header-above-stick-meta":"","header-main-stick-meta":"","header-below-stick-meta":"","astra-migrate-meta-layouts":"set","ast-page-background-enabled":"default","ast-page-background-meta":{"desktop":{"background-color":"","background-image":"","background-repeat":"repeat","background-position":"center center","background-size":"auto","background-attachment":"scroll","background-type":"","background-media":"","overlay-type":"","overlay-color":"","overlay-opacity":"","overlay-gradient":""},"tablet":{"background-color":"","background-image":"","background-repeat":"repeat","background-position":"center center","background-size":"auto","background-attachment":"scroll","background-type":"","background-media":"","overlay-type":"","overlay-color":"","overlay-opacity":"","overlay-gradient":""},"mobile":{"background-color":"","background-image":"","background-repeat":"repeat","background-position":"center center","background-size":"auto","background-attachment":"scroll","background-type":"","background-media":"","overlay-type":"","overlay-color":"","overlay-opacity":"","overlay-gradient":""}},"ast-content-background-meta":{"desktop":{"background-color":"var(--ast-global-color-5)","background-image":"","background-repeat":"repeat","background-position":"center center","background-size":"auto","background-attachment":"scroll","background-type":"","background-media":"","overlay-type":"","overlay-color":"","overlay-opacity":"","overlay-gradient":""},"tablet":{"background-color":"var(--ast-global-color-5)","background-image":"","background-repeat":"repeat","background-position":"center center","background-size":"auto","background-attachment":"scroll","background-type":"","background-media":"","overlay-type":"","overlay-color":"","overlay-opacity":"","overlay-gradient":""},"mobile":{"background-color":"var(--ast-global-color-5)","background-image":"","background-repeat":"repeat","background-position":"center center","background-size":"auto","background-attachment":"scroll","background-type":"","background-media":"","overlay-type":"","overlay-color":"","overlay-opacity":"","overlay-gradient":""}},"_joinchat":{"telephone":"+8618077105796"}},"product_brand":[],"product_cat":[69,62,151,157],"product_tag":[229,97,98],"class_list":{"0":"post-3690","1":"product","2":"type-product","3":"status-publish","4":"has-post-thumbnail","6":"product_cat-20000-puff","7":"product_cat-bang-vape","8":"product_cat-buy-disposable-vapes-in-france","9":"product_cat-buy-disposable-vapes-in-portugal","10":"product_tag-bang-beach-20000-puffs","11":"product_tag-hot-sale-disposable-vape","12":"product_tag-wholesale-price-disposable-vape","13":"desktop-align-left","14":"tablet-align-left","15":"mobile-align-left","17":"first","18":"instock","19":"sale","20":"shipping-taxable","21":"purchasable","22":"product-type-simple"},"acf":[],"uagb_featured_image_src":{"full":["https:\/\/vapestornado.com\/wp-content\/uploads\/2025\/01\/Bang-Beach-20000-puff-vape-good-sale-Germany.webp",800,800,false],"thumbnail":["https:\/\/vapestornado.com\/wp-content\/uploads\/2025\/01\/Bang-Beach-20000-puff-vape-good-sale-Germany-150x150.webp",150,150,true],"medium":["https:\/\/vapestornado.com\/wp-content\/uploads\/2025\/01\/Bang-Beach-20000-puff-vape-good-sale-Germany-300x300.webp",300,300,true],"medium_large":["https:\/\/vapestornado.com\/wp-content\/uploads\/2025\/01\/Bang-Beach-20000-puff-vape-good-sale-Germany-768x768.webp",768,768,true],"large":["https:\/\/vapestornado.com\/wp-content\/uploads\/2025\/01\/Bang-Beach-20000-puff-vape-good-sale-Germany.webp",800,800,false],"1536x1536":["https:\/\/vapestornado.com\/wp-content\/uploads\/2025\/01\/Bang-Beach-20000-puff-vape-good-sale-Germany.webp",800,800,false],"2048x2048":["https:\/\/vapestornado.com\/wp-content\/uploads\/2025\/01\/Bang-Beach-20000-puff-vape-good-sale-Germany.webp",800,800,false],"trp-custom-language-flag":["https:\/\/vapestornado.com\/wp-content\/uploads\/2025\/01\/Bang-Beach-20000-puff-vape-good-sale-Germany.webp",12,12,false],"woocommerce_thumbnail":["https:\/\/vapestornado.com\/wp-content\/uploads\/2025\/01\/Bang-Beach-20000-puff-vape-good-sale-Germany-300x300.webp",300,300,true],"woocommerce_single":["https:\/\/vapestornado.com\/wp-content\/uploads\/2025\/01\/Bang-Beach-20000-puff-vape-good-sale-Germany-600x600.webp",600,600,true],"woocommerce_gallery_thumbnail":["https:\/\/vapestornado.com\/wp-content\/uploads\/2025\/01\/Bang-Beach-20000-puff-vape-good-sale-Germany-100x100.webp",100,100,true]},"uagb_author_info":{"display_name":"ESMANDY","author_link":"https:\/\/vapestornado.com\/lv\/author\/"},"uagb_comment_info":0,"uagb_excerpt":"Bang Beach 20000 Puffs offers up to 20,000 puffs, a 35ml pre-filled e-liquid, customizable nicotine levels (0%, 2%, 3%, 5%), a 650mAh rechargeable battery, and a smart screen for tracking usage. Stylish and long-lasting vape, perfect for every vaping need. [caption id=\"attachment_2951\" align=\"alignnone\" width=\"265\"] Pls Contact Mandy's WhatsApp For Discount Price\u00a0 +8618077105796[\/caption] &nbsp;","_links":{"self":[{"href":"https:\/\/vapestornado.com\/lv\/wp-json\/wp\/v2\/product\/3690","targetHints":{"allow":["GET"]}}],"collection":[{"href":"https:\/\/vapestornado.com\/lv\/wp-json\/wp\/v2\/product"}],"about":[{"href":"https:\/\/vapestornado.com\/lv\/wp-json\/wp\/v2\/types\/product"}],"replies":[{"embeddable":true,"href":"https:\/\/vapestornado.com\/lv\/wp-json\/wp\/v2\/comments?post=3690"}],"wp:featuredmedia":[{"embeddable":true,"href":"https:\/\/vapestornado.com\/lv\/wp-json\/wp\/v2\/media\/3693"}],"wp:attachment":[{"href":"https:\/\/vapestornado.com\/lv\/wp-json\/wp\/v2\/media?parent=3690"}],"wp:term":[{"taxonomy":"product_brand","embeddable":true,"href":"https:\/\/vapestornado.com\/lv\/wp-json\/wp\/v2\/product_brand?post=3690"},{"taxonomy":"product_cat","embeddable":true,"href":"https:\/\/vapestornado.com\/lv\/wp-json\/wp\/v2\/product_cat?post=3690"},{"taxonomy":"product_tag","embeddable":true,"href":"https:\/\/vapestornado.com\/lv\/wp-json\/wp\/v2\/product_tag?post=3690"}],"curies":[{"name":"wp","href":"https:\/\/api.w.org\/{rel}","templated":true}]}}