{"id":3683,"date":"2025-01-06T07:58:56","date_gmt":"2025-01-06T07:58:56","guid":{"rendered":"https:\/\/vapestornado.com\/?post_type=product&#038;p=3683"},"modified":"2025-12-05T07:32:09","modified_gmt":"2025-12-05T07:32:09","slug":"uwin-crystal-10000-puffs-wholesale-disposable-vape-puff-10k-low-nicotine-rechargeable-vapes-pen-bulk-buy-wholesalepuffs-disposable-vape-wholesale-price-copy","status":"publish","type":"product","link":"https:\/\/vapestornado.com\/lv\/product\/uwin-crystal-10000-puffs-wholesale-disposable-vape-puff-10k-low-nicotine-rechargeable-vapes-pen-bulk-buy-wholesalepuffs-disposable-vape-wholesale-price-copy\/","title":{"rendered":"Uwin Crystal 10000 dvesmas vairumtirdzniec\u012bb\u0101 vienreiz\u0113j\u0101s lieto\u0161anas veips 10k zema nikot\u012bna atk\u0101rtoti uzl\u0101d\u0113jamas veipu pildspalvas lielapjoma pirkums vairumtirdzniec\u012bb\u0101"},"content":{"rendered":"<h1 class=\"product-title\">Uwin Crystal 10000 dvesmas vairumtirdzniec\u012bb\u0101 vienreiz\u0113j\u0101s lieto\u0161anas veips 10k zema nikot\u012bna atk\u0101rtoti uzl\u0101d\u0113jamas veipu pildspalvas lielapjoma pirkums vairumtirdzniec\u012bb\u0101<\/h1>\n<p data-start=\"1245\" data-end=\"1398\">Uwin Crystal 10000 pufa ir kompakta uzl\u0101d\u0113jama vienreiz\u0113j\u0101 vape, kas nodro\u0161ina l\u012bdz 10 000 pufa ier\u012bc\u0113, pied\u0101v\u0101 zema nikot\u012bna opcijas no 0.2% l\u012bdz 3.5% un n\u0101k ar da\u017e\u0101d\u0101m gar\u0161\u0101m, lai ikdienas p\u0101rsl\u0113g\u0161an\u0101s no cigaret\u0113m b\u016btu vienk\u0101r\u0161a.<\/p>\n<p data-start=\"603\" data-end=\"949\"><strong data-start=\"603\" data-end=\"643\">10 000 pufa \u012bstai ikdienas lieto\u0161anai.<\/strong><br data-start=\"643\" data-end=\"646\" \/>Ar <strong data-start=\"653\" data-end=\"672\">10K pufa nov\u0113rt\u0113jums<\/strong>, Uwin Crystal ir paredz\u0113ts \u201clietot k\u0101du laiku, nevis visu ned\u0113\u013cu\u201d diapazon\u0101. Tas ir piem\u0113rots cilv\u0113kiem, kuri v\u0113las ier\u012bci, kas iztur darba dienas, commutes un vakara izie\u0161anas bez past\u0101v\u012bgas uzpildes. \u0160aj\u0101 <strong data-start=\"870\" data-end=\"900\">10000 pufa vienreiz\u0113j\u0101 vape<\/strong> klas\u0113, tas ir galvenais: maz\u0101k mai\u0146u, maz\u0101k raizes.<\/p>\n<p data-start=\"951\" data-end=\"1264\"><strong data-start=\"951\" data-end=\"994\">Zema nikot\u012bna stipruma, kas ne p\u0101rsp\u012bl\u0113.<\/strong><br data-start=\"994\" data-end=\"997\" \/>Uwin Crystal pied\u0101v\u0101 <strong data-start=\"1017\" data-end=\"1039\">0.2%\u20133.5% nikot\u012bna<\/strong> l\u012bme\u0146us, dodot sm\u0113\u0137\u0113t\u0101jiem iesp\u0113ju izv\u0113l\u0113ties to, kas vi\u0146iem ir piem\u0113rots. Gaisma nikot\u012bna l\u012bmenis ir piem\u0113rots nejau\u0161iem lietot\u0101jiem vai tiem, kas samazina devu, savuk\u0101rt aug\u0161\u0113jie l\u012bme\u0146i ir piem\u0113roti ikvienam, kur\u0161 v\u0113l v\u0113las paman\u0101mu efektu bez smag\u0101m s\u0101ls stipruma dev\u0101m.<\/p>\n<p data-start=\"1266\" data-end=\"1564\"><strong data-start=\"1266\" data-end=\"1329\">Uzl\u0101d\u0113jama dizains, kas pasarg\u0101 ier\u012bci no agr\u012bnas boj\u0101\u0161an\u0101s.<\/strong><br data-start=\"1329\" data-end=\"1332\" \/>Tas ir <strong data-start=\"1342\" data-end=\"1399\">Uwin Crystal 10000 pufa uzl\u0101d\u0113jama vienreiz\u0113j\u0101 vape<\/strong>. Uzl\u0101de noz\u012bm\u0113, ka jums nav j\u0101met ier\u012bce, tikai t\u0101p\u0113c, ka akumulators ir iztuk\u0161ojies pirms \u0161\u0137idruma izlieto\u0161anas. Tas ir praktisks risin\u0101jums lielu pufa ier\u012bc\u0113m.<\/p>\n<p data-start=\"1566\" data-end=\"1794\"><strong data-start=\"1566\" data-end=\"1599\">Kabatas draudz\u012bgs krist\u0101la korpuss.<\/strong><br data-start=\"1599\" data-end=\"1602\" \/>Korpuss ir kompakts un t\u012brs, viegli p\u0101rn\u0113s\u0101jams bez liekas smaguma. Tas ir t\u0101da forma, kas iek\u013caujas jakas kabat\u0101, automa\u0161\u012bnas nodal\u012bjum\u0101 vai galda atvilktn\u0113 un ir gatavs \u0101trai atp\u016btai.<\/p>\n<p data-start=\"1796\" data-end=\"2073\"><strong data-start=\"1796\" data-end=\"1834\">Gar\u0161u kl\u0101sts, kas padara to vienk\u0101r\u0161u.<\/strong><br data-start=\"1834\" data-end=\"1837\" \/>Pieejamas vair\u0101kas gar\u0161as iesp\u0113jas, lai lietot\u0101ji var\u0113tu palikt pie t\u0101, kas vi\u0146iem pat\u012bk \u2014 aug\u013ci, atsvaidzino\u0161as mais\u012bjumi vai sald\u0101ki profili \u2014 bez nepiecie\u0161am\u012bbas main\u012bt ier\u012bces da\u017e\u0101d\u012bbai. Veikaliem tas padara Uwin Crystal 10K viegli saska\u0146ojamu ar viet\u0113j\u0101m gaumes tendenc\u0113m.<\/p>\n<h3><strong>K\u0101p\u0113c sadarboties ar vapestornado?<\/strong><\/h3>\n<p>vapestornado ir j\u016bsu pieg\u0101d\u0101t\u0101js, lai ieg\u016btu lab\u0101kos lielapjoma pied\u0101v\u0101jumus vienreiz\u0113j\u0101s lieto\u0161anas vape pildspalv\u0101m, piem\u0113ram, Uwin Crystal 10000 puffs. Ar konkur\u0113tsp\u0113j\u012bg\u0101m cen\u0101m, izciliem pieg\u0101des pakalpojumiem un ap\u0146em\u0161anos nodro\u0161in\u0101t kvalit\u0101ti, m\u0113s nodro\u0161in\u0101m netrauc\u0113tu pirk\u0161anas pieredzi vairumtirdzniec\u012bbas pirc\u0113jiem vis\u0101 Eirop\u0101.<\/p>\n<p>&nbsp;<\/p>\n<p><span style=\"color: #ff0000;\"><strong>Pievienojiet Eimijas Whatsapp, lai sa\u0146emtu pareizo atbildi un vape kuponu!<\/strong><\/span><\/p>\n<p><img fetchpriority=\"high\" decoding=\"async\" class=\"size-full wp-image-2932\" src=\"https:\/\/vapestornado.com\/wp-content\/uploads\/2024\/12\/Vape-Wholesale.jpg\" alt=\"Veipu Vairumtirdzniec\u012bba\" width=\"229\" height=\"300\" \/><\/p>\n<h3><a href=\"https:\/\/wa.me\/8617776015835\" target=\"_blank\" rel=\"noopener\"><span style=\"color: #ff0000;\"><strong>WhatsApp: +86 17776015835<\/strong><\/span><\/a><\/h3>\n<p>&nbsp;<\/p>\n<h2 class=\"product-title\"><strong>Uwin Crystal 10000 produkta \u012bpa\u0161\u012bbas<\/strong><\/h2>\n<div role=\"article\" data-tabster=\"{&quot;groupper&quot;:{&quot;tabbability&quot;:2},&quot;focusable&quot;:{}}\" data-content=\"ai-message\" aria-labelledby=\"juhNTJ6o7Gk1cgwZMJgv2-author juhNTJ6o7Gk1cgwZMJgv2-content\">\n<div id=\"juhNTJ6o7Gk1cgwZMJgv2-content\">\n<div role=\"article\" data-tabster=\"{&quot;groupper&quot;:{&quot;tabbability&quot;:2},&quot;focusable&quot;:{}}\" data-content=\"ai-message\" aria-labelledby=\"x4EZuCZWrTbh3weWUt7CU-author x4EZuCZWrTbh3weWUt7CU-content\">\n<div id=\"x4EZuCZWrTbh3weWUt7CU-content\">\n<div class=\"flex max-w-full flex-col flex-grow\">\n<div class=\"min-h-8 text-message flex w-full flex-col items-end gap-2 whitespace-normal break-words text-start [.text-message+&amp;]:mt-5\" dir=\"auto\" data-message-author-role=\"assistant\" data-message-id=\"52c6e00a-252f-4104-805d-2f1a84739c71\" data-message-model-slug=\"gpt-4o\">\n<div class=\"flex w-full flex-col gap-1 empty:hidden first:pt-[3px]\">\n<div class=\"markdown prose w-full break-words dark:prose-invert light\">\n<h3><\/h3>\n<table>\n<thead>\n<tr>\n<th>Funkcija \/ Parametrs<\/th>\n<th align=\"right\">Spec<\/th>\n<th>Skaidrojums<\/th>\n<\/tr>\n<\/thead>\n<tbody>\n<tr>\n<td>Produkts Nosaukums<\/td>\n<td align=\"right\">Uwin Crystal 10000 Puffs vienreiz\u0113j\u0101s lieto\u0161anas vape<\/td>\n<td>Skaidrs nosaukums atk\u0101rtot\u0101m pas\u016bt\u012bjumiem un mekl\u0113\u0161anai.<\/td>\n<\/tr>\n<tr>\n<td>Pufiju ietilp\u012bba<\/td>\n<td align=\"right\">L\u012bdz 10 000 ieelp\u0101m<\/td>\n<td>Ilg\u0101ka lieto\u0161ana nek\u0101 standarta vienreiz\u0113j\u0101m ier\u012bc\u0113m; maz\u0101k nomai\u0146u.<\/td>\n<\/tr>\n<tr>\n<td>Nikot\u012bna l\u012bme\u0146i<\/td>\n<td align=\"right\">0.2% \u2013 3.5%<\/td>\n<td>Zema nikot\u012bna l\u012bme\u0146a diapazons viegl\u0101kai ikdienas lieto\u0161anai vai samazin\u0101\u0161anai.<\/td>\n<\/tr>\n<tr>\n<td>Akumulators<\/td>\n<td align=\"right\">Uzl\u0101d\u0113jams<\/td>\n<td>Pal\u012bdz pabeigt \u0161\u0137idrumu, nevis zaud\u0113t ieelpas uz piln\u012bb\u0101 iztuk\u0161otas baterijas.<\/td>\n<\/tr>\n<tr>\n<td>Dizains<\/td>\n<td align=\"right\">Kompakta krist\u0101la stila korpuss<\/td>\n<td>Viegli p\u0101rn\u0113s\u0101jama, t\u012bra izskata, piem\u0113rota ikdienas rut\u012bnai.<\/td>\n<\/tr>\n<tr>\n<td>Gar\u0161u opcijas<\/td>\n<td align=\"right\">Da\u017e\u0101das gar\u0161as<\/td>\n<td>At\u013cauj lietot\u0101jiem izv\u0113l\u0113ties savu ierasto gar\u0161u bez papildu ier\u012bc\u0113m.<\/td>\n<\/tr>\n<tr>\n<td>Lieto\u0161anas instrukcija<\/td>\n<td align=\"right\">Aktiviz\u0113jas ievelkot<\/td>\n<td>Nav pogu; ieelpojiet, lai uzpild\u012btu.<\/td>\n<\/tr>\n<\/tbody>\n<\/table>\n<\/div>\n<\/div>\n<\/div>\n<\/div>\n<div class=\"mb-2 flex gap-3 empty:hidden -ml-2\">\n<figure id=\"attachment_3662\" aria-describedby=\"caption-attachment-3662\" style=\"width: 800px\" class=\"wp-caption alignnone\"><img decoding=\"async\" class=\"wp-image-3662 size-full\" src=\"https:\/\/vapestornado.com\/wp-content\/uploads\/2025\/01\/UWIN-Crystal-10000-Puff-Disposable-Vape-Wholesale-Cheap-Price.webp\" alt=\"UWIN Crystal 10000 Puff vienreiz\u0113j\u0101s lieto\u0161anas vape vairumtirdzniec\u012bba l\u0113ta cena\" width=\"800\" height=\"880\" srcset=\"https:\/\/vapestornado.com\/wp-content\/uploads\/2025\/01\/UWIN-Crystal-10000-Puff-Disposable-Vape-Wholesale-Cheap-Price.webp 800w, https:\/\/vapestornado.com\/wp-content\/uploads\/2025\/01\/UWIN-Crystal-10000-Puff-Disposable-Vape-Wholesale-Cheap-Price-273x300.webp 273w, https:\/\/vapestornado.com\/wp-content\/uploads\/2025\/01\/UWIN-Crystal-10000-Puff-Disposable-Vape-Wholesale-Cheap-Price-768x845.webp 768w, https:\/\/vapestornado.com\/wp-content\/uploads\/2025\/01\/UWIN-Crystal-10000-Puff-Disposable-Vape-Wholesale-Cheap-Price-600x660.webp 600w\" sizes=\"(max-width: 800px) 100vw, 800px\" \/><figcaption id=\"caption-attachment-3662\" class=\"wp-caption-text\">UWIN Crystal 10000 Puff vienreiz\u0113j\u0101s lieto\u0161anas vape vairumtirdzniec\u012bba l\u0113ta cena<\/figcaption><\/figure>\n<\/div>\n<\/div>\n<\/div>\n<\/div>\n<\/div>\n<h2 class=\"product-title\"><strong>Popul\u0101ra gar\u0161a Uwin Crystal 10000<\/strong><strong>\u00a0<\/strong><strong>Vienreiz\u0113j\u0101s lieto\u0161anas vapes<\/strong><\/h2>\n<h2 class=\"product-title\"><\/h2>\n<p>Atkl\u0101jiet gar\u0161u pasauli ar Uwin Crystal 10000 Puffs. No atsvaidzino\u0161as piparm\u0113tras l\u012bdz aug\u013cu baud\u012bjumiem, pla\u0161ais iesp\u0113ju kl\u0101sts nodro\u0161ina, ka katram noska\u0146ojumam un gaumei ir ide\u0101la atbilst\u012bba. L\u016bdzu, atrodiet popul\u0101r\u0101ko gar\u0161u saska\u0146\u0101 ar m\u016bsu p\u0101rdo\u0161anas datumu un klientu atsauksm\u0113m.<\/p>\n<p>1.Melle\u0146u ave\u0146u <span style=\"color: #ff0000;\"><strong>&gt;&gt;&gt;&gt; Karsts!<\/strong><\/span><br \/>\n2.V\u012bnogu ledus<br \/>\n3. Zeme\u0146u arb\u016bzs<br \/>\n4.Melle\u0146u ledus<br \/>\n5.Arb\u016bzu ledus <span style=\"color: #ff0000;\"><strong>&gt;&gt;&gt;&gt; Karsts!<\/strong><\/span><br \/>\n6.\u0136ir\u0161u ledus<br \/>\n7.Zeme\u0146u ave\u0146u \u0137ir\u0161u <span style=\"color: #ff0000;\"><strong>&gt;&gt;&gt;&gt; Karsts!<\/strong><\/span><br \/>\n8.Kivi pasifloras aug\u013cu gvajavas<br \/>\n9.Zeme\u0146u ledus<br \/>\n10.Persiku ledus<br \/>\n11.Zeme\u0146u kivi<br \/>\n12.Persiku ogu<br \/>\n13.\u0136ir\u0161u kola <span style=\"color: #ff0000;\"><strong>&gt;&gt;&gt;&gt; Karsts!<\/strong><\/span><br \/>\n14.Jaukto ogu<br \/>\n15.Mr zils<br \/>\n16.Persiku mango anan\u0101ss<br \/>\n17.Divi \u0101boli<br \/>\n18.Zeme\u0146u dz\u0113rve\u0146u \u0137ir\u0161i <span style=\"color: #ff0000;\"><strong>&gt;&gt;&gt;&gt; Lab\u0101kais!<\/strong><\/span><br \/>\n19.Zeme\u0146u ban\u0101ns<br \/>\n20. Lady Killa<br \/>\n21.Zila avenes limon\u0101de<br \/>\n22. Sarkan\u0101 Bulta <span style=\"color: #ff0000;\"><strong>&gt;&gt;&gt;&gt; Karsts!<\/strong><\/span><br \/>\n23.Zeme\u0146u v\u012bnoga<br \/>\n24.\u0136ir\u0161u ogas<br \/>\n25.M\u012blest\u012bba 66<br \/>\n26.Marakujas ledus<br \/>\n27.Kolas ledus<br \/>\n28.Maiami M\u0113tra <span style=\"color: #ff0000;\"><strong>&gt;&gt;&gt;&gt; Karsts!<\/strong><\/span><br \/>\n29.Vani\u013cas ledus<br \/>\n30.Citronu laims<\/p>\n<div class=\"flex-shrink-0 flex flex-col relative items-end\">\n<div class=\"pt-0\">\n<div class=\"gizmo-bot-avatar flex h-8 w-8 items-center justify-center overflow-hidden rounded-full\">\n<div class=\"relative p-1 rounded-sm flex items-center justify-center bg-token-main-surface-primary text-token-text-primary h-8 w-8\">\n<h3>BUJ par Uwin Crystal 10000 atk\u0101rtoti uzl\u0101d\u0113jamo ier\u012bci<strong>\u00a0<\/strong>Vienreiz\u0113j\u0101s lieto\u0161anas iztvaic\u0113t\u0101js<\/h3>\n<h3><\/h3>\n<p data-start=\"2904\" data-end=\"3222\"><strong data-start=\"2904\" data-end=\"3008\">1. Vai Uwin Crystal 10000 Puffs vienreizlietojam\u0101 vape ir piem\u0113rota cilv\u0113kam, kur\u0161 p\u0101rsl\u0113dzas no cigaret\u0113m?<\/strong><br data-start=\"3008\" data-end=\"3011\" \/>J\u0101. The <strong data-start=\"3020\" data-end=\"3064\">Uwin Crystal 10000 Puffs vienreizlietojam\u0101 vape<\/strong> nodro\u0161ina ilgu darb\u012bbas laiku un regul\u0113jamu zema nikot\u012bna diapazonu, t\u0101d\u0113j\u0101di sm\u0113\u0137\u0113t\u0101ji var izv\u0113l\u0113ties stiprumu, kas ir tuvs vi\u0146u ierastajai ieradumam, un izvair\u012bties no past\u0101v\u012bgas ier\u012bces mai\u0146as.<\/p>\n<p data-start=\"3224\" data-end=\"3539\"><strong data-start=\"3224\" data-end=\"3311\">2. Cik ilgi parasti kalpo Uwin Crystal 10000 Puffs uzl\u0101d\u0113jama vienreizlietojam\u0101 vape?<\/strong><br data-start=\"3311\" data-end=\"3314\" \/>Ilgums ir atkar\u012bgs no t\u0101, cik bie\u017ei j\u016bs vape, bet parast\u0101 ikdienas lieto\u0161an\u0101 <strong data-start=\"3382\" data-end=\"3434\">Uwin Crystal 10000 Puffs uzl\u0101d\u0113jama vienreizlietojam\u0101 vape<\/strong> parasti kalpo daudz ilg\u0101k nek\u0101 3k\u20135k mode\u013ci, pateicoties augst\u0101kajam ieelpu skaitam un uzl\u0101d\u0113jamai baterijai.<\/p>\n<p data-start=\"3541\" data-end=\"3817\"><strong data-start=\"3541\" data-end=\"3619\">3. K\u0101du nikot\u012bna l\u012bmeni man b\u016btu j\u0101izv\u0113las Uwin Crystal 10000 Puffs?<\/strong><br data-start=\"3619\" data-end=\"3622\" \/>Ja sm\u0113\u0137\u0113jat viegli vai v\u0113laties maz\u0101k nikot\u012bna, s\u0101kiet ar <strong data-start=\"3677\" data-end=\"3688\">0.2%\u20131%<\/strong>. Ja j\u016bs b\u016btu smag\u0101ks sm\u0113\u0137\u0113t\u0101js, bet joproj\u0101m v\u0113laties m\u0113renu iedarb\u012bbu, <strong data-start=\"3750\" data-end=\"3761\">2%\u20133.5%<\/strong> ir parasta diapazons. Punkts ir kontrole, nevis p\u0101rslodze.<\/p>\n<p data-start=\"3819\" data-end=\"4073\"><strong data-start=\"3819\" data-end=\"3892\">4. Vai Uwin Crystal 10000 Puffs saglab\u0101 to pa\u0161u gar\u0161u ilgtermi\u0146\u0101?<\/strong><br data-start=\"3892\" data-end=\"3895\" \/>Augsta p\u016btiena ier\u012bces var izbal\u0113t, ja spole nevar tikt gal\u0101 ar slodzi. Uwin Crystal ir izstr\u0101d\u0101ts ikdienas lieto\u0161anai, un uzl\u0101de pal\u012bdz uztur\u0113t vienm\u0113r\u012bgu izvad\u012b\u0161anu l\u012bdz \u0161\u0137idrums ir beidzies.<\/p>\n<p data-start=\"4075\" data-end=\"4309\"><strong data-start=\"4075\" data-end=\"4149\">5. Vai Uwin Crystal 10000 Puffs ir viegli p\u0101rn\u0113s\u0101jams darbam vai ce\u013cojumiem?<\/strong><br data-start=\"4149\" data-end=\"4152\" \/>J\u0101. Kompaktais korpuss ir paredz\u0113ts kabat\u0101m un dienas som\u0101m. Tas ir vienk\u0101r\u0161i cilv\u0113kiem, kuri v\u0113las kaut ko vienk\u0101r\u0161u p\u0101rtraukumos, ne\u0146emot l\u012bdzi rezerves apr\u012bkojumu.<\/p>\n<p data-start=\"4075\" data-end=\"4309\">\n<\/div>\n<\/div>\n<\/div>\n<\/div>\n<div class=\"flex-shrink-0 flex flex-col relative items-end\">\n<div class=\"pt-0\">\n<div class=\"gizmo-bot-avatar flex h-8 w-8 items-center justify-center overflow-hidden rounded-full\">\n<div class=\"relative p-1 rounded-sm flex items-center justify-center bg-token-main-surface-primary text-token-text-primary h-8 w-8\">\n<div class=\"mb-2 flex gap-3 empty:hidden -ml-2\">\n<div role=\"article\" data-tabster=\"{&quot;groupper&quot;:{&quot;tabbability&quot;:2},&quot;focusable&quot;:{}}\" data-content=\"ai-message\" aria-labelledby=\"Vdt5ez4X7Tg813x6rFVha-author Vdt5ez4X7Tg813x6rFVha-content\">\n<div id=\"Vdt5ez4X7Tg813x6rFVha-content\">\n<div role=\"article\" data-tabster=\"{&quot;groupper&quot;:{&quot;tabbability&quot;:2},&quot;focusable&quot;:{}}\" data-content=\"ai-message\" aria-labelledby=\"o968oC7CEo2fGHsGdsRYC-author o968oC7CEo2fGHsGdsRYC-content\">\n<div id=\"o968oC7CEo2fGHsGdsRYC-content\">\n<h3>K\u0101p\u0113c izv\u0113l\u0113ties vapestornado Uwin Crystal 10000 Puffs vienreiz\u0113j\u0101s lieto\u0161anas vape vairumtirdzniec\u012bb\u0101?<\/h3>\n<div class=\"flex-shrink-0 flex flex-col relative items-end\">\n<div class=\"pt-0\">\n<div class=\"gizmo-bot-avatar flex h-8 w-8 items-center justify-center overflow-hidden rounded-full\">\n<div class=\"relative p-1 rounded-sm flex items-center justify-center bg-token-main-surface-primary text-token-text-primary h-8 w-8\">\n<p>Laipni l\u016bdzam vapestornado, j\u016bsu uzticamaj\u0101 tie\u0161saistes vape veikal\u0101, kur\u0101 var ieg\u0101d\u0101ties augst\u0101k\u0101s kvalit\u0101tes vienreiz\u0113j\u0101s lieto\u0161anas vape. Ar vair\u0101k nek\u0101 5 gadu pieredzi m\u0113s pied\u0101v\u0101jam jums popul\u0101rus vienreiz\u0113j\u0101s lieto\u0161anas vape z\u012bmolus, piem\u0113ram, Fumot RandM Vape, Vapme, Bang Vape, Waspe Vape un WGA Vape utt.<\/p>\n<p>M\u016bsu kl\u0101st\u0101 ir iek\u013cauti karstie izp\u0101rdo\u0161anas veipi, piem\u0113ram, <a href=\"https:\/\/vapestornado.com\/lv\/product\/randm-12000-puffs-fumot-digital-disposable-vape-wholesale-price\/\">RandM Tornado 12000<\/a>, un bag\u0101t\u012bgas gar\u0161as izv\u0113les, piem\u0113ram, <a href=\"https:\/\/vapestornado.com\/lv\/product\/wga-crystal-pro-max-extra-15000-puffs-rechargeable-disposable-vape-wholesale-bulk-buy\/\">\u00a0WGA Krist\u0101ls 15k P\u016b\u0161\u013ci<\/a> . Katrs produkts ir izv\u0113l\u0113ts, koncentr\u0113joties uz kvalit\u0101ti, v\u0113rt\u012bbu un daudzveid\u012bbu, nodro\u0161inot, ka j\u016bs atrad\u012bsiet perfektu atbilst\u012bbu sav\u0101m vajadz\u012bb\u0101m. Atkl\u0101jiet izcilu servisu un pla\u0161u popul\u0101r\u0101ko produktu kl\u0101stu par vairumtirdzniec\u012bbas cen\u0101m vietn\u0113 vapestornado.<\/p>\n<\/div>\n<p>&nbsp;<\/p>\n<p><strong>Citi karstie izp\u0101rdo\u0161anas vienreiz\u0113j\u0101s lieto\u0161anas veipi<\/strong><\/p>\n<p><a href=\"https:\/\/vapestornado.com\/lv\/product\/vapsolo-tornado-pro-12000-puffs-2-5-low-nicotine-bulk-buy-rechargeable-disposable-vapes-pen-wholesale-price\/\">VapSolo Tornado Pro 12000 dvesmas <span style=\"color: #ff0000;\"><strong>&gt;&gt;&gt;&gt; Uz priek\u0161u!<\/strong><\/span><\/a><\/p>\n<p><a href=\"https:\/\/vapestornado.com\/lv\/product\/jnr-mega-shisha-hookah-100000-puffs-disposable-vape-wholesale-price\/\">JNR Mega Shisha Hookah 100 dvesmas<span style=\"color: #ff0000;\"><strong>&gt;&gt;&gt;&gt; Uz priek\u0161u!<\/strong><\/span><\/a><\/p>\n<p><a href=\"https:\/\/vapestornado.com\/lv\/product\/tornado-vape-fihp-15000-puffs-2-low-nicotine-disposable-vape-wholesale\/\">Tornado Vape FIHP 15000 <span style=\"color: #ff0000;\"><strong>&gt;&gt;&gt;&gt; Uz priek\u0161u!<\/strong><\/span><\/a><\/p>\n<\/div>\n<\/div>\n<\/div>\n<p>&nbsp;<\/p>\n<\/div>\n<\/div>\n<\/div>\n<\/div>\n<\/div>\n<\/div>\n<\/div>\n<\/div>\n<\/div>","protected":false},"excerpt":{"rendered":"<p>Uwin Crystal 10000 pufa vienreiz\u0113j\u0101 vape ier\u012bce ikdienas stabilai lieto\u0161anai<br \/>\nUwin Crystal 10K uzl\u0101d\u0113jama vienreiz\u0113j\u0101 vape ar zema nikot\u012bna opcij\u0101m<br \/>\nUwin Crystal 10000 pufa bar\u012bba ar bag\u0101t\u012bg\u0101m gar\u0161\u0101m kompakt\u0101 krist\u0101la korpus\u0101<\/p>\n<p><strong>Pievienojiet Eimijas whatsapp, lai sa\u0146emtu pareizu atbildi un iztvaic\u0113t\u0101ja kuponu!<\/strong><\/p>\n<p><img fetchpriority=\"high\" decoding=\"async\" class=\"size-full wp-image-2932\" src=\"https:\/\/vapestornado.com\/wp-content\/uploads\/2024\/12\/Vape-Wholesale.jpg\" alt=\"Veipu Vairumtirdzniec\u012bba\" width=\"229\" height=\"300\" \/><\/p>\n<h3><a href=\"https:\/\/wa.me\/8617776015835\"><span style=\"color: #ff0000;\"><strong>WhatsApp: +86 17776015835<\/strong><\/span><\/a><\/h3>\n<p>&nbsp;<\/p>","protected":false},"featured_media":3664,"comment_status":"open","ping_status":"closed","template":"","meta":{"_acf_changed":false,"_uag_custom_page_level_css":"","_lmt_disableupdate":"no","_lmt_disable":"","_monsterinsights_skip_tracking":false,"_monsterinsights_sitenote_active":false,"_monsterinsights_sitenote_note":"","_monsterinsights_sitenote_category":0,"site-sidebar-layout":"default","site-content-layout":"","ast-site-content-layout":"default","site-content-style":"default","site-sidebar-style":"default","ast-global-header-display":"","ast-banner-title-visibility":"","ast-main-header-display":"","ast-hfb-above-header-display":"","ast-hfb-below-header-display":"","ast-hfb-mobile-header-display":"","site-post-title":"","ast-breadcrumbs-content":"","ast-featured-img":"","footer-sml-layout":"","ast-disable-related-posts":"","theme-transparent-header-meta":"default","adv-header-id-meta":"","stick-header-meta":"","header-above-stick-meta":"","header-main-stick-meta":"","header-below-stick-meta":"","astra-migrate-meta-layouts":"set","ast-page-background-enabled":"default","ast-page-background-meta":{"desktop":{"background-color":"","background-image":"","background-repeat":"repeat","background-position":"center center","background-size":"auto","background-attachment":"scroll","background-type":"","background-media":"","overlay-type":"","overlay-color":"","overlay-opacity":"","overlay-gradient":""},"tablet":{"background-color":"","background-image":"","background-repeat":"repeat","background-position":"center center","background-size":"auto","background-attachment":"scroll","background-type":"","background-media":"","overlay-type":"","overlay-color":"","overlay-opacity":"","overlay-gradient":""},"mobile":{"background-color":"","background-image":"","background-repeat":"repeat","background-position":"center center","background-size":"auto","background-attachment":"scroll","background-type":"","background-media":"","overlay-type":"","overlay-color":"","overlay-opacity":"","overlay-gradient":""}},"ast-content-background-meta":{"desktop":{"background-color":"var(--ast-global-color-5)","background-image":"","background-repeat":"repeat","background-position":"center center","background-size":"auto","background-attachment":"scroll","background-type":"","background-media":"","overlay-type":"","overlay-color":"","overlay-opacity":"","overlay-gradient":""},"tablet":{"background-color":"var(--ast-global-color-5)","background-image":"","background-repeat":"repeat","background-position":"center center","background-size":"auto","background-attachment":"scroll","background-type":"","background-media":"","overlay-type":"","overlay-color":"","overlay-opacity":"","overlay-gradient":""},"mobile":{"background-color":"var(--ast-global-color-5)","background-image":"","background-repeat":"repeat","background-position":"center center","background-size":"auto","background-attachment":"scroll","background-type":"","background-media":"","overlay-type":"","overlay-color":"","overlay-opacity":"","overlay-gradient":""}},"_joinchat":{"telephone":"+8617776015835"}},"product_brand":[],"product_cat":[106,153,160,143,146,233],"product_tag":[165,120,97,166,94,227,477],"class_list":{"0":"post-3683","1":"product","2":"type-product","3":"status-publish","4":"has-post-thumbnail","6":"product_cat-10000-puff","7":"product_cat-buy-disposable-vapes-in-italy","8":"product_cat-buy-disposable-vapes-in-switzerland","9":"product_cat-dual-mesh-disposable-vapes","10":"product_cat-rechargeable-disposable-vapes","11":"product_cat-uwin-vape","12":"product_tag-cheap-vapes","13":"product_tag-crystal-vape","14":"product_tag-hot-sale-disposable-vape","15":"product_tag-low-nicotine-vape","16":"product_tag-rechargeable-disposable-vape","17":"product_tag-uwin-crystal-10000","18":"product_tag-vape-with-rgb-light","19":"desktop-align-left","20":"tablet-align-left","21":"mobile-align-left","23":"first","24":"instock","25":"sale","26":"shipping-taxable","27":"purchasable","28":"product-type-simple"},"acf":[],"uagb_featured_image_src":{"full":["https:\/\/vapestornado.com\/wp-content\/uploads\/2025\/01\/UWIN-Crystal-10000-Puffs-Disposable-Vape-Wholesale.webp",800,870,false],"thumbnail":["https:\/\/vapestornado.com\/wp-content\/uploads\/2025\/01\/UWIN-Crystal-10000-Puffs-Disposable-Vape-Wholesale-150x150.webp",150,150,true],"medium":["https:\/\/vapestornado.com\/wp-content\/uploads\/2025\/01\/UWIN-Crystal-10000-Puffs-Disposable-Vape-Wholesale-276x300.webp",276,300,true],"medium_large":["https:\/\/vapestornado.com\/wp-content\/uploads\/2025\/01\/UWIN-Crystal-10000-Puffs-Disposable-Vape-Wholesale-768x835.webp",768,835,true],"large":["https:\/\/vapestornado.com\/wp-content\/uploads\/2025\/01\/UWIN-Crystal-10000-Puffs-Disposable-Vape-Wholesale.webp",800,870,false],"1536x1536":["https:\/\/vapestornado.com\/wp-content\/uploads\/2025\/01\/UWIN-Crystal-10000-Puffs-Disposable-Vape-Wholesale.webp",800,870,false],"2048x2048":["https:\/\/vapestornado.com\/wp-content\/uploads\/2025\/01\/UWIN-Crystal-10000-Puffs-Disposable-Vape-Wholesale.webp",800,870,false],"trp-custom-language-flag":["https:\/\/vapestornado.com\/wp-content\/uploads\/2025\/01\/UWIN-Crystal-10000-Puffs-Disposable-Vape-Wholesale.webp",11,12,false],"woocommerce_thumbnail":["https:\/\/vapestornado.com\/wp-content\/uploads\/2025\/01\/UWIN-Crystal-10000-Puffs-Disposable-Vape-Wholesale-300x300.webp",300,300,true],"woocommerce_single":["https:\/\/vapestornado.com\/wp-content\/uploads\/2025\/01\/UWIN-Crystal-10000-Puffs-Disposable-Vape-Wholesale-600x653.webp",600,653,true],"woocommerce_gallery_thumbnail":["https:\/\/vapestornado.com\/wp-content\/uploads\/2025\/01\/UWIN-Crystal-10000-Puffs-Disposable-Vape-Wholesale-100x100.webp",100,100,true]},"uagb_author_info":{"display_name":"ESAMY","author_link":"https:\/\/vapestornado.com\/lv\/author\/"},"uagb_comment_info":0,"uagb_excerpt":"Uwin Crystal 10000 Puffs Disposable Vape for Steady Daily Use Uwin Crystal 10K Rechargeable Disposable with Low-Nicitube Options Uwin Crystal 10000 Puff Bar Rich Flavors in a Compact Crystal Body Add Amy's whatsapp get right reply and vape coupon! WhatsApp: +86 17776015835 &nbsp;","_links":{"self":[{"href":"https:\/\/vapestornado.com\/lv\/wp-json\/wp\/v2\/product\/3683","targetHints":{"allow":["GET"]}}],"collection":[{"href":"https:\/\/vapestornado.com\/lv\/wp-json\/wp\/v2\/product"}],"about":[{"href":"https:\/\/vapestornado.com\/lv\/wp-json\/wp\/v2\/types\/product"}],"replies":[{"embeddable":true,"href":"https:\/\/vapestornado.com\/lv\/wp-json\/wp\/v2\/comments?post=3683"}],"wp:featuredmedia":[{"embeddable":true,"href":"https:\/\/vapestornado.com\/lv\/wp-json\/wp\/v2\/media\/3664"}],"wp:attachment":[{"href":"https:\/\/vapestornado.com\/lv\/wp-json\/wp\/v2\/media?parent=3683"}],"wp:term":[{"taxonomy":"product_brand","embeddable":true,"href":"https:\/\/vapestornado.com\/lv\/wp-json\/wp\/v2\/product_brand?post=3683"},{"taxonomy":"product_cat","embeddable":true,"href":"https:\/\/vapestornado.com\/lv\/wp-json\/wp\/v2\/product_cat?post=3683"},{"taxonomy":"product_tag","embeddable":true,"href":"https:\/\/vapestornado.com\/lv\/wp-json\/wp\/v2\/product_tag?post=3683"}],"curies":[{"name":"wp","href":"https:\/\/api.w.org\/{rel}","templated":true}]}}