{"id":3668,"date":"2025-01-03T09:09:38","date_gmt":"2025-01-03T09:09:38","guid":{"rendered":"https:\/\/vapestornado.com\/?post_type=product&#038;p=3668"},"modified":"2025-08-23T10:46:05","modified_gmt":"2025-08-23T10:46:05","slug":"wholesale-waspe-40000-puffs-dual-flavor-disposable-vape","status":"publish","type":"product","link":"https:\/\/vapestornado.com\/lv\/product\/wholesale-waspe-40000-puffs-dual-flavor-disposable-vape\/","title":{"rendered":"Vairumtirdzniec\u012bba Waspe 40000 uzp\u016btienu divu gar\u0161u vienreiz\u0113j\u0101s lieto\u0161anas iztvaic\u0113t\u0101js"},"content":{"rendered":"<h1>Vairumtirdzniec\u012bba Waspe 40000 uzp\u016btienu divu gar\u0161u vienreiz\u0113j\u0101s lieto\u0161anas iztvaic\u0113t\u0101js<\/h1>\n<p data-start=\"276\" data-end=\"565\">T\u0101 <strong data-start=\"280\" data-end=\"329\">Waspe 40000 Dvesienu Divu Gar\u0161u Vienreiz\u0113j\u0101s Lieto\u0161anas Vape<\/strong> ir paredz\u0113ts vairumtirgot\u0101jiem un mazumtirgot\u0101jiem, kuri mekl\u0113 lielas ietilp\u012bbas ier\u012bci ar unik\u0101l\u0101m funkcij\u0101m. Pied\u0101v\u0101jot l\u012bdz pat <strong data-start=\"437\" data-end=\"453\">40 000 uzp\u016btienu<\/strong> un <strong data-start=\"460\" data-end=\"482\">36 ml e-\u0161\u0137idruma tvertni<\/strong>, \u0161is vape nodro\u0161ina ilgsto\u0161u lieto\u0161anu, samazinot nepiecie\u0161am\u012bbu p\u0113c bie\u017eas nomai\u0146as.<\/p>\n<p data-start=\"567\" data-end=\"847\">T\u0101 <strong data-start=\"571\" data-end=\"593\">divu gar\u0161u sist\u0113ma<\/strong> \u013cauj lietot\u0101jiem p\u0101rsl\u0113gties starp diviem gar\u0161u profiliem vien\u0101 ier\u012bc\u0113, palielinot da\u017e\u0101d\u012bbu un klientu pievilc\u012bbu. Apr\u012bkots ar <strong data-start=\"721\" data-end=\"752\">850mAh uzl\u0101d\u0113jams akumulators<\/strong> un <strong data-start=\"757\" data-end=\"781\">C tipa \u0101tr\u0101 uzl\u0101de<\/strong>, Waspe 40K nodro\u0161ina uzticamu darb\u012bbu visas dienas garum\u0101.<\/p>\n<p data-start=\"849\" data-end=\"1132\">T\u0101 <strong data-start=\"853\" data-end=\"874\">LED viedais displejs<\/strong> inform\u0113 lietot\u0101jus par akumulatora darb\u012bbas laiku un e-\u0161\u0137idruma l\u012bmeni, savuk\u0101rt <strong data-start=\"946\" data-end=\"965\">0,9 \u03a9 sieta spoles<\/strong> nodro\u0161ina vienm\u0113r\u012bgu tvaika ra\u017eo\u0161anu un izteiktu gar\u0161u. Pieejams <strong data-start=\"1028\" data-end=\"1060\">2% un 5% nikot\u012bna stiprumi<\/strong>, tas ir piem\u0113rots gan viegl\u0101kiem lietot\u0101jiem, gan tiem, kas dod priek\u0161roku sp\u0113c\u012bg\u0101kam tr\u0101p\u012bjumam.<\/p>\n<p data-start=\"1134\" data-end=\"1325\">Latvijas izplat\u012bt\u0101jiem <strong data-start=\"1165\" data-end=\"1197\">Waspe 40000 Divu Gar\u0161u Vape<\/strong> apvieno lielu ietilp\u012bbu, modernu dizainu un <strong data-start=\"1242\" data-end=\"1275\">konkur\u0113tsp\u0113j\u012bgas vairumtirdzniec\u012bbas cenas<\/strong>, padarot to par izdev\u012bgu izv\u0113li lielapjoma pas\u016bt\u012bjumiem.<\/p>\n<p><img fetchpriority=\"high\" decoding=\"async\" class=\"alignnone size-medium wp-image-4246\" src=\"https:\/\/vapestornado.com\/wp-content\/uploads\/2024\/12\/Waspe-DOUBLE-FLAVOUR-40k-Vape-Discount-Price-300x234.jpg\" alt=\"Waspe DOUBLE FLAVOUR 40k Vape Atlaides Cena\" width=\"300\" height=\"234\" srcset=\"https:\/\/vapestornado.com\/wp-content\/uploads\/2024\/12\/Waspe-DOUBLE-FLAVOUR-40k-Vape-Discount-Price-300x234.jpg 300w, https:\/\/vapestornado.com\/wp-content\/uploads\/2024\/12\/Waspe-DOUBLE-FLAVOUR-40k-Vape-Discount-Price-1024x799.jpg 1024w, https:\/\/vapestornado.com\/wp-content\/uploads\/2024\/12\/Waspe-DOUBLE-FLAVOUR-40k-Vape-Discount-Price-768x600.jpg 768w, https:\/\/vapestornado.com\/wp-content\/uploads\/2024\/12\/Waspe-DOUBLE-FLAVOUR-40k-Vape-Discount-Price-15x12.jpg 15w, https:\/\/vapestornado.com\/wp-content\/uploads\/2024\/12\/Waspe-DOUBLE-FLAVOUR-40k-Vape-Discount-Price-600x468.jpg 600w, https:\/\/vapestornado.com\/wp-content\/uploads\/2024\/12\/Waspe-DOUBLE-FLAVOUR-40k-Vape-Discount-Price.jpg 1500w\" sizes=\"(max-width: 300px) 100vw, 300px\" \/><\/p>\n<h3>Produkta inform\u0101cija<\/h3>\n<p>Uzp\u016btieni: 40000 uzp\u016btieni<br \/>\nDubult\u0101 gar\u0161a<br \/>\nSieta spole: 0.9 omi + 0.9 omi<br \/>\nE-\u0161\u0137idrums: 36ml<br \/>\nNikot\u012bns: 0%\/2%\/5%<br \/>\nAkumulators: 850mah<br \/>\nUzl\u0101d\u0113jams: C tips<br \/>\nLED displejs<br \/>\nProdukta svars: 120g\/gab. Produkta izm\u0113rs: 61*31*115mm<br \/>\nDaudzums: 160 gab.\/kast\u0113, 10 gab.\/kast\u0113<br \/>\nBruto svars: 20 kg<\/p>\n<h3><strong>Waspe 40000 Puffs divas gar\u0161as<\/strong> Funkcijas<\/h3>\n<ol>\n<li><strong>Divu gar\u0161u sist\u0113ma:<\/strong> Izbaudiet divas at\u0161\u0137ir\u012bgas gar\u0161as vien\u0101 ier\u012bc\u0113, lai ieg\u016btu unik\u0101lu tvaic\u0113\u0161anas pieredzi.<\/li>\n<li><strong>Milz\u012bgs dvesienu skaits:<\/strong> Nodro\u0161ina l\u012bdz 40 000 uzp\u016btienu vien\u0101 ier\u012bc\u0113 ilgsto\u0161ai lieto\u0161anai.<\/li>\n<li><strong>Uzl\u0101d\u0113jams akumulators:<\/strong> 850mAh ietilp\u012bba ar C tipa \u0101tru uzl\u0101di.<\/li>\n<li><strong>Liela e-\u0161\u0137idruma ietilp\u012bba:<\/strong> 36ml e-\u0161\u0137idruma nodro\u0161ina nep\u0101rtrauktas tvaic\u0113\u0161anas sesijas.<\/li>\n<li><strong>Sieta spir\u0101les tehnolo\u0123ija:<\/strong> 0.9 omu spoles uzlabotai gar\u0161ai un vienm\u0113r\u012bgai tvaika ra\u017eo\u0161anai.<\/li>\n<\/ol>\n<h3>Gar\u0161u saraksts<\/h3>\n<ol start=\"1\" data-spread=\"false\" data-pm-slice=\"3 3 []\">\n<li>Arb\u016bzu ledus \/ Citronu laims<\/li>\n<li>G\u0101z\u0113ts \u0137ir\u0161u ledus \/ Melle\u0146u cukura vate<\/li>\n<li>Zeme\u0146u arb\u016bzs \/ Melle\u0146u avenes<\/li>\n<li>Red Bull ledus \/ Zeme\u0146u mango<\/li>\n<li>Persiku ledus \/ Ananasu mango persiks<\/li>\n<li>V\u012bnogu ledus \/ Zeme\u0146u kivi<\/li>\n<li>Jauktas ogas \/ Dubultais \u0101bolu ledus<\/li>\n<li>Zil\u0101 ave\u0146u limon\u0101de \/ Arb\u016bzu ko\u0161\u013c\u0101jam\u0101 gumija<\/li>\n<li>Zeme\u0146u ave\u0146u \u0137irsis \/ Love 666<\/li>\n<li>Zeme\u0146u ban\u0101ns \/ Ananasu kokosriekstu ledus<\/li>\n<li>Zeme\u0146u arb\u016bzu ko\u0161\u013c\u0101jam\u0101 gumija \/ Jaukti aug\u013ci<\/li>\n<li>\u0136ir\u0161u kolas ledus \/ Zeme\u0146u ave\u0146u konfekte<\/li>\n<li>Sk\u0101bais \u0101bolu ave\u0146u \/ Zeme\u0146u Big Bang<\/li>\n<li>Persiku oga \/ Arb\u016bzu mango persiks<\/li>\n<li>Melle\u0146u ledus \/ Meln\u0101 p\u016b\u0137a ledus<\/li>\n<li>Zeme\u0146u \u0137irsis \/ Kivi marakujas gvajava<\/li>\n<\/ol>\n<h4><strong>Top 5 gar\u0161as<\/strong><\/h4>\n<ol start=\"1\" data-spread=\"false\">\n<li><strong>Arb\u016bzu ledus \/ Citronu laims:<\/strong> Atsvaidzino\u0161s vasaras aug\u013cu spr\u0101dziens ar citrusaug\u013cu noti.<\/li>\n<li><strong>G\u0101z\u0113ta \u0137ir\u0161u ledus \/ Melle\u0146u cukura vate:<\/strong> Salda un g\u0101z\u0113ta piln\u012bba desertu cien\u012bt\u0101jiem.<\/li>\n<li><strong>Zeme\u0146u arb\u016bzs \/ Melle\u0146u ave\u0146u:<\/strong> Aug\u013cu mais\u012bjums, kas ir gan salds, gan ass.<\/li>\n<li><strong>Red Bull Ledus \/ Zeme\u0146u mango:<\/strong> Toniz\u0113jo\u0161s un tropisks, ide\u0101li piem\u0113rots ener\u0123ijas atjauno\u0161anai.<\/li>\n<li><strong>Persiku ledus \/ Ananasu mango persiks:<\/strong> Tropisks trio ar v\u0113su, ledainu p\u0113cgar\u0161u.<\/li>\n<\/ol>\n<h2 data-start=\"135\" data-end=\"179\">WASPE S\u0113rijas Sal\u012bdzin\u0101jums (Vairumtirdzniec\u012bbas Ce\u013cvedis)<\/h2>\n<p data-start=\"181\" data-end=\"206\"><strong data-start=\"181\" data-end=\"204\">WASPE Tornado 15000<\/strong><\/p>\n<ul data-start=\"207\" data-end=\"569\">\n<li data-start=\"207\" data-end=\"224\">\n<p data-start=\"209\" data-end=\"224\">Dvesieni: 15 000<\/p>\n<\/li>\n<li data-start=\"225\" data-end=\"257\">\n<p data-start=\"227\" data-end=\"257\">Akumulators: 850mAh uzl\u0101d\u0113jams<\/p>\n<\/li>\n<li data-start=\"258\" data-end=\"285\">\n<p data-start=\"260\" data-end=\"285\">E-\u0161\u0137idruma tilpums: 25 ml<\/p>\n<\/li>\n<li data-start=\"286\" data-end=\"310\">\n<p data-start=\"288\" data-end=\"310\">Spoles tips: sieti\u0146\u0161 0,8 \u03a9<\/p>\n<\/li>\n<li data-start=\"311\" data-end=\"382\">\n<p data-start=\"313\" data-end=\"382\">Galven\u0101s iez\u012bmes: digit\u0101lais displejs, kompakts dizains, C tipa \u0101tr\u0101 uzl\u0101de<\/p>\n<\/li>\n<li data-start=\"383\" data-end=\"419\">\n<p data-start=\"385\" data-end=\"419\">Nikot\u012bna opcijas: 0%, 2%, 3%, 5%<\/p>\n<\/li>\n<li data-start=\"420\" data-end=\"499\">\n<p data-start=\"422\" data-end=\"499\">M\u0113r\u0137a klienti: ies\u0101c\u0113ji, mazumtirgot\u0101ji, kas mekl\u0113 pieejamus kr\u0101jumus<\/p>\n<\/li>\n<li data-start=\"500\" data-end=\"569\">\n<p data-start=\"502\" data-end=\"569\">Vairumtirdzniec\u012bbas atsl\u0113gv\u0101rdi: Waspe 15K vienreiz\u0113j\u0101s lieto\u0161anas vape, vairumtirdzniec\u012bbas vape pildspalva<\/p>\n<\/li>\n<\/ul>\n<hr data-start=\"571\" data-end=\"574\" \/>\n<p data-start=\"576\" data-end=\"601\"><strong data-start=\"576\" data-end=\"599\">WASPE 25000 Digital<\/strong><\/p>\n<ul data-start=\"602\" data-end=\"1000\">\n<li data-start=\"602\" data-end=\"619\">\n<p data-start=\"604\" data-end=\"619\">P\u016btes: 25 000<\/p>\n<\/li>\n<li data-start=\"620\" data-end=\"652\">\n<p data-start=\"622\" data-end=\"652\">Akumulators: 850mAh uzl\u0101d\u0113jams<\/p>\n<\/li>\n<li data-start=\"653\" data-end=\"680\">\n<p data-start=\"655\" data-end=\"680\">E-\u0161\u0137idruma tilpums: 28 ml<\/p>\n<\/li>\n<li data-start=\"681\" data-end=\"705\">\n<p data-start=\"683\" data-end=\"705\">Spoles tips: sieti\u0146\u0161 1,0 \u03a9<\/p>\n<\/li>\n<li data-start=\"706\" data-end=\"794\">\n<p data-start=\"708\" data-end=\"794\">Galven\u0101s iez\u012bmes: viedais LED ekr\u0101ns, divu gar\u0161u sl\u0113dzis, videi draudz\u012bgs uzl\u0101d\u0113jams dizains<\/p>\n<\/li>\n<li data-start=\"795\" data-end=\"831\">\n<p data-start=\"797\" data-end=\"831\">Nikot\u012bna opcijas: 0%, 2%, 3%, 5%<\/p>\n<\/li>\n<li data-start=\"832\" data-end=\"919\">\n<p data-start=\"834\" data-end=\"919\">M\u0113r\u0137a klienti: mazumtirgot\u0101ji, kas m\u0113r\u0137\u0113 uz vid\u0113jas klases pirc\u0113jiem, izplat\u012bt\u0101ji Latvij\u0101<\/p>\n<\/li>\n<li data-start=\"920\" data-end=\"1000\">\n<p data-start=\"922\" data-end=\"1000\">Vairumtirdzniec\u012bbas atsl\u0113gv\u0101rdi: Waspe 25K digit\u0101l\u0101 vape, divu gar\u0161u vienreiz\u0113j\u0101s lieto\u0161anas vairumtirdzniec\u012bba<\/p>\n<\/li>\n<\/ul>\n<hr data-start=\"1002\" data-end=\"1005\" \/>\n<p data-start=\"1007\" data-end=\"1042\"><strong data-start=\"1007\" data-end=\"1040\">WASPE FIHP 30000 Smart Screen<\/strong><\/p>\n<ul data-start=\"1043\" data-end=\"1431\">\n<li data-start=\"1043\" data-end=\"1060\">\n<p data-start=\"1045\" data-end=\"1060\">P\u016btes: 30 000<\/p>\n<\/li>\n<li data-start=\"1061\" data-end=\"1093\">\n<p data-start=\"1063\" data-end=\"1093\">Akumulators: 850mAh uzl\u0101d\u0113jams<\/p>\n<\/li>\n<li data-start=\"1094\" data-end=\"1121\">\n<p data-start=\"1096\" data-end=\"1121\">E-\u0161\u0137idruma tilpums: 28 ml<\/p>\n<\/li>\n<li data-start=\"1122\" data-end=\"1158\">\n<p data-start=\"1124\" data-end=\"1158\">Spoles tips: dubult\u0101 sieti\u0146\u0161 1,0 \u03a9 + 1,0 \u03a9<\/p>\n<\/li>\n<li data-start=\"1159\" data-end=\"1246\">\n<p data-start=\"1161\" data-end=\"1246\">Galven\u0101s iez\u012bmes: viedais displejs, divi tvaic\u0113\u0161anas re\u017e\u012bmi (parastais<\/p>\n<\/li>\n<li data-start=\"1247\" data-end=\"1275\">\n<p data-start=\"1249\" data-end=\"1275\">Nikot\u012bna opcijas: 2%, 5%<\/p>\n<\/li>\n<li data-start=\"1276\" data-end=\"1352\">\n<p data-start=\"1278\" data-end=\"1352\">M\u0113r\u0137a klienti: veikali, kas koncentr\u0113jas uz premium produktiem, gar\u0161as entuziasti<\/p>\n<\/li>\n<li data-start=\"1353\" data-end=\"1431\">\n<p data-start=\"1355\" data-end=\"1431\">Vairumtirdzniec\u012bbas atsl\u0113gv\u0101rdi: Waspe FIHP 30K vape, vied\u0101 ekr\u0101na vienreiz\u0113j\u0101s lieto\u0161anas vairumtirdzniec\u012bba<\/p>\n<\/li>\n<\/ul>\n<hr data-start=\"1433\" data-end=\"1436\" \/>\n<p data-start=\"1438\" data-end=\"1467\"><strong data-start=\"1438\" data-end=\"1465\">WASPE 40000 Divu Gar\u0161u<\/strong><\/p>\n<ul data-start=\"1468\" data-end=\"1847\">\n<li data-start=\"1468\" data-end=\"1485\">\n<p data-start=\"1470\" data-end=\"1485\">P\u016btes: 40 000<\/p>\n<\/li>\n<li data-start=\"1486\" data-end=\"1518\">\n<p data-start=\"1488\" data-end=\"1518\">Akumulators: 850mAh uzl\u0101d\u0113jams<\/p>\n<\/li>\n<li data-start=\"1519\" data-end=\"1546\">\n<p data-start=\"1521\" data-end=\"1546\">E-\u0161\u0137idruma tilpums: 36 ml<\/p>\n<\/li>\n<li data-start=\"1547\" data-end=\"1576\">\n<p data-start=\"1549\" data-end=\"1576\">Spoles tips: Dubult\u0101 sieta 0,9 \u03a9<\/p>\n<\/li>\n<li data-start=\"1577\" data-end=\"1655\">\n<p data-start=\"1579\" data-end=\"1655\">Galven\u0101s iez\u012bmes: Divu gar\u0161u sist\u0113ma, LED viedais displejs, ilgsto\u0161a ietilp\u012bba<\/p>\n<\/li>\n<li data-start=\"1656\" data-end=\"1684\">\n<p data-start=\"1658\" data-end=\"1684\">Nikot\u012bna opcijas: 2%, 5%<\/p>\n<\/li>\n<li data-start=\"1685\" data-end=\"1762\">\n<p data-start=\"1687\" data-end=\"1762\">M\u0113r\u0137a klienti: Akt\u012bvi lietot\u0101ji, izplat\u012bt\u0101ji, kas mekl\u0113 ier\u012bces ar ilgu darb\u012bbas laiku<\/p>\n<\/li>\n<li data-start=\"1763\" data-end=\"1847\">\n<p data-start=\"1765\" data-end=\"1847\">Vairumtirdzniec\u012bbas atsl\u0113gv\u0101rdi: Waspe 40K divu gar\u0161u vape, vienreiz\u0113j\u0101s lieto\u0161anas vape vairumtirdzniec\u012bba Eiropa<\/p>\n<\/li>\n<\/ul>\n<h3 data-pm-slice=\"1 3 []\"><strong>BUJ<\/strong><\/h3>\n<ol start=\"1\" data-spread=\"true\">\n<li><strong>Cik ilgi kalpo Waspe 40000 Puffs vienreizlietojamais veips?<\/strong> Ar l\u012bdz pat 40 000 dvesm\u0101m tas var kalpot ned\u0113\u013cas vai pat m\u0113ne\u0161us, atkar\u012bb\u0101 no lieto\u0161anas paradumiem.<\/li>\n<li><strong>Vai Waspe 40000 Puffs vienreizlietojamais veips ir uzl\u0101d\u0113jams?<\/strong> J\u0101, tai ir 850 mAh uzl\u0101d\u0113jams akumulators ar Type-C uzl\u0101des portu.<\/li>\n<li><strong>K\u0101di nikot\u012bna l\u012bme\u0146i ir pieejami?<\/strong> Izv\u0113lieties starp 0%, 2% vai 5% nikot\u012bna, lai atbilstu j\u016bsu vajadz\u012bb\u0101m.<\/li>\n<li><strong>Vai ier\u012bce atbalsta divas gar\u0161as?<\/strong> J\u0101, tai ir divu gar\u0161u sist\u0113ma uzlabotai veipo\u0161anas pieredzei.<\/li>\n<li><strong>Kas padara Waspe 40000 Puffs \u012bpa\u0161u?<\/strong> Milz\u012bgais dvesmu skaits, divas gar\u0161as, uzl\u0101d\u0113jams akumulators un izcila uzb\u016bves kvalit\u0101te to at\u0161\u0137ir no citiem.<\/li>\n<\/ol>\n<h4>WASPE 40000 Divu Gar\u0161u vape vairumtirdzniec\u012bba Sazinieties un sa\u0146emiet atlaidi t\u016bl\u012bt!<a href=\"https:\/\/wa.me\/8618077105750\" target=\"_blank\" rel=\"noopener\">+8618077105750<\/a><\/h4>\n<p><img decoding=\"async\" class=\"size-large wp-image-2921\" src=\"https:\/\/vapestornado.com\/wp-content\/uploads\/2024\/11\/20062b3a285f900e79520aad496b94d-887x1024.jpg\" alt=\"vapestornado Vicky\" width=\"887\" height=\"1024\" srcset=\"https:\/\/vapestornado.com\/wp-content\/uploads\/2024\/11\/20062b3a285f900e79520aad496b94d-887x1024.jpg 887w, https:\/\/vapestornado.com\/wp-content\/uploads\/2024\/11\/20062b3a285f900e79520aad496b94d-260x300.jpg 260w, https:\/\/vapestornado.com\/wp-content\/uploads\/2024\/11\/20062b3a285f900e79520aad496b94d-768x887.jpg 768w, https:\/\/vapestornado.com\/wp-content\/uploads\/2024\/11\/20062b3a285f900e79520aad496b94d-600x693.jpg 600w, https:\/\/vapestornado.com\/wp-content\/uploads\/2024\/11\/20062b3a285f900e79520aad496b94d.jpg 1080w\" sizes=\"(max-width: 887px) 100vw, 887px\" \/><\/p>","protected":false},"excerpt":{"rendered":"<p data-start=\"1365\" data-end=\"1535\">T\u0101 <strong data-start=\"1369\" data-end=\"1395\">Waspe 40000 Dvesienu Vape<\/strong> pied\u0101v\u0101 du\u0101las gar\u0161as, 36 ml ietilp\u012bbu un viedu LED ekr\u0101nu. Ilgsto\u0161a, uzl\u0101d\u0113jama izv\u0113le <strong data-start=\"1496\" data-end=\"1532\">vairumtirdzniec\u012bbas vape tirgiem Eirop\u0101<\/strong>.<\/p>\n<p><strong><span style=\"color: #ff0000;\">(m\u016bsu vietnes cen\u0101 nav iek\u013cautas pieg\u0101des izmaksas, l\u016bdzu, sazinieties ar mani, lai sa\u0146emtu visu cenu un j\u016bsu atlaidi!)<\/span><\/strong><\/p>\n<p><img decoding=\"async\" class=\"size-medium wp-image-2921\" src=\"https:\/\/vapestornado.com\/wp-content\/uploads\/2024\/11\/20062b3a285f900e79520aad496b94d-260x300.jpg\" alt=\"vapestornado Vicky\" width=\"260\" height=\"300\" srcset=\"https:\/\/vapestornado.com\/wp-content\/uploads\/2024\/11\/20062b3a285f900e79520aad496b94d-260x300.jpg 260w, https:\/\/vapestornado.com\/wp-content\/uploads\/2024\/11\/20062b3a285f900e79520aad496b94d-887x1024.jpg 887w, https:\/\/vapestornado.com\/wp-content\/uploads\/2024\/11\/20062b3a285f900e79520aad496b94d-768x887.jpg 768w, https:\/\/vapestornado.com\/wp-content\/uploads\/2024\/11\/20062b3a285f900e79520aad496b94d-600x693.jpg 600w, https:\/\/vapestornado.com\/wp-content\/uploads\/2024\/11\/20062b3a285f900e79520aad496b94d.jpg 1080w\" sizes=\"(max-width: 260px) 100vw, 260px\" \/><\/p>","protected":false},"featured_media":4245,"comment_status":"open","ping_status":"closed","template":"","meta":{"_acf_changed":false,"_uag_custom_page_level_css":"","_lmt_disableupdate":"no","_lmt_disable":"","_monsterinsights_skip_tracking":false,"_monsterinsights_sitenote_active":false,"_monsterinsights_sitenote_note":"","_monsterinsights_sitenote_category":0,"site-sidebar-layout":"default","site-content-layout":"","ast-site-content-layout":"default","site-content-style":"default","site-sidebar-style":"default","ast-global-header-display":"","ast-banner-title-visibility":"","ast-main-header-display":"","ast-hfb-above-header-display":"","ast-hfb-below-header-display":"","ast-hfb-mobile-header-display":"","site-post-title":"","ast-breadcrumbs-content":"","ast-featured-img":"","footer-sml-layout":"","ast-disable-related-posts":"","theme-transparent-header-meta":"default","adv-header-id-meta":"","stick-header-meta":"","header-above-stick-meta":"","header-main-stick-meta":"","header-below-stick-meta":"","astra-migrate-meta-layouts":"set","ast-page-background-enabled":"default","ast-page-background-meta":{"desktop":{"background-color":"","background-image":"","background-repeat":"repeat","background-position":"center center","background-size":"auto","background-attachment":"scroll","background-type":"","background-media":"","overlay-type":"","overlay-color":"","overlay-opacity":"","overlay-gradient":""},"tablet":{"background-color":"","background-image":"","background-repeat":"repeat","background-position":"center center","background-size":"auto","background-attachment":"scroll","background-type":"","background-media":"","overlay-type":"","overlay-color":"","overlay-opacity":"","overlay-gradient":""},"mobile":{"background-color":"","background-image":"","background-repeat":"repeat","background-position":"center center","background-size":"auto","background-attachment":"scroll","background-type":"","background-media":"","overlay-type":"","overlay-color":"","overlay-opacity":"","overlay-gradient":""}},"ast-content-background-meta":{"desktop":{"background-color":"var(--ast-global-color-5)","background-image":"","background-repeat":"repeat","background-position":"center center","background-size":"auto","background-attachment":"scroll","background-type":"","background-media":"","overlay-type":"","overlay-color":"","overlay-opacity":"","overlay-gradient":""},"tablet":{"background-color":"var(--ast-global-color-5)","background-image":"","background-repeat":"repeat","background-position":"center center","background-size":"auto","background-attachment":"scroll","background-type":"","background-media":"","overlay-type":"","overlay-color":"","overlay-opacity":"","overlay-gradient":""},"mobile":{"background-color":"var(--ast-global-color-5)","background-image":"","background-repeat":"repeat","background-position":"center center","background-size":"auto","background-attachment":"scroll","background-type":"","background-media":"","overlay-type":"","overlay-color":"","overlay-opacity":"","overlay-gradient":""}},"_joinchat":{"telephone":"+8618077105750"}},"product_brand":[],"product_cat":[140,65,152,154,155,158,160,143,60],"product_tag":[],"class_list":{"0":"post-3668","1":"product","2":"type-product","3":"status-publish","4":"has-post-thumbnail","6":"product_cat-big-puffs-disposable-vapes","7":"product_cat-40000-puff","8":"product_cat-buy-disposable-vapes-in-cermany","9":"product_cat-buy-disposable-vapes-in-netherlands","10":"product_cat-buy-disposable-vapes-in-norway","11":"product_cat-buy-disposable-vapes-in-spain","12":"product_cat-buy-disposable-vapes-in-switzerland","13":"product_cat-dual-mesh-disposable-vapes","14":"product_cat-waspe-fihp-vape","15":"desktop-align-left","16":"tablet-align-left","17":"mobile-align-left","19":"first","20":"instock","21":"sale","22":"shipping-taxable","23":"purchasable","24":"product-type-simple"},"acf":[],"uagb_featured_image_src":{"full":["https:\/\/vapestornado.com\/wp-content\/uploads\/2024\/12\/Waspe-DOUBLE-FLAVOUR-40k-Vape-Cheap-Price.jpg",1500,1500,false],"thumbnail":["https:\/\/vapestornado.com\/wp-content\/uploads\/2024\/12\/Waspe-DOUBLE-FLAVOUR-40k-Vape-Cheap-Price-150x150.jpg",150,150,true],"medium":["https:\/\/vapestornado.com\/wp-content\/uploads\/2024\/12\/Waspe-DOUBLE-FLAVOUR-40k-Vape-Cheap-Price-300x300.jpg",300,300,true],"medium_large":["https:\/\/vapestornado.com\/wp-content\/uploads\/2024\/12\/Waspe-DOUBLE-FLAVOUR-40k-Vape-Cheap-Price-768x768.jpg",768,768,true],"large":["https:\/\/vapestornado.com\/wp-content\/uploads\/2024\/12\/Waspe-DOUBLE-FLAVOUR-40k-Vape-Cheap-Price-1024x1024.jpg",1024,1024,true],"1536x1536":["https:\/\/vapestornado.com\/wp-content\/uploads\/2024\/12\/Waspe-DOUBLE-FLAVOUR-40k-Vape-Cheap-Price.jpg",1500,1500,false],"2048x2048":["https:\/\/vapestornado.com\/wp-content\/uploads\/2024\/12\/Waspe-DOUBLE-FLAVOUR-40k-Vape-Cheap-Price.jpg",1500,1500,false],"trp-custom-language-flag":["https:\/\/vapestornado.com\/wp-content\/uploads\/2024\/12\/Waspe-DOUBLE-FLAVOUR-40k-Vape-Cheap-Price-12x12.jpg",12,12,true],"woocommerce_thumbnail":["https:\/\/vapestornado.com\/wp-content\/uploads\/2024\/12\/Waspe-DOUBLE-FLAVOUR-40k-Vape-Cheap-Price-300x300.jpg",300,300,true],"woocommerce_single":["https:\/\/vapestornado.com\/wp-content\/uploads\/2024\/12\/Waspe-DOUBLE-FLAVOUR-40k-Vape-Cheap-Price-600x600.jpg",600,600,true],"woocommerce_gallery_thumbnail":["https:\/\/vapestornado.com\/wp-content\/uploads\/2024\/12\/Waspe-DOUBLE-FLAVOUR-40k-Vape-Cheap-Price-100x100.jpg",100,100,true]},"uagb_author_info":{"display_name":"ESvicky","author_link":"https:\/\/vapestornado.com\/lv\/author\/"},"uagb_comment_info":0,"uagb_excerpt":"The Waspe 40000 Puffs Vape offers dual flavors, 36ml capacity, and a smart LED screen. A long-lasting, rechargeable choice for wholesale vape markets in Europe. (our website price not include shipping cost, please contact me to get whole price and your disccount!)","_links":{"self":[{"href":"https:\/\/vapestornado.com\/lv\/wp-json\/wp\/v2\/product\/3668","targetHints":{"allow":["GET"]}}],"collection":[{"href":"https:\/\/vapestornado.com\/lv\/wp-json\/wp\/v2\/product"}],"about":[{"href":"https:\/\/vapestornado.com\/lv\/wp-json\/wp\/v2\/types\/product"}],"replies":[{"embeddable":true,"href":"https:\/\/vapestornado.com\/lv\/wp-json\/wp\/v2\/comments?post=3668"}],"wp:featuredmedia":[{"embeddable":true,"href":"https:\/\/vapestornado.com\/lv\/wp-json\/wp\/v2\/media\/4245"}],"wp:attachment":[{"href":"https:\/\/vapestornado.com\/lv\/wp-json\/wp\/v2\/media?parent=3668"}],"wp:term":[{"taxonomy":"product_brand","embeddable":true,"href":"https:\/\/vapestornado.com\/lv\/wp-json\/wp\/v2\/product_brand?post=3668"},{"taxonomy":"product_cat","embeddable":true,"href":"https:\/\/vapestornado.com\/lv\/wp-json\/wp\/v2\/product_cat?post=3668"},{"taxonomy":"product_tag","embeddable":true,"href":"https:\/\/vapestornado.com\/lv\/wp-json\/wp\/v2\/product_tag?post=3668"}],"curies":[{"name":"wp","href":"https:\/\/api.w.org\/{rel}","templated":true}]}}