{"id":3661,"date":"2025-01-03T08:52:12","date_gmt":"2025-01-03T08:52:12","guid":{"rendered":"https:\/\/vapestornado.com\/?post_type=product&#038;p=3661"},"modified":"2025-08-23T09:37:36","modified_gmt":"2025-08-23T09:37:36","slug":"cheap-price-razz-bar-25000-puffs-wholesale-vape","status":"publish","type":"product","link":"https:\/\/vapestornado.com\/lv\/product\/cheap-price-razz-bar-25000-puffs-wholesale-vape\/","title":{"rendered":"L\u0113ta cena RAZZ BAR 25000 Uzp\u016b\u0161u vairumtirdzniec\u012bbas vape"},"content":{"rendered":"<h1>L\u0113ta cena RAZZ BAR 25000 Uzp\u016b\u0161u vairumtirdzniec\u012bbas vape<\/h1>\n<div role=\"article\" data-tabster=\"{&quot;groupper&quot;:{&quot;tabbability&quot;:2},&quot;focusable&quot;:{}}\" data-content=\"ai-message\" aria-labelledby=\"64JRvXrTnY7mRmPkEQLLT-author 64JRvXrTnY7mRmPkEQLLT-content\">\n<div id=\"64JRvXrTnY7mRmPkEQLLT-content\">\n<div role=\"article\" data-tabster=\"{&quot;groupper&quot;:{&quot;tabbability&quot;:2},&quot;focusable&quot;:{}}\" data-content=\"ai-message\" aria-labelledby=\"64JRvXrTnY7mRmPkEQLLT-author 64JRvXrTnY7mRmPkEQLLT-content\">\n<div id=\"64JRvXrTnY7mRmPkEQLLT-content\">\n<p>T\u0101 <strong>RAZZ BAR 25000 Puffs Vienreizlietojamais Veips<\/strong> ir revolucion\u0101rs produkts gan veipo\u0161anas entuziastiem, gan vairumtirgot\u0101jiem. Izstr\u0101d\u0101ta ar inov\u0101cij\u0101m t\u0101s pamat\u0101, \u0161\u012b lielas ietilp\u012bbas ier\u012bce pied\u0101v\u0101 nevainojamu kvalit\u0101tes, stila un pieejam\u012bbas kombin\u0101ciju. Ar iespaid\u012bgu <strong>25 000 dvesmu skaitu<\/strong>, tas garant\u0113 ilgsto\u0161u baud\u012bjumu, padarot to perfektu tiem, kas mekl\u0113 ilgtermi\u0146a v\u0113rt\u012bbu.<\/p>\n<p>Katrai ier\u012bcei ir <strong>650mAh uzl\u0101d\u0113jams akumulators<\/strong>, ko papildina \u0101tra un uzticama <strong>Type-C uzl\u0101des tehnolo\u0123ija<\/strong>, nodro\u0161inot, ka j\u016bs vienm\u0113r esat uzl\u0101d\u0113ts, lai kur j\u016bs dotos. T\u0101 <strong>acu spoles tehnolo\u0123ija<\/strong> pastiprina katru gar\u0161u, nodro\u0161inot gludus, bl\u012bvus tvaikus, kas uzlabo j\u016bsu veipo\u0161anas baud\u012bjumu.<\/p>\n<p>Pieejams <strong>16 neatvair\u0101mas gar\u0161as<\/strong> un ar <strong>2% vai 5% s\u0101ls nikot\u012bnu<\/strong>, RAZZ BAR piel\u0101gojas da\u017e\u0101d\u0101m gar\u0161as v\u0113lm\u0113m. T\u0101 vieglais un p\u0101rn\u0113s\u0101jamais dizains padara to ide\u0101lu gan ikdienas lietot\u0101jiem, gan nopietniem veipot\u0101jiem.<\/p>\n<p>Uz\u0146\u0113mumiem RAZZ BAR ir sap\u0146u produkts vairumtirdzniec\u012bbai, iepakots <strong>200 gabaliem kartona kast\u0113<\/strong> efekt\u012bvai beztaras izplat\u012b\u0161anai. Ar savu konkur\u0113tsp\u0113j\u012bgo cenu un augst\u0101k\u0101s kvalit\u0101tes funkcij\u0101m, \u0161is produkts ir oblig\u0101ts, lai papla\u0161in\u0101tu j\u016bsu invent\u0101ru.<\/p>\n<p>Paaugstiniet savu veipo\u0161anas l\u012bmeni vai papildiniet savus plauktus ar <strong>RAZZ BAR 25000 Dvesmas<\/strong>, perfektu veiktsp\u0113jas un pieejam\u012bbas l\u012bdzsvaru. Nepalaidiet gar\u0101m iesp\u0113ju pied\u0101v\u0101t produktu, kas no jauna defin\u0113 vienreizlietojamo veipu tirgu!<\/p>\n<\/div>\n<\/div>\n<figure id=\"attachment_3686\" aria-describedby=\"caption-attachment-3686\" style=\"width: 531px\" class=\"wp-caption alignnone\"><img fetchpriority=\"high\" decoding=\"async\" class=\"wp-image-3686\" src=\"https:\/\/vapestornado.com\/wp-content\/uploads\/2025\/01\/RAZZ-BAR-25000-Puffs-Lemon-Lime.webp\" alt=\"RAZZ BAR 25000 Puffs Citronu Ka\u013c\u0137is\" width=\"531\" height=\"531\" srcset=\"https:\/\/vapestornado.com\/wp-content\/uploads\/2025\/01\/RAZZ-BAR-25000-Puffs-Lemon-Lime.webp 800w, https:\/\/vapestornado.com\/wp-content\/uploads\/2025\/01\/RAZZ-BAR-25000-Puffs-Lemon-Lime-300x300.webp 300w, https:\/\/vapestornado.com\/wp-content\/uploads\/2025\/01\/RAZZ-BAR-25000-Puffs-Lemon-Lime-150x150.webp 150w, https:\/\/vapestornado.com\/wp-content\/uploads\/2025\/01\/RAZZ-BAR-25000-Puffs-Lemon-Lime-768x768.webp 768w, https:\/\/vapestornado.com\/wp-content\/uploads\/2025\/01\/RAZZ-BAR-25000-Puffs-Lemon-Lime-600x600.webp 600w, https:\/\/vapestornado.com\/wp-content\/uploads\/2025\/01\/RAZZ-BAR-25000-Puffs-Lemon-Lime-100x100.webp 100w\" sizes=\"(max-width: 531px) 100vw, 531px\" \/><figcaption id=\"caption-attachment-3686\" class=\"wp-caption-text\">RAZZ BAR 25000 Puffs Citronu Ka\u013c\u0137is<\/figcaption><\/figure>\n<\/div>\n<\/div>\n<p><img decoding=\"async\" class=\"alignleft wp-image-2951 size-medium\" src=\"https:\/\/vapestornado.com\/wp-content\/uploads\/2024\/12\/Wholesale-Disposable-Vape-265x300.jpg\" alt=\"Vienreiz\u0113j\u0101s lieto\u0161anas Vape vairumtirdzniec\u012bba\" width=\"265\" height=\"300\" srcset=\"https:\/\/vapestornado.com\/wp-content\/uploads\/2024\/12\/Wholesale-Disposable-Vape-265x300.jpg 265w, https:\/\/vapestornado.com\/wp-content\/uploads\/2024\/12\/Wholesale-Disposable-Vape-768x871.jpg 768w, https:\/\/vapestornado.com\/wp-content\/uploads\/2024\/12\/Wholesale-Disposable-Vape-600x680.jpg 600w, https:\/\/vapestornado.com\/wp-content\/uploads\/2024\/12\/Wholesale-Disposable-Vape.jpg 823w\" sizes=\"(max-width: 265px) 100vw, 265px\" \/><\/p>\n<h5>L\u016bdzu, sazinieties ar Mandiju WhatsApp, lai sa\u0146emtu atlaides cenu<a href=\"https:\/\/wa.me\/8618077105796\" target=\"_blank\" rel=\"noopener\">+8618077105796<\/a><\/h5>\n<div class=\"flex max-w-full flex-col flex-grow\">\n<div class=\"min-h-8 text-message flex w-full flex-col items-end gap-2 whitespace-normal break-words text-start [.text-message+&amp;]:mt-5\" dir=\"auto\" data-message-author-role=\"assistant\" data-message-id=\"cdb991c0-f594-4bff-b2d5-fbbdd7ce9e54\" data-message-model-slug=\"gpt-4o-mini\">\n<div class=\"flex w-full flex-col gap-1 empty:hidden first:pt-[3px]\">\n<div class=\"markdown prose w-full break-words dark:prose-invert light\"><\/div>\n<\/div>\n<\/div>\n<\/div>\n<div class=\"mb-2 flex gap-3 empty:hidden -ml-2\">\n<h2>Razz bar 25000puffs veipu galven\u0101s iez\u012bmes:<\/h2>\n<ul>\n<li><strong>Nikot\u012bna stiprums:<\/strong> Pieejami ar 2% un 5% nikot\u012bna s\u0101ls saturu, lai piel\u0101gotu veipo\u0161anas pieredzi.<\/li>\n<li><strong>Dvesmu skaits:<\/strong> L\u012bdz <strong>25 000 uzp\u016btieniem<\/strong>, nodro\u0161inot nep\u0101rsp\u0113jamu ilgm\u016b\u017e\u012bbu.<\/li>\n<li><strong>Gar\u0161as:<\/strong> Izv\u0113lieties no <strong>16 augst\u0101k\u0101s klases gar\u0161\u0101m<\/strong>, katrs izstr\u0101d\u0101ts maksim\u0101lam gandar\u012bjumam.<\/li>\n<li><strong>Akumulators:<\/strong> <strong>650mAh uzl\u0101d\u0113jams akumulators<\/strong> ar efekt\u012bvu <strong>C tipa \u0101tr\u0101 uzl\u0101de<\/strong> nep\u0101rtrauktai lieto\u0161anai.<\/li>\n<li><strong>Tehnolo\u0123ija:<\/strong> Integr\u0113ta <strong>acu spoles tehnolo\u0123ija<\/strong> nodro\u0161ina vienm\u0113r\u012bgu, maigu tvaiku un intens\u012bvu gar\u0161u.<\/li>\n<li><strong>Iepakojums:<\/strong> \u0112rti iepakots <strong>200 gabaliem kartona kast\u0113<\/strong> liela apjoma pas\u016bt\u012bjumiem.<\/li>\n<\/ul>\n<\/div>\n<h2>RAZZBAR 25000 Puffs karst\u0101s p\u0101rdo\u0161anas veipu p\u0101k\u0161u gar\u0161as:<\/h2>\n<p>1. Sul\u012bgs persiku ledus<br \/>\n2. Zeme\u0146u ban\u0101ns<br \/>\n3. Red Bull v\u012bnogas<br \/>\n4. Melle\u0146u ledus<br \/>\n5. Arb\u016bzu ledus<br \/>\n6. Sul\u012bgs ledus<br \/>\n7. Tropu aug\u013ci<br \/>\n8.Zeme\u0146u kivi<br \/>\n9.Zeme\u0146u ledus<br \/>\n10.Ogu mais\u012bjums<br \/>\n11.Zeme\u0146u ave\u0146u \u0137ir\u0161u ledus<br \/>\n12. M\u012blest\u012bba 66<br \/>\n13.Meln\u0101 p\u016b\u0137a ledus<br \/>\n14.Citronu laims<br \/>\n15.Melle\u0146u sk\u0101b\u0101 avene<br \/>\n16.Zeme\u0146u arb\u016bzu ko\u0161\u013c\u0101jam\u0101 gumija<\/p>\n<div role=\"article\" data-tabster=\"{&quot;groupper&quot;:{&quot;tabbability&quot;:2},&quot;focusable&quot;:{}}\" data-content=\"ai-message\" aria-labelledby=\"dARUyEWDoEYhnSPXFwx5A-author dARUyEWDoEYhnSPXFwx5A-content\">\n<div id=\"dARUyEWDoEYhnSPXFwx5A-content\">\n<h2>K\u0101p\u0113c izv\u0113l\u0113ties RAZZ BAR 25000 dvesmas <strong>\u00a0<\/strong>at <a href=\"https:\/\/vapestornado.com\/lv\/product\/bang-box-35k-puffs-high-capacity-long-lasting-disposable-vape\/\">vapestornado.com?<\/a><\/h2>\n<h4><strong>*Nep\u0101rsp\u0113jams ilgm\u016b\u017e\u012bba<\/strong><\/h4>\n<p>T\u0101 <strong>RAZZ BAR 25000 Dvesmas<\/strong> ir izstr\u0101d\u0101ts iztur\u012bbai, nodro\u0161inot l\u012bdz pat <strong>25 000 uzp\u016btieniem<\/strong> uz vienu ier\u012bci. Tas padara to par lab\u0101ko izv\u0113li tvaic\u0113t\u0101jiem, kuriem ir svar\u012bga ilgsto\u0161a veiktsp\u0113ja bez nemit\u012bgas nomai\u0146as.<\/p>\n<h4><strong>*Augst\u0101k\u0101 kvalit\u0101te par konkur\u0113tsp\u0113j\u012bg\u0101m cen\u0101m<\/strong><\/h4>\n<p>At <strong>vapestornado.com<\/strong>, m\u0113s pied\u0101v\u0101jam RAZZ BAR par nep\u0101rsp\u0113jam\u0101m vairumtirdzniec\u012bbas cen\u0101m, padarot to par rentablu iesp\u0113ju gan mazumtirgot\u0101jiem, gan individu\u0101lajiem pirc\u0113jiem. Izbaudiet augst\u0101k\u0101s kvalit\u0101tes tvaic\u0113\u0161anas tehnolo\u0123ijas, neiztuk\u0161ojot maku.<\/p>\n<h4><strong>*Daudzveid\u012bgas gar\u0161u opcijas<\/strong><\/h4>\n<p>Ar <strong>16 ko\u0161as gar\u0161as<\/strong> pieejamas, ikviens atrad\u012bs kaut ko sev. No aug\u013cu mais\u012bjumiem l\u012bdz atsvaidzino\u0161am mentolam, katra gar\u0161a ir rad\u012bta, lai sniegtu bag\u0101t\u012bgu un apmierino\u0161u pieredzi.<\/p>\n<h4><strong>*Uzlabotas funkcijas<\/strong><\/h4>\n<p>T\u0101 <strong>650mAh uzl\u0101d\u0113jams akumulators<\/strong>, apvienojum\u0101 ar <strong>C tipa \u0101tr\u0101 uzl\u0101de<\/strong> un <strong>acu spoles tehnolo\u0123ija<\/strong>, nodro\u0161ina konsekventu veiktsp\u0113ju, vienm\u0113r\u012bgu tvaiku ra\u017eo\u0161anu un izteiktu gar\u0161as intensit\u0101ti ar katru dvesmu.<\/p>\n<h4><strong>*Uzticams vairumtirdzniec\u012bbas partneris<\/strong><\/h4>\n<p>vapestornado.com ir uzticams pieg\u0101d\u0101t\u0101js tvaic\u0113\u0161anas nozar\u0113, pied\u0101v\u0101jot <strong>dro\u0161iem dar\u012bjumiem<\/strong>, <strong>\u0101tra pieg\u0101de<\/strong>un \u012bpa\u0161u klientu atbalstu. Ar liela apjoma iepakojumiem <strong>200 gabaliem kartona kast\u0113<\/strong>, kr\u0101jumu papildin\u0101\u0161ana nekad nav bijusi tik vienk\u0101r\u0161a.<\/p>\n<h4><strong>*Videi draudz\u012bgs dizains<\/strong><\/h4>\n<p>RAZZ BAR pied\u0101v\u0101 uzl\u0101d\u0113jamu tehnolo\u0123iju, samazinot atkritumus un atbalstot ilgtsp\u0113j\u012bg\u0101ku tvaic\u0113\u0161anas dz\u012bvesveidu.<\/p>\n<p>Izv\u0113lieties <strong>RAZZ BAR 25000 Dvesmas<\/strong> at <strong>vapestornado.com<\/strong> par augst\u0101k\u0101s kvalit\u0101tes tvaic\u0113\u0161anas risin\u0101jumu, kas nodro\u0161ina izcilu v\u0113rt\u012bbu, inov\u0101cijas un gar\u0161u katr\u0101 dvesm\u0101!<\/p>\n<\/div>\n<\/div>\n<h2>Bie\u017e\u0101k uzdotie jaut\u0101jumi par RAZZ BAR VAPE 25000 dvesm\u0101m<\/h2>\n<p><strong>1. Cik ilgi darbojas RAZZ BAR 25000 dvesmas?<\/strong><br \/>\nRAZZ BAR 25000 dvesmas nodro\u0161ina l\u012bdz pat 25 000 dvesmu, padarot to par vienu no iztur\u012bg\u0101kajiem vienreizlietojamajiem tvaic\u0113t\u0101jiem tirg\u016b. T\u0101 kalpo\u0161anas laiks ir atkar\u012bgs no individu\u0101liem lieto\u0161anas paradumiem, bet parasti tas ilgst vair\u0101kas ned\u0113\u013cas vai pat m\u0113ne\u0161us m\u0113reniem lietot\u0101jiem.<\/p>\n<p><strong>2. Vai es varu uzl\u0101d\u0113t RAZZ BAR 25000 dvesmu tvaic\u0113t\u0101ju vair\u0101kas reizes?<\/strong><br \/>\nJ\u0101, RAZZ BAR ir apr\u012bkots ar 650 mAh uzl\u0101d\u0113jamu akumulatoru, ko var uzl\u0101d\u0113t vair\u0101kas reizes. Tas ir izstr\u0101d\u0101ts, lai nodro\u0161in\u0101tu nemain\u012bgu veiktsp\u0113ju vis\u0101 t\u0101 kalpo\u0161anas laik\u0101, lai j\u016bs var\u0113tu to lietot, l\u012bdz e-\u0161\u0137idrums ir piln\u012bb\u0101 izlietots.<\/p>\n<p><strong>3. Vai RAZZ BAR 25k vienreizlietojamam tvaic\u0113t\u0101jam ir iek\u013cauta C tipa uzl\u0101des piesl\u0113gvieta?<\/strong><br \/>\nRAZZ BAR ir apr\u012bkots ar ieb\u016bv\u0113tu C tipa uzl\u0101des piesl\u0113gvietu, kas nodro\u0161ina \u0113rtu un \u0101tru uzl\u0101di. Tom\u0113r iepakojum\u0101 nav iek\u013cauts uzl\u0101des kabelis, t\u0101p\u0113c uzl\u0101dei jums b\u016bs j\u0101izmanto standarta C tipa kabelis.<\/p>\n<p><strong>4. K\u0101ds ir lab\u0101kais veids, k\u0101 uztur\u0113t optim\u0101lu veiktsp\u0113ju 25000 dvesmu RAZZ BAR tvaic\u0113t\u0101jam?<\/strong><br \/>\nLai RAZZ BAR saglab\u0101tu vislab\u0101ko veiktsp\u0113ju, regul\u0101ri uzl\u0101d\u0113jiet to, izmantojot C tipa kabeli, un izvairieties no akumulatora p\u0101rl\u0101d\u0113\u0161anas. Uzglab\u0101jiet ier\u012bci v\u0113s\u0101, saus\u0101 viet\u0101, prom no karstuma vai tie\u0161iem saules stariem. Nodro\u0161iniet, lai uzl\u0101des piesl\u0113gvieta paliktu t\u012bra un bez putek\u013ciem. Turkl\u0101t, \u013caujiet ier\u012bcei atp\u016bsties starp gar\u0101m tvaic\u0113\u0161anas sesij\u0101m, lai nov\u0113rstu p\u0101rkar\u0161anu.<\/p>","protected":false},"excerpt":{"rendered":"<p><strong>RAZZ BAR 25000 Puffs Vairumtirdzniec\u012bbas Veipi<\/strong> par nep\u0101rsp\u0113jam\u0101m cen\u0101m. Pied\u0101v\u0101jot 16 augst\u0101k\u0101s kvalit\u0101tes gar\u0161as, 650 mAh uzl\u0101d\u0113jamu akumulatoru un 25 000 dvesmu ilgsto\u0161ai baud\u012b\u0161anai!<\/p>\n<figure id=\"attachment_2951\" aria-describedby=\"caption-attachment-2951\" style=\"width: 265px\" class=\"wp-caption alignnone\"><img decoding=\"async\" class=\"size-medium wp-image-2951\" src=\"https:\/\/vapestornado.com\/wp-content\/uploads\/2024\/12\/Wholesale-Disposable-Vape-265x300.jpg\" alt=\"Vienreiz\u0113j\u0101s lieto\u0161anas Vape vairumtirdzniec\u012bba\" width=\"265\" height=\"300\" srcset=\"https:\/\/vapestornado.com\/wp-content\/uploads\/2024\/12\/Wholesale-Disposable-Vape-265x300.jpg 265w, https:\/\/vapestornado.com\/wp-content\/uploads\/2024\/12\/Wholesale-Disposable-Vape-768x871.jpg 768w, https:\/\/vapestornado.com\/wp-content\/uploads\/2024\/12\/Wholesale-Disposable-Vape-600x680.jpg 600w, https:\/\/vapestornado.com\/wp-content\/uploads\/2024\/12\/Wholesale-Disposable-Vape.jpg 823w\" sizes=\"(max-width: 265px) 100vw, 265px\" \/><figcaption id=\"caption-attachment-2951\" class=\"wp-caption-text\">L\u016bdzu, sazinieties ar Mandiju WhatsApp, lai sa\u0146emtu atlaides cenu\u00a0 <a href=\"https:\/\/wa.me\/8618077105796\">+8618077105796<\/a><\/figcaption><\/figure>\n<p>&nbsp;<\/p>","protected":false},"featured_media":3687,"comment_status":"open","ping_status":"closed","template":"","meta":{"_acf_changed":false,"_uag_custom_page_level_css":"","_lmt_disableupdate":"no","_lmt_disable":"","_monsterinsights_skip_tracking":false,"_monsterinsights_sitenote_active":false,"_monsterinsights_sitenote_note":"","_monsterinsights_sitenote_category":0,"site-sidebar-layout":"default","site-content-layout":"","ast-site-content-layout":"default","site-content-style":"default","site-sidebar-style":"default","ast-global-header-display":"","ast-banner-title-visibility":"","ast-main-header-display":"","ast-hfb-above-header-display":"","ast-hfb-below-header-display":"","ast-hfb-mobile-header-display":"","site-post-title":"","ast-breadcrumbs-content":"","ast-featured-img":"","footer-sml-layout":"","ast-disable-related-posts":"","theme-transparent-header-meta":"default","adv-header-id-meta":"","stick-header-meta":"","header-above-stick-meta":"","header-main-stick-meta":"","header-below-stick-meta":"","astra-migrate-meta-layouts":"set","ast-page-background-enabled":"default","ast-page-background-meta":{"desktop":{"background-color":"","background-image":"","background-repeat":"repeat","background-position":"center center","background-size":"auto","background-attachment":"scroll","background-type":"","background-media":"","overlay-type":"","overlay-color":"","overlay-opacity":"","overlay-gradient":""},"tablet":{"background-color":"","background-image":"","background-repeat":"repeat","background-position":"center center","background-size":"auto","background-attachment":"scroll","background-type":"","background-media":"","overlay-type":"","overlay-color":"","overlay-opacity":"","overlay-gradient":""},"mobile":{"background-color":"","background-image":"","background-repeat":"repeat","background-position":"center center","background-size":"auto","background-attachment":"scroll","background-type":"","background-media":"","overlay-type":"","overlay-color":"","overlay-opacity":"","overlay-gradient":""}},"ast-content-background-meta":{"desktop":{"background-color":"var(--ast-global-color-5)","background-image":"","background-repeat":"repeat","background-position":"center center","background-size":"auto","background-attachment":"scroll","background-type":"","background-media":"","overlay-type":"","overlay-color":"","overlay-opacity":"","overlay-gradient":""},"tablet":{"background-color":"var(--ast-global-color-5)","background-image":"","background-repeat":"repeat","background-position":"center center","background-size":"auto","background-attachment":"scroll","background-type":"","background-media":"","overlay-type":"","overlay-color":"","overlay-opacity":"","overlay-gradient":""},"mobile":{"background-color":"var(--ast-global-color-5)","background-image":"","background-repeat":"repeat","background-position":"center center","background-size":"auto","background-attachment":"scroll","background-type":"","background-media":"","overlay-type":"","overlay-color":"","overlay-opacity":"","overlay-gradient":""}},"_joinchat":{"telephone":"+8618077105796"}},"product_brand":[],"product_cat":[68,149,153,158,146],"product_tag":[97,228],"class_list":{"0":"post-3661","1":"product","2":"type-product","3":"status-publish","4":"has-post-thumbnail","6":"product_cat-25000-puff","7":"product_cat-buy-disposable-vapes-in-austria","8":"product_cat-buy-disposable-vapes-in-italy","9":"product_cat-buy-disposable-vapes-in-spain","10":"product_cat-rechargeable-disposable-vapes","11":"product_tag-hot-sale-disposable-vape","12":"product_tag-razz-bar-25000-puffs","13":"desktop-align-left","14":"tablet-align-left","15":"mobile-align-left","17":"first","18":"instock","19":"sale","20":"shipping-taxable","21":"purchasable","22":"product-type-simple"},"acf":[],"uagb_featured_image_src":{"full":["https:\/\/vapestornado.com\/wp-content\/uploads\/2025\/01\/RAZZ-BAR-25000-Puffs-Black-Dragon-ice-GEEK-BAR.webp",800,800,false],"thumbnail":["https:\/\/vapestornado.com\/wp-content\/uploads\/2025\/01\/RAZZ-BAR-25000-Puffs-Black-Dragon-ice-GEEK-BAR-150x150.webp",150,150,true],"medium":["https:\/\/vapestornado.com\/wp-content\/uploads\/2025\/01\/RAZZ-BAR-25000-Puffs-Black-Dragon-ice-GEEK-BAR-300x300.webp",300,300,true],"medium_large":["https:\/\/vapestornado.com\/wp-content\/uploads\/2025\/01\/RAZZ-BAR-25000-Puffs-Black-Dragon-ice-GEEK-BAR-768x768.webp",768,768,true],"large":["https:\/\/vapestornado.com\/wp-content\/uploads\/2025\/01\/RAZZ-BAR-25000-Puffs-Black-Dragon-ice-GEEK-BAR.webp",800,800,false],"1536x1536":["https:\/\/vapestornado.com\/wp-content\/uploads\/2025\/01\/RAZZ-BAR-25000-Puffs-Black-Dragon-ice-GEEK-BAR.webp",800,800,false],"2048x2048":["https:\/\/vapestornado.com\/wp-content\/uploads\/2025\/01\/RAZZ-BAR-25000-Puffs-Black-Dragon-ice-GEEK-BAR.webp",800,800,false],"trp-custom-language-flag":["https:\/\/vapestornado.com\/wp-content\/uploads\/2025\/01\/RAZZ-BAR-25000-Puffs-Black-Dragon-ice-GEEK-BAR.webp",12,12,false],"woocommerce_thumbnail":["https:\/\/vapestornado.com\/wp-content\/uploads\/2025\/01\/RAZZ-BAR-25000-Puffs-Black-Dragon-ice-GEEK-BAR-300x300.webp",300,300,true],"woocommerce_single":["https:\/\/vapestornado.com\/wp-content\/uploads\/2025\/01\/RAZZ-BAR-25000-Puffs-Black-Dragon-ice-GEEK-BAR-600x600.webp",600,600,true],"woocommerce_gallery_thumbnail":["https:\/\/vapestornado.com\/wp-content\/uploads\/2025\/01\/RAZZ-BAR-25000-Puffs-Black-Dragon-ice-GEEK-BAR-100x100.webp",100,100,true]},"uagb_author_info":{"display_name":"ESMANDY","author_link":"https:\/\/vapestornado.com\/lv\/author\/"},"uagb_comment_info":0,"uagb_excerpt":"RAZZ BAR 25000 Puffs Wholesale Vape at unbeatable prices. Offering 16 premium flavors, 650mAh rechargeable battery, and 25,000 puffs for long-lasting satisfaction! [caption id=\"attachment_2951\" align=\"alignnone\" width=\"265\"] Pls Contact Mandy's WhatsApp For Discount Price\u00a0 +8618077105796[\/caption] &nbsp;","_links":{"self":[{"href":"https:\/\/vapestornado.com\/lv\/wp-json\/wp\/v2\/product\/3661","targetHints":{"allow":["GET"]}}],"collection":[{"href":"https:\/\/vapestornado.com\/lv\/wp-json\/wp\/v2\/product"}],"about":[{"href":"https:\/\/vapestornado.com\/lv\/wp-json\/wp\/v2\/types\/product"}],"replies":[{"embeddable":true,"href":"https:\/\/vapestornado.com\/lv\/wp-json\/wp\/v2\/comments?post=3661"}],"wp:featuredmedia":[{"embeddable":true,"href":"https:\/\/vapestornado.com\/lv\/wp-json\/wp\/v2\/media\/3687"}],"wp:attachment":[{"href":"https:\/\/vapestornado.com\/lv\/wp-json\/wp\/v2\/media?parent=3661"}],"wp:term":[{"taxonomy":"product_brand","embeddable":true,"href":"https:\/\/vapestornado.com\/lv\/wp-json\/wp\/v2\/product_brand?post=3661"},{"taxonomy":"product_cat","embeddable":true,"href":"https:\/\/vapestornado.com\/lv\/wp-json\/wp\/v2\/product_cat?post=3661"},{"taxonomy":"product_tag","embeddable":true,"href":"https:\/\/vapestornado.com\/lv\/wp-json\/wp\/v2\/product_tag?post=3661"}],"curies":[{"name":"wp","href":"https:\/\/api.w.org\/{rel}","templated":true}]}}