{"id":3649,"date":"2025-01-03T07:00:39","date_gmt":"2025-01-03T07:00:39","guid":{"rendered":"https:\/\/vapestornado.com\/?post_type=product&#038;p=3649"},"modified":"2025-08-23T11:20:23","modified_gmt":"2025-08-23T11:20:23","slug":"jnr-mega-shisha-hookah-100000-puffs-disposable-vape-wholesale-price","status":"publish","type":"product","link":"https:\/\/vapestornado.com\/lv\/product\/jnr-mega-shisha-hookah-100000-puffs-disposable-vape-wholesale-price\/","title":{"rendered":"AIVONO VAPE"},"content":{"rendered":"<h1 class=\"product-title\">AIVONO VAPE<\/h1>\n<p data-start=\"194\" data-end=\"561\">T\u0101 <strong data-start=\"198\" data-end=\"253\">JNR Mega Shisha Hookah 100000 Puffs Vienreiz\u0113j\u0101s lieto\u0161anas Vape<\/strong> nosaka jaunu etalonu lielas ietilp\u012bbas vienreiz\u0113j\u0101s lieto\u0161anas ier\u012bc\u0113m, padarot to par lab\u0101ko izv\u0113li <strong data-start=\"331\" data-end=\"371\">vairumtirdzniec\u012bbas izplat\u012bt\u0101jiem un mazumtirgot\u0101jiem<\/strong> kas mekl\u0113 izcilus produktus Eirop\u0101. Ar neticamu <strong data-start=\"428\" data-end=\"453\">100 000 uzp\u016btienu ietilp\u012bbu<\/strong>, \u0161is modelis nodro\u0161ina nep\u0101rsp\u0113jamu iztur\u012bbu, kas ir lieliski piem\u0113rots veikaliem, kas paredz\u0113ti intens\u012bviem lietot\u0101jiem un hookah entuziastiem.<\/p>\n<p data-start=\"563\" data-end=\"850\">Darbojas ar <strong data-start=\"576\" data-end=\"608\">2200mAh uzl\u0101d\u0113jams akumulators<\/strong> un apr\u012bkots ar <strong data-start=\"627\" data-end=\"655\">USB Type-C \u0101tro uzl\u0101di<\/strong>, JNR 100K nodro\u0161ina minim\u0101lu d\u012bkst\u0101vi un maksim\u0101lu lieto\u0161anu. A <strong data-start=\"716\" data-end=\"743\">60 ml e-\u0161\u0137idruma rezervu\u0101rs<\/strong> savienojum\u0101 ar <strong data-start=\"756\" data-end=\"780\">2% nikot\u012bna stiprums<\/strong> nodro\u0161ina garas, apmierino\u0161as sesijas, kas liek klientiem atgriezties.<\/p>\n<p data-start=\"852\" data-end=\"1168\">Integr\u0113tais <strong data-start=\"867\" data-end=\"883\">Viedais Ekr\u0101ns<\/strong> par\u0101da uzp\u016btienu skaitu, akumulatora un sulas l\u012bmeni, savuk\u0101rt <strong data-start=\"942\" data-end=\"968\">Elpojo\u0161\u0101s gaismas dizains<\/strong> pievieno stil\u012bgu, ac\u012bs kr\u012bto\u0161u elementu jaun\u0101k\u0101m demogr\u0101fisk\u0101m grup\u0101m. Ar <strong data-start=\"1037\" data-end=\"1063\">Tie\u0161i plau\u0161\u0101s gaisa pl\u016bsma<\/strong> un regul\u0113jamiem iestat\u012bjumiem tas pied\u0101v\u0101 bl\u012bvus tvaikus, sp\u0113c\u012bgu gar\u0161as pieg\u0101di un piel\u0101gojamu pieredzi.<\/p>\n<p data-start=\"1170\" data-end=\"1361\">Vairumtirdzniec\u012bbas pirc\u0113jiem, tas <strong data-start=\"1191\" data-end=\"1215\">JNR Mega Shisha 100K<\/strong> apvieno <strong data-start=\"1225\" data-end=\"1302\">rekordu uzst\u0101d\u012b\u0161anas uzp\u016btienu skaits, augst\u0101k\u0101s klases funkcijas un pievilc\u012bgas vairumtirdzniec\u012bbas cenas<\/strong>, padarot to par \u013coti rentablu papildin\u0101jumu jebkuram vape invent\u0101ram.<\/p>\n<p><span style=\"color: #ff0000;\"><strong>Pievienojiet Eimijas Whatsapp, lai sa\u0146emtu pareizo atbildi un vape kuponu!<\/strong><\/span><\/p>\n<p><img fetchpriority=\"high\" decoding=\"async\" class=\"size-full wp-image-2932\" src=\"https:\/\/vapestornado.com\/wp-content\/uploads\/2024\/12\/Vape-Wholesale.jpg\" alt=\"Veipu Vairumtirdzniec\u012bba\" width=\"229\" height=\"300\" \/><\/p>\n<h3><a href=\"https:\/\/wa.me\/8617776015835\" target=\"_blank\" rel=\"noopener\"><span style=\"color: #ff0000;\"><strong>WhatsApp: +86 17776015835<\/strong><\/span><\/a><\/h3>\n<p>&nbsp;<\/p>\n<h2 class=\"product-title\"><strong>JNR Shisha Hookah 100000 Produkta \u012bpa\u0161\u012bbas<\/strong><\/h2>\n<div role=\"article\" data-tabster=\"{&quot;groupper&quot;:{&quot;tabbability&quot;:2},&quot;focusable&quot;:{}}\" data-content=\"ai-message\" aria-labelledby=\"juhNTJ6o7Gk1cgwZMJgv2-author juhNTJ6o7Gk1cgwZMJgv2-content\">\n<div id=\"juhNTJ6o7Gk1cgwZMJgv2-content\">\n<div role=\"article\" data-tabster=\"{&quot;groupper&quot;:{&quot;tabbability&quot;:2},&quot;focusable&quot;:{}}\" data-content=\"ai-message\" aria-labelledby=\"x4EZuCZWrTbh3weWUt7CU-author x4EZuCZWrTbh3weWUt7CU-content\">\n<div id=\"x4EZuCZWrTbh3weWUt7CU-content\">\n<div class=\"flex max-w-full flex-col flex-grow\">\n<div class=\"min-h-8 text-message flex w-full flex-col items-end gap-2 whitespace-normal break-words text-start [.text-message+&amp;]:mt-5\" dir=\"auto\" data-message-author-role=\"assistant\" data-message-id=\"52c6e00a-252f-4104-805d-2f1a84739c71\" data-message-model-slug=\"gpt-4o\">\n<div class=\"flex w-full flex-col gap-1 empty:hidden first:pt-[3px]\">\n<div class=\"markdown prose w-full break-words dark:prose-invert light\">\n<h4><\/h4>\n<ol>\n<li><strong>Izcils ilgm\u016b\u017e\u012bba<\/strong>: Izbaudiet l\u012bdz pat 100 000 uzp\u016btienu vien\u0101 ier\u012bc\u0113.<\/li>\n<li><strong>Viedais ekr\u0101ns<\/strong>: Esiet inform\u0113ts ar re\u0101llaika datiem un izbaudiet dinamisku, spilgtu gaismas \u0161ovu.<\/li>\n<li><strong>Milz\u012bgs e-\u0161\u0137idruma tilpums<\/strong>: Iepriek\u0161 uzpild\u012bts ar 60 ml ilgsto\u0161ai lieto\u0161anai.<\/li>\n<li><strong>Jaud\u012bgs akumulators<\/strong>Uzl\u0101d\u0113jams 2200mAh akumulators ar USB Type-C atbalstu.<\/li>\n<li><strong>Regul\u0113jama gaisa pl\u016bsma<\/strong>: Piel\u0101gojiet savu vilkmi ide\u0101lai DTL (tie\u0161i plau\u0161\u0101s) tvaic\u0113\u0161anai.<\/li>\n<\/ol>\n<\/div>\n<\/div>\n<\/div>\n<\/div>\n<div class=\"mb-2 flex gap-3 empty:hidden -ml-2\"><\/div>\n<\/div>\n<\/div>\n<\/div>\n<\/div>\n<h2 class=\"product-title\"><strong>Popul\u0101r\u0101k\u0101 gar\u0161a priek\u0161 <\/strong><strong>\u0160i\u0161a Hookah<\/strong><strong> 100 t\u016bksto\u0161i <\/strong><strong>Vienreiz\u0113j\u0101s lieto\u0161anas vapes<\/strong><\/h2>\n<h2 class=\"product-title\"><\/h2>\n<p>Atkl\u0101jiet gar\u0161u pasauli ar JNR Mega Shisha Hookah. No atsvaidzino\u0161as piparm\u0113tras l\u012bdz aug\u013cu gardumiem, pla\u0161ais iesp\u0113ju kl\u0101sts nodro\u0161ina, ka ikvienam noska\u0146ojumam un gaumes izv\u0113lei ir ide\u0101ls atbilsto\u0161s variants. L\u016bdzu, skatiet popul\u0101r\u0101k\u0101s gar\u0161as atbilsto\u0161i m\u016bsu p\u0101rdo\u0161anas datiem un klientu atsauksm\u0113m.<\/p>\n<p>1. Divi \u0100boli<span style=\"color: #ff0000;\"><strong> &gt;&gt;&gt;&gt; Karsts!<\/strong><\/span><br \/>\n2. Melle\u0146u Ledus <span style=\"color: #ff0000;\"><strong>&gt;&gt;&gt;&gt; Karsts!<\/strong><\/span><br \/>\n3. V\u012bnogu Piparm\u0113tra<br \/>\n4. Havajas<br \/>\n5. Kivi Pasiflora Guava<br \/>\n6. L\u0113dija Killa <span style=\"color: #ff0000;\"><strong>&gt;&gt;&gt;&gt; Lab\u0101kais!<\/strong><\/span><br \/>\n7. M\u012blest\u012bba 66<br \/>\n8. Sul\u012bgs Ledus<br \/>\n9. Burvju M\u012blest\u012bba<br \/>\n10. Mi Amor <span style=\"color: #ff0000;\"><strong>&gt;&gt;&gt;&gt; Karsts!<\/strong><\/span><br \/>\n11. Persiku Ledus<br \/>\n12. Zeme\u0146u Pun\u0161s<\/p>\n<p><img decoding=\"async\" class=\"wp-image-3647 size-full\" src=\"https:\/\/vapestornado.com\/wp-content\/uploads\/2025\/01\/Shisha-Hookah-100000-Puffs-Disposable-Vape-JNR.webp\" alt=\"Shisha Hookah 100000 Puffs Vienreiz\u0113j\u0101s lieto\u0161anas Vape JNR\" width=\"800\" height=\"476\" srcset=\"https:\/\/vapestornado.com\/wp-content\/uploads\/2025\/01\/Shisha-Hookah-100000-Puffs-Disposable-Vape-JNR.webp 800w, https:\/\/vapestornado.com\/wp-content\/uploads\/2025\/01\/Shisha-Hookah-100000-Puffs-Disposable-Vape-JNR-300x179.webp 300w, https:\/\/vapestornado.com\/wp-content\/uploads\/2025\/01\/Shisha-Hookah-100000-Puffs-Disposable-Vape-JNR-768x457.webp 768w, https:\/\/vapestornado.com\/wp-content\/uploads\/2025\/01\/Shisha-Hookah-100000-Puffs-Disposable-Vape-JNR-600x357.webp 600w\" sizes=\"(max-width: 800px) 100vw, 800px\" \/><\/p>\n<div class=\"flex-shrink-0 flex flex-col relative items-end\">\n<div class=\"pt-0\">\n<div class=\"gizmo-bot-avatar flex h-8 w-8 items-center justify-center overflow-hidden rounded-full\">\n<div class=\"relative p-1 rounded-sm flex items-center justify-center bg-token-main-surface-primary text-token-text-primary h-8 w-8\">\n<h2>BUJ JNR Shisha Hookah 100000 Smart<strong>\u00a0<\/strong>Vienreiz\u0113j\u0101s lieto\u0161anas iztvaic\u0113t\u0101js<\/h2>\n<h4><\/h4>\n<ol>\n<li><strong>Cik ilgi kalpo JNR Mega Shisha Hookah 100k?<\/strong><br \/>\nKatr\u0101 ier\u012bc\u0113 ir iespaid\u012bgi 100 000 uzp\u016btienu, padarot to lieliski piem\u0113rotu ilgsto\u0161ai lieto\u0161anai.<\/li>\n<li><strong>K\u0101 es varu uzl\u0101d\u0113t JNR Mega Shisha Hookah ier\u012bci?<\/strong><br \/>\nTai ir ieb\u016bv\u0113ts 2200 mAh akumulators, kas atbalsta USB Type-C \u0101tro uzl\u0101di.<\/li>\n<li><strong>K\u0101da ir vied\u0101 ekr\u0101na funkcija?<\/strong><br \/>\nViedais ekr\u0101ns par\u0101da b\u016btiskus datus, piem\u0113ram, akumulatora darb\u012bbas laiku un sulas l\u012bmeni, kas apvienots ar stil\u012bgo elpo\u0161anas gaismu unik\u0101lai tvaic\u0113\u0161anas pieredzei.<\/li>\n<li><strong>Vai es varu to izmantot ar galda \u016bdensp\u012bpi?<\/strong><br \/>\nProtams! JNR Mega Shisha Hookah ir piln\u012bb\u0101 sader\u012bgs ar galddatoru hookah komplektiem daudzpus\u012bgai pieredzei.<\/li>\n<li><strong>Kur es varu to ieg\u0101d\u0101ties par vairumtirdzniec\u012bbas cenu?<\/strong><br \/>\nJ\u016bs varat ieg\u0101d\u0101ties JNR Mega Shisha Hookah par lab\u0101ko vairumtirdzniec\u012bbas cenu no <strong>vapestornado tie\u0161saistes vape veikalu<\/strong>.<\/li>\n<\/ol>\n<div class=\"flex max-w-full flex-col flex-grow\">\n<div class=\"min-h-8 text-message flex w-full flex-col items-end gap-2 whitespace-normal break-words text-start [.text-message+&amp;]:mt-5\" dir=\"auto\" data-message-author-role=\"assistant\" data-message-id=\"4dc48248-df95-45bd-b800-6dedb43cf7f1\" data-message-model-slug=\"gpt-4o\">\n<div class=\"flex w-full flex-col gap-1 empty:hidden first:pt-[3px]\"><\/div>\n<\/div>\n<\/div>\n<\/div>\n<\/div>\n<\/div>\n<\/div>\n<div class=\"flex-shrink-0 flex flex-col relative items-end\">\n<div class=\"pt-0\">\n<div class=\"gizmo-bot-avatar flex h-8 w-8 items-center justify-center overflow-hidden rounded-full\">\n<div class=\"relative p-1 rounded-sm flex items-center justify-center bg-token-main-surface-primary text-token-text-primary h-8 w-8\">\n<div class=\"mb-2 flex gap-3 empty:hidden -ml-2\">\n<div role=\"article\" data-tabster=\"{&quot;groupper&quot;:{&quot;tabbability&quot;:2},&quot;focusable&quot;:{}}\" data-content=\"ai-message\" aria-labelledby=\"Vdt5ez4X7Tg813x6rFVha-author Vdt5ez4X7Tg813x6rFVha-content\">\n<div id=\"Vdt5ez4X7Tg813x6rFVha-content\">\n<div role=\"article\" data-tabster=\"{&quot;groupper&quot;:{&quot;tabbability&quot;:2},&quot;focusable&quot;:{}}\" data-content=\"ai-message\" aria-labelledby=\"o968oC7CEo2fGHsGdsRYC-author o968oC7CEo2fGHsGdsRYC-content\">\n<div id=\"o968oC7CEo2fGHsGdsRYC-content\">\n<h2>K\u0101p\u0113c izv\u0113l\u0113ties vapestornado JNR Shisha Hookah 100000 Puffs vienreiz\u0113j\u0101s lieto\u0161anas vape vairumtirdzniec\u012bbai?<\/h2>\n<div class=\"flex-shrink-0 flex flex-col relative items-end\">\n<div class=\"pt-0\">\n<div class=\"gizmo-bot-avatar flex h-8 w-8 items-center justify-center overflow-hidden rounded-full\">\n<div class=\"relative p-1 rounded-sm flex items-center justify-center bg-token-main-surface-primary text-token-text-primary h-8 w-8\">\n<p>Laipni l\u016bdzam vapestornado, j\u016bsu uzticamaj\u0101 tie\u0161saistes vape veikal\u0101, kur\u0101 var ieg\u0101d\u0101ties augst\u0101k\u0101s kvalit\u0101tes vienreiz\u0113j\u0101s lieto\u0161anas vapes. Ar vair\u0101k nek\u0101 5 gadu pieredzi m\u0113s pied\u0101v\u0101jam popul\u0101rus vienreiz\u0113j\u0101s lieto\u0161anas vape z\u012bmolus, piem\u0113ram, Fumot RandM Vape, <a href=\"https:\/\/vapestornado.com\/lv\/product-category\/vapme-shisha\/\">Vapme<\/a>, Bang Vape, Waspe Vape un WGA Vape, u.c.<\/p>\n<p>M\u016bsu kl\u0101st\u0101 ir iek\u013cauti karstie izp\u0101rdo\u0161anas veipi, piem\u0113ram, <a href=\"https:\/\/vapestornado.com\/lv\/product\/randm-12000-puffs-fumot-digital-disposable-vape-wholesale-price\/\">RandM Tornado 12000<\/a>, un bag\u0101t\u012bgas gar\u0161as izv\u0113les, piem\u0113ram, <a href=\"https:\/\/vapestornado.com\/lv\/product\/wga-crystal-pro-max-extra-15000-puffs-rechargeable-disposable-vape-wholesale-bulk-buy\/\">\u00a0WGA Krist\u0101ls 15k P\u016b\u0161\u013ci<\/a> . Katrs produkts ir izv\u0113l\u0113ts, koncentr\u0113joties uz kvalit\u0101ti, v\u0113rt\u012bbu un daudzveid\u012bbu, nodro\u0161inot, ka j\u016bs atrad\u012bsiet perfektu atbilst\u012bbu sav\u0101m vajadz\u012bb\u0101m. Atkl\u0101jiet izcilu servisu un pla\u0161u popul\u0101r\u0101ko produktu kl\u0101stu par vairumtirdzniec\u012bbas cen\u0101m vietn\u0113 vapestornado.<\/p>\n<\/div>\n<p>&nbsp;<\/p>\n<p><strong>Citi karstie izp\u0101rdo\u0161anas vienreiz\u0113j\u0101s lieto\u0161anas veipi<\/strong><\/p>\n<p><a href=\"https:\/\/vapestornado.com\/lv\/product\/vozol-star-20000-puffs-disposable-vape-2-low-nicotine-bulk-buy-wholesale-cheap-price\/\">VOZOL Zvaigzne 20000 P\u016b\u0161\u013ci <span style=\"color: #ff0000;\"><strong>&gt;&gt;&gt;&gt; Uz priek\u0161u!<\/strong><\/span><\/a><\/p>\n<p><a href=\"https:\/\/vapestornado.com\/lv\/product\/refillable-disposable-vape-bang-40000-puffs-with-smart-screen-display-wholesale\/\">Bang 40000 uzp\u016btienu<span style=\"color: #ff0000;\"><strong>&gt;&gt;&gt;&gt; Uz priek\u0161u!<\/strong><\/span><\/a><\/p>\n<p><a href=\"https:\/\/vapestornado.com\/lv\/product\/bang-king-vape-35000-puff-smart-digital-display-wholesale-disposable-electronic-cigarette-wholesale\/\">Bang King 35000 <span style=\"color: #ff0000;\"><strong>&gt;&gt;&gt;&gt; Uz priek\u0161u!<\/strong><\/span><\/a><\/p>\n<\/div>\n<\/div>\n<\/div>\n<p>&nbsp;<\/p>\n<\/div>\n<\/div>\n<\/div>\n<\/div>\n<\/div>\n<\/div>\n<\/div>\n<\/div>\n<\/div>","protected":false},"excerpt":{"rendered":"<p>T\u0101 <strong data-start=\"1405\" data-end=\"1436\">JNR Mega Shisha Huka 100K<\/strong> nodro\u0161ina nep\u0101rsp\u0113jamu 100 000 uzp\u016btienu, viedo ekr\u0101nu un 60 ml e-\u0161\u0137idruma tvertni. Uzl\u0101d\u0113jams vienreiz\u0113j\u0101s lieto\u0161anas produkts, kas paredz\u0113ts <strong data-start=\"1548\" data-end=\"1583\">vairumtirdzniec\u012bbas pirc\u0113jiem Eirop\u0101<\/strong>.<\/p>\n<p><strong>Pievienojiet Eimijas whatsapp, lai sa\u0146emtu pareizu atbildi un iztvaic\u0113t\u0101ja kuponu!<\/strong><\/p>\n<p><img fetchpriority=\"high\" decoding=\"async\" class=\"size-full wp-image-2932\" src=\"https:\/\/vapestornado.com\/wp-content\/uploads\/2024\/12\/Vape-Wholesale.jpg\" alt=\"Veipu Vairumtirdzniec\u012bba\" width=\"229\" height=\"300\" \/><\/p>\n<h3><a href=\"https:\/\/wa.me\/8617776015835\"><span style=\"color: #ff0000;\"><strong>WhatsApp: +86 17776015835<\/strong><\/span><\/a><\/h3>\n<p>&nbsp;<\/p>","protected":false},"featured_media":3648,"comment_status":"open","ping_status":"closed","template":"","meta":{"_acf_changed":false,"_uag_custom_page_level_css":"","_lmt_disableupdate":"no","_lmt_disable":"","_monsterinsights_skip_tracking":false,"_monsterinsights_sitenote_active":false,"_monsterinsights_sitenote_note":"","_monsterinsights_sitenote_category":0,"site-sidebar-layout":"default","site-content-layout":"","ast-site-content-layout":"default","site-content-style":"default","site-sidebar-style":"default","ast-global-header-display":"","ast-banner-title-visibility":"","ast-main-header-display":"","ast-hfb-above-header-display":"","ast-hfb-below-header-display":"","ast-hfb-mobile-header-display":"","site-post-title":"","ast-breadcrumbs-content":"","ast-featured-img":"","footer-sml-layout":"","ast-disable-related-posts":"","theme-transparent-header-meta":"default","adv-header-id-meta":"","stick-header-meta":"","header-above-stick-meta":"","header-main-stick-meta":"","header-below-stick-meta":"","astra-migrate-meta-layouts":"set","ast-page-background-enabled":"default","ast-page-background-meta":{"desktop":{"background-color":"","background-image":"","background-repeat":"repeat","background-position":"center center","background-size":"auto","background-attachment":"scroll","background-type":"","background-media":"","overlay-type":"","overlay-color":"","overlay-opacity":"","overlay-gradient":""},"tablet":{"background-color":"","background-image":"","background-repeat":"repeat","background-position":"center center","background-size":"auto","background-attachment":"scroll","background-type":"","background-media":"","overlay-type":"","overlay-color":"","overlay-opacity":"","overlay-gradient":""},"mobile":{"background-color":"","background-image":"","background-repeat":"repeat","background-position":"center center","background-size":"auto","background-attachment":"scroll","background-type":"","background-media":"","overlay-type":"","overlay-color":"","overlay-opacity":"","overlay-gradient":""}},"ast-content-background-meta":{"desktop":{"background-color":"var(--ast-global-color-5)","background-image":"","background-repeat":"repeat","background-position":"center center","background-size":"auto","background-attachment":"scroll","background-type":"","background-media":"","overlay-type":"","overlay-color":"","overlay-opacity":"","overlay-gradient":""},"tablet":{"background-color":"var(--ast-global-color-5)","background-image":"","background-repeat":"repeat","background-position":"center center","background-size":"auto","background-attachment":"scroll","background-type":"","background-media":"","overlay-type":"","overlay-color":"","overlay-opacity":"","overlay-gradient":""},"mobile":{"background-color":"var(--ast-global-color-5)","background-image":"","background-repeat":"repeat","background-position":"center center","background-size":"auto","background-attachment":"scroll","background-type":"","background-media":"","overlay-type":"","overlay-color":"","overlay-opacity":"","overlay-gradient":""}},"_joinchat":{"telephone":"+8617776015835"}},"product_brand":[],"product_cat":[140,154,142,76,147],"product_tag":[165,105,97,225,166,94,131,226],"class_list":{"0":"post-3649","1":"product","2":"type-product","3":"status-publish","4":"has-post-thumbnail","6":"product_cat-big-puffs-disposable-vapes","7":"product_cat-buy-disposable-vapes-in-netherlands","8":"product_cat-digital-box-disposable-vapes","9":"product_cat-jnr-vape","10":"product_cat-shisha-hookah-disposable-vapes","11":"product_tag-cheap-vapes","12":"product_tag-digital-disposable-vape","13":"product_tag-hot-sale-disposable-vape","14":"product_tag-jnr-shisha-hookah-100000","15":"product_tag-low-nicotine-vape","16":"product_tag-rechargeable-disposable-vape","17":"product_tag-shisha-hookah","18":"product_tag-shisha-hookah-disposable-vapes","19":"desktop-align-left","20":"tablet-align-left","21":"mobile-align-left","23":"first","24":"instock","25":"sale","26":"shipping-taxable","27":"purchasable","28":"product-type-simple"},"acf":[],"uagb_featured_image_src":{"full":["https:\/\/vapestornado.com\/wp-content\/uploads\/2025\/01\/Shisha-Hookah-Disposable-Vape-100000-JNR.jpg",800,800,false],"thumbnail":["https:\/\/vapestornado.com\/wp-content\/uploads\/2025\/01\/Shisha-Hookah-Disposable-Vape-100000-JNR-150x150.jpg",150,150,true],"medium":["https:\/\/vapestornado.com\/wp-content\/uploads\/2025\/01\/Shisha-Hookah-Disposable-Vape-100000-JNR-300x300.jpg",300,300,true],"medium_large":["https:\/\/vapestornado.com\/wp-content\/uploads\/2025\/01\/Shisha-Hookah-Disposable-Vape-100000-JNR-768x768.jpg",768,768,true],"large":["https:\/\/vapestornado.com\/wp-content\/uploads\/2025\/01\/Shisha-Hookah-Disposable-Vape-100000-JNR.jpg",800,800,false],"1536x1536":["https:\/\/vapestornado.com\/wp-content\/uploads\/2025\/01\/Shisha-Hookah-Disposable-Vape-100000-JNR.jpg",800,800,false],"2048x2048":["https:\/\/vapestornado.com\/wp-content\/uploads\/2025\/01\/Shisha-Hookah-Disposable-Vape-100000-JNR.jpg",800,800,false],"trp-custom-language-flag":["https:\/\/vapestornado.com\/wp-content\/uploads\/2025\/01\/Shisha-Hookah-Disposable-Vape-100000-JNR.jpg",12,12,false],"woocommerce_thumbnail":["https:\/\/vapestornado.com\/wp-content\/uploads\/2025\/01\/Shisha-Hookah-Disposable-Vape-100000-JNR-300x300.jpg",300,300,true],"woocommerce_single":["https:\/\/vapestornado.com\/wp-content\/uploads\/2025\/01\/Shisha-Hookah-Disposable-Vape-100000-JNR-600x600.jpg",600,600,true],"woocommerce_gallery_thumbnail":["https:\/\/vapestornado.com\/wp-content\/uploads\/2025\/01\/Shisha-Hookah-Disposable-Vape-100000-JNR-100x100.jpg",100,100,true]},"uagb_author_info":{"display_name":"ESAMY","author_link":"https:\/\/vapestornado.com\/lv\/author\/"},"uagb_comment_info":0,"uagb_excerpt":"The JNR Mega Shisha Hookah 100K delivers an unmatched 100,000 puffs, smart screen, and 60ml e-liquid tank. A rechargeable disposable built for wholesale bulk buyers in Europe. Add Amy's whatsapp get right reply and vape coupon! WhatsApp: +86 17776015835 &nbsp;","_links":{"self":[{"href":"https:\/\/vapestornado.com\/lv\/wp-json\/wp\/v2\/product\/3649","targetHints":{"allow":["GET"]}}],"collection":[{"href":"https:\/\/vapestornado.com\/lv\/wp-json\/wp\/v2\/product"}],"about":[{"href":"https:\/\/vapestornado.com\/lv\/wp-json\/wp\/v2\/types\/product"}],"replies":[{"embeddable":true,"href":"https:\/\/vapestornado.com\/lv\/wp-json\/wp\/v2\/comments?post=3649"}],"wp:featuredmedia":[{"embeddable":true,"href":"https:\/\/vapestornado.com\/lv\/wp-json\/wp\/v2\/media\/3648"}],"wp:attachment":[{"href":"https:\/\/vapestornado.com\/lv\/wp-json\/wp\/v2\/media?parent=3649"}],"wp:term":[{"taxonomy":"product_brand","embeddable":true,"href":"https:\/\/vapestornado.com\/lv\/wp-json\/wp\/v2\/product_brand?post=3649"},{"taxonomy":"product_cat","embeddable":true,"href":"https:\/\/vapestornado.com\/lv\/wp-json\/wp\/v2\/product_cat?post=3649"},{"taxonomy":"product_tag","embeddable":true,"href":"https:\/\/vapestornado.com\/lv\/wp-json\/wp\/v2\/product_tag?post=3649"}],"curies":[{"name":"wp","href":"https:\/\/api.w.org\/{rel}","templated":true}]}}