{"id":3639,"date":"2025-01-03T01:54:34","date_gmt":"2025-01-03T01:54:34","guid":{"rendered":"https:\/\/vapestornado.com\/?post_type=product&#038;p=3639"},"modified":"2025-08-28T07:39:36","modified_gmt":"2025-08-28T07:39:36","slug":"bang-king-vape-35000-puff-smart-digital-display-wholesale-disposable-electronic-cigarette-wholesale","status":"publish","type":"product","link":"https:\/\/vapestornado.com\/lv\/product\/bang-king-vape-35000-puff-smart-digital-display-wholesale-disposable-electronic-cigarette-wholesale\/","title":{"rendered":"Bang King Vape 35000 d\u016bmu viedais digit\u0101lais displejs, vairumtirdzniec\u012bb\u0101, vienreiz\u0113j\u0101s lieto\u0161anas elektronisk\u0101 cigarete"},"content":{"rendered":"<h1 class=\"product-title\">Bang King Vape 35000 d\u016bmu viedais digit\u0101lais displejs, vairumtirdzniec\u012bb\u0101, vienreiz\u0113j\u0101s lieto\u0161anas elektronisk\u0101 cigarete<\/h1>\n<p data-start=\"389\" data-end=\"758\">Ja j\u016bs mekl\u0113jat vienreiz\u0113j\u0101s lieto\u0161anas vape, kas l\u012bdzsvaro ilgsto\u0161u veiktsp\u0113ju, modernas funkcijas un drosm\u012bgas gar\u0161as izv\u0113les, tad <strong data-start=\"517\" data-end=\"546\">Bang King Vape 35000 P\u016b\u0161\u013ci<\/strong> ir rad\u012bts, lai atst\u0101tu iespaidu. Izstr\u0101d\u0101ts ar <strong data-start=\"584\" data-end=\"609\">vieds digit\u0101lais displejs<\/strong> un darbina <strong data-start=\"627\" data-end=\"659\">1000mAh uzl\u0101d\u0113jams akumulators<\/strong>, \u0161\u012b ier\u012bce pace\u013c tvaic\u0113\u0161anas \u0113rt\u012bbas jaun\u0101 l\u012bmen\u012b, vienlaikus saglab\u0101jot gludu un kabatai draudz\u012bgu dizainu.<\/p>\n<h4 data-start=\"760\" data-end=\"797\">35 000 t\u012bras baudas p\u016btienu<\/h4>\n<p data-start=\"798\" data-end=\"1171\">Ar savu <strong data-start=\"807\" data-end=\"829\">23 ml e-\u0161\u0137idruma tvertne<\/strong> un uzlabots <strong data-start=\"843\" data-end=\"863\">re\u017e\u0123a spir\u0101les sist\u0113mu<\/strong>, Bang King Vape garant\u0113 konsekvenci no pirm\u0101 p\u016btiena l\u012bdz p\u0113d\u0113jam. Katrs vilciens nodro\u0161ina gludu tvaiku un bag\u0101t\u012bgu gar\u0161u bez sausajiem vilcieniem, no kuriem cie\u0161 daudzi citi vienreiz\u0113j\u0101s lieto\u0161anas izstr\u0101d\u0101jumi. Pied\u0101v\u0101jot l\u012bdz pat <strong data-start=\"1060\" data-end=\"1076\">35 000 dvesieniem<\/strong>, tas ir ide\u0101ls risin\u0101jums v\u012brie\u0161iem, kuri vien\u0101 ier\u012bc\u0113 nov\u0113rt\u0113 iztur\u012bbu un izcilu veiktsp\u0113ju.<\/p>\n<h4 data-start=\"1173\" data-end=\"1204\">Elast\u012bgas nikot\u012bna iesp\u0113jas<\/h4>\n<p data-start=\"1205\" data-end=\"1495\">Piel\u0101gojoties da\u017e\u0101d\u0101m v\u0113lm\u0113m, \u0161is vienreiz\u0113j\u0101s lieto\u0161anas vape ir apr\u012bkots ar <strong data-start=\"1272\" data-end=\"1312\">0%, 2%, 3% un 5% nikot\u012bna stiprumos<\/strong>. Neatkar\u012bgi no t\u0101, vai j\u016bs pak\u0101peniski samazin\u0101t vai dodat priek\u0161roku sp\u0113c\u012bg\u0101kam triecienam, Bang King Vape piel\u0101gojas j\u016bsu vajadz\u012bb\u0101m, padarot to par lielisku vairumtirdzniec\u012bbas iesp\u0113ju da\u017e\u0101diem tirgiem vis\u0101 Eirop\u0101.<\/p>\n<h4 data-start=\"1497\" data-end=\"1542\">Viedais digit\u0101lais displejs piln\u012bgai kontrolei<\/h4>\n<p data-start=\"1543\" data-end=\"1881\">Vairs nek\u0101du min\u0113jumu. Ieb\u016bv\u0113tais ekr\u0101ns par\u0101da j\u016bsu <strong data-start=\"1593\" data-end=\"1632\">akumulatora l\u012bmeni un e-\u0161\u0137idruma ietilp\u012bbu<\/strong> re\u0101llaik\u0101, lai j\u016bs vienm\u0113r zin\u0101tu, kad ir pien\u0101cis laiks uzl\u0101d\u0113t vai p\u0101rsl\u0113gt. \u0160\u012b funkcija at\u0161\u0137ir to no tradicion\u0101lajiem vienreiz\u0113j\u0101s lieto\u0161anas vape un ievieto to taj\u0101 pa\u0161\u0101 premium klas\u0113 k\u0101 popul\u0101ri mode\u013ci, piem\u0113ram, <strong data-start=\"1830\" data-end=\"1878\">Elf Bar GH23000 nikot\u012bna vienreiz\u0113j\u0101s lieto\u0161anas vape pods<\/strong>.<\/p>\n<h4 data-start=\"1883\" data-end=\"1915\">\u0100tra uzl\u0101de ar Type-C<\/h4>\n<p data-start=\"1916\" data-end=\"2180\">Apr\u012bkots ar <strong data-start=\"1930\" data-end=\"1953\">USB-C \u0101tro uzl\u0101di<\/strong>, 1000 mAh akumulators ir gatavs darbam \u012bs\u0101 laik\u0101. Tas padara to \u012bpa\u0161i pievilc\u012bgu vairumtirdzniec\u012bbas pirc\u0113jiem, kuri mekl\u0113 vienreiz\u0113j\u0101s lieto\u0161anas vape, kas apvieno atk\u0101rtotas lieto\u0161anas \u0113rt\u012bbas ar iepriek\u0161 pild\u012btu podu vienk\u0101r\u0161\u012bbu.<\/p>\n<p>&nbsp;<\/p>\n<p><span style=\"color: #ff0000;\"><strong>Pievienojiet Eimijas Whatsapp, lai sa\u0146emtu pareizo atbildi un vape kuponu!<\/strong><\/span><\/p>\n<p><img fetchpriority=\"high\" decoding=\"async\" class=\"size-full wp-image-2932\" src=\"https:\/\/vapestornado.com\/wp-content\/uploads\/2024\/12\/Vape-Wholesale.jpg\" alt=\"Veipu Vairumtirdzniec\u012bba\" width=\"229\" height=\"300\" \/><\/p>\n<h3><a href=\"https:\/\/wa.me\/8617776015835\" target=\"_blank\" rel=\"noopener\"><span style=\"color: #ff0000;\"><strong>WhatsApp: +86 17776015835<\/strong><\/span><\/a><\/h3>\n<p>&nbsp;<\/p>\n<h2 class=\"product-title\"><strong>Bang King Vape 35000 produkta \u012bpa\u0161\u012bbas<\/strong><\/h2>\n<div role=\"article\" data-tabster=\"{&quot;groupper&quot;:{&quot;tabbability&quot;:2},&quot;focusable&quot;:{}}\" data-content=\"ai-message\" aria-labelledby=\"juhNTJ6o7Gk1cgwZMJgv2-author juhNTJ6o7Gk1cgwZMJgv2-content\">\n<div id=\"juhNTJ6o7Gk1cgwZMJgv2-content\">\n<div role=\"article\" data-tabster=\"{&quot;groupper&quot;:{&quot;tabbability&quot;:2},&quot;focusable&quot;:{}}\" data-content=\"ai-message\" aria-labelledby=\"x4EZuCZWrTbh3weWUt7CU-author x4EZuCZWrTbh3weWUt7CU-content\">\n<div id=\"x4EZuCZWrTbh3weWUt7CU-content\">\n<div class=\"flex max-w-full flex-col flex-grow\">\n<div class=\"min-h-8 text-message flex w-full flex-col items-end gap-2 whitespace-normal break-words text-start [.text-message+&amp;]:mt-5\" dir=\"auto\" data-message-author-role=\"assistant\" data-message-id=\"52c6e00a-252f-4104-805d-2f1a84739c71\" data-message-model-slug=\"gpt-4o\">\n<div class=\"flex w-full flex-col gap-1 empty:hidden first:pt-[3px]\">\n<div class=\"markdown prose w-full break-words dark:prose-invert light\">\n<ol>\n<li><strong>35 000 dvesmu<\/strong>: Izcils dvesmu skaits ilgsto\u0161ai apmierin\u0101t\u012bbai.<\/li>\n<li><strong>Viedais digit\u0101lais displejs<\/strong>: Par\u0101da akumulatora un e-\u0161\u0137idruma l\u012bme\u0146us \u0113rtai lieto\u0161anai.<\/li>\n<li><strong>23 ml e-\u0161\u0137idruma tilpums<\/strong>: Liels tilpums ilgsto\u0161\u0101m tvaic\u0113\u0161anas sesij\u0101m.<\/li>\n<li><strong>Acs spoles tehnolo\u0123ija<\/strong>: Uzlabo gar\u0161u un nodro\u0161ina konsekventu veiktsp\u0113ju.<\/li>\n<li><strong>1000 mAh uzl\u0101d\u0113jams akumulators<\/strong>: Uzticama jauda ar \u0101tru USB-C uzl\u0101di.<\/li>\n<li><strong>Aizsardz\u012bba pret piedeg\u0161anu<\/strong>: Garant\u0113 gludus un apmierino\u0161us dvesmas.<\/li>\n<\/ol>\n<\/div>\n<\/div>\n<\/div>\n<\/div>\n<div class=\"mb-2 flex gap-3 empty:hidden -ml-2\"><img decoding=\"async\" class=\"wp-image-3635 size-full\" src=\"https:\/\/vapestornado.com\/wp-content\/uploads\/2025\/01\/Bang-King-35000-Puffs-Disposable-Vapes-Wholesale.jpg\" alt=\"Bang King 35000 Puffs vienreiz\u0113j\u0101s lieto\u0161anas tvaiku vairumtirdzniec\u012bba\" width=\"800\" height=\"800\" srcset=\"https:\/\/vapestornado.com\/wp-content\/uploads\/2025\/01\/Bang-King-35000-Puffs-Disposable-Vapes-Wholesale.jpg 800w, https:\/\/vapestornado.com\/wp-content\/uploads\/2025\/01\/Bang-King-35000-Puffs-Disposable-Vapes-Wholesale-300x300.jpg 300w, https:\/\/vapestornado.com\/wp-content\/uploads\/2025\/01\/Bang-King-35000-Puffs-Disposable-Vapes-Wholesale-150x150.jpg 150w, https:\/\/vapestornado.com\/wp-content\/uploads\/2025\/01\/Bang-King-35000-Puffs-Disposable-Vapes-Wholesale-768x768.jpg 768w, https:\/\/vapestornado.com\/wp-content\/uploads\/2025\/01\/Bang-King-35000-Puffs-Disposable-Vapes-Wholesale-600x600.jpg 600w, https:\/\/vapestornado.com\/wp-content\/uploads\/2025\/01\/Bang-King-35000-Puffs-Disposable-Vapes-Wholesale-100x100.jpg 100w\" sizes=\"(max-width: 800px) 100vw, 800px\" \/><\/div>\n<\/div>\n<\/div>\n<\/div>\n<\/div>\n<h2 class=\"product-title\"><strong>Popul\u0101ra gar\u0161a Bang King Vape 35000<\/strong><strong>\u00a0<\/strong><strong>Vienreiz\u0113j\u0101s lieto\u0161anas vapes<\/strong><\/h2>\n<p>Bang King Vape 35000 nodro\u0161ina daudzveid\u012bgu un aizraujo\u0161u iesp\u0113ju kl\u0101stu j\u016bsu produktu l\u012bnijai, apmierinot da\u017e\u0101das gar\u0161as izv\u0113les! L\u016bdzu, atrodiet popul\u0101r\u0101kos arom\u0101tus saska\u0146\u0101 ar m\u016bsu p\u0101rdo\u0161anas datiem un klientu atsauksm\u0113m.<\/p>\n<p>1.Zeme\u0146u mango <strong><span style=\"color: #ff0000;\">&gt;&gt;&gt; Karsti !<\/span><\/strong><br \/>\nM\u012blest\u012bba66<br \/>\n3.Zil\u0101 ave\u0146u ledus <strong><span style=\"color: #ff0000;\">&gt;&gt;&gt; Karsti !<\/span><\/strong><br \/>\n4. Zeme\u0146u arb\u016bzs<br \/>\n5.Citronu piparm\u0113tra<br \/>\n6.Dubultais \u0101bols<br \/>\n7.Ener\u0123ijas dz\u0113riens<br \/>\n8.Persiku ledus<br \/>\n9.Zeme\u0146u kivi <strong><span style=\"color: #ff0000;\">&gt;&gt;&gt; Lab\u0101kais !<\/span><\/strong><br \/>\n10.V\u012bnogu ledus<br \/>\n11. Melle\u0146u ledus <strong><span style=\"color: #ff0000;\">&gt;&gt;&gt; Karsti !<\/span><\/strong><br \/>\n12.Arb\u016bzs<\/p>\n<div class=\"flex-shrink-0 flex flex-col relative items-end\">\n<div class=\"pt-0\">\n<div class=\"gizmo-bot-avatar flex h-8 w-8 items-center justify-center overflow-hidden rounded-full\">\n<div class=\"relative p-1 rounded-sm flex items-center justify-center bg-token-main-surface-primary text-token-text-primary h-8 w-8\">\n<h2>BUJ par BangKing Vape 35000 Smart<strong>\u00a0<\/strong>Vienreiz\u0113j\u0101s lieto\u0161anas iztvaic\u0113t\u0101js<\/h2>\n<h3><\/h3>\n<ol>\n<li><strong>Cik dvesmu nodro\u0161ina Bang King 35000?<\/strong><br \/>\nT\u0101 <strong>Bang King 35000<\/strong> pied\u0101v\u0101 p\u0101rsteidzo\u0161u <strong>35 000 dvesieniem<\/strong>, padarot to par vienu no ilg\u0101k lietojam\u0101m vienreiz\u0113j\u0101s lieto\u0161anas e-cigaret\u0113m.<\/li>\n<li><strong>K\u0101da ir Bang King 35000 Vape e-\u0161\u0137idruma ietilp\u012bba?<\/strong><br \/>\nTam ir <strong>23 ml e-\u0161\u0137idruma tilpums<\/strong>, nodro\u0161inot ilgsto\u0161u lieto\u0161anu bez bie\u017eas uzpildes.<\/li>\n<li><strong>Vai BangKing 35000 ir uzl\u0101d\u0113jams akumulators?<\/strong><br \/>\nJ\u0101, tas ietver <strong>1000mAh uzl\u0101d\u0113jams akumulators<\/strong> ar <strong>USB-C uzl\u0101de<\/strong>, pied\u0101v\u0101jot ilgtsp\u0113j\u012bgu un \u0113rtu lieto\u0161anu.<\/li>\n<li><strong>Kas padara viedo digit\u0101lo displeju unik\u0101lu?<\/strong><br \/>\nT\u0101 <strong>digit\u0101lais displejs<\/strong> par\u0101da svar\u012bgas deta\u013cas, piem\u0113ram, <strong>akumulatora procentu\u0101lo daudzumu<\/strong> un <strong>e-\u0161\u0137idruma l\u012bmenis<\/strong>, padarot lieto\u0161anas uzraudz\u012bbu vienk\u0101r\u0161u.<\/li>\n<li><strong>Kur es varu ieg\u0101d\u0101ties Bang King Vape 35000 dvesmu vairumtirdzniec\u012bbas cen\u0101s?<\/strong><br \/>\nLai ieg\u016btu lab\u0101kos <strong>vairumtirdzniec\u012bbas cenas<\/strong>, apmekl\u0113jiet <strong>vapestornado tie\u0161saistes vape veikals<\/strong>, pied\u0101v\u0101jot izcilus pied\u0101v\u0101jumus un pla\u0161u produktu kl\u0101stu.<\/li>\n<\/ol>\n<div class=\"flex max-w-full flex-col flex-grow\">\n<div class=\"min-h-8 text-message flex w-full flex-col items-end gap-2 whitespace-normal break-words text-start [.text-message+&amp;]:mt-5\" dir=\"auto\" data-message-author-role=\"assistant\" data-message-id=\"4dc48248-df95-45bd-b800-6dedb43cf7f1\" data-message-model-slug=\"gpt-4o\">\n<div class=\"flex w-full flex-col gap-1 empty:hidden first:pt-[3px]\"><\/div>\n<\/div>\n<\/div>\n<\/div>\n<\/div>\n<\/div>\n<\/div>\n<div class=\"flex-shrink-0 flex flex-col relative items-end\">\n<div class=\"pt-0\">\n<div class=\"gizmo-bot-avatar flex h-8 w-8 items-center justify-center overflow-hidden rounded-full\">\n<div class=\"relative p-1 rounded-sm flex items-center justify-center bg-token-main-surface-primary text-token-text-primary h-8 w-8\">\n<div class=\"mb-2 flex gap-3 empty:hidden -ml-2\">\n<div role=\"article\" data-tabster=\"{&quot;groupper&quot;:{&quot;tabbability&quot;:2},&quot;focusable&quot;:{}}\" data-content=\"ai-message\" aria-labelledby=\"Vdt5ez4X7Tg813x6rFVha-author Vdt5ez4X7Tg813x6rFVha-content\">\n<div id=\"Vdt5ez4X7Tg813x6rFVha-content\">\n<div role=\"article\" data-tabster=\"{&quot;groupper&quot;:{&quot;tabbability&quot;:2},&quot;focusable&quot;:{}}\" data-content=\"ai-message\" aria-labelledby=\"o968oC7CEo2fGHsGdsRYC-author o968oC7CEo2fGHsGdsRYC-content\">\n<div id=\"o968oC7CEo2fGHsGdsRYC-content\">\n<h2>K\u0101p\u0113c izv\u0113l\u0113ties vapestornado Bang King Vape 35k Puff Vape vairumtirdzniec\u012bbai?<\/h2>\n<div class=\"flex-shrink-0 flex flex-col relative items-end\">\n<div class=\"pt-0\">\n<div class=\"gizmo-bot-avatar flex h-8 w-8 items-center justify-center overflow-hidden rounded-full\">\n<div class=\"relative p-1 rounded-sm flex items-center justify-center bg-token-main-surface-primary text-token-text-primary h-8 w-8\">\n<p>Laipni l\u016bdzam vapestornado, j\u016bsu uzticamaj\u0101 tie\u0161saistes vape veikal\u0101, kur\u0101 var ieg\u0101d\u0101ties augst\u0101k\u0101s kvalit\u0101tes vienreiz\u0113j\u0101s lieto\u0161anas vapes. Ar vair\u0101k nek\u0101 5 gadu pieredzi m\u0113s pied\u0101v\u0101jam popul\u0101rus vienreiz\u0113j\u0101s lieto\u0161anas vape z\u012bmolus, piem\u0113ram, Fumot RandM Vape, <a href=\"https:\/\/vapestornado.com\/lv\/product-category\/vapme-shisha\/\">Vapme<\/a>, Bang Vape, Waspe Vape un WGA Vape, u.c.<\/p>\n<p>M\u016bsu kl\u0101st\u0101 ir iek\u013cauti karstie izp\u0101rdo\u0161anas veipi, piem\u0113ram, <a href=\"https:\/\/vapestornado.com\/lv\/product\/randm-12000-puffs-fumot-digital-disposable-vape-wholesale-price\/\">RandM Tornado 12000<\/a>, un bag\u0101t\u012bgas gar\u0161as izv\u0113les, piem\u0113ram, <a href=\"https:\/\/vapestornado.com\/lv\/product\/wga-crystal-pro-max-extra-15000-puffs-rechargeable-disposable-vape-wholesale-bulk-buy\/\">\u00a0WGA Krist\u0101ls 15k P\u016b\u0161\u013ci<\/a> . Katrs produkts ir izv\u0113l\u0113ts, koncentr\u0113joties uz kvalit\u0101ti, v\u0113rt\u012bbu un daudzveid\u012bbu, nodro\u0161inot, ka j\u016bs atrad\u012bsiet perfektu atbilst\u012bbu sav\u0101m vajadz\u012bb\u0101m. Atkl\u0101jiet izcilu servisu un pla\u0161u popul\u0101r\u0101ko produktu kl\u0101stu par vairumtirdzniec\u012bbas cen\u0101m vietn\u0113 vapestornado.<\/p>\n<\/div>\n<p>&nbsp;<\/p>\n<p><strong>Citi karstie izp\u0101rdo\u0161anas vienreiz\u0113j\u0101s lieto\u0161anas veipi<\/strong><\/p>\n<p><a href=\"https:\/\/vapestornado.com\/lv\/product\/vozol-star-20000-puffs-disposable-vape-2-low-nicotine-bulk-buy-wholesale-cheap-price\/\">VOZOL Zvaigzne 20000 P\u016b\u0161\u013ci <span style=\"color: #ff0000;\"><strong>&gt;&gt;&gt;&gt; Uz priek\u0161u!<\/strong><\/span><\/a><\/p>\n<p><a href=\"https:\/\/vapestornado.com\/lv\/product\/refillable-disposable-vape-bang-40000-puffs-with-smart-screen-display-wholesale\/\">Bang 40000 uzp\u016btienu<span style=\"color: #ff0000;\"><strong>&gt;&gt;&gt;&gt; Uz priek\u0161u!<\/strong><\/span><\/a><\/p>\n<p><a href=\"https:\/\/vapestornado.com\/lv\/product\/puff-25k-bang-king-25000-puffs-rechargeable-disposable-vape-wholesale-bulk-buy\/\">Bang King 25000 <span style=\"color: #ff0000;\"><strong>&gt;&gt;&gt;&gt; Uz priek\u0161u!<\/strong><\/span><\/a><\/p>\n<\/div>\n<\/div>\n<\/div>\n<p>&nbsp;<\/p>\n<\/div>\n<\/div>\n<\/div>\n<\/div>\n<\/div>\n<\/div>\n<\/div>\n<\/div>\n<\/div>","protected":false},"excerpt":{"rendered":"<p>BangKing Vape 35000 Dvesmas 2% Nikot\u012bna Vienreizlietojamais Vape Vairumtirdzniec\u012bba<br \/>\nBang King 35000 Dvesmu Digit\u0101lais Displejs Vienreizlietojamais Vape Lielapjoma Pirkums<br \/>\nBang King Vape 35k Uzl\u0101d\u0113jams Vienreizlietojamais Vape L\u0113ta Cena<\/p>\n<p><strong>Pievienojiet Eimijas whatsapp, lai sa\u0146emtu pareizu atbildi un iztvaic\u0113t\u0101ja kuponu!<\/strong><\/p>\n<p><img fetchpriority=\"high\" decoding=\"async\" class=\"size-full wp-image-2932\" src=\"https:\/\/vapestornado.com\/wp-content\/uploads\/2024\/12\/Vape-Wholesale.jpg\" alt=\"Veipu Vairumtirdzniec\u012bba\" width=\"229\" height=\"300\" \/><\/p>\n<h3><a href=\"https:\/\/wa.me\/8617776015835\"><span style=\"color: #ff0000;\"><strong>WhatsApp: +86 17776015835<\/strong><\/span><\/a><\/h3>\n<p>&nbsp;<\/p>","protected":false},"featured_media":3636,"comment_status":"open","ping_status":"closed","template":"","meta":{"_acf_changed":false,"_uag_custom_page_level_css":"","_lmt_disableupdate":"no","_lmt_disable":"","_monsterinsights_skip_tracking":false,"_monsterinsights_sitenote_active":false,"_monsterinsights_sitenote_note":"","_monsterinsights_sitenote_category":0,"site-sidebar-layout":"default","site-content-layout":"","ast-site-content-layout":"default","site-content-style":"default","site-sidebar-style":"default","ast-global-header-display":"","ast-banner-title-visibility":"","ast-main-header-display":"","ast-hfb-above-header-display":"","ast-hfb-below-header-display":"","ast-hfb-mobile-header-display":"","site-post-title":"","ast-breadcrumbs-content":"","ast-featured-img":"","footer-sml-layout":"","ast-disable-related-posts":"","theme-transparent-header-meta":"default","adv-header-id-meta":"","stick-header-meta":"","header-above-stick-meta":"","header-main-stick-meta":"","header-below-stick-meta":"","astra-migrate-meta-layouts":"set","ast-page-background-enabled":"default","ast-page-background-meta":{"desktop":{"background-color":"","background-image":"","background-repeat":"repeat","background-position":"center center","background-size":"auto","background-attachment":"scroll","background-type":"","background-media":"","overlay-type":"","overlay-color":"","overlay-opacity":"","overlay-gradient":""},"tablet":{"background-color":"","background-image":"","background-repeat":"repeat","background-position":"center center","background-size":"auto","background-attachment":"scroll","background-type":"","background-media":"","overlay-type":"","overlay-color":"","overlay-opacity":"","overlay-gradient":""},"mobile":{"background-color":"","background-image":"","background-repeat":"repeat","background-position":"center center","background-size":"auto","background-attachment":"scroll","background-type":"","background-media":"","overlay-type":"","overlay-color":"","overlay-opacity":"","overlay-gradient":""}},"ast-content-background-meta":{"desktop":{"background-color":"var(--ast-global-color-5)","background-image":"","background-repeat":"repeat","background-position":"center center","background-size":"auto","background-attachment":"scroll","background-type":"","background-media":"","overlay-type":"","overlay-color":"","overlay-opacity":"","overlay-gradient":""},"tablet":{"background-color":"var(--ast-global-color-5)","background-image":"","background-repeat":"repeat","background-position":"center center","background-size":"auto","background-attachment":"scroll","background-type":"","background-media":"","overlay-type":"","overlay-color":"","overlay-opacity":"","overlay-gradient":""},"mobile":{"background-color":"var(--ast-global-color-5)","background-image":"","background-repeat":"repeat","background-position":"center center","background-size":"auto","background-attachment":"scroll","background-type":"","background-media":"","overlay-type":"","overlay-color":"","overlay-opacity":"","overlay-gradient":""}},"_joinchat":{"telephone":"+8617776015835"}},"product_brand":[],"product_cat":[175,63,152,157,160,143,144],"product_tag":[224,223,165,105,97,166,94],"class_list":{"0":"post-3639","1":"product","2":"type-product","3":"status-publish","4":"has-post-thumbnail","6":"product_cat-35000-puff","7":"product_cat-bangking","8":"product_cat-buy-disposable-vapes-in-cermany","9":"product_cat-buy-disposable-vapes-in-portugal","10":"product_cat-buy-disposable-vapes-in-switzerland","11":"product_cat-dual-mesh-disposable-vapes","12":"product_cat-low-nicotine-disposable-vapes","13":"product_tag-bang-king-35000","14":"product_tag-bang-king-vape-35000","15":"product_tag-cheap-vapes","16":"product_tag-digital-disposable-vape","17":"product_tag-hot-sale-disposable-vape","18":"product_tag-low-nicotine-vape","19":"product_tag-rechargeable-disposable-vape","20":"desktop-align-left","21":"tablet-align-left","22":"mobile-align-left","24":"first","25":"instock","26":"sale","27":"shipping-taxable","28":"purchasable","29":"product-type-simple"},"acf":[],"uagb_featured_image_src":{"full":["https:\/\/vapestornado.com\/wp-content\/uploads\/2025\/01\/Bang-King-Vape-35000-Puffs-Wholesale.webp",800,800,false],"thumbnail":["https:\/\/vapestornado.com\/wp-content\/uploads\/2025\/01\/Bang-King-Vape-35000-Puffs-Wholesale-150x150.webp",150,150,true],"medium":["https:\/\/vapestornado.com\/wp-content\/uploads\/2025\/01\/Bang-King-Vape-35000-Puffs-Wholesale-300x300.webp",300,300,true],"medium_large":["https:\/\/vapestornado.com\/wp-content\/uploads\/2025\/01\/Bang-King-Vape-35000-Puffs-Wholesale-768x768.webp",768,768,true],"large":["https:\/\/vapestornado.com\/wp-content\/uploads\/2025\/01\/Bang-King-Vape-35000-Puffs-Wholesale.webp",800,800,false],"1536x1536":["https:\/\/vapestornado.com\/wp-content\/uploads\/2025\/01\/Bang-King-Vape-35000-Puffs-Wholesale.webp",800,800,false],"2048x2048":["https:\/\/vapestornado.com\/wp-content\/uploads\/2025\/01\/Bang-King-Vape-35000-Puffs-Wholesale.webp",800,800,false],"trp-custom-language-flag":["https:\/\/vapestornado.com\/wp-content\/uploads\/2025\/01\/Bang-King-Vape-35000-Puffs-Wholesale.webp",12,12,false],"woocommerce_thumbnail":["https:\/\/vapestornado.com\/wp-content\/uploads\/2025\/01\/Bang-King-Vape-35000-Puffs-Wholesale-300x300.webp",300,300,true],"woocommerce_single":["https:\/\/vapestornado.com\/wp-content\/uploads\/2025\/01\/Bang-King-Vape-35000-Puffs-Wholesale-600x600.webp",600,600,true],"woocommerce_gallery_thumbnail":["https:\/\/vapestornado.com\/wp-content\/uploads\/2025\/01\/Bang-King-Vape-35000-Puffs-Wholesale-100x100.webp",100,100,true]},"uagb_author_info":{"display_name":"ESAMY","author_link":"https:\/\/vapestornado.com\/lv\/author\/"},"uagb_comment_info":0,"uagb_excerpt":"BangKing Vape 35000 Puffs 2% Low Nicotine Disposable Vape Wholesale Bang King 35000 Puff \u00a0Digital Display Disposable Vape Bulk Buy Bang King Vape 35k Rechargeable Disposable Vape Cheap Price Add Amy's whatsapp get right reply and vape coupon! WhatsApp: +86 17776015835 &nbsp;","_links":{"self":[{"href":"https:\/\/vapestornado.com\/lv\/wp-json\/wp\/v2\/product\/3639","targetHints":{"allow":["GET"]}}],"collection":[{"href":"https:\/\/vapestornado.com\/lv\/wp-json\/wp\/v2\/product"}],"about":[{"href":"https:\/\/vapestornado.com\/lv\/wp-json\/wp\/v2\/types\/product"}],"replies":[{"embeddable":true,"href":"https:\/\/vapestornado.com\/lv\/wp-json\/wp\/v2\/comments?post=3639"}],"wp:featuredmedia":[{"embeddable":true,"href":"https:\/\/vapestornado.com\/lv\/wp-json\/wp\/v2\/media\/3636"}],"wp:attachment":[{"href":"https:\/\/vapestornado.com\/lv\/wp-json\/wp\/v2\/media?parent=3639"}],"wp:term":[{"taxonomy":"product_brand","embeddable":true,"href":"https:\/\/vapestornado.com\/lv\/wp-json\/wp\/v2\/product_brand?post=3639"},{"taxonomy":"product_cat","embeddable":true,"href":"https:\/\/vapestornado.com\/lv\/wp-json\/wp\/v2\/product_cat?post=3639"},{"taxonomy":"product_tag","embeddable":true,"href":"https:\/\/vapestornado.com\/lv\/wp-json\/wp\/v2\/product_tag?post=3639"}],"curies":[{"name":"wp","href":"https:\/\/api.w.org\/{rel}","templated":true}]}}