{"id":3631,"date":"2025-01-02T09:26:09","date_gmt":"2025-01-02T09:26:09","guid":{"rendered":"https:\/\/vapestornado.com\/?post_type=product&#038;p=3631"},"modified":"2025-08-23T09:38:46","modified_gmt":"2025-08-23T09:38:46","slug":"uwin-tornado-vape-music-35000-puffs-wholesale-price","status":"publish","type":"product","link":"https:\/\/vapestornado.com\/lv\/product\/uwin-tornado-vape-music-35000-puffs-wholesale-price\/","title":{"rendered":"UWIN Tornado Vape Music 35000 dvesmas vairumtirdzniec\u012bbas cena"},"content":{"rendered":"<h1>UWIN Tornado Vape Music 35000 dvesmas vairumtirdzniec\u012bbas cena<\/h1>\n<p>&nbsp;<\/p>\n<div role=\"article\" data-tabster=\"{&quot;groupper&quot;:{&quot;tabbability&quot;:2},&quot;focusable&quot;:{}}\" data-content=\"ai-message\" aria-labelledby=\"64JRvXrTnY7mRmPkEQLLT-author 64JRvXrTnY7mRmPkEQLLT-content\">\n<div id=\"64JRvXrTnY7mRmPkEQLLT-content\">\n<p data-start=\"318\" data-end=\"611\">T\u0101 <strong data-start=\"322\" data-end=\"377\">UWIN Tornado Vape Music 35000 Puffs vienreiz\u0113j\u0101 e-cigarete<\/strong> apvieno lielu ietilp\u012bbu, veiktsp\u0113ju un unik\u0101lu dizainu gan individu\u0101liem lietot\u0101jiem, gan vairumtirgot\u0101jiem. Ar l\u012bdz pat <strong data-start=\"492\" data-end=\"508\">35 000 dvesieniem<\/strong> un <strong data-start=\"513\" data-end=\"535\">16 augst\u0101k\u0101s klases gar\u0161\u0101m<\/strong>d\u016bmiem tas nodro\u0161ina ilgsto\u0161u lieto\u0161anu un da\u017e\u0101d\u012bbu, kas atbilst da\u017e\u0101d\u0101m v\u0113lm\u0113m.<\/p>\n<p data-start=\"613\" data-end=\"882\">Pieejams <strong data-start=\"626\" data-end=\"667\">0%, 2%, 3% un 5% nikot\u012bna stiprumos<\/strong>\u0160\u012b e-cigarete ir piem\u0113rota pla\u0161am lietot\u0101ju lokam. T\u0101 <strong data-start=\"710\" data-end=\"728\">1,0 \u03a9 sieta spole<\/strong> nodro\u0161ina vienm\u0113r\u012bgu tvaika veido\u0161anos, savuk\u0101rt <strong data-start=\"772\" data-end=\"803\">650mAh uzl\u0101d\u0113jams akumulators<\/strong> ar <strong data-start=\"809\" data-end=\"833\">C tipa \u0101tr\u0101 uzl\u0101de<\/strong> nodro\u0161ina uzticamu jaudu ilgsto\u0161\u0101m sesij\u0101m.<\/p>\n<p data-start=\"884\" data-end=\"1179\">T\u0101 izcilais <strong data-start=\"897\" data-end=\"920\">RGB apgaismojuma sist\u0113ma<\/strong> sinhroniz\u0113jas ar m\u016bzikas ritmiem, pied\u0101v\u0101jot interakt\u012bvu pieredzi l\u012bdztekus nemain\u012bgai gar\u0161ai un veiktsp\u0113jai. Iepakots <strong data-start=\"1037\" data-end=\"1058\">160 vien\u012bbu kast\u0113s<\/strong> (21 kg katr\u0101 kast\u0113), <strong data-start=\"1082\" data-end=\"1102\">UWIN Tornado 35K<\/strong> ir paredz\u0113ts efekt\u012bvai vairumtirdzniec\u012bbas izplat\u012b\u0161anai un sp\u0113c\u012bgam mazumtirdzniec\u012bbas piepras\u012bjumam.<\/p>\n<figure id=\"attachment_3652\" aria-describedby=\"caption-attachment-3652\" style=\"width: 669px\" class=\"wp-caption alignnone\"><img fetchpriority=\"high\" decoding=\"async\" class=\"wp-image-3652\" src=\"https:\/\/vapestornado.com\/wp-content\/uploads\/2025\/01\/Cheap-Price-Uwin-Tornado-35k-Puffs-Vape.jpg\" alt=\"Zema cena Uwin Tornado 35k Puffs Vape\" width=\"669\" height=\"669\" srcset=\"https:\/\/vapestornado.com\/wp-content\/uploads\/2025\/01\/Cheap-Price-Uwin-Tornado-35k-Puffs-Vape.jpg 800w, https:\/\/vapestornado.com\/wp-content\/uploads\/2025\/01\/Cheap-Price-Uwin-Tornado-35k-Puffs-Vape-300x300.jpg 300w, https:\/\/vapestornado.com\/wp-content\/uploads\/2025\/01\/Cheap-Price-Uwin-Tornado-35k-Puffs-Vape-150x150.jpg 150w, https:\/\/vapestornado.com\/wp-content\/uploads\/2025\/01\/Cheap-Price-Uwin-Tornado-35k-Puffs-Vape-768x768.jpg 768w, https:\/\/vapestornado.com\/wp-content\/uploads\/2025\/01\/Cheap-Price-Uwin-Tornado-35k-Puffs-Vape-600x600.jpg 600w, https:\/\/vapestornado.com\/wp-content\/uploads\/2025\/01\/Cheap-Price-Uwin-Tornado-35k-Puffs-Vape-100x100.jpg 100w\" sizes=\"(max-width: 669px) 100vw, 669px\" \/><figcaption id=\"caption-attachment-3652\" class=\"wp-caption-text\">Zema cena Uwin Tornado 35k Puffs Vape<\/figcaption><\/figure>\n<\/div>\n<\/div>\n<p><img decoding=\"async\" class=\"alignleft wp-image-2951 size-medium\" src=\"https:\/\/vapestornado.com\/wp-content\/uploads\/2024\/12\/Wholesale-Disposable-Vape-265x300.jpg\" alt=\"Vienreiz\u0113j\u0101s lieto\u0161anas Vape vairumtirdzniec\u012bba\" width=\"265\" height=\"300\" srcset=\"https:\/\/vapestornado.com\/wp-content\/uploads\/2024\/12\/Wholesale-Disposable-Vape-265x300.jpg 265w, https:\/\/vapestornado.com\/wp-content\/uploads\/2024\/12\/Wholesale-Disposable-Vape-768x871.jpg 768w, https:\/\/vapestornado.com\/wp-content\/uploads\/2024\/12\/Wholesale-Disposable-Vape-600x680.jpg 600w, https:\/\/vapestornado.com\/wp-content\/uploads\/2024\/12\/Wholesale-Disposable-Vape.jpg 823w\" sizes=\"(max-width: 265px) 100vw, 265px\" \/><\/p>\n<h5>L\u016bdzu, sazinieties ar Mandiju WhatsApp, lai sa\u0146emtu atlaides cenu<a href=\"https:\/\/wa.me\/8618077105796\" target=\"_blank\" rel=\"noopener\">+8618077105796<\/a><\/h5>\n<div class=\"flex max-w-full flex-col flex-grow\">\n<div class=\"min-h-8 text-message flex w-full flex-col items-end gap-2 whitespace-normal break-words text-start [.text-message+&amp;]:mt-5\" dir=\"auto\" data-message-author-role=\"assistant\" data-message-id=\"cdb991c0-f594-4bff-b2d5-fbbdd7ce9e54\" data-message-model-slug=\"gpt-4o-mini\">\n<div class=\"flex w-full flex-col gap-1 empty:hidden first:pt-[3px]\">\n<div class=\"markdown prose w-full break-words dark:prose-invert light\"><\/div>\n<\/div>\n<\/div>\n<\/div>\n<div class=\"mb-2 flex gap-3 empty:hidden -ml-2\">\n<h2>UWIN Tornado Vape Music 35000 Puffs galven\u0101s iez\u012bmes:<\/h2>\n<ul>\n<li><strong>Nikot\u012bna opcijas<\/strong>: 0%, 2%, 3%, 5% \u2013 piel\u0101gots, lai apmierin\u0101tu da\u017e\u0101das v\u0113lmes.<\/li>\n<li><strong>D\u016bmu daudzums<\/strong>: 35,000 \u2013 Izcils ilgm\u016b\u017e\u012bba nep\u0101rtrauktai tvaic\u0113\u0161anas pieredzei.<\/li>\n<li><strong>Kartona daudzums<\/strong>: 160 gab. \u2013 Ide\u0101li piem\u0113rots vairumtirdzniec\u012bbai un liela m\u0113roga izplat\u012b\u0161anai.<\/li>\n<li><strong>Gar\u0161as<\/strong>: 16 \u2013 Pla\u0161a izv\u0113le katrai gar\u0161ai.<\/li>\n<li><strong>Akumulators<\/strong>: 650mAh Uzl\u0101d\u0113jams ar C tipa portu \u2013 uzticama jauda ar \u0101tru uzl\u0101di.<\/li>\n<li><strong>Spole<\/strong>: 1.0-om Mesh Coil \u2013 nodro\u0161ina vienm\u0113r\u012bgu un konsekventu tvaika ra\u017eo\u0161anu.<\/li>\n<li><strong>Kartona svars<\/strong>: 21kg \u2013 Iztur\u012bgs iepakojums \u0113rtai lieto\u0161anai.<\/li>\n<li><strong>Kartona izm\u0113ri<\/strong>: Kompakts un optimiz\u0113ts efekt\u012bvai uzglab\u0101\u0161anai un pieg\u0101dei.<\/li>\n<li><strong>RGB Gaismas<\/strong>: Spilgts apgaismojums modernai est\u0113tikai.<\/li>\n<li><strong>Dinamisks apgaismojums<\/strong>: Gaismas sit pa m\u016bziku, radot ieskaujo\u0161u veipo\u0161anas pieredzi.<\/li>\n<\/ul>\n<\/div>\n<h2>UWIN Tornado Music 35000 Puffs Vienreizlietojamie Veipi Gar\u0161a:<\/h2>\n<p>1.Melle\u0146u ave\u0146u<br \/>\n2.V\u012bnogu ledus<br \/>\n3. Zeme\u0146u arb\u016bzs<br \/>\n4.Mellenes uz ledus<br \/>\n5. Arb\u016bzu ledus<br \/>\n6. \u0136ir\u0161u ledus<br \/>\n7. Zeme\u0146u ave\u0146u \u0137ir\u0161u ledus<br \/>\n8. Kivi pasifloras gvajava<br \/>\n9. Zeme\u0146u ledus<br \/>\n10. Persiku mango anan\u0101ss<br \/>\n11. Melle\u0146u \u0137ir\u0161u dz\u0113rve\u0146u<br \/>\n12. Persiku ogu<br \/>\n13. \u0136ir\u0161u kola<br \/>\n14. Jauktas ogas<br \/>\n15. Misters Zils<br \/>\n16. Vasaras persiku ledus<\/p>\n<div role=\"article\" data-tabster=\"{&quot;groupper&quot;:{&quot;tabbability&quot;:2},&quot;focusable&quot;:{}}\" data-content=\"ai-message\" aria-labelledby=\"dARUyEWDoEYhnSPXFwx5A-author dARUyEWDoEYhnSPXFwx5A-content\">\n<div id=\"dARUyEWDoEYhnSPXFwx5A-content\">\n<h2>K\u0101p\u0113c izv\u0113l\u0113ties UWIN Tornado Vapes Music 35000 Puff <strong>\u00a0<\/strong>at <a href=\"https:\/\/vapestornado.com\/lv\/product\/bang-box-35k-puffs-high-capacity-long-lasting-disposable-vape\/\">vapestornado.com?<\/a><\/h2>\n<ul>\n<li><strong>Nep\u0101rsp\u0113jama dvesmu ietilp\u012bba<\/strong>: 35 000 dvesmas katr\u0101 ier\u012bc\u0113 nodro\u0161ina izcilu v\u0113rt\u012bbu un ilgm\u016b\u017e\u012bbu, piesaistot vair\u0101k klientu.<\/li>\n<li><strong>Inovat\u012bvs dizains<\/strong>: Apr\u012bkots ar RGB gaism\u0101m, kas sinhroniz\u0113jas ar m\u016bziku, nodro\u0161inot unik\u0101lu un ieskaujo\u0161u veipo\u0161anas pieredzi, kas izce\u013cas tirg\u016b.<\/li>\n<li><strong>Augstas kvalit\u0101tes komponenti<\/strong>: Ietver 650 mAh uzl\u0101d\u0113jamu akumulatoru, C tipa portu un 1,0 omu t\u012bkla spoli konsekventai un uzticamai veiktsp\u0113jai.<\/li>\n<li><strong>Gar\u0161u daudzveid\u012bba<\/strong>: Ar 16 at\u0161\u0137ir\u012bg\u0101m gar\u0161\u0101m klienti var izp\u0113t\u012bt pla\u0161u gar\u0161u kl\u0101stu, nodro\u0161inot atk\u0101rtotu uz\u0146\u0113m\u0113jdarb\u012bbu.<\/li>\n<li><strong>Lielgabar\u012bta iepakojums<\/strong>: katr\u0101 kartona kast\u0113 ir 160 gabali, t\u0101p\u0113c tas ir ide\u0101li piem\u0113rots vairumtirdzniec\u012bbai un mazumtirdzniec\u012bbai.<\/li>\n<li><strong>Konkur\u0113tsp\u0113j\u012bgas cenas<\/strong>: vapestornado.com pied\u0101v\u0101 nozar\u0113 vado\u0161\u0101s vairumtirdzniec\u012bbas cenas, lai maksim\u0101li palielin\u0101tu j\u016bsu pe\u013c\u0146as normu.<\/li>\n<li><strong>Uzticams pieg\u0101d\u0101t\u0101js<\/strong>: Ar ap\u0146em\u0161anos nodro\u0161in\u0101t kvalit\u0101ti un uzticamu pieg\u0101di, vapestornado.com ir partneris, kuram varat uztic\u0113ties sava biznesa att\u012bst\u012bbai.<\/li>\n<\/ul>\n<\/div>\n<\/div>\n<h2>Bie\u017ei uzdotie jaut\u0101jumi par UWIN Tornado Vape Music 35000 Puffs Vape podi\u0146iem<\/h2>\n<ul>\n<li><strong>Ar ko UWIN 35k p\u016btienu Tornado Vape Music ir unik\u0101ls?<\/strong><br \/>\nUWIN Tornado izce\u013cas ar savu <strong>35 000 uzp\u016btienu ietilp\u012bbu<\/strong>, RGB gaism\u0101m, kas sinhroniz\u0113jas ar m\u016bziku, un pla\u0161u <strong>16 augst\u0101k\u0101s klases gar\u0161\u0101m<\/strong>, pied\u0101v\u0101jot stil\u012bgu un ieskaujo\u0161u tvaic\u0113\u0161anas pieredzi.<\/li>\n<li><strong>K\u0101da veida spole tiek izmantota UWIN Tornado Vape Music 35k p\u016btienu?<\/strong><br \/>\nUWIN Tornado ir apr\u012bkots ar <strong>1,0 omu t\u012bkla spole<\/strong>, nodro\u0161inot vienm\u0113r\u012bgu, gar\u0161\u012bgu un konsekventu tvaiku veido\u0161anos katr\u0101 p\u016btien\u0101.<\/li>\n<li><strong>K\u0101 darbojas RGB gaismas?<\/strong><br \/>\nIer\u012bces RGB gaismas ir dinamiskas un puls\u0113 m\u016bzikas ritm\u0101, radot vizu\u0101li saisto\u0161u pieredzi, kas papildina t\u0101s moderno dizainu.<\/li>\n<li><strong>K\u0101p\u0113c man vajadz\u0113tu izv\u0113l\u0113ties UWIN Tornado Vapes 35000 p\u016btienus, nevis citus vienreiz lietojamos veipus?<\/strong><br \/>\nUWIN Tornado apvieno augst\u0101k\u0101s kvalit\u0101tes, novatoriskas funkcijas un nep\u0101rsp\u0113jamu p\u016btienu ietilp\u012bbu, padarot to par augst\u0101k\u0101s klases izv\u0113li augstas klases tvaic\u0113\u0161anas tirg\u016b.<\/li>\n<\/ul>","protected":false},"excerpt":{"rendered":"<p><strong>UWIN Tornado Vape Music 35000 Dvesmas<\/strong>, main\u012bja vienreizlietojamo tvaic\u0113t\u0101ju tirgu. Ar dinamiskaj\u0101m, ar m\u016bziku sinhroniz\u0113taj\u0101m LED gaism\u0101m, milz\u012bgo 35 000 dvesmu ietilp\u012bbu un uzl\u0101d\u0113jamo C tipa dizainu \u0161is tvaic\u0113t\u0101js apvieno inov\u0101cijas ar stilu. Lieliski piem\u0113rots vairumtirgot\u0101jiem, kuri mekl\u0113 augst\u0101k\u0101s klases, augstas veiktsp\u0113jas ier\u012bces par konkur\u0113tsp\u0113j\u012bg\u0101m cen\u0101m.<\/p>\n<figure id=\"attachment_2951\" aria-describedby=\"caption-attachment-2951\" style=\"width: 265px\" class=\"wp-caption alignnone\"><img decoding=\"async\" class=\"size-medium wp-image-2951\" src=\"https:\/\/vapestornado.com\/wp-content\/uploads\/2024\/12\/Wholesale-Disposable-Vape-265x300.jpg\" alt=\"Vienreiz\u0113j\u0101s lieto\u0161anas Vape vairumtirdzniec\u012bba\" width=\"265\" height=\"300\" srcset=\"https:\/\/vapestornado.com\/wp-content\/uploads\/2024\/12\/Wholesale-Disposable-Vape-265x300.jpg 265w, https:\/\/vapestornado.com\/wp-content\/uploads\/2024\/12\/Wholesale-Disposable-Vape-768x871.jpg 768w, https:\/\/vapestornado.com\/wp-content\/uploads\/2024\/12\/Wholesale-Disposable-Vape-600x680.jpg 600w, https:\/\/vapestornado.com\/wp-content\/uploads\/2024\/12\/Wholesale-Disposable-Vape.jpg 823w\" sizes=\"(max-width: 265px) 100vw, 265px\" \/><figcaption id=\"caption-attachment-2951\" class=\"wp-caption-text\">L\u016bdzu, sazinieties ar Mandiju WhatsApp, lai sa\u0146emtu atlaides cenu\u00a0 <a href=\"https:\/\/wa.me\/8618077105796\">+8618077105796<\/a><\/figcaption><\/figure>\n<p>&nbsp;<\/p>","protected":false},"featured_media":3654,"comment_status":"open","ping_status":"closed","template":"","meta":{"_acf_changed":false,"_uag_custom_page_level_css":"","_lmt_disableupdate":"no","_lmt_disable":"","_monsterinsights_skip_tracking":false,"_monsterinsights_sitenote_active":false,"_monsterinsights_sitenote_note":"","_monsterinsights_sitenote_category":0,"site-sidebar-layout":"default","site-content-layout":"","ast-site-content-layout":"default","site-content-style":"default","site-sidebar-style":"default","ast-global-header-display":"","ast-banner-title-visibility":"","ast-main-header-display":"","ast-hfb-above-header-display":"","ast-hfb-below-header-display":"","ast-hfb-mobile-header-display":"","site-post-title":"","ast-breadcrumbs-content":"","ast-featured-img":"","footer-sml-layout":"","ast-disable-related-posts":"","theme-transparent-header-meta":"default","adv-header-id-meta":"","stick-header-meta":"","header-above-stick-meta":"","header-main-stick-meta":"","header-below-stick-meta":"","astra-migrate-meta-layouts":"set","ast-page-background-enabled":"default","ast-page-background-meta":{"desktop":{"background-color":"","background-image":"","background-repeat":"repeat","background-position":"center center","background-size":"auto","background-attachment":"scroll","background-type":"","background-media":"","overlay-type":"","overlay-color":"","overlay-opacity":"","overlay-gradient":""},"tablet":{"background-color":"","background-image":"","background-repeat":"repeat","background-position":"center center","background-size":"auto","background-attachment":"scroll","background-type":"","background-media":"","overlay-type":"","overlay-color":"","overlay-opacity":"","overlay-gradient":""},"mobile":{"background-color":"","background-image":"","background-repeat":"repeat","background-position":"center center","background-size":"auto","background-attachment":"scroll","background-type":"","background-media":"","overlay-type":"","overlay-color":"","overlay-opacity":"","overlay-gradient":""}},"ast-content-background-meta":{"desktop":{"background-color":"var(--ast-global-color-5)","background-image":"","background-repeat":"repeat","background-position":"center center","background-size":"auto","background-attachment":"scroll","background-type":"","background-media":"","overlay-type":"","overlay-color":"","overlay-opacity":"","overlay-gradient":""},"tablet":{"background-color":"var(--ast-global-color-5)","background-image":"","background-repeat":"repeat","background-position":"center center","background-size":"auto","background-attachment":"scroll","background-type":"","background-media":"","overlay-type":"","overlay-color":"","overlay-opacity":"","overlay-gradient":""},"mobile":{"background-color":"var(--ast-global-color-5)","background-image":"","background-repeat":"repeat","background-position":"center center","background-size":"auto","background-attachment":"scroll","background-type":"","background-media":"","overlay-type":"","overlay-color":"","overlay-opacity":"","overlay-gradient":""}},"_joinchat":{"telephone":"+8618077105796"}},"product_brand":[],"product_cat":[175,140,150,157,233],"product_tag":[97,133],"class_list":{"0":"post-3631","1":"product","2":"type-product","3":"status-publish","4":"has-post-thumbnail","6":"product_cat-35000-puff","7":"product_cat-big-puffs-disposable-vapes","8":"product_cat-buy-disposable-vapes-in-belgium","9":"product_cat-buy-disposable-vapes-in-portugal","10":"product_cat-uwin-vape","11":"product_tag-hot-sale-disposable-vape","12":"product_tag-uwin-tornado-35000","13":"desktop-align-left","14":"tablet-align-left","15":"mobile-align-left","17":"first","18":"instock","19":"sale","20":"shipping-taxable","21":"purchasable","22":"product-type-simple"},"acf":[],"uagb_featured_image_src":{"full":["https:\/\/vapestornado.com\/wp-content\/uploads\/2025\/01\/Good-Sale-Uwin-Tornado-35k-Puffs-Disposable-Vape.jpg",800,800,false],"thumbnail":["https:\/\/vapestornado.com\/wp-content\/uploads\/2025\/01\/Good-Sale-Uwin-Tornado-35k-Puffs-Disposable-Vape-150x150.jpg",150,150,true],"medium":["https:\/\/vapestornado.com\/wp-content\/uploads\/2025\/01\/Good-Sale-Uwin-Tornado-35k-Puffs-Disposable-Vape-300x300.jpg",300,300,true],"medium_large":["https:\/\/vapestornado.com\/wp-content\/uploads\/2025\/01\/Good-Sale-Uwin-Tornado-35k-Puffs-Disposable-Vape-768x768.jpg",768,768,true],"large":["https:\/\/vapestornado.com\/wp-content\/uploads\/2025\/01\/Good-Sale-Uwin-Tornado-35k-Puffs-Disposable-Vape.jpg",800,800,false],"1536x1536":["https:\/\/vapestornado.com\/wp-content\/uploads\/2025\/01\/Good-Sale-Uwin-Tornado-35k-Puffs-Disposable-Vape.jpg",800,800,false],"2048x2048":["https:\/\/vapestornado.com\/wp-content\/uploads\/2025\/01\/Good-Sale-Uwin-Tornado-35k-Puffs-Disposable-Vape.jpg",800,800,false],"trp-custom-language-flag":["https:\/\/vapestornado.com\/wp-content\/uploads\/2025\/01\/Good-Sale-Uwin-Tornado-35k-Puffs-Disposable-Vape.jpg",12,12,false],"woocommerce_thumbnail":["https:\/\/vapestornado.com\/wp-content\/uploads\/2025\/01\/Good-Sale-Uwin-Tornado-35k-Puffs-Disposable-Vape-300x300.jpg",300,300,true],"woocommerce_single":["https:\/\/vapestornado.com\/wp-content\/uploads\/2025\/01\/Good-Sale-Uwin-Tornado-35k-Puffs-Disposable-Vape-600x600.jpg",600,600,true],"woocommerce_gallery_thumbnail":["https:\/\/vapestornado.com\/wp-content\/uploads\/2025\/01\/Good-Sale-Uwin-Tornado-35k-Puffs-Disposable-Vape-100x100.jpg",100,100,true]},"uagb_author_info":{"display_name":"ESMANDY","author_link":"https:\/\/vapestornado.com\/lv\/author\/"},"uagb_comment_info":0,"uagb_excerpt":"UWIN Tornado Vape Music 35000 Puffs, a game-changer in disposable vaping. With its dynamic music-synced LED lights, massive 35,000 puffs capacity, and rechargeable Type-C design, this vape blends innovation with style. Perfect for wholesalers seeking premium, high-performance devices at competitive prices. [caption id=\"attachment_2951\" align=\"alignnone\" width=\"265\"] Pls Contact Mandy's WhatsApp For Discount Price\u00a0 +8618077105796[\/caption] &nbsp;","_links":{"self":[{"href":"https:\/\/vapestornado.com\/lv\/wp-json\/wp\/v2\/product\/3631","targetHints":{"allow":["GET"]}}],"collection":[{"href":"https:\/\/vapestornado.com\/lv\/wp-json\/wp\/v2\/product"}],"about":[{"href":"https:\/\/vapestornado.com\/lv\/wp-json\/wp\/v2\/types\/product"}],"replies":[{"embeddable":true,"href":"https:\/\/vapestornado.com\/lv\/wp-json\/wp\/v2\/comments?post=3631"}],"wp:featuredmedia":[{"embeddable":true,"href":"https:\/\/vapestornado.com\/lv\/wp-json\/wp\/v2\/media\/3654"}],"wp:attachment":[{"href":"https:\/\/vapestornado.com\/lv\/wp-json\/wp\/v2\/media?parent=3631"}],"wp:term":[{"taxonomy":"product_brand","embeddable":true,"href":"https:\/\/vapestornado.com\/lv\/wp-json\/wp\/v2\/product_brand?post=3631"},{"taxonomy":"product_cat","embeddable":true,"href":"https:\/\/vapestornado.com\/lv\/wp-json\/wp\/v2\/product_cat?post=3631"},{"taxonomy":"product_tag","embeddable":true,"href":"https:\/\/vapestornado.com\/lv\/wp-json\/wp\/v2\/product_tag?post=3631"}],"curies":[{"name":"wp","href":"https:\/\/api.w.org\/{rel}","templated":true}]}}