{"id":3624,"date":"2025-01-02T07:15:34","date_gmt":"2025-01-02T07:15:34","guid":{"rendered":"https:\/\/vapestornado.com\/?post_type=product&#038;p=3624"},"modified":"2025-08-23T11:39:50","modified_gmt":"2025-08-23T11:39:50","slug":"vozol-star-20000-puffs-disposable-vape-2-low-nicotine-bulk-buy-wholesale-cheap-price","status":"publish","type":"product","link":"https:\/\/vapestornado.com\/lv\/product\/vozol-star-20000-puffs-disposable-vape-2-low-nicotine-bulk-buy-wholesale-cheap-price\/","title":{"rendered":"VOZOL Star 20000 dvesmas vienreizlietojamais Vape 2% zems nikot\u012bna saturs vairumtirdzniec\u012bbas l\u0113ts pirkums"},"content":{"rendered":"<h1 class=\"product-title\">VOZOL Star 20000 dvesmas vienreizlietojamais Vape 2% zems nikot\u012bna saturs vairumtirdzniec\u012bbas l\u0113ts pirkums<\/h1>\n<p data-start=\"197\" data-end=\"530\">T\u0101 <strong data-start=\"201\" data-end=\"243\">VOZOL Star 20000 Puffs Vienreiz\u0113j\u0101s lieto\u0161anas iztvaic\u0113t\u0101js<\/strong> ir inovat\u012bva ier\u012bce, kas izveidota vaperiem un <strong data-start=\"289\" data-end=\"315\">vairumtirdzniec\u012bbas izplat\u012bt\u0101jiem<\/strong> kas v\u0113las kaut ko unik\u0101lu plaukt\u0101. K\u0101 pirm\u0101 vienreizlietojam\u0101 ier\u012bce pasaul\u0113 ar <strong data-start=\"395\" data-end=\"421\">2,2\u201d HD spogu\u013ca displeju<\/strong>, t\u0101 nodro\u0161ina gan fut\u016bristisku dizainu, gan praktisku funkcionalit\u0101ti, liekot tai izcelties jebkur\u0101 mazumtirdzniec\u012bbas pied\u0101v\u0101jum\u0101.<\/p>\n<p data-start=\"532\" data-end=\"840\">Ar l\u012bdz pat <strong data-start=\"543\" data-end=\"559\">20 000 uzp\u016btieniem<\/strong>, Star darbina <strong data-start=\"586\" data-end=\"617\">650mAh uzl\u0101d\u0113jams akumulators<\/strong> un <strong data-start=\"624\" data-end=\"657\">24 ml iepriek\u0161 uzpild\u012bta e-\u0161\u0137idruma tvertne<\/strong>, nodro\u0161inot ilgsto\u0161u darb\u012bbu. Ier\u012bce <strong data-start=\"694\" data-end=\"719\">dubultu sieti\u0146a spoles sist\u0113mu<\/strong> rada bag\u0101t\u012bgu gar\u0161u un bl\u012bvus d\u016bmus, savuk\u0101rt regul\u0113jamie iestat\u012bjumi \u013cauj lietot\u0101jiem personaliz\u0113t savas iztvaiko\u0161anas sesijas.<\/p>\n<p data-start=\"842\" data-end=\"1136\">T\u0101 <strong data-start=\"846\" data-end=\"874\">interakt\u012bvais kr\u0101su ekr\u0101ns<\/strong> re\u0101llaik\u0101 par\u0101da d\u016bmu skaitu, akumulatora uzl\u0101des l\u012bmeni un atliku\u0161o e-\u0161\u0137idrumu, sniedzot klientiem piln\u012bgu kontroli p\u0101r savu pieredzi. T\u0101s glud\u0101 un modern\u0101 apdare padara to \u012bpa\u0161i pievilc\u012bgu jaun\u0101k\u0101m demogr\u0101fiskaj\u0101m grup\u0101m vis\u0101 Latvij\u0101, Lietuv\u0101, Igaunij\u0101 un citos ES tirgos.<\/p>\n<p data-start=\"1138\" data-end=\"1324\">Vairumtirdzniec\u012bbas pirc\u0113jiem, tas <strong data-start=\"1159\" data-end=\"1177\">VOZOL Star 20K<\/strong> apvieno uzlabotas funkcijas, ilgsto\u0161u lieto\u0161anu un konkur\u0113tsp\u0113j\u012bgu vairumtirdzniec\u012bbas cenu \u2014 padarot to par labi p\u0101rdotu vienreizlietojamu iztvaikot\u0101ju Eiropas izplat\u012b\u0161anai.<\/p>\n<p><strong>Pas\u016btiet VOZOL Star 20000 vienreiz\u0113j\u0101s lieto\u0161anas vape<\/strong> tie\u0161saist\u0113 no <strong>vapestornado tie\u0161saistes vape veikala<\/strong>\u00a0un izbaudiet unik\u0101lus pieg\u0101des pakalpojumus vis\u0101 <strong>V\u0101cija<\/strong>, <strong>N\u012bderlande<\/strong>, <strong>Francija<\/strong>, <strong>It\u0101liju<\/strong>, <strong>Sp\u0101niju<\/strong>, <strong>\u0160veice<\/strong>, <strong>Zviedriju<\/strong>, <strong>Poliju<\/strong>, <strong>Be\u013c\u0123ija<\/strong>, <strong>Austrija<\/strong>, <strong>Norv\u0113\u0123ija<\/strong>, <strong>D\u0101nija<\/strong>, <strong>Somija<\/strong>, <strong>Bulg\u0101riju<\/strong>, <strong>Ung\u0101rija<\/strong>, un citi.<\/p>\n<p>&nbsp;<\/p>\n<p><span style=\"color: #ff0000;\"><strong>Pievienojiet Eimijas Whatsapp, lai sa\u0146emtu pareizo atbildi un vape kuponu!<\/strong><\/span><\/p>\n<p><img fetchpriority=\"high\" decoding=\"async\" class=\"size-full wp-image-2932\" src=\"https:\/\/vapestornado.com\/wp-content\/uploads\/2024\/12\/Vape-Wholesale.jpg\" alt=\"Veipu Vairumtirdzniec\u012bba\" width=\"229\" height=\"300\" \/><\/p>\n<h3><a href=\"https:\/\/wa.me\/8617776015835\" target=\"_blank\" rel=\"noopener\"><span style=\"color: #ff0000;\"><strong>WhatsApp: +86 17776015835<\/strong><\/span><\/a><\/h3>\n<p>&nbsp;<\/p>\n<h2 class=\"product-title\"><strong>VOZOL Star 20000 produkta \u012bpa\u0161\u012bbas<\/strong><\/h2>\n<div role=\"article\" data-tabster=\"{&quot;groupper&quot;:{&quot;tabbability&quot;:2},&quot;focusable&quot;:{}}\" data-content=\"ai-message\" aria-labelledby=\"juhNTJ6o7Gk1cgwZMJgv2-author juhNTJ6o7Gk1cgwZMJgv2-content\">\n<div id=\"juhNTJ6o7Gk1cgwZMJgv2-content\">\n<div role=\"article\" data-tabster=\"{&quot;groupper&quot;:{&quot;tabbability&quot;:2},&quot;focusable&quot;:{}}\" data-content=\"ai-message\" aria-labelledby=\"x4EZuCZWrTbh3weWUt7CU-author x4EZuCZWrTbh3weWUt7CU-content\">\n<div id=\"x4EZuCZWrTbh3weWUt7CU-content\">\n<div class=\"flex max-w-full flex-col flex-grow\">\n<div class=\"min-h-8 text-message flex w-full flex-col items-end gap-2 whitespace-normal break-words text-start [.text-message+&amp;]:mt-5\" dir=\"auto\" data-message-author-role=\"assistant\" data-message-id=\"52c6e00a-252f-4104-805d-2f1a84739c71\" data-message-model-slug=\"gpt-4o\">\n<div class=\"flex w-full flex-col gap-1 empty:hidden first:pt-[3px]\">\n<div class=\"markdown prose w-full break-words dark:prose-invert light\">\n<p>&nbsp;<\/p>\n<ol>\n<li><strong>2,2 collu HD spogu\u013cdisplejs<\/strong>: Skaidrs, interakt\u012bvs displejs, lai \u0113rti izsekotu tvaic\u0113\u0161anas statistiku.<\/li>\n<li><strong>Twin Mesh spoles tehnolo\u0123ija<\/strong>: Uzlabo gar\u0161as intensit\u0101ti un nodro\u0161ina vienm\u0113r\u012bgu tvaiku ra\u017eo\u0161anu.<\/li>\n<li><strong>L\u012bdz 20 000 uzp\u016btieniem<\/strong>: Ilgsto\u0161a tvaic\u0113\u0161anas pieredze ar piel\u0101gojamu veiktsp\u0113ju.<\/li>\n<li><strong>650mAh uzl\u0101d\u0113jams akumulators<\/strong>: \u0100tra uzl\u0101de ilgsto\u0161ai lieto\u0161anai ar minim\u0101lu d\u012bkst\u0101vi.<\/li>\n<li><strong>24 ml E-\u0161\u0137idruma ietilp\u012bba<\/strong>: Nodro\u0161ina pietiekami daudz e-\u0161\u0137idruma ilgsto\u0161\u0101m sesij\u0101m bez bie\u017eas uzpild\u012b\u0161anas.<\/li>\n<li><strong>Caursp\u012bd\u012bgs dizains<\/strong>: Apskatiet atliku\u0161o e-\u0161\u0137idrumu, lai nodro\u0161in\u0101tu papildu \u0113rt\u012bbas un lieto\u0161anas vienk\u0101r\u0161\u012bbu.<\/li>\n<\/ol>\n<figure id=\"attachment_3630\" aria-describedby=\"caption-attachment-3630\" style=\"width: 800px\" class=\"wp-caption alignnone\"><img decoding=\"async\" class=\"wp-image-3630 size-full\" src=\"https:\/\/vapestornado.com\/wp-content\/uploads\/2025\/01\/Vozol-Star-20000-Puff-Rechargeable-Disposable-Vape.webp\" alt=\"Vozol Star 20000 uzp\u016btienu uzl\u0101d\u0113jams vienreiz\u0113j\u0101s lieto\u0161anas vape\" width=\"800\" height=\"800\" srcset=\"https:\/\/vapestornado.com\/wp-content\/uploads\/2025\/01\/Vozol-Star-20000-Puff-Rechargeable-Disposable-Vape.webp 800w, https:\/\/vapestornado.com\/wp-content\/uploads\/2025\/01\/Vozol-Star-20000-Puff-Rechargeable-Disposable-Vape-300x300.webp 300w, https:\/\/vapestornado.com\/wp-content\/uploads\/2025\/01\/Vozol-Star-20000-Puff-Rechargeable-Disposable-Vape-150x150.webp 150w, https:\/\/vapestornado.com\/wp-content\/uploads\/2025\/01\/Vozol-Star-20000-Puff-Rechargeable-Disposable-Vape-768x768.webp 768w, https:\/\/vapestornado.com\/wp-content\/uploads\/2025\/01\/Vozol-Star-20000-Puff-Rechargeable-Disposable-Vape-600x600.webp 600w, https:\/\/vapestornado.com\/wp-content\/uploads\/2025\/01\/Vozol-Star-20000-Puff-Rechargeable-Disposable-Vape-100x100.webp 100w\" sizes=\"(max-width: 800px) 100vw, 800px\" \/><figcaption id=\"caption-attachment-3630\" class=\"wp-caption-text\">Vozol Star 20000 uzp\u016btienu uzl\u0101d\u0113jams vienreiz\u0113j\u0101s lieto\u0161anas vape<\/figcaption><\/figure>\n<\/div>\n<\/div>\n<\/div>\n<\/div>\n<div class=\"mb-2 flex gap-3 empty:hidden -ml-2\"><\/div>\n<\/div>\n<\/div>\n<\/div>\n<\/div>\n<h2 class=\"product-title\"><strong>Popul\u0101ra gar\u0161a VOZOL Star 20000<\/strong><strong>\u00a0<\/strong><strong>Vienreiz\u0113j\u0101s lieto\u0161anas vapes<\/strong><\/h2>\n<p>Vozol Star 20000 nodro\u0161ina daudzveid\u012bgu un aizraujo\u0161u iesp\u0113ju kl\u0101stu j\u016bsu produktu l\u012bnijai, kas atbilst da\u017e\u0101d\u0101m gaumes v\u0113lm\u0113m! L\u016bdzu, atrodiet popul\u0101ro gar\u0161u atbilsto\u0161i m\u016bsu p\u0101rdo\u0161anas datumam un klientu atsauksm\u0113m.<\/p>\n<p>1. Citronu piparm\u0113tra<br \/>\n2. Jaukti ogu<span style=\"color: #ff0000;\"> <strong>&gt;&gt;&gt; Karsts!<\/strong><\/span><br \/>\n3. Zeme\u0146u mango<br \/>\n4. Mango ledus<br \/>\n5. Mango anan\u0101su greipfr\u016bts<br \/>\n6. V\u012bnogu ledus<span style=\"color: #ff0000;\"><strong>&gt;&gt;&gt; Karsts!<\/strong><\/span><br \/>\n7. Persiku ledus<br \/>\n8. Citronu laims<br \/>\n9.Arb\u016bzu ledus <span style=\"color: #ff0000;\"><strong>&gt;&gt;&gt; Karsts!<\/strong><\/span><br \/>\n10. P\u016b\u0137a aug\u013cu ban\u0101nu \u0137irsis<br \/>\n11. Dubult\u0101 \u0101bolu ledus<br \/>\n12. \u0136ir\u0161u limon\u0101de<br \/>\n13. Zeme\u0146u arb\u016bzs<br \/>\n14. Zilo ave\u0146u ledus <span style=\"color: #ff0000;\"><strong>&gt;&gt;&gt; Karsts!<\/strong><\/span><br \/>\n15. Melle\u0146u v\u0113tra<br \/>\n16. Zilais mohito <span style=\"color: #ff0000;\"><strong>&gt;&gt;&gt; Lab\u0101kais!<\/strong><\/span><br \/>\n17. Ave\u0146u arb\u016bzs<br \/>\n18. Lavafire<\/p>\n<p>&nbsp;<\/p>\n<div class=\"flex-shrink-0 flex flex-col relative items-end\">\n<div class=\"pt-0\">\n<div class=\"gizmo-bot-avatar flex h-8 w-8 items-center justify-center overflow-hidden rounded-full\">\n<div class=\"relative p-1 rounded-sm flex items-center justify-center bg-token-main-surface-primary text-token-text-primary h-8 w-8\">\n<h2>BUJ par VOZOL Star 20k<strong>\u00a0<\/strong>Vienreiz\u0113j\u0101s lieto\u0161anas iztvaic\u0113t\u0101js<\/h2>\n<p>&nbsp;<\/p>\n<ol>\n<li><strong>Cik ilgi kalpo VOZOL Star 20000?<\/strong><br \/>\nVOZOL Star nodro\u0161ina l\u012bdz pat <strong>20 000 uzp\u016btieniem<\/strong>, pied\u0101v\u0101jot ilgsto\u0161u pieredzi akt\u012bviem tvaic\u0113t\u0101jiem.<\/li>\n<li><strong>K\u0101ds ir 2,2 collu HD spogu\u013cdispleja m\u0113r\u0137is?<\/strong><br \/>\nT\u0101 <strong>2,2 collu HD spogu\u013cdispleju<\/strong> par\u0101da svar\u012bgu inform\u0101ciju, piem\u0113ram, uzp\u016btienu skaitu, akumulatora darb\u012bbas laiku un e-\u0161\u0137idruma l\u012bmeni, lai nodro\u0161in\u0101tu interakt\u012bvu, lietot\u0101jam draudz\u012bgu pieredzi.<\/li>\n<li><strong>K\u0101 dubult\u0101 sieta spir\u0101les tehnolo\u0123ija uzlabo tvaic\u0113\u0161anas pieredzi?<\/strong><br \/>\nT\u0101 <strong>dubult\u0101 sieta spoles tehnolo\u0123ij\u0101<\/strong> palielina gar\u0161as intensit\u0101ti un nodro\u0161ina vienm\u0113r\u012bgu tvaiku veido\u0161anos, sniedzot lietot\u0101jiem vienm\u0113r\u012bg\u0101ku un bag\u0101t\u012bg\u0101ku pieredzi.<\/li>\n<li><strong>Vai VOZOL Star ir uzl\u0101d\u0113jams?<\/strong><br \/>\nJ\u0101, ier\u012bce ir apr\u012bkota ar <strong>650mAh uzl\u0101d\u0113jams akumulators<\/strong> un to var \u0101tri uzl\u0101d\u0113t, lai samazin\u0101tu d\u012bkst\u0101vi.<\/li>\n<li><strong>Cik daudz e-\u0161\u0137idruma satur VOZOL Star?<\/strong><br \/>\nT\u0101 <strong>VOZOL Zvaigzne<\/strong> ir <strong>24 ml e-\u0161\u0137idruma ietilp\u012bbu<\/strong>, kas ir ide\u0101li piem\u0113rots ilgsto\u0161\u0101m tvaic\u0113\u0161anas sesij\u0101m.<\/li>\n<li><strong>Kur es varu ieg\u0101d\u0101ties VOZOL Star 20000 Puffs?<\/strong><br \/>\nT\u0101 <strong>VOZOL Zvaigzne 20000 P\u016b\u0161\u013ci<\/strong> ir pieejams ieg\u0101dei tie\u0161saist\u0113 vietn\u0113 <strong>vapestornado<\/strong>, ar pieg\u0101des pakalpojumiem uz da\u017e\u0101d\u0101m Eiropas valst\u012bm, tostarp <strong>V\u0101cija<\/strong>, <strong>Francija<\/strong>, <strong>It\u0101liju<\/strong>, un citi.<\/li>\n<\/ol>\n<div class=\"flex max-w-full flex-col flex-grow\"><\/div>\n<\/div>\n<\/div>\n<\/div>\n<\/div>\n<div class=\"flex-shrink-0 flex flex-col relative items-end\">\n<div class=\"pt-0\">\n<div class=\"gizmo-bot-avatar flex h-8 w-8 items-center justify-center overflow-hidden rounded-full\">\n<div class=\"relative p-1 rounded-sm flex items-center justify-center bg-token-main-surface-primary text-token-text-primary h-8 w-8\">\n<div class=\"mb-2 flex gap-3 empty:hidden -ml-2\">\n<div role=\"article\" data-tabster=\"{&quot;groupper&quot;:{&quot;tabbability&quot;:2},&quot;focusable&quot;:{}}\" data-content=\"ai-message\" aria-labelledby=\"Vdt5ez4X7Tg813x6rFVha-author Vdt5ez4X7Tg813x6rFVha-content\">\n<div id=\"Vdt5ez4X7Tg813x6rFVha-content\">\n<div role=\"article\" data-tabster=\"{&quot;groupper&quot;:{&quot;tabbability&quot;:2},&quot;focusable&quot;:{}}\" data-content=\"ai-message\" aria-labelledby=\"o968oC7CEo2fGHsGdsRYC-author o968oC7CEo2fGHsGdsRYC-content\">\n<div id=\"o968oC7CEo2fGHsGdsRYC-content\">\n<h2>K\u0101p\u0113c izv\u0113l\u0113ties vapestornado VOZOL Star 20k Puffs Vape vairumtirdzniec\u012bbai?<\/h2>\n<div class=\"flex-shrink-0 flex flex-col relative items-end\">\n<div class=\"pt-0\">\n<div class=\"gizmo-bot-avatar flex h-8 w-8 items-center justify-center overflow-hidden rounded-full\">\n<div class=\"relative p-1 rounded-sm flex items-center justify-center bg-token-main-surface-primary text-token-text-primary h-8 w-8\">\n<p>Laipni l\u016bdzam vapestornado, j\u016bsu uzticamaj\u0101 tie\u0161saistes vape veikal\u0101, kur\u0101 var ieg\u0101d\u0101ties augst\u0101k\u0101s kvalit\u0101tes vienreiz\u0113j\u0101s lieto\u0161anas vapes. Ar vair\u0101k nek\u0101 5 gadu pieredzi m\u0113s pied\u0101v\u0101jam popul\u0101rus vienreiz\u0113j\u0101s lieto\u0161anas vape z\u012bmolus, piem\u0113ram, Fumot RandM Vape, <a href=\"https:\/\/vapestornado.com\/lv\/product-category\/vapme-shisha\/\">Vapme<\/a>, Bang Vape, Waspe Vape un WGA Vape, u.c.<\/p>\n<p>M\u016bsu kl\u0101st\u0101 ir iek\u013cauti karstie izp\u0101rdo\u0161anas veipi, piem\u0113ram, <a href=\"https:\/\/vapestornado.com\/lv\/product\/randm-12000-puffs-fumot-digital-disposable-vape-wholesale-price\/\">RandM Tornado 12000<\/a>, un bag\u0101t\u012bgas gar\u0161as izv\u0113les, piem\u0113ram, <a href=\"https:\/\/vapestornado.com\/lv\/product\/wga-crystal-pro-max-extra-15000-puffs-rechargeable-disposable-vape-wholesale-bulk-buy\/\">\u00a0WGA Krist\u0101ls 15k P\u016b\u0161\u013ci<\/a> . Katrs produkts ir izv\u0113l\u0113ts, koncentr\u0113joties uz kvalit\u0101ti, v\u0113rt\u012bbu un daudzveid\u012bbu, nodro\u0161inot, ka j\u016bs atrad\u012bsiet perfektu atbilst\u012bbu sav\u0101m vajadz\u012bb\u0101m. Atkl\u0101jiet izcilu servisu un pla\u0161u popul\u0101r\u0101ko produktu kl\u0101stu par vairumtirdzniec\u012bbas cen\u0101m vietn\u0113 vapestornado.<\/p>\n<\/div>\n<p>&nbsp;<\/p>\n<p><strong>Citi karstie izp\u0101rdo\u0161anas vienreiz\u0113j\u0101s lieto\u0161anas veipi<\/strong><\/p>\n<p><a href=\"https:\/\/vapestornado.com\/lv\/product\/vozol-vista-20000-vape-rechargeable-disposable-vape-wholesale-cheap-price\/\">VOZOL VISTA 20000 p\u016b\u013cu <span style=\"color: #ff0000;\"><strong>&gt;&gt;&gt;&gt; Uz priek\u0161u!<\/strong><\/span><\/a><\/p>\n<p><a href=\"https:\/\/vapestornado.com\/lv\/product\/vozol-gear-power-20k-20000-puffs-vape-rechargeable-disposable-box-bulk-buy-cheap-price\/\">VOZOL Zvaigzne 20000<span style=\"color: #ff0000;\"><strong>&gt;&gt;&gt;&gt; Uz priek\u0161u!<\/strong><\/span><\/a><\/p>\n<p><a href=\"https:\/\/vapestornado.com\/lv\/product\/puff-25k-bang-king-25000-puffs-rechargeable-disposable-vape-wholesale-bulk-buy\/\">Bang King 25000 <span style=\"color: #ff0000;\"><strong>&gt;&gt;&gt;&gt; Uz priek\u0161u!<\/strong><\/span><\/a><\/p>\n<\/div>\n<\/div>\n<\/div>\n<p>&nbsp;<\/p>\n<\/div>\n<\/div>\n<\/div>\n<\/div>\n<\/div>\n<\/div>\n<\/div>\n<\/div>\n<\/div>","protected":false},"excerpt":{"rendered":"<p>VOZOL Star 20000 Puffs 2% Vienreiz\u0113j\u0101s lieto\u0161anas iztvaic\u0113t\u0101ju vairumtirdzniec\u012bba ar zemu nikot\u012bna saturu<br \/>\nVOZOL Star 20000 Puff Digit\u0101lais displejs Vienreiz\u0113j\u0101s lieto\u0161anas iztvaic\u0113t\u0101ju vairumtirdzniec\u012bba<br \/>\nVOZOL Star 20k Uzl\u0101d\u0113jams vienreiz\u0113j\u0101s lieto\u0161anas iztvaic\u0113t\u0101js par zemu cenu<\/p>\n<p><strong>Pievienojiet Eimijas whatsapp, lai sa\u0146emtu pareizu atbildi un iztvaic\u0113t\u0101ja kuponu!<\/strong><\/p>\n<p><img fetchpriority=\"high\" decoding=\"async\" class=\"size-full wp-image-2932\" src=\"https:\/\/vapestornado.com\/wp-content\/uploads\/2024\/12\/Vape-Wholesale.jpg\" alt=\"Veipu Vairumtirdzniec\u012bba\" width=\"229\" height=\"300\" \/><\/p>\n<h3><a href=\"https:\/\/wa.me\/8617776015835\"><span style=\"color: #ff0000;\"><strong>WhatsApp: +86 17776015835<\/strong><\/span><\/a><\/h3>\n<p>&nbsp;<\/p>","protected":false},"featured_media":3625,"comment_status":"open","ping_status":"closed","template":"","meta":{"_acf_changed":false,"_uag_custom_page_level_css":"","_lmt_disableupdate":"no","_lmt_disable":"","_monsterinsights_skip_tracking":false,"_monsterinsights_sitenote_active":false,"_monsterinsights_sitenote_note":"","_monsterinsights_sitenote_category":0,"site-sidebar-layout":"default","site-content-layout":"","ast-site-content-layout":"default","site-content-style":"default","site-sidebar-style":"default","ast-global-header-display":"","ast-banner-title-visibility":"","ast-main-header-display":"","ast-hfb-above-header-display":"","ast-hfb-below-header-display":"","ast-hfb-mobile-header-display":"","site-post-title":"","ast-breadcrumbs-content":"","ast-featured-img":"","footer-sml-layout":"","ast-disable-related-posts":"","theme-transparent-header-meta":"default","adv-header-id-meta":"","stick-header-meta":"","header-above-stick-meta":"","header-main-stick-meta":"","header-below-stick-meta":"","astra-migrate-meta-layouts":"set","ast-page-background-enabled":"default","ast-page-background-meta":{"desktop":{"background-color":"","background-image":"","background-repeat":"repeat","background-position":"center center","background-size":"auto","background-attachment":"scroll","background-type":"","background-media":"","overlay-type":"","overlay-color":"","overlay-opacity":"","overlay-gradient":""},"tablet":{"background-color":"","background-image":"","background-repeat":"repeat","background-position":"center center","background-size":"auto","background-attachment":"scroll","background-type":"","background-media":"","overlay-type":"","overlay-color":"","overlay-opacity":"","overlay-gradient":""},"mobile":{"background-color":"","background-image":"","background-repeat":"repeat","background-position":"center center","background-size":"auto","background-attachment":"scroll","background-type":"","background-media":"","overlay-type":"","overlay-color":"","overlay-opacity":"","overlay-gradient":""}},"ast-content-background-meta":{"desktop":{"background-color":"var(--ast-global-color-5)","background-image":"","background-repeat":"repeat","background-position":"center center","background-size":"auto","background-attachment":"scroll","background-type":"","background-media":"","overlay-type":"","overlay-color":"","overlay-opacity":"","overlay-gradient":""},"tablet":{"background-color":"var(--ast-global-color-5)","background-image":"","background-repeat":"repeat","background-position":"center center","background-size":"auto","background-attachment":"scroll","background-type":"","background-media":"","overlay-type":"","overlay-color":"","overlay-opacity":"","overlay-gradient":""},"mobile":{"background-color":"var(--ast-global-color-5)","background-image":"","background-repeat":"repeat","background-position":"center center","background-size":"auto","background-attachment":"scroll","background-type":"","background-media":"","overlay-type":"","overlay-color":"","overlay-opacity":"","overlay-gradient":""}},"_joinchat":{"telephone":"+8617776015835"}},"product_brand":[],"product_cat":[69,154,155,157,160,142,146,57],"product_tag":[165,105,97,166,94,222,221,220],"class_list":{"0":"post-3624","1":"product","2":"type-product","3":"status-publish","4":"has-post-thumbnail","6":"product_cat-20000-puff","7":"product_cat-buy-disposable-vapes-in-netherlands","8":"product_cat-buy-disposable-vapes-in-norway","9":"product_cat-buy-disposable-vapes-in-portugal","10":"product_cat-buy-disposable-vapes-in-switzerland","11":"product_cat-digital-box-disposable-vapes","12":"product_cat-rechargeable-disposable-vapes","13":"product_cat-vozol-vape","14":"product_tag-cheap-vapes","15":"product_tag-digital-disposable-vape","16":"product_tag-hot-sale-disposable-vape","17":"product_tag-low-nicotine-vape","18":"product_tag-rechargeable-disposable-vape","19":"product_tag-vozol-gear-power-20000","20":"product_tag-vozol-gear-power-20k","21":"product_tag-vozol-vape","22":"desktop-align-left","23":"tablet-align-left","24":"mobile-align-left","26":"first","27":"instock","28":"sale","29":"shipping-taxable","30":"purchasable","31":"product-type-simple"},"acf":[],"uagb_featured_image_src":{"full":["https:\/\/vapestornado.com\/wp-content\/uploads\/2025\/01\/Vozol-Star-20000-Puff-Disposable-Vape-Love-777-Flavor.webp",800,800,false],"thumbnail":["https:\/\/vapestornado.com\/wp-content\/uploads\/2025\/01\/Vozol-Star-20000-Puff-Disposable-Vape-Love-777-Flavor-150x150.webp",150,150,true],"medium":["https:\/\/vapestornado.com\/wp-content\/uploads\/2025\/01\/Vozol-Star-20000-Puff-Disposable-Vape-Love-777-Flavor-300x300.webp",300,300,true],"medium_large":["https:\/\/vapestornado.com\/wp-content\/uploads\/2025\/01\/Vozol-Star-20000-Puff-Disposable-Vape-Love-777-Flavor-768x768.webp",768,768,true],"large":["https:\/\/vapestornado.com\/wp-content\/uploads\/2025\/01\/Vozol-Star-20000-Puff-Disposable-Vape-Love-777-Flavor.webp",800,800,false],"1536x1536":["https:\/\/vapestornado.com\/wp-content\/uploads\/2025\/01\/Vozol-Star-20000-Puff-Disposable-Vape-Love-777-Flavor.webp",800,800,false],"2048x2048":["https:\/\/vapestornado.com\/wp-content\/uploads\/2025\/01\/Vozol-Star-20000-Puff-Disposable-Vape-Love-777-Flavor.webp",800,800,false],"trp-custom-language-flag":["https:\/\/vapestornado.com\/wp-content\/uploads\/2025\/01\/Vozol-Star-20000-Puff-Disposable-Vape-Love-777-Flavor.webp",12,12,false],"woocommerce_thumbnail":["https:\/\/vapestornado.com\/wp-content\/uploads\/2025\/01\/Vozol-Star-20000-Puff-Disposable-Vape-Love-777-Flavor-300x300.webp",300,300,true],"woocommerce_single":["https:\/\/vapestornado.com\/wp-content\/uploads\/2025\/01\/Vozol-Star-20000-Puff-Disposable-Vape-Love-777-Flavor-600x600.webp",600,600,true],"woocommerce_gallery_thumbnail":["https:\/\/vapestornado.com\/wp-content\/uploads\/2025\/01\/Vozol-Star-20000-Puff-Disposable-Vape-Love-777-Flavor-100x100.webp",100,100,true]},"uagb_author_info":{"display_name":"ESAMY","author_link":"https:\/\/vapestornado.com\/lv\/author\/"},"uagb_comment_info":0,"uagb_excerpt":"VOZOL Star 20000 Puffs 2% Low Nicotine Disposable Vape Wholesale VOZOL Star 20000 Puff \u00a0Digital Display Disposable Vape Bulk Buy VOZOL Star 20k Rechargeable Disposable Vape Cheap Price Add Amy's whatsapp get right reply and vape coupon! WhatsApp: +86 17776015835 &nbsp;","_links":{"self":[{"href":"https:\/\/vapestornado.com\/lv\/wp-json\/wp\/v2\/product\/3624","targetHints":{"allow":["GET"]}}],"collection":[{"href":"https:\/\/vapestornado.com\/lv\/wp-json\/wp\/v2\/product"}],"about":[{"href":"https:\/\/vapestornado.com\/lv\/wp-json\/wp\/v2\/types\/product"}],"replies":[{"embeddable":true,"href":"https:\/\/vapestornado.com\/lv\/wp-json\/wp\/v2\/comments?post=3624"}],"wp:featuredmedia":[{"embeddable":true,"href":"https:\/\/vapestornado.com\/lv\/wp-json\/wp\/v2\/media\/3625"}],"wp:attachment":[{"href":"https:\/\/vapestornado.com\/lv\/wp-json\/wp\/v2\/media?parent=3624"}],"wp:term":[{"taxonomy":"product_brand","embeddable":true,"href":"https:\/\/vapestornado.com\/lv\/wp-json\/wp\/v2\/product_brand?post=3624"},{"taxonomy":"product_cat","embeddable":true,"href":"https:\/\/vapestornado.com\/lv\/wp-json\/wp\/v2\/product_cat?post=3624"},{"taxonomy":"product_tag","embeddable":true,"href":"https:\/\/vapestornado.com\/lv\/wp-json\/wp\/v2\/product_tag?post=3624"}],"curies":[{"name":"wp","href":"https:\/\/api.w.org\/{rel}","templated":true}]}}