{"id":3614,"date":"2025-01-02T03:10:17","date_gmt":"2025-01-02T03:10:17","guid":{"rendered":"https:\/\/vapestornado.com\/?post_type=product&#038;p=3614"},"modified":"2025-08-23T12:23:25","modified_gmt":"2025-08-23T12:23:25","slug":"vozol-gear-power-20k-20000-puffs-vape-rechargeable-disposable-box-bulk-buy-cheap-price","status":"publish","type":"product","link":"https:\/\/vapestornado.com\/lv\/product\/vozol-gear-power-20k-20000-puffs-vape-rechargeable-disposable-box-bulk-buy-cheap-price\/","title":{"rendered":"VOZOL Gear Power 20K 20000 dvesmas atk\u0101rtoti uzl\u0101d\u0113jams vienreizlietojamais Box l\u0113ts vairumtirdzniec\u012bbas pirkums"},"content":{"rendered":"<h1 class=\"product-title\">VOZOL Gear Power 20K 20000 dvesmas atk\u0101rtoti uzl\u0101d\u0113jams vienreizlietojamais Box l\u0113ts vairumtirdzniec\u012bbas pirkums<\/h1>\n<p>VOZOL GEAR POWER 20k ir iepriek\u0161 piepild\u012bts ar iespaid\u012bgu <strong>20 ml e-\u0161\u0137idruma<\/strong>, padarot to ide\u0101li piem\u0113rotu pat visakt\u012bv\u0101kajiem lietot\u0101jiem, nodro\u0161inot darb\u012bbu ilg\u0101k par ned\u0113\u013cu. Tas pied\u0101v\u0101 <strong>tr\u012bs nikot\u012bna stipruma opcijas<\/strong>\u20140 mg, 20 mg un 50 mg\u2014un ir pieejams <strong>20 unik\u0101l\u0101s gar\u0161\u0101s<\/strong>, kas atbilst pla\u0161am v\u0113lmju kl\u0101stam.<\/p>\n<p>Ier\u012bcei ir <strong>650 mAh uzl\u0101d\u0113jams akumulators<\/strong>, nodro\u0161inot konsekventu darb\u012bbu. Tas \u0101tri uzl\u0101d\u0113jas, izmantojot USB-C, un ietver <strong>re\u017e\u0123a dubultspoles ar S.i.L.C (gluda, identiska, ilgsto\u0161a, t\u012bra) tehnolo\u0123iju<\/strong>, nodro\u0161inot vienm\u0113r\u012bgu un konsekventu tvaic\u0113\u0161anas pieredzi ar uzlabotu gar\u0161u un tvaika ra\u017eo\u0161anu.<\/p>\n<p>GEAR POWER ir izstr\u0101d\u0101ts daudzpus\u012bbai un pied\u0101v\u0101 divus jaudas re\u017e\u012bmus. <strong>ECO re\u017e\u012bms<\/strong> nodro\u0161ina l\u012bdz pat <strong>20 000 uzp\u016btieniem<\/strong>, ide\u0101li piem\u0113rots ilgsto\u0161ai lieto\u0161anai, savuk\u0101rt <strong>POWER re\u017e\u012bms<\/strong> prioritiz\u0113 bag\u0101t\u012bg\u0101ku gar\u0161u un bl\u012bv\u0101kus tvaikus, nodro\u0161inot aptuveni <strong>12 000 uzp\u016b\u0161u<\/strong>.<\/p>\n<p>Lietot\u0101jam draudz\u012bgais <strong>LED displejs<\/strong> par\u0101da pa\u0161reiz\u0113jo re\u017e\u012bmu, atliku\u0161o akumulatora procentu\u0101lo daudzumu un e-\u0161\u0137idruma l\u012bmeni, padarot lieto\u0161anas uzraudz\u012bbu vienk\u0101r\u0161u. Papildu higi\u0113nai ier\u012bcei ir <strong>silikona v\u0101ci\u0146\u0161<\/strong> lai aizsarg\u0101tu iemuti, kad to nelieto.<\/p>\n<p>Apvienojot izcilu veiktsp\u0113ju, \u0113rt\u012bbas un stil\u012bgu dizainu, VOZOL GEAR POWER ir lieliska izv\u0113le tvaic\u0113t\u0101jiem, kuri mekl\u0113 uzticamu un augstas kvalit\u0101tes vienreiz\u0113j\u0101s lieto\u0161anas ier\u012bci.<\/p>\n<p>&nbsp;<\/p>\n<p><span style=\"color: #ff0000;\"><strong>Pievienojiet Eimijas Whatsapp, lai sa\u0146emtu pareizo atbildi un vape kuponu!<\/strong><\/span><\/p>\n<p><img fetchpriority=\"high\" decoding=\"async\" class=\"size-full wp-image-2932\" src=\"https:\/\/vapestornado.com\/wp-content\/uploads\/2024\/12\/Vape-Wholesale.jpg\" alt=\"Veipu Vairumtirdzniec\u012bba\" width=\"229\" height=\"300\" \/><\/p>\n<h3><a href=\"https:\/\/wa.me\/8617776015835\" target=\"_blank\" rel=\"noopener\"><span style=\"color: #ff0000;\"><strong>WhatsApp: +86 17776015835<\/strong><\/span><\/a><\/h3>\n<p>&nbsp;<\/p>\n<h2 class=\"product-title\"><strong>VOZOL Gear Power 20K produkta \u012bpa\u0161\u012bbas<\/strong><\/h2>\n<div role=\"article\" data-tabster=\"{&quot;groupper&quot;:{&quot;tabbability&quot;:2},&quot;focusable&quot;:{}}\" data-content=\"ai-message\" aria-labelledby=\"juhNTJ6o7Gk1cgwZMJgv2-author juhNTJ6o7Gk1cgwZMJgv2-content\">\n<div id=\"juhNTJ6o7Gk1cgwZMJgv2-content\">\n<div role=\"article\" data-tabster=\"{&quot;groupper&quot;:{&quot;tabbability&quot;:2},&quot;focusable&quot;:{}}\" data-content=\"ai-message\" aria-labelledby=\"x4EZuCZWrTbh3weWUt7CU-author x4EZuCZWrTbh3weWUt7CU-content\">\n<div id=\"x4EZuCZWrTbh3weWUt7CU-content\">\n<div class=\"flex max-w-full flex-col flex-grow\">\n<div class=\"min-h-8 text-message flex w-full flex-col items-end gap-2 whitespace-normal break-words text-start [.text-message+&amp;]:mt-5\" dir=\"auto\" data-message-author-role=\"assistant\" data-message-id=\"52c6e00a-252f-4104-805d-2f1a84739c71\" data-message-model-slug=\"gpt-4o\">\n<div class=\"flex w-full flex-col gap-1 empty:hidden first:pt-[3px]\">\n<div class=\"markdown prose w-full break-words dark:prose-invert light\">\n<p>&nbsp;<\/p>\n<ul>\n<li><strong>Milz\u012bgs e-\u0161\u0137idruma tilpums<\/strong>: Iepriek\u0161 uzpild\u012bts ar 20 ml e-\u0161\u0137idruma, tas ilgst vair\u0101k nek\u0101 ned\u0113\u013cu, pat intens\u012bviem lietot\u0101jiem.<\/li>\n<li><strong>Nikot\u012bna opcijas<\/strong>: Pieejams <strong>0, 20 un 50 mg<\/strong> stiprumos 20 unik\u0101l\u0101s gar\u0161\u0101s.<\/li>\n<li><strong>Uzl\u0101d\u0113jams akumulators<\/strong>: Ir 650 mAh akumulators, ko var uzl\u0101d\u0113t, izmantojot USB-C.<\/li>\n<li><strong>Uzlabotas spoles<\/strong>: Acu dubult\u0101s spoles ar <strong>S.i.L.C tehnolo\u0123iju<\/strong> nodro\u0161ina vienm\u0113r\u012bgus, konsekventus tr\u0101p\u012bjumus.<\/li>\n<\/ul>\n<p><strong>Divi jaudas re\u017e\u012bmi daudzpus\u012bbai<\/strong><\/p>\n<ul>\n<li><strong>ECO re\u017e\u012bms<\/strong>: Pied\u0101v\u0101 l\u012bdz pat <strong>20 000 uzp\u016btieniem<\/strong> ilgsto\u0161ai lieto\u0161anai.<\/li>\n<li><strong>POWER re\u017e\u012bms<\/strong>: Nodro\u0161ina bag\u0101t\u012bg\u0101ku gar\u0161u un biez\u0101kus tvaikus, ar aptuveni <strong>12 000 uzp\u016b\u0161u<\/strong>.<\/li>\n<\/ul>\n<\/div>\n<\/div>\n<\/div>\n<\/div>\n<div class=\"mb-2 flex gap-3 empty:hidden -ml-2\">\n<figure id=\"attachment_3610\" aria-describedby=\"caption-attachment-3610\" style=\"width: 1000px\" class=\"wp-caption alignnone\"><img decoding=\"async\" class=\"wp-image-3610 size-full\" src=\"https:\/\/vapestornado.com\/wp-content\/uploads\/2025\/01\/VOZOL-Gear-Power-20000-Disposable-Bulk-Buy.jpg\" alt=\"VOZOL Gear Power 20000 vienreiz\u0113j\u0101s lieto\u0161anas vairumtirdzniec\u012bba\" width=\"1000\" height=\"1000\" srcset=\"https:\/\/vapestornado.com\/wp-content\/uploads\/2025\/01\/VOZOL-Gear-Power-20000-Disposable-Bulk-Buy.jpg 1000w, https:\/\/vapestornado.com\/wp-content\/uploads\/2025\/01\/VOZOL-Gear-Power-20000-Disposable-Bulk-Buy-300x300.jpg 300w, https:\/\/vapestornado.com\/wp-content\/uploads\/2025\/01\/VOZOL-Gear-Power-20000-Disposable-Bulk-Buy-150x150.jpg 150w, https:\/\/vapestornado.com\/wp-content\/uploads\/2025\/01\/VOZOL-Gear-Power-20000-Disposable-Bulk-Buy-768x768.jpg 768w, https:\/\/vapestornado.com\/wp-content\/uploads\/2025\/01\/VOZOL-Gear-Power-20000-Disposable-Bulk-Buy-600x600.jpg 600w, https:\/\/vapestornado.com\/wp-content\/uploads\/2025\/01\/VOZOL-Gear-Power-20000-Disposable-Bulk-Buy-100x100.jpg 100w\" sizes=\"(max-width: 1000px) 100vw, 1000px\" \/><figcaption id=\"caption-attachment-3610\" class=\"wp-caption-text\">VOZOL Gear Power 20000 vienreiz\u0113j\u0101s lieto\u0161anas vairumtirdzniec\u012bba<\/figcaption><\/figure>\n<\/div>\n<\/div>\n<\/div>\n<\/div>\n<\/div>\n<h2 class=\"product-title\"><strong>Popul\u0101ra gar\u0161a VOZOL Gear Power 20000<\/strong><strong>\u00a0<\/strong><strong>Vienreiz\u0113j\u0101s lieto\u0161anas vapes<\/strong><\/h2>\n<p>Vozol Star 20000 nodro\u0161ina daudzveid\u012bgu un aizraujo\u0161u iesp\u0113ju kl\u0101stu j\u016bsu produktu l\u012bnijai, kas atbilst da\u017e\u0101d\u0101m gaumes v\u0113lm\u0113m! L\u016bdzu, atrodiet popul\u0101ro gar\u0161u atbilsto\u0161i m\u016bsu p\u0101rdo\u0161anas datumam un klientu atsauksm\u0113m.<\/p>\n<p>1. Citronu piparm\u0113tra<br \/>\n2. Jaukti ogu <span style=\"color: #ff0000;\"><strong>&gt;&gt;&gt; Karsts!<\/strong><\/span><br \/>\n3. Zeme\u0146u mango<br \/>\n4. Mango ledus<br \/>\n5. Mango anan\u0101su greipfr\u016bts<br \/>\n6. V\u012bnogu ledus<span style=\"color: #ff0000;\"><strong>&gt;&gt;&gt; Karsts!<\/strong><\/span><br \/>\n7. Persiku ledus<br \/>\n8. Citronu laims<br \/>\n9.Arb\u016bzu ledus<br \/>\n10. P\u016b\u0137a aug\u013cu ban\u0101nu \u0137irsis <span style=\"color: #ff0000;\"><strong>&gt;&gt;&gt; Karsts!<\/strong><\/span><br \/>\n11. Dubult\u0101 \u0101bolu ledus<br \/>\n12. \u0136ir\u0161u limon\u0101de<br \/>\n13. Zeme\u0146u arb\u016bzs<br \/>\n14. Zilo ave\u0146u ledus <span style=\"color: #ff0000;\"><strong>&gt;&gt;&gt; Lab\u0101kais!<\/strong><\/span><br \/>\n15. Melle\u0146u v\u0113tra<br \/>\n16. Zilais mohito <span style=\"color: #ff0000;\"><strong>&gt;&gt;&gt; Karsts!<\/strong><\/span><br \/>\n17. Ave\u0146u arb\u016bzs<br \/>\n18. Lavafire<\/p>\n<div class=\"flex-shrink-0 flex flex-col relative items-end\">\n<div class=\"pt-0\">\n<div class=\"gizmo-bot-avatar flex h-8 w-8 items-center justify-center overflow-hidden rounded-full\">\n<div class=\"relative p-1 rounded-sm flex items-center justify-center bg-token-main-surface-primary text-token-text-primary h-8 w-8\">\n<h2>BUJ par VOZOL Gear Power 20K<strong>\u00a0<\/strong>Vienreiz\u0113j\u0101s lieto\u0161anas iztvaic\u0113t\u0101js<\/h2>\n<p>&nbsp;<\/p>\n<div class=\"flex max-w-full flex-col flex-grow\">\n<div class=\"min-h-8 text-message flex w-full flex-col items-end gap-2 whitespace-normal break-words text-start [.text-message+&amp;]:mt-5\" dir=\"auto\" data-message-author-role=\"assistant\" data-message-id=\"4dc48248-df95-45bd-b800-6dedb43cf7f1\" data-message-model-slug=\"gpt-4o\">\n<div class=\"flex w-full flex-col gap-1 empty:hidden first:pt-[3px]\">\n<div class=\"markdown prose w-full break-words dark:prose-invert light\">\n<ol>\n<li><strong>Cik ilgi darbojas VOZOL GEAR POWER?<\/strong><br \/>\nVOZOL GEAR POWER pied\u0101v\u0101 l\u012bdz pat <strong>20 000 uzp\u016btieniem<\/strong> ECO re\u017e\u012bm\u0101 un aptuveni <strong>12 000 uzp\u016b\u0161u<\/strong> POWER re\u017e\u012bm\u0101, atkar\u012bb\u0101 no lieto\u0161anas paradumiem. Ar savu 20 ml e-\u0161\u0137idruma ietilp\u012bbu tas var ilgt vair\u0101k nek\u0101 ned\u0113\u013cu smagiem lietot\u0101jiem.<\/li>\n<li><strong>K\u0101das nikot\u012bna stipruma v\u0113rt\u012bbas ir pieejamas VOZOL GEAR POWER 20k?<\/strong><br \/>\nGEAR POWER 20k ir pieejams <strong>0 mg, 20 mg un 50 mg nikot\u012bna stipruma v\u0113rt\u012bb\u0101s<\/strong>, padarot to piem\u0113rotu da\u017e\u0101d\u0101m v\u0113lm\u0113m un nikot\u012bna vajadz\u012bb\u0101m.<\/li>\n<li><strong>Vai es varu uzl\u0101d\u0113t GEAR POWER, un k\u0101 to izdar\u012bt?<\/strong><br \/>\nJ\u0101, ier\u012bcei ir <strong>650 mAh uzl\u0101d\u0113jams akumulators<\/strong>. To var viegli uzl\u0101d\u0113t, izmantojot <strong>USB-C kabeli<\/strong>, nodro\u0161inot nep\u0101rtrauktu lieto\u0161anu.<\/li>\n<li><strong>K\u0101di arom\u0101ti ir pieejami VOZOL GEAR POWER 20000?<\/strong><br \/>\nGEAR POWER ir pieejams <strong>20 unik\u0101l\u0101s gar\u0161\u0101s<\/strong>, s\u0101kot no aug\u013cu un saldiem l\u012bdz klasiskiem un sp\u0113c\u012bgiem, apmierinot pla\u0161u gar\u0161as preferen\u010du kl\u0101stu.<\/li>\n<li><strong>K\u0101 VOZL 20000 nodro\u0161ina vienm\u0113r\u012bgu gar\u0161as un tvaika ra\u017eo\u0161anu?<\/strong><br \/>\nIer\u012bce ir apr\u012bkota ar <strong>dubult\u0101m sieta spol\u0113m un S.i.L.C (Smooth, Identical, Long-lasting, Clean) tehnolo\u0123iju<\/strong>, nodro\u0161inot vienm\u0113r\u012bgus, konsekventus tr\u0101p\u012bjumus ar pastiprin\u0101tu gar\u0161u un tvaika ra\u017eo\u0161anu.<\/li>\n<li><strong>K\u0101das funkcijas padara GEAR POWER lietot\u0101jam draudz\u012bgu?<\/strong><br \/>\nGEAR POWER ietver <strong>spilgtu LED displeju<\/strong> par\u0101da jaudas re\u017e\u012bmu, akumulatora procentu\u0101lo daudzumu un e-\u0161\u0137idruma l\u012bmeni. Tam ir ar\u012b <strong>silikona v\u0101ci\u0146\u0161<\/strong> lai uzgalis b\u016btu t\u012brs, kad to nelieto, pievienojot \u0113rt\u012bbas un higi\u0113nu.<\/li>\n<\/ol>\n<\/div>\n<\/div>\n<\/div>\n<\/div>\n<\/div>\n<\/div>\n<\/div>\n<\/div>\n<div class=\"flex-shrink-0 flex flex-col relative items-end\">\n<div class=\"pt-0\">\n<div class=\"gizmo-bot-avatar flex h-8 w-8 items-center justify-center overflow-hidden rounded-full\">\n<div class=\"relative p-1 rounded-sm flex items-center justify-center bg-token-main-surface-primary text-token-text-primary h-8 w-8\">\n<div class=\"mb-2 flex gap-3 empty:hidden -ml-2\">\n<div role=\"article\" data-tabster=\"{&quot;groupper&quot;:{&quot;tabbability&quot;:2},&quot;focusable&quot;:{}}\" data-content=\"ai-message\" aria-labelledby=\"Vdt5ez4X7Tg813x6rFVha-author Vdt5ez4X7Tg813x6rFVha-content\">\n<div id=\"Vdt5ez4X7Tg813x6rFVha-content\">\n<div role=\"article\" data-tabster=\"{&quot;groupper&quot;:{&quot;tabbability&quot;:2},&quot;focusable&quot;:{}}\" data-content=\"ai-message\" aria-labelledby=\"o968oC7CEo2fGHsGdsRYC-author o968oC7CEo2fGHsGdsRYC-content\">\n<div id=\"o968oC7CEo2fGHsGdsRYC-content\">\n<h2>K\u0101p\u0113c izv\u0113l\u0113ties vapestornado VOZOL 20K Puffs Vape vairumtirdzniec\u012bbai?<\/h2>\n<div class=\"flex-shrink-0 flex flex-col relative items-end\">\n<div class=\"pt-0\">\n<div class=\"gizmo-bot-avatar flex h-8 w-8 items-center justify-center overflow-hidden rounded-full\">\n<div class=\"relative p-1 rounded-sm flex items-center justify-center bg-token-main-surface-primary text-token-text-primary h-8 w-8\">\n<p>Laipni l\u016bdzam vapestornado, j\u016bsu uzticamaj\u0101 tie\u0161saistes vape veikal\u0101, kur\u0101 var ieg\u0101d\u0101ties augst\u0101k\u0101s kvalit\u0101tes vienreiz\u0113j\u0101s lieto\u0161anas vapes. Ar vair\u0101k nek\u0101 5 gadu pieredzi m\u0113s pied\u0101v\u0101jam popul\u0101rus vienreiz\u0113j\u0101s lieto\u0161anas vape z\u012bmolus, piem\u0113ram, Fumot RandM Vape, <a href=\"https:\/\/vapestornado.com\/lv\/product-category\/vapme-shisha\/\">Vapme<\/a>, Bang Vape, Waspe Vape un WGA Vape, u.c.<\/p>\n<p>M\u016bsu kl\u0101st\u0101 ir iek\u013cauti karstie izp\u0101rdo\u0161anas veipi, piem\u0113ram, <a href=\"https:\/\/vapestornado.com\/lv\/product\/randm-12000-puffs-fumot-digital-disposable-vape-wholesale-price\/\">RandM Tornado 12000<\/a>, un bag\u0101t\u012bgas gar\u0161as izv\u0113les, piem\u0113ram, <a href=\"https:\/\/vapestornado.com\/lv\/product\/wga-crystal-pro-max-extra-15000-puffs-rechargeable-disposable-vape-wholesale-bulk-buy\/\">\u00a0WGA Krist\u0101ls 15k P\u016b\u0161\u013ci<\/a> . Katrs produkts ir izv\u0113l\u0113ts, koncentr\u0113joties uz kvalit\u0101ti, v\u0113rt\u012bbu un daudzveid\u012bbu, nodro\u0161inot, ka j\u016bs atrad\u012bsiet perfektu atbilst\u012bbu sav\u0101m vajadz\u012bb\u0101m. Atkl\u0101jiet izcilu servisu un pla\u0161u popul\u0101r\u0101ko produktu kl\u0101stu par vairumtirdzniec\u012bbas cen\u0101m vietn\u0113 vapestornado.<\/p>\n<\/div>\n<p>&nbsp;<\/p>\n<p><strong>Citi karstie izp\u0101rdo\u0161anas vienreiz\u0113j\u0101s lieto\u0161anas veipi<\/strong><\/p>\n<p><a href=\"https:\/\/vapestornado.com\/lv\/product\/vozol-vista-20000-vape-rechargeable-disposable-vape-wholesale-cheap-price\/\">VOZOL VISTA 20000 p\u016b\u013cu <span style=\"color: #ff0000;\"><strong>&gt;&gt;&gt;&gt; Uz priek\u0161u!<\/strong><\/span><\/a><\/p>\n<p><a href=\"https:\/\/vapestornado.com\/lv\/product\/vopk-ultra-40000-puffs-2-in-1-digital-screen-rechargeable-disposable-vape\/\">VOPK 40000 Dubult\u0101 gar\u0161a<span style=\"color: #ff0000;\"><strong>&gt;&gt;&gt;&gt; Uz priek\u0161u!<\/strong><\/span><\/a><\/p>\n<p><a href=\"https:\/\/vapestornado.com\/lv\/product\/puff-25k-bang-king-25000-puffs-rechargeable-disposable-vape-wholesale-bulk-buy\/\">Bang King 25000 <span style=\"color: #ff0000;\"><strong>&gt;&gt;&gt;&gt; Uz priek\u0161u!<\/strong><\/span><\/a><\/p>\n<\/div>\n<\/div>\n<\/div>\n<p>&nbsp;<\/p>\n<\/div>\n<\/div>\n<\/div>\n<\/div>\n<\/div>\n<\/div>\n<\/div>\n<\/div>\n<\/div>","protected":false},"excerpt":{"rendered":"<p>VOZOL Gear Power 20K Uzp\u016btienu 2% Zema Nikot\u012bna Vienreiz\u0113j\u0101s Lieto\u0161anas Vape Vairumtirdzniec\u012bba<br \/>\nVOZOL Gear Power 20000 Uzp\u016btienu Digit\u0101l\u0101 Displeja Vienreiz\u0113j\u0101s Lieto\u0161anas Vape Lielapjoma Pirkums<br \/>\nVOZOL Gear Power 20k Uzl\u0101d\u0113jams Vienreiz\u0113j\u0101s Lieto\u0161anas Vape L\u0113ta Cena<\/p>\n<p><strong>Pievienojiet Eimijas whatsapp, lai sa\u0146emtu pareizu atbildi un iztvaic\u0113t\u0101ja kuponu!<\/strong><\/p>\n<p><img fetchpriority=\"high\" decoding=\"async\" class=\"size-full wp-image-2932\" src=\"https:\/\/vapestornado.com\/wp-content\/uploads\/2024\/12\/Vape-Wholesale.jpg\" alt=\"Veipu Vairumtirdzniec\u012bba\" width=\"229\" height=\"300\" \/><\/p>\n<h3><a href=\"https:\/\/wa.me\/8617776015835\"><span style=\"color: #ff0000;\"><strong>WhatsApp: +86 17776015835<\/strong><\/span><\/a><\/h3>\n<p>&nbsp;<\/p>","protected":false},"featured_media":3611,"comment_status":"open","ping_status":"closed","template":"","meta":{"_acf_changed":false,"_uag_custom_page_level_css":"","_lmt_disableupdate":"no","_lmt_disable":"","_monsterinsights_skip_tracking":false,"_monsterinsights_sitenote_active":false,"_monsterinsights_sitenote_note":"","_monsterinsights_sitenote_category":0,"site-sidebar-layout":"default","site-content-layout":"","ast-site-content-layout":"default","site-content-style":"default","site-sidebar-style":"default","ast-global-header-display":"","ast-banner-title-visibility":"","ast-main-header-display":"","ast-hfb-above-header-display":"","ast-hfb-below-header-display":"","ast-hfb-mobile-header-display":"","site-post-title":"","ast-breadcrumbs-content":"","ast-featured-img":"","footer-sml-layout":"","ast-disable-related-posts":"","theme-transparent-header-meta":"default","adv-header-id-meta":"","stick-header-meta":"","header-above-stick-meta":"","header-main-stick-meta":"","header-below-stick-meta":"","astra-migrate-meta-layouts":"set","ast-page-background-enabled":"default","ast-page-background-meta":{"desktop":{"background-color":"","background-image":"","background-repeat":"repeat","background-position":"center center","background-size":"auto","background-attachment":"scroll","background-type":"","background-media":"","overlay-type":"","overlay-color":"","overlay-opacity":"","overlay-gradient":""},"tablet":{"background-color":"","background-image":"","background-repeat":"repeat","background-position":"center center","background-size":"auto","background-attachment":"scroll","background-type":"","background-media":"","overlay-type":"","overlay-color":"","overlay-opacity":"","overlay-gradient":""},"mobile":{"background-color":"","background-image":"","background-repeat":"repeat","background-position":"center center","background-size":"auto","background-attachment":"scroll","background-type":"","background-media":"","overlay-type":"","overlay-color":"","overlay-opacity":"","overlay-gradient":""}},"ast-content-background-meta":{"desktop":{"background-color":"var(--ast-global-color-5)","background-image":"","background-repeat":"repeat","background-position":"center center","background-size":"auto","background-attachment":"scroll","background-type":"","background-media":"","overlay-type":"","overlay-color":"","overlay-opacity":"","overlay-gradient":""},"tablet":{"background-color":"var(--ast-global-color-5)","background-image":"","background-repeat":"repeat","background-position":"center center","background-size":"auto","background-attachment":"scroll","background-type":"","background-media":"","overlay-type":"","overlay-color":"","overlay-opacity":"","overlay-gradient":""},"mobile":{"background-color":"var(--ast-global-color-5)","background-image":"","background-repeat":"repeat","background-position":"center center","background-size":"auto","background-attachment":"scroll","background-type":"","background-media":"","overlay-type":"","overlay-color":"","overlay-opacity":"","overlay-gradient":""}},"_joinchat":{"telephone":"+8617776015835"}},"product_brand":[],"product_cat":[69,140,150,154,158,143,144,146,57],"product_tag":[165,105,97,166,94,222,221,220],"class_list":{"0":"post-3614","1":"product","2":"type-product","3":"status-publish","4":"has-post-thumbnail","6":"product_cat-20000-puff","7":"product_cat-big-puffs-disposable-vapes","8":"product_cat-buy-disposable-vapes-in-belgium","9":"product_cat-buy-disposable-vapes-in-netherlands","10":"product_cat-buy-disposable-vapes-in-spain","11":"product_cat-dual-mesh-disposable-vapes","12":"product_cat-low-nicotine-disposable-vapes","13":"product_cat-rechargeable-disposable-vapes","14":"product_cat-vozol-vape","15":"product_tag-cheap-vapes","16":"product_tag-digital-disposable-vape","17":"product_tag-hot-sale-disposable-vape","18":"product_tag-low-nicotine-vape","19":"product_tag-rechargeable-disposable-vape","20":"product_tag-vozol-gear-power-20000","21":"product_tag-vozol-gear-power-20k","22":"product_tag-vozol-vape","23":"desktop-align-left","24":"tablet-align-left","25":"mobile-align-left","27":"first","28":"instock","29":"sale","30":"shipping-taxable","31":"purchasable","32":"product-type-simple"},"acf":[],"uagb_featured_image_src":{"full":["https:\/\/vapestornado.com\/wp-content\/uploads\/2025\/01\/VOZOL-Gear-Power-20000-Disposable-Wholesale-Price.jpg",1000,1000,false],"thumbnail":["https:\/\/vapestornado.com\/wp-content\/uploads\/2025\/01\/VOZOL-Gear-Power-20000-Disposable-Wholesale-Price-150x150.jpg",150,150,true],"medium":["https:\/\/vapestornado.com\/wp-content\/uploads\/2025\/01\/VOZOL-Gear-Power-20000-Disposable-Wholesale-Price-300x300.jpg",300,300,true],"medium_large":["https:\/\/vapestornado.com\/wp-content\/uploads\/2025\/01\/VOZOL-Gear-Power-20000-Disposable-Wholesale-Price-768x768.jpg",768,768,true],"large":["https:\/\/vapestornado.com\/wp-content\/uploads\/2025\/01\/VOZOL-Gear-Power-20000-Disposable-Wholesale-Price.jpg",1000,1000,false],"1536x1536":["https:\/\/vapestornado.com\/wp-content\/uploads\/2025\/01\/VOZOL-Gear-Power-20000-Disposable-Wholesale-Price.jpg",1000,1000,false],"2048x2048":["https:\/\/vapestornado.com\/wp-content\/uploads\/2025\/01\/VOZOL-Gear-Power-20000-Disposable-Wholesale-Price.jpg",1000,1000,false],"trp-custom-language-flag":["https:\/\/vapestornado.com\/wp-content\/uploads\/2025\/01\/VOZOL-Gear-Power-20000-Disposable-Wholesale-Price.jpg",12,12,false],"woocommerce_thumbnail":["https:\/\/vapestornado.com\/wp-content\/uploads\/2025\/01\/VOZOL-Gear-Power-20000-Disposable-Wholesale-Price-300x300.jpg",300,300,true],"woocommerce_single":["https:\/\/vapestornado.com\/wp-content\/uploads\/2025\/01\/VOZOL-Gear-Power-20000-Disposable-Wholesale-Price-600x600.jpg",600,600,true],"woocommerce_gallery_thumbnail":["https:\/\/vapestornado.com\/wp-content\/uploads\/2025\/01\/VOZOL-Gear-Power-20000-Disposable-Wholesale-Price-100x100.jpg",100,100,true]},"uagb_author_info":{"display_name":"ESAMY","author_link":"https:\/\/vapestornado.com\/lv\/author\/"},"uagb_comment_info":0,"uagb_excerpt":"VOZOL Gear Power 20K\u00a0 Puffs 2% Low Nicotine Disposable Vape Wholesale VOZOL Gear Power 20000 Puff \u00a0Digital Display Disposable Vape Bulk Buy VOZOL Gear Power 20k Rechargeable Disposable Vape Cheap Price Add Amy's whatsapp get right reply and vape coupon! WhatsApp: +86 17776015835 &nbsp;","_links":{"self":[{"href":"https:\/\/vapestornado.com\/lv\/wp-json\/wp\/v2\/product\/3614","targetHints":{"allow":["GET"]}}],"collection":[{"href":"https:\/\/vapestornado.com\/lv\/wp-json\/wp\/v2\/product"}],"about":[{"href":"https:\/\/vapestornado.com\/lv\/wp-json\/wp\/v2\/types\/product"}],"replies":[{"embeddable":true,"href":"https:\/\/vapestornado.com\/lv\/wp-json\/wp\/v2\/comments?post=3614"}],"wp:featuredmedia":[{"embeddable":true,"href":"https:\/\/vapestornado.com\/lv\/wp-json\/wp\/v2\/media\/3611"}],"wp:attachment":[{"href":"https:\/\/vapestornado.com\/lv\/wp-json\/wp\/v2\/media?parent=3614"}],"wp:term":[{"taxonomy":"product_brand","embeddable":true,"href":"https:\/\/vapestornado.com\/lv\/wp-json\/wp\/v2\/product_brand?post=3614"},{"taxonomy":"product_cat","embeddable":true,"href":"https:\/\/vapestornado.com\/lv\/wp-json\/wp\/v2\/product_cat?post=3614"},{"taxonomy":"product_tag","embeddable":true,"href":"https:\/\/vapestornado.com\/lv\/wp-json\/wp\/v2\/product_tag?post=3614"}],"curies":[{"name":"wp","href":"https:\/\/api.w.org\/{rel}","templated":true}]}}