{"id":3599,"date":"2024-12-31T09:42:44","date_gmt":"2024-12-31T09:42:44","guid":{"rendered":"https:\/\/vapestornado.com\/?post_type=product&#038;p=3599"},"modified":"2025-08-23T09:39:43","modified_gmt":"2025-08-23T09:39:43","slug":"hayati-pro-ultra-bang-box-30k-puffs-dual-flavor-vape","status":"publish","type":"product","link":"https:\/\/vapestornado.com\/lv\/product\/hayati-pro-ultra-bang-box-30k-puffs-dual-flavor-vape\/","title":{"rendered":"Hayati Pro ULTRA Bang Box 30k Uzp\u016btienu Divu Gar\u0161u Vape"},"content":{"rendered":"<h1>Kas ir Hayati Pro ULTRA Bang Box 30000 Puffs Dual Flavor?<\/h1>\n<p data-start=\"398\" data-end=\"668\">T\u0101 <strong data-start=\"402\" data-end=\"454\">Bang Box 30000 Dvesieni Divu Gar\u0161u Vienreiz\u0113j\u0101s Lieto\u0161anas Vape<\/strong> ir izveidots, lai nodro\u0161in\u0101tu ietilp\u012bbu, daudzveid\u012bbu un konsekventu veiktsp\u0113ju. Ar <strong data-start=\"522\" data-end=\"549\">35 ml e-\u0161\u0137idruma rezervu\u0101rs<\/strong> un <strong data-start=\"557\" data-end=\"595\">850 mAh uzl\u0101d\u0113jams kobalta akumulators<\/strong>, tas nodro\u0161ina vair\u0101k nek\u0101 <strong data-start=\"614\" data-end=\"630\">30 000 uzp\u016btienu<\/strong>\u2014 iev\u0113rojami p\u0101rsniedzot standarta vienreiz\u0113j\u0101s lieto\u0161anas ier\u012bces.<\/p>\n<p data-start=\"670\" data-end=\"960\">T\u0101 <strong data-start=\"674\" data-end=\"696\">divu gar\u0161u sist\u0113ma<\/strong> \u013cauj lietot\u0101jiem p\u0101rsl\u0113gties starp div\u0101m gar\u0161as iesp\u0113j\u0101m vien\u0101 ier\u012bc\u0113, pied\u0101v\u0101jot elast\u012bbu un svaigumu, nen\u0113s\u0101jot vair\u0101kus veipus. The <strong data-start=\"828\" data-end=\"846\">0,8\u03a9 t\u012bkla spole<\/strong> uzlabo tvaika veido\u0161anos un gar\u0161as intensit\u0101ti, savuk\u0101rt <strong data-start=\"905\" data-end=\"929\">C tipa \u0101tr\u0101 uzl\u0101de<\/strong> samazina d\u012bkst\u0101vi l\u012bdz minimumam.<\/p>\n<p data-start=\"962\" data-end=\"1207\">Kompakts un viegli lietojams, <strong data-start=\"991\" data-end=\"1012\">Bang Box 30K Vape<\/strong> apvieno ilgsto\u0161u veiktsp\u0113ju ar augst\u0101k\u0101s kvalit\u0101tes funkcij\u0101m, padarot to par sp\u0113c\u012bgu izv\u0113li vairumtirgot\u0101jiem, mazumtirgot\u0101jiem un ikdienas lietot\u0101jiem, kuri mekl\u0113 divu gar\u0161u \u0113rt\u012bbas lielas ietilp\u012bbas vienreiz\u0113j\u0101s lieto\u0161anas ier\u012bc\u0113.<\/p>\n<figure id=\"attachment_3601\" aria-describedby=\"caption-attachment-3601\" style=\"width: 1024px\" class=\"wp-caption alignnone\"><img fetchpriority=\"high\" decoding=\"async\" class=\"size-large wp-image-3601\" src=\"https:\/\/vapestornado.com\/wp-content\/uploads\/2024\/12\/Bang-Box-30000-Puffs-Dual-Flavor-Cheap-Price-Dual-Flavor-Satisfaction-at-an-Affordable-1024x576.jpg\" alt=\"Bang Box 30000 Puffs Dual Flavor L\u0113ta cena Divk\u0101r\u0161a gar\u0161as bauda par pie\u0146emamu cenu\" width=\"1024\" height=\"576\" srcset=\"https:\/\/vapestornado.com\/wp-content\/uploads\/2024\/12\/Bang-Box-30000-Puffs-Dual-Flavor-Cheap-Price-Dual-Flavor-Satisfaction-at-an-Affordable-1024x576.jpg 1024w, https:\/\/vapestornado.com\/wp-content\/uploads\/2024\/12\/Bang-Box-30000-Puffs-Dual-Flavor-Cheap-Price-Dual-Flavor-Satisfaction-at-an-Affordable-300x169.jpg 300w, https:\/\/vapestornado.com\/wp-content\/uploads\/2024\/12\/Bang-Box-30000-Puffs-Dual-Flavor-Cheap-Price-Dual-Flavor-Satisfaction-at-an-Affordable-768x432.jpg 768w, https:\/\/vapestornado.com\/wp-content\/uploads\/2024\/12\/Bang-Box-30000-Puffs-Dual-Flavor-Cheap-Price-Dual-Flavor-Satisfaction-at-an-Affordable-1536x864.jpg 1536w, https:\/\/vapestornado.com\/wp-content\/uploads\/2024\/12\/Bang-Box-30000-Puffs-Dual-Flavor-Cheap-Price-Dual-Flavor-Satisfaction-at-an-Affordable-2048x1152.jpg 2048w, https:\/\/vapestornado.com\/wp-content\/uploads\/2024\/12\/Bang-Box-30000-Puffs-Dual-Flavor-Cheap-Price-Dual-Flavor-Satisfaction-at-an-Affordable-600x338.jpg 600w\" sizes=\"(max-width: 1024px) 100vw, 1024px\" \/><figcaption id=\"caption-attachment-3601\" class=\"wp-caption-text\">Bang Box 30000 Puffs Dual Flavor L\u0113ta cena Divk\u0101r\u0161a gar\u0161as bauda par pie\u0146emamu cenu<\/figcaption><\/figure>\n<p>&nbsp;<\/p>\n<h3>Produkta \u012bpa\u0161\u012bbas<\/h3>\n<ol>\n<li>Milz\u012bgas 30 000+ dvesmas ar divu gar\u0161u funkcionalit\u0101ti maksim\u0101lai daudzveid\u012bbai.<\/li>\n<li>35 ml e-\u0161\u0137idruma ietilp\u012bba ilgsto\u0161ai lieto\u0161anai bez bie\u017eas nomai\u0146as.<\/li>\n<li>850 mAh uzl\u0101d\u0113jams akumulators ar C tipa \u0101tru uzl\u0101di.<\/li>\n<li>Uzlabota 0,8\u03a9 t\u012bklveida spole intens\u012bv\u0101m gar\u0161\u0101m un vienm\u0113r\u012bgai tvaiku ra\u017eo\u0161anai.<\/li>\n<li>Gluds, p\u0101rn\u0113s\u0101jams dizains, kas ir ide\u0101li piem\u0113rots lieto\u0161anai ce\u013c\u0101.<\/li>\n<\/ol>\n<h3>Gar\u0161u saraksts<\/h3>\n<ol>\n<li>Zeme\u0146u Kivi\/Arb\u016bzu Ledus<\/li>\n<li>Zeme\u0146u Kivi\/Zeme\u0146u Arb\u016bzs<\/li>\n<li>Persiku Sula\/Melle\u0146u Ledus<\/li>\n<li>Melle\u0146u Ledus\/Kivi Pasifloras aug\u013cu Gvava<\/li>\n<li>Melle\u0146u Sk\u0101bais Ave\u0146u Ledus\/Jaukts Auglis<\/li>\n<li>Tr\u012bsk\u0101r\u0161u Ogu Ledus\/Zeme\u0146u Mango<\/li>\n<li>Arb\u016bzu Ko\u0161\u013c\u0101jam\u0101 gumija\/Zeme\u0146u Arb\u016bzs<\/li>\n<li>Melle\u0146u Ledus\/Arb\u016bzu Ledus<\/li>\n<li>Zeme\u0146u Arb\u016bzs\/Kivi Pasifloras aug\u013cu Gvava<\/li>\n<li>Meln\u0101 P\u016b\u0137a Ledus\/Mango Persiku Arb\u016bzs<\/li>\n<li>Zilo Ave\u0146u Ledus\/Dubult\u0101 V\u012bnogu<\/li>\n<li>Zilo ave\u0146u ledus\/zeme\u0146u mango<\/li>\n<li><\/li>\n<\/ol>\n<h4><strong>Bang box 30k 5 popul\u0101r\u0101k\u0101s gar\u0161as<\/strong><\/h4>\n<ol>\n<li><strong>Zeme\u0146u Kivi\/Arb\u016bzu Ledus<\/strong>: Atsvaidzino\u0161s tropisko aug\u013cu un ledaina salduma sajaukums.<\/li>\n<li><strong>Persiku Sula\/Melle\u0146u Ledus<\/strong>: Saldais persiks satiekas ar v\u0113su melle\u0146u, lai rad\u012btu sabalans\u0113tu tvaiku.<\/li>\n<li><strong>Melle\u0146u Sk\u0101bais Ave\u0146u Ledus\/Jaukts Auglis<\/strong>: S\u0101rti, saldi un ledaini katr\u0101 dvesm\u0101.<\/li>\n<li><strong>Tr\u012bsk\u0101r\u0161u Ogu Ledus\/Zeme\u0146u Mango<\/strong>: Ogas un mango sajaucas aug\u013cu eksplozij\u0101.<\/li>\n<li><strong>Zilo Ave\u0146u Ledus\/Dubult\u0101 V\u012bnogu<\/strong>: Sp\u0113c\u012bga v\u012bnogu gar\u0161a, kas savienota ar ledainu zilo aveni.<\/li>\n<\/ol>\n<h4><strong>K\u0101p\u0113c izv\u0113l\u0113ties Bang Box 30k Puffs divu gar\u0161u?<\/strong><\/h4>\n<p>Bang Box 30000 Puffs Dual Flavor pied\u0101v\u0101 izcilu v\u0113rt\u012bbu un daudzpus\u012bbu lietot\u0101jiem. T\u0101 divu gar\u0161u sist\u0113ma \u013cauj lietot\u0101jiem p\u0101rsl\u0113gties starp diviem unik\u0101liem gar\u0161u profiliem vien\u0101 ier\u012bc\u0113, nodro\u0161inot pat\u012bkamu un daudzveid\u012bgu tvaic\u0113\u0161anas pieredzi. Ar savu lielo 35 ml tvaiku \u0161\u0137idruma tilpumu un 850 mAh uzl\u0101d\u0113jamu akumulatoru, \u0161\u012b ier\u012bce ir paredz\u0113ta ilgsto\u0161ai lieto\u0161anai, padarot to perfektu smagiem lietot\u0101jiem vai tiem, kam nepat\u012bk bie\u017ea nomai\u0146a. Uzlabot\u0101 0,8\u03a9 t\u012bkla spoles tehnolo\u0123ija garant\u0113 gludus, gar\u0161\u012bgus un bl\u012bvus tvaiku m\u0101ko\u0146us, paaugstinot j\u016bsu tvaic\u0113\u0161anas sesijas l\u012bmeni. Turkl\u0101t t\u0101s stil\u012bgais dizains un kompaktais izm\u0113rs padara to \u0113rti p\u0101rn\u0113s\u0101jamu jebkur\u0101 viet\u0101, savuk\u0101rt Type-C uzl\u0101des ports nodro\u0161ina \u0101tru uzl\u0101di. Neatkar\u012bgi no t\u0101, vai esat gar\u0161u entuziasts vai mekl\u0113jat iztur\u012bbu, \u0161is produkts atbilst visiem l\u012bme\u0146iem.<\/p>\n<h2><strong>Bang Box 30k Puffs divu gar\u0161u bie\u017ei uzdotie jaut\u0101jumi<\/strong><\/h2>\n<ol>\n<li><strong>Cik dvesmu nodro\u0161ina Bang Box 30000 Puffs divu gar\u0161u ier\u012bce?<\/strong><br \/>\nT\u0101 nodro\u0161ina vair\u0101k nek\u0101 30 000 dvesmu ar divu gar\u0161u funkcionalit\u0101ti.<\/li>\n<li><strong>Vai Bang Box 30000 Puffs divu gar\u0161u ier\u012bce ir uzl\u0101d\u0113jama?<\/strong><br \/>\nJ\u0101, tai ir 850 mAh uzl\u0101d\u0113jams akumulators ar Type-C uzl\u0101des portu.<\/li>\n<li><strong>Kas padara divu gar\u0161u sist\u0113mu unik\u0101lu?<\/strong><br \/>\nIer\u012bce \u013cauj bez probl\u0113m\u0101m p\u0101rsl\u0113gties starp div\u0101m gar\u0161\u0101m, pied\u0101v\u0101jot daudzveid\u012bbu vien\u0101 ier\u012bc\u0113.<\/li>\n<li><strong>K\u0101du spoles tehnolo\u0123iju izmanto \u0161\u012b ier\u012bce?<\/strong><br \/>\nT\u0101 izmanto 0,8\u03a9 t\u012bkla spoli, lai uzlabotu gar\u0161u un tvaiku ra\u017eo\u0161anu.<\/li>\n<li><strong>Cik gar\u0161u kombin\u0101cijas ir pieejamas?<\/strong><br \/>\nIr pieejamas 12 aizraujo\u0161as divu gar\u0161u kombin\u0101cijas, no kur\u0101m izv\u0113l\u0113ties.<\/li>\n<\/ol>\n<h4>Bang Box Dual Flavor 30000 vapes vairumtirdzniec\u012bba Sazinieties un sa\u0146emiet atlaidi tagad!<a href=\"https:\/\/wa.me\/8618077105750\" target=\"_blank\" rel=\"noopener\">+8618077105750<\/a><\/h4>\n<p><img decoding=\"async\" class=\"size-large wp-image-2921\" src=\"https:\/\/vapestornado.com\/wp-content\/uploads\/2024\/11\/20062b3a285f900e79520aad496b94d-887x1024.jpg\" alt=\"vapestornado Vicky\" width=\"887\" height=\"1024\" srcset=\"https:\/\/vapestornado.com\/wp-content\/uploads\/2024\/11\/20062b3a285f900e79520aad496b94d-887x1024.jpg 887w, https:\/\/vapestornado.com\/wp-content\/uploads\/2024\/11\/20062b3a285f900e79520aad496b94d-260x300.jpg 260w, https:\/\/vapestornado.com\/wp-content\/uploads\/2024\/11\/20062b3a285f900e79520aad496b94d-768x887.jpg 768w, https:\/\/vapestornado.com\/wp-content\/uploads\/2024\/11\/20062b3a285f900e79520aad496b94d-600x693.jpg 600w, https:\/\/vapestornado.com\/wp-content\/uploads\/2024\/11\/20062b3a285f900e79520aad496b94d.jpg 1080w\" sizes=\"(max-width: 887px) 100vw, 887px\" \/><\/p>","protected":false},"excerpt":{"rendered":"<p>Bang Box 30000 Puffs Dual Flavor nodro\u0161ina 30 000+ dvesmas, divas gar\u0161as, uzl\u0101d\u0113jamu akumulatoru un 0,8\u03a9 t\u012bklveida spoli intens\u012bvai gar\u0161ai.<\/p>\n<p><strong><span style=\"color: #ff0000;\">(m\u016bsu vietnes cen\u0101 nav iek\u013cautas pieg\u0101des izmaksas, l\u016bdzu, sazinieties ar mani, lai sa\u0146emtu visu cenu un j\u016bsu atlaidi!)<\/span><\/strong><\/p>\n<p><img decoding=\"async\" class=\"size-medium wp-image-2921\" src=\"https:\/\/vapestornado.com\/wp-content\/uploads\/2024\/11\/20062b3a285f900e79520aad496b94d-260x300.jpg\" alt=\"vapestornado Vicky\" width=\"260\" height=\"300\" srcset=\"https:\/\/vapestornado.com\/wp-content\/uploads\/2024\/11\/20062b3a285f900e79520aad496b94d-260x300.jpg 260w, https:\/\/vapestornado.com\/wp-content\/uploads\/2024\/11\/20062b3a285f900e79520aad496b94d-887x1024.jpg 887w, https:\/\/vapestornado.com\/wp-content\/uploads\/2024\/11\/20062b3a285f900e79520aad496b94d-768x887.jpg 768w, https:\/\/vapestornado.com\/wp-content\/uploads\/2024\/11\/20062b3a285f900e79520aad496b94d-600x693.jpg 600w, https:\/\/vapestornado.com\/wp-content\/uploads\/2024\/11\/20062b3a285f900e79520aad496b94d.jpg 1080w\" sizes=\"(max-width: 260px) 100vw, 260px\" \/><\/p>","protected":false},"featured_media":3605,"comment_status":"open","ping_status":"closed","template":"","meta":{"_acf_changed":false,"_uag_custom_page_level_css":"","_lmt_disableupdate":"no","_lmt_disable":"","_monsterinsights_skip_tracking":false,"_monsterinsights_sitenote_active":false,"_monsterinsights_sitenote_note":"","_monsterinsights_sitenote_category":0,"site-sidebar-layout":"default","site-content-layout":"","ast-site-content-layout":"default","site-content-style":"default","site-sidebar-style":"default","ast-global-header-display":"","ast-banner-title-visibility":"","ast-main-header-display":"","ast-hfb-above-header-display":"","ast-hfb-below-header-display":"","ast-hfb-mobile-header-display":"","site-post-title":"","ast-breadcrumbs-content":"","ast-featured-img":"","footer-sml-layout":"","ast-disable-related-posts":"","theme-transparent-header-meta":"default","adv-header-id-meta":"","stick-header-meta":"","header-above-stick-meta":"","header-main-stick-meta":"","header-below-stick-meta":"","astra-migrate-meta-layouts":"set","ast-page-background-enabled":"default","ast-page-background-meta":{"desktop":{"background-color":"","background-image":"","background-repeat":"repeat","background-position":"center center","background-size":"auto","background-attachment":"scroll","background-type":"","background-media":"","overlay-type":"","overlay-color":"","overlay-opacity":"","overlay-gradient":""},"tablet":{"background-color":"","background-image":"","background-repeat":"repeat","background-position":"center center","background-size":"auto","background-attachment":"scroll","background-type":"","background-media":"","overlay-type":"","overlay-color":"","overlay-opacity":"","overlay-gradient":""},"mobile":{"background-color":"","background-image":"","background-repeat":"repeat","background-position":"center center","background-size":"auto","background-attachment":"scroll","background-type":"","background-media":"","overlay-type":"","overlay-color":"","overlay-opacity":"","overlay-gradient":""}},"ast-content-background-meta":{"desktop":{"background-color":"var(--ast-global-color-5)","background-image":"","background-repeat":"repeat","background-position":"center center","background-size":"auto","background-attachment":"scroll","background-type":"","background-media":"","overlay-type":"","overlay-color":"","overlay-opacity":"","overlay-gradient":""},"tablet":{"background-color":"var(--ast-global-color-5)","background-image":"","background-repeat":"repeat","background-position":"center center","background-size":"auto","background-attachment":"scroll","background-type":"","background-media":"","overlay-type":"","overlay-color":"","overlay-opacity":"","overlay-gradient":""},"mobile":{"background-color":"var(--ast-global-color-5)","background-image":"","background-repeat":"repeat","background-position":"center center","background-size":"auto","background-attachment":"scroll","background-type":"","background-media":"","overlay-type":"","overlay-color":"","overlay-opacity":"","overlay-gradient":""}},"_joinchat":{"telephone":"+8618077105750"}},"product_brand":[],"product_cat":[67,64,153,154,159,143,144,146],"product_tag":[],"class_list":{"0":"post-3599","1":"product","2":"type-product","3":"status-publish","4":"has-post-thumbnail","6":"product_cat-30000-puff","7":"product_cat-bangbox-vape","8":"product_cat-buy-disposable-vapes-in-italy","9":"product_cat-buy-disposable-vapes-in-netherlands","10":"product_cat-buy-disposable-vapes-in-sweden","11":"product_cat-dual-mesh-disposable-vapes","12":"product_cat-low-nicotine-disposable-vapes","13":"product_cat-rechargeable-disposable-vapes","14":"desktop-align-left","15":"tablet-align-left","16":"mobile-align-left","18":"first","19":"instock","20":"sale","21":"shipping-taxable","22":"purchasable","23":"product-type-simple"},"acf":[],"uagb_featured_image_src":{"full":["https:\/\/vapestornado.com\/wp-content\/uploads\/2024\/12\/Bang-Box-30000-Puffs-Dual-Flavor-Review-Explore-Its-Unique-Dual-Flavor-Technology.jpg",939,935,false],"thumbnail":["https:\/\/vapestornado.com\/wp-content\/uploads\/2024\/12\/Bang-Box-30000-Puffs-Dual-Flavor-Review-Explore-Its-Unique-Dual-Flavor-Technology-150x150.jpg",150,150,true],"medium":["https:\/\/vapestornado.com\/wp-content\/uploads\/2024\/12\/Bang-Box-30000-Puffs-Dual-Flavor-Review-Explore-Its-Unique-Dual-Flavor-Technology-300x300.jpg",300,300,true],"medium_large":["https:\/\/vapestornado.com\/wp-content\/uploads\/2024\/12\/Bang-Box-30000-Puffs-Dual-Flavor-Review-Explore-Its-Unique-Dual-Flavor-Technology-768x765.jpg",768,765,true],"large":["https:\/\/vapestornado.com\/wp-content\/uploads\/2024\/12\/Bang-Box-30000-Puffs-Dual-Flavor-Review-Explore-Its-Unique-Dual-Flavor-Technology.jpg",939,935,false],"1536x1536":["https:\/\/vapestornado.com\/wp-content\/uploads\/2024\/12\/Bang-Box-30000-Puffs-Dual-Flavor-Review-Explore-Its-Unique-Dual-Flavor-Technology.jpg",939,935,false],"2048x2048":["https:\/\/vapestornado.com\/wp-content\/uploads\/2024\/12\/Bang-Box-30000-Puffs-Dual-Flavor-Review-Explore-Its-Unique-Dual-Flavor-Technology.jpg",939,935,false],"trp-custom-language-flag":["https:\/\/vapestornado.com\/wp-content\/uploads\/2024\/12\/Bang-Box-30000-Puffs-Dual-Flavor-Review-Explore-Its-Unique-Dual-Flavor-Technology.jpg",12,12,false],"woocommerce_thumbnail":["https:\/\/vapestornado.com\/wp-content\/uploads\/2024\/12\/Bang-Box-30000-Puffs-Dual-Flavor-Review-Explore-Its-Unique-Dual-Flavor-Technology-300x300.jpg",300,300,true],"woocommerce_single":["https:\/\/vapestornado.com\/wp-content\/uploads\/2024\/12\/Bang-Box-30000-Puffs-Dual-Flavor-Review-Explore-Its-Unique-Dual-Flavor-Technology-600x597.jpg",600,597,true],"woocommerce_gallery_thumbnail":["https:\/\/vapestornado.com\/wp-content\/uploads\/2024\/12\/Bang-Box-30000-Puffs-Dual-Flavor-Review-Explore-Its-Unique-Dual-Flavor-Technology-100x100.jpg",100,100,true]},"uagb_author_info":{"display_name":"ESvicky","author_link":"https:\/\/vapestornado.com\/lv\/author\/"},"uagb_comment_info":0,"uagb_excerpt":"Bang Box 30000 Puffs Dual Flavor delivers 30,000+ puffs, dual flavors, rechargeable battery, and 0.8\u03a9 mesh coil for intense flavor. (our website price not include shipping cost, please contact me to get whole price and your disccount!)","_links":{"self":[{"href":"https:\/\/vapestornado.com\/lv\/wp-json\/wp\/v2\/product\/3599","targetHints":{"allow":["GET"]}}],"collection":[{"href":"https:\/\/vapestornado.com\/lv\/wp-json\/wp\/v2\/product"}],"about":[{"href":"https:\/\/vapestornado.com\/lv\/wp-json\/wp\/v2\/types\/product"}],"replies":[{"embeddable":true,"href":"https:\/\/vapestornado.com\/lv\/wp-json\/wp\/v2\/comments?post=3599"}],"wp:featuredmedia":[{"embeddable":true,"href":"https:\/\/vapestornado.com\/lv\/wp-json\/wp\/v2\/media\/3605"}],"wp:attachment":[{"href":"https:\/\/vapestornado.com\/lv\/wp-json\/wp\/v2\/media?parent=3599"}],"wp:term":[{"taxonomy":"product_brand","embeddable":true,"href":"https:\/\/vapestornado.com\/lv\/wp-json\/wp\/v2\/product_brand?post=3599"},{"taxonomy":"product_cat","embeddable":true,"href":"https:\/\/vapestornado.com\/lv\/wp-json\/wp\/v2\/product_cat?post=3599"},{"taxonomy":"product_tag","embeddable":true,"href":"https:\/\/vapestornado.com\/lv\/wp-json\/wp\/v2\/product_tag?post=3599"}],"curies":[{"name":"wp","href":"https:\/\/api.w.org\/{rel}","templated":true}]}}