{"id":3568,"date":"2024-12-31T08:17:50","date_gmt":"2024-12-31T08:17:50","guid":{"rendered":"https:\/\/vapestornado.com\/?post_type=product&#038;p=3568"},"modified":"2025-08-23T09:40:26","modified_gmt":"2025-08-23T09:40:26","slug":"vookbar-cyber-pro-3000-puffs-wholesale-e-cigarette-hookah-vape","status":"publish","type":"product","link":"https:\/\/vapestornado.com\/lv\/product\/vookbar-cyber-pro-3000-puffs-wholesale-e-cigarette-hookah-vape\/","title":{"rendered":"Vookbar Cyber PRO 30000 Puffs Vairumtirdzniec\u012bbas E-Cigare\u0161u \u016adensp\u012bpes Veips"},"content":{"rendered":"<h1>Vookbar Cyber PRO 3000 Dvesmas Vairumtirdzniec\u012bbas E-Cigare\u0161u \u016adensp\u012bpes Veips<\/h1>\n<p>&nbsp;<\/p>\n<div role=\"article\" data-tabster=\"{&quot;groupper&quot;:{&quot;tabbability&quot;:2},&quot;focusable&quot;:{}}\" data-content=\"ai-message\" aria-labelledby=\"64JRvXrTnY7mRmPkEQLLT-author 64JRvXrTnY7mRmPkEQLLT-content\">\n<div id=\"64JRvXrTnY7mRmPkEQLLT-content\">\n<p data-start=\"513\" data-end=\"779\">T\u0101 <strong data-start=\"517\" data-end=\"565\">Vookbar Cyber PRO 3000 Puffs vienreiz\u0113j\u0101s lieto\u0161anas vape<\/strong> ir izstr\u0101d\u0101ts vienm\u0113r\u012bgai darb\u012bbai, stil\u012bgam dizainam un vairumtirdzniec\u012bbas v\u0113rt\u012bbai. Ar l\u012bdz pat <strong data-start=\"650\" data-end=\"665\">3000 uzp\u016btieniem<\/strong> vien\u0101 ier\u012bc\u0113 tas nodro\u0161ina uzticamu iesp\u0113ju veipot\u0101jiem, kuri v\u0113las gan \u0113rt\u012bbas, gan kvalit\u0101ti kompakt\u0101 form\u0101t\u0101.<\/p>\n<p data-start=\"781\" data-end=\"1194\">Apr\u012bkots ar <strong data-start=\"798\" data-end=\"829\">850mAh uzl\u0101d\u0113jams akumulators<\/strong> un <strong data-start=\"834\" data-end=\"858\">C tipa \u0101tr\u0101 uzl\u0101de<\/strong>, Cyber PRO nodro\u0161ina nemain\u012bgu jaudu. T\u0101 <strong data-start=\"904\" data-end=\"932\">22 ml iepriek\u0161 uzpild\u012bta e-\u0161\u0137idruma<\/strong> ar <strong data-start=\"938\" data-end=\"962\">5% nikot\u012bna stiprumu<\/strong> nodro\u0161ina apmierino\u0161us tie\u0161i plau\u0161\u0101s (DTL) sitienus un izteiksm\u012bgu gar\u0161as intensit\u0101ti. Izgatavots no augst\u0101k\u0101s kvalit\u0101tes sast\u0101vda\u013c\u0101m, tostarp augu glicer\u012bna, propil\u0113nglikola un dab\u012bgiem aromatiz\u0113t\u0101jiem, tas garant\u0113 bag\u0101t\u012bgus, vienm\u0113r\u012bgus tvaikus no s\u0101kuma l\u012bdz beig\u0101m.<\/p>\n<p data-start=\"1196\" data-end=\"1407\">Apvienojot gludu est\u0113tiku ar modernu spoles tehnolo\u0123iju, <strong data-start=\"1258\" data-end=\"1290\">Vookbar Cyber PRO 3000 Puffs<\/strong> ir ide\u0101li piem\u0113rots vape veikaliem, izplat\u012bt\u0101jiem un pat\u0113r\u0113t\u0101jiem, kuri mekl\u0113 kompaktu, bet jaud\u012bgu <strong data-start=\"1379\" data-end=\"1404\">vairumtirdzniec\u012bbas hookah vape<\/strong>.<\/p>\n<figure id=\"attachment_3596\" aria-describedby=\"caption-attachment-3596\" style=\"width: 572px\" class=\"wp-caption alignnone\"><img fetchpriority=\"high\" decoding=\"async\" class=\"wp-image-3596\" src=\"https:\/\/vapestornado.com\/wp-content\/uploads\/2024\/12\/Vookbar-3000-Puffs-Hot-Sale-Disposable-Vapes-Germany.jpg\" alt=\"Vookbar 3000 Dvesmas Karst\u0101 P\u0101rdo\u0161ana Vienreiz\u0113j\u0101s Lieto\u0161anas Veipi Latvij\u0101\" width=\"572\" height=\"572\" srcset=\"https:\/\/vapestornado.com\/wp-content\/uploads\/2024\/12\/Vookbar-3000-Puffs-Hot-Sale-Disposable-Vapes-Germany.jpg 800w, https:\/\/vapestornado.com\/wp-content\/uploads\/2024\/12\/Vookbar-3000-Puffs-Hot-Sale-Disposable-Vapes-Germany-300x300.jpg 300w, https:\/\/vapestornado.com\/wp-content\/uploads\/2024\/12\/Vookbar-3000-Puffs-Hot-Sale-Disposable-Vapes-Germany-150x150.jpg 150w, https:\/\/vapestornado.com\/wp-content\/uploads\/2024\/12\/Vookbar-3000-Puffs-Hot-Sale-Disposable-Vapes-Germany-768x768.jpg 768w, https:\/\/vapestornado.com\/wp-content\/uploads\/2024\/12\/Vookbar-3000-Puffs-Hot-Sale-Disposable-Vapes-Germany-600x600.jpg 600w, https:\/\/vapestornado.com\/wp-content\/uploads\/2024\/12\/Vookbar-3000-Puffs-Hot-Sale-Disposable-Vapes-Germany-100x100.jpg 100w\" sizes=\"(max-width: 572px) 100vw, 572px\" \/><figcaption id=\"caption-attachment-3596\" class=\"wp-caption-text\">Vookbar 3000 Dvesmas Karst\u0101 P\u0101rdo\u0161ana Vienreiz\u0113j\u0101s Lieto\u0161anas Veipi Latvij\u0101<\/figcaption><\/figure>\n<\/div>\n<\/div>\n<p><img decoding=\"async\" class=\"alignleft wp-image-2951 size-medium\" src=\"https:\/\/vapestornado.com\/wp-content\/uploads\/2024\/12\/Wholesale-Disposable-Vape-265x300.jpg\" alt=\"Vienreiz\u0113j\u0101s lieto\u0161anas Vape vairumtirdzniec\u012bba\" width=\"265\" height=\"300\" srcset=\"https:\/\/vapestornado.com\/wp-content\/uploads\/2024\/12\/Wholesale-Disposable-Vape-265x300.jpg 265w, https:\/\/vapestornado.com\/wp-content\/uploads\/2024\/12\/Wholesale-Disposable-Vape-768x871.jpg 768w, https:\/\/vapestornado.com\/wp-content\/uploads\/2024\/12\/Wholesale-Disposable-Vape-600x680.jpg 600w, https:\/\/vapestornado.com\/wp-content\/uploads\/2024\/12\/Wholesale-Disposable-Vape.jpg 823w\" sizes=\"(max-width: 265px) 100vw, 265px\" \/><\/p>\n<h6>L\u016bdzu, sazinieties ar Mandiju WhatsApp, lai sa\u0146emtu atlaides cenu<a href=\"https:\/\/wa.me\/8618077105796\" target=\"_blank\" rel=\"noopener\">+8618077105796<\/a><\/h6>\n<div class=\"flex max-w-full flex-col flex-grow\">\n<div class=\"min-h-8 text-message flex w-full flex-col items-end gap-2 whitespace-normal break-words text-start [.text-message+&amp;]:mt-5\" dir=\"auto\" data-message-author-role=\"assistant\" data-message-id=\"cdb991c0-f594-4bff-b2d5-fbbdd7ce9e54\" data-message-model-slug=\"gpt-4o-mini\">\n<div class=\"flex w-full flex-col gap-1 empty:hidden first:pt-[3px]\">\n<div class=\"markdown prose w-full break-words dark:prose-invert light\"><\/div>\n<\/div>\n<\/div>\n<\/div>\n<div class=\"mb-2 flex gap-3 empty:hidden -ml-2\">\n<h2><strong>Vookbar Cyber PRO 30000 p\u016btieni <\/strong>Izcilas iez\u012bmes:<\/h2>\n<ul>\n<li><strong>Iespaid\u012bgs dvesmu skaits<\/strong>: L\u012bdz 30 000 dvesmu uz ier\u012bci ilgsto\u0161\u0101m veipo\u0161anas sesij\u0101m.<\/li>\n<li><strong>Akumulators<\/strong>: 850mAh uzl\u0101d\u0113jama baterija nodro\u0161ina nemain\u012bgu veiktsp\u0113ju.<\/li>\n<li><strong>E-\u0161\u0137idruma ietilp\u012bba<\/strong>: 22ml augst\u0101k\u0101s kvalit\u0101tes e-\u0161\u0137idruma.<\/li>\n<li><strong>Nikot\u012bna stiprums<\/strong>: 2% nikot\u012bns, lai ieg\u016btu maigu un apmierino\u0161u tvaiku.<\/li>\n<li><strong>Premium sast\u0101vda\u013cas<\/strong>: Sast\u0101v\u0101 ir augu glicer\u012bns, propil\u0113nglikols, nikot\u012bns un dab\u012bgas<\/li>\n<li><strong>Vape lieto\u0161anas stils<\/strong>: Paredz\u0113ts tie\u0161ajiem (DTL) entuziastiem, kuri mekl\u0113 bag\u0101t\u012bgus m\u0101ko\u0146us un intens\u012bvu gar\u0161u.<\/li>\n<li><strong>Lietot\u0101jam draudz\u012bgs dizains<\/strong>: Kompakts, gluds un gatavs lieto\u0161anai uzreiz no kastes.<\/li>\n<\/ul>\n<\/div>\n<h2>Vookbar Cyber PRO 3000 Puffs Gar\u0161u saraksts:<\/h2>\n<p>1.Zilo ave\u0146u ledus<br \/>\n2. Persiku ledus<br \/>\n3. V\u012bnogu ledus<br \/>\n4. Zeme\u0146u arb\u016bzs<br \/>\n5. Zeme\u0146u ban\u0101ns<br \/>\n6. \u0136ir\u0161u arb\u016bzs<br \/>\n7. Arb\u016bzu ledus<br \/>\n8. Persiku mango<br \/>\n9. Zeme\u0146u kivi<br \/>\n10. Balto zeme\u0146u ledus<br \/>\n11. Balto gumijl\u0101c\u012b\u0161u ledus<br \/>\n12. Sald\u0113ta pinakolada<br \/>\n13. Sasod\u012bti feins<br \/>\n14. Mohito jauktas ogas<\/p>\n<div role=\"article\" data-tabster=\"{&quot;groupper&quot;:{&quot;tabbability&quot;:2},&quot;focusable&quot;:{}}\" data-content=\"ai-message\" aria-labelledby=\"dARUyEWDoEYhnSPXFwx5A-author dARUyEWDoEYhnSPXFwx5A-content\">\n<div id=\"dARUyEWDoEYhnSPXFwx5A-content\">\n<h2>K\u0101p\u0113c izv\u0113l\u0113ties Vookbar Cyber PRO 3000 dvesmu <strong>\u00a0<\/strong>at <a href=\"https:\/\/vapestornado.com\/lv\/product\/bang-box-35k-puffs-high-capacity-long-lasting-disposable-vape\/\">vapestornado.com?<\/a><\/h2>\n<ul>\n<li><strong>Liela uzp\u016btes ietilp\u012bba<\/strong>: Ar izcilu <strong>30 000 uzp\u016btienu<\/strong>, Vookbar Cyber PRO 3000 dvesmu garant\u0113 ilgsto\u0161u lieto\u0161anu, padarot to par popul\u0101ru izv\u0113li klientu vid\u016b, kuri mekl\u0113 v\u0113rt\u012bbu un \u0113rt\u012bbu.<\/li>\n<li><strong>Augst\u0101k\u0101 kvalit\u0101te<\/strong>: Ar <strong>22 ml e-\u0161\u0137idruma ietilp\u012bbu<\/strong> un 2<strong>% nikot\u012bna stiprumu<\/strong>, \u0161\u012b ier\u012bce nodro\u0161ina bag\u0101t\u012bgu gar\u0161u un apmierino\u0161us tvaikus, kas izgatavoti no augstas kvalit\u0101tes sast\u0101vda\u013c\u0101m, piem\u0113ram, <strong>augu glicer\u012bna, propil\u0113nglikola un dab\u012bg\u0101m gar\u0161\u0101m<\/strong>.<\/li>\n<li><strong>Uzlabota tehnolo\u0123ija<\/strong>: Darbojas ar <strong>850mAh uzl\u0101d\u0113jams akumulators<\/strong>, \u0161is vape garant\u0113 konsekventu veiktsp\u0113ju un atbalsta ilgsto\u0161as tvaic\u0113\u0161anas sesijas, kas ir lieliski piem\u0113rotas tie\u0161ajiem (DTL) entuziastiem.<\/li>\n<li><strong>Gluds un kompakts dizains<\/strong>: Vookbar Cyber PRO apvieno modernu est\u0113tiku ar lietot\u0101jam draudz\u012bgu funkcionalit\u0101ti, padarot to pievilc\u012bgu pla\u0161am klientu lokam.<\/li>\n<li><strong>Vairumtirdzniec\u012bbai draudz\u012bgs<\/strong>: Pieejams par konkur\u0113tsp\u0113j\u012bg\u0101m cen\u0101m <strong>vapestornado.com<\/strong>, \u0161is produkts ir ide\u0101ls lielapjoma pirkumiem, nodro\u0161inot j\u016bsu biznesam izcilas pe\u013c\u0146as mar\u017eas.<\/li>\n<li><strong>Tirgus piepras\u012bjums<\/strong>: Ar sav\u0101m premium funkcij\u0101m un augstu dvesmu skaitu, Vookbar Cyber PRO apmierina augo\u0161o augst\u0101k\u0101s klases vape pat\u0113r\u0113t\u0101ju tirgu, palielinot j\u016bsu biznesa pievilc\u012bbu.<\/li>\n<\/ul>\n<\/div>\n<\/div>\n<h2>Bie\u017e\u0101k uzdotie jaut\u0101jumi par Vookbar Cyber PRO 3000 Puffs Vape Pods<\/h2>\n<p><strong>1. Cik dvesmu nodro\u0161ina Vookbar Cyber PRO 30000?<\/strong><br \/>\nVookbar Cyber PRO pied\u0101v\u0101 iespaid\u012bgu <strong>30 000 uzp\u016btienu<\/strong>, padarot to par vienu no ilgm\u016b\u017e\u012bg\u0101kaj\u0101m vienreizlietojam\u0101m vape ier\u012bc\u0113m tirg\u016b.<\/p>\n<p><strong>2. K\u0101da ir \u0161\u012bs ier\u012bces e-\u0161\u0137idruma ietilp\u012bba?<\/strong><br \/>\nKatrs Vookbar Cyber PRO pods satur <strong>22 ml e-\u0161\u0137idruma<\/strong>, nodro\u0161inot nemain\u012bgu un bag\u0101t\u012bgu gar\u0161u vis\u0101 t\u0101 kalpo\u0161anas laik\u0101.<\/p>\n<p><strong>3. K\u0101ds ir nikot\u012bna stiprums Vookbar Vape Cyber PRO 30k PUFFS?<\/strong><br \/>\nIer\u012bcei ir <strong>5% nikot\u012bna stiprumu<\/strong>, ide\u0101li piem\u0113rots veiperiem, kuri mekl\u0113 maigu un apmierino\u0161u tvaic\u0113\u0161anu.<\/p>\n<p><strong>4. Vai Vookbar Cyber PRO ir atk\u0101rtoti uzl\u0101d\u0113jams?<\/strong><br \/>\nJ\u0101, to darbina <strong>850mAh uzl\u0101d\u0113jams akumulators<\/strong> ar nemain\u012bgu veiktsp\u0113ju ilgsto\u0161\u0101m tvaic\u0113\u0161anas sesij\u0101m.<\/p>\n<p><strong>5. Cik p\u0101rn\u0113s\u0101jams ir Vookbar Cyber PRO?<\/strong><br \/>\nGludais un kompaktais dizains padara to ide\u0101li piem\u0113rotu lieto\u0161anai ce\u013c\u0101, apvienojot \u0113rt\u012bbas ar augst\u0101k\u0101s klases veiktsp\u0113ju.<\/p>","protected":false},"excerpt":{"rendered":"<p>Vookbar Cyber PRO 3000 Dvesmas ir augst\u0101k\u0101s klases vairumtirdzniec\u012bbas e-cigare\u0161u \u016bdensp\u012bpes veips, kas pied\u0101v\u0101 ilgsto\u0161as dvesmas, maigu gar\u0161u un gludu dizainu. Ide\u0101li piem\u0113rots lielapjoma pirkumiem.<\/p>\n<figure id=\"attachment_2951\" aria-describedby=\"caption-attachment-2951\" style=\"width: 265px\" class=\"wp-caption alignnone\"><img decoding=\"async\" class=\"size-medium wp-image-2951\" src=\"https:\/\/vapestornado.com\/wp-content\/uploads\/2024\/12\/Wholesale-Disposable-Vape-265x300.jpg\" alt=\"Vienreiz\u0113j\u0101s lieto\u0161anas Vape vairumtirdzniec\u012bba\" width=\"265\" height=\"300\" srcset=\"https:\/\/vapestornado.com\/wp-content\/uploads\/2024\/12\/Wholesale-Disposable-Vape-265x300.jpg 265w, https:\/\/vapestornado.com\/wp-content\/uploads\/2024\/12\/Wholesale-Disposable-Vape-768x871.jpg 768w, https:\/\/vapestornado.com\/wp-content\/uploads\/2024\/12\/Wholesale-Disposable-Vape-600x680.jpg 600w, https:\/\/vapestornado.com\/wp-content\/uploads\/2024\/12\/Wholesale-Disposable-Vape.jpg 823w\" sizes=\"(max-width: 265px) 100vw, 265px\" \/><figcaption id=\"caption-attachment-2951\" class=\"wp-caption-text\">L\u016bdzu, sazinieties ar Mandiju WhatsApp, lai sa\u0146emtu atlaides cenu\u00a0 <a href=\"https:\/\/wa.me\/8618077105796\">+8618077105796<\/a><\/figcaption><\/figure>\n<p>&nbsp;<\/p>","protected":false},"featured_media":3592,"comment_status":"open","ping_status":"closed","template":"","meta":{"_acf_changed":false,"_uag_custom_page_level_css":"","_lmt_disableupdate":"no","_lmt_disable":"","_monsterinsights_skip_tracking":false,"_monsterinsights_sitenote_active":false,"_monsterinsights_sitenote_note":"","_monsterinsights_sitenote_category":0,"site-sidebar-layout":"default","site-content-layout":"","ast-site-content-layout":"default","site-content-style":"default","site-sidebar-style":"default","ast-global-header-display":"","ast-banner-title-visibility":"","ast-main-header-display":"","ast-hfb-above-header-display":"","ast-hfb-below-header-display":"","ast-hfb-mobile-header-display":"","site-post-title":"","ast-breadcrumbs-content":"","ast-featured-img":"","footer-sml-layout":"","ast-disable-related-posts":"","theme-transparent-header-meta":"default","adv-header-id-meta":"","stick-header-meta":"","header-above-stick-meta":"","header-main-stick-meta":"","header-below-stick-meta":"","astra-migrate-meta-layouts":"set","ast-page-background-enabled":"default","ast-page-background-meta":{"desktop":{"background-color":"","background-image":"","background-repeat":"repeat","background-position":"center center","background-size":"auto","background-attachment":"scroll","background-type":"","background-media":"","overlay-type":"","overlay-color":"","overlay-opacity":"","overlay-gradient":""},"tablet":{"background-color":"","background-image":"","background-repeat":"repeat","background-position":"center center","background-size":"auto","background-attachment":"scroll","background-type":"","background-media":"","overlay-type":"","overlay-color":"","overlay-opacity":"","overlay-gradient":""},"mobile":{"background-color":"","background-image":"","background-repeat":"repeat","background-position":"center center","background-size":"auto","background-attachment":"scroll","background-type":"","background-media":"","overlay-type":"","overlay-color":"","overlay-opacity":"","overlay-gradient":""}},"ast-content-background-meta":{"desktop":{"background-color":"var(--ast-global-color-5)","background-image":"","background-repeat":"repeat","background-position":"center center","background-size":"auto","background-attachment":"scroll","background-type":"","background-media":"","overlay-type":"","overlay-color":"","overlay-opacity":"","overlay-gradient":""},"tablet":{"background-color":"var(--ast-global-color-5)","background-image":"","background-repeat":"repeat","background-position":"center center","background-size":"auto","background-attachment":"scroll","background-type":"","background-media":"","overlay-type":"","overlay-color":"","overlay-opacity":"","overlay-gradient":""},"mobile":{"background-color":"var(--ast-global-color-5)","background-image":"","background-repeat":"repeat","background-position":"center center","background-size":"auto","background-attachment":"scroll","background-type":"","background-media":"","overlay-type":"","overlay-color":"","overlay-opacity":"","overlay-gradient":""}},"_joinchat":{"telephone":"+8618077105796"}},"product_brand":[],"product_cat":[67,140,153,157],"product_tag":[97,188],"class_list":{"0":"post-3568","1":"product","2":"type-product","3":"status-publish","4":"has-post-thumbnail","6":"product_cat-30000-puff","7":"product_cat-big-puffs-disposable-vapes","8":"product_cat-buy-disposable-vapes-in-italy","9":"product_cat-buy-disposable-vapes-in-portugal","10":"product_tag-hot-sale-disposable-vape","11":"product_tag-vookbar-cyber-pro-30000-puffs","12":"desktop-align-left","13":"tablet-align-left","14":"mobile-align-left","16":"first","17":"instock","18":"sale","19":"shipping-taxable","20":"purchasable","21":"product-type-simple"},"acf":[],"uagb_featured_image_src":{"full":["https:\/\/vapestornado.com\/wp-content\/uploads\/2024\/12\/Vookbar-3000-Puff-Vapes-Cheap-Price.jpg",800,800,false],"thumbnail":["https:\/\/vapestornado.com\/wp-content\/uploads\/2024\/12\/Vookbar-3000-Puff-Vapes-Cheap-Price-150x150.jpg",150,150,true],"medium":["https:\/\/vapestornado.com\/wp-content\/uploads\/2024\/12\/Vookbar-3000-Puff-Vapes-Cheap-Price-300x300.jpg",300,300,true],"medium_large":["https:\/\/vapestornado.com\/wp-content\/uploads\/2024\/12\/Vookbar-3000-Puff-Vapes-Cheap-Price-768x768.jpg",768,768,true],"large":["https:\/\/vapestornado.com\/wp-content\/uploads\/2024\/12\/Vookbar-3000-Puff-Vapes-Cheap-Price.jpg",800,800,false],"1536x1536":["https:\/\/vapestornado.com\/wp-content\/uploads\/2024\/12\/Vookbar-3000-Puff-Vapes-Cheap-Price.jpg",800,800,false],"2048x2048":["https:\/\/vapestornado.com\/wp-content\/uploads\/2024\/12\/Vookbar-3000-Puff-Vapes-Cheap-Price.jpg",800,800,false],"trp-custom-language-flag":["https:\/\/vapestornado.com\/wp-content\/uploads\/2024\/12\/Vookbar-3000-Puff-Vapes-Cheap-Price.jpg",12,12,false],"woocommerce_thumbnail":["https:\/\/vapestornado.com\/wp-content\/uploads\/2024\/12\/Vookbar-3000-Puff-Vapes-Cheap-Price-300x300.jpg",300,300,true],"woocommerce_single":["https:\/\/vapestornado.com\/wp-content\/uploads\/2024\/12\/Vookbar-3000-Puff-Vapes-Cheap-Price-600x600.jpg",600,600,true],"woocommerce_gallery_thumbnail":["https:\/\/vapestornado.com\/wp-content\/uploads\/2024\/12\/Vookbar-3000-Puff-Vapes-Cheap-Price-100x100.jpg",100,100,true]},"uagb_author_info":{"display_name":"ESMANDY","author_link":"https:\/\/vapestornado.com\/lv\/author\/"},"uagb_comment_info":0,"uagb_excerpt":"Vookbar Cyber PRO 3000 Puffs is a premium wholesale e-cigarette hookah vape, offering long-lasting puffs, smooth flavor, and a sleek design. Ideal for bulk purchases. [caption id=\"attachment_2951\" align=\"alignnone\" width=\"265\"] Pls Contact Mandy's WhatsApp For Discount Price\u00a0 +8618077105796[\/caption] &nbsp;","_links":{"self":[{"href":"https:\/\/vapestornado.com\/lv\/wp-json\/wp\/v2\/product\/3568","targetHints":{"allow":["GET"]}}],"collection":[{"href":"https:\/\/vapestornado.com\/lv\/wp-json\/wp\/v2\/product"}],"about":[{"href":"https:\/\/vapestornado.com\/lv\/wp-json\/wp\/v2\/types\/product"}],"replies":[{"embeddable":true,"href":"https:\/\/vapestornado.com\/lv\/wp-json\/wp\/v2\/comments?post=3568"}],"wp:featuredmedia":[{"embeddable":true,"href":"https:\/\/vapestornado.com\/lv\/wp-json\/wp\/v2\/media\/3592"}],"wp:attachment":[{"href":"https:\/\/vapestornado.com\/lv\/wp-json\/wp\/v2\/media?parent=3568"}],"wp:term":[{"taxonomy":"product_brand","embeddable":true,"href":"https:\/\/vapestornado.com\/lv\/wp-json\/wp\/v2\/product_brand?post=3568"},{"taxonomy":"product_cat","embeddable":true,"href":"https:\/\/vapestornado.com\/lv\/wp-json\/wp\/v2\/product_cat?post=3568"},{"taxonomy":"product_tag","embeddable":true,"href":"https:\/\/vapestornado.com\/lv\/wp-json\/wp\/v2\/product_tag?post=3568"}],"curies":[{"name":"wp","href":"https:\/\/api.w.org\/{rel}","templated":true}]}}