{"id":3567,"date":"2024-12-31T08:11:45","date_gmt":"2024-12-31T08:11:45","guid":{"rendered":"https:\/\/vapestornado.com\/?post_type=product&#038;p=3567"},"modified":"2025-08-23T09:41:24","modified_gmt":"2025-08-23T09:41:24","slug":"vapme-crystal-7000-puffs-disposable-vape","status":"publish","type":"product","link":"https:\/\/vapestornado.com\/lv\/product\/vapme-crystal-7000-puffs-disposable-vape\/","title":{"rendered":"Vapme Crystal 7000 Uzp\u016b\u0161an\u0101s Vienreiz\u0113j\u0101s Lieto\u0161anas Vape RGB Gaisma"},"content":{"rendered":"<h1>Vapme Crystal 7000 Uzp\u016b\u0161an\u0101s Vienreiz\u0113j\u0101s Lieto\u0161anas Vape RGB Gaisma<\/h1>\n<p data-start=\"359\" data-end=\"637\">T\u0101 <strong data-start=\"363\" data-end=\"407\">Vapme Crystal 7000 Puffs vienreiz\u0113j\u0101s lieto\u0161anas vape<\/strong> apvieno ietilp\u012bbu, veiktsp\u0113ju un stilu kompakt\u0101 ier\u012bc\u0113. Ar <strong data-start=\"478\" data-end=\"500\">14 ml e-\u0161\u0137idruma tvertni<\/strong> un l\u012bdz <strong data-start=\"511\" data-end=\"526\">7000 dvesmas<\/strong>, tas nodro\u0161ina ilgsto\u0161u lieto\u0161anu, padarot to par praktisku izv\u0113li gan ikdienas veipot\u0101jiem, gan vairumtirgot\u0101jiem.<\/p>\n<p data-start=\"639\" data-end=\"892\">Darbojas ar <strong data-start=\"652\" data-end=\"683\">650mAh uzl\u0101d\u0113jams akumulators<\/strong> ar <strong data-start=\"689\" data-end=\"713\">C tipa \u0101tr\u0101 uzl\u0101de<\/strong>, Vapme Crystal 7K samazina d\u012bkst\u0101vi un nodro\u0161ina nemain\u012bgu veiktsp\u0113ju. T\u0101 <strong data-start=\"795\" data-end=\"813\">1,0 \u03a9 sieta spole<\/strong> uzlabo gar\u0161u un tvaika ra\u017eo\u0161anu, nodro\u0161inot vienm\u0113r\u012bgu un apmierino\u0161u vilk\u0161anu.<\/p>\n<p data-start=\"894\" data-end=\"1237\">Ier\u012bcei ir ar\u012b <strong data-start=\"919\" data-end=\"935\">RGB apgaismojums<\/strong>, pie\u0161\u0137irot stil\u012bgu piesk\u0101rienu krist\u0101ldzidrajam korpusam. Ar <strong data-start=\"992\" data-end=\"1013\">30 gar\u0161u variantiem<\/strong>\u2014s\u0101kot no aug\u013cu un ledainiem l\u012bdz konfek\u0161u iedvesmotiem profiliem\u2014 <strong data-start=\"1073\" data-end=\"1106\">Vapme Crystal 7000 Puffs Vape<\/strong> pied\u0101v\u0101 kaut ko katrai gaumei. Kompakts, viegli lietojams un uzticams, tas ir ide\u0101li piem\u0113rots gan ies\u0101c\u0113jiem, gan pieredz\u0113ju\u0161iem veipot\u0101jiem.<\/p>\n<p><img fetchpriority=\"high\" decoding=\"async\" class=\"size-full wp-image-3585\" src=\"https:\/\/vapestornado.com\/wp-content\/uploads\/2024\/12\/Vapme-Crystal-7000-Puffs-Wholesale-Supplier-Affordable-Bulk-Vape-Solutions.jpg\" alt=\"Vapme Crystal 7000 Puffs Vairumtirdzniec\u012bbas pieg\u0101d\u0101t\u0101js Pieejami Vape risin\u0101jumi vairum\u0101\" width=\"1000\" height=\"666\" srcset=\"https:\/\/vapestornado.com\/wp-content\/uploads\/2024\/12\/Vapme-Crystal-7000-Puffs-Wholesale-Supplier-Affordable-Bulk-Vape-Solutions.jpg 1000w, https:\/\/vapestornado.com\/wp-content\/uploads\/2024\/12\/Vapme-Crystal-7000-Puffs-Wholesale-Supplier-Affordable-Bulk-Vape-Solutions-300x200.jpg 300w, https:\/\/vapestornado.com\/wp-content\/uploads\/2024\/12\/Vapme-Crystal-7000-Puffs-Wholesale-Supplier-Affordable-Bulk-Vape-Solutions-768x511.jpg 768w, https:\/\/vapestornado.com\/wp-content\/uploads\/2024\/12\/Vapme-Crystal-7000-Puffs-Wholesale-Supplier-Affordable-Bulk-Vape-Solutions-600x400.jpg 600w\" sizes=\"(max-width: 1000px) 100vw, 1000px\" \/><\/p>\n<h3>Produkta \u012bpa\u0161\u012bbas<\/h3>\n<ol>\n<li>Ilgsto\u0161i 7000+ uzp\u016btieni ar 14 ml e-\u0161\u0137idruma ietilp\u012bbu.<\/li>\n<li>: 650 mAh uzl\u0101d\u0113jams akumulators ar Type-C \u0101tro uzl\u0101di.<\/li>\n<li>1,0 \u03a9 sieti\u0146a spole bag\u0101t\u012bgai gar\u0161ai un bl\u012bvam tvaikam.<\/li>\n<li>Stil\u012bgs RGB apgaismojums izcilai vaping pieredzei.<\/li>\n<li>Pieejams 30 unik\u0101l\u0101s un gard\u0101s gar\u0161\u0101s.<\/li>\n<\/ol>\n<h3>Gar\u0161u saraksts<\/h3>\n<ol>\n<li>Melle\u0146u ave\u0146u<\/li>\n<li>V\u012bnogu ogas<\/li>\n<li>Zeme\u0146u arb\u016bzu ko\u0161\u013c\u0101jam\u0101 gumija<\/li>\n<li>Zeme\u0146u ave\u0146u konfektes<\/li>\n<li>Zeme\u0146u ban\u0101ns<\/li>\n<li>Zeme\u0146u mango<\/li>\n<li>Persiku mango ananass<\/li>\n<li>Arb\u016bzu ledus<\/li>\n<li>Tr\u012bsk\u0101r\u0161s mango<\/li>\n<li>\u0136ir\u0161u ledus<\/li>\n<li>Marakujas melo\u0146u ledus<\/li>\n<li>Kivi marakuja gvajava<\/li>\n<li>Zeme\u0146u ledus<\/li>\n<li>Persiku ledus<\/li>\n<li>Melle\u0146u ave\u0146u limon\u0101de<\/li>\n<li>Zeme\u0146u kivi<\/li>\n<li>Ener\u0123ijas dz\u0113riens<\/li>\n<li>\u0136ir\u0161u kola<\/li>\n<li>Jauktu ogu ledus<\/li>\n<li>Citrons<\/li>\n<li>Zeme\u0146u v\u012bnoga<\/li>\n<li>Upe\u0146u ledus<\/li>\n<li>Melle\u0146u dz\u0113rve\u0146u \u0137irsis<\/li>\n<li>Arb\u016bzu kivi ledus<\/li>\n<li>\u0136ir\u0161u ogu<\/li>\n<li>Piparm\u0113tra<\/li>\n<li>Tropu aug\u013cu pun\u0161s<\/li>\n<li>Mr. Blue<\/li>\n<li>Dubult\u0101 \u0101bols<\/li>\n<li>Ban\u0101nu ledus<\/li>\n<\/ol>\n<h4><strong>Vapme 7000 uzp\u016b\u0161\u0146u popul\u0101r\u0101k\u0101s gar\u0161as<\/strong><\/h4>\n<ol>\n<li><strong>Melle\u0146u ave\u0146u<\/strong>: Lieliski sabalans\u0113ts saldo melle\u0146u un pikanto ave\u0146u mais\u012bjums.<\/li>\n<li><strong>V\u012bnogu ogas<\/strong>: Izteiksm\u012bga v\u012bnogu gar\u0161a, kas sajaukta ar sul\u012bg\u0101m jaukt\u0101m og\u0101m, lai ieg\u016btu atsvaidzino\u0161u tvaiku.<\/li>\n<li><strong>Zeme\u0146u arb\u016bzu ko\u0161\u013c\u0101jam\u0101 gumija<\/strong>: Sul\u012bgas zemenes un arb\u016bzs apvienojum\u0101 ar nostal\u0123isku ko\u0161\u013c\u0101jam\u0101s gumijas saldumu.<\/li>\n<li><strong>Persiku mango ananass<\/strong>: Tropisks saldo persiku, mango un pikanto anan\u0101su sajaukums.<\/li>\n<li><strong>Arb\u016bzu ledus<\/strong>: Salds, atsvaidzino\u0161s arb\u016bzs ar v\u0113su mentola piesk\u0101rienu.<\/li>\n<\/ol>\n<h4><strong>K\u0101p\u0113c izv\u0113l\u0113ties Vapme Crystal 7000 uzp\u016b\u0161\u0146u?<\/strong><\/h4>\n<p>Vapme Crystal 7000 uzp\u016b\u0161\u0146u izstr\u0101d\u0101jums izce\u013cas ar izcilu veiktsp\u0113ju, gludu dizainu un pla\u0161u gar\u0161u izv\u0113li. Ar savu milz\u012bgo 7000+ uzp\u016b\u0161\u0146u ietilp\u012bbu tas p\u0101rsniedz liel\u0101ko da\u013cu vienreiz\u0113j\u0101s lieto\u0161anas tvaiku, padarot to par rentablu izv\u0113li smagiem lietot\u0101jiem. Uzl\u0101d\u0113jamais 650 mAh akumulators un C tipa uzl\u0101de nodro\u0161ina \u0113rt\u012bbas un samazina atkritumu daudzumu, sal\u012bdzinot ar vienreiz\u0113j\u0101s lieto\u0161anas ier\u012bc\u0113m. \u0160is tvaiks, kas apr\u012bkots ar modernu 1,0 \u03a9 sieta spoles tehnolo\u0123iju, nodro\u0161ina nep\u0101rsp\u0113jamu gar\u0161as intensit\u0101ti un vienm\u0113r\u012bgu tvaika ra\u017eo\u0161anu. T\u0101 vieglais, kompaktais dizains un RGB gaisma padara to par ide\u0101lu pavadoni tvaic\u0113\u0161anai ce\u013c\u0101. Neatkar\u012bgi no t\u0101, vai esat gar\u0161as entuziasts vai mekl\u0113jat iztur\u012bbu un stilu, Vapme Crystal 7000 uzp\u016b\u0161\u0146u ir lab\u0101k\u0101 izv\u0113le.<\/p>\n<h3><strong>BUJ<\/strong><\/h3>\n<ol>\n<li><strong>Cik daudz uzp\u016b\u0161\u0146u nodro\u0161ina Vapme Crystal 7k Puff?<\/strong><br \/>\nTas pied\u0101v\u0101 vair\u0101k nek\u0101 7000 uzp\u016b\u0161\u0146u, nodro\u0161inot ilgsto\u0161u lieto\u0161anu.<\/li>\n<li><strong>Vai Vapme Crystal 7000 uzp\u016b\u0161\u0146u ir uzl\u0101d\u0113jams?<\/strong><br \/>\nJ\u0101, tam ir 650 mAh uzl\u0101d\u0113jams akumulators ar C tipa portu.<\/li>\n<li><strong>K\u0101das gar\u0161as ir pieejamas Vapme Crystal 7k tvaikiem?<\/strong><br \/>\nIr 30 unik\u0101las gar\u0161as, tostarp aug\u013cu, ledainas un konfek\u0161u iedvesmotas iesp\u0113jas.<\/li>\n<li><strong>K\u0101du spoles tehnolo\u0123iju izmanto \u0161is Vapme vape 7k krist\u0101ls?<\/strong><br \/>\nTas ir apr\u012bkots ar 1,0 \u03a9 sieta spoli, lai uzlabotu gar\u0161u un tvaika ra\u017eo\u0161anu.<\/li>\n<li><strong>Vai Vapme Crystal 7k Puffs ir RGB apgaismojums?<\/strong><br \/>\nJ\u0101, tam ir stil\u012bgs RGB apgaismojums, lai uzlabotu tvaic\u0113\u0161anas pieredzi.<\/li>\n<\/ol>\n<h4>Vapme Crystal 7k vape vairumtirdzniec\u012bba Sazinieties un sa\u0146emiet atlaidi t\u016bl\u012bt!<a href=\"https:\/\/wa.me\/8618077105750\" target=\"_blank\" rel=\"noopener\">+8618077105750<\/a><\/h4>\n<p><img decoding=\"async\" class=\"size-large wp-image-2921\" src=\"https:\/\/vapestornado.com\/wp-content\/uploads\/2024\/11\/20062b3a285f900e79520aad496b94d-887x1024.jpg\" alt=\"vapestornado Vicky\" width=\"887\" height=\"1024\" srcset=\"https:\/\/vapestornado.com\/wp-content\/uploads\/2024\/11\/20062b3a285f900e79520aad496b94d-887x1024.jpg 887w, https:\/\/vapestornado.com\/wp-content\/uploads\/2024\/11\/20062b3a285f900e79520aad496b94d-260x300.jpg 260w, https:\/\/vapestornado.com\/wp-content\/uploads\/2024\/11\/20062b3a285f900e79520aad496b94d-768x887.jpg 768w, https:\/\/vapestornado.com\/wp-content\/uploads\/2024\/11\/20062b3a285f900e79520aad496b94d-600x693.jpg 600w, https:\/\/vapestornado.com\/wp-content\/uploads\/2024\/11\/20062b3a285f900e79520aad496b94d.jpg 1080w\" sizes=\"(max-width: 887px) 100vw, 887px\" \/><\/p>","protected":false},"excerpt":{"rendered":"<p>Vapme Crystal 7000 Puffs pied\u0101v\u0101 vair\u0101k nek\u0101 7000 uzp\u016btienu, 30 gar\u0161as, uzl\u0101d\u0113jamu akumulatoru un 1,0 \u03a9 sieti\u0146a spoli izcilai gar\u0161ai.<\/p>\n<p><strong><span style=\"color: #ff0000;\">(m\u016bsu vietnes cen\u0101 nav iek\u013cautas pieg\u0101des izmaksas, l\u016bdzu, sazinieties ar mani, lai sa\u0146emtu visu cenu un j\u016bsu atlaidi!)<\/span><\/strong><\/p>\n<p><img decoding=\"async\" class=\"size-medium wp-image-2921\" src=\"https:\/\/vapestornado.com\/wp-content\/uploads\/2024\/11\/20062b3a285f900e79520aad496b94d-260x300.jpg\" alt=\"vapestornado Vicky\" width=\"260\" height=\"300\" srcset=\"https:\/\/vapestornado.com\/wp-content\/uploads\/2024\/11\/20062b3a285f900e79520aad496b94d-260x300.jpg 260w, https:\/\/vapestornado.com\/wp-content\/uploads\/2024\/11\/20062b3a285f900e79520aad496b94d-887x1024.jpg 887w, https:\/\/vapestornado.com\/wp-content\/uploads\/2024\/11\/20062b3a285f900e79520aad496b94d-768x887.jpg 768w, https:\/\/vapestornado.com\/wp-content\/uploads\/2024\/11\/20062b3a285f900e79520aad496b94d-600x693.jpg 600w, https:\/\/vapestornado.com\/wp-content\/uploads\/2024\/11\/20062b3a285f900e79520aad496b94d.jpg 1080w\" sizes=\"(max-width: 260px) 100vw, 260px\" \/><\/p>","protected":false},"featured_media":3579,"comment_status":"open","ping_status":"closed","template":"","meta":{"_acf_changed":false,"_uag_custom_page_level_css":"","_lmt_disableupdate":"no","_lmt_disable":"","_monsterinsights_skip_tracking":false,"_monsterinsights_sitenote_active":false,"_monsterinsights_sitenote_note":"","_monsterinsights_sitenote_category":0,"site-sidebar-layout":"default","site-content-layout":"","ast-site-content-layout":"default","site-content-style":"default","site-sidebar-style":"default","ast-global-header-display":"","ast-banner-title-visibility":"","ast-main-header-display":"","ast-hfb-above-header-display":"","ast-hfb-below-header-display":"","ast-hfb-mobile-header-display":"","site-post-title":"","ast-breadcrumbs-content":"","ast-featured-img":"","footer-sml-layout":"","ast-disable-related-posts":"","theme-transparent-header-meta":"default","adv-header-id-meta":"","stick-header-meta":"","header-above-stick-meta":"","header-main-stick-meta":"","header-below-stick-meta":"","astra-migrate-meta-layouts":"set","ast-page-background-enabled":"default","ast-page-background-meta":{"desktop":{"background-color":"","background-image":"","background-repeat":"repeat","background-position":"center center","background-size":"auto","background-attachment":"scroll","background-type":"","background-media":"","overlay-type":"","overlay-color":"","overlay-opacity":"","overlay-gradient":""},"tablet":{"background-color":"","background-image":"","background-repeat":"repeat","background-position":"center center","background-size":"auto","background-attachment":"scroll","background-type":"","background-media":"","overlay-type":"","overlay-color":"","overlay-opacity":"","overlay-gradient":""},"mobile":{"background-color":"","background-image":"","background-repeat":"repeat","background-position":"center center","background-size":"auto","background-attachment":"scroll","background-type":"","background-media":"","overlay-type":"","overlay-color":"","overlay-opacity":"","overlay-gradient":""}},"ast-content-background-meta":{"desktop":{"background-color":"var(--ast-global-color-5)","background-image":"","background-repeat":"repeat","background-position":"center center","background-size":"auto","background-attachment":"scroll","background-type":"","background-media":"","overlay-type":"","overlay-color":"","overlay-opacity":"","overlay-gradient":""},"tablet":{"background-color":"var(--ast-global-color-5)","background-image":"","background-repeat":"repeat","background-position":"center center","background-size":"auto","background-attachment":"scroll","background-type":"","background-media":"","overlay-type":"","overlay-color":"","overlay-opacity":"","overlay-gradient":""},"mobile":{"background-color":"var(--ast-global-color-5)","background-image":"","background-repeat":"repeat","background-position":"center center","background-size":"auto","background-attachment":"scroll","background-type":"","background-media":"","overlay-type":"","overlay-color":"","overlay-opacity":"","overlay-gradient":""}},"_joinchat":{"telephone":"+8618077105750"}},"product_brand":[],"product_cat":[74,154,159,143,144,61],"product_tag":[],"class_list":{"0":"post-3567","1":"product","2":"type-product","3":"status-publish","4":"has-post-thumbnail","6":"product_cat-7000-puff","7":"product_cat-buy-disposable-vapes-in-netherlands","8":"product_cat-buy-disposable-vapes-in-sweden","9":"product_cat-dual-mesh-disposable-vapes","10":"product_cat-low-nicotine-disposable-vapes","11":"product_cat-vapme-shisha","12":"desktop-align-left","13":"tablet-align-left","14":"mobile-align-left","16":"first","17":"instock","18":"sale","19":"shipping-taxable","20":"purchasable","21":"product-type-simple"},"acf":[],"uagb_featured_image_src":{"full":["https:\/\/vapestornado.com\/wp-content\/uploads\/2024\/12\/Vapme-Crystal-7000-Puffs-Price-Best-Value-for-High-Performance-Disposable-Vapes.jpg",1000,1000,false],"thumbnail":["https:\/\/vapestornado.com\/wp-content\/uploads\/2024\/12\/Vapme-Crystal-7000-Puffs-Price-Best-Value-for-High-Performance-Disposable-Vapes-150x150.jpg",150,150,true],"medium":["https:\/\/vapestornado.com\/wp-content\/uploads\/2024\/12\/Vapme-Crystal-7000-Puffs-Price-Best-Value-for-High-Performance-Disposable-Vapes-300x300.jpg",300,300,true],"medium_large":["https:\/\/vapestornado.com\/wp-content\/uploads\/2024\/12\/Vapme-Crystal-7000-Puffs-Price-Best-Value-for-High-Performance-Disposable-Vapes-768x768.jpg",768,768,true],"large":["https:\/\/vapestornado.com\/wp-content\/uploads\/2024\/12\/Vapme-Crystal-7000-Puffs-Price-Best-Value-for-High-Performance-Disposable-Vapes.jpg",1000,1000,false],"1536x1536":["https:\/\/vapestornado.com\/wp-content\/uploads\/2024\/12\/Vapme-Crystal-7000-Puffs-Price-Best-Value-for-High-Performance-Disposable-Vapes.jpg",1000,1000,false],"2048x2048":["https:\/\/vapestornado.com\/wp-content\/uploads\/2024\/12\/Vapme-Crystal-7000-Puffs-Price-Best-Value-for-High-Performance-Disposable-Vapes.jpg",1000,1000,false],"trp-custom-language-flag":["https:\/\/vapestornado.com\/wp-content\/uploads\/2024\/12\/Vapme-Crystal-7000-Puffs-Price-Best-Value-for-High-Performance-Disposable-Vapes.jpg",12,12,false],"woocommerce_thumbnail":["https:\/\/vapestornado.com\/wp-content\/uploads\/2024\/12\/Vapme-Crystal-7000-Puffs-Price-Best-Value-for-High-Performance-Disposable-Vapes-300x300.jpg",300,300,true],"woocommerce_single":["https:\/\/vapestornado.com\/wp-content\/uploads\/2024\/12\/Vapme-Crystal-7000-Puffs-Price-Best-Value-for-High-Performance-Disposable-Vapes-600x600.jpg",600,600,true],"woocommerce_gallery_thumbnail":["https:\/\/vapestornado.com\/wp-content\/uploads\/2024\/12\/Vapme-Crystal-7000-Puffs-Price-Best-Value-for-High-Performance-Disposable-Vapes-100x100.jpg",100,100,true]},"uagb_author_info":{"display_name":"ESvicky","author_link":"https:\/\/vapestornado.com\/lv\/author\/"},"uagb_comment_info":0,"uagb_excerpt":"Vapme Crystal 7000 Puffs offers 7,000+ puffs, 30 flavors, rechargeable battery, and 1.0\u03a9 mesh coil for superior flavor. (our website price not include shipping cost, please contact me to get whole price and your disccount!)","_links":{"self":[{"href":"https:\/\/vapestornado.com\/lv\/wp-json\/wp\/v2\/product\/3567","targetHints":{"allow":["GET"]}}],"collection":[{"href":"https:\/\/vapestornado.com\/lv\/wp-json\/wp\/v2\/product"}],"about":[{"href":"https:\/\/vapestornado.com\/lv\/wp-json\/wp\/v2\/types\/product"}],"replies":[{"embeddable":true,"href":"https:\/\/vapestornado.com\/lv\/wp-json\/wp\/v2\/comments?post=3567"}],"wp:featuredmedia":[{"embeddable":true,"href":"https:\/\/vapestornado.com\/lv\/wp-json\/wp\/v2\/media\/3579"}],"wp:attachment":[{"href":"https:\/\/vapestornado.com\/lv\/wp-json\/wp\/v2\/media?parent=3567"}],"wp:term":[{"taxonomy":"product_brand","embeddable":true,"href":"https:\/\/vapestornado.com\/lv\/wp-json\/wp\/v2\/product_brand?post=3567"},{"taxonomy":"product_cat","embeddable":true,"href":"https:\/\/vapestornado.com\/lv\/wp-json\/wp\/v2\/product_cat?post=3567"},{"taxonomy":"product_tag","embeddable":true,"href":"https:\/\/vapestornado.com\/lv\/wp-json\/wp\/v2\/product_tag?post=3567"}],"curies":[{"name":"wp","href":"https:\/\/api.w.org\/{rel}","templated":true}]}}