{"id":3516,"date":"2024-12-28T08:28:08","date_gmt":"2024-12-28T08:28:08","guid":{"rendered":"https:\/\/vapestornado.com\/?post_type=product&#038;p=3516"},"modified":"2025-08-23T12:18:00","modified_gmt":"2025-08-23T12:18:00","slug":"tornado-vape-fihp-15000-puffs-2-low-nicotine-disposable-vape-wholesale","status":"publish","type":"product","link":"https:\/\/vapestornado.com\/lv\/product\/tornado-vape-fihp-15000-puffs-2-low-nicotine-disposable-vape-wholesale\/","title":{"rendered":"Tornado Vape FIHP 15000 dvesmas 2% zema nikot\u012bna vienreiz\u0113j\u0101s lieto\u0161anas veips vairumtirdzniec\u012bb\u0101"},"content":{"rendered":"<h1 class=\"product-title\">Tornado Vape FIHP 15000 dvesmas 2% zema nikot\u012bna vienreiz\u0113j\u0101s lieto\u0161anas veips vairumtirdzniec\u012bb\u0101<\/h1>\n<p>T\u0101 <strong data-start=\"325\" data-end=\"352\">Tornado Vape FIHP 15000<\/strong> ir paredz\u0113ts tvaic\u0113t\u0101jiem, kuri v\u0113las <strong data-start=\"385\" data-end=\"450\">ilgsto\u0161u darb\u012bbu, vienm\u0113r\u012bgu gar\u0161u un uzticamu kvalit\u0101ti<\/strong> par vairumtirdzniec\u012bbai draudz\u012bgu cenu. Ar l\u012bdz pat <strong data-start=\"493\" data-end=\"509\">15 000 izsm\u0113\u0137u<\/strong>, \u0161is vienreiz\u0113j\u0101s lieto\u0161anas tvaic\u0113t\u0101js nov\u0113r\u0161 past\u0101v\u012bgu nomai\u0146u, padarot to rentablu gan lietot\u0101jiem, gan mazumtirgot\u0101jiem.<\/p>\n<p>Iepild\u012bts ar <strong data-start=\"646\" data-end=\"666\">22 ml e-\u0161\u0137idruma<\/strong> un pieejama <strong data-start=\"684\" data-end=\"716\">2% un 5% nikot\u012bna stiprumi<\/strong>, tas atbilst da\u017e\u0101d\u0101m tvaic\u0113\u0161anas vajadz\u012bb\u0101m \u2014 no viegl\u0101k\u0101m sesij\u0101m l\u012bdz sp\u0113c\u012bg\u0101kai apmierin\u0101t\u012bbai. Darbojas ar <strong data-start=\"811\" data-end=\"842\">650mAh uzl\u0101d\u0113jams akumulators<\/strong> ar <strong data-start=\"848\" data-end=\"872\">C tipa \u0101tr\u0101 uzl\u0101de<\/strong>, FIHP 15K nodro\u0161ina tvaic\u0113\u0161anu bez p\u0101rtraukumiem.<\/p>\n<p>T\u0101 <strong data-start=\"940\" data-end=\"958\">1,0 \u03a9 sieta spole<\/strong> nodro\u0161ina drosm\u012bgu, arom\u0101tisku tvaiku, savuk\u0101rt <strong data-start=\"1000\" data-end=\"1029\">regul\u0113jama gaisa pl\u016bsmas sist\u0113ma<\/strong> \u013cauj lietot\u0101jiem prec\u012bzi noregul\u0113t savu vilkmi MTL vai DTL stiliem. Ar <strong data-start=\"1090\" data-end=\"1122\">10 r\u016bp\u012bgi izstr\u0101d\u0101t\u0101m gar\u0161\u0101m<\/strong>, \u0161\u012b ier\u012bce nodro\u0161ina daudzveid\u012bbu katrai gaumei.<\/p>\n<p>Kompakts, stil\u012bgs un izstr\u0101d\u0101ts, \u0146emot v\u0113r\u0101 \u0113rt\u012bbas, <strong data-start=\"1248\" data-end=\"1270\">FIHP Tornado 15000<\/strong> ir ide\u0101li piem\u0113rots <strong data-start=\"1284\" data-end=\"1309\">vairumtirdzniec\u012bbas pas\u016bt\u012bjumos<\/strong> vis\u0101 Eirop\u0101, nodro\u0161inot mazumtirgot\u0101jiem uzticamu, piepras\u012btu vienreiz\u0113j\u0101s lieto\u0161anas tvaic\u0113t\u0101ju, ko pied\u0101v\u0101t saviem klientiem.<\/p>\n<p>&nbsp;<\/p>\n<p><span style=\"color: #ff0000;\"><strong>Pievienojiet Eimijas Whatsapp, lai sa\u0146emtu pareizo atbildi un vape kuponu!<\/strong><\/span><\/p>\n<p><img fetchpriority=\"high\" decoding=\"async\" class=\"size-full wp-image-2932\" src=\"https:\/\/vapestornado.com\/wp-content\/uploads\/2024\/12\/Vape-Wholesale.jpg\" alt=\"Veipu Vairumtirdzniec\u012bba\" width=\"229\" height=\"300\" \/><\/p>\n<h3><a href=\"https:\/\/wa.me\/8617776015835\" target=\"_blank\" rel=\"noopener\"><span style=\"color: #ff0000;\"><strong>WhatsApp: +86 17776015835<\/strong><\/span><\/a><\/h3>\n<p>&nbsp;<\/p>\n<h2 class=\"product-title\"><strong>Tornado Vape FIHP 15000 produkta iez\u012bmes<\/strong><\/h2>\n<div role=\"article\" data-tabster=\"{&quot;groupper&quot;:{&quot;tabbability&quot;:2},&quot;focusable&quot;:{}}\" data-content=\"ai-message\" aria-labelledby=\"juhNTJ6o7Gk1cgwZMJgv2-author juhNTJ6o7Gk1cgwZMJgv2-content\">\n<div id=\"juhNTJ6o7Gk1cgwZMJgv2-content\">\n<div role=\"article\" data-tabster=\"{&quot;groupper&quot;:{&quot;tabbability&quot;:2},&quot;focusable&quot;:{}}\" data-content=\"ai-message\" aria-labelledby=\"x4EZuCZWrTbh3weWUt7CU-author x4EZuCZWrTbh3weWUt7CU-content\">\n<div id=\"x4EZuCZWrTbh3weWUt7CU-content\">\n<div class=\"flex max-w-full flex-col flex-grow\">\n<div class=\"min-h-8 text-message flex w-full flex-col items-end gap-2 whitespace-normal break-words text-start [.text-message+&amp;]:mt-5\" dir=\"auto\" data-message-author-role=\"assistant\" data-message-id=\"52c6e00a-252f-4104-805d-2f1a84739c71\" data-message-model-slug=\"gpt-4o\">\n<div class=\"flex w-full flex-col gap-1 empty:hidden first:pt-[3px]\">\n<div class=\"markdown prose w-full break-words dark:prose-invert light\">\n<h4><\/h4>\n<ul>\n<li><strong>Milz\u012bgs dvesienu skaits:<\/strong> Viena ier\u012bce nodro\u0161ina nep\u0101rtrauktu vap\u0113\u0161anu dien\u0101m ilgi.<\/li>\n<li><strong>Piel\u0101gojami nikot\u012bna l\u012bme\u0146i:<\/strong> Piel\u0101gojiet savu pieredzi ar iesp\u0113j\u0101m, kas atbilst j\u016bsu v\u0113lm\u0113m.<\/li>\n<li><strong>Uzl\u0101d\u0113jams dizains:<\/strong> \u0112rts un videi draudz\u012bgs ar C tipa uzl\u0101di.<\/li>\n<li><strong>Daudzpus\u012bgas gar\u0161as:<\/strong> Gar\u0161u daudzveid\u012bba nodro\u0161ina, ka t\u0101s nenogurdina.<\/li>\n<li><strong>Lietot\u0101jam draudz\u012bgs:<\/strong> Gluds, viegls un ide\u0101li piem\u0113rots lieto\u0161anai ce\u013c\u0101.<\/li>\n<\/ul>\n<\/div>\n<\/div>\n<\/div>\n<\/div>\n<div class=\"mb-2 flex gap-3 empty:hidden -ml-2\">\n<p>&nbsp;<\/p>\n<\/div>\n<\/div>\n<\/div>\n<\/div>\n<\/div>\n<h2 class=\"product-title\"><strong>Popul\u0101ras gar\u0161as FIHP 15000\u00a0<\/strong><strong>Tornado\u00a0<\/strong><strong>Vienreiz\u0113j\u0101s lieto\u0161anas vapes<\/strong><\/h2>\n<p>01. Mr zils \u00a0 <span style=\"color: #ff0000;\"><strong>&gt;&gt;&gt;&gt; Karsts!<\/strong><\/span><br \/>\n02. Melle\u0146u ledus<br \/>\n03. Arb\u016bzu ledus<br \/>\n04. Ener\u0123ijas dz\u0113riens<br \/>\n05. V\u012bnogu ledus<br \/>\n06. Persiku ledus<br \/>\n07. Kivi, pasifloras aug\u013ci, gvajava \u00a0 <span style=\"color: #ff0000;\"><strong>&gt;&gt;&gt;&gt; Karsts!<\/strong><\/span><br \/>\n08. Zeme\u0146u kivi<br \/>\n09. Persiku Mango Anan\u0101ss<br \/>\n10. Zeme\u0146u, ave\u0146u, \u0137ir\u0161u <span style=\"color: #ff0000;\"><strong>&gt;&gt;&gt;&gt; Lab\u0101kais!<\/strong><\/span><\/p>\n<figure id=\"attachment_3562\" aria-describedby=\"caption-attachment-3562\" style=\"width: 1000px\" class=\"wp-caption alignnone\"><img decoding=\"async\" class=\"wp-image-3562 size-full\" src=\"https:\/\/vapestornado.com\/wp-content\/uploads\/2024\/12\/Tornado-15k-Vape-FIHP-Bulk-Buy.webp\" alt=\"Tornado 15k Vape FIHP Lielapjoma pirkums\" width=\"1000\" height=\"1000\" srcset=\"https:\/\/vapestornado.com\/wp-content\/uploads\/2024\/12\/Tornado-15k-Vape-FIHP-Bulk-Buy.webp 1000w, https:\/\/vapestornado.com\/wp-content\/uploads\/2024\/12\/Tornado-15k-Vape-FIHP-Bulk-Buy-300x300.webp 300w, https:\/\/vapestornado.com\/wp-content\/uploads\/2024\/12\/Tornado-15k-Vape-FIHP-Bulk-Buy-150x150.webp 150w, https:\/\/vapestornado.com\/wp-content\/uploads\/2024\/12\/Tornado-15k-Vape-FIHP-Bulk-Buy-768x768.webp 768w, https:\/\/vapestornado.com\/wp-content\/uploads\/2024\/12\/Tornado-15k-Vape-FIHP-Bulk-Buy-600x600.webp 600w, https:\/\/vapestornado.com\/wp-content\/uploads\/2024\/12\/Tornado-15k-Vape-FIHP-Bulk-Buy-100x100.webp 100w\" sizes=\"(max-width: 1000px) 100vw, 1000px\" \/><figcaption id=\"caption-attachment-3562\" class=\"wp-caption-text\">Tornado 15k Vape FIHP Lielapjoma pirkums<\/figcaption><\/figure>\n<div class=\"flex-shrink-0 flex flex-col relative items-end\">\n<div class=\"pt-0\">\n<div class=\"gizmo-bot-avatar flex h-8 w-8 items-center justify-center overflow-hidden rounded-full\">\n<div class=\"relative p-1 rounded-sm flex items-center justify-center bg-token-main-surface-primary text-token-text-primary h-8 w-8\">\n<h3>BUJ par FIHP 15000 <strong>Tornado <\/strong>Vienreiz\u0113j\u0101s lieto\u0161anas iztvaic\u0113t\u0101js<\/h3>\n<div class=\"flex max-w-full flex-col flex-grow\">\n<div class=\"min-h-8 text-message flex w-full flex-col items-end gap-2 whitespace-normal break-words text-start [.text-message+&amp;]:mt-5\" dir=\"auto\" data-message-author-role=\"assistant\" data-message-id=\"4dc48248-df95-45bd-b800-6dedb43cf7f1\" data-message-model-slug=\"gpt-4o\">\n<div class=\"flex w-full flex-col gap-1 empty:hidden first:pt-[3px]\">\n<div class=\"markdown prose w-full break-words dark:prose-invert light\">\n<h3><\/h3>\n<p>1. <strong>Cik dvesmu es varu sagaid\u012bt no FIHP 15000?<\/strong><\/p>\n<p>FIHP 15000 dvesmas ir paredz\u0113tas, lai nodro\u0161in\u0101tu l\u012bdz pat <strong>15 000 izsm\u0113\u0137u<\/strong>, nodro\u0161inot ilgsto\u0161u tvaic\u0113\u0161anas baud\u012bjumu, bez bie\u017eas uzpild\u012b\u0161anas vai nomai\u0146as nepiecie\u0161am\u012bbas.<\/p>\n<p>2. <strong>K\u0101das nikot\u012bna stipruma iesp\u0113jas ir pieejamas FIHP 15000?<\/strong><\/p>\n<p>FIHP 15000 n\u0101k ar <strong>22ml iepriek\u0161 uzpild\u012bta e-\u0161\u0137idruma kasetne<\/strong> pieejams divos nikot\u012bna stiprumos: <strong>2% un 5%<\/strong>. Tas \u013cauj izv\u0113l\u0113ties intensit\u0101ti, kas atbilst j\u016bsu v\u0113lm\u0113m.<\/p>\n<p>3. <strong>Vai FIHP 15000 ir uzl\u0101d\u0113jams un k\u0101du uzl\u0101des metodi tas izmanto?<\/strong><\/p>\n<p>J\u0101, FIHP 15000 ir <strong>650mAh uzl\u0101d\u0113jams akumulators<\/strong> un atbalsta <strong>C tipa \u0101tr\u0101 uzl\u0101de<\/strong>, padarot to \u0113rti uzl\u0101d\u0113jamu, kad nepiecie\u0161ams.<\/p>\n<p>4. <strong>K\u0101das gar\u0161as ir pieejamas FIHP 15000?<\/strong><\/p>\n<p>FIHP 15000 pied\u0101v\u0101 <strong>10 gard\u0101m gar\u0161\u0101m<\/strong>, ieskaitot Zeme\u0146u ledu, Arb\u016bzu kivi, Mango marakuju un Kolas ledu. Ar tik daudzveid\u012bgu izv\u0113li ir gar\u0161a katrai gaumei!<\/p>\n<p>5. <strong>Kur es varu ieg\u0101d\u0101ties FIHP 15000 Puffs par vairumtirdzniec\u012bbas cenu?<\/strong><\/p>\n<p>J\u016bs varat ieg\u0101d\u0101ties FIHP 15000 Puffs pie <strong>vairumtirdzniec\u012bbas cenas<\/strong> no <strong>vapestornado tie\u0161saistes vape veikalu<\/strong>, uzticams avots augst\u0101k\u0101s kvalit\u0101tes vaping produktiem.<\/p>\n<\/div>\n<\/div>\n<\/div>\n<\/div>\n<div class=\"mb-2 flex gap-3 empty:hidden -ml-2\">\n<div class=\"items-center justify-start rounded-xl p-1 flex\"><\/div>\n<\/div>\n<\/div>\n<\/div>\n<\/div>\n<\/div>\n<div class=\"flex-shrink-0 flex flex-col relative items-end\">\n<div class=\"pt-0\">\n<div class=\"gizmo-bot-avatar flex h-8 w-8 items-center justify-center overflow-hidden rounded-full\">\n<div class=\"relative p-1 rounded-sm flex items-center justify-center bg-token-main-surface-primary text-token-text-primary h-8 w-8\">\n<div class=\"mb-2 flex gap-3 empty:hidden -ml-2\">\n<div role=\"article\" data-tabster=\"{&quot;groupper&quot;:{&quot;tabbability&quot;:2},&quot;focusable&quot;:{}}\" data-content=\"ai-message\" aria-labelledby=\"Vdt5ez4X7Tg813x6rFVha-author Vdt5ez4X7Tg813x6rFVha-content\">\n<div id=\"Vdt5ez4X7Tg813x6rFVha-content\">\n<div role=\"article\" data-tabster=\"{&quot;groupper&quot;:{&quot;tabbability&quot;:2},&quot;focusable&quot;:{}}\" data-content=\"ai-message\" aria-labelledby=\"o968oC7CEo2fGHsGdsRYC-author o968oC7CEo2fGHsGdsRYC-content\">\n<div id=\"o968oC7CEo2fGHsGdsRYC-content\">\n<p>&nbsp;<\/p>\n<h3>K\u0101p\u0113c izv\u0113l\u0113ties vapestornado FIHP 15000 Puffs Vape vairumtirdzniec\u012bbai?<\/h3>\n<div class=\"flex-shrink-0 flex flex-col relative items-end\">\n<div class=\"pt-0\">\n<div class=\"gizmo-bot-avatar flex h-8 w-8 items-center justify-center overflow-hidden rounded-full\">\n<div class=\"relative p-1 rounded-sm flex items-center justify-center bg-token-main-surface-primary text-token-text-primary h-8 w-8\">\n<p>Laipni l\u016bdzam vapestornado, j\u016bsu uzticamaj\u0101 tie\u0161saistes vape veikal\u0101, kur\u0101 var ieg\u0101d\u0101ties augst\u0101k\u0101s kvalit\u0101tes vienreiz\u0113j\u0101s lieto\u0161anas vapes. Ar vair\u0101k nek\u0101 5 gadu pieredzi m\u0113s pied\u0101v\u0101jam popul\u0101rus vienreiz\u0113j\u0101s lieto\u0161anas vape z\u012bmolus, piem\u0113ram, Fumot RandM Vape, <a href=\"https:\/\/vapestornado.com\/lv\/product-category\/vapme-shisha\/\">Vapme<\/a>, Bang Vape, Waspe Vape un WGA Vape, u.c.<\/p>\n<p>M\u016bsu kl\u0101st\u0101 ir iek\u013cauti karstie izp\u0101rdo\u0161anas veipi, piem\u0113ram, <a href=\"https:\/\/vapestornado.com\/lv\/product\/randm-12000-puffs-fumot-digital-disposable-vape-wholesale-price\/\">RandM Tornado 12000<\/a>, un bag\u0101t\u012bgas gar\u0161as izv\u0113les, piem\u0113ram, <a href=\"https:\/\/vapestornado.com\/lv\/product\/wga-crystal-pro-max-extra-15000-puffs-rechargeable-disposable-vape-wholesale-bulk-buy\/\">\u00a0WGA Krist\u0101ls 15k P\u016b\u0161\u013ci<\/a> . Katrs produkts ir izv\u0113l\u0113ts, koncentr\u0113joties uz kvalit\u0101ti, v\u0113rt\u012bbu un daudzveid\u012bbu, nodro\u0161inot, ka j\u016bs atrad\u012bsiet perfektu atbilst\u012bbu sav\u0101m vajadz\u012bb\u0101m. Atkl\u0101jiet izcilu servisu un pla\u0161u popul\u0101r\u0101ko produktu kl\u0101stu par vairumtirdzniec\u012bbas cen\u0101m vietn\u0113 vapestornado.<\/p>\n<\/div>\n<p>&nbsp;<\/p>\n<p><strong>Citi karstie izp\u0101rdo\u0161anas vienreiz\u0113j\u0101s lieto\u0161anas veipi<\/strong><\/p>\n<p><a href=\"https:\/\/vapestornado.com\/lv\/product\/bang-vape-35000-puffs-low-nicotine-bulk-buy-rechargeable-disposable-vapes-box-wholesale-price\/\">Bang Vape 35000 P\u016b\u0161\u013ci <span style=\"color: #ff0000;\"><strong>&gt;&gt;&gt;&gt; Uz priek\u0161u!<\/strong><\/span><\/a><\/p>\n<p><a href=\"https:\/\/vapestornado.com\/lv\/product\/vopk-ultra-40000-puffs-2-in-1-digital-screen-rechargeable-disposable-vape\/\">VOPK 40000 Dubult\u0101 gar\u0161a<span style=\"color: #ff0000;\"><strong>&gt;&gt;&gt;&gt; Uz priek\u0161u!<\/strong><\/span><\/a><\/p>\n<p><a href=\"https:\/\/vapestornado.com\/lv\/product\/bood-twins-46000-puff-double-flavour-low-nicotine-disposable-vape-wholesale-bulk-buy-price\/\">Bood Twins 46000<span style=\"color: #ff0000;\"><strong>&gt;&gt;&gt;&gt; Uz priek\u0161u!<\/strong><\/span><\/a><\/p>\n<\/div>\n<\/div>\n<\/div>\n<p>&nbsp;<\/p>\n<\/div>\n<\/div>\n<\/div>\n<\/div>\n<\/div>\n<\/div>\n<\/div>\n<\/div>\n<\/div>","protected":false},"excerpt":{"rendered":"<p>Tornado Vape FIHP 15000 Dvesmas 2% Zem\u0101 Nikot\u012bna Vairumtirdzniec\u012bba<br \/>\nTornado Vape 15k FIHP Digit\u0101lais Displejs Vienreiz\u0113j\u0101s Lieto\u0161anas E-Cigarete Lielapjoma Pirkums<br \/>\nFIHP 15000 Dvesmas Tornado Uzl\u0101d\u0113jama Vienreiz\u0113j\u0101s Lieto\u0161anas E-Cigarete<\/p>\n<p><strong>Pievienojiet Eimijas whatsapp, lai sa\u0146emtu pareizu atbildi un iztvaic\u0113t\u0101ja kuponu!<\/strong><\/p>\n<p><img fetchpriority=\"high\" decoding=\"async\" class=\"size-full wp-image-2932\" src=\"https:\/\/vapestornado.com\/wp-content\/uploads\/2024\/12\/Vape-Wholesale.jpg\" alt=\"Veipu Vairumtirdzniec\u012bba\" width=\"229\" height=\"300\" \/><\/p>\n<h3><a href=\"https:\/\/wa.me\/8617776015835\"><span style=\"color: #ff0000;\"><strong>WhatsApp: +86 17776015835<\/strong><\/span><\/a><\/h3>\n<p>&nbsp;<\/p>","protected":false},"featured_media":3561,"comment_status":"open","ping_status":"closed","template":"","meta":{"_acf_changed":false,"_uag_custom_page_level_css":"","_lmt_disableupdate":"no","_lmt_disable":"","_monsterinsights_skip_tracking":false,"_monsterinsights_sitenote_active":false,"_monsterinsights_sitenote_note":"","_monsterinsights_sitenote_category":0,"site-sidebar-layout":"default","site-content-layout":"","ast-site-content-layout":"default","site-content-style":"default","site-sidebar-style":"default","ast-global-header-display":"","ast-banner-title-visibility":"","ast-main-header-display":"","ast-hfb-above-header-display":"","ast-hfb-below-header-display":"","ast-hfb-mobile-header-display":"","site-post-title":"","ast-breadcrumbs-content":"","ast-featured-img":"","footer-sml-layout":"","ast-disable-related-posts":"","theme-transparent-header-meta":"default","adv-header-id-meta":"","stick-header-meta":"","header-above-stick-meta":"","header-main-stick-meta":"","header-below-stick-meta":"","astra-migrate-meta-layouts":"set","ast-page-background-enabled":"default","ast-page-background-meta":{"desktop":{"background-color":"","background-image":"","background-repeat":"repeat","background-position":"center center","background-size":"auto","background-attachment":"scroll","background-type":"","background-media":"","overlay-type":"","overlay-color":"","overlay-opacity":"","overlay-gradient":""},"tablet":{"background-color":"","background-image":"","background-repeat":"repeat","background-position":"center center","background-size":"auto","background-attachment":"scroll","background-type":"","background-media":"","overlay-type":"","overlay-color":"","overlay-opacity":"","overlay-gradient":""},"mobile":{"background-color":"","background-image":"","background-repeat":"repeat","background-position":"center center","background-size":"auto","background-attachment":"scroll","background-type":"","background-media":"","overlay-type":"","overlay-color":"","overlay-opacity":"","overlay-gradient":""}},"ast-content-background-meta":{"desktop":{"background-color":"var(--ast-global-color-5)","background-image":"","background-repeat":"repeat","background-position":"center center","background-size":"auto","background-attachment":"scroll","background-type":"","background-media":"","overlay-type":"","overlay-color":"","overlay-opacity":"","overlay-gradient":""},"tablet":{"background-color":"var(--ast-global-color-5)","background-image":"","background-repeat":"repeat","background-position":"center center","background-size":"auto","background-attachment":"scroll","background-type":"","background-media":"","overlay-type":"","overlay-color":"","overlay-opacity":"","overlay-gradient":""},"mobile":{"background-color":"var(--ast-global-color-5)","background-image":"","background-repeat":"repeat","background-position":"center center","background-size":"auto","background-attachment":"scroll","background-type":"","background-media":"","overlay-type":"","overlay-color":"","overlay-opacity":"","overlay-gradient":""}},"_joinchat":{"telephone":"+8617776015835"}},"product_brand":[],"product_cat":[19,71,150,160,143,146,148],"product_tag":[165,105,215,97,166,94,114,216],"class_list":{"0":"post-3516","1":"product","2":"type-product","3":"status-publish","4":"has-post-thumbnail","6":"product_cat-vapes","7":"product_cat-15000-puff","8":"product_cat-buy-disposable-vapes-in-belgium","9":"product_cat-buy-disposable-vapes-in-switzerland","10":"product_cat-dual-mesh-disposable-vapes","11":"product_cat-rechargeable-disposable-vapes","12":"product_cat-tornado-disposable-vapes","13":"product_tag-cheap-vapes","14":"product_tag-digital-disposable-vape","15":"product_tag-fihp-15000","16":"product_tag-hot-sale-disposable-vape","17":"product_tag-low-nicotine-vape","18":"product_tag-rechargeable-disposable-vape","19":"product_tag-tornado-vape","20":"product_tag-tornado-vape-fihp-15000","21":"desktop-align-left","22":"tablet-align-left","23":"mobile-align-left","25":"first","26":"instock","27":"sale","28":"shipping-taxable","29":"purchasable","30":"product-type-simple"},"acf":[],"uagb_featured_image_src":{"full":["https:\/\/vapestornado.com\/wp-content\/uploads\/2024\/12\/FIHP-15000-Puffs-Vape.webp",1000,1000,false],"thumbnail":["https:\/\/vapestornado.com\/wp-content\/uploads\/2024\/12\/FIHP-15000-Puffs-Vape-150x150.webp",150,150,true],"medium":["https:\/\/vapestornado.com\/wp-content\/uploads\/2024\/12\/FIHP-15000-Puffs-Vape-300x300.webp",300,300,true],"medium_large":["https:\/\/vapestornado.com\/wp-content\/uploads\/2024\/12\/FIHP-15000-Puffs-Vape-768x768.webp",768,768,true],"large":["https:\/\/vapestornado.com\/wp-content\/uploads\/2024\/12\/FIHP-15000-Puffs-Vape.webp",1000,1000,false],"1536x1536":["https:\/\/vapestornado.com\/wp-content\/uploads\/2024\/12\/FIHP-15000-Puffs-Vape.webp",1000,1000,false],"2048x2048":["https:\/\/vapestornado.com\/wp-content\/uploads\/2024\/12\/FIHP-15000-Puffs-Vape.webp",1000,1000,false],"trp-custom-language-flag":["https:\/\/vapestornado.com\/wp-content\/uploads\/2024\/12\/FIHP-15000-Puffs-Vape.webp",12,12,false],"woocommerce_thumbnail":["https:\/\/vapestornado.com\/wp-content\/uploads\/2024\/12\/FIHP-15000-Puffs-Vape-300x300.webp",300,300,true],"woocommerce_single":["https:\/\/vapestornado.com\/wp-content\/uploads\/2024\/12\/FIHP-15000-Puffs-Vape-600x600.webp",600,600,true],"woocommerce_gallery_thumbnail":["https:\/\/vapestornado.com\/wp-content\/uploads\/2024\/12\/FIHP-15000-Puffs-Vape-100x100.webp",100,100,true]},"uagb_author_info":{"display_name":"ESAMY","author_link":"https:\/\/vapestornado.com\/lv\/author\/"},"uagb_comment_info":0,"uagb_excerpt":"Tornado Vape FIHP 15000 Puffs 2% Low Nicotine Wholesale Tornado Vape 15k FIHP Digital Display Disposable Vape Bulk Buy FIHP 15000 Puffs Tornado Rechargeable Disposable Vapey Add Amy's whatsapp get right reply and vape coupon! WhatsApp: +86 17776015835 &nbsp;","_links":{"self":[{"href":"https:\/\/vapestornado.com\/lv\/wp-json\/wp\/v2\/product\/3516","targetHints":{"allow":["GET"]}}],"collection":[{"href":"https:\/\/vapestornado.com\/lv\/wp-json\/wp\/v2\/product"}],"about":[{"href":"https:\/\/vapestornado.com\/lv\/wp-json\/wp\/v2\/types\/product"}],"replies":[{"embeddable":true,"href":"https:\/\/vapestornado.com\/lv\/wp-json\/wp\/v2\/comments?post=3516"}],"wp:featuredmedia":[{"embeddable":true,"href":"https:\/\/vapestornado.com\/lv\/wp-json\/wp\/v2\/media\/3561"}],"wp:attachment":[{"href":"https:\/\/vapestornado.com\/lv\/wp-json\/wp\/v2\/media?parent=3516"}],"wp:term":[{"taxonomy":"product_brand","embeddable":true,"href":"https:\/\/vapestornado.com\/lv\/wp-json\/wp\/v2\/product_brand?post=3516"},{"taxonomy":"product_cat","embeddable":true,"href":"https:\/\/vapestornado.com\/lv\/wp-json\/wp\/v2\/product_cat?post=3516"},{"taxonomy":"product_tag","embeddable":true,"href":"https:\/\/vapestornado.com\/lv\/wp-json\/wp\/v2\/product_tag?post=3516"}],"curies":[{"name":"wp","href":"https:\/\/api.w.org\/{rel}","templated":true}]}}