{"id":3515,"date":"2024-12-28T08:19:21","date_gmt":"2024-12-28T08:19:21","guid":{"rendered":"https:\/\/vapestornado.com\/?post_type=product&#038;p=3515"},"modified":"2025-08-23T12:19:13","modified_gmt":"2025-08-23T12:19:13","slug":"uwin-shisha-hookah-crystal-20000-puffs-new-vape-bulk-price","status":"publish","type":"product","link":"https:\/\/vapestornado.com\/lv\/product\/uwin-shisha-hookah-crystal-20000-puffs-new-vape-bulk-price\/","title":{"rendered":"Uwin SHISHA HOOKAH Crystal 20000 Uzp\u016b\u0161u Jauna Vape Vairumtirdzniec\u012bbas cena"},"content":{"rendered":"<h1>Uwin SHISHA HOOKAH Crystal 20000 Uzp\u016b\u0161u Jauna Vape Vairumtirdzniec\u012bbas cena<\/h1>\n<p>T\u0101 <strong data-start=\"291\" data-end=\"333\">Uwin Shisha Hookah Crystal 20000 Dvesieni<\/strong> ir augst\u0101k\u0101s kvalit\u0101tes vienreiz\u0113j\u0101s lieto\u0161anas vape, kas paredz\u0113ta mazumtirgot\u0101jiem un izplat\u012bt\u0101jiem, kuri mekl\u0113 <strong data-start=\"415\" data-end=\"438\">vape risin\u0101jumus vairum\u0101<\/strong> ar lielu piepras\u012bjumu vis\u0101 Eirop\u0101. Katra ier\u012bce nodro\u0161ina l\u012bdz pat <strong data-start=\"500\" data-end=\"523\">20 000 vienm\u0113r\u012bgu dvesienu<\/strong>, kas ir iepriek\u0161 piepild\u012bts ar <strong data-start=\"541\" data-end=\"561\">25 ml e-\u0161\u0137idruma<\/strong> un ko darbina <strong data-start=\"580\" data-end=\"618\">850 mAh uzl\u0101d\u0113jams kobalta akumulators<\/strong> ar \u0101tru <strong data-start=\"629\" data-end=\"648\">C tipa uzl\u0101de<\/strong>.<\/p>\n<p>Pieejams <strong data-start=\"672\" data-end=\"713\">0%, 2%, 3% un 5% nikot\u012bna stiprumos<\/strong>, tas pied\u0101v\u0101 elast\u012bbu katram klientu tipam. The <strong data-start=\"769\" data-end=\"793\">acu spoles tehnolo\u0123ija<\/strong> nodro\u0161ina bag\u0101t\u012bgu gar\u0161u un bl\u012bvus m\u0101ko\u0146us, savuk\u0101rt <strong data-start=\"842\" data-end=\"867\">krist\u0101la shisha dizains<\/strong> pie\u0161\u0137ir modernu, stil\u012bgu pievilc\u012bbu.<\/p>\n<p>Ar <strong data-start=\"913\" data-end=\"940\">12 vislab\u0101k p\u0101rdot\u0101s gar\u0161as<\/strong> un praktisks vairumtirdzniec\u012bbas iepakojums (<strong data-start=\"976\" data-end=\"1019\">10 gab.\/kaste, 200 gab.\/kartons, 20,3 kg\/kartons<\/strong>), Uwin Crystal 20K ir paredz\u0113ts gan <strong data-start=\"1061\" data-end=\"1109\">mazumtirdzniec\u012bbas plauktiem, gan liela apjoma izplat\u012b\u0161anas pas\u016bt\u012bjumiem<\/strong>. Kompakts, bet jaud\u012bgs, tas apvieno <strong data-start=\"1145\" data-end=\"1192\">uzticam\u012bbu, veiktsp\u0113ju un pieejam\u012bbu<\/strong>, padarot to par vienu no konkur\u0113tsp\u0113j\u012bg\u0101kajiem vairumtirdzniec\u012bbas vape 20k dvesienu kategorij\u0101.<img fetchpriority=\"high\" decoding=\"async\" class=\"wp-image-3531\" style=\"font-style: inherit; font-weight: 600;\" src=\"https:\/\/vapestornado.com\/wp-content\/uploads\/2024\/12\/UWIN-VAPES-HOOKAH-Crystal-20000-Puffs-Grape-ice.jpg\" alt=\"UWIN VAPES HOOKAH Krist\u0101ls 20000 Puffs V\u012bnogu ledus\" width=\"473\" height=\"473\" srcset=\"https:\/\/vapestornado.com\/wp-content\/uploads\/2024\/12\/UWIN-VAPES-HOOKAH-Crystal-20000-Puffs-Grape-ice.jpg 800w, https:\/\/vapestornado.com\/wp-content\/uploads\/2024\/12\/UWIN-VAPES-HOOKAH-Crystal-20000-Puffs-Grape-ice-300x300.jpg 300w, https:\/\/vapestornado.com\/wp-content\/uploads\/2024\/12\/UWIN-VAPES-HOOKAH-Crystal-20000-Puffs-Grape-ice-150x150.jpg 150w, https:\/\/vapestornado.com\/wp-content\/uploads\/2024\/12\/UWIN-VAPES-HOOKAH-Crystal-20000-Puffs-Grape-ice-768x768.jpg 768w, https:\/\/vapestornado.com\/wp-content\/uploads\/2024\/12\/UWIN-VAPES-HOOKAH-Crystal-20000-Puffs-Grape-ice-600x600.jpg 600w, https:\/\/vapestornado.com\/wp-content\/uploads\/2024\/12\/UWIN-VAPES-HOOKAH-Crystal-20000-Puffs-Grape-ice-100x100.jpg 100w\" sizes=\"(max-width: 473px) 100vw, 473px\" \/><\/p>\n<div role=\"article\" data-tabster=\"{&quot;groupper&quot;:{&quot;tabbability&quot;:2},&quot;focusable&quot;:{}}\" data-content=\"ai-message\" aria-labelledby=\"64JRvXrTnY7mRmPkEQLLT-author 64JRvXrTnY7mRmPkEQLLT-content\">\n<div id=\"64JRvXrTnY7mRmPkEQLLT-content\">UWIN VAPES HOOKAH Krist\u0101ls 20000 Puffs V\u012bnogu ledus<\/div>\n<\/div>\n<p><img decoding=\"async\" class=\"alignleft wp-image-2951 size-medium\" src=\"https:\/\/vapestornado.com\/wp-content\/uploads\/2024\/12\/Wholesale-Disposable-Vape-265x300.jpg\" alt=\"Vienreiz\u0113j\u0101s lieto\u0161anas Vape vairumtirdzniec\u012bba\" width=\"265\" height=\"300\" srcset=\"https:\/\/vapestornado.com\/wp-content\/uploads\/2024\/12\/Wholesale-Disposable-Vape-265x300.jpg 265w, https:\/\/vapestornado.com\/wp-content\/uploads\/2024\/12\/Wholesale-Disposable-Vape-768x871.jpg 768w, https:\/\/vapestornado.com\/wp-content\/uploads\/2024\/12\/Wholesale-Disposable-Vape-600x680.jpg 600w, https:\/\/vapestornado.com\/wp-content\/uploads\/2024\/12\/Wholesale-Disposable-Vape.jpg 823w\" sizes=\"(max-width: 265px) 100vw, 265px\" \/><\/p>\n<h6>L\u016bdzu, sazinieties ar Mandiju WhatsApp, lai sa\u0146emtu atlaides cenu<a href=\"https:\/\/wa.me\/8618077105796\" target=\"_blank\" rel=\"noopener\">+8618077105796<\/a><\/h6>\n<div class=\"flex max-w-full flex-col flex-grow\">\n<div class=\"min-h-8 text-message flex w-full flex-col items-end gap-2 whitespace-normal break-words text-start [.text-message+&amp;]:mt-5\" dir=\"auto\" data-message-author-role=\"assistant\" data-message-id=\"cdb991c0-f594-4bff-b2d5-fbbdd7ce9e54\" data-message-model-slug=\"gpt-4o-mini\">\n<div class=\"flex w-full flex-col gap-1 empty:hidden first:pt-[3px]\">\n<div class=\"markdown prose w-full break-words dark:prose-invert light\"><\/div>\n<\/div>\n<\/div>\n<\/div>\n<div class=\"mb-2 flex gap-3 empty:hidden -ml-2\">\n<h2><strong>Uwin SHISHA VAPE Krist\u0101ls 20000 Puffs <\/strong>Izcilas iez\u012bmes:<\/h2>\n<ul>\n<li><strong>Nikot\u012bna l\u012bme\u0146i<\/strong>: 0%, 2%, 3%, 5%<\/li>\n<li><strong>D\u016bmu daudzums<\/strong>: L\u012bdz 20 000<\/li>\n<li><strong>E-\u0161\u0137idrums<\/strong>: 25 ml tilpums<\/li>\n<li><strong>Akumulators<\/strong>: 850 mAh uzl\u0101d\u0113jams, C tipa ports<\/li>\n<li><strong>Spole<\/strong>: T\u012bkla spole bag\u0101t\u012bgai gar\u0161ai<\/li>\n<li><strong>Gar\u0161as<\/strong>: 12 iesp\u0113jas<\/li>\n<li><strong>Iepakojums<\/strong>: 10 gab.\/kast\u0113, 200 gab.\/karton\u0101<\/li>\n<li><strong>Kartona specifik\u0101cijas<\/strong>: 20.3 kg, 39.5 \u00d7 39 \u00d7 30.5 cm<\/li>\n<li><strong>Vape lieto\u0161anas stils<\/strong>Tie\u0161i uz plau\u0161\u0101m (DTL)<\/li>\n<\/ul>\n<\/div>\n<h2><strong>Uwin SHISHA HOOKAH Crystal VAPES 20k d\u016bmu<\/strong> Gar\u0161u saraksts:<\/h2>\n<p>1.Mellenes ar ledu<br \/>\n2.Kivi, pasifloras aug\u013ci, gvajava<br \/>\n3.Zeme\u0146u kivi<br \/>\n4.Jauktas ogas<br \/>\n5.Zemenes, arb\u016bzs<br \/>\n6.V\u012bnogu ledus<br \/>\n7. Arb\u016bzu ledus<br \/>\n8.\u0136ir\u0161u ledus<br \/>\n9.Zeme\u0146u ledus<br \/>\n10. Persiku ledus<br \/>\n11. Melle\u0146u ave\u0146u<br \/>\n12. M\u012blest\u012bba 66<\/p>\n<div role=\"article\" data-tabster=\"{&quot;groupper&quot;:{&quot;tabbability&quot;:2},&quot;focusable&quot;:{}}\" data-content=\"ai-message\" aria-labelledby=\"dARUyEWDoEYhnSPXFwx5A-author dARUyEWDoEYhnSPXFwx5A-content\">\n<div id=\"dARUyEWDoEYhnSPXFwx5A-content\">\n<h2>K\u0101p\u0113c izv\u0113l\u0113ties <strong>Uwin SHISHA HOOKAH Krist\u0101ls 20000 Puffs <\/strong>at <a href=\"https:\/\/vapestornado.com\/lv\/product\/bang-box-35k-puffs-high-capacity-long-lasting-disposable-vape\/\">vapestornado.com?<\/a><\/h2>\n<p>Ja mekl\u0113jat augst\u0101k\u0101s kvalit\u0101tes vienreizlietojamos veipus par konkur\u0113tsp\u0113j\u012bg\u0101m cen\u0101m, vapestornado.com ir j\u016bsu uzticamais avots, lai ieg\u0101d\u0101tos <strong>Uwin Shisha Crystal 20000 dvesienu<\/strong>. L\u016bk, k\u0101p\u0113c \u0161is produkts un platforma izce\u013cas:<\/p>\n<ul>\n<li><strong>Izcils ilgm\u016b\u017e\u012bba<\/strong><br \/>\nUwin Shisha Hookah Crystal nodro\u0161ina l\u012bdz pat <strong>20 000 uzp\u016btieniem<\/strong>, padarot to par vienu no ilgsto\u0161\u0101kajiem vienreizlietojamiem veipiem tirg\u016b. Lieliski piem\u0113rots kaisl\u012bgiem veipot\u0101jiem un tiem, kas mekl\u0113 ilgsto\u0161u lieto\u0161anu.<\/li>\n<li><strong>Da\u017e\u0101das nikot\u012bna iesp\u0113jas<\/strong><br \/>\nPiel\u0101gojoties vis\u0101m v\u0113lm\u0113m, \u0161is veips ir pieejams <strong>0%, 2%, 3% un 5% nikot\u012bna stiprumos<\/strong>, padarot to ide\u0101li piem\u0113rotu gan ikdienas, gan regul\u0101riem lietot\u0101jiem.<\/li>\n<li><strong>Gar\u0161u daudzveid\u012bba<\/strong><br \/>\nIzv\u0113lieties no <strong>12 izcilas gar\u0161as<\/strong>, r\u016bp\u012bgi izstr\u0101d\u0101ts, lai apmierin\u0101tu da\u017e\u0101das gaumes, s\u0101kot no iecien\u012bt\u0101kaj\u0101m aug\u013cu gar\u0161\u0101m l\u012bdz pat v\u0113siem mentola mais\u012bjumiem.<\/li>\n<li><strong>Uzlabota tehnolo\u0123ija<\/strong><br \/>\nApr\u012bkots ar <strong>t\u012bkla spoli<\/strong> un <strong>850 mAh uzl\u0101d\u0113jams kobalta akumulators<\/strong>, ier\u012bce pied\u0101v\u0101 vienm\u0113r\u012bgu tvaiku, bag\u0101t\u012bgu gar\u0161u un \u0101tru, \u0113rtu uzl\u0101di, izmantojot <strong>Type-C piesl\u0113gvieta<\/strong>.<\/li>\n<li><strong>Vairumtirdzniec\u012bbas \u0113rt\u012bbas<\/strong><br \/>\nVietn\u0113 vapestornado.com izbaudiet lielapjoma iepakojuma iesp\u0113jas ar <strong>10 gabaliem kast\u0113<\/strong> un <strong>200 gabaliem kartona kast\u0113<\/strong>, kas ir ide\u0101li piem\u0113rots mazumtirgot\u0101jiem un izplat\u012bt\u0101jiem.<\/li>\n<li><strong>Uzticams pieg\u0101d\u0101t\u0101js<\/strong><br \/>\nvapestornado.com ir paz\u012bstams ar uzticamu servisu, ori\u0123in\u0101liem produktiem un konkur\u0113tsp\u0113j\u012bg\u0101m cen\u0101m, padarot to par lab\u0101ko platformu augstas kvalit\u0101tes vape ier\u012bc\u0113m.<\/li>\n<\/ul>\n<\/div>\n<\/div>\n<h2>Bie\u017e\u0101k uzdotie jaut\u0101jumi par <strong>Uwin SHISHA HOOKAH Krist\u0101ls 20000 Puffs <\/strong>Vape p\u0101kst\u012bm<\/h2>\n<p>&nbsp;<\/p>\n<p><strong>1. Cik dvesmu es varu ieg\u016bt no Uwin Shisha Hookah Vapes 20k dvesmu?<\/strong><br \/>\nKatrs pods pied\u0101v\u0101 l\u012bdz <strong>20 000 uzp\u016btieniem<\/strong>, padarot to par ilgsto\u0161u iesp\u0113ju regul\u0101rai tvaic\u0113\u0161anai.<\/p>\n<p><strong>2. K\u0101ds nikot\u012bna stiprums ir pieejams Uwin Crystal 20000 dvesmu?<\/strong><br \/>\nUwin Shisha Hookah Crystal ir pieejams <strong>0%, 2%, 3% un 5% nikot\u012bna<\/strong> opcij\u0101m, lai atbilstu da\u017e\u0101d\u0101m v\u0113lm\u0113m.<\/p>\n<p><strong>3. Cik daudz e-\u0161\u0137idruma satur Uwin Crystal Vapes 20k dvesmas?<\/strong><br \/>\nKatrs pods ir iepriek\u0161 uzpild\u012bts ar <strong>25 ml augst\u0101k\u0101s kvalit\u0101tes e-\u0161\u0137idruma<\/strong> pagarin\u0101tai lieto\u0161anai.<\/p>\n<p><strong>4. Cik ilgs laiks nepiecie\u0161ams, lai pieg\u0101d\u0101tu Uwin Shisha Hookah Crystal 20000 dvesmu Vape p\u0101kstis uz Latviju?<\/strong><br \/>\nPieg\u0101des laiks main\u0101s atkar\u012bb\u0101 no j\u016bsu atra\u0161an\u0101s vietas un izv\u0113l\u0113t\u0101s pieg\u0101des metodes. Eiropas valst\u012bm standarta pieg\u0101de parasti aiz\u0146em 10<strong>\u201315 darba dienas.<\/strong> Ja ir br\u012bvdienas, pakas pieg\u0101des laiks tiks aizkav\u0113ts.<\/p>\n<p><strong>5. K\u0101 es varu izsekot savam pas\u016bt\u012bjumam?<\/strong><br \/>\nKad pas\u016bt\u012bjums tiks nos\u016bt\u012bts, j\u016bs sa\u0146emsit izseko\u0161anas numuru no pieg\u0101d\u0101t\u0101ja vai mazumtirgot\u0101ja. Izmantojiet to, lai p\u0101rraudz\u012btu pieg\u0101des gaitu.<\/p>","protected":false},"excerpt":{"rendered":"<p>Uwin Shisha Hookah Crystal 20000 Puffs Vape, vairumtirdzniec\u012bbas cenas, augst\u0101k\u0101s kvalit\u0101tes gar\u0161as, uzl\u0101d\u0113jams, 2% l\u012bdz 5% nikot\u012bns, videi draudz\u012bgs. Ide\u0101li piem\u0113rots vairumtirdzniec\u012bbas pirc\u0113jiem Eirop\u0101.<\/p>\n<figure id=\"attachment_2951\" aria-describedby=\"caption-attachment-2951\" style=\"width: 265px\" class=\"wp-caption alignnone\"><img decoding=\"async\" class=\"size-medium wp-image-2951\" src=\"https:\/\/vapestornado.com\/wp-content\/uploads\/2024\/12\/Wholesale-Disposable-Vape-265x300.jpg\" alt=\"Vienreiz\u0113j\u0101s lieto\u0161anas Vape vairumtirdzniec\u012bba\" width=\"265\" height=\"300\" srcset=\"https:\/\/vapestornado.com\/wp-content\/uploads\/2024\/12\/Wholesale-Disposable-Vape-265x300.jpg 265w, https:\/\/vapestornado.com\/wp-content\/uploads\/2024\/12\/Wholesale-Disposable-Vape-768x871.jpg 768w, https:\/\/vapestornado.com\/wp-content\/uploads\/2024\/12\/Wholesale-Disposable-Vape-600x680.jpg 600w, https:\/\/vapestornado.com\/wp-content\/uploads\/2024\/12\/Wholesale-Disposable-Vape.jpg 823w\" sizes=\"(max-width: 265px) 100vw, 265px\" \/><figcaption id=\"caption-attachment-2951\" class=\"wp-caption-text\">L\u016bdzu, sazinieties ar Mandiju WhatsApp, lai sa\u0146emtu atlaides cenu\u00a0 <a href=\"https:\/\/wa.me\/8618077105796\">+8618077105796<\/a><\/figcaption><\/figure>\n<p>&nbsp;<\/p>","protected":false},"featured_media":3520,"comment_status":"open","ping_status":"closed","template":"","meta":{"_acf_changed":false,"_uag_custom_page_level_css":"","_lmt_disableupdate":"no","_lmt_disable":"","_monsterinsights_skip_tracking":false,"_monsterinsights_sitenote_active":false,"_monsterinsights_sitenote_note":"","_monsterinsights_sitenote_category":0,"site-sidebar-layout":"default","site-content-layout":"","ast-site-content-layout":"default","site-content-style":"default","site-sidebar-style":"default","ast-global-header-display":"","ast-banner-title-visibility":"","ast-main-header-display":"","ast-hfb-above-header-display":"","ast-hfb-below-header-display":"","ast-hfb-mobile-header-display":"","site-post-title":"","ast-breadcrumbs-content":"","ast-featured-img":"","footer-sml-layout":"","ast-disable-related-posts":"","theme-transparent-header-meta":"default","adv-header-id-meta":"","stick-header-meta":"","header-above-stick-meta":"","header-main-stick-meta":"","header-below-stick-meta":"","astra-migrate-meta-layouts":"set","ast-page-background-enabled":"default","ast-page-background-meta":{"desktop":{"background-color":"","background-image":"","background-repeat":"repeat","background-position":"center center","background-size":"auto","background-attachment":"scroll","background-type":"","background-media":"","overlay-type":"","overlay-color":"","overlay-opacity":"","overlay-gradient":""},"tablet":{"background-color":"","background-image":"","background-repeat":"repeat","background-position":"center center","background-size":"auto","background-attachment":"scroll","background-type":"","background-media":"","overlay-type":"","overlay-color":"","overlay-opacity":"","overlay-gradient":""},"mobile":{"background-color":"","background-image":"","background-repeat":"repeat","background-position":"center center","background-size":"auto","background-attachment":"scroll","background-type":"","background-media":"","overlay-type":"","overlay-color":"","overlay-opacity":"","overlay-gradient":""}},"ast-content-background-meta":{"desktop":{"background-color":"var(--ast-global-color-5)","background-image":"","background-repeat":"repeat","background-position":"center center","background-size":"auto","background-attachment":"scroll","background-type":"","background-media":"","overlay-type":"","overlay-color":"","overlay-opacity":"","overlay-gradient":""},"tablet":{"background-color":"var(--ast-global-color-5)","background-image":"","background-repeat":"repeat","background-position":"center center","background-size":"auto","background-attachment":"scroll","background-type":"","background-media":"","overlay-type":"","overlay-color":"","overlay-opacity":"","overlay-gradient":""},"mobile":{"background-color":"var(--ast-global-color-5)","background-image":"","background-repeat":"repeat","background-position":"center center","background-size":"auto","background-attachment":"scroll","background-type":"","background-media":"","overlay-type":"","overlay-color":"","overlay-opacity":"","overlay-gradient":""}},"_joinchat":{"telephone":"+8618077105796"}},"product_brand":[],"product_cat":[69,150,151,153,157,141],"product_tag":[97,217],"class_list":{"0":"post-3515","1":"product","2":"type-product","3":"status-publish","4":"has-post-thumbnail","6":"product_cat-20000-puff","7":"product_cat-buy-disposable-vapes-in-belgium","8":"product_cat-buy-disposable-vapes-in-france","9":"product_cat-buy-disposable-vapes-in-italy","10":"product_cat-buy-disposable-vapes-in-portugal","11":"product_cat-crystal-disposable-vapes","12":"product_tag-hot-sale-disposable-vape","13":"product_tag-uwin-shisha-hookah-crystal-20000-puffs","14":"desktop-align-left","15":"tablet-align-left","16":"mobile-align-left","18":"first","19":"instock","20":"sale","21":"shipping-taxable","22":"purchasable","23":"product-type-simple"},"acf":[],"uagb_featured_image_src":{"full":["https:\/\/vapestornado.com\/wp-content\/uploads\/2024\/12\/Good-Sale-UWIN-HOOKAH-Crystal-20000-Puffs-Watermelon-ice.jpg",800,800,false],"thumbnail":["https:\/\/vapestornado.com\/wp-content\/uploads\/2024\/12\/Good-Sale-UWIN-HOOKAH-Crystal-20000-Puffs-Watermelon-ice-150x150.jpg",150,150,true],"medium":["https:\/\/vapestornado.com\/wp-content\/uploads\/2024\/12\/Good-Sale-UWIN-HOOKAH-Crystal-20000-Puffs-Watermelon-ice-300x300.jpg",300,300,true],"medium_large":["https:\/\/vapestornado.com\/wp-content\/uploads\/2024\/12\/Good-Sale-UWIN-HOOKAH-Crystal-20000-Puffs-Watermelon-ice-768x768.jpg",768,768,true],"large":["https:\/\/vapestornado.com\/wp-content\/uploads\/2024\/12\/Good-Sale-UWIN-HOOKAH-Crystal-20000-Puffs-Watermelon-ice.jpg",800,800,false],"1536x1536":["https:\/\/vapestornado.com\/wp-content\/uploads\/2024\/12\/Good-Sale-UWIN-HOOKAH-Crystal-20000-Puffs-Watermelon-ice.jpg",800,800,false],"2048x2048":["https:\/\/vapestornado.com\/wp-content\/uploads\/2024\/12\/Good-Sale-UWIN-HOOKAH-Crystal-20000-Puffs-Watermelon-ice.jpg",800,800,false],"trp-custom-language-flag":["https:\/\/vapestornado.com\/wp-content\/uploads\/2024\/12\/Good-Sale-UWIN-HOOKAH-Crystal-20000-Puffs-Watermelon-ice.jpg",12,12,false],"woocommerce_thumbnail":["https:\/\/vapestornado.com\/wp-content\/uploads\/2024\/12\/Good-Sale-UWIN-HOOKAH-Crystal-20000-Puffs-Watermelon-ice-300x300.jpg",300,300,true],"woocommerce_single":["https:\/\/vapestornado.com\/wp-content\/uploads\/2024\/12\/Good-Sale-UWIN-HOOKAH-Crystal-20000-Puffs-Watermelon-ice-600x600.jpg",600,600,true],"woocommerce_gallery_thumbnail":["https:\/\/vapestornado.com\/wp-content\/uploads\/2024\/12\/Good-Sale-UWIN-HOOKAH-Crystal-20000-Puffs-Watermelon-ice-100x100.jpg",100,100,true]},"uagb_author_info":{"display_name":"ESMANDY","author_link":"https:\/\/vapestornado.com\/lv\/author\/"},"uagb_comment_info":0,"uagb_excerpt":"Uwin Shisha Hookah Crystal 20000 Puffs Vape, bulk prices, premium flavors, rechargeable, 2%5% nicotine, eco-friendly. Perfect for wholesale buyers in Europe. [caption id=\"attachment_2951\" align=\"alignnone\" width=\"265\"] Pls Contact Mandy's WhatsApp For Discount Price\u00a0 +8618077105796[\/caption] &nbsp;","_links":{"self":[{"href":"https:\/\/vapestornado.com\/lv\/wp-json\/wp\/v2\/product\/3515","targetHints":{"allow":["GET"]}}],"collection":[{"href":"https:\/\/vapestornado.com\/lv\/wp-json\/wp\/v2\/product"}],"about":[{"href":"https:\/\/vapestornado.com\/lv\/wp-json\/wp\/v2\/types\/product"}],"replies":[{"embeddable":true,"href":"https:\/\/vapestornado.com\/lv\/wp-json\/wp\/v2\/comments?post=3515"}],"wp:featuredmedia":[{"embeddable":true,"href":"https:\/\/vapestornado.com\/lv\/wp-json\/wp\/v2\/media\/3520"}],"wp:attachment":[{"href":"https:\/\/vapestornado.com\/lv\/wp-json\/wp\/v2\/media?parent=3515"}],"wp:term":[{"taxonomy":"product_brand","embeddable":true,"href":"https:\/\/vapestornado.com\/lv\/wp-json\/wp\/v2\/product_brand?post=3515"},{"taxonomy":"product_cat","embeddable":true,"href":"https:\/\/vapestornado.com\/lv\/wp-json\/wp\/v2\/product_cat?post=3515"},{"taxonomy":"product_tag","embeddable":true,"href":"https:\/\/vapestornado.com\/lv\/wp-json\/wp\/v2\/product_tag?post=3515"}],"curies":[{"name":"wp","href":"https:\/\/api.w.org\/{rel}","templated":true}]}}