{"id":3445,"date":"2024-12-27T09:09:56","date_gmt":"2024-12-27T09:09:56","guid":{"rendered":"https:\/\/vapestornado.com\/?post_type=product&#038;p=3445"},"modified":"2025-08-23T10:50:44","modified_gmt":"2025-08-23T10:50:44","slug":"bood-pulse-pro-25k-50k-puffs-geek-bar-new-vape-bulk-price","status":"publish","type":"product","link":"https:\/\/vapestornado.com\/lv\/product\/bood-pulse-pro-25k-50k-puffs-geek-bar-new-vape-bulk-price\/","title":{"rendered":"Bood Pulse Pro 25k 50k Uzp\u016b\u0161u Geek Bar Jauna Vape Vairumtirdzniec\u012bbas Cena"},"content":{"rendered":"<h1>Bood Pulse Pro 25k 50k Uzp\u016b\u0161u Geek Bar Jauna Vape Vairumtirdzniec\u012bbas Cena<\/h1>\n<p>&nbsp;<\/p>\n<div role=\"article\" data-tabster=\"{&quot;groupper&quot;:{&quot;tabbability&quot;:2},&quot;focusable&quot;:{}}\" data-content=\"ai-message\" aria-labelledby=\"64JRvXrTnY7mRmPkEQLLT-author 64JRvXrTnY7mRmPkEQLLT-content\">\n<div id=\"64JRvXrTnY7mRmPkEQLLT-content\">\n<p data-start=\"210\" data-end=\"488\">T\u0101 <strong data-start=\"214\" data-end=\"268\">Bood Pulse Pro 25K \/ 50K uzp\u016btienu vienreiz\u0113j\u0101s lieto\u0161anas veipu batoni\u0146\u0161<\/strong> ir paredz\u0113ts vairumtirgot\u0101jiem un mazumtirgot\u0101jiem, kuri v\u0113las pied\u0101v\u0101t klientiem izv\u0113li starp vid\u0113jas un \u012bpa\u0161i lielas ietilp\u012bbas ier\u012bc\u0113m. Ar <strong data-start=\"404\" data-end=\"437\">25 000 vai 50 000 uzp\u016btienu iesp\u0113j\u0101m<\/strong>, \u0161is veips ir piem\u0113rots gan viegliem, gan intens\u012bviem lietot\u0101jiem.<\/p>\n<p data-start=\"490\" data-end=\"798\">Katru ier\u012bci darbina <strong data-start=\"517\" data-end=\"548\">850mAh uzl\u0101d\u0113jams akumulators<\/strong> ar <strong data-start=\"554\" data-end=\"578\">C tipa \u0101tr\u0101 uzl\u0101de<\/strong>, nodro\u0161inot uzticamu veiktsp\u0113ju un minim\u0101lu d\u012bkst\u0101vi. <strong data-start=\"636\" data-end=\"669\">38 ml iepriek\u0161 uzpild\u012bta e-\u0161\u0137idruma tvertne<\/strong> nodro\u0161ina ilgsto\u0161u lieto\u0161anu, savuk\u0101rt <strong data-start=\"701\" data-end=\"734\">uzlabota t\u012bkla spoles tehnolo\u0123ija<\/strong> garant\u0113 bag\u0101t\u012bgu gar\u0161u un vienm\u0113r\u012bgus tvaikus no s\u0101kuma l\u012bdz beig\u0101m.<\/p>\n<p data-start=\"800\" data-end=\"1124\">Pieejams <strong data-start=\"813\" data-end=\"835\">bez nikot\u012bna (0%)<\/strong>, k\u0101 ar\u012b <strong data-start=\"848\" data-end=\"880\">2% un 5% nikot\u012bna stiprumi<\/strong>, tad <strong data-start=\"886\" data-end=\"912\">Bood Pulse Pro 25K\/50K<\/strong> ir piem\u0113rots pla\u0161am Latvijas klientu lokam. T\u0101 <strong data-start=\"959\" data-end=\"1027\">elegants dizains, sp\u0113c\u012bga tvaiku ra\u017eo\u0161ana un vairumtirdzniec\u012bbai draudz\u012bgas cenas<\/strong> padara to par pievilc\u012bgu iesp\u0113ju veipu veikaliem un izplat\u012bt\u0101jiem, kas mekl\u0113 uzticamus vairumtirdzniec\u012bbas kr\u0101jumus.<\/p>\n<p>&nbsp;<\/p>\n<\/div>\n<\/div>\n<p><img fetchpriority=\"high\" decoding=\"async\" class=\"alignleft wp-image-2951 size-medium\" src=\"https:\/\/vapestornado.com\/wp-content\/uploads\/2024\/12\/Wholesale-Disposable-Vape-265x300.jpg\" alt=\"Vienreiz\u0113j\u0101s lieto\u0161anas Vape vairumtirdzniec\u012bba\" width=\"265\" height=\"300\" srcset=\"https:\/\/vapestornado.com\/wp-content\/uploads\/2024\/12\/Wholesale-Disposable-Vape-265x300.jpg 265w, https:\/\/vapestornado.com\/wp-content\/uploads\/2024\/12\/Wholesale-Disposable-Vape-768x871.jpg 768w, https:\/\/vapestornado.com\/wp-content\/uploads\/2024\/12\/Wholesale-Disposable-Vape-600x680.jpg 600w, https:\/\/vapestornado.com\/wp-content\/uploads\/2024\/12\/Wholesale-Disposable-Vape.jpg 823w\" sizes=\"(max-width: 265px) 100vw, 265px\" \/><\/p>\n<h6>L\u016bdzu, sazinieties ar Mandiju WhatsApp, lai sa\u0146emtu atlaides cenu<a href=\"https:\/\/wa.me\/8618077105796\" target=\"_blank\" rel=\"noopener\">+8618077105796<\/a><\/h6>\n<div class=\"flex max-w-full flex-col flex-grow\">\n<div class=\"min-h-8 text-message flex w-full flex-col items-end gap-2 whitespace-normal break-words text-start [.text-message+&amp;]:mt-5\" dir=\"auto\" data-message-author-role=\"assistant\" data-message-id=\"cdb991c0-f594-4bff-b2d5-fbbdd7ce9e54\" data-message-model-slug=\"gpt-4o-mini\">\n<div class=\"flex w-full flex-col gap-1 empty:hidden first:pt-[3px]\">\n<div class=\"markdown prose w-full break-words dark:prose-invert light\"><\/div>\n<\/div>\n<\/div>\n<\/div>\n<div class=\"mb-2 flex gap-3 empty:hidden -ml-2\">\n<h2><strong>Bood Pulse Pro 50k dvesmas <\/strong>Izcilas iez\u012bmes:<\/h2>\n<ul>\n<li><strong>50 000 dvesmu<\/strong>: Izcila ilgm\u016b\u017e\u012bba ilgsto\u0161\u0101m tvaic\u0113\u0161anas sesij\u0101m<\/li>\n<li><strong>E-\u0161\u0137idruma ietilp\u012bba<\/strong>: D\u0101sns 38 ml tilpums ret\u0101k\u0101m uzpild\u012b\u0161anas reiz\u0113m<\/li>\n<li><strong>Akumulatora kalpo\u0161anas laiks<\/strong>: Iztur\u012bgs 850 mAh uzl\u0101d\u0113jams akumulators nemain\u012bgai veiktsp\u0113jai<\/li>\n<li><strong>Nikot\u012bna opcijas<\/strong>: 0%, 2% un 5% varianti, lai atbilstu individu\u0101laj\u0101m v\u0113lm\u0113m<\/li>\n<li><strong>T\u012bkla spole<\/strong>: Uzlabota gar\u0161as un tvaiku ra\u017eo\u0161ana<\/li>\n<\/ul>\n<\/div>\n<h2>Bood Pulse Pro 50000 dvesmu gar\u0161u saraksts:<\/h2>\n<p>1.MELONE ANANASS APELS\u012aNS<br \/>\n2.MELLENE SK\u0100BA AVE\u0145U<br \/>\n3.ARBUZS KIVI<br \/>\n4.MELE\u0145U ARB\u016aZS<br \/>\n5.MELLENE AR LEDU<br \/>\n6.TR\u012aSK\u0100R\u0160AIS MELONS<br \/>\n7.ZEME\u0145U AR LEDU<br \/>\n8.ZEME\u0145U ARB\u016aZS AR LEDU<br \/>\n9.DUBULT\u0100 LIMON\u0100DE<br \/>\n10.V\u012aNOGAS DZ\u0112RVENES MELLENES AVENES<\/p>\n<div role=\"article\" data-tabster=\"{&quot;groupper&quot;:{&quot;tabbability&quot;:2},&quot;focusable&quot;:{}}\" data-content=\"ai-message\" aria-labelledby=\"dARUyEWDoEYhnSPXFwx5A-author dARUyEWDoEYhnSPXFwx5A-content\">\n<div id=\"dARUyEWDoEYhnSPXFwx5A-content\">\n<h2>K\u0101p\u0113c izv\u0113l\u0113ties Bood Pulse Pro 25k\/50k Puffs vietn\u0113 vapestornado.com?<\/h2>\n<p>T\u0101 <strong>Bood Pulse Pro 25k\/50k Pufas<\/strong> vienreiz\u0113j\u0101s lieto\u0161anas e-cigarete ir lab\u0101k\u0101 izv\u0113le tvaic\u0113t\u0101jiem, kuri mekl\u0113 veiktsp\u0113ju, \u0113rt\u012bbas un kvalit\u0101ti. Pieejama tikai <strong>vapestornado.com<\/strong>, \u0161\u012b ier\u012bce pied\u0101v\u0101 funkciju kl\u0101stu, kas paredz\u0113tas, lai uzlabotu j\u016bsu tvaic\u0113\u0161anas pieredzi. L\u016bk, k\u0101p\u0113c jums vajadz\u0113tu izv\u0113l\u0113ties Bood Pulse Pro:<\/p>\n<ul>\n<li><strong>Nep\u0101rsp\u0113jams ilgm\u016b\u017e\u012bba<\/strong><\/li>\n<\/ul>\n<p>Ar iespaid\u012bgu <strong>25 000 l\u012bdz 50 000 uzp\u016btienu<\/strong>, Bood Pulse Pro pied\u0101v\u0101 vienu no tirg\u016b ilgsto\u0161\u0101kaj\u0101m vienreiz\u0113j\u0101s lieto\u0161anas e-cigaret\u0113m. Jums neb\u016bs j\u0101uztraucas par bie\u017eu nomai\u0146u, padarot to ide\u0101li piem\u0113rotu ikdienas lieto\u0161anai un ilgtermi\u0146a apmierin\u0101t\u012bbai.<\/p>\n<ul>\n<li><strong>Daudzpus\u012bgas nikot\u012bna iesp\u0113jas<\/strong><\/li>\n<\/ul>\n<p>Bood Pulse Pro ir pieejams ar <strong>bez-nikot\u012bna<\/strong>, <strong>2%<\/strong>, un <strong>5%<\/strong> nikot\u012bna iesp\u0113j\u0101m, sniedzot jums elast\u012bbu izv\u0113l\u0113ties sev v\u0113lamo nikot\u012bna l\u012bmeni. Neatkar\u012bgi no t\u0101, vai v\u0113laties atmest nikot\u012bnu vai izbaud\u012bt sp\u0113c\u012bgu tr\u0101p\u012bjumu, ir ide\u0101la iesp\u0113ja tie\u0161i jums.<\/p>\n<ul>\n<li><strong>Liela e-\u0161\u0137idruma ietilp\u012bba<\/strong><\/li>\n<\/ul>\n<p>Iepakots ar <strong>38 ml e-\u0161\u0137idruma<\/strong>, Bood Pulse Pro pied\u0101v\u0101 vair\u0101k nek\u0101 pietiekami daudz sulas ilgsto\u0161ai tvaic\u0113\u0161anai bez nepiecie\u0161am\u012bbas p\u0113c bie\u017eas uzpild\u012b\u0161anas. Tas padara to par \u0113rtu un uzticamu izv\u0113li lietot\u0101jiem, kuri vienm\u0113r ir kust\u012bb\u0101.<\/p>\n<ul>\n<li><strong>Sp\u0113c\u012bga veiktsp\u0113ja<\/strong><\/li>\n<\/ul>\n<p>Apr\u012bkots ar iztur\u012bgu <strong>850mAh uzl\u0101d\u0113jams akumulators<\/strong>, Bood Pulse Pro nodro\u0161ina past\u0101v\u012bgu veiktsp\u0113ju vis\u0101 t\u0101 ilgaj\u0101 kalpo\u0161anas laik\u0101. Ar <strong>t\u012bkla spoli<\/strong> optim\u0101lai gar\u0161ai un vienm\u0113r\u012bgai tvaika ra\u017eo\u0161anai, katrs p\u016btiens ir augst\u0101k\u0101s klases pieredze.<\/p>\n<ul>\n<li><strong>Kvalit\u0101te, kurai varat uztic\u0113ties<\/strong><\/li>\n<\/ul>\n<p>vapestornado.com pied\u0101v\u0101 izv\u0113l\u0113tu lab\u0101ko veipo\u0161anas produktu kl\u0101stu, un <strong>Bood Pulse Pro 25k\/50k Pufas<\/strong> nav iz\u0146\u0113mums. Iep\u0113rkoties pie mums, jums ir garant\u0113ti autentiski produkti, konkur\u0113tsp\u0113j\u012bgas cenas un \u0101tra, uzticama pieg\u0101de.<\/p>\n<ul>\n<li><strong>Klientu apmierin\u0101t\u012bba<\/strong><\/li>\n<\/ul>\n<p>vapestornado.com, klientu apmierin\u0101t\u012bba ir m\u016bsu galven\u0101 priorit\u0101te. M\u0113s pied\u0101v\u0101jam lielisku klientu apkalpo\u0161anu, lai nodro\u0161in\u0101tu netrauc\u0113tu iepirk\u0161an\u0101s pieredzi, ieskaitot vieglu pre\u010du atgrie\u0161anu, detaliz\u0113tu inform\u0101ciju par produktiem un personaliz\u0113tu atbalstu.<\/p>\n<p>&nbsp;<\/p>\n<\/div>\n<\/div>\n<h2>Bie\u017e\u0101k uzdotie jaut\u0101jumi par Bood Pulse Pro 25k\/50k Puffs Vape Pods<\/h2>\n<p>\u0160eit ir da\u017ei bie\u017e\u0101k uzdotie jaut\u0101jumi, kas pal\u012bdz\u0113s jums lab\u0101k izprast <strong>Bood Pulse Pro 25k\/50k P\u016b\u0161amie Vape Podi<\/strong>:<\/p>\n<h4>1. <strong>Cik ilgi darbojas Bood Pulse Pro 50000 Pufu vape?<\/strong><\/h4>\n<p>T\u0101 <strong>Bood Pulse Pro<\/strong> pied\u0101v\u0101 iespaid\u012bgu kalpo\u0161anas laiku l\u012bdz <strong>25 000 l\u012bdz 50 000 uzp\u016btienu<\/strong>, atkar\u012bb\u0101 no j\u016bsu lieto\u0161anas. \u0160is ilgtsp\u0113j\u012bgais dizains nodro\u0161ina, ka jums neb\u016bs bie\u017ei j\u0101maina ier\u012bce, padarot to par lielisku izv\u0113li ikdienas lieto\u0161anai.<\/p>\n<h4>2. <strong>K\u0101das nikot\u012bna stipruma opcijas ir pieejamas Bood 50000 p\u016b\u0161amo tvaic\u0113t\u0101ju?<\/strong><\/h4>\n<p>Bood Pulse Pro ir pieejams ar <strong>bez-nikot\u012bna<\/strong>, <strong>2%<\/strong>, un <strong>5%<\/strong> nikot\u012bna opcij\u0101m. Neatkar\u012bgi no t\u0101, vai v\u0113laties maigu nikot\u012bna devu vai sp\u0113c\u012bg\u0101ku, katram ir pieejama opcija. Beznikot\u012bna versija ir ide\u0101la tiem, kas v\u0113las tvaic\u0113t bez nikot\u012bna.<\/p>\n<h4>3. <strong>K\u0101da ir Bood Pulse Pro 50000 p\u016b\u0161am\u0101 e-\u0161\u0137idruma ietilp\u012bba?<\/strong><\/h4>\n<p>Ier\u012bce ir iepriek\u0161 uzpild\u012bta ar <strong>38 ml e-\u0161\u0137idruma<\/strong>, nodro\u0161inot pietiekami daudz \u0161\u0137idruma ilgsto\u0161\u0101m tvaic\u0113\u0161anas sesij\u0101m. Tas noz\u012bm\u0113 maz\u0101k uzpild\u012b\u0161anas un liel\u0101ku \u0113rt\u012bbu tvaic\u0113t\u0101jiem.<\/p>\n<h4>4. <strong>Kur es varu ieg\u0101d\u0101ties Bood Pulse Pro 25000 50000 P\u016b\u0161am\u0101s ier\u012bces?<\/strong><\/h4>\n<p>J\u016bs varat ieg\u0101d\u0101ties <strong>Bood Pulse Pro 25k\/50k P\u016b\u0161amie Vape Podi<\/strong> tie\u0161i no <strong>vapestornado.com<\/strong>. M\u0113s pied\u0101v\u0101jam \u0101tru pieg\u0101di, konkur\u0113tsp\u0113j\u012bgas cenas un izcilu klientu apkalpo\u0161anu, lai nodro\u0161in\u0101tu pat\u012bkamu iepirk\u0161an\u0101s pieredzi.<\/p>\n<p>Lai ieg\u016btu vair\u0101k inform\u0101cijas vai specifiskus jaut\u0101jumus, dro\u0161i sazinieties ar m\u016bsu klientu atbalsta komandu!<\/p>","protected":false},"excerpt":{"rendered":"<p>T\u0101 <strong data-start=\"1168\" data-end=\"1205\">Bood Pulse Pro 25K\/50K uzp\u016btienu veips<\/strong> pied\u0101v\u0101 div\u0113j\u0101das ietilp\u012bbas iesp\u0113jas, sieti\u0146spoles veiktsp\u0113ju un uzl\u0101d\u0113jamu jaudu. Daudzpus\u012bgs vienreiz\u0113j\u0101s lieto\u0161anas produkts, kas paredz\u0113ts <strong data-start=\"1319\" data-end=\"1354\">vairumtirdzniec\u012bbas pirc\u0113jiem Eirop\u0101<\/strong>.<\/p>\n<figure id=\"attachment_2951\" aria-describedby=\"caption-attachment-2951\" style=\"width: 265px\" class=\"wp-caption alignnone\"><img decoding=\"async\" class=\"size-medium wp-image-2951\" src=\"https:\/\/vapestornado.com\/wp-content\/uploads\/2024\/12\/Wholesale-Disposable-Vape-265x300.jpg\" alt=\"Vienreiz\u0113j\u0101s lieto\u0161anas Vape vairumtirdzniec\u012bba\" width=\"265\" height=\"300\" srcset=\"https:\/\/vapestornado.com\/wp-content\/uploads\/2024\/12\/Wholesale-Disposable-Vape-265x300.jpg 265w, https:\/\/vapestornado.com\/wp-content\/uploads\/2024\/12\/Wholesale-Disposable-Vape-768x871.jpg 768w, https:\/\/vapestornado.com\/wp-content\/uploads\/2024\/12\/Wholesale-Disposable-Vape-600x680.jpg 600w, https:\/\/vapestornado.com\/wp-content\/uploads\/2024\/12\/Wholesale-Disposable-Vape.jpg 823w\" sizes=\"(max-width: 265px) 100vw, 265px\" \/><figcaption id=\"caption-attachment-2951\" class=\"wp-caption-text\">L\u016bdzu, sazinieties ar Mandiju WhatsApp, lai sa\u0146emtu atlaides cenu\u00a0 <a href=\"https:\/\/wa.me\/8618077105796\">+8618077105796<\/a><\/figcaption><\/figure>\n<p>&nbsp;<\/p>","protected":false},"featured_media":3504,"comment_status":"open","ping_status":"closed","template":"","meta":{"_acf_changed":false,"_uag_custom_page_level_css":"","_lmt_disableupdate":"no","_lmt_disable":"","_monsterinsights_skip_tracking":false,"_monsterinsights_sitenote_active":false,"_monsterinsights_sitenote_note":"","_monsterinsights_sitenote_category":0,"site-sidebar-layout":"default","site-content-layout":"","ast-site-content-layout":"default","site-content-style":"default","site-sidebar-style":"default","ast-global-header-display":"","ast-banner-title-visibility":"","ast-main-header-display":"","ast-hfb-above-header-display":"","ast-hfb-below-header-display":"","ast-hfb-mobile-header-display":"","site-post-title":"","ast-breadcrumbs-content":"","ast-featured-img":"","footer-sml-layout":"","ast-disable-related-posts":"","theme-transparent-header-meta":"default","adv-header-id-meta":"","stick-header-meta":"","header-above-stick-meta":"","header-main-stick-meta":"","header-below-stick-meta":"","astra-migrate-meta-layouts":"set","ast-page-background-enabled":"default","ast-page-background-meta":{"desktop":{"background-color":"","background-image":"","background-repeat":"repeat","background-position":"center center","background-size":"auto","background-attachment":"scroll","background-type":"","background-media":"","overlay-type":"","overlay-color":"","overlay-opacity":"","overlay-gradient":""},"tablet":{"background-color":"","background-image":"","background-repeat":"repeat","background-position":"center center","background-size":"auto","background-attachment":"scroll","background-type":"","background-media":"","overlay-type":"","overlay-color":"","overlay-opacity":"","overlay-gradient":""},"mobile":{"background-color":"","background-image":"","background-repeat":"repeat","background-position":"center center","background-size":"auto","background-attachment":"scroll","background-type":"","background-media":"","overlay-type":"","overlay-color":"","overlay-opacity":"","overlay-gradient":""}},"ast-content-background-meta":{"desktop":{"background-color":"var(--ast-global-color-5)","background-image":"","background-repeat":"repeat","background-position":"center center","background-size":"auto","background-attachment":"scroll","background-type":"","background-media":"","overlay-type":"","overlay-color":"","overlay-opacity":"","overlay-gradient":""},"tablet":{"background-color":"var(--ast-global-color-5)","background-image":"","background-repeat":"repeat","background-position":"center center","background-size":"auto","background-attachment":"scroll","background-type":"","background-media":"","overlay-type":"","overlay-color":"","overlay-opacity":"","overlay-gradient":""},"mobile":{"background-color":"var(--ast-global-color-5)","background-image":"","background-repeat":"repeat","background-position":"center center","background-size":"auto","background-attachment":"scroll","background-type":"","background-media":"","overlay-type":"","overlay-color":"","overlay-opacity":"","overlay-gradient":""}},"_joinchat":{"telephone":"+8618077105796"}},"product_brand":[],"product_cat":[192,140,193,155,156],"product_tag":[190,97],"class_list":{"0":"post-3445","1":"product","2":"type-product","3":"status-publish","4":"has-post-thumbnail","6":"product_cat-50000-puff","7":"product_cat-big-puffs-disposable-vapes","8":"product_cat-bood-disposable-vapes","9":"product_cat-buy-disposable-vapes-in-norway","10":"product_cat-buy-disposable-vapes-in-poland","11":"product_tag-bood-pulse-pro-50000","12":"product_tag-hot-sale-disposable-vape","13":"desktop-align-left","14":"tablet-align-left","15":"mobile-align-left","17":"first","18":"instock","19":"sale","20":"shipping-taxable","21":"purchasable","22":"product-type-simple"},"acf":[],"uagb_featured_image_src":{"full":["https:\/\/vapestornado.com\/wp-content\/uploads\/2024\/12\/Bood-vape-pulse-pro-25000-Puffs-50000-Puffs.jpg",800,800,false],"thumbnail":["https:\/\/vapestornado.com\/wp-content\/uploads\/2024\/12\/Bood-vape-pulse-pro-25000-Puffs-50000-Puffs-150x150.jpg",150,150,true],"medium":["https:\/\/vapestornado.com\/wp-content\/uploads\/2024\/12\/Bood-vape-pulse-pro-25000-Puffs-50000-Puffs-300x300.jpg",300,300,true],"medium_large":["https:\/\/vapestornado.com\/wp-content\/uploads\/2024\/12\/Bood-vape-pulse-pro-25000-Puffs-50000-Puffs-768x768.jpg",768,768,true],"large":["https:\/\/vapestornado.com\/wp-content\/uploads\/2024\/12\/Bood-vape-pulse-pro-25000-Puffs-50000-Puffs.jpg",800,800,false],"1536x1536":["https:\/\/vapestornado.com\/wp-content\/uploads\/2024\/12\/Bood-vape-pulse-pro-25000-Puffs-50000-Puffs.jpg",800,800,false],"2048x2048":["https:\/\/vapestornado.com\/wp-content\/uploads\/2024\/12\/Bood-vape-pulse-pro-25000-Puffs-50000-Puffs.jpg",800,800,false],"trp-custom-language-flag":["https:\/\/vapestornado.com\/wp-content\/uploads\/2024\/12\/Bood-vape-pulse-pro-25000-Puffs-50000-Puffs.jpg",12,12,false],"woocommerce_thumbnail":["https:\/\/vapestornado.com\/wp-content\/uploads\/2024\/12\/Bood-vape-pulse-pro-25000-Puffs-50000-Puffs-300x300.jpg",300,300,true],"woocommerce_single":["https:\/\/vapestornado.com\/wp-content\/uploads\/2024\/12\/Bood-vape-pulse-pro-25000-Puffs-50000-Puffs-600x600.jpg",600,600,true],"woocommerce_gallery_thumbnail":["https:\/\/vapestornado.com\/wp-content\/uploads\/2024\/12\/Bood-vape-pulse-pro-25000-Puffs-50000-Puffs-100x100.jpg",100,100,true]},"uagb_author_info":{"display_name":"ESMANDY","author_link":"https:\/\/vapestornado.com\/lv\/author\/"},"uagb_comment_info":0,"uagb_excerpt":"The Bood Pulse Pro 25K\/50K Puffs Vape offers dual capacity options, mesh coil performance, and rechargeable power. A versatile disposable designed for wholesale bulk buyers in Europe. [caption id=\"attachment_2951\" align=\"alignnone\" width=\"265\"] Pls Contact Mandy's WhatsApp For Discount Price\u00a0 +8618077105796[\/caption] &nbsp;","_links":{"self":[{"href":"https:\/\/vapestornado.com\/lv\/wp-json\/wp\/v2\/product\/3445","targetHints":{"allow":["GET"]}}],"collection":[{"href":"https:\/\/vapestornado.com\/lv\/wp-json\/wp\/v2\/product"}],"about":[{"href":"https:\/\/vapestornado.com\/lv\/wp-json\/wp\/v2\/types\/product"}],"replies":[{"embeddable":true,"href":"https:\/\/vapestornado.com\/lv\/wp-json\/wp\/v2\/comments?post=3445"}],"wp:featuredmedia":[{"embeddable":true,"href":"https:\/\/vapestornado.com\/lv\/wp-json\/wp\/v2\/media\/3504"}],"wp:attachment":[{"href":"https:\/\/vapestornado.com\/lv\/wp-json\/wp\/v2\/media?parent=3445"}],"wp:term":[{"taxonomy":"product_brand","embeddable":true,"href":"https:\/\/vapestornado.com\/lv\/wp-json\/wp\/v2\/product_brand?post=3445"},{"taxonomy":"product_cat","embeddable":true,"href":"https:\/\/vapestornado.com\/lv\/wp-json\/wp\/v2\/product_cat?post=3445"},{"taxonomy":"product_tag","embeddable":true,"href":"https:\/\/vapestornado.com\/lv\/wp-json\/wp\/v2\/product_tag?post=3445"}],"curies":[{"name":"wp","href":"https:\/\/api.w.org\/{rel}","templated":true}]}}