{"id":3421,"date":"2024-12-27T07:57:48","date_gmt":"2024-12-27T07:57:48","guid":{"rendered":"https:\/\/vapestornado.com\/?post_type=product&#038;p=3421"},"modified":"2025-08-23T12:05:35","modified_gmt":"2025-08-23T12:05:35","slug":"fumot-randm-tornado-15000-puffs-disposable-vape","status":"publish","type":"product","link":"https:\/\/vapestornado.com\/lv\/product\/fumot-randm-tornado-15000-puffs-disposable-vape\/","title":{"rendered":"Fumot RandM Tornado 15000 uzp\u016btienu vienreiz\u0113j\u0101s lieto\u0161anas veips"},"content":{"rendered":"<h1>Fumot RandM Tornado 15000 uzp\u016btienu vienreiz\u0113j\u0101s lieto\u0161anas veips<\/h1>\n<p>T\u0101 <strong data-start=\"332\" data-end=\"383\">Fumot RandM Tornado 15000 uzp\u016btienu vienreiz\u0113j\u0101s lieto\u0161anas veips<\/strong> ir paredz\u0113ts mazumtirgot\u0101jiem un izplat\u012bt\u0101jiem, kuri v\u0113las pied\u0101v\u0101t lielas ietilp\u012bbas, ar funkcij\u0101m bag\u0101tu ier\u012bci par konkur\u0113tsp\u0113j\u012bg\u0101m vairumtirdzniec\u012bbas cen\u0101m. Nodro\u0161inot l\u012bdz pat <strong data-start=\"534\" data-end=\"550\">15 000 izsm\u0113\u0137u<\/strong>, \u0161is vape apvieno <strong data-start=\"571\" data-end=\"599\">25ml iepriek\u0161 uzpild\u012bta e-\u0161\u0137idruma<\/strong> ar <strong data-start=\"605\" data-end=\"634\">dubultu sieta spoles tehnolo\u0123iju<\/strong>, nodro\u0161inot vienm\u0113r\u012bgu tvaiku un konsekventu gar\u0161u katru reizi.<\/p>\n<p>Darbojas ar <strong data-start=\"714\" data-end=\"752\">iztur\u012bgu 850mAh uzl\u0101d\u0113jamu akumulatoru<\/strong> un apr\u012bkots ar <strong data-start=\"771\" data-end=\"795\">C tipa \u0101tr\u0101 uzl\u0101de<\/strong>, Tornado 15K garant\u0113 minim\u0101lu d\u012bkst\u0101vi un uzticamu veiktsp\u0113ju. T\u0101 <strong data-start=\"871\" data-end=\"894\">LED digit\u0101lais displejs<\/strong> \u013cauj lietot\u0101jiem uzreiz p\u0101rbaud\u012bt uzp\u016btienu skaitu un akumulatora darb\u012bbas laiku, pievienojot modernu, lietot\u0101jam draudz\u012bgu piesk\u0101rienu.<\/p>\n<p>Pieejams <strong data-start=\"1016\" data-end=\"1037\">51 unik\u0101lu gar\u0161u<\/strong> un nikot\u012bna stiprumos <strong data-start=\"1064\" data-end=\"1076\">2% vai 5%<\/strong>, RandM Tornado 15000 pied\u0101v\u0101 daudzveid\u012bbu un apmierin\u0101t\u012bbu pla\u0161ai klientu b\u0101zei. Stil\u012bgs, iztur\u012bgs un efekt\u012bvs, tas ir ide\u0101ls risin\u0101jums lielapjoma pirc\u0113jiem un veikaliem, kuri v\u0113las papla\u0161in\u0101t savu vienreizlietojamo vape pied\u0101v\u0101jumu ar pier\u0101d\u012btu vislab\u0101k p\u0101rdoto preci.<\/p>\n<p><img fetchpriority=\"high\" decoding=\"async\" class=\"alignnone size-large wp-image-3428\" src=\"https:\/\/vapestornado.com\/wp-content\/uploads\/2024\/12\/LED-Screen-Disposable-Vape-RandM-Tornado-15000-Puffs-1024x657.jpg\" alt=\"LED ekr\u0101ns vienreiz\u0113j\u0101s lieto\u0161anas vape RandM Tornado 15000 Dvesmas\" width=\"1024\" height=\"657\" srcset=\"https:\/\/vapestornado.com\/wp-content\/uploads\/2024\/12\/LED-Screen-Disposable-Vape-RandM-Tornado-15000-Puffs-1024x657.jpg 1024w, https:\/\/vapestornado.com\/wp-content\/uploads\/2024\/12\/LED-Screen-Disposable-Vape-RandM-Tornado-15000-Puffs-300x192.jpg 300w, https:\/\/vapestornado.com\/wp-content\/uploads\/2024\/12\/LED-Screen-Disposable-Vape-RandM-Tornado-15000-Puffs-768x492.jpg 768w, https:\/\/vapestornado.com\/wp-content\/uploads\/2024\/12\/LED-Screen-Disposable-Vape-RandM-Tornado-15000-Puffs-1536x985.jpg 1536w, https:\/\/vapestornado.com\/wp-content\/uploads\/2024\/12\/LED-Screen-Disposable-Vape-RandM-Tornado-15000-Puffs-600x385.jpg 600w, https:\/\/vapestornado.com\/wp-content\/uploads\/2024\/12\/LED-Screen-Disposable-Vape-RandM-Tornado-15000-Puffs.jpg 2048w\" sizes=\"(max-width: 1024px) 100vw, 1024px\" \/><\/p>\n<hr \/>\n<h3>Produkta \u012bpa\u0161\u012bbas<\/h3>\n<ol>\n<li><strong>Ilgsto\u0161a lieto\u0161ana<\/strong>: <strong>15,000<\/strong> dvesmas ar <strong>25 ml<\/strong> e-\u0161\u0137idrumu ilgsto\u0161ai veiktsp\u0113jai.<\/li>\n<li><strong>Uzl\u0101d\u0113jams akumulators<\/strong>: Integr\u0113ts <strong>850mAh<\/strong> akumulators ar <strong>C tipa<\/strong> \u0101tro uzl\u0101di.<\/li>\n<li><strong>Dubult\u0101 sieta spole<\/strong>: Uzlabota tvaika ra\u017eo\u0161ana un gar\u0161a.<\/li>\n<li><strong>LED displeja ekr\u0101ns<\/strong>: Dvesmu skaita un akumulatora re\u0101llaika uzraudz\u012bba.<\/li>\n<li><strong>Pieejamas 41 gar\u0161a<\/strong>: Pla\u0161s aizraujo\u0161u iesp\u0113ju kl\u0101sts katrai gaumei.<\/li>\n<\/ol>\n<hr \/>\n<h3>Gar\u0161u saraksts<\/h3>\n<ol>\n<li>Melle\u0146u ave\u0146u limon\u0101de<\/li>\n<li>Persiku ledus<\/li>\n<li>Sk\u0101bs \u0100bols<\/li>\n<li>Arb\u016bzu ledus<\/li>\n<li>Melle\u0146u ledus<\/li>\n<li>Melle\u0146u ave\u0146u<\/li>\n<li>Anan\u0101su ledus<\/li>\n<li>\u0136irsis<\/li>\n<li>Zeme\u0146u ledus<\/li>\n<li>Vimto<\/li>\n<li>V\u012bnogu ledus<\/li>\n<li>Kolas ledus<\/li>\n<li>Zeme\u0146u Arb\u016bzs<\/li>\n<li>Roz\u0101 limon\u0101de<\/li>\n<li>Ogu sajaukums<\/li>\n<li>Persiku mango<\/li>\n<li>P\u016b\u0137a Auglis<\/li>\n<li>Zeme\u0146u v\u012bnoga<\/li>\n<li>Kungs Zils<\/li>\n<li>Sul\u012bgs ledus<\/li>\n<li>Ledus pops<\/li>\n<li>Zeme\u0146u kivi<\/li>\n<li>Kivi pasifloras gvajava<\/li>\n<li>Tr\u012bsk\u0101r\u0161\u0101 Oga<\/li>\n<li>Ban\u0101nu ledus<\/li>\n<li>Persiks Melle\u0146u Konfekte<\/li>\n<li>\u0100bolu Persiku Bumbieris<\/li>\n<li>Ogu limon\u0101de<\/li>\n<li>Zilais ave\u0146u \u0137irsis<\/li>\n<li>Melle\u0146u ko\u0161\u013c\u0101jam\u0101 gumija<\/li>\n<li>Melle\u0146u, \u0137ir\u0161u un dz\u0113rve\u0146u<\/li>\n<li>Melle\u0146u gran\u0101t\u0101bols<\/li>\n<li>Zil\u0101 sk\u0101b\u0101 avene<\/li>\n<li>\u0136ir\u0161u kola<\/li>\n<li>L\u0101c\u012b\u0161a gumija<\/li>\n<li>Citrons<\/li>\n<li>Mango uz ledus<\/li>\n<li>Sarkanais ener\u0123ijas ledus<\/li>\n<li>Zeme\u0146u ban\u0101ns<\/li>\n<li>Zeme\u0146u ener\u0123ijas dz\u0113riens<\/li>\n<li>Zeme\u0146u arb\u016bzu limon\u0101de<\/li>\n<\/ol>\n<hr \/>\n<h3>RandM Tornado 15000 dvesmas, 5 popul\u0101r\u0101k\u0101s gar\u0161as<\/h3>\n<ol>\n<li><strong>Melle\u0146u ave\u0146u limon\u0101de<\/strong>: Atsvaidzino\u0161as mellenes ar pikantu limon\u0101des noti.<\/li>\n<li><strong>Persiku mango<\/strong>: Saldais persiks, sajaukts ar tropu mango.<\/li>\n<li><strong>Sul\u012bgs ledus<\/strong>: Arb\u016bzs ar ledainu mentola p\u0113cgar\u0161u.<\/li>\n<li><strong>L\u0101c\u012b\u0161a gumija<\/strong>: Nostal\u0123iska konfek\u0161u gar\u0161a ar aug\u013cu not\u012bm.<\/li>\n<li><strong>Zeme\u0146u kivi<\/strong>: Sul\u012bgas zemenes p\u0101r\u012b ar pikantu kivi.<\/li>\n<\/ol>\n<hr \/>\n<h3>K\u0101p\u0113c izv\u0113l\u0113ties RandM Tornado 15000 dvesienu?<\/h3>\n<ul>\n<li><strong>Milz\u012bgs uzvilkumu skaits<\/strong>: Pied\u0101v\u0101 15 000 dvesmas ilgsto\u0161am baud\u012bjumam.<\/li>\n<li><strong>Premium gar\u0161as pieg\u0101de<\/strong>: Divk\u0101r\u0161\u0101 sieta spole nodro\u0161ina konsekventu, bag\u0101t\u012bgu gar\u0161u.<\/li>\n<li><strong>\u0112rts dizains<\/strong>: Uzl\u0101d\u0113jams ar Type-C portu un LED ekr\u0101nu izseko\u0161anai.<\/li>\n<li><strong>Nep\u0101rsp\u0113jama da\u017e\u0101d\u012bba<\/strong>: 41 gar\u0161as, lai atbilstu katrai gaumei.<\/li>\n<li><strong>P\u0101rn\u0113s\u0101jams un stil\u012bgs<\/strong>: Kompakts dizains ar elegantu LED displeja ekr\u0101nu.<\/li>\n<\/ul>\n<hr \/>\n<h3>BUJ<\/h3>\n<p><strong>Q1: Cik ilgi akumulators darbojas ar vienu uzl\u0101di?<\/strong><br \/>\nRandM 15000 dvesmu vienreiz\u0113j\u0101s lieto\u0161anas vape satur 850 mAh uzl\u0101d\u0113jamu akumulatoru, kas nodro\u0161ina nep\u0101rtrauktas tvaic\u0113\u0161anas stundas, un to var viegli uzl\u0101d\u0113t ar C tipa kabeli.<\/p>\n<p><strong>Q2: Vai visas 41 gar\u0161as ir pieejamas visos re\u0123ionos?<\/strong><br \/>\nJ\u0101, pilns 41 gar\u0161as kl\u0101sts ir pieejams vis\u0101 pasaul\u0113, nodro\u0161inot, ka j\u016bs atrad\u012bsit savu iecien\u012bt\u0101ko, lai kur j\u016bs atrastos.<\/p>\n<p><strong>Q3: K\u0101di nikot\u012bna stiprumi ir pieejami?<\/strong><br \/>\nFumot RandM Tornado 15000 Puffs ir pieejams ar 2% un 5% nikot\u012bna s\u0101ls opcij\u0101m.<\/p>\n<h4>Fumot Vape 7k vairumtirdzniec\u012bba Sazinieties un sa\u0146emiet atlaidi t\u016bl\u012bt!<\/h4>\n<p><img decoding=\"async\" class=\"size-large wp-image-2921\" src=\"https:\/\/vapestornado.com\/wp-content\/uploads\/2024\/11\/20062b3a285f900e79520aad496b94d-887x1024.jpg\" alt=\"vapestornado Vicky\" width=\"887\" height=\"1024\" srcset=\"https:\/\/vapestornado.com\/wp-content\/uploads\/2024\/11\/20062b3a285f900e79520aad496b94d-887x1024.jpg 887w, https:\/\/vapestornado.com\/wp-content\/uploads\/2024\/11\/20062b3a285f900e79520aad496b94d-260x300.jpg 260w, https:\/\/vapestornado.com\/wp-content\/uploads\/2024\/11\/20062b3a285f900e79520aad496b94d-768x887.jpg 768w, https:\/\/vapestornado.com\/wp-content\/uploads\/2024\/11\/20062b3a285f900e79520aad496b94d-600x693.jpg 600w, https:\/\/vapestornado.com\/wp-content\/uploads\/2024\/11\/20062b3a285f900e79520aad496b94d.jpg 1080w\" sizes=\"(max-width: 887px) 100vw, 887px\" \/><\/p>","protected":false},"excerpt":{"rendered":"<p><strong>RandM Tornado 15000 Puffs vienreizlietojamais tvaic\u0113t\u0101js<\/strong> pied\u0101v\u0101 51 gar\u0161u, 850mAh uzl\u0101d\u0113jamu akumulatoru, LED displeju, dubultu sieta spoli un 15 000 uzp\u016btienu ilgsto\u0161ai baudai.<\/p>\n<p><strong><span style=\"color: #ff0000;\">(m\u016bsu vietnes cen\u0101 nav iek\u013cautas pieg\u0101des izmaksas, l\u016bdzu, sazinieties ar mani, lai sa\u0146emtu visu cenu un j\u016bsu atlaidi!)<\/span><\/strong><\/p>\n<p><img decoding=\"async\" class=\"size-medium wp-image-2921\" src=\"https:\/\/vapestornado.com\/wp-content\/uploads\/2024\/11\/20062b3a285f900e79520aad496b94d-260x300.jpg\" alt=\"vapestornado Vicky\" width=\"260\" height=\"300\" srcset=\"https:\/\/vapestornado.com\/wp-content\/uploads\/2024\/11\/20062b3a285f900e79520aad496b94d-260x300.jpg 260w, https:\/\/vapestornado.com\/wp-content\/uploads\/2024\/11\/20062b3a285f900e79520aad496b94d-887x1024.jpg 887w, https:\/\/vapestornado.com\/wp-content\/uploads\/2024\/11\/20062b3a285f900e79520aad496b94d-768x887.jpg 768w, https:\/\/vapestornado.com\/wp-content\/uploads\/2024\/11\/20062b3a285f900e79520aad496b94d-600x693.jpg 600w, https:\/\/vapestornado.com\/wp-content\/uploads\/2024\/11\/20062b3a285f900e79520aad496b94d.jpg 1080w\" sizes=\"(max-width: 260px) 100vw, 260px\" \/><\/p>","protected":false},"featured_media":3425,"comment_status":"open","ping_status":"closed","template":"","meta":{"_acf_changed":false,"_uag_custom_page_level_css":"","_lmt_disableupdate":"no","_lmt_disable":"","_monsterinsights_skip_tracking":false,"_monsterinsights_sitenote_active":false,"_monsterinsights_sitenote_note":"","_monsterinsights_sitenote_category":0,"site-sidebar-layout":"default","site-content-layout":"","ast-site-content-layout":"default","site-content-style":"default","site-sidebar-style":"default","ast-global-header-display":"","ast-banner-title-visibility":"","ast-main-header-display":"","ast-hfb-above-header-display":"","ast-hfb-below-header-display":"","ast-hfb-mobile-header-display":"","site-post-title":"","ast-breadcrumbs-content":"","ast-featured-img":"","footer-sml-layout":"","ast-disable-related-posts":"","theme-transparent-header-meta":"default","adv-header-id-meta":"","stick-header-meta":"","header-above-stick-meta":"","header-main-stick-meta":"","header-below-stick-meta":"","astra-migrate-meta-layouts":"set","ast-page-background-enabled":"default","ast-page-background-meta":{"desktop":{"background-color":"","background-image":"","background-repeat":"repeat","background-position":"center center","background-size":"auto","background-attachment":"scroll","background-type":"","background-media":"","overlay-type":"","overlay-color":"","overlay-opacity":"","overlay-gradient":""},"tablet":{"background-color":"","background-image":"","background-repeat":"repeat","background-position":"center center","background-size":"auto","background-attachment":"scroll","background-type":"","background-media":"","overlay-type":"","overlay-color":"","overlay-opacity":"","overlay-gradient":""},"mobile":{"background-color":"","background-image":"","background-repeat":"repeat","background-position":"center center","background-size":"auto","background-attachment":"scroll","background-type":"","background-media":"","overlay-type":"","overlay-color":"","overlay-opacity":"","overlay-gradient":""}},"ast-content-background-meta":{"desktop":{"background-color":"var(--ast-global-color-5)","background-image":"","background-repeat":"repeat","background-position":"center center","background-size":"auto","background-attachment":"scroll","background-type":"","background-media":"","overlay-type":"","overlay-color":"","overlay-opacity":"","overlay-gradient":""},"tablet":{"background-color":"var(--ast-global-color-5)","background-image":"","background-repeat":"repeat","background-position":"center center","background-size":"auto","background-attachment":"scroll","background-type":"","background-media":"","overlay-type":"","overlay-color":"","overlay-opacity":"","overlay-gradient":""},"mobile":{"background-color":"var(--ast-global-color-5)","background-image":"","background-repeat":"repeat","background-position":"center center","background-size":"auto","background-attachment":"scroll","background-type":"","background-media":"","overlay-type":"","overlay-color":"","overlay-opacity":"","overlay-gradient":""}},"_joinchat":{"telephone":"+8618077105750"}},"product_brand":[],"product_cat":[71,150,152,159,142,58,144,148,19],"product_tag":[],"class_list":{"0":"post-3421","1":"product","2":"type-product","3":"status-publish","4":"has-post-thumbnail","6":"product_cat-15000-puff","7":"product_cat-buy-disposable-vapes-in-belgium","8":"product_cat-buy-disposable-vapes-in-cermany","9":"product_cat-buy-disposable-vapes-in-sweden","10":"product_cat-digital-box-disposable-vapes","11":"product_cat-fumot-vape","12":"product_cat-low-nicotine-disposable-vapes","13":"product_cat-tornado-disposable-vapes","14":"product_cat-vapes","15":"desktop-align-left","16":"tablet-align-left","17":"mobile-align-left","19":"first","20":"instock","21":"sale","22":"shipping-taxable","23":"purchasable","24":"product-type-simple"},"acf":[],"uagb_featured_image_src":{"full":["https:\/\/vapestornado.com\/wp-content\/uploads\/2024\/12\/Fumot-RandM-Tornado-15000-Puffs-Review.jpg",1080,1350,false],"thumbnail":["https:\/\/vapestornado.com\/wp-content\/uploads\/2024\/12\/Fumot-RandM-Tornado-15000-Puffs-Review-150x150.jpg",150,150,true],"medium":["https:\/\/vapestornado.com\/wp-content\/uploads\/2024\/12\/Fumot-RandM-Tornado-15000-Puffs-Review-240x300.jpg",240,300,true],"medium_large":["https:\/\/vapestornado.com\/wp-content\/uploads\/2024\/12\/Fumot-RandM-Tornado-15000-Puffs-Review-768x960.jpg",768,960,true],"large":["https:\/\/vapestornado.com\/wp-content\/uploads\/2024\/12\/Fumot-RandM-Tornado-15000-Puffs-Review-819x1024.jpg",819,1024,true],"1536x1536":["https:\/\/vapestornado.com\/wp-content\/uploads\/2024\/12\/Fumot-RandM-Tornado-15000-Puffs-Review.jpg",1080,1350,false],"2048x2048":["https:\/\/vapestornado.com\/wp-content\/uploads\/2024\/12\/Fumot-RandM-Tornado-15000-Puffs-Review.jpg",1080,1350,false],"trp-custom-language-flag":["https:\/\/vapestornado.com\/wp-content\/uploads\/2024\/12\/Fumot-RandM-Tornado-15000-Puffs-Review.jpg",10,12,false],"woocommerce_thumbnail":["https:\/\/vapestornado.com\/wp-content\/uploads\/2024\/12\/Fumot-RandM-Tornado-15000-Puffs-Review-300x300.jpg",300,300,true],"woocommerce_single":["https:\/\/vapestornado.com\/wp-content\/uploads\/2024\/12\/Fumot-RandM-Tornado-15000-Puffs-Review-600x750.jpg",600,750,true],"woocommerce_gallery_thumbnail":["https:\/\/vapestornado.com\/wp-content\/uploads\/2024\/12\/Fumot-RandM-Tornado-15000-Puffs-Review-100x100.jpg",100,100,true]},"uagb_author_info":{"display_name":"ESvicky","author_link":"https:\/\/vapestornado.com\/lv\/author\/"},"uagb_comment_info":0,"uagb_excerpt":"RandM Tornado 15000 Puffs Disposable Vape features 51 flavors, 850mAh rechargeable battery, LED display, dual mesh coil, and 15,000 puffs for extended enjoyment. (our website price not include shipping cost, please contact me to get whole price and your disccount!)","_links":{"self":[{"href":"https:\/\/vapestornado.com\/lv\/wp-json\/wp\/v2\/product\/3421","targetHints":{"allow":["GET"]}}],"collection":[{"href":"https:\/\/vapestornado.com\/lv\/wp-json\/wp\/v2\/product"}],"about":[{"href":"https:\/\/vapestornado.com\/lv\/wp-json\/wp\/v2\/types\/product"}],"replies":[{"embeddable":true,"href":"https:\/\/vapestornado.com\/lv\/wp-json\/wp\/v2\/comments?post=3421"}],"wp:featuredmedia":[{"embeddable":true,"href":"https:\/\/vapestornado.com\/lv\/wp-json\/wp\/v2\/media\/3425"}],"wp:attachment":[{"href":"https:\/\/vapestornado.com\/lv\/wp-json\/wp\/v2\/media?parent=3421"}],"wp:term":[{"taxonomy":"product_brand","embeddable":true,"href":"https:\/\/vapestornado.com\/lv\/wp-json\/wp\/v2\/product_brand?post=3421"},{"taxonomy":"product_cat","embeddable":true,"href":"https:\/\/vapestornado.com\/lv\/wp-json\/wp\/v2\/product_cat?post=3421"},{"taxonomy":"product_tag","embeddable":true,"href":"https:\/\/vapestornado.com\/lv\/wp-json\/wp\/v2\/product_tag?post=3421"}],"curies":[{"name":"wp","href":"https:\/\/api.w.org\/{rel}","templated":true}]}}