{"id":3394,"date":"2024-12-26T07:40:36","date_gmt":"2024-12-26T07:40:36","guid":{"rendered":"https:\/\/vapestornado.com\/?post_type=product&#038;p=3394"},"modified":"2025-08-23T12:25:34","modified_gmt":"2025-08-23T12:25:34","slug":"vookbar-cyber-pro-30000-puffs-touch-screen-2-low-nicotine-rechargeable-disposable-vapes-pen-bulk-buy-wholesale","status":"publish","type":"product","link":"https:\/\/vapestornado.com\/lv\/product\/vookbar-cyber-pro-30000-puffs-touch-screen-2-low-nicotine-rechargeable-disposable-vapes-pen-bulk-buy-wholesale\/","title":{"rendered":"Vookbar Cyber Pro 30000 Puffs sk\u0101rienekr\u0101ns 2% ar zemu nikot\u012bna saturu uzl\u0101d\u0113jama vienreiz\u0113j\u0101s lieto\u0161anas tvaiku pildspalvas vairumtirdzniec\u012bba"},"content":{"rendered":"<h1 class=\"product-title\">Vookbar Cyber Pro 30000 Puffs sk\u0101rienekr\u0101ns 2% ar zemu nikot\u012bna saturu uzl\u0101d\u0113jama vienreiz\u0113j\u0101s lieto\u0161anas tvaiku pildspalvas vairumtirdzniec\u012bba<\/h1>\n<p>T\u0101 <strong>Vookbar Cyber Pro 30000 uzp\u016btienu<\/strong> ir \u0161eit, lai no jauna defin\u0113tu vienreiz\u0113j\u0101s lieto\u0161anas iztvaic\u0113\u0161anu. Ar savu gludo dizainu, progres\u012bv\u0101m tehnolo\u0123ij\u0101m un lietot\u0101jam draudz\u012bg\u0101m funkcij\u0101m \u0161is iztvaic\u0113t\u0101ja ir lieliski piem\u0113rots gan ikdienas lietot\u0101jiem, gan pieredz\u0113ju\u0161iem iztvaic\u0113t\u0101jiem, kuri mekl\u0113 augst\u0101k\u0101s kvalit\u0101tes pieredzi.<\/p>\n<h4><strong>Nep\u0101rsp\u0113jams ilgm\u016b\u017e\u012bba<\/strong><\/h4>\n<p>Apr\u012bkots ar neticamu <strong>30 000 uzp\u016btienu<\/strong> ietilp\u012bbu, Vookbar Cyber Pro nov\u0113r\u0161 nepiecie\u0161am\u012bbu p\u0113c bie\u017eas nomai\u0146as, nodro\u0161inot ilgsto\u0161u apmierin\u0101jumu. The <strong>22 ml e-\u0161\u0137idruma rezervu\u0101rs<\/strong> \u013cauj baud\u012bt nep\u0101rtrauktu iztvaic\u0113\u0161anu ar sav\u0101m iecien\u012bt\u0101kaj\u0101m gar\u0161\u0101m.<\/p>\n<h4><strong>Jaud\u012bgs un uzl\u0101d\u0113jams<\/strong><\/h4>\n<p>Darbojas ar <strong>650mAh uzl\u0101d\u0113jams akumulators<\/strong>, Vookbar Cyber Pro nodro\u0161ina j\u016bs visas dienas garum\u0101. The <strong>C tipa \u0101tr\u0101s uzl\u0101des ports<\/strong> nodro\u0161ina \u0101tru uzl\u0101di un atgrie\u0161anos pie tvaic\u0113\u0161anas bez kav\u0113\u0161an\u0101s.<\/p>\n<h4><strong>Uzlabota gar\u0161a un tvaiki<\/strong><\/h4>\n<p>Pied\u0101v\u0101jot <strong>dubultu sieti\u0146a spoles sist\u0113mu<\/strong>, \u0161\u012b ier\u012bce nodro\u0161ina bag\u0101t\u012bgas, notur\u012bgas gar\u0161as un iespaid\u012bgu tvaiku veido\u0161anos. Regul\u0113jamais gaisa pl\u016bsmas dizains \u013cauj kontrol\u0113t intensit\u0101ti, apmierinot gan vienm\u0113r\u012bgas, gan izteiksm\u012bgas tvaic\u0113\u0161anas v\u0113lmes.<\/p>\n<h4><strong>Vied\u0101 sk\u0101rienekr\u0101na tehnolo\u0123ija<\/strong><\/h4>\n<p>Vookbar Cyber Pro izce\u013cas ar savu <strong>2,1 collu sk\u0101rienekr\u0101nu<\/strong>, kas pied\u0101v\u0101 vienm\u0113r\u012bgu navig\u0101ciju pa t\u0101 funkcij\u0101m. Izmantojot Bluetooth savienojumu, varat to savienot p\u0101r\u012b ar Wearinos lietotni, lai personaliz\u0113tu savu pieredzi \u2014 piel\u0101gotu iestat\u012bjumus, iestat\u012btu piel\u0101gotus fona att\u0113lus un pat piek\u013c\u016btu unik\u0101l\u0101m opcij\u0101m, piem\u0113ram, att\u0101liem pa\u0161bild\u0113m un pazi\u0146ojumiem.<\/p>\n<h4><strong>Dro\u0161\u012bba un \u0113rt\u012bbas<\/strong><\/h4>\n<p>Vookbar Cyber Pro ietver <strong>b\u0113rnu sl\u0113dzenes funkciju<\/strong>, padarot to par dro\u0161\u0101ku iesp\u0113ju m\u0101jsaimniec\u012bb\u0101m. Tas ir paredz\u0113ts lietot\u0101jiem ar zemu nikot\u012bna l\u012bmeni, ar stiprumu <strong>0%, 2%, 3% un 5%<\/strong>, kas atbilst da\u017e\u0101d\u0101m v\u0113lm\u0113m.<\/p>\n<h4><strong>\u0100rpus tvaic\u0113\u0161anas<\/strong><\/h4>\n<p>Paceliet savu pieredzi jaun\u0101 l\u012bmen\u012b ar papildu funkcij\u0101m, piem\u0113ram, mini sp\u0113l\u0113m un soci\u0101lo mediju br\u012bdin\u0101jumiem, neman\u0101mi integr\u0113jot tvaic\u0113\u0161anu sav\u0101 dz\u012bvesstil\u0101. Tas ir vair\u0101k nek\u0101 tikai tvaic\u0113t\u0101js \u2014 t\u0101 ir viedier\u012bce m\u016bsdienu lietot\u0101jam.<\/p>\n<h3><strong>Uzlabojiet savu tvaic\u0113\u0161anas pieredzi<\/strong><\/h3>\n<p>Neatkar\u012bgi no t\u0101, vai j\u016bs p\u0113rkat vairum\u0101 vairumtirdzniec\u012bbai vai mekl\u0113jat izcilu vienreiz\u0113j\u0101s lieto\u0161anas vape pildspalvu, tad <strong>Vookbar Cyber Pro 30000 uzp\u016btienu<\/strong> pied\u0101v\u0101 perfektu inov\u0101ciju, veiktsp\u0113jas un stila kombin\u0101ciju. Izbaudiet vapingu n\u0101kotni jau \u0161odien!<\/p>\n<p><span style=\"color: #ff0000;\"><strong>Pievienojiet Eimijas Whatsapp, lai sa\u0146emtu pareizo atbildi un vape kuponu!<\/strong><\/span><\/p>\n<p><img fetchpriority=\"high\" decoding=\"async\" class=\"size-full wp-image-2932\" src=\"https:\/\/vapestornado.com\/wp-content\/uploads\/2024\/12\/Vape-Wholesale.jpg\" alt=\"Veipu Vairumtirdzniec\u012bba\" width=\"229\" height=\"300\" \/><\/p>\n<h3><a href=\"https:\/\/wa.me\/8617776015835\" target=\"_blank\" rel=\"noopener\"><span style=\"color: #ff0000;\"><strong>WhatsApp: +86 17776015835<\/strong><\/span><\/a><\/h3>\n<p>&nbsp;<\/p>\n<h2 class=\"product-title\">Vookbar Cyber Pro 30000 vienreiz\u0113j\u0101s lieto\u0161anas vape<strong> Produkta \u012bpa\u0161\u012bbas<\/strong><\/h2>\n<div role=\"article\" data-tabster=\"{&quot;groupper&quot;:{&quot;tabbability&quot;:2},&quot;focusable&quot;:{}}\" data-content=\"ai-message\" aria-labelledby=\"juhNTJ6o7Gk1cgwZMJgv2-author juhNTJ6o7Gk1cgwZMJgv2-content\">\n<div id=\"juhNTJ6o7Gk1cgwZMJgv2-content\">\n<div role=\"article\" data-tabster=\"{&quot;groupper&quot;:{&quot;tabbability&quot;:2},&quot;focusable&quot;:{}}\" data-content=\"ai-message\" aria-labelledby=\"x4EZuCZWrTbh3weWUt7CU-author x4EZuCZWrTbh3weWUt7CU-content\">\n<div id=\"x4EZuCZWrTbh3weWUt7CU-content\">\n<div class=\"flex max-w-full flex-col flex-grow\">\n<div class=\"min-h-8 text-message flex w-full flex-col items-end gap-2 whitespace-normal break-words text-start [.text-message+&amp;]:mt-5\" dir=\"auto\" data-message-author-role=\"assistant\" data-message-id=\"52c6e00a-252f-4104-805d-2f1a84739c71\" data-message-model-slug=\"gpt-4o\">\n<div class=\"flex w-full flex-col gap-1 empty:hidden first:pt-[3px]\">\n<div class=\"markdown prose w-full break-words dark:prose-invert light\">\n<div class=\"flex max-w-full flex-col flex-grow\">\n<div class=\"min-h-8 text-message flex w-full flex-col items-end gap-2 whitespace-normal break-words text-start [.text-message+&amp;]:mt-5\" dir=\"auto\" data-message-author-role=\"assistant\" data-message-id=\"d3382d71-de90-4719-8ad8-700b383ac952\" data-message-model-slug=\"gpt-4o\">\n<div class=\"flex w-full flex-col gap-1 empty:hidden first:pt-[3px]\">\n<div class=\"markdown prose w-full break-words dark:prose-invert light\">\n<h3><\/h3>\n<ol>\n<li><strong>Liela uzp\u016btes ietilp\u012bba<\/strong>: 30 000 uzp\u016btienu ilgsto\u0161ai lieto\u0161anai bez nomai\u0146as.<\/li>\n<li><strong>Liels e-\u0161\u0137idruma tilpums<\/strong>: 22 ml ietilp\u012bba ilgsto\u0161ai gar\u0161as baud\u012b\u0161anai.<\/li>\n<li><strong>Jaud\u012bgs akumulators<\/strong>: 650 mAh uzl\u0101d\u0113jams akumulators ar Type-C \u0101tro uzl\u0101di.<\/li>\n<li><strong>Dubult\u0101 sieta spole<\/strong>: Nodro\u0161ina bl\u012bvus tvaikus un vienm\u0113r\u012bgus, gar\u0161\u012bgus vilcienus.<\/li>\n<li><strong>Vied\u0101 sk\u0101rienekr\u0101na vad\u012bba<\/strong>: 2,1 collu sk\u0101rienekr\u0101ns ar Bluetooth savienojumu un piel\u0101gojamiem iestat\u012bjumiem.<\/li>\n<li><strong>Daudzfunkcion\u0101la ier\u012bce<\/strong>: Atbalsta mini-sp\u0113les, soci\u0101lo mediju pazi\u0146ojumus un citu.<\/li>\n<li><strong>Nikot\u012bna da\u017e\u0101d\u012bba<\/strong>: Pieejams 0%, 2%, 3% un 5% nikot\u012bna stiprumos.<\/li>\n<li><strong>Dro\u0161\u012bbas funkcijas<\/strong>: Ieb\u016bv\u0113ta b\u0113rnu sl\u0113dzene dro\u0161ai aizsardz\u012bbai.<\/li>\n<\/ol>\n<\/div>\n<\/div>\n<\/div>\n<\/div>\n<div class=\"mb-2 flex gap-3 empty:hidden -ml-2\">\n<div class=\"items-center justify-start rounded-xl p-1 flex\"><\/div>\n<\/div>\n<\/div>\n<\/div>\n<\/div>\n<\/div>\n<\/div>\n<\/div>\n<\/div>\n<\/div>\n<h2 class=\"product-title\"><strong>Popul\u0101ra gar\u0161a Vookbar Cyber Pro 30000 vienreiz\u0113j\u0101s lieto\u0161anas e-cigaret\u0113m<\/strong><\/h2>\n<p>Kolekcij\u0101 ir daudzveid\u012bgs gar\u0161u kl\u0101sts, kas apvieno klasiskus aug\u013cus, tropiskus gardumus un ledainas nojautas. No sald\u0101m un pikant\u0101m kombin\u0101cij\u0101m, piem\u0113ram, <strong>Persiku mango<\/strong> un <strong>Zeme\u0146u kivi<\/strong> l\u012bdz atsvaidzino\u0161iem mentola pav\u0113rsieniem, piem\u0113ram, <strong>Arb\u016bzu ledus<\/strong> un <strong>Zils ave\u0146u ledus<\/strong>, katram gaumei ir kaut kas piem\u0113rots.<\/p>\n<p>1.Zilo ave\u0146u ledus <span style=\"color: #ff0000;\"><strong>&gt;&gt;&gt;&gt; Karsts!<\/strong><\/span><br \/>\n2. Persiku ledus<br \/>\n3. V\u012bnogu ledus<br \/>\n4. Zeme\u0146u arb\u016bzs <span style=\"color: #ff0000;\"><strong>&gt;&gt;&gt;&gt; Karsts!<\/strong><\/span><br \/>\n5. Zeme\u0146u ban\u0101ns<br \/>\n6. \u0136ir\u0161u arb\u016bzs<br \/>\n7. Arb\u016bzu ledus<br \/>\n8. Persiku mango<br \/>\n9. Zeme\u0146u kivi<br \/>\n10. Balto zeme\u0146u ledus<br \/>\n11. Balto gumijl\u0101c\u012b\u0161u ledus<br \/>\n12. Sald\u0113ta pinakolada<br \/>\n13. Sasod\u012bti feins<br \/>\n14. Mohito jauktas ogas <span style=\"color: #ff0000;\"><strong>&gt;&gt;&gt;&gt; Lab\u0101kais!<\/strong><\/span><\/p>\n<figure id=\"attachment_3554\" aria-describedby=\"caption-attachment-3554\" style=\"width: 1000px\" class=\"wp-caption alignnone\"><img decoding=\"async\" class=\"wp-image-3554 size-full\" src=\"https:\/\/vapestornado.com\/wp-content\/uploads\/2024\/12\/Bluetooth-Vape-Vookbar-Cyber-\u200b\u200bPro-30000-Puffs-Disposable-Vape-Wholesale.webp\" alt=\"Bluetooth Vape Vookbar Cyber \u200b\u200bPro 30000 uzp\u016btienu vienreiz\u0113j\u0101s lieto\u0161anas Vape vairumtirdzniec\u012bba\" width=\"1000\" height=\"1000\" srcset=\"https:\/\/vapestornado.com\/wp-content\/uploads\/2024\/12\/Bluetooth-Vape-Vookbar-Cyber-\u200b\u200bPro-30000-Puffs-Disposable-Vape-Wholesale.webp 1000w, https:\/\/vapestornado.com\/wp-content\/uploads\/2024\/12\/Bluetooth-Vape-Vookbar-Cyber-\u200b\u200bPro-30000-Puffs-Disposable-Vape-Wholesale-300x300.webp 300w, https:\/\/vapestornado.com\/wp-content\/uploads\/2024\/12\/Bluetooth-Vape-Vookbar-Cyber-\u200b\u200bPro-30000-Puffs-Disposable-Vape-Wholesale-150x150.webp 150w, https:\/\/vapestornado.com\/wp-content\/uploads\/2024\/12\/Bluetooth-Vape-Vookbar-Cyber-\u200b\u200bPro-30000-Puffs-Disposable-Vape-Wholesale-768x768.webp 768w, https:\/\/vapestornado.com\/wp-content\/uploads\/2024\/12\/Bluetooth-Vape-Vookbar-Cyber-\u200b\u200bPro-30000-Puffs-Disposable-Vape-Wholesale-600x600.webp 600w, https:\/\/vapestornado.com\/wp-content\/uploads\/2024\/12\/Bluetooth-Vape-Vookbar-Cyber-\u200b\u200bPro-30000-Puffs-Disposable-Vape-Wholesale-100x100.webp 100w\" sizes=\"(max-width: 1000px) 100vw, 1000px\" \/><figcaption id=\"caption-attachment-3554\" class=\"wp-caption-text\">Bluetooth Vape Vookbar Cyber \u200b\u200bPro 30000 uzp\u016btienu vienreiz\u0113j\u0101s lieto\u0161anas Vape vairumtirdzniec\u012bba<\/figcaption><\/figure>\n<div class=\"flex-shrink-0 flex flex-col relative items-end\">\n<div class=\"pt-0\">\n<div class=\"gizmo-bot-avatar flex h-8 w-8 items-center justify-center overflow-hidden rounded-full\">\n<div class=\"relative p-1 rounded-sm flex items-center justify-center bg-token-main-surface-primary text-token-text-primary h-8 w-8\">\n<h3>BUJ par Vookbar Cyber Pro 30000 vienreiz\u0113j\u0101s lieto\u0161anas iztvaic\u0113t\u0101jiem<\/h3>\n<div class=\"flex max-w-full flex-col flex-grow\">\n<div class=\"min-h-8 text-message flex w-full flex-col items-end gap-2 whitespace-normal break-words text-start [.text-message+&amp;]:mt-5\" dir=\"auto\" data-message-author-role=\"assistant\" data-message-id=\"4dc48248-df95-45bd-b800-6dedb43cf7f1\" data-message-model-slug=\"gpt-4o\">\n<div class=\"flex w-full flex-col gap-1 empty:hidden first:pt-[3px]\">\n<div class=\"markdown prose w-full break-words dark:prose-invert light\">\n<ol>\n<li><strong>Cik ilgi darbojas Vookbar Cyber Pro 30000 uzp\u016btienu?<\/strong><br \/>\nIer\u012bce pied\u0101v\u0101 l\u012bdz pat 30 000 uzp\u016btienu, nodro\u0161inot ilgsto\u0161u lieto\u0161anu bez bie\u017eas nomai\u0146as.<\/li>\n<li><strong>Vai es varu regul\u0113t gaisa pl\u016bsmu Vookbar 30000 vienreiz\u0113j\u0101s lieto\u0161anas Vape?<\/strong><br \/>\nJ\u0101, regul\u0113jam\u0101 gaisa pl\u016bsmas funkcija \u013cauj piel\u0101got ieelpo\u0161anu personaliz\u0113tai iztvaic\u0113\u0161anas pieredzei.<\/li>\n<li><strong>Vai Vookbar Cyber Pro 30k Touch vienreiz\u0113j\u0101s lieto\u0161anas vape atbalsta \u0101tro uzl\u0101di?<\/strong><br \/>\nPiln\u012bgi noteikti! Tam ir Type-C uzl\u0101des ports \u0101trai un efekt\u012bvai uzl\u0101dei.<\/li>\n<li><strong>K\u0101das nikot\u012bna stipruma v\u0113rt\u012bbas ir pieejamas Vookbar 30000 uzl\u0101d\u0113jamam vape?<\/strong><br \/>\nIer\u012bce ir pieejama ar 0%, 2%, 3% un 5% nikot\u012bna koncentr\u0101ciju, kas atbilst da\u017e\u0101d\u0101m v\u0113lm\u0113m.<\/li>\n<li><strong>K\u0101das papildu funkcijas nodro\u0161ina sk\u0101rienekr\u0101ns?<\/strong><br \/>\n2,1 collu sk\u0101rienekr\u0101ns \u013cauj uzraudz\u012bt iestat\u012bjumus, izveidot savienojumu, izmantojot Bluetooth, piel\u0101got fona att\u0113lus un pat att\u0101lin\u0101ti vad\u012bt pa\u0161bildes.<\/li>\n<\/ol>\n<\/div>\n<\/div>\n<\/div>\n<\/div>\n<\/div>\n<\/div>\n<\/div>\n<\/div>\n<div class=\"flex-shrink-0 flex flex-col relative items-end\">\n<div class=\"pt-0\">\n<div class=\"gizmo-bot-avatar flex h-8 w-8 items-center justify-center overflow-hidden rounded-full\">\n<div class=\"relative p-1 rounded-sm flex items-center justify-center bg-token-main-surface-primary text-token-text-primary h-8 w-8\">\n<div class=\"mb-2 flex gap-3 empty:hidden -ml-2\">\n<div role=\"article\" data-tabster=\"{&quot;groupper&quot;:{&quot;tabbability&quot;:2},&quot;focusable&quot;:{}}\" data-content=\"ai-message\" aria-labelledby=\"Vdt5ez4X7Tg813x6rFVha-author Vdt5ez4X7Tg813x6rFVha-content\">\n<div id=\"Vdt5ez4X7Tg813x6rFVha-content\">\n<div role=\"article\" data-tabster=\"{&quot;groupper&quot;:{&quot;tabbability&quot;:2},&quot;focusable&quot;:{}}\" data-content=\"ai-message\" aria-labelledby=\"o968oC7CEo2fGHsGdsRYC-author o968oC7CEo2fGHsGdsRYC-content\">\n<div id=\"o968oC7CEo2fGHsGdsRYC-content\">\n<h3>K\u0101p\u0113c izv\u0113l\u0113ties vapestornado Vookbar 30000 Touch vienreiz\u0113j\u0101s lieto\u0161anas Vape vairumtirdzniec\u012bbai?<\/h3>\n<div class=\"flex-shrink-0 flex flex-col relative items-end\">\n<div class=\"pt-0\">\n<div class=\"gizmo-bot-avatar flex h-8 w-8 items-center justify-center overflow-hidden rounded-full\">\n<div class=\"relative p-1 rounded-sm flex items-center justify-center bg-token-main-surface-primary text-token-text-primary h-8 w-8\">\n<p>Laipni l\u016bdzam vapestornado, j\u016bsu uzticamaj\u0101 tie\u0161saistes vape veikal\u0101, kur\u0101 var ieg\u0101d\u0101ties augst\u0101k\u0101s kvalit\u0101tes vienreiz\u0113j\u0101s lieto\u0161anas vapes. Ar vair\u0101k nek\u0101 5 gadu pieredzi m\u0113s pied\u0101v\u0101jam popul\u0101rus vienreiz\u0113j\u0101s lieto\u0161anas vape z\u012bmolus, piem\u0113ram, Fumot RandM Vape, <a href=\"https:\/\/vapestornado.com\/lv\/product-category\/vapme-shisha\/\">Vapme<\/a>, Bang Vape, Waspe Vape un WGA Vape, u.c.<\/p>\n<p>M\u016bsu kl\u0101st\u0101 ir iek\u013cauti karstie izp\u0101rdo\u0161anas veipi, piem\u0113ram, <a href=\"https:\/\/vapestornado.com\/lv\/product\/randm-12000-puffs-fumot-digital-disposable-vape-wholesale-price\/\">RandM Tornado 12000<\/a>, un bag\u0101t\u012bgas gar\u0161as izv\u0113les, piem\u0113ram, <a href=\"https:\/\/vapestornado.com\/lv\/product\/wga-crystal-pro-max-extra-15000-puffs-rechargeable-disposable-vape-wholesale-bulk-buy\/\">\u00a0WGA Krist\u0101ls 15k P\u016b\u0161\u013ci<\/a> . Katrs produkts ir izv\u0113l\u0113ts, koncentr\u0113joties uz kvalit\u0101ti, v\u0113rt\u012bbu un daudzveid\u012bbu, nodro\u0161inot, ka j\u016bs atrad\u012bsiet perfektu atbilst\u012bbu sav\u0101m vajadz\u012bb\u0101m. Atkl\u0101jiet izcilu servisu un pla\u0161u popul\u0101r\u0101ko produktu kl\u0101stu par vairumtirdzniec\u012bbas cen\u0101m vietn\u0113 vapestornado.<\/p>\n<\/div>\n<p>&nbsp;<\/p>\n<p><strong>Citi karstie izp\u0101rdo\u0161anas vienreiz\u0113j\u0101s lieto\u0161anas veipi<\/strong><\/p>\n<p><a href=\"https:\/\/vapestornado.com\/lv\/product\/bang-vape-35000-puffs-low-nicotine-bulk-buy-rechargeable-disposable-vapes-box-wholesale-price\/\">Bang Vape 35000 P\u016b\u0161\u013ci <span style=\"color: #ff0000;\"><strong>&gt;&gt;&gt;&gt; Uz priek\u0161u!<\/strong><\/span><\/a><\/p>\n<p><a href=\"https:\/\/vapestornado.com\/lv\/product\/vopk-ultra-40000-puffs-2-in-1-digital-screen-rechargeable-disposable-vape\/\">VOPK 40000 Dubult\u0101 gar\u0161a<span style=\"color: #ff0000;\"><strong>&gt;&gt;&gt;&gt; Uz priek\u0161u!<\/strong><\/span><\/a><\/p>\n<p><a href=\"https:\/\/vapestornado.com\/lv\/product\/bood-twins-46000-puff-double-flavour-low-nicotine-disposable-vape-wholesale-bulk-buy-price\/\">Bood Twins 46000<span style=\"color: #ff0000;\"><strong>&gt;&gt;&gt;&gt; Uz priek\u0161u!<\/strong><\/span><\/a><\/p>\n<\/div>\n<\/div>\n<\/div>\n<p>&nbsp;<\/p>\n<\/div>\n<\/div>\n<\/div>\n<\/div>\n<\/div>\n<\/div>\n<\/div>\n<\/div>\n<\/div>","protected":false},"excerpt":{"rendered":"<p>Karsts Vookbar Cyber Pro 30000 uzp\u016btienu 2% zema nikot\u012bna vienreiz\u0113j\u0101s lieto\u0161anas iztvaic\u0113t\u0101js<br \/>\nVookbar Vape Cyber Pro 30000 uzp\u016btienu digit\u0101l\u0101 displeja vienreiz\u0113j\u0101s lieto\u0161anas iztvaic\u0113t\u0101ju vairumtirdzniec\u012bba<br \/>\nVookbar Cyber Pro 30k sk\u0101rienjut\u012bgs uzl\u0101d\u0113jams vienreiz\u0113j\u0101s lieto\u0161anas iztvaic\u0113t\u0101ju vairumtirdzniec\u012bba<\/p>\n<p><strong>Pievienojiet Eimijas whatsapp, lai sa\u0146emtu pareizu atbildi un iztvaic\u0113t\u0101ja kuponu!<\/strong><\/p>\n<p><img fetchpriority=\"high\" decoding=\"async\" class=\"size-full wp-image-2932\" src=\"https:\/\/vapestornado.com\/wp-content\/uploads\/2024\/12\/Vape-Wholesale.jpg\" alt=\"Veipu Vairumtirdzniec\u012bba\" width=\"229\" height=\"300\" \/><\/p>\n<h3><a href=\"https:\/\/wa.me\/8617776015835\"><span style=\"color: #ff0000;\"><strong>WhatsApp: +86 17776015835<\/strong><\/span><\/a><\/h3>\n<p>&nbsp;<\/p>","protected":false},"featured_media":3388,"comment_status":"open","ping_status":"closed","template":"","meta":{"_acf_changed":false,"_uag_custom_page_level_css":"","_lmt_disableupdate":"no","_lmt_disable":"","_monsterinsights_skip_tracking":false,"_monsterinsights_sitenote_active":false,"_monsterinsights_sitenote_note":"","_monsterinsights_sitenote_category":0,"site-sidebar-layout":"default","site-content-layout":"","ast-site-content-layout":"default","site-content-style":"default","site-sidebar-style":"default","ast-global-header-display":"","ast-banner-title-visibility":"","ast-main-header-display":"","ast-hfb-above-header-display":"","ast-hfb-below-header-display":"","ast-hfb-mobile-header-display":"","site-post-title":"","ast-breadcrumbs-content":"","ast-featured-img":"","footer-sml-layout":"","ast-disable-related-posts":"","theme-transparent-header-meta":"default","adv-header-id-meta":"","stick-header-meta":"","header-above-stick-meta":"","header-main-stick-meta":"","header-below-stick-meta":"","astra-migrate-meta-layouts":"set","ast-page-background-enabled":"default","ast-page-background-meta":{"desktop":{"background-color":"","background-image":"","background-repeat":"repeat","background-position":"center center","background-size":"auto","background-attachment":"scroll","background-type":"","background-media":"","overlay-type":"","overlay-color":"","overlay-opacity":"","overlay-gradient":""},"tablet":{"background-color":"","background-image":"","background-repeat":"repeat","background-position":"center center","background-size":"auto","background-attachment":"scroll","background-type":"","background-media":"","overlay-type":"","overlay-color":"","overlay-opacity":"","overlay-gradient":""},"mobile":{"background-color":"","background-image":"","background-repeat":"repeat","background-position":"center center","background-size":"auto","background-attachment":"scroll","background-type":"","background-media":"","overlay-type":"","overlay-color":"","overlay-opacity":"","overlay-gradient":""}},"ast-content-background-meta":{"desktop":{"background-color":"var(--ast-global-color-5)","background-image":"","background-repeat":"repeat","background-position":"center center","background-size":"auto","background-attachment":"scroll","background-type":"","background-media":"","overlay-type":"","overlay-color":"","overlay-opacity":"","overlay-gradient":""},"tablet":{"background-color":"var(--ast-global-color-5)","background-image":"","background-repeat":"repeat","background-position":"center center","background-size":"auto","background-attachment":"scroll","background-type":"","background-media":"","overlay-type":"","overlay-color":"","overlay-opacity":"","overlay-gradient":""},"mobile":{"background-color":"var(--ast-global-color-5)","background-image":"","background-repeat":"repeat","background-position":"center center","background-size":"auto","background-attachment":"scroll","background-type":"","background-media":"","overlay-type":"","overlay-color":"","overlay-opacity":"","overlay-gradient":""}},"_joinchat":{"telephone":"+8617776015835"}},"product_brand":[],"product_cat":[140,67,150,154,160,142,146],"product_tag":[165,105,97,166,94,207,208],"class_list":{"0":"post-3394","1":"product","2":"type-product","3":"status-publish","4":"has-post-thumbnail","6":"product_cat-big-puffs-disposable-vapes","7":"product_cat-30000-puff","8":"product_cat-buy-disposable-vapes-in-belgium","9":"product_cat-buy-disposable-vapes-in-netherlands","10":"product_cat-buy-disposable-vapes-in-switzerland","11":"product_cat-digital-box-disposable-vapes","12":"product_cat-rechargeable-disposable-vapes","13":"product_tag-cheap-vapes","14":"product_tag-digital-disposable-vape","15":"product_tag-hot-sale-disposable-vape","16":"product_tag-low-nicotine-vape","17":"product_tag-rechargeable-disposable-vape","18":"product_tag-vookbar-cyber-pro-30000","19":"product_tag-vookbar-vape","20":"desktop-align-left","21":"tablet-align-left","22":"mobile-align-left","24":"first","25":"instock","26":"sale","27":"shipping-taxable","28":"purchasable","29":"product-type-simple"},"acf":[],"uagb_featured_image_src":{"full":["https:\/\/vapestornado.com\/wp-content\/uploads\/2024\/12\/Vookbar-Cyber-\u200b\u200bPro-30k-Vape-Wholesale.jpg",1000,1000,false],"thumbnail":["https:\/\/vapestornado.com\/wp-content\/uploads\/2024\/12\/Vookbar-Cyber-\u200b\u200bPro-30k-Vape-Wholesale-150x150.jpg",150,150,true],"medium":["https:\/\/vapestornado.com\/wp-content\/uploads\/2024\/12\/Vookbar-Cyber-\u200b\u200bPro-30k-Vape-Wholesale-300x300.jpg",300,300,true],"medium_large":["https:\/\/vapestornado.com\/wp-content\/uploads\/2024\/12\/Vookbar-Cyber-\u200b\u200bPro-30k-Vape-Wholesale-768x768.jpg",768,768,true],"large":["https:\/\/vapestornado.com\/wp-content\/uploads\/2024\/12\/Vookbar-Cyber-\u200b\u200bPro-30k-Vape-Wholesale.jpg",1000,1000,false],"1536x1536":["https:\/\/vapestornado.com\/wp-content\/uploads\/2024\/12\/Vookbar-Cyber-\u200b\u200bPro-30k-Vape-Wholesale.jpg",1000,1000,false],"2048x2048":["https:\/\/vapestornado.com\/wp-content\/uploads\/2024\/12\/Vookbar-Cyber-\u200b\u200bPro-30k-Vape-Wholesale.jpg",1000,1000,false],"trp-custom-language-flag":["https:\/\/vapestornado.com\/wp-content\/uploads\/2024\/12\/Vookbar-Cyber-\u200b\u200bPro-30k-Vape-Wholesale.jpg",12,12,false],"woocommerce_thumbnail":["https:\/\/vapestornado.com\/wp-content\/uploads\/2024\/12\/Vookbar-Cyber-\u200b\u200bPro-30k-Vape-Wholesale-300x300.jpg",300,300,true],"woocommerce_single":["https:\/\/vapestornado.com\/wp-content\/uploads\/2024\/12\/Vookbar-Cyber-\u200b\u200bPro-30k-Vape-Wholesale-600x600.jpg",600,600,true],"woocommerce_gallery_thumbnail":["https:\/\/vapestornado.com\/wp-content\/uploads\/2024\/12\/Vookbar-Cyber-\u200b\u200bPro-30k-Vape-Wholesale-100x100.jpg",100,100,true]},"uagb_author_info":{"display_name":"ESAMY","author_link":"https:\/\/vapestornado.com\/lv\/author\/"},"uagb_comment_info":0,"uagb_excerpt":"Hot Vookbar Cyber Pro 30000 Puffs 2% Low Nicotine Disposable Vape Vookbar Vape Cyber Pro 30000 Puffs Digital Display Disposable Vape Bulk Buy Vookbar Cyber Pro 30k Touch Rechargeable Disposable Vape Wholesale Add Amy's whatsapp get right reply and vape coupon! WhatsApp: +86 17776015835 &nbsp;","_links":{"self":[{"href":"https:\/\/vapestornado.com\/lv\/wp-json\/wp\/v2\/product\/3394","targetHints":{"allow":["GET"]}}],"collection":[{"href":"https:\/\/vapestornado.com\/lv\/wp-json\/wp\/v2\/product"}],"about":[{"href":"https:\/\/vapestornado.com\/lv\/wp-json\/wp\/v2\/types\/product"}],"replies":[{"embeddable":true,"href":"https:\/\/vapestornado.com\/lv\/wp-json\/wp\/v2\/comments?post=3394"}],"wp:featuredmedia":[{"embeddable":true,"href":"https:\/\/vapestornado.com\/lv\/wp-json\/wp\/v2\/media\/3388"}],"wp:attachment":[{"href":"https:\/\/vapestornado.com\/lv\/wp-json\/wp\/v2\/media?parent=3394"}],"wp:term":[{"taxonomy":"product_brand","embeddable":true,"href":"https:\/\/vapestornado.com\/lv\/wp-json\/wp\/v2\/product_brand?post=3394"},{"taxonomy":"product_cat","embeddable":true,"href":"https:\/\/vapestornado.com\/lv\/wp-json\/wp\/v2\/product_cat?post=3394"},{"taxonomy":"product_tag","embeddable":true,"href":"https:\/\/vapestornado.com\/lv\/wp-json\/wp\/v2\/product_tag?post=3394"}],"curies":[{"name":"wp","href":"https:\/\/api.w.org\/{rel}","templated":true}]}}