{"id":3386,"date":"2024-12-26T06:35:55","date_gmt":"2024-12-26T06:35:55","guid":{"rendered":"https:\/\/vapestornado.com\/?post_type=product&#038;p=3386"},"modified":"2025-08-23T08:57:06","modified_gmt":"2025-08-23T08:57:06","slug":"bood-30k-puffs-geek-bar-cheap-price-rechargeable-vape","status":"publish","type":"product","link":"https:\/\/vapestornado.com\/lv\/product\/bood-30k-puffs-geek-bar-cheap-price-rechargeable-vape\/","title":{"rendered":"BOOD 30k Uzp\u016btienu Geek Bar L\u0113ta Cena Uzl\u0101d\u0113jams Vape"},"content":{"rendered":"<h1>BOOD INFINITY 30k Puffs Geek Bar L\u0113ta cena, atk\u0101rtoti uzl\u0101d\u0113jams veips<\/h1>\n<p>&nbsp;<\/p>\n<div role=\"article\" data-tabster=\"{&quot;groupper&quot;:{&quot;tabbability&quot;:2},&quot;focusable&quot;:{}}\" data-content=\"ai-message\" aria-labelledby=\"64JRvXrTnY7mRmPkEQLLT-author 64JRvXrTnY7mRmPkEQLLT-content\">\n<div id=\"64JRvXrTnY7mRmPkEQLLT-content\">\n<p data-start=\"300\" data-end=\"543\">T\u0101 <strong data-start=\"304\" data-end=\"358\">BOOD INFINITY 30000 Puffs Geek Bar Vienreiz\u0113jais Vape<\/strong> apvieno ietilp\u012bbu, stilu un veiktsp\u0113ju vien\u0101 jaud\u012bg\u0101 ier\u012bc\u0113. Ar l\u012bdz pat <strong data-start=\"436\" data-end=\"452\">30 000 uzp\u016btienu<\/strong> un <strong data-start=\"459\" data-end=\"490\">650mAh uzl\u0101d\u0113jams akumulators<\/strong>, tas nodro\u0161ina ilgsto\u0161u lieto\u0161anu, vienlaikus samazinot atkritumu daudzumu.<\/p>\n<p data-start=\"545\" data-end=\"844\">Apr\u012bkots ar <strong data-start=\"562\" data-end=\"600\">E-\u0161\u0137idrums<\/strong>, lietot\u0101ji var re\u0101llaik\u0101 p\u0101rbaud\u012bt akumulatora un e-\u0161\u0137idruma l\u012bmeni, lai nodro\u0161in\u0101tu bezr\u016bp\u012bgu pieredzi. <strong data-start=\"693\" data-end=\"718\">dubultu sieti\u0146a spoles sist\u0113mu<\/strong> uzlabo tvaiku bl\u012bvumu un gar\u0161as notur\u012bbu, savuk\u0101rt <strong data-start=\"776\" data-end=\"798\">regul\u0113jamu gaisa pl\u016bsmu<\/strong> \u013cauj katram lietot\u0101jam personaliz\u0113t savu piep\u016bli.<\/p>\n<p data-start=\"846\" data-end=\"1065\">Kompakts un iztur\u012bgs, <strong data-start=\"871\" data-end=\"908\">BOOD INFINITY 30K Vienreiz\u0113jais Vape<\/strong> nodro\u0161ina vienm\u0113r\u012bgus m\u0101ko\u0146us un bag\u0101t\u012bgu gar\u0161u, padarot to par praktisku izv\u0113li vairumtirgot\u0101jiem, mazumtirgot\u0101jiem un individu\u0101lajiem lietot\u0101jiem, kuri mekl\u0113 uzticamus lielas ietilp\u012bbas vapes.<\/p>\n<\/div>\n<\/div>\n<p><img fetchpriority=\"high\" decoding=\"async\" class=\"alignleft wp-image-2951 size-medium\" src=\"https:\/\/vapestornado.com\/wp-content\/uploads\/2024\/12\/Wholesale-Disposable-Vape-265x300.jpg\" alt=\"Vienreiz\u0113j\u0101s lieto\u0161anas Vape vairumtirdzniec\u012bba\" width=\"265\" height=\"300\" srcset=\"https:\/\/vapestornado.com\/wp-content\/uploads\/2024\/12\/Wholesale-Disposable-Vape-265x300.jpg 265w, https:\/\/vapestornado.com\/wp-content\/uploads\/2024\/12\/Wholesale-Disposable-Vape-768x871.jpg 768w, https:\/\/vapestornado.com\/wp-content\/uploads\/2024\/12\/Wholesale-Disposable-Vape-600x680.jpg 600w, https:\/\/vapestornado.com\/wp-content\/uploads\/2024\/12\/Wholesale-Disposable-Vape.jpg 823w\" sizes=\"(max-width: 265px) 100vw, 265px\" \/><\/p>\n<h6>L\u016bdzu, sazinieties ar Mandiju WhatsApp, lai sa\u0146emtu atlaides cenu<a href=\"https:\/\/wa.me\/8618077105796\" target=\"_blank\" rel=\"noopener\">+8618077105796<\/a><\/h6>\n<div class=\"flex max-w-full flex-col flex-grow\">\n<div class=\"min-h-8 text-message flex w-full flex-col items-end gap-2 whitespace-normal break-words text-start [.text-message+&amp;]:mt-5\" dir=\"auto\" data-message-author-role=\"assistant\" data-message-id=\"cdb991c0-f594-4bff-b2d5-fbbdd7ce9e54\" data-message-model-slug=\"gpt-4o-mini\">\n<div class=\"flex w-full flex-col gap-1 empty:hidden first:pt-[3px]\">\n<div class=\"markdown prose w-full break-words dark:prose-invert light\"><\/div>\n<\/div>\n<\/div>\n<\/div>\n<div class=\"mb-2 flex gap-3 empty:hidden -ml-2\">\n<h2><strong>Popul\u0101r\u0101ko BOOD INFINITY 30K PUFF Veipu specifik\u0101cijas<\/strong><\/h2>\n<ul>\n<li><strong>Milz\u012bga 30K dvesmu ietilp\u012bba<\/strong>: Paredz\u0113ts ilgsto\u0161\u0101m veipo\u0161anas sesij\u0101m, pied\u0101v\u0101jot l\u012bdz pat 30 000 dvesmu patiesi ilgsto\u0161ai pieredzei.<\/li>\n<li><strong>E-\u0161\u0137idrums<\/strong>: Ietver integr\u0113tu displeju, lai sekotu e-\u0161\u0137idruma l\u012bmenim un akumulatora darb\u012bbas laikam, nodro\u0161inot nevainojamu lieto\u0161anu bez p\u0101rtraukumiem.<\/li>\n<li><strong>Uzlabota divk\u0101r\u0161\u0101 t\u012bkla spoles tehnolo\u0123ija<\/strong>: Nodro\u0161ina uzlabotu gar\u0161as intensit\u0101ti, vienm\u0113r\u012bgu tvaiku ra\u017eo\u0161anu un pat\u012bkamu saj\u016btu r\u012bkl\u0113 ar katru dvesmu.<\/li>\n<li><strong>Atk\u0101rtoti uzl\u0101d\u0113jams dizains ar USB savietojam\u012bbu<\/strong>: Veidots ar videi draudz\u012bgu atk\u0101rtoti uzl\u0101d\u0113jamu sist\u0113mu, kas nov\u0113r\u0161 bie\u017eu nomai\u0146u.<\/li>\n<li><strong>Lielas ietilp\u012bbas 650 mAh akumulators<\/strong>: Pied\u0101v\u0101 uzticamu un nemain\u012bgu jaudu, k\u0101 ar\u012b \u0101tru uzl\u0101di maksim\u0101l\u0101m \u0113rt\u012bb\u0101m.<\/li>\n<\/ul>\n<\/div>\n<h2>Lielapjoma pirkums, veips bood 30k dvesmu gar\u0161u saraksts:<\/h2>\n<p>1 ZEME\u0145U ARBUZS<br \/>\n2 PERSIMONU MANGO ANAN\u0100SS<br \/>\n3 SUL\u012aGS LEDUS<br \/>\n4 OGAS SPR\u0100DZIENS<br \/>\n5 ZEME\u0145U KIVI<br \/>\n6 HAVAIJI<br \/>\n7 ZILO AVE\u0145U LEDUS<br \/>\n8 MELLE\u0145U LIMON\u0100DE<br \/>\n9 MELNAIS LEDUS<br \/>\n10 TIF\u0100NIJA<\/p>\n<div role=\"article\" data-tabster=\"{&quot;groupper&quot;:{&quot;tabbability&quot;:2},&quot;focusable&quot;:{}}\" data-content=\"ai-message\" aria-labelledby=\"dARUyEWDoEYhnSPXFwx5A-author dARUyEWDoEYhnSPXFwx5A-content\">\n<div id=\"dARUyEWDoEYhnSPXFwx5A-content\">\n<h3>K\u0101p\u0113c izv\u0113l\u0113ties BOOD INFINITY 30K Puffs vietn\u0113 vapestornado.com?<\/h3>\n<p>BOOD INFINITY 30K Puffs izce\u013cas k\u0101 sp\u0113les main\u012bt\u0101js vapingu pasaul\u0113, un vapestornado.com ir j\u016bsu galam\u0113r\u0137is, lai izbaud\u012btu t\u0101 pilnu potenci\u0101lu. L\u016bk, k\u0101p\u0113c:<\/p>\n<ol>\n<li><strong>Milz\u012bga dvesmu ietilp\u012bba:<\/strong> Ar neticamu <strong>30 000 dvesmu kalpo\u0161anas laiku<\/strong>, BOOD INFINITY ir paredz\u0113ts ilgsto\u0161ai lieto\u0161anai, samazinot nepiecie\u0161am\u012bbu p\u0113c bie\u017eas nomai\u0146as un pied\u0101v\u0101jot izcilu v\u0113rt\u012bbu.<\/li>\n<li><strong>Uzlabota tehnolo\u0123ija:<\/strong> Pied\u0101v\u0101jot <strong>Dubult\u0101 sieta spole<\/strong>, \u0161\u012b ier\u012bce nodro\u0161ina bl\u012bvu tvaiku ra\u017eo\u0161anu un bag\u0101t\u012bgas, konsekventas gar\u0161as, uzlabojot katru dvesmu, lai ieg\u016btu augst\u0101k\u0101s kvalit\u0101tes vapinga pieredzi.<\/li>\n<li><strong>Gudra uzraudz\u012bba:<\/strong> T\u0101 <strong>E-\u0161\u0137idrums<\/strong> nodro\u0161ina re\u0101llaika atjaunin\u0101jumus par e-\u0161\u0137idruma l\u012bmeni un akumulatora statusu, nodro\u0161inot, ka j\u016bs vienm\u0113r kontrol\u0113jat savu vape.<\/li>\n<li><strong>Piel\u0101gojama pieredze:<\/strong> Ar <strong>regul\u0113jama gaisa pl\u016bsmas sist\u0113ma<\/strong>, j\u016bs varat piel\u0101got savu vapinga stilu, lai tas atbilstu j\u016bsu v\u0113lm\u0113m, neatkar\u012bgi no t\u0101, vai dodat priek\u0161roku cie\u0161\u0101kam vilk\u0161anai vai atv\u0113rt\u0101kai gaisa pl\u016bsmai.<\/li>\n<li><strong>Videi draudz\u012bgs dizains:<\/strong> Apr\u012bkots ar <strong>uzl\u0101d\u0113jamu 650 mAh akumulatoru<\/strong>, BOOD INFINITY atbalsta ilgtsp\u0113j\u012bgu vapingu praksi, samazinot atkritumu daudzumu.<\/li>\n<li><strong>Konkur\u0113tsp\u0113j\u012bga cena:<\/strong> Vietn\u0113 vapestornado.com m\u0113s pied\u0101v\u0101jam \u0161o augstas veiktsp\u0113jas ier\u012bci par <strong>l\u0113tu cenu<\/strong>, nodro\u0161inot, ka j\u016bs ieg\u016bstat augst\u0101k\u0101s kvalit\u0101tes kvalit\u0101ti, nenoslogojot savu bud\u017eetu.<\/li>\n<li><strong>\u0100tra un uzticama pieg\u0101de:<\/strong> Visi pas\u016bt\u012bjumi tiek nos\u016bt\u012bti \u0101tri un dro\u0161i, ar pieg\u0101des iesp\u0113j\u0101m, kas atbilst j\u016bsu vajadz\u012bb\u0101m.<\/li>\n<\/ol>\n<p>vapestornado.com ir ap\u0146\u0113mies nodro\u0161in\u0101t augst\u0101k\u0101s klases vap\u0113\u0161anas produktus un izcilu klientu apkalpo\u0161anu. Iep\u0113rcieties jau \u0161odien un atkl\u0101jiet, k\u0101p\u0113c BOOD INFINITY 30K Puffs ir ide\u0101la izv\u0113le ilgsto\u0161ai, funkcij\u0101m bag\u0101tai un pieejamai vap\u0113\u0161anas pieredzei!<\/p>\n<\/div>\n<\/div>\n<h3>Bie\u017ei uzdotie jaut\u0101jumi par BOOD INFINITY 30k Puffs<\/h3>\n<p><strong>1. Cik ilgi darbojas BOOD INFINITY 30K Puffs?<\/strong><br \/>\nBOOD INFINITY ir paredz\u0113ts l\u012bdz 30 000 uzp\u016btieniem, padarot to par lielisku izv\u0113li ilgsto\u0161ai lieto\u0161anai bez bie\u017eas nomai\u0146as. Faktiskais lieto\u0161anas laiks var at\u0161\u0137irties atkar\u012bb\u0101 no individu\u0101lajiem vap\u0113\u0161anas paradumiem.<\/p>\n<p><strong>2. Vai bood vapes 30000 puffs ir j\u0101uzl\u0101d\u0113?<\/strong><br \/>\nJ\u0101, BOOD INFINITY ir uzl\u0101d\u0113jams <strong>650 mAh akumulators<\/strong> lai nodro\u0161in\u0101tu nemain\u012bgu veiktsp\u0113ju. Vienk\u0101r\u0161i izmantojiet sader\u012bgu uzl\u0101des kabeli, lai uzl\u0101d\u0113tu ier\u012bci, kad tas ir nepiecie\u0161ams.<\/p>\n<p><strong>3. Kas padara BOOD INFINITY 30k Puffs unik\u0101lu, sal\u012bdzinot ar citiem vienreiz lietojamiem veipiem?<\/strong><br \/>\n\u0160is veips izce\u013cas ar savu <strong>E-\u0161\u0137idrums<\/strong>, kas \u013cauj lietot\u0101jiem viegli uzraudz\u012bt gan e-\u0161\u0137idruma l\u012bmeni, gan akumulatora darb\u012bbas laiku. Turkl\u0101t, t\u0101 <strong>Dubult\u0101s t\u012bkla spoles tehnolo\u0123ija<\/strong> nodro\u0161ina vienm\u0113r\u012bg\u0101ku tvaiku un bag\u0101t\u012bgas gar\u0161as ar katru dvesmu.<\/p>\n<p>4.<strong>Cik ilgs laiks nepiecie\u0161ams, lai sa\u0146emtu pas\u016bt\u012bjumu, un no kurienes tas tiek nos\u016bt\u012bts?<\/strong><br \/>\nBOOD INFINITY ra\u017eo\u0161ana prasa <strong>3-5 darba dienas<\/strong>, un p\u0113c nos\u016bt\u012b\u0161anas tas aiz\u0146em <strong>10-15 darba dienas<\/strong> lai paka non\u0101ktu. Visi produkti tiek pieg\u0101d\u0101ti tie\u0161i no <strong>\u0136\u012bna<\/strong>.<\/p>\n<p>citi vapes, kas jums var\u0113tu patikt:<a href=\"https:\/\/vapestornado.com\/lv\/product-category\/bood-disposable-vapes\/\">BOOD VAPE VIENREIZ\u0112J\u0100S LIETO\u0160ANAS<\/a>\u00a0 \u00a0<a href=\"https:\/\/vapestornado.com\/lv\/product-category\/30000-puff\/\">30000 Puffs vape karst\u0101 p\u0101rdo\u0161ana\u00a0<\/a><\/p>","protected":false},"excerpt":{"rendered":"<p>BOOD 30k Puffs Geek Bar Vape: atk\u0101rtoti uzl\u0101d\u0113jams, pieejams veips ar 30 000 dvesm\u0101m. Ieg\u0101d\u0101jieties tagad augst\u0101k\u0101s kvalit\u0101tes produktus par lab\u0101ko cenu!<\/p>\n<figure id=\"attachment_2951\" aria-describedby=\"caption-attachment-2951\" style=\"width: 265px\" class=\"wp-caption alignnone\"><img decoding=\"async\" class=\"size-medium wp-image-2951\" src=\"https:\/\/vapestornado.com\/wp-content\/uploads\/2024\/12\/Wholesale-Disposable-Vape-265x300.jpg\" alt=\"Vienreiz\u0113j\u0101s lieto\u0161anas Vape vairumtirdzniec\u012bba\" width=\"265\" height=\"300\" srcset=\"https:\/\/vapestornado.com\/wp-content\/uploads\/2024\/12\/Wholesale-Disposable-Vape-265x300.jpg 265w, https:\/\/vapestornado.com\/wp-content\/uploads\/2024\/12\/Wholesale-Disposable-Vape-768x871.jpg 768w, https:\/\/vapestornado.com\/wp-content\/uploads\/2024\/12\/Wholesale-Disposable-Vape-600x680.jpg 600w, https:\/\/vapestornado.com\/wp-content\/uploads\/2024\/12\/Wholesale-Disposable-Vape.jpg 823w\" sizes=\"(max-width: 265px) 100vw, 265px\" \/><figcaption id=\"caption-attachment-2951\" class=\"wp-caption-text\">L\u016bdzu, sazinieties ar Mandiju WhatsApp, lai sa\u0146emtu atlaides cenu\u00a0 <a href=\"https:\/\/wa.me\/8618077105796\">+8618077105796<\/a><\/figcaption><\/figure>\n<p>&nbsp;<\/p>","protected":false},"featured_media":3495,"comment_status":"open","ping_status":"closed","template":"","meta":{"_acf_changed":false,"_uag_custom_page_level_css":"","_lmt_disableupdate":"no","_lmt_disable":"","_monsterinsights_skip_tracking":false,"_monsterinsights_sitenote_active":false,"_monsterinsights_sitenote_note":"","_monsterinsights_sitenote_category":0,"site-sidebar-layout":"default","site-content-layout":"","ast-site-content-layout":"default","site-content-style":"default","site-sidebar-style":"default","ast-global-header-display":"","ast-banner-title-visibility":"","ast-main-header-display":"","ast-hfb-above-header-display":"","ast-hfb-below-header-display":"","ast-hfb-mobile-header-display":"","site-post-title":"","ast-breadcrumbs-content":"","ast-featured-img":"","footer-sml-layout":"","ast-disable-related-posts":"","theme-transparent-header-meta":"default","adv-header-id-meta":"","stick-header-meta":"","header-above-stick-meta":"","header-main-stick-meta":"","header-below-stick-meta":"","astra-migrate-meta-layouts":"set","ast-page-background-enabled":"default","ast-page-background-meta":{"desktop":{"background-color":"","background-image":"","background-repeat":"repeat","background-position":"center center","background-size":"auto","background-attachment":"scroll","background-type":"","background-media":"","overlay-type":"","overlay-color":"","overlay-opacity":"","overlay-gradient":""},"tablet":{"background-color":"","background-image":"","background-repeat":"repeat","background-position":"center center","background-size":"auto","background-attachment":"scroll","background-type":"","background-media":"","overlay-type":"","overlay-color":"","overlay-opacity":"","overlay-gradient":""},"mobile":{"background-color":"","background-image":"","background-repeat":"repeat","background-position":"center center","background-size":"auto","background-attachment":"scroll","background-type":"","background-media":"","overlay-type":"","overlay-color":"","overlay-opacity":"","overlay-gradient":""}},"ast-content-background-meta":{"desktop":{"background-color":"var(--ast-global-color-5)","background-image":"","background-repeat":"repeat","background-position":"center center","background-size":"auto","background-attachment":"scroll","background-type":"","background-media":"","overlay-type":"","overlay-color":"","overlay-opacity":"","overlay-gradient":""},"tablet":{"background-color":"var(--ast-global-color-5)","background-image":"","background-repeat":"repeat","background-position":"center center","background-size":"auto","background-attachment":"scroll","background-type":"","background-media":"","overlay-type":"","overlay-color":"","overlay-opacity":"","overlay-gradient":""},"mobile":{"background-color":"var(--ast-global-color-5)","background-image":"","background-repeat":"repeat","background-position":"center center","background-size":"auto","background-attachment":"scroll","background-type":"","background-media":"","overlay-type":"","overlay-color":"","overlay-opacity":"","overlay-gradient":""}},"_joinchat":{"telephone":"+8618077105796"}},"product_brand":[],"product_cat":[67,64,140,193,149,150,151,152,153,154,155,156,157,158,58],"product_tag":[209,97],"class_list":{"0":"post-3386","1":"product","2":"type-product","3":"status-publish","4":"has-post-thumbnail","6":"product_cat-30000-puff","7":"product_cat-bangbox-vape","8":"product_cat-big-puffs-disposable-vapes","9":"product_cat-bood-disposable-vapes","10":"product_cat-buy-disposable-vapes-in-austria","11":"product_cat-buy-disposable-vapes-in-belgium","12":"product_cat-buy-disposable-vapes-in-france","13":"product_cat-buy-disposable-vapes-in-cermany","14":"product_cat-buy-disposable-vapes-in-italy","15":"product_cat-buy-disposable-vapes-in-netherlands","16":"product_cat-buy-disposable-vapes-in-norway","17":"product_cat-buy-disposable-vapes-in-poland","18":"product_cat-buy-disposable-vapes-in-portugal","19":"product_cat-buy-disposable-vapes-in-spain","20":"product_cat-fumot-vape","21":"product_tag-bood-infinity-30k-puffs","22":"product_tag-hot-sale-disposable-vape","23":"desktop-align-left","24":"tablet-align-left","25":"mobile-align-left","27":"first","28":"instock","29":"sale","30":"shipping-taxable","31":"purchasable","32":"product-type-simple"},"acf":[],"uagb_featured_image_src":{"full":["https:\/\/vapestornado.com\/wp-content\/uploads\/2024\/12\/bood-infinity-30k-blue-razz-ice-cheap-price.jpg",800,800,false],"thumbnail":["https:\/\/vapestornado.com\/wp-content\/uploads\/2024\/12\/bood-infinity-30k-blue-razz-ice-cheap-price-150x150.jpg",150,150,true],"medium":["https:\/\/vapestornado.com\/wp-content\/uploads\/2024\/12\/bood-infinity-30k-blue-razz-ice-cheap-price-300x300.jpg",300,300,true],"medium_large":["https:\/\/vapestornado.com\/wp-content\/uploads\/2024\/12\/bood-infinity-30k-blue-razz-ice-cheap-price-768x768.jpg",768,768,true],"large":["https:\/\/vapestornado.com\/wp-content\/uploads\/2024\/12\/bood-infinity-30k-blue-razz-ice-cheap-price.jpg",800,800,false],"1536x1536":["https:\/\/vapestornado.com\/wp-content\/uploads\/2024\/12\/bood-infinity-30k-blue-razz-ice-cheap-price.jpg",800,800,false],"2048x2048":["https:\/\/vapestornado.com\/wp-content\/uploads\/2024\/12\/bood-infinity-30k-blue-razz-ice-cheap-price.jpg",800,800,false],"trp-custom-language-flag":["https:\/\/vapestornado.com\/wp-content\/uploads\/2024\/12\/bood-infinity-30k-blue-razz-ice-cheap-price.jpg",12,12,false],"woocommerce_thumbnail":["https:\/\/vapestornado.com\/wp-content\/uploads\/2024\/12\/bood-infinity-30k-blue-razz-ice-cheap-price-300x300.jpg",300,300,true],"woocommerce_single":["https:\/\/vapestornado.com\/wp-content\/uploads\/2024\/12\/bood-infinity-30k-blue-razz-ice-cheap-price-600x600.jpg",600,600,true],"woocommerce_gallery_thumbnail":["https:\/\/vapestornado.com\/wp-content\/uploads\/2024\/12\/bood-infinity-30k-blue-razz-ice-cheap-price-100x100.jpg",100,100,true]},"uagb_author_info":{"display_name":"ESMANDY","author_link":"https:\/\/vapestornado.com\/lv\/author\/"},"uagb_comment_info":0,"uagb_excerpt":"BOOD 30k Puffs Geek Bar Vape: Rechargeable, affordable vape with 30,000 puffs. Shop now for premium quality at the best price! [caption id=\"attachment_2951\" align=\"alignnone\" width=\"265\"] Pls Contact Mandy's WhatsApp For Discount Price\u00a0 +8618077105796[\/caption] &nbsp;","_links":{"self":[{"href":"https:\/\/vapestornado.com\/lv\/wp-json\/wp\/v2\/product\/3386","targetHints":{"allow":["GET"]}}],"collection":[{"href":"https:\/\/vapestornado.com\/lv\/wp-json\/wp\/v2\/product"}],"about":[{"href":"https:\/\/vapestornado.com\/lv\/wp-json\/wp\/v2\/types\/product"}],"replies":[{"embeddable":true,"href":"https:\/\/vapestornado.com\/lv\/wp-json\/wp\/v2\/comments?post=3386"}],"wp:featuredmedia":[{"embeddable":true,"href":"https:\/\/vapestornado.com\/lv\/wp-json\/wp\/v2\/media\/3495"}],"wp:attachment":[{"href":"https:\/\/vapestornado.com\/lv\/wp-json\/wp\/v2\/media?parent=3386"}],"wp:term":[{"taxonomy":"product_brand","embeddable":true,"href":"https:\/\/vapestornado.com\/lv\/wp-json\/wp\/v2\/product_brand?post=3386"},{"taxonomy":"product_cat","embeddable":true,"href":"https:\/\/vapestornado.com\/lv\/wp-json\/wp\/v2\/product_cat?post=3386"},{"taxonomy":"product_tag","embeddable":true,"href":"https:\/\/vapestornado.com\/lv\/wp-json\/wp\/v2\/product_tag?post=3386"}],"curies":[{"name":"wp","href":"https:\/\/api.w.org\/{rel}","templated":true}]}}