{"id":3385,"date":"2024-12-26T03:09:17","date_gmt":"2024-12-26T03:09:17","guid":{"rendered":"https:\/\/vapestornado.com\/?post_type=product&#038;p=3385"},"modified":"2025-08-23T11:12:32","modified_gmt":"2025-08-23T11:12:32","slug":"wga-crystal-plus-20000-puff-vape-2-in-1-rechargeable-disposable-vape-wholesale-bulk-buy","status":"publish","type":"product","link":"https:\/\/vapestornado.com\/lv\/product\/wga-crystal-plus-20000-puff-vape-2-in-1-rechargeable-disposable-vape-wholesale-bulk-buy\/","title":{"rendered":"WGA Crystal Plus 20000 dvesmu tvaiks 2 in 1 uzl\u0101d\u0113jams vienreizlietojams tvaiks, vairumtirdzniec\u012bbas liels pirkums"},"content":{"rendered":"<h1 class=\"product-title\">WGA Crystal Plus 20000 dvesmu tvaiks 2 in 1 uzl\u0101d\u0113jams vienreizlietojams tvaiks, vairumtirdzniec\u012bbas liels pirkums<\/h1>\n<p data-start=\"239\" data-end=\"582\">T\u0101 <strong data-start=\"243\" data-end=\"275\">WGA Krist\u0101la Plus 20000 Puffs<\/strong> ir praktisks 2\u2011in\u20111 variants priek\u0161 <strong data-start=\"309\" data-end=\"360\">ES mazumtirgot\u0101jiem, izplat\u012bt\u0101jiem un B2B beztaras pirc\u0113jiem<\/strong> kas v\u0113las da\u017e\u0101d\u012bbu, neuzglab\u0101jot papildu SKU. Katra ier\u012bce nodro\u0161ina l\u012bdz pat <strong data-start=\"433\" data-end=\"449\">20 000 uzp\u016btieniem<\/strong> un \u013cauj klientiem <strong data-start=\"469\" data-end=\"511\">p\u0101rsl\u0113gties starp div\u0101m iepriek\u0161 uzpild\u012bt\u0101m gar\u0161\u0101m<\/strong> nekav\u0113joties \u2014 ide\u0101li piem\u0113rots veikaliem, kas apkalpo da\u017e\u0101dus gar\u0161as profilus vien\u0101 produkt\u0101.<\/p>\n<p data-start=\"584\" data-end=\"988\">A <strong data-start=\"586\" data-end=\"616\">Uzl\u0101d\u0113jams Type\u2011C dizains<\/strong> pal\u012bdz nodro\u0161in\u0101t, ka pods tiek piln\u012bb\u0101 izmantots, samazinot e\u2011\u0161\u0137idruma atkritumus un atgrie\u0161anu. Krist\u0101la korpuss ir kompakts letes displejiem un n\u0113s\u0101\u0161anai kabat\u0101, savuk\u0101rt t\u012bra gar\u0161as izlaide atbalsta atk\u0101rtotus p\u0101rdo\u0161anas apjomus \u0113rt\u012bbu un vape specializ\u0113tajos kan\u0101los. <strong data-start=\"850\" data-end=\"881\">Vair\u0101ki nikot\u012bna stiprumi<\/strong> (pieejam\u012bba at\u0161\u0137iras atkar\u012bb\u0101 no tirgus) padara l\u012bniju piem\u0113rotu gan viegliem lietot\u0101jiem, gan regul\u0101riem lietot\u0101jiem vis\u0101 Eirop\u0101.<\/p>\n<p data-start=\"990\" data-end=\"1021\"><strong data-start=\"990\" data-end=\"1021\">K\u0101p\u0113c tas darbojas vairumtirdzniec\u012bb\u0101:<\/strong><\/p>\n<ul data-start=\"1022\" data-end=\"1325\">\n<li data-start=\"1022\" data-end=\"1079\">\n<p data-start=\"1024\" data-end=\"1079\"><strong data-start=\"1024\" data-end=\"1037\">20K uzp\u016btienu<\/strong> vien\u012bb\u0101 ilg\u0101kiem p\u0101rdo\u0161anas cikliem<\/p>\n<\/li>\n<li data-start=\"1080\" data-end=\"1157\">\n<p data-start=\"1082\" data-end=\"1157\"><strong data-start=\"1082\" data-end=\"1105\">2\u2011in\u20111 divu gar\u0161u<\/strong> p\u0101rsl\u0113g\u0161ana = pla\u0161\u0101ka pievilc\u012bba, maz\u0101k variantu kr\u0101jum\u0101<\/p>\n<\/li>\n<li data-start=\"1158\" data-end=\"1238\">\n<p data-start=\"1160\" data-end=\"1238\"><strong data-start=\"1160\" data-end=\"1187\">Uzl\u0101d\u0113jams, izmantojot Type\u2011C<\/strong> lab\u0101kai izmanto\u0161anai un klientu apmierin\u0101t\u012bbai<\/p>\n<\/li>\n<li data-start=\"1239\" data-end=\"1325\">\n<p data-start=\"1241\" data-end=\"1325\"><strong data-start=\"1241\" data-end=\"1284\">Lielapjoma iepakojums<\/strong>, kas paredz\u0113ts ES mazumtirgot\u0101jiem un izplat\u012bt\u0101jiem<\/p>\n<\/li>\n<\/ul>\n<p><span style=\"color: #ff0000;\"><strong>Pievienojiet Eimijas Whatsapp, lai sa\u0146emtu pareizo atbildi un vape kuponu!<\/strong><\/span><\/p>\n<p><img fetchpriority=\"high\" decoding=\"async\" class=\"size-full wp-image-2932\" src=\"https:\/\/vapestornado.com\/wp-content\/uploads\/2024\/12\/Vape-Wholesale.jpg\" alt=\"Veipu Vairumtirdzniec\u012bba\" width=\"229\" height=\"300\" \/><\/p>\n<h3><a href=\"https:\/\/wa.me\/8617776015835\" target=\"_blank\" rel=\"noopener\"><span style=\"color: #ff0000;\"><strong>WhatsApp: +86 17776015835<\/strong><\/span><\/a><\/h3>\n<p>&nbsp;<\/p>\n<h2 class=\"product-title\">WGA Crystal Plus 20000 Vienreizlietojamais Vape<strong> Produkta \u012bpa\u0161\u012bbas<\/strong><\/h2>\n<div role=\"article\" data-tabster=\"{&quot;groupper&quot;:{&quot;tabbability&quot;:2},&quot;focusable&quot;:{}}\" data-content=\"ai-message\" aria-labelledby=\"juhNTJ6o7Gk1cgwZMJgv2-author juhNTJ6o7Gk1cgwZMJgv2-content\">\n<div id=\"juhNTJ6o7Gk1cgwZMJgv2-content\">\n<div role=\"article\" data-tabster=\"{&quot;groupper&quot;:{&quot;tabbability&quot;:2},&quot;focusable&quot;:{}}\" data-content=\"ai-message\" aria-labelledby=\"x4EZuCZWrTbh3weWUt7CU-author x4EZuCZWrTbh3weWUt7CU-content\">\n<div id=\"x4EZuCZWrTbh3weWUt7CU-content\">\n<div class=\"flex max-w-full flex-col flex-grow\">\n<div class=\"min-h-8 text-message flex w-full flex-col items-end gap-2 whitespace-normal break-words text-start [.text-message+&amp;]:mt-5\" dir=\"auto\" data-message-author-role=\"assistant\" data-message-id=\"52c6e00a-252f-4104-805d-2f1a84739c71\" data-message-model-slug=\"gpt-4o\">\n<div class=\"flex w-full flex-col gap-1 empty:hidden first:pt-[3px]\">\n<div class=\"markdown prose w-full break-words dark:prose-invert light\">\n<h4><\/h4>\n<h4><strong>Nep\u0101rsp\u0113jama pufi ietilp\u012bba<\/strong><\/h4>\n<p>Ar <strong>20 000 uzp\u016btieniem<\/strong>, Crystal Plus nodro\u0161ina ilgsto\u0161u lieto\u0161anu, padarot to par uzticamu pavadoni ilgsto\u0161\u0101m vape sesij\u0101m.<\/p>\n<h4><strong>Skaidrs LCD displejs<\/strong><\/h4>\n<p>Ier\u012bcei ir <strong>krist\u0101ldzidrs LCD ekr\u0101ns<\/strong> kas inform\u0113 par akumulatora un e-\u0161\u0137idruma l\u012bmeni, nov\u0113r\u0161ot min\u0113jumus.<\/p>\n<h4><strong>Uzl\u0101d\u0113jams 650mAh akumulators<\/strong><\/h4>\n<p>Darbojas ar <strong>650mAh uzl\u0101d\u0113jams akumulators<\/strong>, \u0161is veips ir paredz\u0113ts ilgm\u016b\u017e\u012bbai un \u0113rt\u012bbai. <strong>USB Type-C uzl\u0101des ports<\/strong> nodro\u0161ina \u0101tru un efekt\u012bvu uzl\u0101di, lai j\u016bs var\u0113tu pavad\u012bt vair\u0101k laika veipojot un maz\u0101k laika gaidot.<\/p>\n<h4><strong>Dubult\u0101s t\u012bkla spoles tehnolo\u0123ija<\/strong><\/h4>\n<p>Apr\u012bkots ar modernu <strong>dubultas sieta spoles<\/strong>, Crystal Plus nodro\u0161ina vienm\u0113r\u012bgu, konsekventu tvaiku un bag\u0101t\u012bgu gar\u0161u ar katru vilcienu. \u0160\u012b tehnolo\u0123ija uzlabo e-\u0161\u0137idruma efektivit\u0101ti un nodro\u0161ina apmierino\u0161u Mouth-to-Lung (MTL) veipo\u0161anas pieredzi.<\/p>\n<h4><strong>18 izsmalcin\u0101tas gar\u0161as<\/strong><\/h4>\n<p>Izv\u0113lieties no <strong>18 r\u016bp\u012bgi izstr\u0101d\u0101t\u0101m gar\u0161\u0101m<\/strong>, katra no t\u0101m ir rad\u012bta, lai iepriecin\u0101tu j\u016bsu gar\u0161as k\u0101rpi\u0146as. No aug\u013cu l\u012bdz piparm\u0113tru un t\u0101l\u0101k, ikvienam ir kaut kas piem\u0113rots.<\/p>\n<h4><strong>Iepakots \u0113rt\u012bbai<\/strong><\/h4>\n<p>Pieejams <strong>10 vien\u012bbu lielie iepakojumi<\/strong>, WGA Crystal Plus ir lieliska izv\u0113le vairumtirgot\u0101jiem, mazumtirgot\u0101jiem vai ikvienam, kas v\u0113las ieg\u0101d\u0101ties augstas veiktsp\u0113jas vienreizlietojamo veipu.<\/p>\n<\/div>\n<\/div>\n<\/div>\n<\/div>\n<div class=\"mb-2 flex gap-3 empty:hidden -ml-2\">\n<p>&nbsp;<\/p>\n<\/div>\n<\/div>\n<\/div>\n<\/div>\n<\/div>\n<h2 class=\"product-title\"><strong>Popul\u0101r\u0101k\u0101s gar\u0161as WGA Crystal Plus 20000 Puffs vienreizlietojamajiem veipiem<\/strong><\/h2>\n<p>1.ZILA V\u012a\u0122E \u0136IR\u0160U\/FIZZY CHERRY<br \/>\n2.ZILA V\u012a\u0122E GUMIJVEIDA\/ZILA AVE\u0145U\u00a0 <span style=\"color: #ff0000;\"><strong>&gt;&gt;&gt;&gt; Karsts!<\/strong><\/span><br \/>\n3.ZILA V\u012a\u0122E LIMON\u0100DE\/KOLA CITRONU<br \/>\n4.SVAIGA P\u0112R\u0160ANA\/DUBULTA MENTOLA<br \/>\n5.GUMIJL\u0100C\u012aTIS\/SKITTLES <span style=\"color: #ff0000;\"><strong>&gt;&gt;&gt;&gt; Lab\u0101kais!<\/strong><\/span><br \/>\n6.HEISENBERGS\/PINK MAN<br \/>\n7.CITRONS<br \/>\n8.ANAN\u0100SU LEDUS\/ANAN\u0100SU PERSIKU MANGO<br \/>\n9.ANAN\u0100SU CITRONS\/VIENUOGU LEDUS<br \/>\n10.VASARAS SAPNIS\/\u0136IR\u0160U KOLAS LEDUS<br \/>\n11.ZEME\u0145U SALD\u0112JUMS\/ZEME\u0145U BAN\u0100NS<br \/>\n12.ZEME\u0145U AVE\u0145U LEDUS\/MELLENU \u0136IR\u0160U DZ\u0112RVE\u0145U <span style=\"color: #ff0000;\"><strong>&gt;&gt;&gt;&gt; Karsts!<\/strong><\/span><br \/>\n13.TR\u012aSK\u0100R\u0160AIS MANGO\/KIVI PASSIJAS AUG\u013bU GVAJA<br \/>\n14.ARBUZU LEDUS\/DUBULTS \u0100BOLS<br \/>\n15.ARBUZA HUBBA BUBBA\/MELLE\u0145U HUBBA BUBBA<br \/>\n16.BAN\u0100NU LEDUS\/GVAJAVES LEDUS<br \/>\n17.MELLE\u0145U LEDUS\/ZEME\u0145U LEDUS <span style=\"color: #ff0000;\"><strong>&gt;&gt;&gt;&gt; Karsts!<\/strong><\/span><br \/>\n18.MELLE\u0145U LEDUS SALD\u0112JUMS\/ZEME\u0145U LEDUS SALD\u0112JUMS<br \/>\n19.\u0136IR\u0160U LEDUS\/APELS\u012aNU LEDUS<br \/>\n20.SUL\u012aGS PERSIKS\/PERSIKU \u0100BOLU LEDUS <span style=\"color: #ff0000;\"><strong>&gt;&gt;&gt;&gt; Karsts!<\/strong><\/span><\/p>\n<div class=\"flex-shrink-0 flex flex-col relative items-end\">\n<div class=\"pt-0\">\n<div class=\"gizmo-bot-avatar flex h-8 w-8 items-center justify-center overflow-hidden rounded-full\">\n<div class=\"relative p-1 rounded-sm flex items-center justify-center bg-token-main-surface-primary text-token-text-primary h-8 w-8\">\n<figure id=\"attachment_3374\" aria-describedby=\"caption-attachment-3374\" style=\"width: 1000px\" class=\"wp-caption alignnone\"><img decoding=\"async\" class=\"wp-image-3374 size-full\" src=\"https:\/\/vapestornado.com\/wp-content\/uploads\/2024\/12\/WGA-Crystal-20K-Puffs-Disposable-Vape-Bulk-Buy.jpg\" alt=\"WGA Crystal 20K Puffs Vienreizlietojamo Veipu Lielapjoma Pirkums\" width=\"1000\" height=\"520\" srcset=\"https:\/\/vapestornado.com\/wp-content\/uploads\/2024\/12\/WGA-Crystal-20K-Puffs-Disposable-Vape-Bulk-Buy.jpg 1000w, https:\/\/vapestornado.com\/wp-content\/uploads\/2024\/12\/WGA-Crystal-20K-Puffs-Disposable-Vape-Bulk-Buy-300x156.jpg 300w, https:\/\/vapestornado.com\/wp-content\/uploads\/2024\/12\/WGA-Crystal-20K-Puffs-Disposable-Vape-Bulk-Buy-768x399.jpg 768w, https:\/\/vapestornado.com\/wp-content\/uploads\/2024\/12\/WGA-Crystal-20K-Puffs-Disposable-Vape-Bulk-Buy-600x312.jpg 600w\" sizes=\"(max-width: 1000px) 100vw, 1000px\" \/><figcaption id=\"caption-attachment-3374\" class=\"wp-caption-text\">WGA Crystal 20K Puffs Vienreizlietojamo Veipu Lielapjoma Pirkums<\/figcaption><\/figure>\n<h2>Bie\u017e\u0101k uzdotie jaut\u0101jumi par WGA Crystal Plus 20000 Vienreizlietojamo Veipu<\/h2>\n<div class=\"flex max-w-full flex-col flex-grow\">\n<div class=\"min-h-8 text-message flex w-full flex-col items-end gap-2 whitespace-normal break-words text-start [.text-message+&amp;]:mt-5\" dir=\"auto\" data-message-author-role=\"assistant\" data-message-id=\"4dc48248-df95-45bd-b800-6dedb43cf7f1\" data-message-model-slug=\"gpt-4o\">\n<div class=\"flex w-full flex-col gap-1 empty:hidden first:pt-[3px]\">\n<div class=\"markdown prose w-full break-words dark:prose-invert light\">\n<h3><\/h3>\n<ol>\n<li><strong>Kas padara WGA Crystal Plus 20000 Puffs unik\u0101lu?<\/strong><br \/>\nT\u0101 <strong>WGA Krist\u0101la Plus 20000 Puffs<\/strong> ir apr\u012bkots ar <strong>divu gar\u0161u sist\u0113ma<\/strong>, kas \u013cauj p\u0101rsl\u0113gties starp div\u0101m iepriek\u0161 uzpild\u012bt\u0101m gar\u0161\u0101m vien\u0101 ier\u012bc\u0113, pied\u0101v\u0101jot nep\u0101rsp\u0113jamu daudzpus\u012bbu un \u0113rt\u012bbu.<\/li>\n<li><strong>K\u0101 es varu p\u0101rbaud\u012bt WGA Crystal Plus 20k akumulatora un e-\u0161\u0137idruma l\u012bme\u0146us?<\/strong><br \/>\n\u0160\u012b ier\u012bce ietver <strong>krist\u0101ldzidru LCD displeju<\/strong>, kas r\u0101da gan akumulatora darb\u012bbas laiku, gan e-\u0161\u0137idruma l\u012bmeni, nodro\u0161inot, ka vienm\u0113r esat inform\u0113ts par sava veipa statusu.<\/li>\n<li><strong>K\u0101das gar\u0161as ir pieejamas WGA Crystal 20000 divu gar\u0161u veipam?<\/strong><br \/>\nIr pieejamas <strong>18 aizraujo\u0161as gar\u0161u kombin\u0101cijas<\/strong>, piem\u0113ram <strong>Zil\u0101 Avenes \u0136ir\u0161u<\/strong> un <strong>Arb\u016bzu Ledus<\/strong>, apmierinot da\u017e\u0101das gar\u0161as v\u0113lmes.<\/li>\n<li><strong>Vai es varu uzl\u0101d\u0113t WGA Crystal 20k Puff vienreizlietojamo tvaiku?<\/strong><br \/>\nJ\u0101, tas ir komplekt\u0101 ar <strong>uzl\u0101d\u0113jamu 650 mAh akumulatoru<\/strong> un <strong>Type-C uzl\u0101des ports<\/strong>, nodro\u0161inot \u0101tru un \u0113rtu uzl\u0101di ilgsto\u0161ai lieto\u0161anai.<\/li>\n<li><strong>Vai WGA Crystal Plus 20000 ir piem\u0113rots MTL (Mouth-to-Lung) tvaic\u0113\u0161anai?<\/strong><br \/>\nNoteikti! T\u0101 <strong>dubultu sieta spoles tehnolo\u0123iju<\/strong> nodro\u0161ina vienm\u0113r\u012bgu tvaiku ra\u017eo\u0161anu, padarot to ide\u0101li piem\u0113rotu MTL tvaic\u0113t\u0101jiem, kuriem pat\u012bk kontrol\u0113ti, arom\u0101tiski d\u016bmi.<\/li>\n<\/ol>\n<\/div>\n<\/div>\n<\/div>\n<\/div>\n<div class=\"mb-2 flex gap-3 empty:hidden -ml-2\">\n<div class=\"items-center justify-start rounded-xl p-1 flex\"><\/div>\n<\/div>\n<\/div>\n<\/div>\n<\/div>\n<\/div>\n<div class=\"flex-shrink-0 flex flex-col relative items-end\">\n<div class=\"pt-0\">\n<div class=\"gizmo-bot-avatar flex h-8 w-8 items-center justify-center overflow-hidden rounded-full\">\n<div class=\"relative p-1 rounded-sm flex items-center justify-center bg-token-main-surface-primary text-token-text-primary h-8 w-8\">\n<div class=\"mb-2 flex gap-3 empty:hidden -ml-2\">\n<div role=\"article\" data-tabster=\"{&quot;groupper&quot;:{&quot;tabbability&quot;:2},&quot;focusable&quot;:{}}\" data-content=\"ai-message\" aria-labelledby=\"Vdt5ez4X7Tg813x6rFVha-author Vdt5ez4X7Tg813x6rFVha-content\">\n<div id=\"Vdt5ez4X7Tg813x6rFVha-content\">\n<div role=\"article\" data-tabster=\"{&quot;groupper&quot;:{&quot;tabbability&quot;:2},&quot;focusable&quot;:{}}\" data-content=\"ai-message\" aria-labelledby=\"o968oC7CEo2fGHsGdsRYC-author o968oC7CEo2fGHsGdsRYC-content\">\n<div id=\"o968oC7CEo2fGHsGdsRYC-content\">\n<p>&nbsp;<\/p>\n<h2>K\u0101p\u0113c izv\u0113l\u0113ties vapestornado WGA Crystal 15000 Puffs Vape vairumtirdzniec\u012bbai?<\/h2>\n<div class=\"flex-shrink-0 flex flex-col relative items-end\">\n<div class=\"pt-0\">\n<div class=\"gizmo-bot-avatar flex h-8 w-8 items-center justify-center overflow-hidden rounded-full\">\n<div class=\"relative p-1 rounded-sm flex items-center justify-center bg-token-main-surface-primary text-token-text-primary h-8 w-8\">\n<p>Laipni l\u016bdzam vapestornado, j\u016bsu uzticamaj\u0101 tie\u0161saistes vape veikal\u0101, kur\u0101 var ieg\u0101d\u0101ties augst\u0101k\u0101s kvalit\u0101tes vienreiz\u0113j\u0101s lieto\u0161anas vapes. Ar vair\u0101k nek\u0101 5 gadu pieredzi m\u0113s pied\u0101v\u0101jam popul\u0101rus vienreiz\u0113j\u0101s lieto\u0161anas vape z\u012bmolus, piem\u0113ram, Fumot RandM Vape, <a href=\"https:\/\/vapestornado.com\/lv\/product-category\/vapme-shisha\/\">Vapme<\/a>, Bang Vape, Waspe Vape un WGA Vape, u.c.<\/p>\n<p>M\u016bsu kl\u0101st\u0101 ir iek\u013cauti karstie izp\u0101rdo\u0161anas veipi, piem\u0113ram, <a href=\"https:\/\/vapestornado.com\/lv\/product\/randm-12000-puffs-fumot-digital-disposable-vape-wholesale-price\/\">RandM Tornado 12000<\/a>, un bag\u0101t\u012bgas gar\u0161as izv\u0113les, piem\u0113ram, <a href=\"https:\/\/vapestornado.com\/lv\/product\/wga-crystal-pro-max-extra-15000-puffs-rechargeable-disposable-vape-wholesale-bulk-buy\/\">\u00a0WGA Krist\u0101ls 15k P\u016b\u0161\u013ci<\/a> . Katrs produkts ir izv\u0113l\u0113ts, koncentr\u0113joties uz kvalit\u0101ti, v\u0113rt\u012bbu un daudzveid\u012bbu, nodro\u0161inot, ka j\u016bs atrad\u012bsiet perfektu atbilst\u012bbu sav\u0101m vajadz\u012bb\u0101m. Atkl\u0101jiet izcilu servisu un pla\u0161u popul\u0101r\u0101ko produktu kl\u0101stu par vairumtirdzniec\u012bbas cen\u0101m vietn\u0113 vapestornado.<\/p>\n<\/div>\n<p>&nbsp;<\/p>\n<p><strong>Citi karstie izp\u0101rdo\u0161anas vienreiz\u0113j\u0101s lieto\u0161anas veipi<\/strong><\/p>\n<p><a href=\"https:\/\/vapestornado.com\/lv\/product\/bang-vape-35000-puffs-low-nicotine-bulk-buy-rechargeable-disposable-vapes-box-wholesale-price\/\">Bang Vape 35000 P\u016b\u0161\u013ci <span style=\"color: #ff0000;\"><strong>&gt;&gt;&gt;&gt; Uz priek\u0161u!<\/strong><\/span><\/a><\/p>\n<p><a href=\"https:\/\/vapestornado.com\/lv\/product\/vopk-ultra-40000-puffs-2-in-1-digital-screen-rechargeable-disposable-vape\/\">VOPK 40000 Dubult\u0101 gar\u0161a<span style=\"color: #ff0000;\"><strong>&gt;&gt;&gt;&gt; Uz priek\u0161u!<\/strong><\/span><\/a><\/p>\n<p><a href=\"https:\/\/vapestornado.com\/lv\/product\/bood-twins-46000-puff-double-flavour-low-nicotine-disposable-vape-wholesale-bulk-buy-price\/\">Bood Twins 46000<span style=\"color: #ff0000;\"><strong>&gt;&gt;&gt;&gt; Uz priek\u0161u!<\/strong><\/span><\/a><\/p>\n<\/div>\n<\/div>\n<\/div>\n<p>&nbsp;<\/p>\n<\/div>\n<\/div>\n<\/div>\n<\/div>\n<\/div>\n<\/div>\n<\/div>\n<\/div>\n<\/div>","protected":false},"excerpt":{"rendered":"<p><strong data-start=\"1473\" data-end=\"1505\">WGA Krist\u0101la Plus 20000 Puffs<\/strong>\u2014a <strong data-start=\"1508\" data-end=\"1552\">2\u2011in\u20111 divu gar\u0161u, Type\u2011C uzl\u0101d\u0113jams<\/strong> vienreiz\u0113j\u0101s lieto\u0161anas ier\u012bce, kas izveidota priek\u0161 <strong data-start=\"1574\" data-end=\"1606\">ES vairumtirdzniec\u012bbas un beztaras pas\u016bt\u012bjumiem<\/strong>. Liela ietilp\u012bba, vienk\u0101r\u0161a gar\u0161as mai\u0146a un mazumtirgot\u0101jam draudz\u012bgs iepakojums sp\u0113c\u012bgiem, atk\u0101rtotiem p\u0101rdo\u0161anas apjomiem.<\/p>\n<p><strong>Pievienojiet Eimijas whatsapp, lai sa\u0146emtu pareizu atbildi un iztvaic\u0113t\u0101ja kuponu!<\/strong><\/p>\n<p><img fetchpriority=\"high\" decoding=\"async\" class=\"size-full wp-image-2932\" src=\"https:\/\/vapestornado.com\/wp-content\/uploads\/2024\/12\/Vape-Wholesale.jpg\" alt=\"Veipu Vairumtirdzniec\u012bba\" width=\"229\" height=\"300\" \/><\/p>\n<h3><a href=\"https:\/\/wa.me\/8617776015835\"><span style=\"color: #ff0000;\"><strong>WhatsApp: +86 17776015835<\/strong><\/span><\/a><\/h3>\n<p>&nbsp;<\/p>","protected":false},"featured_media":3370,"comment_status":"open","ping_status":"closed","template":"","meta":{"_acf_changed":false,"_uag_custom_page_level_css":"","_lmt_disableupdate":"no","_lmt_disable":"","_monsterinsights_skip_tracking":false,"_monsterinsights_sitenote_active":false,"_monsterinsights_sitenote_note":"","_monsterinsights_sitenote_category":0,"site-sidebar-layout":"default","site-content-layout":"","ast-site-content-layout":"default","site-content-style":"default","site-sidebar-style":"default","ast-global-header-display":"","ast-banner-title-visibility":"","ast-main-header-display":"","ast-hfb-above-header-display":"","ast-hfb-below-header-display":"","ast-hfb-mobile-header-display":"","site-post-title":"","ast-breadcrumbs-content":"","ast-featured-img":"","footer-sml-layout":"","ast-disable-related-posts":"","theme-transparent-header-meta":"default","adv-header-id-meta":"","stick-header-meta":"","header-above-stick-meta":"","header-main-stick-meta":"","header-below-stick-meta":"","astra-migrate-meta-layouts":"set","ast-page-background-enabled":"default","ast-page-background-meta":{"desktop":{"background-color":"","background-image":"","background-repeat":"repeat","background-position":"center center","background-size":"auto","background-attachment":"scroll","background-type":"","background-media":"","overlay-type":"","overlay-color":"","overlay-opacity":"","overlay-gradient":""},"tablet":{"background-color":"","background-image":"","background-repeat":"repeat","background-position":"center center","background-size":"auto","background-attachment":"scroll","background-type":"","background-media":"","overlay-type":"","overlay-color":"","overlay-opacity":"","overlay-gradient":""},"mobile":{"background-color":"","background-image":"","background-repeat":"repeat","background-position":"center center","background-size":"auto","background-attachment":"scroll","background-type":"","background-media":"","overlay-type":"","overlay-color":"","overlay-opacity":"","overlay-gradient":""}},"ast-content-background-meta":{"desktop":{"background-color":"var(--ast-global-color-5)","background-image":"","background-repeat":"repeat","background-position":"center center","background-size":"auto","background-attachment":"scroll","background-type":"","background-media":"","overlay-type":"","overlay-color":"","overlay-opacity":"","overlay-gradient":""},"tablet":{"background-color":"var(--ast-global-color-5)","background-image":"","background-repeat":"repeat","background-position":"center center","background-size":"auto","background-attachment":"scroll","background-type":"","background-media":"","overlay-type":"","overlay-color":"","overlay-opacity":"","overlay-gradient":""},"mobile":{"background-color":"var(--ast-global-color-5)","background-image":"","background-repeat":"repeat","background-position":"center center","background-size":"auto","background-attachment":"scroll","background-type":"","background-media":"","overlay-type":"","overlay-color":"","overlay-opacity":"","overlay-gradient":""}},"_joinchat":{"telephone":"+8617776015835"}},"product_brand":[],"product_cat":[69,151,155,142,146,59],"product_tag":[165,105,97,166,94,205,206,204],"class_list":{"0":"post-3385","1":"product","2":"type-product","3":"status-publish","4":"has-post-thumbnail","6":"product_cat-20000-puff","7":"product_cat-buy-disposable-vapes-in-france","8":"product_cat-buy-disposable-vapes-in-norway","9":"product_cat-digital-box-disposable-vapes","10":"product_cat-rechargeable-disposable-vapes","11":"product_cat-wga-crystal-vape","12":"product_tag-cheap-vapes","13":"product_tag-digital-disposable-vape","14":"product_tag-hot-sale-disposable-vape","15":"product_tag-low-nicotine-vape","16":"product_tag-rechargeable-disposable-vape","17":"product_tag-wga-crystal-20k","18":"product_tag-wga-crystal-plus-20000","19":"product_tag-wga-vape","20":"desktop-align-left","21":"tablet-align-left","22":"mobile-align-left","24":"first","25":"instock","26":"sale","27":"shipping-taxable","28":"purchasable","29":"product-type-simple"},"acf":[],"uagb_featured_image_src":{"full":["https:\/\/vapestornado.com\/wp-content\/uploads\/2024\/12\/WGA-Crystal-Plus-20000-Disposable-Vape-Wholesale.jpg",1000,992,false],"thumbnail":["https:\/\/vapestornado.com\/wp-content\/uploads\/2024\/12\/WGA-Crystal-Plus-20000-Disposable-Vape-Wholesale-150x150.jpg",150,150,true],"medium":["https:\/\/vapestornado.com\/wp-content\/uploads\/2024\/12\/WGA-Crystal-Plus-20000-Disposable-Vape-Wholesale-300x298.jpg",300,298,true],"medium_large":["https:\/\/vapestornado.com\/wp-content\/uploads\/2024\/12\/WGA-Crystal-Plus-20000-Disposable-Vape-Wholesale-768x762.jpg",768,762,true],"large":["https:\/\/vapestornado.com\/wp-content\/uploads\/2024\/12\/WGA-Crystal-Plus-20000-Disposable-Vape-Wholesale.jpg",1000,992,false],"1536x1536":["https:\/\/vapestornado.com\/wp-content\/uploads\/2024\/12\/WGA-Crystal-Plus-20000-Disposable-Vape-Wholesale.jpg",1000,992,false],"2048x2048":["https:\/\/vapestornado.com\/wp-content\/uploads\/2024\/12\/WGA-Crystal-Plus-20000-Disposable-Vape-Wholesale.jpg",1000,992,false],"trp-custom-language-flag":["https:\/\/vapestornado.com\/wp-content\/uploads\/2024\/12\/WGA-Crystal-Plus-20000-Disposable-Vape-Wholesale.jpg",12,12,false],"woocommerce_thumbnail":["https:\/\/vapestornado.com\/wp-content\/uploads\/2024\/12\/WGA-Crystal-Plus-20000-Disposable-Vape-Wholesale-300x300.jpg",300,300,true],"woocommerce_single":["https:\/\/vapestornado.com\/wp-content\/uploads\/2024\/12\/WGA-Crystal-Plus-20000-Disposable-Vape-Wholesale-600x595.jpg",600,595,true],"woocommerce_gallery_thumbnail":["https:\/\/vapestornado.com\/wp-content\/uploads\/2024\/12\/WGA-Crystal-Plus-20000-Disposable-Vape-Wholesale-100x100.jpg",100,100,true]},"uagb_author_info":{"display_name":"ESAMY","author_link":"https:\/\/vapestornado.com\/lv\/author\/"},"uagb_comment_info":0,"uagb_excerpt":"WGA Crystal Plus 20000 Puffs\u2014a 2\u2011in\u20111 dual\u2011flavour, Type\u2011C rechargeable disposable built for EU wholesale and bulk orders. High capacity, easy flavour switch, and retailer\u2011friendly packaging for strong, repeatable sales. Add Amy's whatsapp get right reply and vape coupon! WhatsApp: +86 17776015835 &nbsp;","_links":{"self":[{"href":"https:\/\/vapestornado.com\/lv\/wp-json\/wp\/v2\/product\/3385","targetHints":{"allow":["GET"]}}],"collection":[{"href":"https:\/\/vapestornado.com\/lv\/wp-json\/wp\/v2\/product"}],"about":[{"href":"https:\/\/vapestornado.com\/lv\/wp-json\/wp\/v2\/types\/product"}],"replies":[{"embeddable":true,"href":"https:\/\/vapestornado.com\/lv\/wp-json\/wp\/v2\/comments?post=3385"}],"wp:featuredmedia":[{"embeddable":true,"href":"https:\/\/vapestornado.com\/lv\/wp-json\/wp\/v2\/media\/3370"}],"wp:attachment":[{"href":"https:\/\/vapestornado.com\/lv\/wp-json\/wp\/v2\/media?parent=3385"}],"wp:term":[{"taxonomy":"product_brand","embeddable":true,"href":"https:\/\/vapestornado.com\/lv\/wp-json\/wp\/v2\/product_brand?post=3385"},{"taxonomy":"product_cat","embeddable":true,"href":"https:\/\/vapestornado.com\/lv\/wp-json\/wp\/v2\/product_cat?post=3385"},{"taxonomy":"product_tag","embeddable":true,"href":"https:\/\/vapestornado.com\/lv\/wp-json\/wp\/v2\/product_tag?post=3385"}],"curies":[{"name":"wp","href":"https:\/\/api.w.org\/{rel}","templated":true}]}}