{"id":3383,"date":"2024-12-26T02:33:15","date_gmt":"2024-12-26T02:33:15","guid":{"rendered":"https:\/\/vapestornado.com\/?post_type=product&#038;p=3383"},"modified":"2025-12-09T09:06:34","modified_gmt":"2025-12-09T09:06:34","slug":"wga-crystal-pro-max-extra-15000-puffs-rechargeable-disposable-vape-wholesale-bulk-buy","status":"publish","type":"product","link":"https:\/\/vapestornado.com\/lv\/product\/wga-crystal-pro-max-extra-15000-puffs-rechargeable-disposable-vape-wholesale-bulk-buy\/","title":{"rendered":"WGA Crystal Pro Max Extra 15000 dvesmu uzl\u0101d\u0113jams vienreizlietojams tvaiks, vairumtirdzniec\u012bbas liels pirkums"},"content":{"rendered":"<h1 class=\"product-title\">WGA Crystal Pro Max Extra 15000 puffs vienreiz\u0113j\u0101 vape ar ekr\u0101na displeju un t\u012bkla spir\u0101les gludumu<\/h1>\n<p>WGA Crystal Pro Max Extra 15000 puffs ir karsts p\u0101rdo\u0161anas uzl\u0101d\u0113jams vienreiz\u0113jais vape, ar krist\u0101la dizainu, 15000 puffs uzl\u0101d\u0113jams vienreiz\u0113jais ar t\u012bkla spir\u0101les gar\u0161u stabilit\u0101ti un Type-C \u0101tro uzl\u0101di, izstr\u0101d\u0101ts gludai ikdienas nikot\u012bna vapingai ar 2% un 5% mode\u013ciem.<\/p>\n<p data-start=\"904\" data-end=\"1140\"><strong data-start=\"904\" data-end=\"938\">L\u012bdzsvarota ilgtsp\u0113j\u012bga veiktsp\u0113ja.<\/strong> T\u0101 <strong data-start=\"943\" data-end=\"1013\">WGA Crystal Pro Max Extra 15000 puffs uzl\u0101d\u0113jams vienreiz\u0113jais vape<\/strong> ir paredz\u0113ts regul\u0101riem lietot\u0101jiem, kuri v\u0113las ier\u012bci, kas ilg\u0101k kalpo nek\u0101 standarta vienreiz\u0113jie, nezaud\u0113jot kompaktumu kabat\u0101.<\/p>\n<p data-start=\"1144\" data-end=\"1344\"><strong data-start=\"1144\" data-end=\"1181\">J\u016btama t\u012bkla spir\u0101les vienm\u0113r\u012bba.<\/strong> T\u0101 <strong data-start=\"1186\" data-end=\"1236\">WGA 15K t\u012bkla spir\u0101les vienreiz\u0113jais vape<\/strong> nodro\u0161ina vienm\u0113r\u012bgu siltuma sadali, kas noz\u012bm\u0113 glud\u0101kas ieelpas un maz\u0101k asu p\u0113d\u0113jo posmu, kad puffs skaits palielin\u0101s.<\/p>\n<p data-start=\"1348\" data-end=\"1566\"><strong data-start=\"1348\" data-end=\"1382\">Eiropas draudz\u012bga nikot\u012bna stiprums.<\/strong> Ar fiks\u0113tu <strong data-start=\"1396\" data-end=\"1427\">2% un 5% nikot\u012bna vienreiz\u0113jo vape<\/strong> uzst\u0101d\u012bjumu, trieciens paliek viegls l\u012bdz m\u0113rens un paredzams\u2014popul\u0101rs tirgos k\u0101 <strong data-start=\"1510\" data-end=\"1565\">V\u0101cija, N\u012bderlande, Sp\u0101nija, Francija un Polija<\/strong>.<\/p>\n<p data-start=\"1570\" data-end=\"1784\"><strong data-start=\"1570\" data-end=\"1616\">\u0100tra uzl\u0101de ar ikdienas sader\u012bbu.<\/strong> T\u0101 <strong data-start=\"1621\" data-end=\"1676\">Type-C uzl\u0101des WGA Crystal Pro Max Extra 15000<\/strong> samazina d\u012bkst\u0101vi, izmantojot modernus Eiropas kabelus, kurus jau izmantojat, padarot to praktisku ce\u013cojumiem vai gar\u0101m darba dien\u0101m.<\/p>\n<p data-start=\"1788\" data-end=\"1988\"><strong data-start=\"1788\" data-end=\"1823\">T\u012brs dizains, kas p\u0101rdod pats sevi.<\/strong> Krist\u0101la stila korpuss dod <strong data-start=\"1857\" data-end=\"1895\">WGA Crystal 15K vape<\/strong> augstas klases izskatu, kas labi izskat\u0101s mazumtirdzniec\u012bbas displejos un ir pat\u012bkams rok\u0101 ikdienas n\u0113s\u0101\u0161anai.<\/p>\n<p><span style=\"color: #ff0000;\"><strong>Pievienojiet Eimijas Whatsapp, lai sa\u0146emtu pareizo atbildi un vape kuponu!<\/strong><\/span><\/p>\n<p><img fetchpriority=\"high\" decoding=\"async\" class=\"size-full wp-image-2932\" src=\"https:\/\/vapestornado.com\/wp-content\/uploads\/2024\/12\/Vape-Wholesale.jpg\" alt=\"Veipu Vairumtirdzniec\u012bba\" width=\"229\" height=\"300\" \/><\/p>\n<h3><a href=\"https:\/\/wa.me\/8617776015835\" target=\"_blank\" rel=\"noopener\"><span style=\"color: #ff0000;\"><strong>WhatsApp: +86 17776015835<\/strong><\/span><\/a><\/h3>\n<p>&nbsp;<\/p>\n<h2 class=\"product-title\">WGA Crystal 15k Vienreiz\u0113j\u0101s lieto\u0161anas Vape<strong> Produkta \u012bpa\u0161\u012bbas<\/strong><\/h2>\n<div role=\"article\" data-tabster=\"{&quot;groupper&quot;:{&quot;tabbability&quot;:2},&quot;focusable&quot;:{}}\" data-content=\"ai-message\" aria-labelledby=\"juhNTJ6o7Gk1cgwZMJgv2-author juhNTJ6o7Gk1cgwZMJgv2-content\">\n<div id=\"juhNTJ6o7Gk1cgwZMJgv2-content\">\n<div role=\"article\" data-tabster=\"{&quot;groupper&quot;:{&quot;tabbability&quot;:2},&quot;focusable&quot;:{}}\" data-content=\"ai-message\" aria-labelledby=\"x4EZuCZWrTbh3weWUt7CU-author x4EZuCZWrTbh3weWUt7CU-content\">\n<div id=\"x4EZuCZWrTbh3weWUt7CU-content\">\n<div class=\"flex max-w-full flex-col flex-grow\">\n<div class=\"min-h-8 text-message flex w-full flex-col items-end gap-2 whitespace-normal break-words text-start [.text-message+&amp;]:mt-5\" dir=\"auto\" data-message-author-role=\"assistant\" data-message-id=\"52c6e00a-252f-4104-805d-2f1a84739c71\" data-message-model-slug=\"gpt-4o\">\n<div class=\"flex w-full flex-col gap-1 empty:hidden first:pt-[3px]\">\n<div class=\"markdown prose w-full break-words dark:prose-invert light\"><\/div>\n<\/div>\n<\/div>\n<\/div>\n<div class=\"mb-2 flex gap-3 empty:hidden -ml-2\">\n<table>\n<thead>\n<tr>\n<th>\u012apa\u0161\u012bba<\/th>\n<th>Spec<\/th>\n<th>Deta\u013cas<\/th>\n<\/tr>\n<\/thead>\n<tbody>\n<tr>\n<td>Produkts Nosaukums<\/td>\n<td>WGA Crystal Pro Max Extra 15000<\/td>\n<td>Premium uzl\u0101d\u0113jams vienreizlietojams vape.<\/td>\n<\/tr>\n<tr>\n<td>Pufiju ietilp\u012bba<\/td>\n<td>L\u012bdz 15 000 pufiem<\/td>\n<td>Papla\u0161in\u0101ta kalpo\u0161anas ilgums ikdienas lieto\u0161anai.<\/td>\n<\/tr>\n<tr>\n<td>Spoles veids<\/td>\n<td>T\u012bkla spole<\/td>\n<td>Vienm\u0113r\u012bga sild\u012b\u0161ana gludai tvaika ra\u017eo\u0161anai un stabilai gar\u0161ai.<\/td>\n<\/tr>\n<tr>\n<td>Nikot\u012bna stiprums<\/td>\n<td>2% s\u0101ls nikot\u012bns<\/td>\n<td>Gaismas l\u012bdz m\u0113renas iedarb\u012bbas l\u012bmenis, kas atbilst ES preferenc\u0113m.<\/td>\n<\/tr>\n<tr>\n<td>Uzl\u0101de<\/td>\n<td>Type-C \u0101tr\u0101s uzl\u0101des<\/td>\n<td>\u0100tra uzl\u0101de ar parastiem m\u016bsdienu kabe\u013ciem.<\/td>\n<\/tr>\n<tr>\n<td>Akumulators<\/td>\n<td>Ilgsto\u0161a uzl\u0101d\u0113jama akumulators<\/td>\n<td>Izstr\u0101d\u0101ts, lai atbalst\u012btu pilnu ier\u012bces lieto\u0161anu; uzl\u0101d\u0113jiet p\u0113c nepiecie\u0161am\u012bbas.<\/td>\n<\/tr>\n<tr>\n<td>Korpusa dizains<\/td>\n<td>Krist\u0101la stila caursp\u012bd\u012bga korpusa apvalks<\/td>\n<td>Elegants, m\u016bsdien\u012bgs izskats; viegli n\u0113s\u0101t un r\u0101d\u012bt.<\/td>\n<\/tr>\n<tr>\n<td>M\u0113r\u0137a lietojums<\/td>\n<td>Vienreizlietojams, piepras\u012bts ES mazumtirdzniec\u012bb\u0101\/lielapjom\u0101<\/td>\n<td>Vienk\u0101r\u0161a darb\u012bba ar augstas kvalit\u0101tes saj\u016btu.<\/td>\n<\/tr>\n<\/tbody>\n<\/table>\n<\/div>\n<\/div>\n<\/div>\n<\/div>\n<\/div>\n<h2><\/h2>\n<h2 class=\"product-title\"><strong>Popul\u0101ra gar\u0161a WGA Crystal 15000 Puffs vienreiz\u0113j\u0101s lieto\u0161anas e-cigaret\u0113m<\/strong><\/h2>\n<p>1.Arb\u016bzu ledus<span style=\"color: #ff0000;\"> <strong>&gt;&gt;&gt;&gt; Karsts!<\/strong><\/span><br \/>\n2. Melle\u0146u ave\u0146u <span style=\"color: #ff0000;\"><strong>&gt;&gt;&gt;&gt; Karsts!<\/strong><\/span><br \/>\n3.G\u0101z\u0113ts \u0137irsis<br \/>\n4.L\u0101c\u012btis Gumijl\u0101cis<br \/>\n5.Citronlaims<br \/>\n6. Zeme\u0146u ledus<br \/>\n7.Melle\u0146u sk\u0101bo ave\u0146u <span style=\"color: #ff0000;\"><strong>&gt;&gt;&gt;&gt; Karsts!<\/strong><\/span><br \/>\n8.Zilo ave\u0146u ledus<br \/>\n9. M. Zilais<br \/>\n10. Skittles<br \/>\n11. Melle\u0146u \u0137ir\u0161u dz\u0113rve\u0146u<br \/>\n12.Sul\u012bgs persiks<br \/>\n13. Zeme\u0146u ave\u0146u \u0137ir\u0161u ledus <span style=\"color: #ff0000;\"><strong>&gt;&gt;&gt;&gt; Lab\u0101kais!<\/strong><\/span><br \/>\n14. Hubba Bubba<br \/>\n15. Kazenes mellenes avenes<br \/>\n16. Zeme\u0146u ledus pops<br \/>\n17. Melle\u0146u ledus pops<br \/>\n18. Prime zeme\u0146u arb\u016bzs<br \/>\n19. Zeme\u0146u \u0137ir\u0161u ko\u0161\u013c\u0101jam\u0101 gumija<br \/>\n20. Ave\u0146u \u0137ir\u0161u ledus <span style=\"color: #ff0000;\"><strong>&gt;&gt;&gt;&gt; Karsts!<\/strong><\/span><br \/>\n21. Anan\u0101su ledus<br \/>\n22. Vasaras sapnis<br \/>\n23.Wga Roz\u0101<br \/>\n24.Svaiga Piparm\u0113tra<br \/>\n25.Dubultais \u0100bols<br \/>\n26.Tr\u012bsk\u0101r\u0161ais Mango<br \/>\n27.Meln\u0101 P\u016b\u0137a Ledus<br \/>\n28.Kolas Ledus<br \/>\n29.Anan\u0101su Citrons <span style=\"color: #ff0000;\"><strong>&gt;&gt;&gt;&gt; Karsts!<\/strong><\/span><br \/>\n30. M. Melnais<br \/>\n31.Kivi Marakujas Guava<\/p>\n<div class=\"flex-shrink-0 flex flex-col relative items-end\">\n<div class=\"pt-0\">\n<div class=\"gizmo-bot-avatar flex h-8 w-8 items-center justify-center overflow-hidden rounded-full\">\n<div class=\"relative p-1 rounded-sm flex items-center justify-center bg-token-main-surface-primary text-token-text-primary h-8 w-8\">\n<figure id=\"attachment_3375\" aria-describedby=\"caption-attachment-3375\" style=\"width: 1000px\" class=\"wp-caption alignnone\"><img decoding=\"async\" class=\"wp-image-3375 size-full\" src=\"https:\/\/vapestornado.com\/wp-content\/uploads\/2024\/12\/WGA-Crystal-15k-Disposable-Vape.jpg\" alt=\"WGA Crystal 15k Vienreiz\u0113j\u0101s lieto\u0161anas Vape\" width=\"1000\" height=\"1000\" srcset=\"https:\/\/vapestornado.com\/wp-content\/uploads\/2024\/12\/WGA-Crystal-15k-Disposable-Vape.jpg 1000w, https:\/\/vapestornado.com\/wp-content\/uploads\/2024\/12\/WGA-Crystal-15k-Disposable-Vape-300x300.jpg 300w, https:\/\/vapestornado.com\/wp-content\/uploads\/2024\/12\/WGA-Crystal-15k-Disposable-Vape-150x150.jpg 150w, https:\/\/vapestornado.com\/wp-content\/uploads\/2024\/12\/WGA-Crystal-15k-Disposable-Vape-768x768.jpg 768w, https:\/\/vapestornado.com\/wp-content\/uploads\/2024\/12\/WGA-Crystal-15k-Disposable-Vape-600x600.jpg 600w, https:\/\/vapestornado.com\/wp-content\/uploads\/2024\/12\/WGA-Crystal-15k-Disposable-Vape-100x100.jpg 100w\" sizes=\"(max-width: 1000px) 100vw, 1000px\" \/><figcaption id=\"caption-attachment-3375\" class=\"wp-caption-text\">WGA Crystal 15k Vienreiz\u0113j\u0101s lieto\u0161anas Vape<\/figcaption><\/figure>\n<h3>BUJ par WGA Crystal 15000 vienreiz\u0113j\u0101s lieto\u0161anas vape<\/h3>\n<ol data-start=\"2830\" data-end=\"4028\">\n<li data-start=\"2830\" data-end=\"3071\">\n<p data-start=\"2833\" data-end=\"3071\"><strong data-start=\"2833\" data-end=\"2923\">K\u0101 mesh spir\u0101les ietekm\u0113 gar\u0161u laika gait\u0101 WGA Crystal Pro Max Extra 15000 p\u016btienu?<\/strong><br data-start=\"2923\" data-end=\"2926\" \/>Mesh spir\u0101les vienm\u0113r\u012bgi uzkarst vis\u0101 vates garum\u0101, t\u0101d\u0113j\u0101di gar\u0161a paliek pilnv\u0113rt\u012bg\u0101ka un glud\u0101ka ilg\u0101k ier\u012bces kalpo\u0161anas laik\u0101, sal\u012bdzinot ar standarta vadu spir\u0101l\u0113m.<\/p>\n<\/li>\n<li data-start=\"3073\" data-end=\"3301\">\n<p data-start=\"3076\" data-end=\"3301\"><strong data-start=\"3076\" data-end=\"3181\">Vai WGA Crystal Pro Max Extra 15K uzl\u0101d\u0113jams vienreizlietojams vape ir piem\u0113rots ikdienas p\u0101rvieto\u0161anai un ce\u013cojumiem?<\/strong><br data-start=\"3181\" data-end=\"3184\" \/>J\u0101. Krist\u0101la korpuss paliek kompakts, un <strong data-start=\"3225\" data-end=\"3244\">C tipa uzl\u0101de<\/strong> tas \u013cauj viegli papildin\u0101t uzpildi ilg\u0101k\u0101s dien\u0101s, kad atrodaties prom no m\u0101j\u0101m.<\/p>\n<\/li>\n<li data-start=\"3303\" data-end=\"3532\">\n<p data-start=\"3306\" data-end=\"3532\"><strong data-start=\"3306\" data-end=\"3412\">K\u0101da veida tvaika saj\u016bta j\u0101gaida no WGA Crystal Pro Max Extra 15000 vienreizlietojam\u0101 vape?<\/strong><br data-start=\"3412\" data-end=\"3415\" \/>Sagaidiet gludu, stabilu aizdedzi ar konsekventu tvaika bl\u012bvumu\u2014t\u012bkla spir\u0101les dizains pal\u012bdz izvair\u012bties no as\u0101m, saus\u0101m uzliesmojumiem v\u0113l\u0101k lieto\u0161anas laik\u0101.<\/p>\n<\/li>\n<li data-start=\"3534\" data-end=\"3772\">\n<p data-start=\"3537\" data-end=\"3772\"><strong data-start=\"3537\" data-end=\"3632\">K\u0101p\u0113c 2% nikot\u012bns ir sp\u0113c\u012bgs saska\u0146o\u0161anas partneris WGA Crystal Pro Max Extra 15000 Puffs EU versijai?<\/strong><br data-start=\"3632\" data-end=\"3635\" \/>2% pied\u0101v\u0101 kontrol\u0113tu, m\u0113renu uzliesmojumu, kas piem\u0113rots daudziem Eiropas lietot\u0101jiem, kuri dod priek\u0161roku viegl\u0101kai ikdienas stiprumam, nezaud\u0113jot apmierin\u0101jumu.<\/p>\n<\/li>\n<li data-start=\"3774\" data-end=\"4028\">\n<p data-start=\"3777\" data-end=\"4028\"><strong data-start=\"3777\" data-end=\"3878\">Vai WGA Crystal Pro Max Extra 15000 Type-C uzl\u0101d\u0113jamais vape nov\u0113r\u0161 akumulatora agr\u012bnu nolieto\u0161anos?<\/strong><br data-start=\"3878\" data-end=\"3881\" \/>Uzl\u0101d\u0113jam\u012bba atrisina \u0161o probl\u0113mu. Ja akumulators nokr\u012bt pirms puffs beig\u0101m, \u0101tra Type-C uzl\u0101de \u013cauj ier\u012bcei darboties l\u012bdz t\u0101s beig\u0101m.<\/p>\n<\/li>\n<\/ol>\n<\/div>\n<\/div>\n<\/div>\n<\/div>\n<div class=\"flex-shrink-0 flex flex-col relative items-end\">\n<div class=\"pt-0\">\n<div class=\"gizmo-bot-avatar flex h-8 w-8 items-center justify-center overflow-hidden rounded-full\">\n<div class=\"relative p-1 rounded-sm flex items-center justify-center bg-token-main-surface-primary text-token-text-primary h-8 w-8\">\n<div class=\"mb-2 flex gap-3 empty:hidden -ml-2\">\n<div role=\"article\" data-tabster=\"{&quot;groupper&quot;:{&quot;tabbability&quot;:2},&quot;focusable&quot;:{}}\" data-content=\"ai-message\" aria-labelledby=\"Vdt5ez4X7Tg813x6rFVha-author Vdt5ez4X7Tg813x6rFVha-content\">\n<div id=\"Vdt5ez4X7Tg813x6rFVha-content\">\n<div role=\"article\" data-tabster=\"{&quot;groupper&quot;:{&quot;tabbability&quot;:2},&quot;focusable&quot;:{}}\" data-content=\"ai-message\" aria-labelledby=\"o968oC7CEo2fGHsGdsRYC-author o968oC7CEo2fGHsGdsRYC-content\">\n<div id=\"o968oC7CEo2fGHsGdsRYC-content\">\n<p>&nbsp;<\/p>\n<h3>K\u0101p\u0113c izv\u0113l\u0113ties vapestornado WGA Crystal 15000 Puffs Vape vairumtirdzniec\u012bbai?<\/h3>\n<div class=\"flex-shrink-0 flex flex-col relative items-end\">\n<div class=\"pt-0\">\n<div class=\"gizmo-bot-avatar flex h-8 w-8 items-center justify-center overflow-hidden rounded-full\">\n<div class=\"relative p-1 rounded-sm flex items-center justify-center bg-token-main-surface-primary text-token-text-primary h-8 w-8\">\n<p>Laipni l\u016bdzam vapestornado, j\u016bsu uzticamaj\u0101 tie\u0161saistes vape veikal\u0101, kur\u0101 var ieg\u0101d\u0101ties augst\u0101k\u0101s kvalit\u0101tes vienreiz\u0113j\u0101s lieto\u0161anas vapes. Ar vair\u0101k nek\u0101 5 gadu pieredzi m\u0113s pied\u0101v\u0101jam popul\u0101rus vienreiz\u0113j\u0101s lieto\u0161anas vape z\u012bmolus, piem\u0113ram, Fumot RandM Vape, <a href=\"https:\/\/vapestornado.com\/lv\/product-category\/vapme-shisha\/\">Vapme<\/a>, Bang Vape, Waspe Vape un WGA Vape, u.c.<\/p>\n<p>M\u016bsu kl\u0101st\u0101 ir iek\u013cauti karstie izp\u0101rdo\u0161anas veipi, piem\u0113ram, <a href=\"https:\/\/vapestornado.com\/lv\/product\/fumot-randm-tornado-15000-puffs-rechargeable-disposable-vape-wholesale\/\">RandM Tornado 15000<\/a>, un bag\u0101t\u012bgas gar\u0161as izv\u0113les, piem\u0113ram, <a href=\"https:\/\/vapestornado.com\/lv\/product\/vapsolo-dg-18000-puffs-smart-screen-wholesale-disposable-cheap-vapes\/\">\u00a0Vapsolo DG18000 Puffs<\/a> . Katrs produkts ir izv\u0113l\u0113ts, koncentr\u0113joties uz kvalit\u0101ti, v\u0113rt\u012bbu un daudzveid\u012bbu, nodro\u0161inot, ka j\u016bs atrad\u012bsiet perfektu atbilst\u012bbu sav\u0101m vajadz\u012bb\u0101m. Atkl\u0101jiet izcilu servisu un pla\u0161u popul\u0101r\u0101ko produktu kl\u0101stu par vairumtirdzniec\u012bbas cen\u0101m vietn\u0113 vapestornado.<\/p>\n<\/div>\n<p>&nbsp;<\/p>\n<p><strong>Citi karstie izp\u0101rdo\u0161anas vienreiz\u0113j\u0101s lieto\u0161anas veipi<\/strong><\/p>\n<p><a href=\"https:\/\/vapestornado.com\/lv\/product\/bang-vape-35000-puffs-low-nicotine-bulk-buy-rechargeable-disposable-vapes-box-wholesale-price\/\">Bang Vape 35000 P\u016b\u0161\u013ci <span style=\"color: #ff0000;\"><strong>&gt;&gt;&gt;&gt; Uz priek\u0161u!<\/strong><\/span><\/a><\/p>\n<p><a href=\"https:\/\/vapestornado.com\/lv\/product\/bang-box-30000-30k-puffs-low-nicotine-bulk-buy-rechargeable-digital-display-disposable-vapes-pen-wholesale\/\">Bang Box 30000 <span style=\"color: #ff0000;\"><strong>&gt;&gt;&gt;&gt; Uz priek\u0161u!<\/strong><\/span><\/a><\/p>\n<p><a href=\"https:\/\/vapestornado.com\/lv\/product\/bood-twins-46000-puff-double-flavour-low-nicotine-disposable-vape-wholesale-bulk-buy-price\/\">Bood Twins 46000<span style=\"color: #ff0000;\"><strong>&gt;&gt;&gt;&gt; Uz priek\u0161u!<\/strong><\/span><\/a><\/p>\n<\/div>\n<\/div>\n<\/div>\n<p>&nbsp;<\/p>\n<\/div>\n<\/div>\n<\/div>\n<\/div>\n<\/div>\n<\/div>\n<\/div>\n<\/div>\n<\/div>","protected":false},"excerpt":{"rendered":"<p>WGA Crystal Pro Max Extra 15000 p\u012bpju uzl\u0101des vienreizlietojams vape ar krist\u0101la dizainu, sietspoles spir\u0101les tehnolo\u0123iju, 2% nikot\u012bna stiprumu un Type-C \u0101tro uzl\u0101di. Kompakts augstas klases dizains gludai gar\u0161as stabilai tvaika ra\u017eo\u0161anai un sp\u0113c\u012bgai piepras\u012bjumam Eiropas tirg\u016b.<\/p>\n<p><strong>Pievienojiet Eimijas whatsapp, lai sa\u0146emtu pareizu atbildi un iztvaic\u0113t\u0101ja kuponu!<\/strong><\/p>\n<p><img fetchpriority=\"high\" decoding=\"async\" class=\"size-full wp-image-2932\" src=\"https:\/\/vapestornado.com\/wp-content\/uploads\/2024\/12\/Vape-Wholesale.jpg\" alt=\"Veipu Vairumtirdzniec\u012bba\" width=\"229\" height=\"300\" \/><\/p>\n<h3><a href=\"https:\/\/wa.me\/8617776015835\"><span style=\"color: #ff0000;\"><strong>WhatsApp: +86 17776015835<\/strong><\/span><\/a><\/h3>\n<p>&nbsp;<\/p>","protected":false},"featured_media":3378,"comment_status":"open","ping_status":"closed","template":"","meta":{"_acf_changed":false,"_uag_custom_page_level_css":"","_lmt_disableupdate":"no","_lmt_disable":"","_monsterinsights_skip_tracking":false,"_monsterinsights_sitenote_active":false,"_monsterinsights_sitenote_note":"","_monsterinsights_sitenote_category":0,"site-sidebar-layout":"default","site-content-layout":"","ast-site-content-layout":"default","site-content-style":"default","site-sidebar-style":"default","ast-global-header-display":"","ast-banner-title-visibility":"","ast-main-header-display":"","ast-hfb-above-header-display":"","ast-hfb-below-header-display":"","ast-hfb-mobile-header-display":"","site-post-title":"","ast-breadcrumbs-content":"","ast-featured-img":"","footer-sml-layout":"","ast-disable-related-posts":"","theme-transparent-header-meta":"default","adv-header-id-meta":"","stick-header-meta":"","header-above-stick-meta":"","header-main-stick-meta":"","header-below-stick-meta":"","astra-migrate-meta-layouts":"set","ast-page-background-enabled":"default","ast-page-background-meta":{"desktop":{"background-color":"","background-image":"","background-repeat":"repeat","background-position":"center center","background-size":"auto","background-attachment":"scroll","background-type":"","background-media":"","overlay-type":"","overlay-color":"","overlay-opacity":"","overlay-gradient":""},"tablet":{"background-color":"","background-image":"","background-repeat":"repeat","background-position":"center center","background-size":"auto","background-attachment":"scroll","background-type":"","background-media":"","overlay-type":"","overlay-color":"","overlay-opacity":"","overlay-gradient":""},"mobile":{"background-color":"","background-image":"","background-repeat":"repeat","background-position":"center center","background-size":"auto","background-attachment":"scroll","background-type":"","background-media":"","overlay-type":"","overlay-color":"","overlay-opacity":"","overlay-gradient":""}},"ast-content-background-meta":{"desktop":{"background-color":"var(--ast-global-color-5)","background-image":"","background-repeat":"repeat","background-position":"center center","background-size":"auto","background-attachment":"scroll","background-type":"","background-media":"","overlay-type":"","overlay-color":"","overlay-opacity":"","overlay-gradient":""},"tablet":{"background-color":"var(--ast-global-color-5)","background-image":"","background-repeat":"repeat","background-position":"center center","background-size":"auto","background-attachment":"scroll","background-type":"","background-media":"","overlay-type":"","overlay-color":"","overlay-opacity":"","overlay-gradient":""},"mobile":{"background-color":"var(--ast-global-color-5)","background-image":"","background-repeat":"repeat","background-position":"center center","background-size":"auto","background-attachment":"scroll","background-type":"","background-media":"","overlay-type":"","overlay-color":"","overlay-opacity":"","overlay-gradient":""}},"_joinchat":{"telephone":"+8617776015835"}},"product_brand":[],"product_cat":[71,153,154,155,141,142,143,59],"product_tag":[165,105,97,166,94,485,202,203,204],"class_list":{"0":"post-3383","1":"product","2":"type-product","3":"status-publish","4":"has-post-thumbnail","6":"product_cat-15000-puff","7":"product_cat-buy-disposable-vapes-in-italy","8":"product_cat-buy-disposable-vapes-in-netherlands","9":"product_cat-buy-disposable-vapes-in-norway","10":"product_cat-crystal-disposable-vapes","11":"product_cat-digital-box-disposable-vapes","12":"product_cat-dual-mesh-disposable-vapes","13":"product_cat-wga-crystal-vape","14":"product_tag-cheap-vapes","15":"product_tag-digital-disposable-vape","16":"product_tag-hot-sale-disposable-vape","17":"product_tag-low-nicotine-vape","18":"product_tag-rechargeable-disposable-vape","19":"product_tag-wga-15k","20":"product_tag-wga-crystal-15000","21":"product_tag-wga-crystal-15k","22":"product_tag-wga-vape","23":"desktop-align-left","24":"tablet-align-left","25":"mobile-align-left","27":"first","28":"instock","29":"sale","30":"shipping-taxable","31":"purchasable","32":"product-type-simple"},"acf":[],"uagb_featured_image_src":{"full":["https:\/\/vapestornado.com\/wp-content\/uploads\/2024\/12\/WGA-Crystal-15000-Rechargeable-Vape.jpg",1000,1000,false],"thumbnail":["https:\/\/vapestornado.com\/wp-content\/uploads\/2024\/12\/WGA-Crystal-15000-Rechargeable-Vape-150x150.jpg",150,150,true],"medium":["https:\/\/vapestornado.com\/wp-content\/uploads\/2024\/12\/WGA-Crystal-15000-Rechargeable-Vape-300x300.jpg",300,300,true],"medium_large":["https:\/\/vapestornado.com\/wp-content\/uploads\/2024\/12\/WGA-Crystal-15000-Rechargeable-Vape-768x768.jpg",768,768,true],"large":["https:\/\/vapestornado.com\/wp-content\/uploads\/2024\/12\/WGA-Crystal-15000-Rechargeable-Vape.jpg",1000,1000,false],"1536x1536":["https:\/\/vapestornado.com\/wp-content\/uploads\/2024\/12\/WGA-Crystal-15000-Rechargeable-Vape.jpg",1000,1000,false],"2048x2048":["https:\/\/vapestornado.com\/wp-content\/uploads\/2024\/12\/WGA-Crystal-15000-Rechargeable-Vape.jpg",1000,1000,false],"trp-custom-language-flag":["https:\/\/vapestornado.com\/wp-content\/uploads\/2024\/12\/WGA-Crystal-15000-Rechargeable-Vape.jpg",12,12,false],"woocommerce_thumbnail":["https:\/\/vapestornado.com\/wp-content\/uploads\/2024\/12\/WGA-Crystal-15000-Rechargeable-Vape-300x300.jpg",300,300,true],"woocommerce_single":["https:\/\/vapestornado.com\/wp-content\/uploads\/2024\/12\/WGA-Crystal-15000-Rechargeable-Vape-600x600.jpg",600,600,true],"woocommerce_gallery_thumbnail":["https:\/\/vapestornado.com\/wp-content\/uploads\/2024\/12\/WGA-Crystal-15000-Rechargeable-Vape-100x100.jpg",100,100,true]},"uagb_author_info":{"display_name":"ESAMY","author_link":"https:\/\/vapestornado.com\/lv\/author\/"},"uagb_comment_info":1,"uagb_excerpt":"WGA Crystal Pro Max Extra 15000 Puffs rechargeable disposable vape with crystal design, mesh coil technology, 2% nicotine strength, and Type-C fast charging. Compact premium design for smooth flavour-stable vapour and strong EU retail demand. Add Amy's whatsapp get right reply and vape coupon! WhatsApp: +86 17776015835 &nbsp;","_links":{"self":[{"href":"https:\/\/vapestornado.com\/lv\/wp-json\/wp\/v2\/product\/3383","targetHints":{"allow":["GET"]}}],"collection":[{"href":"https:\/\/vapestornado.com\/lv\/wp-json\/wp\/v2\/product"}],"about":[{"href":"https:\/\/vapestornado.com\/lv\/wp-json\/wp\/v2\/types\/product"}],"replies":[{"embeddable":true,"href":"https:\/\/vapestornado.com\/lv\/wp-json\/wp\/v2\/comments?post=3383"}],"wp:featuredmedia":[{"embeddable":true,"href":"https:\/\/vapestornado.com\/lv\/wp-json\/wp\/v2\/media\/3378"}],"wp:attachment":[{"href":"https:\/\/vapestornado.com\/lv\/wp-json\/wp\/v2\/media?parent=3383"}],"wp:term":[{"taxonomy":"product_brand","embeddable":true,"href":"https:\/\/vapestornado.com\/lv\/wp-json\/wp\/v2\/product_brand?post=3383"},{"taxonomy":"product_cat","embeddable":true,"href":"https:\/\/vapestornado.com\/lv\/wp-json\/wp\/v2\/product_cat?post=3383"},{"taxonomy":"product_tag","embeddable":true,"href":"https:\/\/vapestornado.com\/lv\/wp-json\/wp\/v2\/product_tag?post=3383"}],"curies":[{"name":"wp","href":"https:\/\/api.w.org\/{rel}","templated":true}]}}