{"id":3367,"date":"2024-12-25T07:28:34","date_gmt":"2024-12-25T07:28:34","guid":{"rendered":"https:\/\/vapestornado.com\/?post_type=product&#038;p=3367"},"modified":"2025-08-23T12:20:25","modified_gmt":"2025-08-23T12:20:25","slug":"bang-box-20000-puffs-0-2-5-low-nicotine-rechargeable-digital-display-disposable-vape-pen-wholesale-bulk-buy","status":"publish","type":"product","link":"https:\/\/vapestornado.com\/lv\/product\/bang-box-20000-puffs-0-2-5-low-nicotine-rechargeable-digital-display-disposable-vape-pen-wholesale-bulk-buy\/","title":{"rendered":"Bang Box 20000 Uzp\u016btienu 0% 2% 5% Zems Nikot\u012bna L\u012bmenis Uzl\u0101d\u0113jams Digit\u0101lais Displejs Vienreiz\u0113j\u0101s Lieto\u0161anas Vape Pildspalva Vairumtirdzniec\u012bba Lielos Daudzumos"},"content":{"rendered":"<h1 class=\"product-title\">Bang Box 20000 Uzp\u016btienu 0% 2% 5% Zems Nikot\u012bna L\u012bmenis Uzl\u0101d\u0113jams Digit\u0101lais Displejs Vienreiz\u0113j\u0101s Lieto\u0161anas Vape Pildspalva Vairumtirdzniec\u012bba Lielos Daudzumos<\/h1>\n<p>T\u0101 <strong>Bang Box 20000 Puffs vienreiz\u0113j\u0101s lieto\u0161anas iztvaic\u0113t\u0101js<\/strong>, tagad pieejams vietn\u0113 <strong>vapestornado<\/strong>\u2014 j\u016bsu uzticamais partneris augst\u0101k\u0101s kvalit\u0101tes iztvaic\u0113\u0161anas risin\u0101jumos. \u0160\u012b novatorisk\u0101 ier\u012bce ir izstr\u0101d\u0101ta, lai apmierin\u0101tu gan ikdienas lietot\u0101jus, gan pieredz\u0113ju\u0161us iztvaic\u0113t\u0101jus, nodro\u0161inot izcilu pieredzi, izmantojot uzlabotas funkcijas un nep\u0101rsp\u0113jamu veiktsp\u0113ju. Ar iespaid\u012bgu <strong>20 000 uzp\u016btienu vien\u012bb\u0101<\/strong>, Bang Box nodro\u0161ina ilgsto\u0161u baud\u012bjumu bez bie\u017eas nomai\u0146as ne\u0113rt\u012bb\u0101m.<\/p>\n<p>Pieejams ar nikot\u012bna stiprumu <strong>0%, 2% un 5%<\/strong>, \u0161\u012b vape pildspalva ir lieliski piem\u0113rota tiem, kas mekl\u0113 zemas vai bez nikot\u012bna iesp\u0113jas. Neatkar\u012bgi no t\u0101, vai esat viegls lietot\u0101js vai bie\u017es iztvaic\u0113t\u0101js, Bang Box pied\u0101v\u0101 j\u016bsu v\u0113lm\u0113m piel\u0101gotu apmierin\u0101jumu.<\/p>\n<h4><strong>Inovat\u012bvas funkcijas izcilai iztvaic\u0113\u0161anai<\/strong><\/h4>\n<p>T\u0101 <strong>Bang Box 20000 pufa<\/strong> lepojas ar virkni izcilu funkciju, kas to pace\u013c p\u0101ri standarta vienreiz\u0113j\u0101s lieto\u0161anas vape pildspalv\u0101m. Tas ietver iev\u0113rojamu <strong>35 ml e-\u0161\u0137idruma ietilp\u012bbu<\/strong>, samazinot nepiecie\u0161am\u012bbu p\u0113c bie\u017eas uzpildes. Darbojas ar <strong>850mAh uzl\u0101d\u0113jams akumulators<\/strong>, \u0161\u012b ier\u012bce nodro\u0161ina nemain\u012bgu veiktsp\u0113ju ilgsto\u0161\u0101s iztvaic\u0113\u0161anas sesij\u0101s.<\/p>\n<p>A <strong>moderns C tipa uzl\u0101des ports<\/strong> nodro\u0161ina \u0101tru un efekt\u012bvu uzl\u0101di, nodro\u0161inot, ka vienm\u0113r esat gatavs tvaic\u0113\u0161anai. The <strong>digit\u0101lais displejs<\/strong> pievieno \u0113rt\u012bbas, \u013caujot lietot\u0101jiem viegli uzraudz\u012bt akumulatora darb\u012bbas laiku un uzp\u016btienu skaitu.<\/p>\n<p>T\u0101 <strong>0,8 \u03a9 sieta spoles pretest\u012bba<\/strong> garant\u0113 vienm\u0113r\u012bgu tvaika ra\u017eo\u0161anu un bag\u0101t\u012bgu gar\u0161as pieg\u0101di, padarot katru uzp\u016btienu pat\u012bkamu. Turkl\u0101t, <strong>vapestornado<\/strong> pied\u0101v\u0101 OEM\/ODM piel\u0101go\u0161anas iesp\u0113jas, kas ir lieliski piem\u0113rotas z\u012bmoliem, kuri v\u0113las personaliz\u0113t iepakojumu vai apmierin\u0101t \u012bpa\u0161us tirgus piepras\u012bjumus.<\/p>\n<h4><strong>K\u0101p\u0113c izv\u0113l\u0113ties Bang Box 20000 Puffs?<\/strong><\/h4>\n<p>\u0160\u012b ier\u012bce izce\u013cas ar savu iztur\u012bbu, gar\u0161as iesp\u0113j\u0101m un daudzpus\u012bbu. Ar gludu, p\u0101rn\u0113s\u0101jamu dizainu tas ir ide\u0101li piem\u0113rots lietot\u0101jiem, kas atrodas ce\u013c\u0101, savuk\u0101rt liela tilpuma e-\u0161\u0137idruma rezervu\u0101rs un uzl\u0101d\u0113jamais akumulators pied\u0101v\u0101 \u0113rt\u012bbas regul\u0101riem tvaic\u0113t\u0101jiem. Bang Box ir pieejams vairum\u0101, padarot to par popul\u0101ru izv\u0113li vairumtirgot\u0101jiem un mazumtirgot\u0101jiem, kuri mekl\u0113 uzticamus, piepras\u012btus produktus.<\/p>\n<p>&nbsp;<\/p>\n<p><span style=\"color: #ff0000;\"><strong>Pievienojiet Eimijas Whatsapp, lai sa\u0146emtu pareizo atbildi un vape kuponu!<\/strong><\/span><\/p>\n<p><img fetchpriority=\"high\" decoding=\"async\" class=\"size-full wp-image-2932\" src=\"https:\/\/vapestornado.com\/wp-content\/uploads\/2024\/12\/Vape-Wholesale.jpg\" alt=\"Veipu Vairumtirdzniec\u012bba\" width=\"229\" height=\"300\" \/><\/p>\n<h3><a href=\"https:\/\/wa.me\/8617776015835\" target=\"_blank\" rel=\"noopener\"><span style=\"color: #ff0000;\"><strong>WhatsApp: +86 17776015835<\/strong><\/span><\/a><\/h3>\n<p>&nbsp;<\/p>\n<h2 class=\"product-title\">Bang Box 30000 Vienreiz\u0113j\u0101s lieto\u0161anas vape<strong> Produkta \u012bpa\u0161\u012bbas<\/strong><\/h2>\n<div role=\"article\" data-tabster=\"{&quot;groupper&quot;:{&quot;tabbability&quot;:2},&quot;focusable&quot;:{}}\" data-content=\"ai-message\" aria-labelledby=\"juhNTJ6o7Gk1cgwZMJgv2-author juhNTJ6o7Gk1cgwZMJgv2-content\">\n<div id=\"juhNTJ6o7Gk1cgwZMJgv2-content\">\n<div role=\"article\" data-tabster=\"{&quot;groupper&quot;:{&quot;tabbability&quot;:2},&quot;focusable&quot;:{}}\" data-content=\"ai-message\" aria-labelledby=\"x4EZuCZWrTbh3weWUt7CU-author x4EZuCZWrTbh3weWUt7CU-content\">\n<div id=\"x4EZuCZWrTbh3weWUt7CU-content\">\n<div class=\"flex max-w-full flex-col flex-grow\">\n<div class=\"min-h-8 text-message flex w-full flex-col items-end gap-2 whitespace-normal break-words text-start [.text-message+&amp;]:mt-5\" dir=\"auto\" data-message-author-role=\"assistant\" data-message-id=\"52c6e00a-252f-4104-805d-2f1a84739c71\" data-message-model-slug=\"gpt-4o\">\n<div class=\"flex w-full flex-col gap-1 empty:hidden first:pt-[3px]\">\n<div class=\"markdown prose w-full break-words dark:prose-invert light\"><\/div>\n<\/div>\n<\/div>\n<\/div>\n<div class=\"mb-2 flex gap-3 empty:hidden -ml-2\">\n<h3><\/h3>\n<ol>\n<li><strong>Ilgsto\u0161a lieto\u0161ana: <\/strong>Nodro\u0161ina l\u012bdz pat 20 000 uzp\u016btienu, samazinot nepiecie\u0161am\u012bbu p\u0113c nomai\u0146as.<\/li>\n<li><strong>Zemas nikot\u012bna iesp\u0113jas: <\/strong>Pieejams 0%, 2% un 5% nikot\u012bna stiprumos, kas atbilst da\u017e\u0101d\u0101m v\u0113lm\u0113m.<\/li>\n<li><strong>Liela e-\u0161\u0137idruma ietilp\u012bba: <\/strong>35 ml e-\u0161\u0137idruma tvertne samazina uzpildes bie\u017eumu, kas ir ide\u0101li piem\u0113rots ilgsto\u0161ai lieto\u0161anai.<\/li>\n<li><strong>Uzl\u0101d\u0113jams akumulators: <\/strong>850 mAh akumulators ar C tipa uzl\u0101di nodro\u0161ina nemain\u012bgu veiktsp\u0113ju.<\/li>\n<li><strong>Digit\u0101lais displejs: <\/strong>Uzrauga akumulatora darb\u012bbas laiku un uzp\u016btienu skaitu, lai nodro\u0161in\u0101tu papildu \u0113rt\u012bbas.<\/li>\n<li><strong>Vienm\u0113r\u012bga tvaika ra\u017eo\u0161ana: <\/strong>0,8 \u03a9 sieta spole katru reizi nodro\u0161ina bag\u0101t\u012bgas, apmierino\u0161as gar\u0161as.<\/li>\n<\/ol>\n<\/div>\n<\/div>\n<\/div>\n<\/div>\n<\/div>\n<h2 class=\"product-title\"><strong>Popul\u0101ra gar\u0161a Bang Box 30k Puffs vienreiz\u0113j\u0101s lieto\u0161anas vape<\/strong><\/h2>\n<p>&nbsp;<\/p>\n<p>1. Zeme\u0146u kivi<br \/>\n2. Kivi marakujas gvajava<br \/>\n3. Zeme\u0146u arb\u016bzs <strong><span style=\"color: #ff0000;\">&gt;&gt;&gt;&gt; Karsts!<\/span><\/strong><br \/>\n4. Ave\u0146u arb\u016bzs<br \/>\n5. Melle\u0146u sk\u0101bo ave\u0146u ledus <strong><span style=\"color: #ff0000;\">&gt;&gt;&gt;&gt; Karsts!<\/span><\/strong><br \/>\n6. Arb\u016bzu ledus<br \/>\n7. Ban\u0101nu ledus<br \/>\n8. Mango persiks<br \/>\n9. Zilo ave\u0146u ledus <strong><span style=\"color: #ff0000;\">&gt;&gt;&gt;&gt; Lab\u0101kais!<\/span><\/strong><br \/>\n10. Zils kungs<br \/>\n11. V\u012bnogu ledus<br \/>\n12. Mango uz ledus<\/p>\n<figure id=\"attachment_3344\" aria-describedby=\"caption-attachment-3344\" style=\"width: 1126px\" class=\"wp-caption alignnone\"><img decoding=\"async\" class=\"wp-image-3344 size-full\" src=\"https:\/\/vapestornado.com\/wp-content\/uploads\/2024\/12\/Bang-Box-Vape-Disposable-20000-Puffs-20k-Wholesale.jpg\" alt=\"Bang Box Vape Vienreiz\u0113j\u0101s lieto\u0161anas 20000 Uzp\u016btienu 20k Vairumtirdzniec\u012bba\" width=\"1126\" height=\"1126\" srcset=\"https:\/\/vapestornado.com\/wp-content\/uploads\/2024\/12\/Bang-Box-Vape-Disposable-20000-Puffs-20k-Wholesale.jpg 1126w, https:\/\/vapestornado.com\/wp-content\/uploads\/2024\/12\/Bang-Box-Vape-Disposable-20000-Puffs-20k-Wholesale-300x300.jpg 300w, https:\/\/vapestornado.com\/wp-content\/uploads\/2024\/12\/Bang-Box-Vape-Disposable-20000-Puffs-20k-Wholesale-1024x1024.jpg 1024w, https:\/\/vapestornado.com\/wp-content\/uploads\/2024\/12\/Bang-Box-Vape-Disposable-20000-Puffs-20k-Wholesale-150x150.jpg 150w, https:\/\/vapestornado.com\/wp-content\/uploads\/2024\/12\/Bang-Box-Vape-Disposable-20000-Puffs-20k-Wholesale-768x768.jpg 768w, https:\/\/vapestornado.com\/wp-content\/uploads\/2024\/12\/Bang-Box-Vape-Disposable-20000-Puffs-20k-Wholesale-600x600.jpg 600w, https:\/\/vapestornado.com\/wp-content\/uploads\/2024\/12\/Bang-Box-Vape-Disposable-20000-Puffs-20k-Wholesale-100x100.jpg 100w\" sizes=\"(max-width: 1126px) 100vw, 1126px\" \/><figcaption id=\"caption-attachment-3344\" class=\"wp-caption-text\">Bang Box Vape Vienreiz\u0113j\u0101s lieto\u0161anas 20000 Uzp\u016btienu 20k Vairumtirdzniec\u012bba<\/figcaption><\/figure>\n<div class=\"flex-shrink-0 flex flex-col relative items-end\">\n<div class=\"pt-0\">\n<div class=\"gizmo-bot-avatar flex h-8 w-8 items-center justify-center overflow-hidden rounded-full\">\n<div class=\"relative p-1 rounded-sm flex items-center justify-center bg-token-main-surface-primary text-token-text-primary h-8 w-8\">\n<h3>BUJ par Bang Box 20000 Vienreiz\u0113j\u0101s lieto\u0161anas Vape<\/h3>\n<h3><\/h3>\n<h4>1. <strong>Vai vienreiz\u0113j\u0101s lieto\u0161anas vape var \u0146emt lidma\u0161\u012bn\u0101?<\/strong><\/h4>\n<p>J\u0101, vienreiz\u0113j\u0101s lieto\u0161anas vape, piem\u0113ram, Bang Box, var \u0146emt rokas bag\u0101\u017e\u0101, bet p\u0101rliecinieties, vai ier\u012bce ir izsl\u0113gta, un iev\u0113rojiet aviokomp\u0101nijas noteikumus par akumulatoriem un e-\u0161\u0137idrumiem.<\/p>\n<h4>2. <strong>K\u0101 uzl\u0101d\u0113t Bang Box 20000 Uzp\u016btienus?<\/strong><\/h4>\n<p>Uzl\u0101d\u0113jiet ier\u012bci, izmantojot komplekt\u0101 iek\u013cauto Type-C uzl\u0101des portu. Pievienojiet to sader\u012bgam l\u0101d\u0113t\u0101jam un uzraugiet akumulatora statusu, izmantojot digit\u0101lo displeju.<\/p>\n<h4>3. <strong>K\u0101 zin\u0101t, kad Bang Box ir tuk\u0161s?<\/strong><\/h4>\n<p>Digit\u0101lais displejs uz Bang Box par\u0101da atliku\u0161o uzp\u016btienu skaitu. Turkl\u0101t v\u0101ja gar\u0161a vai tvaika ra\u017eo\u0161ana var nor\u0101d\u012bt, ka ier\u012bcei ir beidzies e-\u0161\u0137idrums.<\/p>\n<h4>4. <strong>K\u0101 digit\u0101lais displejs uzlabo vaping pieredzi?<\/strong><\/h4>\n<p>Displejs pal\u012bdz lietot\u0101jiem izsekot akumulatora darb\u012bbas laiku un uzp\u016btienu skaitu, nodro\u0161inot, ka vi\u0146i vienm\u0113r ir inform\u0113ti par ier\u012bces statusu, lai nodro\u0161in\u0101tu vienm\u0113r\u012bgu pieredzi.<\/p>\n<h4>5. <strong>K\u0101di ir OEM\/ODM pakalpojumu ieguvumi Bang Box?<\/strong><\/h4>\n<p>vapestornado OEM\/ODM iesp\u0113jas \u013cauj uz\u0146\u0113mumiem piel\u0101got z\u012bmolu, iepakojumu un produktu dizainu, lai lab\u0101k atbilstu tirgus vajadz\u012bb\u0101m, radot unik\u0101lu pied\u0101v\u0101jumu klientiem.<\/p>\n<\/div>\n<\/div>\n<\/div>\n<\/div>\n<div class=\"flex-shrink-0 flex flex-col relative items-end\">\n<div class=\"pt-0\">\n<div class=\"gizmo-bot-avatar flex h-8 w-8 items-center justify-center overflow-hidden rounded-full\">\n<div class=\"relative p-1 rounded-sm flex items-center justify-center bg-token-main-surface-primary text-token-text-primary h-8 w-8\">\n<div class=\"mb-2 flex gap-3 empty:hidden -ml-2\">\n<div role=\"article\" data-tabster=\"{&quot;groupper&quot;:{&quot;tabbability&quot;:2},&quot;focusable&quot;:{}}\" data-content=\"ai-message\" aria-labelledby=\"Vdt5ez4X7Tg813x6rFVha-author Vdt5ez4X7Tg813x6rFVha-content\">\n<div id=\"Vdt5ez4X7Tg813x6rFVha-content\">\n<div role=\"article\" data-tabster=\"{&quot;groupper&quot;:{&quot;tabbability&quot;:2},&quot;focusable&quot;:{}}\" data-content=\"ai-message\" aria-labelledby=\"o968oC7CEo2fGHsGdsRYC-author o968oC7CEo2fGHsGdsRYC-content\">\n<div id=\"o968oC7CEo2fGHsGdsRYC-content\">\n<p>&nbsp;<\/p>\n<h3>K\u0101p\u0113c izv\u0113l\u0113ties vapestornado Bang Box 20000 Uzp\u016btienu Vape Vairumtirdzniec\u012bbai?<\/h3>\n<div class=\"flex-shrink-0 flex flex-col relative items-end\">\n<div class=\"pt-0\">\n<div class=\"gizmo-bot-avatar flex h-8 w-8 items-center justify-center overflow-hidden rounded-full\">\n<div class=\"relative p-1 rounded-sm flex items-center justify-center bg-token-main-surface-primary text-token-text-primary h-8 w-8\">\n<p>Laipni l\u016bdzam vapestornado, j\u016bsu uzticamaj\u0101 tie\u0161saistes vape veikal\u0101, kur\u0101 var ieg\u0101d\u0101ties augst\u0101k\u0101s kvalit\u0101tes vienreiz\u0113j\u0101s lieto\u0161anas vapes. Ar vair\u0101k nek\u0101 5 gadu pieredzi m\u0113s pied\u0101v\u0101jam popul\u0101rus vienreiz\u0113j\u0101s lieto\u0161anas vape z\u012bmolus, piem\u0113ram, Fumot RandM Vape, <a href=\"https:\/\/vapestornado.com\/lv\/product\/vapme-crystal-7000-puffs-rechargeable-disposable-vape-wholesale-cheap-price\/\">Vapme<\/a>, Bang Vape, Waspe Vape un WGA Vape, u.c.<\/p>\n<p>M\u016bsu kl\u0101st\u0101 ir iek\u013cauti karstie izp\u0101rdo\u0161anas veipi, piem\u0113ram, <a href=\"https:\/\/vapestornado.com\/lv\/product\/fumot-randm-tornado-15000-puffs-rechargeable-disposable-vape-wholesale\/\">RandM Tornado 15000<\/a>, un bag\u0101t\u012bgas gar\u0161as izv\u0113les, piem\u0113ram, <a href=\"https:\/\/vapestornado.com\/lv\/product\/vapsolo-dg-18000-puffs-smart-screen-wholesale-disposable-cheap-vapes\/\">\u00a0Vapsolo DG18000 Puffs<\/a> . Katrs produkts ir izv\u0113l\u0113ts, koncentr\u0113joties uz kvalit\u0101ti, v\u0113rt\u012bbu un daudzveid\u012bbu, nodro\u0161inot, ka j\u016bs atrad\u012bsiet perfektu atbilst\u012bbu sav\u0101m vajadz\u012bb\u0101m. Atkl\u0101jiet izcilu servisu un pla\u0161u popul\u0101r\u0101ko produktu kl\u0101stu par vairumtirdzniec\u012bbas cen\u0101m vietn\u0113 vapestornado.<\/p>\n<\/div>\n<p>&nbsp;<\/p>\n<p><strong>Citi karstie izp\u0101rdo\u0161anas vienreiz\u0113j\u0101s lieto\u0161anas veipi<\/strong><\/p>\n<p><a href=\"https:\/\/vapestornado.com\/lv\/product\/aivono-flash-35000-puffs-rechargeable-disposable-vape-bulk-buy\/\">Aivono Flash 35000 Uzp\u016btienu <span style=\"color: #ff0000;\"><strong>&gt;&gt;&gt;&gt; Uz priek\u0161u!<\/strong><\/span><\/a><\/p>\n<p><a href=\"https:\/\/vapestornado.com\/lv\/product\/vapme-crystal-7000-puffs-rechargeable-disposable-vape-wholesale-cheap-price\/\">Vape Krist\u0101ls 7000 <span style=\"color: #ff0000;\"><strong>&gt;&gt;&gt;&gt; Uz priek\u0161u!<\/strong><\/span><\/a><\/p>\n<p><a href=\"https:\/\/vapestornado.com\/lv\/product\/bood-twins-46000-puff-double-flavour-low-nicotine-disposable-vape-wholesale-bulk-buy-price\/\">Bood Twins 46000<span style=\"color: #ff0000;\"><strong>&gt;&gt;&gt;&gt; Uz priek\u0161u!<\/strong><\/span><\/a><\/p>\n<\/div>\n<\/div>\n<\/div>\n<p>&nbsp;<\/p>\n<\/div>\n<\/div>\n<\/div>\n<\/div>\n<\/div>\n<\/div>\n<\/div>\n<\/div>\n<\/div>","protected":false},"excerpt":{"rendered":"<p>Ori\u0123in\u0101lais Bang Box 20000 Puffs vienreiz\u0113j\u0101s lieto\u0161anas iztvaic\u0113t\u0101js Puff 20K Vape Pen<br \/>\nBang Box 20K 20000 Puff uzl\u0101d\u0113jams vienreiz\u0113j\u0101s lieto\u0161anas iztvaic\u0113t\u0101js par zemu cenu<br \/>\nBang Box 20K 20000 Puff vienreiz\u0113j\u0101s lieto\u0161anas iztvaic\u0113t\u0101js ar viedo ekr\u0101na digit\u0101lo displeju<\/p>\n<p><strong>Pievienojiet Eimijas whatsapp, lai sa\u0146emtu pareizu atbildi un iztvaic\u0113t\u0101ja kuponu!<\/strong><\/p>\n<p><img fetchpriority=\"high\" decoding=\"async\" class=\"size-full wp-image-2932\" src=\"https:\/\/vapestornado.com\/wp-content\/uploads\/2024\/12\/Vape-Wholesale.jpg\" alt=\"Veipu Vairumtirdzniec\u012bba\" width=\"229\" height=\"300\" \/><\/p>\n<h3><a href=\"https:\/\/wa.me\/8617776015835\"><span style=\"color: #ff0000;\"><strong>WhatsApp: +86 17776015835<\/strong><\/span><\/a><\/h3>\n<p>&nbsp;<\/p>","protected":false},"featured_media":3346,"comment_status":"open","ping_status":"closed","template":"","meta":{"_acf_changed":false,"_uag_custom_page_level_css":"","_lmt_disableupdate":"no","_lmt_disable":"","_monsterinsights_skip_tracking":false,"_monsterinsights_sitenote_active":false,"_monsterinsights_sitenote_note":"","_monsterinsights_sitenote_category":0,"site-sidebar-layout":"default","site-content-layout":"","ast-site-content-layout":"default","site-content-style":"default","site-sidebar-style":"default","ast-global-header-display":"","ast-banner-title-visibility":"","ast-main-header-display":"","ast-hfb-above-header-display":"","ast-hfb-below-header-display":"","ast-hfb-mobile-header-display":"","site-post-title":"","ast-breadcrumbs-content":"","ast-featured-img":"","footer-sml-layout":"","ast-disable-related-posts":"","theme-transparent-header-meta":"default","adv-header-id-meta":"","stick-header-meta":"","header-above-stick-meta":"","header-main-stick-meta":"","header-below-stick-meta":"","astra-migrate-meta-layouts":"set","ast-page-background-enabled":"default","ast-page-background-meta":{"desktop":{"background-color":"","background-image":"","background-repeat":"repeat","background-position":"center center","background-size":"auto","background-attachment":"scroll","background-type":"","background-media":"","overlay-type":"","overlay-color":"","overlay-opacity":"","overlay-gradient":""},"tablet":{"background-color":"","background-image":"","background-repeat":"repeat","background-position":"center center","background-size":"auto","background-attachment":"scroll","background-type":"","background-media":"","overlay-type":"","overlay-color":"","overlay-opacity":"","overlay-gradient":""},"mobile":{"background-color":"","background-image":"","background-repeat":"repeat","background-position":"center center","background-size":"auto","background-attachment":"scroll","background-type":"","background-media":"","overlay-type":"","overlay-color":"","overlay-opacity":"","overlay-gradient":""}},"ast-content-background-meta":{"desktop":{"background-color":"var(--ast-global-color-5)","background-image":"","background-repeat":"repeat","background-position":"center center","background-size":"auto","background-attachment":"scroll","background-type":"","background-media":"","overlay-type":"","overlay-color":"","overlay-opacity":"","overlay-gradient":""},"tablet":{"background-color":"var(--ast-global-color-5)","background-image":"","background-repeat":"repeat","background-position":"center center","background-size":"auto","background-attachment":"scroll","background-type":"","background-media":"","overlay-type":"","overlay-color":"","overlay-opacity":"","overlay-gradient":""},"mobile":{"background-color":"var(--ast-global-color-5)","background-image":"","background-repeat":"repeat","background-position":"center center","background-size":"auto","background-attachment":"scroll","background-type":"","background-media":"","overlay-type":"","overlay-color":"","overlay-opacity":"","overlay-gradient":""}},"_joinchat":{"telephone":"+8617776015835"}},"product_brand":[],"product_cat":[69,64,152,156,160,142,144,19],"product_tag":[200,201,196,165,105,97,166,94],"class_list":{"0":"post-3367","1":"product","2":"type-product","3":"status-publish","4":"has-post-thumbnail","6":"product_cat-20000-puff","7":"product_cat-bangbox-vape","8":"product_cat-buy-disposable-vapes-in-cermany","9":"product_cat-buy-disposable-vapes-in-poland","10":"product_cat-buy-disposable-vapes-in-switzerland","11":"product_cat-digital-box-disposable-vapes","12":"product_cat-low-nicotine-disposable-vapes","13":"product_cat-vapes","14":"product_tag-bang-box-20000","15":"product_tag-bang-box-20k","16":"product_tag-bang-vape","17":"product_tag-cheap-vapes","18":"product_tag-digital-disposable-vape","19":"product_tag-hot-sale-disposable-vape","20":"product_tag-low-nicotine-vape","21":"product_tag-rechargeable-disposable-vape","22":"desktop-align-left","23":"tablet-align-left","24":"mobile-align-left","26":"first","27":"instock","28":"sale","29":"shipping-taxable","30":"purchasable","31":"product-type-simple"},"acf":[],"uagb_featured_image_src":{"full":["https:\/\/vapestornado.com\/wp-content\/uploads\/2024\/12\/Bang-Box-Vape-Disposable-Wholesale-20000-Puffs.jpg",1126,1126,false],"thumbnail":["https:\/\/vapestornado.com\/wp-content\/uploads\/2024\/12\/Bang-Box-Vape-Disposable-Wholesale-20000-Puffs-150x150.jpg",150,150,true],"medium":["https:\/\/vapestornado.com\/wp-content\/uploads\/2024\/12\/Bang-Box-Vape-Disposable-Wholesale-20000-Puffs-300x300.jpg",300,300,true],"medium_large":["https:\/\/vapestornado.com\/wp-content\/uploads\/2024\/12\/Bang-Box-Vape-Disposable-Wholesale-20000-Puffs-768x768.jpg",768,768,true],"large":["https:\/\/vapestornado.com\/wp-content\/uploads\/2024\/12\/Bang-Box-Vape-Disposable-Wholesale-20000-Puffs-1024x1024.jpg",1024,1024,true],"1536x1536":["https:\/\/vapestornado.com\/wp-content\/uploads\/2024\/12\/Bang-Box-Vape-Disposable-Wholesale-20000-Puffs.jpg",1126,1126,false],"2048x2048":["https:\/\/vapestornado.com\/wp-content\/uploads\/2024\/12\/Bang-Box-Vape-Disposable-Wholesale-20000-Puffs.jpg",1126,1126,false],"trp-custom-language-flag":["https:\/\/vapestornado.com\/wp-content\/uploads\/2024\/12\/Bang-Box-Vape-Disposable-Wholesale-20000-Puffs.jpg",12,12,false],"woocommerce_thumbnail":["https:\/\/vapestornado.com\/wp-content\/uploads\/2024\/12\/Bang-Box-Vape-Disposable-Wholesale-20000-Puffs-300x300.jpg",300,300,true],"woocommerce_single":["https:\/\/vapestornado.com\/wp-content\/uploads\/2024\/12\/Bang-Box-Vape-Disposable-Wholesale-20000-Puffs-600x600.jpg",600,600,true],"woocommerce_gallery_thumbnail":["https:\/\/vapestornado.com\/wp-content\/uploads\/2024\/12\/Bang-Box-Vape-Disposable-Wholesale-20000-Puffs-100x100.jpg",100,100,true]},"uagb_author_info":{"display_name":"ESAMY","author_link":"https:\/\/vapestornado.com\/lv\/author\/"},"uagb_comment_info":0,"uagb_excerpt":"Original Bang Box 20000 Puffs Disposable Vapes Puff 20K Vape Pen Bang Box 20K 20000 Puff Rechargeable Disposable Vape Cheap Price Bang Box 20K 20000 Puff Disposable Vape with Smart Screen Digital Display Add Amy's whatsapp get right reply and vape coupon! WhatsApp: +86 17776015835 &nbsp;","_links":{"self":[{"href":"https:\/\/vapestornado.com\/lv\/wp-json\/wp\/v2\/product\/3367","targetHints":{"allow":["GET"]}}],"collection":[{"href":"https:\/\/vapestornado.com\/lv\/wp-json\/wp\/v2\/product"}],"about":[{"href":"https:\/\/vapestornado.com\/lv\/wp-json\/wp\/v2\/types\/product"}],"replies":[{"embeddable":true,"href":"https:\/\/vapestornado.com\/lv\/wp-json\/wp\/v2\/comments?post=3367"}],"wp:featuredmedia":[{"embeddable":true,"href":"https:\/\/vapestornado.com\/lv\/wp-json\/wp\/v2\/media\/3346"}],"wp:attachment":[{"href":"https:\/\/vapestornado.com\/lv\/wp-json\/wp\/v2\/media?parent=3367"}],"wp:term":[{"taxonomy":"product_brand","embeddable":true,"href":"https:\/\/vapestornado.com\/lv\/wp-json\/wp\/v2\/product_brand?post=3367"},{"taxonomy":"product_cat","embeddable":true,"href":"https:\/\/vapestornado.com\/lv\/wp-json\/wp\/v2\/product_cat?post=3367"},{"taxonomy":"product_tag","embeddable":true,"href":"https:\/\/vapestornado.com\/lv\/wp-json\/wp\/v2\/product_tag?post=3367"}],"curies":[{"name":"wp","href":"https:\/\/api.w.org\/{rel}","templated":true}]}}