{"id":3366,"date":"2024-12-25T06:29:01","date_gmt":"2024-12-25T06:29:01","guid":{"rendered":"https:\/\/vapestornado.com\/?post_type=product&#038;p=3366"},"modified":"2025-08-23T12:25:43","modified_gmt":"2025-08-23T12:25:43","slug":"bang-box-30000-30k-puffs-low-nicotine-bulk-buy-rechargeable-digital-display-disposable-vapes-pen-wholesale","status":"publish","type":"product","link":"https:\/\/vapestornado.com\/lv\/product\/bang-box-30000-30k-puffs-low-nicotine-bulk-buy-rechargeable-digital-display-disposable-vapes-pen-wholesale\/","title":{"rendered":"Bang Box 30000 30k dvesmu zema nikot\u012bna liels pirkums atk\u0101rtoti uzl\u0101d\u0113jamas digit\u0101l\u0101 displeja vienreiz\u0113j\u0101s lieto\u0161anas vape pildspalvas vairumtirdzniec\u012bba"},"content":{"rendered":"<h1 class=\"product-title\">Bang Box 30000 30k dvesmu zema nikot\u012bna liels pirkums atk\u0101rtoti uzl\u0101d\u0113jamas digit\u0101l\u0101 displeja vienreiz\u0113j\u0101s lieto\u0161anas vape pildspalvas vairumtirdzniec\u012bba<\/h1>\n<p>T\u0101 <strong>Bang Box 30000 30k Puffs Zema nikot\u012bna uzl\u0101d\u0113jams digit\u0101l\u0101 displeja vienreiz\u0113j\u0101s lieto\u0161anas tvaiks<\/strong> ir j\u016bsu iecien\u012bt\u0101k\u0101 ier\u012bce ilgsto\u0161ai, arom\u0101tiskai un \u0113rtai tvaic\u0113\u0161anai. Izstr\u0101d\u0101ta tvaic\u0113t\u0101jiem, kuri pieprasa kvalit\u0101ti un inov\u0101cijas, \u0161\u012b ier\u012bce pied\u0101v\u0101 p\u0101rsteidzo\u0161u <strong>30 000 uzp\u016btienu<\/strong> darbojas ar uzticamu <strong>850mAh uzl\u0101d\u0113jams akumulators<\/strong>.<\/p>\n<p>Ar <strong>35 ml e-\u0161\u0137idruma ietilp\u012bbu<\/strong>, a <strong>dubult\u0101 sieta spole<\/strong>, un <strong>2 tvaic\u0113\u0161anas re\u017e\u012bmi (parasts\/pastiprin\u0101ts)<\/strong>, Bang Box nodro\u0161ina konsekventus, bag\u0101t\u012bgus tvaikus un gar\u0161u. The <strong>LED viedais ekr\u0101na displejs<\/strong> inform\u0113 j\u016bs par e-\u0161\u0137idruma l\u012bmeni un akumulatora st\u0101vokli, nodro\u0161inot, ka vienm\u0113r esat gatavs tvaic\u0113t.<\/p>\n<p>Pieejams <strong>12 izcilas gar\u0161as<\/strong> un da\u017e\u0101das nikot\u012bna stipr\u012bbas (0%, 2%, 3%, 5%), \u0161is <strong>lab\u0101kais vienreiz\u0113j\u0101s lieto\u0161anas tvaiks<\/strong> ir lieliski piem\u0113rots tiem, kas mekl\u0113 daudzveid\u012bbu un pieejam\u012bbu. The <strong>Bang Box 30000<\/strong> ir lieliska izv\u0113le priek\u0161 <strong>vairumtirdzniec\u012bbas pirc\u0113jiem<\/strong>, pied\u0101v\u0101jot izcilu v\u0113rt\u012bbu, nezaud\u0113jot veiktsp\u0113ju.<\/p>\n<p>&nbsp;<\/p>\n<p><strong>Pievienojiet Eimijas Whatsapp, lai sa\u0146emtu pareizo atbildi un vape kuponu!<\/strong><\/p>\n<p><img fetchpriority=\"high\" decoding=\"async\" class=\"size-full wp-image-2932\" src=\"https:\/\/vapestornado.com\/wp-content\/uploads\/2024\/12\/Vape-Wholesale.jpg\" alt=\"Veipu Vairumtirdzniec\u012bba\" width=\"229\" height=\"300\" \/><\/p>\n<h3><a href=\"https:\/\/wa.me\/8617776015835\" target=\"_blank\" rel=\"noopener\"><span style=\"color: #ff0000;\"><strong>WhatsApp: +86 17776015835<\/strong><\/span><\/a><\/h3>\n<p>&nbsp;<\/p>\n<h2 class=\"product-title\">Bang Box 30000 Vienreiz\u0113j\u0101s lieto\u0161anas vape<strong> Produkta \u012bpa\u0161\u012bbas<\/strong><\/h2>\n<div role=\"article\" data-tabster=\"{&quot;groupper&quot;:{&quot;tabbability&quot;:2},&quot;focusable&quot;:{}}\" data-content=\"ai-message\" aria-labelledby=\"juhNTJ6o7Gk1cgwZMJgv2-author juhNTJ6o7Gk1cgwZMJgv2-content\">\n<div id=\"juhNTJ6o7Gk1cgwZMJgv2-content\">\n<div role=\"article\" data-tabster=\"{&quot;groupper&quot;:{&quot;tabbability&quot;:2},&quot;focusable&quot;:{}}\" data-content=\"ai-message\" aria-labelledby=\"x4EZuCZWrTbh3weWUt7CU-author x4EZuCZWrTbh3weWUt7CU-content\">\n<div id=\"x4EZuCZWrTbh3weWUt7CU-content\">\n<div class=\"flex max-w-full flex-col flex-grow\">\n<div class=\"min-h-8 text-message flex w-full flex-col items-end gap-2 whitespace-normal break-words text-start [.text-message+&amp;]:mt-5\" dir=\"auto\" data-message-author-role=\"assistant\" data-message-id=\"52c6e00a-252f-4104-805d-2f1a84739c71\" data-message-model-slug=\"gpt-4o\">\n<div class=\"flex w-full flex-col gap-1 empty:hidden first:pt-[3px]\">\n<div class=\"markdown prose w-full break-words dark:prose-invert light\">\n<h3><\/h3>\n<ol>\n<li><strong>30 000 uzp\u016btienu ietilp\u012bba:<\/strong> Izbaudiet nep\u0101rtrauktu tvaic\u0113\u0161anu ned\u0113\u013c\u0101m vai m\u0113ne\u0161iem.<\/li>\n<li><strong>Uzl\u0101d\u0113jams akumulators:<\/strong> T\u0101 <strong>850mAh akumulators<\/strong> ar C tipa \u0101tro uzl\u0101di nodro\u0161ina ilgsto\u0161u lieto\u0161anu.<\/li>\n<li><strong>LED vied\u0101 ekr\u0101na displejs:<\/strong> Viegli p\u0101rraugiet savu e-\u0161\u0137idruma un akumulatora l\u012bmeni, lai nodro\u0161in\u0101tu bezr\u016bp\u012bgu pieredzi.<\/li>\n<li><strong>Divk\u0101r\u0161a sieta spir\u0101les tehnolo\u0123ija:<\/strong> Nodro\u0161ina vienm\u0113r\u012bgu tvaiku un nemain\u012bgu gar\u0161u katr\u0101 uzp\u016btien\u0101.<\/li>\n<li><strong>35 ml e-\u0161\u0137idruma rezervu\u0101rs:<\/strong> Nodro\u0161ina ilgsto\u0161as tvaic\u0113\u0161anas sesijas bez bie\u017eas uzpild\u012b\u0161anas.<\/li>\n<li><strong>2 tvaic\u0113\u0161anas re\u017e\u012bmi:<\/strong> P\u0101rsl\u0113dzieties starp <strong>Norm\u0101lu un Boost re\u017e\u012bmu<\/strong> lai piel\u0101gotu tvaika ra\u017eo\u0161anu.<\/li>\n<li><strong>Pieejamas 12 gar\u0161as:<\/strong> Izv\u0113lieties no da\u017e\u0101diem aug\u013cu un atsvaidzino\u0161iem variantiem, kas atbilst j\u016bsu gaumei.<\/li>\n<li><strong>Zemas nikot\u012bna iesp\u0113jas:<\/strong> Izv\u0113lieties no 0%, 2%, 3% vai 5% nikot\u012bna stiprumiem, kas atbilst j\u016bsu v\u0113lm\u0113m.<\/li>\n<li><strong>Pieejama vairumtirdzniec\u012bbas cena:<\/strong> Ide\u0101li piem\u0113rots vairumtirgot\u0101jiem, kuri mekl\u0113 augstas kvalit\u0101tes vienreiz\u0113j\u0101s lieto\u0161anas tvaic\u0113t\u0101jus.<\/li>\n<\/ol>\n<\/div>\n<\/div>\n<\/div>\n<\/div>\n<div class=\"mb-2 flex gap-3 empty:hidden -ml-2\"><\/div>\n<\/div>\n<\/div>\n<\/div>\n<\/div>\n<h2 class=\"product-title\"><strong>Popul\u0101ra gar\u0161a Bang Box 30k Puffs vienreiz\u0113j\u0101s lieto\u0161anas vape<\/strong><\/h2>\n<p>1. Zeme\u0146u kivi<br \/>\n2.Melnais spr\u0101dziens <strong><span style=\"color: #ff0000;\">&gt;&gt;&gt;&gt; Karsts!<\/span><\/strong><br \/>\n3. Zeme\u0146u arb\u016bzs<br \/>\n4. Marakuja<br \/>\n5. Melle\u0146u sk\u0101bo ave\u0146u ledus <strong><span style=\"color: #ff0000;\">&gt;&gt;&gt;&gt; Lab\u0101kais!<\/span><\/strong><br \/>\n6. Arb\u016bzu ledus<br \/>\n7. Melle\u0146u gran\u0101t\u0101bols <strong><span style=\"color: #ff0000;\">&gt;&gt;&gt;&gt; Karsts!<\/span><\/strong><br \/>\n8. \u0100BOLU persiks<br \/>\n9. Melle\u0146u ledus<br \/>\n10. Dubultv\u012bnogas<br \/>\n11. Zils uzliesmojums<br \/>\n12. D\u017eung\u013cu sula<\/p>\n<p>&nbsp;<\/p>\n<figure id=\"attachment_3357\" aria-describedby=\"caption-attachment-3357\" style=\"width: 1241px\" class=\"wp-caption alignnone\"><img decoding=\"async\" class=\"wp-image-3357 size-full\" src=\"https:\/\/vapestornado.com\/wp-content\/uploads\/2024\/12\/Bang-Vape-Disposable-30000-Puffs-Wholesale.jpg\" alt=\"Bang Vape vienreiz\u0113j\u0101s lieto\u0161anas 30000 uzp\u016btienu vairumtirdzniec\u012bba\" width=\"1241\" height=\"2038\" srcset=\"https:\/\/vapestornado.com\/wp-content\/uploads\/2024\/12\/Bang-Vape-Disposable-30000-Puffs-Wholesale.jpg 1241w, https:\/\/vapestornado.com\/wp-content\/uploads\/2024\/12\/Bang-Vape-Disposable-30000-Puffs-Wholesale-183x300.jpg 183w, https:\/\/vapestornado.com\/wp-content\/uploads\/2024\/12\/Bang-Vape-Disposable-30000-Puffs-Wholesale-624x1024.jpg 624w, https:\/\/vapestornado.com\/wp-content\/uploads\/2024\/12\/Bang-Vape-Disposable-30000-Puffs-Wholesale-768x1261.jpg 768w, https:\/\/vapestornado.com\/wp-content\/uploads\/2024\/12\/Bang-Vape-Disposable-30000-Puffs-Wholesale-935x1536.jpg 935w, https:\/\/vapestornado.com\/wp-content\/uploads\/2024\/12\/Bang-Vape-Disposable-30000-Puffs-Wholesale-600x985.jpg 600w\" sizes=\"(max-width: 1241px) 100vw, 1241px\" \/><figcaption id=\"caption-attachment-3357\" class=\"wp-caption-text\">Bang Vape vienreiz\u0113j\u0101s lieto\u0161anas 30000 uzp\u016btienu vairumtirdzniec\u012bba<\/figcaption><\/figure>\n<div class=\"flex-shrink-0 flex flex-col relative items-end\">\n<div class=\"pt-0\">\n<div class=\"gizmo-bot-avatar flex h-8 w-8 items-center justify-center overflow-hidden rounded-full\">\n<div class=\"relative p-1 rounded-sm flex items-center justify-center bg-token-main-surface-primary text-token-text-primary h-8 w-8\">\n<h3>BUJ par Bang Box 30000 vienreiz\u0113j\u0101s lieto\u0161anas vape<\/h3>\n<h3><\/h3>\n<ol>\n<li><strong>Cik daudz uzp\u016b\u0161\u0146u pied\u0101v\u0101 Bang Box 30k?<\/strong><br \/>\nIer\u012bce nodro\u0161ina iespaid\u012bgu <strong>30 000 uzp\u016btienu<\/strong>, padarot to par vienu no ilg\u0101k lietojam\u0101m vienreiz\u0113j\u0101s lieto\u0161anas e-cigaret\u0113m.<\/li>\n<li><strong>Vai es varu uzl\u0101d\u0113t BangBox 30000?<\/strong><br \/>\nJ\u0101, tam ir <strong>850mAh uzl\u0101d\u0113jams akumulators<\/strong> ar C tipa \u0101tro uzl\u0101di \u0113rtai lieto\u0161anai.<\/li>\n<li><strong>Kas \u012bpa\u0161s ir du\u0101laj\u0101 sieta spol\u0113?<\/strong><br \/>\nT\u0101 <strong>dubult\u0101 sieta spole<\/strong> nodro\u0161ina pastiprin\u0101tu gar\u0161u un vienm\u0113r\u012bgu tvaiku veido\u0161anos optim\u0101lai tvaic\u0113\u0161anas pieredzei.<\/li>\n<li><strong>K\u0101ds nikot\u012bna stiprums ir pieejams BangBOX 30K?<\/strong><br \/>\nIzv\u0113lieties no <strong>0%, 2%, 3% vai 5% nikot\u012bna l\u012bmenis<\/strong>, kas atbilst da\u017e\u0101d\u0101m v\u0113lm\u0113m.<\/li>\n<li><strong>Kur es varu ieg\u0101d\u0101ties Bang Box 30000 par vairumtirdzniec\u012bbas cen\u0101m?<\/strong><br \/>\nLai ieg\u016btu lab\u0101kos pied\u0101v\u0101jumus un konkur\u0113tsp\u0113j\u012bgas cenas, apmekl\u0113jiet <strong>vapestornado tie\u0161saistes vape veikalu<\/strong> lai ieg\u0101d\u0101tos Bang Box 30000 vairum\u0101!<\/li>\n<\/ol>\n<\/div>\n<\/div>\n<\/div>\n<\/div>\n<div class=\"flex-shrink-0 flex flex-col relative items-end\">\n<div class=\"pt-0\">\n<div class=\"gizmo-bot-avatar flex h-8 w-8 items-center justify-center overflow-hidden rounded-full\">\n<div class=\"relative p-1 rounded-sm flex items-center justify-center bg-token-main-surface-primary text-token-text-primary h-8 w-8\">\n<div class=\"mb-2 flex gap-3 empty:hidden -ml-2\">\n<div role=\"article\" data-tabster=\"{&quot;groupper&quot;:{&quot;tabbability&quot;:2},&quot;focusable&quot;:{}}\" data-content=\"ai-message\" aria-labelledby=\"Vdt5ez4X7Tg813x6rFVha-author Vdt5ez4X7Tg813x6rFVha-content\">\n<div id=\"Vdt5ez4X7Tg813x6rFVha-content\">\n<div role=\"article\" data-tabster=\"{&quot;groupper&quot;:{&quot;tabbability&quot;:2},&quot;focusable&quot;:{}}\" data-content=\"ai-message\" aria-labelledby=\"o968oC7CEo2fGHsGdsRYC-author o968oC7CEo2fGHsGdsRYC-content\">\n<div id=\"o968oC7CEo2fGHsGdsRYC-content\">\n<p>&nbsp;<\/p>\n<h3>K\u0101p\u0113c izv\u0113l\u0113ties vapestornado Bang Box 20000 Uzp\u016btienu Vape Vairumtirdzniec\u012bbai?<\/h3>\n<div class=\"flex-shrink-0 flex flex-col relative items-end\">\n<div class=\"pt-0\">\n<div class=\"gizmo-bot-avatar flex h-8 w-8 items-center justify-center overflow-hidden rounded-full\">\n<div class=\"relative p-1 rounded-sm flex items-center justify-center bg-token-main-surface-primary text-token-text-primary h-8 w-8\">\n<p>Laipni l\u016bdzam vapestornado, j\u016bsu uzticamaj\u0101 tie\u0161saistes vape veikal\u0101, kur\u0101 var ieg\u0101d\u0101ties augst\u0101k\u0101s kvalit\u0101tes vienreiz\u0113j\u0101s lieto\u0161anas vapes. Ar vair\u0101k nek\u0101 5 gadu pieredzi m\u0113s pied\u0101v\u0101jam popul\u0101rus vienreiz\u0113j\u0101s lieto\u0161anas vape z\u012bmolus, piem\u0113ram, Fumot RandM Vape, <a href=\"https:\/\/vapestornado.com\/lv\/product\/vapme-crystal-7000-puffs-rechargeable-disposable-vape-wholesale-cheap-price\/\">Vapme<\/a>, Bang Vape, Waspe Vape un WGA Vape, u.c.<\/p>\n<p>M\u016bsu kl\u0101st\u0101 ir iek\u013cauti karstie izp\u0101rdo\u0161anas veipi, piem\u0113ram, <a href=\"https:\/\/vapestornado.com\/lv\/product\/fumot-randm-tornado-15000-puffs-rechargeable-disposable-vape-wholesale\/\">RandM Tornado 15000<\/a>, un bag\u0101t\u012bgas gar\u0161as izv\u0113les, piem\u0113ram, <a href=\"https:\/\/vapestornado.com\/lv\/product\/vapsolo-dg-18000-puffs-smart-screen-wholesale-disposable-cheap-vapes\/\">\u00a0Vapsolo DG18000 Puffs<\/a> . Katrs produkts ir izv\u0113l\u0113ts, koncentr\u0113joties uz kvalit\u0101ti, v\u0113rt\u012bbu un daudzveid\u012bbu, nodro\u0161inot, ka j\u016bs atrad\u012bsiet perfektu atbilst\u012bbu sav\u0101m vajadz\u012bb\u0101m. Atkl\u0101jiet izcilu servisu un pla\u0161u popul\u0101r\u0101ko produktu kl\u0101stu par vairumtirdzniec\u012bbas cen\u0101m vietn\u0113 vapestornado.<\/p>\n<\/div>\n<p>&nbsp;<\/p>\n<p>Citi karstie izp\u0101rdo\u0161anas vienreiz\u0113j\u0101s lieto\u0161anas veipi<\/p>\n<p><a href=\"https:\/\/vapestornado.com\/lv\/product\/bang-box-30000-puffs-double-flavour-0-2-5-low-nicotine-bulk-buy-rechargeable-disposable-vapes-pen-wholesale\/\">Bang Box 30000 uzp\u016btienu dubult\u0101 gar\u0161a <span style=\"color: #ff0000;\"><strong>&gt;&gt;&gt;&gt; Uz priek\u0161u!<\/strong><\/span><\/a><\/p>\n<p><a href=\"https:\/\/vapestornado.com\/lv\/product\/randm-12000-puffs-fumot-digital-disposable-vape-wholesale-price\/\">RandM Digit\u0101l\u0101 12000 <span style=\"color: #ff0000;\"><strong>&gt;&gt;&gt;&gt; Uz priek\u0161u!<\/strong><\/span><\/a><\/p>\n<p><a href=\"https:\/\/vapestornado.com\/lv\/product\/vapme-crystal-7000-puffs-rechargeable-disposable-vape-wholesale-cheap-price\/\">Vape Krist\u0101ls 7000 <span style=\"color: #ff0000;\"><strong>&gt;&gt;&gt;&gt; Uz priek\u0161u!<\/strong><\/span><\/a><\/p>\n<\/div>\n<\/div>\n<\/div>\n<p>&nbsp;<\/p>\n<\/div>\n<\/div>\n<\/div>\n<\/div>\n<\/div>\n<\/div>\n<\/div>\n<\/div>\n<\/div>","protected":false},"excerpt":{"rendered":"<p>Bang Box 30000 30k Puffs 0% 2% 5% Zema nikot\u012bna vienreiz\u0113j\u0101s lieto\u0161anas tvaiku vairumtirdzniec\u012bbas cena<br \/>\nBang Box 30000 Puffs Uzl\u0101d\u0113jams vienreiz\u0113j\u0101s lieto\u0161anas tvaiku vairumtirdzniec\u012bba<br \/>\nL\u0113ta r\u016bpn\u012bcas cena Bang Box Vape 30000 Puffs Visi arom\u0101ti noliktav\u0101<\/p>\n<p><strong>Pievienojiet Eimijas whatsapp, lai sa\u0146emtu pareizu atbildi un iztvaic\u0113t\u0101ja kuponu!<\/strong><\/p>\n<p><img fetchpriority=\"high\" decoding=\"async\" class=\"size-full wp-image-2932\" src=\"https:\/\/vapestornado.com\/wp-content\/uploads\/2024\/12\/Vape-Wholesale.jpg\" alt=\"Veipu Vairumtirdzniec\u012bba\" width=\"229\" height=\"300\" \/><\/p>\n<h3><a href=\"https:\/\/wa.me\/8617776015835\"><span style=\"color: #ff0000;\"><strong>WhatsApp: +86 17776015835<\/strong><\/span><\/a><\/h3>\n<p>&nbsp;<\/p>","protected":false},"featured_media":3350,"comment_status":"open","ping_status":"closed","template":"","meta":{"_acf_changed":false,"_uag_custom_page_level_css":"","_lmt_disableupdate":"no","_lmt_disable":"","_monsterinsights_skip_tracking":false,"_monsterinsights_sitenote_active":false,"_monsterinsights_sitenote_note":"","_monsterinsights_sitenote_category":0,"site-sidebar-layout":"default","site-content-layout":"","ast-site-content-layout":"default","site-content-style":"default","site-sidebar-style":"default","ast-global-header-display":"","ast-banner-title-visibility":"","ast-main-header-display":"","ast-hfb-above-header-display":"","ast-hfb-below-header-display":"","ast-hfb-mobile-header-display":"","site-post-title":"","ast-breadcrumbs-content":"","ast-featured-img":"","footer-sml-layout":"","ast-disable-related-posts":"","theme-transparent-header-meta":"default","adv-header-id-meta":"","stick-header-meta":"","header-above-stick-meta":"","header-main-stick-meta":"","header-below-stick-meta":"","astra-migrate-meta-layouts":"set","ast-page-background-enabled":"default","ast-page-background-meta":{"desktop":{"background-color":"","background-image":"","background-repeat":"repeat","background-position":"center center","background-size":"auto","background-attachment":"scroll","background-type":"","background-media":"","overlay-type":"","overlay-color":"","overlay-opacity":"","overlay-gradient":""},"tablet":{"background-color":"","background-image":"","background-repeat":"repeat","background-position":"center center","background-size":"auto","background-attachment":"scroll","background-type":"","background-media":"","overlay-type":"","overlay-color":"","overlay-opacity":"","overlay-gradient":""},"mobile":{"background-color":"","background-image":"","background-repeat":"repeat","background-position":"center center","background-size":"auto","background-attachment":"scroll","background-type":"","background-media":"","overlay-type":"","overlay-color":"","overlay-opacity":"","overlay-gradient":""}},"ast-content-background-meta":{"desktop":{"background-color":"var(--ast-global-color-5)","background-image":"","background-repeat":"repeat","background-position":"center center","background-size":"auto","background-attachment":"scroll","background-type":"","background-media":"","overlay-type":"","overlay-color":"","overlay-opacity":"","overlay-gradient":""},"tablet":{"background-color":"var(--ast-global-color-5)","background-image":"","background-repeat":"repeat","background-position":"center center","background-size":"auto","background-attachment":"scroll","background-type":"","background-media":"","overlay-type":"","overlay-color":"","overlay-opacity":"","overlay-gradient":""},"mobile":{"background-color":"var(--ast-global-color-5)","background-image":"","background-repeat":"repeat","background-position":"center center","background-size":"auto","background-attachment":"scroll","background-type":"","background-media":"","overlay-type":"","overlay-color":"","overlay-opacity":"","overlay-gradient":""}},"_joinchat":{"telephone":"+8617776015835"}},"product_brand":[],"product_cat":[140,67,64,154,156,157,142,144,19],"product_tag":[197,196,165,105,97,166,94],"class_list":{"0":"post-3366","1":"product","2":"type-product","3":"status-publish","4":"has-post-thumbnail","6":"product_cat-big-puffs-disposable-vapes","7":"product_cat-30000-puff","8":"product_cat-bangbox-vape","9":"product_cat-buy-disposable-vapes-in-netherlands","10":"product_cat-buy-disposable-vapes-in-poland","11":"product_cat-buy-disposable-vapes-in-portugal","12":"product_cat-digital-box-disposable-vapes","13":"product_cat-low-nicotine-disposable-vapes","14":"product_cat-vapes","15":"product_tag-bang-30000","16":"product_tag-bang-vape","17":"product_tag-cheap-vapes","18":"product_tag-digital-disposable-vape","19":"product_tag-hot-sale-disposable-vape","20":"product_tag-low-nicotine-vape","21":"product_tag-rechargeable-disposable-vape","22":"desktop-align-left","23":"tablet-align-left","24":"mobile-align-left","26":"first","27":"instock","28":"sale","29":"shipping-taxable","30":"purchasable","31":"product-type-simple"},"acf":[],"uagb_featured_image_src":{"full":["https:\/\/vapestornado.com\/wp-content\/uploads\/2024\/12\/Bang-Box-30kPuff-Disposable-Vape-Wholesale.jpg",1126,1126,false],"thumbnail":["https:\/\/vapestornado.com\/wp-content\/uploads\/2024\/12\/Bang-Box-30kPuff-Disposable-Vape-Wholesale-150x150.jpg",150,150,true],"medium":["https:\/\/vapestornado.com\/wp-content\/uploads\/2024\/12\/Bang-Box-30kPuff-Disposable-Vape-Wholesale-300x300.jpg",300,300,true],"medium_large":["https:\/\/vapestornado.com\/wp-content\/uploads\/2024\/12\/Bang-Box-30kPuff-Disposable-Vape-Wholesale-768x768.jpg",768,768,true],"large":["https:\/\/vapestornado.com\/wp-content\/uploads\/2024\/12\/Bang-Box-30kPuff-Disposable-Vape-Wholesale-1024x1024.jpg",1024,1024,true],"1536x1536":["https:\/\/vapestornado.com\/wp-content\/uploads\/2024\/12\/Bang-Box-30kPuff-Disposable-Vape-Wholesale.jpg",1126,1126,false],"2048x2048":["https:\/\/vapestornado.com\/wp-content\/uploads\/2024\/12\/Bang-Box-30kPuff-Disposable-Vape-Wholesale.jpg",1126,1126,false],"trp-custom-language-flag":["https:\/\/vapestornado.com\/wp-content\/uploads\/2024\/12\/Bang-Box-30kPuff-Disposable-Vape-Wholesale.jpg",12,12,false],"woocommerce_thumbnail":["https:\/\/vapestornado.com\/wp-content\/uploads\/2024\/12\/Bang-Box-30kPuff-Disposable-Vape-Wholesale-300x300.jpg",300,300,true],"woocommerce_single":["https:\/\/vapestornado.com\/wp-content\/uploads\/2024\/12\/Bang-Box-30kPuff-Disposable-Vape-Wholesale-600x600.jpg",600,600,true],"woocommerce_gallery_thumbnail":["https:\/\/vapestornado.com\/wp-content\/uploads\/2024\/12\/Bang-Box-30kPuff-Disposable-Vape-Wholesale-100x100.jpg",100,100,true]},"uagb_author_info":{"display_name":"ESAMY","author_link":"https:\/\/vapestornado.com\/lv\/author\/"},"uagb_comment_info":0,"uagb_excerpt":"Bang Box 30000 30k Puffs 0% 2% 5% Low Nicotine Disposable Vape Bulk Buy Price Bang Box 30000 Puffs Rechargeable Disposable Vape Wholesale Cheap Factory Price Bang Box Vape 30000 Puffs All Flavour in Stock Add Amy's whatsapp get right reply and vape coupon! WhatsApp: +86 17776015835 &nbsp;","_links":{"self":[{"href":"https:\/\/vapestornado.com\/lv\/wp-json\/wp\/v2\/product\/3366","targetHints":{"allow":["GET"]}}],"collection":[{"href":"https:\/\/vapestornado.com\/lv\/wp-json\/wp\/v2\/product"}],"about":[{"href":"https:\/\/vapestornado.com\/lv\/wp-json\/wp\/v2\/types\/product"}],"replies":[{"embeddable":true,"href":"https:\/\/vapestornado.com\/lv\/wp-json\/wp\/v2\/comments?post=3366"}],"wp:featuredmedia":[{"embeddable":true,"href":"https:\/\/vapestornado.com\/lv\/wp-json\/wp\/v2\/media\/3350"}],"wp:attachment":[{"href":"https:\/\/vapestornado.com\/lv\/wp-json\/wp\/v2\/media?parent=3366"}],"wp:term":[{"taxonomy":"product_brand","embeddable":true,"href":"https:\/\/vapestornado.com\/lv\/wp-json\/wp\/v2\/product_brand?post=3366"},{"taxonomy":"product_cat","embeddable":true,"href":"https:\/\/vapestornado.com\/lv\/wp-json\/wp\/v2\/product_cat?post=3366"},{"taxonomy":"product_tag","embeddable":true,"href":"https:\/\/vapestornado.com\/lv\/wp-json\/wp\/v2\/product_tag?post=3366"}],"curies":[{"name":"wp","href":"https:\/\/api.w.org\/{rel}","templated":true}]}}