{"id":3365,"date":"2024-12-24T09:50:29","date_gmt":"2024-12-24T09:50:29","guid":{"rendered":"https:\/\/vapestornado.com\/?post_type=product&#038;p=3365"},"modified":"2025-12-09T08:52:33","modified_gmt":"2025-12-09T08:52:33","slug":"bang-box-30000-puffs-double-flavour-0-2-5-low-nicotine-bulk-buy-rechargeable-disposable-vapes-pen-wholesale","status":"publish","type":"product","link":"https:\/\/vapestornado.com\/lv\/product\/bang-box-30000-puffs-double-flavour-0-2-5-low-nicotine-bulk-buy-rechargeable-disposable-vapes-pen-wholesale\/","title":{"rendered":"Bang Box 30000 Uzp\u016btienu Dubult\u0101 Gar\u0161a 0% 2% 5% Zems Nikot\u012bna L\u012bmenis Lielos Daudzumos Uzl\u0101d\u0113jamas Vienreiz\u0113j\u0101s Lieto\u0161anas Vape Pildspalvas Vairumtirdzniec\u012bba"},"content":{"rendered":"<h1 class=\"product-title\">Bang Box 30000 Uzp\u016btienu Dubult\u0101 Gar\u0161a 0% 2% 5% Zems Nikot\u012bna L\u012bmenis Lielos Daudzumos Uzl\u0101d\u0113jamas Vienreiz\u0113j\u0101s Lieto\u0161anas Vape Pildspalvas Vairumtirdzniec\u012bba<\/h1>\n<p>Bang Box 30000 pufa vienreizlietojams vape ir 35ml, 30 000 pufa uzl\u0101d\u0113jams vienreizlietojams ar dubult\u0101m gar\u0161\u0101m un 0.8\u03a9 t\u012bkla spir\u0101li, nodro\u0161inot ilgu, stabilu gar\u0161u un \u0101tru Type-C uzl\u0101di vien\u0101 viegl\u0101 ier\u012bc\u0113.<\/p>\n<p data-start=\"907\" data-end=\"1146\"><strong data-start=\"907\" data-end=\"953\">Ilgs darb\u012bbas laiks ar patieso jaudu aiz t\u0101.<\/strong> T\u0101 <strong data-start=\"958\" data-end=\"998\">Bang Box 30000 pufa vienreizlietojams vape<\/strong> apvieno <strong data-start=\"1010\" data-end=\"1029\">30K pufa nov\u0113rt\u0113jumu<\/strong> ar <strong data-start=\"1037\" data-end=\"1064\">35 ml e-\u0161\u0137idruma rezervu\u0101rs<\/strong>, t\u0101p\u0113c regul\u0101ri lietot\u0101ji nomaina ier\u012bces daudz ret\u0101k un ieg\u016bst uzticamu vair\u0101kas ned\u0113\u013cas ilgu lieto\u0161anu.<\/p>\n<p data-start=\"1150\" data-end=\"1371\"><strong data-start=\"1150\" data-end=\"1196\">Dubult\u0101 gar\u0161a padara ier\u012bci interesantu.<\/strong> \u0160is <strong data-start=\"1201\" data-end=\"1241\">Bang Box 30K dubult\u0101s gar\u0161as vape pildspalva<\/strong> \u013cauj p\u0101rsl\u0113gties starp diviem profiliem jebkur\u0101 laik\u0101, kas ir svar\u012bgi, ja izmantojat vienu ier\u012bci ilg\u0101ku laiku, nevis ned\u0113\u013cas nogal\u0113.<\/p>\n<p data-start=\"1375\" data-end=\"1581\"><strong data-start=\"1375\" data-end=\"1412\">T\u012bkla spir\u0101les stabilit\u0101ti var sajust.<\/strong> A <strong data-start=\"1415\" data-end=\"1449\">0.8\u03a9 t\u012bkla spir\u0101les vienreizlietojams vape<\/strong> uzst\u0101d\u012bjums nodro\u0161ina vienm\u0113r\u012bgu siltuma sadali, bl\u012bvas m\u0101ko\u0146us un maz\u0101k asus p\u0113d\u0113jos tvertnes pa\u0146\u0113mienus, saglab\u0101jot gar\u0161u konsekventu dzi\u013c\u0101k 35ml padev\u0113.<\/p>\n<p data-start=\"1585\" data-end=\"1798\"><strong data-start=\"1585\" data-end=\"1636\">Type-C uzl\u0101de nov\u0113r\u0161 agr\u012bnu izbeig\u0161anos.<\/strong> T\u0101 <strong data-start=\"1641\" data-end=\"1683\">Bang Box 30000 uzl\u0101d\u0113jams vienreizlietojams<\/strong> izmanto <strong data-start=\"1692\" data-end=\"1734\">850mAh akumulatoru ar Type-C \u0101truzl\u0101di<\/strong>, t\u0101p\u0113c, kad jauda samazin\u0101s, j\u016bs uzl\u0101d\u0113jat un turpin\u0101t \u2014 bez \u0161\u0137idruma iz\u0161\u0137\u0113rd\u0113\u0161anas.<\/p>\n<p data-start=\"1802\" data-end=\"1994\"><strong data-start=\"1802\" data-end=\"1834\">P\u0101rvad\u0101jams ikdienas lieto\u0161anai.<\/strong> At <strong data-start=\"1838\" data-end=\"1846\">129g<\/strong>, tad <strong data-start=\"1852\" data-end=\"1892\">Bang Box 30K zema nikot\u012bna vienreizlietojams<\/strong> \u0113rti turas rok\u0101 vai kabat\u0101, darbojas ikdienas braucienos, ce\u013cojumu dien\u0101s un gar\u0101s mai\u0146\u0101s bez apjoma.<\/p>\n<p>&nbsp;<\/p>\n<p><strong>Pievienojiet Eimijas Whatsapp, lai sa\u0146emtu pareizo atbildi un vape kuponu!<\/strong><\/p>\n<p><img fetchpriority=\"high\" decoding=\"async\" class=\"size-full wp-image-2932\" src=\"https:\/\/vapestornado.com\/wp-content\/uploads\/2024\/12\/Vape-Wholesale.jpg\" alt=\"Veipu Vairumtirdzniec\u012bba\" width=\"229\" height=\"300\" \/><\/p>\n<h3><a href=\"https:\/\/wa.me\/8617776015835\" target=\"_blank\" rel=\"noopener\"><span style=\"color: #ff0000;\"><strong>WhatsApp: +86 17776015835<\/strong><\/span><\/a><\/h3>\n<p>&nbsp;<\/p>\n<h2 class=\"product-title\">Bang Box 30000 divu gar\u0161u tvaic\u0113t\u0101js<strong> Produkta \u012bpa\u0161\u012bbas<\/strong><\/h2>\n<div role=\"article\" data-tabster=\"{&quot;groupper&quot;:{&quot;tabbability&quot;:2},&quot;focusable&quot;:{}}\" data-content=\"ai-message\" aria-labelledby=\"juhNTJ6o7Gk1cgwZMJgv2-author juhNTJ6o7Gk1cgwZMJgv2-content\">\n<div id=\"juhNTJ6o7Gk1cgwZMJgv2-content\">\n<div role=\"article\" data-tabster=\"{&quot;groupper&quot;:{&quot;tabbability&quot;:2},&quot;focusable&quot;:{}}\" data-content=\"ai-message\" aria-labelledby=\"x4EZuCZWrTbh3weWUt7CU-author x4EZuCZWrTbh3weWUt7CU-content\">\n<div id=\"x4EZuCZWrTbh3weWUt7CU-content\">\n<div class=\"flex max-w-full flex-col flex-grow\">\n<div class=\"min-h-8 text-message flex w-full flex-col items-end gap-2 whitespace-normal break-words text-start [.text-message+&amp;]:mt-5\" dir=\"auto\" data-message-author-role=\"assistant\" data-message-id=\"52c6e00a-252f-4104-805d-2f1a84739c71\" data-message-model-slug=\"gpt-4o\">\n<div class=\"flex w-full flex-col gap-1 empty:hidden first:pt-[3px]\">\n<div class=\"markdown prose w-full break-words dark:prose-invert light\">\n<table>\n<thead>\n<tr>\n<th>\u012apa\u0161\u012bba<\/th>\n<th>Spec<\/th>\n<th>Deta\u013cas<\/th>\n<\/tr>\n<\/thead>\n<tbody>\n<tr>\n<td>Produkts Nosaukums<\/td>\n<td>Bang Box 30000 P\u016b\u0161ieni Dubult\u0101 Gar\u0161a<\/td>\n<td>Augstas kapacit\u0101tes uzl\u0101d\u0113jams vienreizlietojams vape pildspalva.<\/td>\n<\/tr>\n<tr>\n<td>Pufiju ietilp\u012bba<\/td>\n<td>L\u012bdz 30 000 p\u016b\u0161\u013ciem<\/td>\n<td>Papla\u0161in\u0101ta kalpo\u0161anas ilgums paredz\u0113ts regul\u0101riem lietot\u0101jiem Latvij\u0101.<\/td>\n<\/tr>\n<tr>\n<td>E-\u0161\u0137idruma tilpums<\/td>\n<td>35ml iepriek\u0161pild\u012bts<\/td>\n<td>Liels rezervu\u0101rs atbalsta ilg\u0101kas sesijas bez papildin\u0101\u0161anas.<\/td>\n<\/tr>\n<tr>\n<td>Spoles veids<\/td>\n<td>0,8\u03a9 t\u012bkla spole<\/td>\n<td>Vienm\u0113r\u012bga siltuma sadale gludai tvaiku ra\u017eo\u0161anai, bag\u0101t\u012bgai gar\u0161ai un stabilai jaudai.<\/td>\n<\/tr>\n<tr>\n<td>Gar\u0161as sist\u0113ma<\/td>\n<td>Dubult\u0101s gar\u0161as sl\u0113dzis<\/td>\n<td>Divas gar\u0161as profili vien\u0101 ier\u012bc\u0113; var main\u012bt jebkur\u0101 laik\u0101.<\/td>\n<\/tr>\n<tr>\n<td>Akumulators<\/td>\n<td>850mAh uzl\u0101d\u0113jams<\/td>\n<td>Uzl\u0101d\u0113jiet, lai pabeigtu visu \u0161\u0137idrumu, nevis agr\u0101k izmest.<\/td>\n<\/tr>\n<tr>\n<td>Uzl\u0101de<\/td>\n<td>Type-C \u0101tr\u0101s uzl\u0101des<\/td>\n<td>\u0100tri papildin\u0101jumi ar moderniem ES standarta kabe\u013ciem.<\/td>\n<\/tr>\n<tr>\n<td>Nikot\u012bna stiprums<\/td>\n<td>0% \/ 2% \/ 5% s\u0101ls nikot\u012bns<\/td>\n<td>Bez nikot\u012bna, ar zemu un stipru opciju da\u017e\u0101d\u0101m ieradumiem.<\/td>\n<\/tr>\n<tr>\n<td>Svars<\/td>\n<td>129g<\/td>\n<td>Viegls 30K klases ier\u012bcei; \u0113rti ikdienas p\u0101rn\u0113s\u0101\u0161anai.<\/td>\n<\/tr>\n<tr>\n<td>Pozicion\u0113\u0161ana<\/td>\n<td>Vairumtirdzniec\u012bbas + mazumtirdzniec\u012bbas bestsellers<\/td>\n<td>Liela piepras\u012bjuma d\u0113\u013c Eiropas Savien\u012bbas lielapjoma kan\u0101los, pateicoties kapacit\u0101tei un dubultajai gar\u0161ai.<\/td>\n<\/tr>\n<\/tbody>\n<\/table>\n<\/div>\n<\/div>\n<\/div>\n<\/div>\n<div class=\"mb-2 flex gap-3 empty:hidden -ml-2\"><\/div>\n<\/div>\n<\/div>\n<\/div>\n<\/div>\n<h2 class=\"product-title\"><strong>Popul\u0101ra gar\u0161a Bang Box 30000 dvesmu vienreiz\u0113j\u0101s lieto\u0161anas tvaikiem<\/strong><\/h2>\n<p>1.Zeme\u0146u kivi\/Arb\u016bzu ledus <strong><span style=\"color: #ff0000;\">&gt;&gt;&gt;&gt; Karsts!<\/span><\/strong><br \/>\n2.Zeme\u0146u kivi\/Zeme\u0146u arb\u016bzs<br \/>\n3.Persiku sula\/Melle\u0146u ledus<br \/>\n4.Melle\u0146u ledus\/Kivi marakujas gvajava<br \/>\n5.Melle\u0146u sk\u0101bo ave\u0146u ledus\/Jauktie aug\u013ci <strong><span style=\"color: #ff0000;\">&gt;&gt;&gt;&gt; Lab\u0101kais!<\/span><\/strong><br \/>\n6.Tr\u012bsk\u0101r\u0161\u0101 oga\/Zeme\u0146u mango<br \/>\n7.Arb\u016bzu ko\u0161\u013c\u0101jam\u0101 gumija\/Zeme\u0146u arb\u016bzs<br \/>\n8.Melle\u0146u ledus\/Arb\u016bzu ledus<br \/>\n9.Zeme\u0146u arb\u016bzs\/Kivi marakujas gvajava<br \/>\n10.Meln\u0101 p\u016b\u0137a ledus\/Mango persiku arb\u016bzs<br \/>\n11.Zil\u0101 Razz ledus\/Dubult\u0101 v\u012bnoga <strong><span style=\"color: #ff0000;\">&gt;&gt;&gt;&gt; Karsts!<\/span><\/strong><br \/>\n12.Zil\u0101 Razz ledus\/Zeme\u0146u mango<\/p>\n<div class=\"flex-shrink-0 flex flex-col relative items-end\">\n<div class=\"pt-0\">\n<div class=\"gizmo-bot-avatar flex h-8 w-8 items-center justify-center overflow-hidden rounded-full\">\n<figure id=\"attachment_3358\" aria-describedby=\"caption-attachment-3358\" style=\"width: 1241px\" class=\"wp-caption alignnone\"><img decoding=\"async\" class=\"wp-image-3358 size-full\" src=\"https:\/\/vapestornado.com\/wp-content\/uploads\/2024\/12\/Bang-Box-30k-Puffs-Factory-Price.jpg\" alt=\"Bang Box 30k Puffs r\u016bpn\u012bcas cena\" width=\"1241\" height=\"2038\" srcset=\"https:\/\/vapestornado.com\/wp-content\/uploads\/2024\/12\/Bang-Box-30k-Puffs-Factory-Price.jpg 1241w, https:\/\/vapestornado.com\/wp-content\/uploads\/2024\/12\/Bang-Box-30k-Puffs-Factory-Price-183x300.jpg 183w, https:\/\/vapestornado.com\/wp-content\/uploads\/2024\/12\/Bang-Box-30k-Puffs-Factory-Price-624x1024.jpg 624w, https:\/\/vapestornado.com\/wp-content\/uploads\/2024\/12\/Bang-Box-30k-Puffs-Factory-Price-768x1261.jpg 768w, https:\/\/vapestornado.com\/wp-content\/uploads\/2024\/12\/Bang-Box-30k-Puffs-Factory-Price-935x1536.jpg 935w, https:\/\/vapestornado.com\/wp-content\/uploads\/2024\/12\/Bang-Box-30k-Puffs-Factory-Price-600x985.jpg 600w\" sizes=\"(max-width: 1241px) 100vw, 1241px\" \/><figcaption id=\"caption-attachment-3358\" class=\"wp-caption-text\">Bang Box 30k Puffs r\u016bpn\u012bcas cena<\/figcaption><\/figure>\n<div class=\"relative p-1 rounded-sm flex items-center justify-center bg-token-main-surface-primary text-token-text-primary h-8 w-8\">\n<h3>BUJ par Bang Box 30000 dvesmu vienreiz\u0113j\u0101s lieto\u0161anas tvaiku<\/h3>\n<ol data-start=\"3057\" data-end=\"4297\">\n<li data-start=\"3057\" data-end=\"3310\">\n<p data-start=\"3060\" data-end=\"3310\"><strong data-start=\"3060\" data-end=\"3166\">K\u0101 Bang Box 30000 P\u016b\u0161ieni dubult\u0101s gar\u0161as vienreizlietojamais vape nodro\u0161ina ilgtermi\u0146a gar\u0161as stabilit\u0101ti?<\/strong><br data-start=\"3166\" data-end=\"3169\" \/>Dubult\u0101s gar\u0161as sist\u0113ma nodro\u0161ina da\u017e\u0101d\u012bbu vair\u0101kas ned\u0113\u013cas, un <strong data-start=\"3234\" data-end=\"3252\">0,8\u03a9 t\u012bkla spole<\/strong> pal\u012bdz saglab\u0101t katras gar\u0161as stabilit\u0101ti, nevis \u0101tri izbal\u0113t.<\/p>\n<\/li>\n<li data-start=\"3312\" data-end=\"3578\">\n<p data-start=\"3315\" data-end=\"3578\"><strong data-start=\"3315\" data-end=\"3418\">Vai Bang Box 30K uzl\u0101d\u0113jams vienreizlietojamais vape patie\u0161\u0101m ilgst gandr\u012bz 30 000 p\u016b\u0161ienu re\u0101laj\u0101 lieto\u0161an\u0101?<\/strong><br data-start=\"3418\" data-end=\"3421\" \/>T\u0101 <strong data-start=\"3425\" data-end=\"3438\">35ml tvertne<\/strong> atbalsta augstu p\u016b\u0161anas skaitu. Faktiskie rezult\u0101ti ir atkar\u012bgi no vilk\u0161anas garuma un gaisa pl\u016bsmas stila, bet \u0161\u0137idruma ietilp\u012bba ir piel\u0101gota nov\u0113rt\u0113jumam.<\/p>\n<\/li>\n<li data-start=\"3580\" data-end=\"3817\">\n<p data-start=\"3583\" data-end=\"3817\"><strong data-start=\"3583\" data-end=\"3670\">K\u0101da ir priek\u0161roc\u012bba 0.8\u03a9 re\u017e\u0123a spol\u0113m Bang Box 30000 vienreizlietojamaj\u0101 vape pildspalv\u0101?<\/strong><br data-start=\"3670\" data-end=\"3673\" \/>Zem\u0101k\u0101s pretest\u012bbas re\u017e\u0123a spol\u0113s silda vienm\u0113r\u012bgi un rada <strong data-start=\"3725\" data-end=\"3768\">bl\u012bv\u0101ku tvaiku ar glud\u0101ku r\u012bkles saj\u016btu<\/strong>, \u012bpa\u0161i paman\u0101mi lieljaudas ier\u012bc\u0113s.<\/p>\n<\/li>\n<li data-start=\"3819\" data-end=\"4055\">\n<p data-start=\"3822\" data-end=\"4055\"><strong data-start=\"3822\" data-end=\"3912\">Vai Bang Box 30000 Type-C uzl\u0101d\u0113jamais vienreizlietojamais vape piln\u012bb\u0101 iztuk\u0161os 35ml tvertni?<\/strong><br data-start=\"3912\" data-end=\"3915\" \/>J\u0101 \u2014 tas <strong data-start=\"3925\" data-end=\"3956\">850mAh uzl\u0101d\u0113jams akumulators<\/strong> ir t\u0101p\u0113c, lai var\u0113tu papildin\u0101t jaudu un izmantot visu \u0161\u0137idrumu, izvairoties no probl\u0113mas \u201cbaterija beidz\u0101s pirmaj\u0101 viet\u0101\u201d.<\/p>\n<\/li>\n<li data-start=\"4057\" data-end=\"4297\">\n<p data-start=\"4060\" data-end=\"4297\"><strong data-start=\"4060\" data-end=\"4158\">K\u0101ds nikot\u012bna l\u012bmenis ir piem\u0113rots da\u017e\u0101diem lietot\u0101jiem Bang Box 30000 zema nikot\u012bna vienreizlietojamaj\u0101 vape?<\/strong><br data-start=\"4158\" data-end=\"4161\" \/><strong data-start=\"4161\" data-end=\"4167\">0%<\/strong> der tikai gar\u0161as lieto\u0161anai, <strong data-start=\"4196\" data-end=\"4202\">2%<\/strong> atbilst viegl\u0101m l\u012bdz m\u0113ren\u0101m ikdienas rut\u012bn\u0101m, un <strong data-start=\"4246\" data-end=\"4252\">5%<\/strong> ir piem\u0113rots smag\u0101kiem lietot\u0101jiem, kuri v\u0113las stipr\u0101ku efektu.<\/p>\n<\/li>\n<\/ol>\n<\/div>\n<\/div>\n<\/div>\n<\/div>\n<div class=\"flex-shrink-0 flex flex-col relative items-end\">\n<div class=\"pt-0\">\n<div class=\"gizmo-bot-avatar flex h-8 w-8 items-center justify-center overflow-hidden rounded-full\">\n<div class=\"relative p-1 rounded-sm flex items-center justify-center bg-token-main-surface-primary text-token-text-primary h-8 w-8\">\n<div class=\"mb-2 flex gap-3 empty:hidden -ml-2\">\n<div role=\"article\" data-tabster=\"{&quot;groupper&quot;:{&quot;tabbability&quot;:2},&quot;focusable&quot;:{}}\" data-content=\"ai-message\" aria-labelledby=\"Vdt5ez4X7Tg813x6rFVha-author Vdt5ez4X7Tg813x6rFVha-content\">\n<div id=\"Vdt5ez4X7Tg813x6rFVha-content\">\n<div role=\"article\" data-tabster=\"{&quot;groupper&quot;:{&quot;tabbability&quot;:2},&quot;focusable&quot;:{}}\" data-content=\"ai-message\" aria-labelledby=\"o968oC7CEo2fGHsGdsRYC-author o968oC7CEo2fGHsGdsRYC-content\">\n<div id=\"o968oC7CEo2fGHsGdsRYC-content\">\n<h3>K\u0101p\u0113c izv\u0113l\u0113ties vapestornado Bang Box 20000 Uzp\u016btienu Vape Vairumtirdzniec\u012bbai?<\/h3>\n<div class=\"flex-shrink-0 flex flex-col relative items-end\">\n<div class=\"pt-0\">\n<div class=\"gizmo-bot-avatar flex h-8 w-8 items-center justify-center overflow-hidden rounded-full\">\n<div class=\"relative p-1 rounded-sm flex items-center justify-center bg-token-main-surface-primary text-token-text-primary h-8 w-8\">\n<p>Laipni l\u016bdzam vapestornado, j\u016bsu uzticamaj\u0101 tie\u0161saistes vape veikal\u0101, kur\u0101 var ieg\u0101d\u0101ties augst\u0101k\u0101s kvalit\u0101tes vienreiz\u0113j\u0101s lieto\u0161anas vapes. Ar vair\u0101k nek\u0101 5 gadu pieredzi m\u0113s pied\u0101v\u0101jam popul\u0101rus vienreiz\u0113j\u0101s lieto\u0161anas vape z\u012bmolus, piem\u0113ram, Fumot RandM Vape, <a href=\"https:\/\/vapestornado.com\/lv\/product\/vapme-crystal-7000-puffs-rechargeable-disposable-vape-wholesale-cheap-price\/\">Vapme<\/a>, Bang Vape, Waspe Vape un WGA Vape, u.c.<\/p>\n<p>M\u016bsu kl\u0101st\u0101 ir iek\u013cauti karstie izp\u0101rdo\u0161anas veipi, piem\u0113ram, <a href=\"https:\/\/vapestornado.com\/lv\/product\/fumot-randm-tornado-15000-puffs-rechargeable-disposable-vape-wholesale\/\">RandM Tornado 15000<\/a>, un bag\u0101t\u012bgas gar\u0161as izv\u0113les, piem\u0113ram, <a href=\"https:\/\/vapestornado.com\/lv\/product\/vapsolo-dg-18000-puffs-smart-screen-wholesale-disposable-cheap-vapes\/\">\u00a0Vapsolo DG18000 Puffs<\/a> . Katrs produkts ir izv\u0113l\u0113ts, koncentr\u0113joties uz kvalit\u0101ti, v\u0113rt\u012bbu un daudzveid\u012bbu, nodro\u0161inot, ka j\u016bs atrad\u012bsiet perfektu atbilst\u012bbu sav\u0101m vajadz\u012bb\u0101m. Atkl\u0101jiet izcilu servisu un pla\u0161u popul\u0101r\u0101ko produktu kl\u0101stu par vairumtirdzniec\u012bbas cen\u0101m vietn\u0113 vapestornado.<\/p>\n<\/div>\n<\/div>\n<\/div>\n<\/div>\n<p>&nbsp;<\/p>\n<\/div>\n<\/div>\n<\/div>\n<\/div>\n<\/div>\n<\/div>\n<\/div>\n<\/div>\n<\/div>","protected":false},"excerpt":{"rendered":"<p>Bang Box 30000 pufa dubult\u0101 gar\u0161as vienreizlietojams vape pildspalva ar 35ml iepriek\u0161pild\u012btu e-\u0161\u0137idrumu, 0.8\u03a9 t\u012bkla spir\u0101li, 850mAh Type-C uzl\u0101d\u0113jamu akumulatoru un 0%\/2%\/5% nikot\u012bna opcij\u0101m. Viegls 129g dizains un dubult\u0101s gar\u0161as p\u0101rsl\u0113g\u0161ana ilgsto\u0161ai, stabilai un augstas v\u0113rt\u012bbas vapingai.<\/p>\n<p><strong>Pievienojiet Eimijas whatsapp, lai sa\u0146emtu pareizu atbildi un iztvaic\u0113t\u0101ja kuponu!<\/strong><\/p>\n<p><img fetchpriority=\"high\" decoding=\"async\" class=\"size-full wp-image-2932\" src=\"https:\/\/vapestornado.com\/wp-content\/uploads\/2024\/12\/Vape-Wholesale.jpg\" alt=\"Veipu Vairumtirdzniec\u012bba\" width=\"229\" height=\"300\" \/><\/p>\n<h3><a href=\"https:\/\/wa.me\/8617776015835\"><span style=\"color: #ff0000;\"><strong>WhatsApp: +86 17776015835<\/strong><\/span><\/a><\/h3>\n<p>&nbsp;<\/p>","protected":false},"featured_media":3362,"comment_status":"open","ping_status":"closed","template":"","meta":{"_acf_changed":false,"_uag_custom_page_level_css":"","_lmt_disableupdate":"no","_lmt_disable":"","_monsterinsights_skip_tracking":false,"_monsterinsights_sitenote_active":false,"_monsterinsights_sitenote_note":"","_monsterinsights_sitenote_category":0,"site-sidebar-layout":"default","site-content-layout":"","ast-site-content-layout":"default","site-content-style":"default","site-sidebar-style":"default","ast-global-header-display":"","ast-banner-title-visibility":"","ast-main-header-display":"","ast-hfb-above-header-display":"","ast-hfb-below-header-display":"","ast-hfb-mobile-header-display":"","site-post-title":"","ast-breadcrumbs-content":"","ast-featured-img":"","footer-sml-layout":"","ast-disable-related-posts":"","theme-transparent-header-meta":"default","adv-header-id-meta":"","stick-header-meta":"","header-above-stick-meta":"","header-main-stick-meta":"","header-below-stick-meta":"","astra-migrate-meta-layouts":"set","ast-page-background-enabled":"default","ast-page-background-meta":{"desktop":{"background-color":"","background-image":"","background-repeat":"repeat","background-position":"center center","background-size":"auto","background-attachment":"scroll","background-type":"","background-media":"","overlay-type":"","overlay-color":"","overlay-opacity":"","overlay-gradient":""},"tablet":{"background-color":"","background-image":"","background-repeat":"repeat","background-position":"center center","background-size":"auto","background-attachment":"scroll","background-type":"","background-media":"","overlay-type":"","overlay-color":"","overlay-opacity":"","overlay-gradient":""},"mobile":{"background-color":"","background-image":"","background-repeat":"repeat","background-position":"center center","background-size":"auto","background-attachment":"scroll","background-type":"","background-media":"","overlay-type":"","overlay-color":"","overlay-opacity":"","overlay-gradient":""}},"ast-content-background-meta":{"desktop":{"background-color":"var(--ast-global-color-5)","background-image":"","background-repeat":"repeat","background-position":"center center","background-size":"auto","background-attachment":"scroll","background-type":"","background-media":"","overlay-type":"","overlay-color":"","overlay-opacity":"","overlay-gradient":""},"tablet":{"background-color":"var(--ast-global-color-5)","background-image":"","background-repeat":"repeat","background-position":"center center","background-size":"auto","background-attachment":"scroll","background-type":"","background-media":"","overlay-type":"","overlay-color":"","overlay-opacity":"","overlay-gradient":""},"mobile":{"background-color":"var(--ast-global-color-5)","background-image":"","background-repeat":"repeat","background-position":"center center","background-size":"auto","background-attachment":"scroll","background-type":"","background-media":"","overlay-type":"","overlay-color":"","overlay-opacity":"","overlay-gradient":""}},"_joinchat":{"telephone":"+8617776015835"}},"product_brand":[],"product_cat":[67,64,154,157,143,357,144],"product_tag":[484,197,196,165,198,199,97,166,94],"class_list":{"0":"post-3365","1":"product","2":"type-product","3":"status-publish","4":"has-post-thumbnail","6":"product_cat-30000-puff","7":"product_cat-bangbox-vape","8":"product_cat-buy-disposable-vapes-in-netherlands","9":"product_cat-buy-disposable-vapes-in-portugal","10":"product_cat-dual-mesh-disposable-vapes","11":"product_cat-flavor-adjustable-vape","12":"product_cat-low-nicotine-disposable-vapes","13":"product_tag-2-in-1-disposable-vape","14":"product_tag-bang-30000","15":"product_tag-bang-vape","16":"product_tag-cheap-vapes","17":"product_tag-double-flavor-disposable-vape","18":"product_tag-dual-flavour-disposable-vape","19":"product_tag-hot-sale-disposable-vape","20":"product_tag-low-nicotine-vape","21":"product_tag-rechargeable-disposable-vape","22":"desktop-align-left","23":"tablet-align-left","24":"mobile-align-left","26":"first","27":"instock","28":"sale","29":"shipping-taxable","30":"purchasable","31":"product-type-simple"},"acf":[],"uagb_featured_image_src":{"full":["https:\/\/vapestornado.com\/wp-content\/uploads\/2024\/12\/Bang-Box-Dispsoable-Vape-30000-Puffs-Wholesale.jpg",1126,1126,false],"thumbnail":["https:\/\/vapestornado.com\/wp-content\/uploads\/2024\/12\/Bang-Box-Dispsoable-Vape-30000-Puffs-Wholesale-150x150.jpg",150,150,true],"medium":["https:\/\/vapestornado.com\/wp-content\/uploads\/2024\/12\/Bang-Box-Dispsoable-Vape-30000-Puffs-Wholesale-300x300.jpg",300,300,true],"medium_large":["https:\/\/vapestornado.com\/wp-content\/uploads\/2024\/12\/Bang-Box-Dispsoable-Vape-30000-Puffs-Wholesale-768x768.jpg",768,768,true],"large":["https:\/\/vapestornado.com\/wp-content\/uploads\/2024\/12\/Bang-Box-Dispsoable-Vape-30000-Puffs-Wholesale-1024x1024.jpg",1024,1024,true],"1536x1536":["https:\/\/vapestornado.com\/wp-content\/uploads\/2024\/12\/Bang-Box-Dispsoable-Vape-30000-Puffs-Wholesale.jpg",1126,1126,false],"2048x2048":["https:\/\/vapestornado.com\/wp-content\/uploads\/2024\/12\/Bang-Box-Dispsoable-Vape-30000-Puffs-Wholesale.jpg",1126,1126,false],"trp-custom-language-flag":["https:\/\/vapestornado.com\/wp-content\/uploads\/2024\/12\/Bang-Box-Dispsoable-Vape-30000-Puffs-Wholesale.jpg",12,12,false],"woocommerce_thumbnail":["https:\/\/vapestornado.com\/wp-content\/uploads\/2024\/12\/Bang-Box-Dispsoable-Vape-30000-Puffs-Wholesale-300x300.jpg",300,300,true],"woocommerce_single":["https:\/\/vapestornado.com\/wp-content\/uploads\/2024\/12\/Bang-Box-Dispsoable-Vape-30000-Puffs-Wholesale-600x600.jpg",600,600,true],"woocommerce_gallery_thumbnail":["https:\/\/vapestornado.com\/wp-content\/uploads\/2024\/12\/Bang-Box-Dispsoable-Vape-30000-Puffs-Wholesale-100x100.jpg",100,100,true]},"uagb_author_info":{"display_name":"ESAMY","author_link":"https:\/\/vapestornado.com\/lv\/author\/"},"uagb_comment_info":1,"uagb_excerpt":"Bang Box 30000 Puffs double flavour disposable vape pen with 35ml pre-filled e-liquid, 0.8\u03a9 mesh coil, 850mAh Type-C rechargeable battery, and 0%\/2%\/5% nicotine options. Lightweight 129g design and dual-flavour switching for long, stable, high-value vaping. Add Amy's whatsapp get right reply and vape coupon! WhatsApp: +86 17776015835 &nbsp;","_links":{"self":[{"href":"https:\/\/vapestornado.com\/lv\/wp-json\/wp\/v2\/product\/3365","targetHints":{"allow":["GET"]}}],"collection":[{"href":"https:\/\/vapestornado.com\/lv\/wp-json\/wp\/v2\/product"}],"about":[{"href":"https:\/\/vapestornado.com\/lv\/wp-json\/wp\/v2\/types\/product"}],"replies":[{"embeddable":true,"href":"https:\/\/vapestornado.com\/lv\/wp-json\/wp\/v2\/comments?post=3365"}],"wp:featuredmedia":[{"embeddable":true,"href":"https:\/\/vapestornado.com\/lv\/wp-json\/wp\/v2\/media\/3362"}],"wp:attachment":[{"href":"https:\/\/vapestornado.com\/lv\/wp-json\/wp\/v2\/media?parent=3365"}],"wp:term":[{"taxonomy":"product_brand","embeddable":true,"href":"https:\/\/vapestornado.com\/lv\/wp-json\/wp\/v2\/product_brand?post=3365"},{"taxonomy":"product_cat","embeddable":true,"href":"https:\/\/vapestornado.com\/lv\/wp-json\/wp\/v2\/product_cat?post=3365"},{"taxonomy":"product_tag","embeddable":true,"href":"https:\/\/vapestornado.com\/lv\/wp-json\/wp\/v2\/product_tag?post=3365"}],"curies":[{"name":"wp","href":"https:\/\/api.w.org\/{rel}","templated":true}]}}